{"id":11308,"date":"2025-07-12T02:41:39","date_gmt":"2025-07-12T02:41:39","guid":{"rendered":"https:\/\/moyahousehold.com\/?post_type=product&#038;p=11308"},"modified":"2025-07-12T02:49:25","modified_gmt":"2025-07-12T02:49:25","slug":"new-release-glass-inne-insulated-carafe-enhanced-insulation-leakproof-design","status":"publish","type":"product","link":"https:\/\/moyahousehold.com\/fr\/produit\/new-release-glass-inne-insulated-carafe-enhanced-insulation-leakproof-design\/","title":{"rendered":"Nouvelle carafe isolante en verre Inne - Isolation renforc\u00e9e et conception \u00e9tanche"},"content":{"rendered":"<h3 class=\"wp-block-heading\">Param\u00e8tres de la carafe \u00e0 caf\u00e9 isol\u00e9e sous vide<\/h3>\n\n\n\n<figure class=\"wp-block-table\"><table><tbody><tr><td>Capacit\u00e9<\/td><td>Mat\u00e9riau<\/td><td>Taille du produit<\/td><td>Taille de la bo\u00eete ext\u00e9rieure<\/td><td>Quantit\u00e9 par caisse<\/td><td>Couleur<\/td><\/tr><tr><td>0.6L<\/td><td rowspan=\"2\">Bois, PP, Borosilicate, Inox<br>Acier, Silicone<\/td><td>17.5*12*29.9cm<\/td><td>\/<\/td><td>12<\/td><td>Noir,Blanc cass\u00e9,Acier<\/td><\/tr><tr><td>1.0L<\/td><td>19*12.9*33.9cm<\/td><td>\/<\/td><td>12<\/td><td>Noir,Blanc cass\u00e9,Acier<\/td><\/tr><\/tbody><\/table><\/figure>\n\n\n\n<h3 class=\"wp-block-heading\">Options de carafe \u00e0 caf\u00e9 personnalis\u00e9e<\/h3>\n\n\n\n<p><strong>Couvercles : <\/strong>Couvercle \u00e0 pression en PP<br><strong>Logo :<\/strong> personnaliser le logo de votre marque sur le produit et l'emballage.<br><strong>Options de logo :<\/strong> logo imprim\u00e9, logo grav\u00e9 au laser, etc.<br><strong>Mod\u00e8le : <\/strong>impression de motifs sur des bouteilles thermos.<br><strong>Technologie d'impression : <\/strong>impression par transfert d'eau, impression par s\u00e9rigraphie, impression par transfert de chaleur, transfert par sublimation, etc.<br><strong>Emballage :<\/strong> bo\u00eete \u00e0 couleurs<br><a href=\"https:\/\/moyahousehold.com\/fr\/solution-personnalisee\/\"><strong>D\u00e9couvrez d'autres solutions de carafes \u00e0 caf\u00e9 personnalis\u00e9es.<\/strong><\/a><\/p>\n\n\n\n<div class=\"wp-block-columns is-layout-flex wp-container-core-columns-is-layout-9d6595d7 wp-block-columns-is-layout-flex\">\n<div class=\"wp-block-column is-layout-flow wp-block-column-is-layout-flow\">\n<figure class=\"wp-block-image size-full\"><img fetchpriority=\"high\" decoding=\"async\" width=\"4158\" height=\"4158\" src=\"https:\/\/moyahousehold.com\/wp-content\/uploads\/2025\/07\/Spire-insulated-kettle-14.webp\" alt=\"Bouilloire isol\u00e9e Spire \" class=\"wp-image-11295\" srcset=\"https:\/\/moyahousehold.com\/wp-content\/uploads\/2025\/07\/Spire-insulated-kettle-14.webp 4158w, https:\/\/moyahousehold.com\/wp-content\/uploads\/2025\/07\/Spire-insulated-kettle-14-300x300.webp 300w, https:\/\/moyahousehold.com\/wp-content\/uploads\/2025\/07\/Spire-insulated-kettle-14-150x150.webp 150w, https:\/\/moyahousehold.com\/wp-content\/uploads\/2025\/07\/Spire-insulated-kettle-14-768x768.webp 768w, https:\/\/moyahousehold.com\/wp-content\/uploads\/2025\/07\/Spire-insulated-kettle-14-12x12.webp 12w, https:\/\/moyahousehold.com\/wp-content\/uploads\/2025\/07\/Spire-insulated-kettle-14-285x285.webp 285w, https:\/\/moyahousehold.com\/wp-content\/uploads\/2025\/07\/Spire-insulated-kettle-14-1600x1600.webp 1600w, https:\/\/moyahousehold.com\/wp-content\/uploads\/2025\/07\/Spire-insulated-kettle-14-270x270.webp 270w, https:\/\/moyahousehold.com\/wp-content\/uploads\/2025\/07\/Spire-insulated-kettle-14-540x540.webp 540w, https:\/\/moyahousehold.com\/wp-content\/uploads\/2025\/07\/Spire-insulated-kettle-14-660x660.webp 660w\" sizes=\"(max-width: 4158px) 100vw, 4158px\" \/><\/figure>\n<\/div>\n\n\n\n<div class=\"wp-block-column is-layout-flow wp-block-column-is-layout-flow\">\n<figure class=\"wp-block-image size-full\"><img decoding=\"async\" width=\"4077\" height=\"4077\" src=\"https:\/\/moyahousehold.com\/wp-content\/uploads\/2025\/07\/Spire-insulated-kettle-1.webp\" alt=\"Bouilloire isol\u00e9e Spire \" class=\"wp-image-11282\" srcset=\"https:\/\/moyahousehold.com\/wp-content\/uploads\/2025\/07\/Spire-insulated-kettle-1.webp 4077w, https:\/\/moyahousehold.com\/wp-content\/uploads\/2025\/07\/Spire-insulated-kettle-1-300x300.webp 300w, https:\/\/moyahousehold.com\/wp-content\/uploads\/2025\/07\/Spire-insulated-kettle-1-150x150.webp 150w, https:\/\/moyahousehold.com\/wp-content\/uploads\/2025\/07\/Spire-insulated-kettle-1-768x768.webp 768w, https:\/\/moyahousehold.com\/wp-content\/uploads\/2025\/07\/Spire-insulated-kettle-1-12x12.webp 12w, https:\/\/moyahousehold.com\/wp-content\/uploads\/2025\/07\/Spire-insulated-kettle-1-285x285.webp 285w, https:\/\/moyahousehold.com\/wp-content\/uploads\/2025\/07\/Spire-insulated-kettle-1-1600x1600.webp 1600w, https:\/\/moyahousehold.com\/wp-content\/uploads\/2025\/07\/Spire-insulated-kettle-1-270x270.webp 270w, https:\/\/moyahousehold.com\/wp-content\/uploads\/2025\/07\/Spire-insulated-kettle-1-540x540.webp 540w, https:\/\/moyahousehold.com\/wp-content\/uploads\/2025\/07\/Spire-insulated-kettle-1-660x660.webp 660w\" sizes=\"(max-width: 4077px) 100vw, 4077px\" \/><\/figure>\n<\/div>\n<\/div>\n\n\n\n<p><\/p>","protected":false},"excerpt":{"rendered":"<div class=\"inter-jQQQ8P\">\n<div class=\"container-PrUkKo\">\n<div class=\"item-hGGxLi\">\n<div class=\"container-arOxqB chrome70-container\">\n<div class=\"inner-FyM8gE inner-item-swzCut\" data-target-id=\"message-box-target-id\" data-testid=\"union_message\">\n<div class=\"message-block-container-aFugD6\" data-testid=\"message-block-container\">\n<div class=\"flex flex-row w-full w-full max-w-full s-font-base text-s-color-text-secondary p-0 rounded-s-radius-s bg-transparent group data-[attr=select-mode]:-mt-10 data-[attr=select-mode]:py-10 data-[attr=select-mode]:px-16 data-[attr=select-mode]:sm:p-10 data-[attr=select-mode]:hover:bg-s-color-bg-base data-[attr=select-mode]:hover:rounded-s-radius-xs data-[attr=select-mode]:has-[:checked]:bg-s-color-bg-trans data-[attr=select-mode]:has-[:checked]:rounded-s-radius-xs data-[attr=select-mode]:pointer-events-none\" data-testid=\"receive_message\">\n<div class=\"flex flex-col flex-grow max-w-full min-w-0\">\n<div class=\"flex flex-row w-full\" data-testid=\"message_content\" data-message-id=\"11906409299183362\">\n<div class=\"w-full\" data-plugin-identifier=\"Symbol(receive-write-text-content)\">\n<div class=\"container-ZYIsnH flow-markdown-body theme-samantha-Nbr9UN\" dir=\"ltr\" data-testid=\"message_text_content\" data-show-indicator=\"false\">\n<h1 class=\"header-vfC6AV auto-hide-last-sibling-br\">Nouvelle version : Carafe \u00e0 caf\u00e9 isotherme avec rev\u00eatement en verre<\/h1>\n<div class=\"auto-hide-last-sibling-br paragraph-JOTKXA paragraph-element br-paragraph-space\">Cette nouvelle carafe \u00e0 caf\u00e9 isotherme offre une r\u00e9tention exceptionnelle de la chaleur, associ\u00e9e \u00e0 un syst\u00e8me de distribution pratique \u00e0 un seul bouton pour une utilisation sans effort. Son allure \u00e9l\u00e9gante et minimaliste en fait un produit id\u00e9al pour la maison et le bureau. Nous proposons des services de vente en gros pour cette nouvelle carafe isotherme doubl\u00e9e de verre, ainsi que des solutions de personnalisation flexibles - n'h\u00e9sitez pas \u00e0 nous contacter \u00e0 tout moment.<\/div>\n<h2 class=\"header-vfC6AV auto-hide-last-sibling-br\">Caract\u00e9ristiques de la nouvelle carafe \u00e0 caf\u00e9 isotherme avec rev\u00eatement en verre<\/h2>\n<ul class=\"auto-hide-last-sibling-br\">\n<li>\n<div class=\"auto-hide-last-sibling-br paragraph-JOTKXA paragraph-element br-paragraph-space\"><strong>Design \u00e9pur\u00e9 et intemporel<\/strong>: Fabriqu\u00e9e avec une esth\u00e9tique minimaliste et disponible en noir et beige classiques, cette nouvelle carafe s'int\u00e8gre parfaitement \u00e0 la maison, au bureau ou dans les espaces commerciaux, en ajoutant une touche d'\u00e9l\u00e9gance discr\u00e8te.<\/div>\n<\/li>\n<li>\n<div class=\"auto-hide-last-sibling-br paragraph-JOTKXA paragraph-element br-paragraph-space\"><strong>Premium Glass Liner<\/strong>: Le rev\u00eatement int\u00e9rieur en verre de haute qualit\u00e9 assure la durabilit\u00e9 tout en pr\u00e9servant le go\u00fbt pur de l'eau, du caf\u00e9 et d'autres boissons, sans odeurs ou r\u00e9sidus ind\u00e9sirables, garantissant ainsi une exp\u00e9rience de consommation s\u00fbre.<\/div>\n<\/li>\n<li>\n<div class=\"auto-hide-last-sibling-br paragraph-JOTKXA paragraph-element br-paragraph-space\"><strong>Fonctionnement par pression d'un seul bouton<\/strong>: \u00c9quip\u00e9e d'un m\u00e9canisme innovant \u00e0 touche unique, elle \u00e9limine les inconv\u00e9nients des carafes thermiques traditionnelles et permet de verser l'eau rapidement et facilement, m\u00eame d'une seule main.<\/div>\n<\/li>\n<li>\n<div class=\"auto-hide-last-sibling-br paragraph-JOTKXA paragraph-element br-paragraph-space\"><strong>R\u00e9tention durable de la temp\u00e9rature<\/strong>: Gr\u00e2ce \u00e0 la technologie avanc\u00e9e d'isolation sous vide, cette nouvelle carafe garde les liquides chauds pendant de longues p\u00e9riodes, garantissant que le caf\u00e9, le th\u00e9 et les autres boissons chaudes restent \u00e0 leur temp\u00e9rature optimale de d\u00e9gustation.<\/div>\n<\/li>\n<li>\n<div class=\"auto-hide-last-sibling-br paragraph-JOTKXA paragraph-element br-paragraph-space\"><strong>Prix de gros comp\u00e9titifs<\/strong>: Les fabricants de Moya proposent des tarifs de gros tr\u00e8s comp\u00e9titifs pour cette nouvelle version, destin\u00e9e aux d\u00e9taillants, aux distributeurs et aux acheteurs en gros dans le secteur de la restauration.<\/div>\n<\/li>\n<li>\n<div class=\"auto-hide-last-sibling-br paragraph-JOTKXA paragraph-element br-paragraph-space\"><strong>Personnalisation OEM et ODM<\/strong>: Nos services OEM et ODM vous permettent d'adapter la nouvelle carafe \u00e0 vos besoins : personnalisez son aspect, sa capacit\u00e9 ou ajoutez le logo de votre marque pour cr\u00e9er un produit unique, pr\u00eat \u00e0 \u00eatre commercialis\u00e9.<\/div>\n<\/li>\n<\/ul>\n<\/div>\n<\/div>\n<\/div>\n<div class=\"answer-action-bar-pgm2JD answer-action-bar flex flex-col justify-end\" data-testid=\"message_action_bar\">\n<div class=\"container-rxM4SW flex flex-row items-start w-full self-center\" data-message-action-bar=\"1\">\n<div class=\"left-Y7jNAM\">\u00a0<\/div>\n<\/div>\n<\/div>\n<\/div>\n<\/div>\n<\/div>\n<\/div>\n<\/div>\n<\/div>\n<\/div>\n<\/div>","protected":false},"featured_media":11287,"comment_status":"open","ping_status":"closed","template":"","meta":[],"product_cat":[54],"product_tag":[66,78,85],"class_list":{"0":"post-11308","1":"product","2":"type-product","3":"status-publish","4":"has-post-thumbnail","6":"product_cat-thermal-carafe-wholesale","7":"product_tag-wholesale-1000ml-thermos-carafe","8":"product_tag-wholesale-1500ml-thermos-carafe","9":"product_tag-wholesale-stainless-steel-liner-thermos-carafe","11":"first","12":"instock","13":"shipping-taxable","14":"product-type-simple"},"_links":{"self":[{"href":"https:\/\/moyahousehold.com\/fr\/wp-json\/wp\/v2\/product\/11308","targetHints":{"allow":["GET"]}}],"collection":[{"href":"https:\/\/moyahousehold.com\/fr\/wp-json\/wp\/v2\/product"}],"about":[{"href":"https:\/\/moyahousehold.com\/fr\/wp-json\/wp\/v2\/types\/product"}],"replies":[{"embeddable":true,"href":"https:\/\/moyahousehold.com\/fr\/wp-json\/wp\/v2\/comments?post=11308"}],"version-history":[{"count":0,"href":"https:\/\/moyahousehold.com\/fr\/wp-json\/wp\/v2\/product\/11308\/revisions"}],"wp:featuredmedia":[{"embeddable":true,"href":"https:\/\/moyahousehold.com\/fr\/wp-json\/wp\/v2\/media\/11287"}],"wp:attachment":[{"href":"https:\/\/moyahousehold.com\/fr\/wp-json\/wp\/v2\/media?parent=11308"}],"wp:term":[{"taxonomy":"product_cat","embeddable":true,"href":"https:\/\/moyahousehold.com\/fr\/wp-json\/wp\/v2\/product_cat?post=11308"},{"taxonomy":"product_tag","embeddable":true,"href":"https:\/\/moyahousehold.com\/fr\/wp-json\/wp\/v2\/product_tag?post=11308"}],"curies":[{"name":"wp","href":"https:\/\/api.w.org\/{rel}","templated":true}]}}