{"id":11318,"date":"2025-07-12T02:52:48","date_gmt":"2025-07-12T02:52:48","guid":{"rendered":"https:\/\/moyahousehold.com\/?post_type=product&#038;p=11318"},"modified":"2025-07-12T07:23:48","modified_gmt":"2025-07-12T07:23:48","slug":"wholesale-insulated-water-dispenser-2000ml-vacuum-thermal-insulation-for-home-office-use","status":"publish","type":"product","link":"https:\/\/moyahousehold.com\/fr\/produit\/wholesale-insulated-water-dispenser-2000ml-vacuum-thermal-insulation-for-home-office-use\/","title":{"rendered":"Distributeur d'eau isol\u00e9e en gros 2000ML : Isolation thermique sous vide pour la maison et le bureau"},"content":{"rendered":"<div class=\"wp-block-columns is-layout-flex wp-container-core-columns-is-layout-9d6595d7 wp-block-columns-is-layout-flex\">\n<div class=\"wp-block-column is-layout-flow wp-block-column-is-layout-flow\">\n<h3 class=\"wp-block-heading\">Param\u00e8tres du distributeur d'eau isol\u00e9e<\/h3>\n\n\n\n<p><strong>Num\u00e9ro de mod\u00e8le<\/strong>:MY0014<br><strong>Mat\u00e9riau<\/strong>Acier inoxydable 304 + PP + Borosilicate + gel de silice<br><strong>Dimension :<\/strong>230x176x324mm<br><strong>Couleur<\/strong>:noir\/beige\/acier<br><strong>Sans BPA<\/strong><\/p>\n\n\n\n<h3 class=\"wp-block-heading\">Options de thermos personnalis\u00e9s<\/h3>\n\n\n\n<p><strong>Logo<\/strong>: personnalisation du logo de votre marque sur le produit et l'emballage.<br><strong>Options du logo<\/strong>logo imprim\u00e9, logo grav\u00e9 au laser, etc.<br><strong>Mod\u00e8le<\/strong>: motifs d'impression.<br><strong>Technologie d'impression<\/strong>Les techniques d'impression sont les suivantes : impression par transfert d'eau, impression par s\u00e9rigraphie, impression par transfert de chaleur, transfert par sublimation, etc.<br><strong>Emballage :<\/strong> bo\u00eete \u00e0 couleurs<br><a href=\"https:\/\/moyahousehold.com\/fr\/solution-personnalisee\/\" target=\"_blank\" rel=\"noreferrer noopener\"><strong>En savoir plus sur les solutions thermos personnalis\u00e9es<\/strong><\/a><\/p>\n<\/div>\n<\/div>\n\n\n\n<div class=\"wp-block-columns is-layout-flex wp-container-core-columns-is-layout-9d6595d7 wp-block-columns-is-layout-flex\">\n<div class=\"wp-block-column is-layout-flow wp-block-column-is-layout-flow\">\n<figure class=\"wp-block-image size-full\"><img fetchpriority=\"high\" decoding=\"async\" width=\"3842\" height=\"3842\" src=\"https:\/\/moyahousehold.com\/wp-content\/uploads\/2025\/07\/Simple-pneumatic-thermos-flask-3.webp\" alt=\"Bouteille thermos pneumatique simple\" class=\"wp-image-11330\" srcset=\"https:\/\/moyahousehold.com\/wp-content\/uploads\/2025\/07\/Simple-pneumatic-thermos-flask-3.webp 3842w, https:\/\/moyahousehold.com\/wp-content\/uploads\/2025\/07\/Simple-pneumatic-thermos-flask-3-300x300.webp 300w, https:\/\/moyahousehold.com\/wp-content\/uploads\/2025\/07\/Simple-pneumatic-thermos-flask-3-150x150.webp 150w, https:\/\/moyahousehold.com\/wp-content\/uploads\/2025\/07\/Simple-pneumatic-thermos-flask-3-768x768.webp 768w, https:\/\/moyahousehold.com\/wp-content\/uploads\/2025\/07\/Simple-pneumatic-thermos-flask-3-12x12.webp 12w, https:\/\/moyahousehold.com\/wp-content\/uploads\/2025\/07\/Simple-pneumatic-thermos-flask-3-285x285.webp 285w, https:\/\/moyahousehold.com\/wp-content\/uploads\/2025\/07\/Simple-pneumatic-thermos-flask-3-1600x1600.webp 1600w, https:\/\/moyahousehold.com\/wp-content\/uploads\/2025\/07\/Simple-pneumatic-thermos-flask-3-270x270.webp 270w, https:\/\/moyahousehold.com\/wp-content\/uploads\/2025\/07\/Simple-pneumatic-thermos-flask-3-540x540.webp 540w, https:\/\/moyahousehold.com\/wp-content\/uploads\/2025\/07\/Simple-pneumatic-thermos-flask-3-660x660.webp 660w\" sizes=\"(max-width: 3842px) 100vw, 3842px\" \/><\/figure>\n<\/div>\n\n\n\n<div class=\"wp-block-column is-layout-flow wp-block-column-is-layout-flow\">\n<figure class=\"wp-block-image size-full\"><img decoding=\"async\" width=\"3633\" height=\"3633\" src=\"https:\/\/moyahousehold.com\/wp-content\/uploads\/2025\/07\/Simple-pneumatic-thermos-flask-2.webp\" alt=\"Bouteille thermos pneumatique simple\" class=\"wp-image-11329\" srcset=\"https:\/\/moyahousehold.com\/wp-content\/uploads\/2025\/07\/Simple-pneumatic-thermos-flask-2.webp 3633w, https:\/\/moyahousehold.com\/wp-content\/uploads\/2025\/07\/Simple-pneumatic-thermos-flask-2-300x300.webp 300w, https:\/\/moyahousehold.com\/wp-content\/uploads\/2025\/07\/Simple-pneumatic-thermos-flask-2-150x150.webp 150w, https:\/\/moyahousehold.com\/wp-content\/uploads\/2025\/07\/Simple-pneumatic-thermos-flask-2-768x768.webp 768w, https:\/\/moyahousehold.com\/wp-content\/uploads\/2025\/07\/Simple-pneumatic-thermos-flask-2-12x12.webp 12w, https:\/\/moyahousehold.com\/wp-content\/uploads\/2025\/07\/Simple-pneumatic-thermos-flask-2-285x285.webp 285w, https:\/\/moyahousehold.com\/wp-content\/uploads\/2025\/07\/Simple-pneumatic-thermos-flask-2-1600x1600.webp 1600w, https:\/\/moyahousehold.com\/wp-content\/uploads\/2025\/07\/Simple-pneumatic-thermos-flask-2-270x270.webp 270w, https:\/\/moyahousehold.com\/wp-content\/uploads\/2025\/07\/Simple-pneumatic-thermos-flask-2-540x540.webp 540w, https:\/\/moyahousehold.com\/wp-content\/uploads\/2025\/07\/Simple-pneumatic-thermos-flask-2-660x660.webp 660w\" sizes=\"(max-width: 3633px) 100vw, 3633px\" \/><\/figure>\n<\/div>\n<\/div>\n\n\n\n<p><\/p>","protected":false},"excerpt":{"rendered":"<div class=\"ace-line heading-h1\" dir=\"auto\" data-node=\"true\"><span data-leaf=\"true\"><span class=\"lb\">Nouvelle version : Marmite \u00e0 pression isol\u00e9e 2500ml avec rev\u00eatement en verre<\/span><\/span><span data-string=\"true\" data-enter=\"true\" data-leaf=\"true\">\u200b<\/span><\/div>\n<div class=\"ace-line\" dir=\"auto\" data-node=\"true\"><span data-leaf=\"true\"><span class=\"lb\">Cette nouvelle bouilloire \u00e0 pression isol\u00e9e de 2 500 ml, dot\u00e9e d'un rev\u00eatement en verre, permet de conserver la temp\u00e9rature interne des boissons pendant de longues p\u00e9riodes. Con\u00e7ue pour \u00eatre l\u00e9g\u00e8re et dot\u00e9e d'une poign\u00e9e confortable, elle offre une portabilit\u00e9 exceptionnelle. Id\u00e9ale pour servir plusieurs personnes, elle est parfaite pour les r\u00e9unions de famille, les bureaux ou les aventures en plein air.<\/span><\/span><span data-string=\"true\" data-enter=\"true\" data-leaf=\"true\">\u200b<\/span><\/div>\n<div class=\"ace-line heading-h2\" dir=\"auto\" data-node=\"true\"><span data-leaf=\"true\"><span class=\"lb\">Caract\u00e9ristiques de la marmite \u00e0 pression isol\u00e9e 2500ML avec rev\u00eatement en verre<\/span><\/span><span data-string=\"true\" data-enter=\"true\" data-leaf=\"true\">\u200b<\/span><\/div>\n<div class=\"ace-line list-div\" dir=\"auto\" data-node=\"true\">\n<ul class=\"list-bullet1 r-list r-list-bullet\">\n<li><span data-leaf=\"true\"><span class=\"lb\">Fonctionnement sans effort<\/span><\/span><span data-leaf=\"true\"><span class=\"lb\">: Gr\u00e2ce \u00e0 la conception bas\u00e9e sur la pression, une simple pression sur un bouton d\u00e9clenche la distribution automatique d'eau ou de boissons, ce qui rend le versement incroyablement rapide et pratique.<\/span><\/span><span data-string=\"true\" data-enter=\"true\" data-leaf=\"true\">\u200b<\/span><\/li>\n<\/ul>\n<\/div>\n<div class=\"ace-line list-div\" dir=\"auto\" data-node=\"true\">\n<ul class=\"list-bullet1 r-list r-list-bullet\">\n<li><span data-leaf=\"true\"><span class=\"lb\">Des performances d'isolation exceptionnelles<\/span><\/span><span data-leaf=\"true\"><span class=\"lb\">: Gr\u00e2ce \u00e0 la technologie d'isolation sous vide \u00e0 double couche, cette bouilloire maintient efficacement la temp\u00e9rature id\u00e9ale des boissons chaudes et froides, pour que chaque gorg\u00e9e soit agr\u00e9able.<\/span><\/span><span data-string=\"true\" data-enter=\"true\" data-leaf=\"true\">\u200b<\/span><\/li>\n<\/ul>\n<\/div>\n<div class=\"ace-line list-div\" dir=\"auto\" data-node=\"true\">\n<ul class=\"list-bullet1 r-list r-list-bullet\">\n<li><span data-leaf=\"true\"><span class=\"lb\">Capacit\u00e9 g\u00e9n\u00e9reuse<\/span><\/span><span data-leaf=\"true\"><span class=\"lb\">: D'une capacit\u00e9 de 2,5 litres, il r\u00e9pond aux besoins de consommation r\u00e9guli\u00e8re lors des f\u00eates et des rassemblements, vous \u00e9pargnant ainsi le tracas des remplissages fr\u00e9quents.<\/span><\/span><span data-string=\"true\" data-enter=\"true\" data-leaf=\"true\">\u200b<\/span><\/li>\n<\/ul>\n<\/div>\n<div class=\"ace-line list-div\" dir=\"auto\" data-node=\"true\">\n<ul class=\"list-bullet1 r-list r-list-bullet\">\n<li><span data-leaf=\"true\"><span class=\"lb\">Tr\u00e8s portable<\/span><\/span><span data-leaf=\"true\"><span class=\"lb\">: Son poids l\u00e9ger, sa forme compacte et sa facilit\u00e9 de transport en font un excellent choix pour les activit\u00e9s de plein air, les voyages ou le camping.<\/span><\/span><span data-string=\"true\" data-enter=\"true\" data-leaf=\"true\">\u200b<\/span><\/li>\n<\/ul>\n<\/div>\n<div class=\"ace-line list-div\" dir=\"auto\" data-node=\"true\">\n<ul class=\"list-bullet1 r-list r-list-bullet\">\n<li><span data-leaf=\"true\"><span class=\"lb\">Facile \u00e0 nettoyer<\/span><\/span><span data-leaf=\"true\"><span class=\"lb\">: La bouilloire peut \u00eatre facilement d\u00e9mont\u00e9e, ce qui permet aux utilisateurs d'en nettoyer les moindres recoins en toute simplicit\u00e9 pendant l'utilisation.<\/span><\/span><span data-string=\"true\" data-enter=\"true\" data-leaf=\"true\">\u200b<\/span><\/li>\n<\/ul>\n<\/div>\n<div class=\"ace-line list-div\" dir=\"auto\" data-node=\"true\">\n<ul class=\"list-bullet1 r-list r-list-bullet\">\n<li><span data-leaf=\"true\"><span class=\"lb\">Conception \u00e9cologique<\/span><\/span><span data-leaf=\"true\"><span class=\"lb\">: Au-del\u00e0 de l'aspect pratique, sa conception respecte les principes de l'\u00e9cologie. R\u00e9utilisable \u00e0 l'infini, cette bouilloire isol\u00e9e \u00e0 pression permet de r\u00e9duire la consommation de bouteilles en plastique jetables, contribuant ainsi \u00e0 un mode de vie plus vert.<\/span><\/span><span data-string=\"true\" data-enter=\"true\" data-leaf=\"true\">\u200b<\/span><\/li>\n<\/ul>\n<\/div>","protected":false},"featured_media":11332,"comment_status":"closed","ping_status":"closed","template":"","meta":[],"product_cat":[54],"product_tag":[85],"class_list":{"0":"post-11318","1":"product","2":"type-product","3":"status-publish","4":"has-post-thumbnail","6":"product_cat-thermal-carafe-wholesale","7":"product_tag-wholesale-stainless-steel-liner-thermos-carafe","9":"first","10":"instock","11":"shipping-taxable","12":"product-type-simple"},"_links":{"self":[{"href":"https:\/\/moyahousehold.com\/fr\/wp-json\/wp\/v2\/product\/11318","targetHints":{"allow":["GET"]}}],"collection":[{"href":"https:\/\/moyahousehold.com\/fr\/wp-json\/wp\/v2\/product"}],"about":[{"href":"https:\/\/moyahousehold.com\/fr\/wp-json\/wp\/v2\/types\/product"}],"replies":[{"embeddable":true,"href":"https:\/\/moyahousehold.com\/fr\/wp-json\/wp\/v2\/comments?post=11318"}],"version-history":[{"count":0,"href":"https:\/\/moyahousehold.com\/fr\/wp-json\/wp\/v2\/product\/11318\/revisions"}],"wp:featuredmedia":[{"embeddable":true,"href":"https:\/\/moyahousehold.com\/fr\/wp-json\/wp\/v2\/media\/11332"}],"wp:attachment":[{"href":"https:\/\/moyahousehold.com\/fr\/wp-json\/wp\/v2\/media?parent=11318"}],"wp:term":[{"taxonomy":"product_cat","embeddable":true,"href":"https:\/\/moyahousehold.com\/fr\/wp-json\/wp\/v2\/product_cat?post=11318"},{"taxonomy":"product_tag","embeddable":true,"href":"https:\/\/moyahousehold.com\/fr\/wp-json\/wp\/v2\/product_tag?post=11318"}],"curies":[{"name":"wp","href":"https:\/\/api.w.org\/{rel}","templated":true}]}}