{"id":11365,"date":"2025-07-13T07:06:59","date_gmt":"2025-07-13T07:06:59","guid":{"rendered":"https:\/\/moyahousehold.com\/?post_type=product&#038;p=11365"},"modified":"2025-07-13T07:48:29","modified_gmt":"2025-07-13T07:48:29","slug":"stainless-steel-striped-bottom-food-container-leakproof-fresh-keeping-box","status":"publish","type":"product","link":"https:\/\/moyahousehold.com\/fr\/produit\/stainless-steel-striped-bottom-food-container-leakproof-fresh-keeping-box\/","title":{"rendered":"Bo\u00eete \u00e0 aliments en acier inoxydable \u00e0 fond ray\u00e9 Bo\u00eete de conservation \u00e9tanche"},"content":{"rendered":"<p><strong>mat\u00e9riel :<\/strong> 304 + PE<\/p>\n\n\n\n<p><strong>couleur :<\/strong> Acier<\/p>\n\n\n\n<figure class=\"wp-block-table\"><table class=\"has-fixed-layout\"><tbody><tr><td>Objet<\/td><td>Mat\u00e9riau<\/td><td>Capacit\u00e9<\/td><td>Taille\/PCS<\/td><td>PCS\/Case<\/td><td>N.W.\/PCS<\/td><td>G.W.\/Cas<\/td><\/tr><tr><td>MYZT001<\/td><td rowspan=\"6\">Couvercle 304+PE<br>+Silicone<\/td><td>700ml<\/td><td>16.1*11.9*4.4<\/td><td>84<\/td><td>0.19<\/td><td>18.0&nbsp;<\/td><\/tr><tr><td>MYZT002<\/td><td>1100ml<\/td><td>19.6*14.9*4.8<\/td><td>56<\/td><td>0.27<\/td><td>17.1&nbsp;<\/td><\/tr><tr><td>MYZT003<\/td><td>1700ml<\/td><td>23.7*18.2*5.4<\/td><td>42<\/td><td>0.4<\/td><td>18.8&nbsp;<\/td><\/tr><tr><td>MYZT004<\/td><td>1000ml<\/td><td>16.1*11.9*6.6<\/td><td>72<\/td><td>0.3<\/td><td>23.6&nbsp;<\/td><\/tr><tr><td>MYZT005<\/td><td>1800ml<\/td><td>19.6*14.9*7.8<\/td><td>48<\/td><td>0.35<\/td><td>18.8&nbsp;<\/td><\/tr><tr><td>MYZT006<\/td><td>3000ml<\/td><td>23.7*18.2*8.8<\/td><td>36<\/td><td>0.5<\/td><td>20.0&nbsp;<\/td><\/tr><\/tbody><\/table><\/figure>\n\n\n\n<h3 class=\"wp-block-heading\">Options de bo\u00eetes \u00e0 lunch personnalis\u00e9es<\/h3>\n\n\n\n<p><strong>Logo<\/strong>: personnalisez le logo de votre marque sur la bo\u00eete \u00e0 bento en acier inoxydable et sur l'emballage.<br><strong>Options du logo<\/strong>logo imprim\u00e9, logo grav\u00e9 au laser, etc.<br><strong>Mod\u00e8le<\/strong>: motifs d'impression sur les produits et les emballages.<br><strong>Technologie d'impression<\/strong>Les techniques d'impression sont les suivantes : impression par transfert d'eau, impression par s\u00e9rigraphie, impression par transfert de chaleur, transfert par sublimation, etc.<br><strong>Emballage :<\/strong>bo\u00eete de couleur.<br><a href=\"https:\/\/moyahousehold.com\/fr\/solution-personnalisee\/\"><strong>En savoir plus sur les solutions de bo\u00eetes \u00e0 lunch personnalis\u00e9es.<\/strong><\/a><\/p>\n\n\n\n<div class=\"wp-block-columns is-layout-flex wp-container-core-columns-is-layout-9d6595d7 wp-block-columns-is-layout-flex\">\n<div class=\"wp-block-column is-layout-flow wp-block-column-is-layout-flow\">\n<figure class=\"wp-block-image size-full\"><img fetchpriority=\"high\" decoding=\"async\" width=\"3438\" height=\"3438\" src=\"https:\/\/moyahousehold.com\/wp-content\/uploads\/2025\/07\/Stainless-steel-food-storage-box-with-striped-bottom-5.webp\" alt=\"Bo\u00eete de conservation en acier inoxydable avec fond ray\u00e9\" class=\"wp-image-11370\" srcset=\"https:\/\/moyahousehold.com\/wp-content\/uploads\/2025\/07\/Stainless-steel-food-storage-box-with-striped-bottom-5.webp 3438w, https:\/\/moyahousehold.com\/wp-content\/uploads\/2025\/07\/Stainless-steel-food-storage-box-with-striped-bottom-5-300x300.webp 300w, https:\/\/moyahousehold.com\/wp-content\/uploads\/2025\/07\/Stainless-steel-food-storage-box-with-striped-bottom-5-150x150.webp 150w, https:\/\/moyahousehold.com\/wp-content\/uploads\/2025\/07\/Stainless-steel-food-storage-box-with-striped-bottom-5-768x768.webp 768w, https:\/\/moyahousehold.com\/wp-content\/uploads\/2025\/07\/Stainless-steel-food-storage-box-with-striped-bottom-5-12x12.webp 12w, https:\/\/moyahousehold.com\/wp-content\/uploads\/2025\/07\/Stainless-steel-food-storage-box-with-striped-bottom-5-285x285.webp 285w, https:\/\/moyahousehold.com\/wp-content\/uploads\/2025\/07\/Stainless-steel-food-storage-box-with-striped-bottom-5-1600x1600.webp 1600w, https:\/\/moyahousehold.com\/wp-content\/uploads\/2025\/07\/Stainless-steel-food-storage-box-with-striped-bottom-5-270x270.webp 270w, https:\/\/moyahousehold.com\/wp-content\/uploads\/2025\/07\/Stainless-steel-food-storage-box-with-striped-bottom-5-540x540.webp 540w, https:\/\/moyahousehold.com\/wp-content\/uploads\/2025\/07\/Stainless-steel-food-storage-box-with-striped-bottom-5-660x660.webp 660w\" sizes=\"(max-width: 3438px) 100vw, 3438px\" \/><\/figure>\n<\/div>\n\n\n\n<div class=\"wp-block-column is-layout-flow wp-block-column-is-layout-flow\">\n<figure class=\"wp-block-image size-full\"><img decoding=\"async\" width=\"3627\" height=\"3627\" src=\"https:\/\/moyahousehold.com\/wp-content\/uploads\/2025\/07\/Stainless-steel-food-storage-box-with-striped-bottom-4.webp\" alt=\"Bo\u00eete de conservation en acier inoxydable avec fond ray\u00e9\" class=\"wp-image-11369\" srcset=\"https:\/\/moyahousehold.com\/wp-content\/uploads\/2025\/07\/Stainless-steel-food-storage-box-with-striped-bottom-4.webp 3627w, https:\/\/moyahousehold.com\/wp-content\/uploads\/2025\/07\/Stainless-steel-food-storage-box-with-striped-bottom-4-300x300.webp 300w, https:\/\/moyahousehold.com\/wp-content\/uploads\/2025\/07\/Stainless-steel-food-storage-box-with-striped-bottom-4-150x150.webp 150w, https:\/\/moyahousehold.com\/wp-content\/uploads\/2025\/07\/Stainless-steel-food-storage-box-with-striped-bottom-4-768x768.webp 768w, https:\/\/moyahousehold.com\/wp-content\/uploads\/2025\/07\/Stainless-steel-food-storage-box-with-striped-bottom-4-12x12.webp 12w, https:\/\/moyahousehold.com\/wp-content\/uploads\/2025\/07\/Stainless-steel-food-storage-box-with-striped-bottom-4-285x285.webp 285w, https:\/\/moyahousehold.com\/wp-content\/uploads\/2025\/07\/Stainless-steel-food-storage-box-with-striped-bottom-4-1600x1600.webp 1600w, https:\/\/moyahousehold.com\/wp-content\/uploads\/2025\/07\/Stainless-steel-food-storage-box-with-striped-bottom-4-270x270.webp 270w, https:\/\/moyahousehold.com\/wp-content\/uploads\/2025\/07\/Stainless-steel-food-storage-box-with-striped-bottom-4-540x540.webp 540w, https:\/\/moyahousehold.com\/wp-content\/uploads\/2025\/07\/Stainless-steel-food-storage-box-with-striped-bottom-4-660x660.webp 660w\" sizes=\"(max-width: 3627px) 100vw, 3627px\" \/><\/figure>\n<\/div>\n<\/div>\n\n\n\n<div class=\"wp-block-columns is-layout-flex wp-container-core-columns-is-layout-9d6595d7 wp-block-columns-is-layout-flex\">\n<div class=\"wp-block-column is-layout-flow wp-block-column-is-layout-flow\">\n<figure class=\"wp-block-image size-full\"><img decoding=\"async\" width=\"3611\" height=\"3611\" src=\"https:\/\/moyahousehold.com\/wp-content\/uploads\/2025\/07\/Stainless-steel-food-storage-box-with-striped-bottom-3.webp\" alt=\"Bo\u00eete de conservation en acier inoxydable avec fond ray\u00e9\" class=\"wp-image-11368\" srcset=\"https:\/\/moyahousehold.com\/wp-content\/uploads\/2025\/07\/Stainless-steel-food-storage-box-with-striped-bottom-3.webp 3611w, https:\/\/moyahousehold.com\/wp-content\/uploads\/2025\/07\/Stainless-steel-food-storage-box-with-striped-bottom-3-300x300.webp 300w, https:\/\/moyahousehold.com\/wp-content\/uploads\/2025\/07\/Stainless-steel-food-storage-box-with-striped-bottom-3-150x150.webp 150w, https:\/\/moyahousehold.com\/wp-content\/uploads\/2025\/07\/Stainless-steel-food-storage-box-with-striped-bottom-3-768x768.webp 768w, https:\/\/moyahousehold.com\/wp-content\/uploads\/2025\/07\/Stainless-steel-food-storage-box-with-striped-bottom-3-12x12.webp 12w, https:\/\/moyahousehold.com\/wp-content\/uploads\/2025\/07\/Stainless-steel-food-storage-box-with-striped-bottom-3-285x285.webp 285w, https:\/\/moyahousehold.com\/wp-content\/uploads\/2025\/07\/Stainless-steel-food-storage-box-with-striped-bottom-3-1600x1600.webp 1600w, https:\/\/moyahousehold.com\/wp-content\/uploads\/2025\/07\/Stainless-steel-food-storage-box-with-striped-bottom-3-270x270.webp 270w, https:\/\/moyahousehold.com\/wp-content\/uploads\/2025\/07\/Stainless-steel-food-storage-box-with-striped-bottom-3-540x540.webp 540w, https:\/\/moyahousehold.com\/wp-content\/uploads\/2025\/07\/Stainless-steel-food-storage-box-with-striped-bottom-3-660x660.webp 660w\" sizes=\"(max-width: 3611px) 100vw, 3611px\" \/><\/figure>\n<\/div>\n\n\n\n<div class=\"wp-block-column is-layout-flow wp-block-column-is-layout-flow\">\n<figure class=\"wp-block-image size-full\"><img loading=\"lazy\" decoding=\"async\" width=\"3648\" height=\"3648\" src=\"https:\/\/moyahousehold.com\/wp-content\/uploads\/2025\/07\/Stainless-steel-food-storage-box-with-striped-bottom-2.webp\" alt=\"Bo\u00eete de conservation en acier inoxydable avec fond ray\u00e9\" class=\"wp-image-11367\" srcset=\"https:\/\/moyahousehold.com\/wp-content\/uploads\/2025\/07\/Stainless-steel-food-storage-box-with-striped-bottom-2.webp 3648w, https:\/\/moyahousehold.com\/wp-content\/uploads\/2025\/07\/Stainless-steel-food-storage-box-with-striped-bottom-2-300x300.webp 300w, https:\/\/moyahousehold.com\/wp-content\/uploads\/2025\/07\/Stainless-steel-food-storage-box-with-striped-bottom-2-150x150.webp 150w, https:\/\/moyahousehold.com\/wp-content\/uploads\/2025\/07\/Stainless-steel-food-storage-box-with-striped-bottom-2-768x768.webp 768w, https:\/\/moyahousehold.com\/wp-content\/uploads\/2025\/07\/Stainless-steel-food-storage-box-with-striped-bottom-2-12x12.webp 12w, https:\/\/moyahousehold.com\/wp-content\/uploads\/2025\/07\/Stainless-steel-food-storage-box-with-striped-bottom-2-285x285.webp 285w, https:\/\/moyahousehold.com\/wp-content\/uploads\/2025\/07\/Stainless-steel-food-storage-box-with-striped-bottom-2-1600x1600.webp 1600w, https:\/\/moyahousehold.com\/wp-content\/uploads\/2025\/07\/Stainless-steel-food-storage-box-with-striped-bottom-2-270x270.webp 270w, https:\/\/moyahousehold.com\/wp-content\/uploads\/2025\/07\/Stainless-steel-food-storage-box-with-striped-bottom-2-540x540.webp 540w, https:\/\/moyahousehold.com\/wp-content\/uploads\/2025\/07\/Stainless-steel-food-storage-box-with-striped-bottom-2-660x660.webp 660w\" sizes=\"(max-width: 3648px) 100vw, 3648px\" \/><\/figure>\n<\/div>\n<\/div>\n\n\n\n<p><\/p>","protected":false},"excerpt":{"rendered":"<div class=\"inter-jQQQ8P\">\n<div class=\"container-PrUkKo\">\n<div class=\"item-hGGxLi\">\n<div class=\"container-arOxqB chrome70-container\">\n<div class=\"inner-FyM8gE inner-item-swzCut\" data-target-id=\"message-box-target-id\" data-testid=\"union_message\">\n<div class=\"message-block-container-aFugD6\" data-testid=\"message-block-container\">\n<div class=\"flex flex-row w-full w-full max-w-full s-font-base text-s-color-text-secondary p-0 rounded-s-radius-s bg-transparent group data-[attr=select-mode]:-mt-10 data-[attr=select-mode]:py-10 data-[attr=select-mode]:px-16 data-[attr=select-mode]:sm:p-10 data-[attr=select-mode]:hover:bg-s-color-bg-base data-[attr=select-mode]:hover:rounded-s-radius-xs data-[attr=select-mode]:has-[:checked]:bg-s-color-bg-trans data-[attr=select-mode]:has-[:checked]:rounded-s-radius-xs data-[attr=select-mode]:pointer-events-none\" data-testid=\"receive_message\">\n<div class=\"flex flex-col flex-grow max-w-full min-w-0\">\n<div class=\"flex flex-row w-full\" data-testid=\"message_content\" data-message-id=\"12046627427058690\">\n<div class=\"w-full\" data-plugin-identifier=\"Symbol(infra:receive-message-box:text)\">\n<div class=\"container-ZYIsnH flow-markdown-body theme-samantha-Nbr9UN\" dir=\"ltr\" data-testid=\"message_text_content\" data-show-indicator=\"false\">\n<h1 class=\"header-vfC6AV auto-hide-last-sibling-br\">Wholesale Stainless Steel Striped - Bottom Food Storage Container (r\u00e9cipient \u00e0 fond ray\u00e9 en acier inoxydable pour la conservation des aliments) : Conservation de la fra\u00eecheur, durable et pratique<\/h1>\n<h2 class=\"header-vfC6AV auto-hide-last-sibling-br\">Avantages principaux<\/h2>\n<div class=\"auto-hide-last-sibling-br paragraph-JOTKXA paragraph-element br-paragraph-space\">\u2705\u00a0<strong>Acier inoxydable de qualit\u00e9 alimentaire<\/strong>\uff1aFabriqu\u00e9 en acier inoxydable de qualit\u00e9 alimentaire. Non toxique, r\u00e9sistant \u00e0 la corrosion et facile \u00e0 nettoyer. Sans danger pour le contact direct avec les aliments, garantissant la fra\u00eecheur et la sant\u00e9 des aliments.<\/div>\n<p><br class=\"container-utlnW2 wrapper-d0Cc1k undefined\" \/><\/p>\n<div class=\"auto-hide-last-sibling-br paragraph-JOTKXA paragraph-element br-paragraph-space\">\u2705\u00a0<strong>Striped - Bottom Design<\/strong>\uff1aFonctionne avec un fond ray\u00e9 unique en acier inoxydable. Am\u00e9liore la stabilit\u00e9 lors de la mise en place, ne glisse pas facilement. Ajoute \u00e9galement une touche de style au rangement de votre cuisine.<\/div>\n<p><br class=\"container-utlnW2 wrapper-d0Cc1k undefined\" \/><\/p>\n<div class=\"auto-hide-last-sibling-br paragraph-JOTKXA paragraph-element br-paragraph-space\">\u2705\u00a0<strong>Airtight Fresh - Maintenir la performance<\/strong>\uff1aCon\u00e7u avec une structure \u00e9tanche. Retient l'humidit\u00e9 et la saveur des aliments, emp\u00eachant efficacement la p\u00e9n\u00e9tration de l'air et la d\u00e9t\u00e9rioration des aliments. Les ingr\u00e9dients restent frais plus longtemps.<\/div>\n<p><br class=\"container-utlnW2 wrapper-d0Cc1k undefined\" \/><\/p>\n<div class=\"auto-hide-last-sibling-br paragraph-JOTKXA paragraph-element br-paragraph-space\">\u2705\u00a0<strong>Application polyvalente<\/strong>\uff1aConvient pour la conservation de divers aliments tels que les fruits, les l\u00e9gumes et les restes. Id\u00e9al pour les cuisines familiales, les pique-niques ou les entreprises de restauration. Parfait pour le stockage quotidien des aliments, la pr\u00e9paration des repas et les besoins sur le pouce.<\/div>\n<p><br class=\"container-utlnW2 wrapper-d0Cc1k undefined\" \/><\/p>\n<div class=\"auto-hide-last-sibling-br paragraph-JOTKXA paragraph-element br-paragraph-space\">\u2705\u00a0<strong>Avantages de l'achat en gros<\/strong>\uff1aDes prix de gros attractifs pour les d\u00e9taillants, les soci\u00e9t\u00e9s de restauration et les acheteurs en gros. Les commandes plus importantes b\u00e9n\u00e9ficient de plus de remises, avec une coop\u00e9ration flexible pour r\u00e9duire les co\u00fbts d'approvisionnement.<\/div>\n<\/div>\n<\/div>\n<\/div>\n<\/div>\n<\/div>\n<\/div>\n<\/div>\n<\/div>\n<\/div>\n<\/div>\n<\/div>","protected":false},"featured_media":11371,"comment_status":"closed","ping_status":"closed","template":"","meta":[],"product_cat":[57],"product_tag":[87,92],"class_list":{"0":"post-11365","1":"product","2":"type-product","3":"status-publish","4":"has-post-thumbnail","6":"product_cat-food-storage-container-wholesale","7":"product_tag-wholesale-multi-compartment-lunch-box","8":"product_tag-wholesale-rectangle-lunch-box","10":"first","11":"instock","12":"shipping-taxable","13":"product-type-simple"},"_links":{"self":[{"href":"https:\/\/moyahousehold.com\/fr\/wp-json\/wp\/v2\/product\/11365","targetHints":{"allow":["GET"]}}],"collection":[{"href":"https:\/\/moyahousehold.com\/fr\/wp-json\/wp\/v2\/product"}],"about":[{"href":"https:\/\/moyahousehold.com\/fr\/wp-json\/wp\/v2\/types\/product"}],"replies":[{"embeddable":true,"href":"https:\/\/moyahousehold.com\/fr\/wp-json\/wp\/v2\/comments?post=11365"}],"version-history":[{"count":0,"href":"https:\/\/moyahousehold.com\/fr\/wp-json\/wp\/v2\/product\/11365\/revisions"}],"wp:featuredmedia":[{"embeddable":true,"href":"https:\/\/moyahousehold.com\/fr\/wp-json\/wp\/v2\/media\/11371"}],"wp:attachment":[{"href":"https:\/\/moyahousehold.com\/fr\/wp-json\/wp\/v2\/media?parent=11365"}],"wp:term":[{"taxonomy":"product_cat","embeddable":true,"href":"https:\/\/moyahousehold.com\/fr\/wp-json\/wp\/v2\/product_cat?post=11365"},{"taxonomy":"product_tag","embeddable":true,"href":"https:\/\/moyahousehold.com\/fr\/wp-json\/wp\/v2\/product_tag?post=11365"}],"curies":[{"name":"wp","href":"https:\/\/api.w.org\/{rel}","templated":true}]}}