{"id":11379,"date":"2025-07-15T06:43:23","date_gmt":"2025-07-15T06:43:23","guid":{"rendered":"https:\/\/moyahousehold.com\/?post_type=product&#038;p=11379"},"modified":"2026-04-15T01:43:13","modified_gmt":"2026-04-15T01:43:13","slug":"new-striped-bottom-stainless-steel-glass-as-lid-food-container-with-pull-ring-vent","status":"publish","type":"product","link":"https:\/\/moyahousehold.com\/fr\/produit\/new-striped-bottom-stainless-steel-glass-as-lid-food-container-with-pull-ring-vent\/","title":{"rendered":"Nouveau R\u00e9cipient alimentaire \u00e0 fond ray\u00e9 en acier inoxydable avec couvercle AS et anneau d'a\u00e9ration"},"content":{"rendered":"<h3 class=\"wp-block-heading\">Parameters of Customizable Food Container<\/h3>\n\n\n\n<p><strong>Mat\u00e9riau :<\/strong> 304 + Verre\/couvercle AS <strong>  Couleur :<\/strong> Acier\/Beige\/Kaki<\/p>\n\n\n\n<figure class=\"wp-block-table\"><table class=\"has-fixed-layout\"><tbody><tr><td><strong>Objet<\/strong><\/td><td><strong>Mat\u00e9riau<\/strong><\/td><td><strong>Couleur<\/strong><\/td><td><strong>Capacit\u00e9<\/strong><\/td><td><strong>Taille\/PCS<\/strong><\/td><td><strong>PCS\/Case<\/strong><\/td><td><strong>N.W.\/PCS<\/strong><\/td><td><strong>G.W.\/Cas<\/strong><\/td><\/tr><tr><td>MYJD377<\/td><td rowspan=\"15\">304+Glass\/AS+PP+Silicone<\/td><td rowspan=\"15\">Beige\/Kaki<\/td><td>580ml<\/td><td>18.2*12*6.7<\/td><td>80<\/td><td>0.15<\/td><td>14.0&nbsp;<\/td><\/tr><tr><td>MYJD378<\/td><td>880ml<\/td><td>18.2*12*9.2<\/td><td>60<\/td><td>0.19<\/td><td>13.4&nbsp;<\/td><\/tr><tr><td>MYJD379<\/td><td>1180ml<\/td><td>18.2*12*11.6<\/td><td>50<\/td><td>0.23<\/td><td>13.5&nbsp;<\/td><\/tr><tr><td>MYJD380<\/td><td>1000ml<\/td><td>22*15.4*6.7<\/td><td>56<\/td><td>0.23<\/td><td>14.9&nbsp;<\/td><\/tr><tr><td>MYJD381<\/td><td>1600ml<\/td><td>22*15.4*9.2<\/td><td>40<\/td><td>0.27<\/td><td>12.8&nbsp;<\/td><\/tr><tr><td>MYJD382<\/td><td>2100ml<\/td><td>22*15.4*11.6<\/td><td>32<\/td><td>0.34<\/td><td>12.9&nbsp;<\/td><\/tr><tr><td>MYJD383<\/td><td>1500ml<\/td><td>25.7*19*6.7<\/td><td>48<\/td><td>0.29<\/td><td>15.9&nbsp;<\/td><\/tr><tr><td>MYJD384<\/td><td>2300ml<\/td><td>25.7*19*9.2<\/td><td>36<\/td><td>0.34<\/td><td>14.2&nbsp;<\/td><\/tr><tr><td>MYJD385<\/td><td>3100ml<\/td><td>25.7*19*11.6<\/td><td>24<\/td><td>0.38<\/td><td>11.1&nbsp;<\/td><\/tr><tr><td>MYJD386<\/td><td>1100ml<\/td><td>19.2*19.2*6.7<\/td><td>60<\/td><td>0.43<\/td><td>27.8&nbsp;<\/td><\/tr><tr><td>MYJD387<\/td><td>1700ml<\/td><td>19.2*19.2*9.2<\/td><td>36<\/td><td>0.47<\/td><td>18.9&nbsp;<\/td><\/tr><tr><td>MYJD388<\/td><td>2300ml<\/td><td>19.2*19.2*11.6<\/td><td>24<\/td><td>0.54<\/td><td>15.0&nbsp;<\/td><\/tr><tr><td>MYJD389<\/td><td>450ml<\/td><td>15*15*6.3<\/td><td>80<\/td><td>0.23<\/td><td>20.4&nbsp;<\/td><\/tr><tr><td>MYJD390<\/td><td>680ml<\/td><td>15*15*8.7<\/td><td>56<\/td><td>0.25<\/td><td>16.0&nbsp;<\/td><\/tr><tr><td>MYJD391<\/td><td>900ml<\/td><td>15*15*10.8<\/td><td>40<\/td><td>0.28<\/td><td>13.2&nbsp;<\/td><\/tr><tr><td>MYJD362<\/td><td rowspan=\"15\">304+Glass\/AS+PP+Silicone<\/td><td rowspan=\"15\">Acier+vert\/brun<\/td><td>580ml<\/td><td>17*10.6*5.2<\/td><td>80<\/td><td>0.15<\/td><td>14.0&nbsp;<\/td><\/tr><tr><td>MYJD363<\/td><td>880ml<\/td><td>17*10.6*7.7<\/td><td>60<\/td><td>0.19<\/td><td>13.4&nbsp;<\/td><\/tr><tr><td>MYJD364<\/td><td>1180ml<\/td><td>17*10.6*10.3<\/td><td>50<\/td><td>0.23<\/td><td>13.5&nbsp;<\/td><\/tr><tr><td>MYJD365<\/td><td>1000ml<\/td><td>20.8*14.1*5.2<\/td><td>56<\/td><td>0.23<\/td><td>14.9&nbsp;<\/td><\/tr><tr><td>MYJD366<\/td><td>1600ml<\/td><td>20.8*14.1*7.7<\/td><td>40<\/td><td>0.27<\/td><td>12.8&nbsp;<\/td><\/tr><tr><td>MYJD367<\/td><td>2100ml<\/td><td>20.8*14.1*10.3<\/td><td>32<\/td><td>0.34<\/td><td>12.9&nbsp;<\/td><\/tr><tr><td>MYJD368<\/td><td>1500ml<\/td><td>24.3*17.5*5.2<\/td><td>48<\/td><td>0.29<\/td><td>15.9&nbsp;<\/td><\/tr><tr><td>MYJD369<\/td><td>2300ml<\/td><td>24.3*17.5*7.7<\/td><td>36<\/td><td>0.34<\/td><td>14.2&nbsp;<\/td><\/tr><tr><td>MYJD370<\/td><td>3100ml<\/td><td>24.3*17.5*10.3<\/td><td>24<\/td><td>0.38<\/td><td>11.1&nbsp;<\/td><\/tr><tr><td>MYJD371<\/td><td>1100ml<\/td><td>19.2*19.2*6.7<\/td><td>60<\/td><td>0.43<\/td><td>27.8&nbsp;<\/td><\/tr><tr><td>MYJD372<\/td><td>1700ml<\/td><td>19.2*19.2*9.2<\/td><td>36<\/td><td>0.47<\/td><td>18.9&nbsp;<\/td><\/tr><tr><td>MYJD373<\/td><td>2300ml<\/td><td>19.2*19.2*11.6<\/td><td>24<\/td><td>0.54<\/td><td>15.0&nbsp;<\/td><\/tr><tr><td>MYJD374<\/td><td>450ml<\/td><td>15*6.3<\/td><td>80<\/td><td>0.23<\/td><td>20.4&nbsp;<\/td><\/tr><tr><td>MYJD375<\/td><td>680ml<\/td><td>15*8.7<\/td><td>56<\/td><td>0.25<\/td><td>16.0&nbsp;<\/td><\/tr><tr><td>MYJD376<\/td><td>900ml<\/td><td>15*10.8<\/td><td>40<\/td><td>0.28<\/td><td>13.2&nbsp;<\/td><\/tr><\/tbody><\/table><\/figure>\n\n\n\n<h3 class=\"wp-block-heading\">Options de bo\u00eetes \u00e0 lunch personnalis\u00e9es<\/h3>\n\n\n\n<p><strong>Logo<\/strong>: personnalisez le logo de votre marque sur la bo\u00eete \u00e0 bento en acier inoxydable et sur l'emballage.<br><strong>Logo Options<\/strong>logo imprim\u00e9, logo grav\u00e9 au laser, etc.<br><strong>Mod\u00e8le<\/strong>: motifs d'impression sur les produits et les emballages.<br><strong>Printing Technology<\/strong>Les techniques utilis\u00e9es sont les suivantes : impression par transfert d'eau, impression par s\u00e9rigraphie, impression par transfert de chaleur, transfert par sublimation, etc.<br><strong>Emballage :<\/strong> bo\u00eete de couleur.<br><a href=\"https:\/\/moyahousehold.com\/fr\/solution-personnalisee\/\"><strong>En savoir plus sur les solutions de bo\u00eetes \u00e0 lunch personnalis\u00e9es.<\/strong><\/a><\/p>\n\n\n\n<div class=\"wp-block-columns is-layout-flex wp-container-core-columns-is-layout-9d6595d7 wp-block-columns-is-layout-flex\">\n<div class=\"wp-block-column is-layout-flow wp-block-column-is-layout-flow\">\n<figure class=\"wp-block-image size-full\"><img fetchpriority=\"high\" decoding=\"async\" width=\"3861\" height=\"3861\" src=\"https:\/\/moyahousehold.com\/wp-content\/uploads\/2025\/07\/New-glass-covered-food-storage-container-15.webp\" alt=\"Nouveau r\u00e9cipient en verre pour la conservation des aliments\" class=\"wp-image-11398\" srcset=\"https:\/\/moyahousehold.com\/wp-content\/uploads\/2025\/07\/New-glass-covered-food-storage-container-15.webp 3861w, https:\/\/moyahousehold.com\/wp-content\/uploads\/2025\/07\/New-glass-covered-food-storage-container-15-300x300.webp 300w, https:\/\/moyahousehold.com\/wp-content\/uploads\/2025\/07\/New-glass-covered-food-storage-container-15-150x150.webp 150w, https:\/\/moyahousehold.com\/wp-content\/uploads\/2025\/07\/New-glass-covered-food-storage-container-15-768x768.webp 768w, https:\/\/moyahousehold.com\/wp-content\/uploads\/2025\/07\/New-glass-covered-food-storage-container-15-12x12.webp 12w, https:\/\/moyahousehold.com\/wp-content\/uploads\/2025\/07\/New-glass-covered-food-storage-container-15-285x285.webp 285w, https:\/\/moyahousehold.com\/wp-content\/uploads\/2025\/07\/New-glass-covered-food-storage-container-15-1600x1600.webp 1600w, https:\/\/moyahousehold.com\/wp-content\/uploads\/2025\/07\/New-glass-covered-food-storage-container-15-270x270.webp 270w, https:\/\/moyahousehold.com\/wp-content\/uploads\/2025\/07\/New-glass-covered-food-storage-container-15-540x540.webp 540w, https:\/\/moyahousehold.com\/wp-content\/uploads\/2025\/07\/New-glass-covered-food-storage-container-15-660x660.webp 660w\" sizes=\"(max-width: 3861px) 100vw, 3861px\" \/><\/figure>\n<\/div>\n\n\n\n<div class=\"wp-block-column is-layout-flow wp-block-column-is-layout-flow\">\n<figure class=\"wp-block-image size-full\"><img decoding=\"async\" width=\"3837\" height=\"3837\" src=\"https:\/\/moyahousehold.com\/wp-content\/uploads\/2025\/07\/New-glass-covered-food-storage-container-1.webp\" alt=\"Nouveau r\u00e9cipient en verre pour la conservation des aliments\" class=\"wp-image-11384\" srcset=\"https:\/\/moyahousehold.com\/wp-content\/uploads\/2025\/07\/New-glass-covered-food-storage-container-1.webp 3837w, https:\/\/moyahousehold.com\/wp-content\/uploads\/2025\/07\/New-glass-covered-food-storage-container-1-300x300.webp 300w, https:\/\/moyahousehold.com\/wp-content\/uploads\/2025\/07\/New-glass-covered-food-storage-container-1-150x150.webp 150w, https:\/\/moyahousehold.com\/wp-content\/uploads\/2025\/07\/New-glass-covered-food-storage-container-1-768x768.webp 768w, https:\/\/moyahousehold.com\/wp-content\/uploads\/2025\/07\/New-glass-covered-food-storage-container-1-12x12.webp 12w, https:\/\/moyahousehold.com\/wp-content\/uploads\/2025\/07\/New-glass-covered-food-storage-container-1-285x285.webp 285w, https:\/\/moyahousehold.com\/wp-content\/uploads\/2025\/07\/New-glass-covered-food-storage-container-1-1600x1600.webp 1600w, https:\/\/moyahousehold.com\/wp-content\/uploads\/2025\/07\/New-glass-covered-food-storage-container-1-270x270.webp 270w, https:\/\/moyahousehold.com\/wp-content\/uploads\/2025\/07\/New-glass-covered-food-storage-container-1-540x540.webp 540w, https:\/\/moyahousehold.com\/wp-content\/uploads\/2025\/07\/New-glass-covered-food-storage-container-1-660x660.webp 660w\" sizes=\"(max-width: 3837px) 100vw, 3837px\" \/><\/figure>\n<\/div>\n<\/div>\n\n\n\n<div class=\"wp-block-columns is-layout-flex wp-container-core-columns-is-layout-9d6595d7 wp-block-columns-is-layout-flex\">\n<div class=\"wp-block-column is-layout-flow wp-block-column-is-layout-flow\">\n<figure class=\"wp-block-image size-full\"><img decoding=\"async\" width=\"3710\" height=\"3710\" src=\"https:\/\/moyahousehold.com\/wp-content\/uploads\/2025\/07\/New-AS-lid-food-storage-container-1.webp\" alt=\"Nouveau r\u00e9cipient en verre pour la conservation des aliments\" class=\"wp-image-11380\" srcset=\"https:\/\/moyahousehold.com\/wp-content\/uploads\/2025\/07\/New-AS-lid-food-storage-container-1.webp 3710w, https:\/\/moyahousehold.com\/wp-content\/uploads\/2025\/07\/New-AS-lid-food-storage-container-1-300x300.webp 300w, https:\/\/moyahousehold.com\/wp-content\/uploads\/2025\/07\/New-AS-lid-food-storage-container-1-150x150.webp 150w, https:\/\/moyahousehold.com\/wp-content\/uploads\/2025\/07\/New-AS-lid-food-storage-container-1-768x768.webp 768w, https:\/\/moyahousehold.com\/wp-content\/uploads\/2025\/07\/New-AS-lid-food-storage-container-1-12x12.webp 12w, https:\/\/moyahousehold.com\/wp-content\/uploads\/2025\/07\/New-AS-lid-food-storage-container-1-285x285.webp 285w, https:\/\/moyahousehold.com\/wp-content\/uploads\/2025\/07\/New-AS-lid-food-storage-container-1-1600x1600.webp 1600w, https:\/\/moyahousehold.com\/wp-content\/uploads\/2025\/07\/New-AS-lid-food-storage-container-1-270x270.webp 270w, https:\/\/moyahousehold.com\/wp-content\/uploads\/2025\/07\/New-AS-lid-food-storage-container-1-540x540.webp 540w, https:\/\/moyahousehold.com\/wp-content\/uploads\/2025\/07\/New-AS-lid-food-storage-container-1-660x660.webp 660w\" sizes=\"(max-width: 3710px) 100vw, 3710px\" \/><\/figure>\n<\/div>\n\n\n\n<div class=\"wp-block-column is-layout-flow wp-block-column-is-layout-flow\">\n<figure class=\"wp-block-image size-full\"><img loading=\"lazy\" decoding=\"async\" width=\"3870\" height=\"3870\" src=\"https:\/\/moyahousehold.com\/wp-content\/uploads\/2025\/07\/New-AS-lid-food-storage-container-3.webp\" alt=\"Nouveau r\u00e9cipient en verre pour la conservation des aliments\" class=\"wp-image-11382\" srcset=\"https:\/\/moyahousehold.com\/wp-content\/uploads\/2025\/07\/New-AS-lid-food-storage-container-3.webp 3870w, https:\/\/moyahousehold.com\/wp-content\/uploads\/2025\/07\/New-AS-lid-food-storage-container-3-300x300.webp 300w, https:\/\/moyahousehold.com\/wp-content\/uploads\/2025\/07\/New-AS-lid-food-storage-container-3-150x150.webp 150w, https:\/\/moyahousehold.com\/wp-content\/uploads\/2025\/07\/New-AS-lid-food-storage-container-3-768x768.webp 768w, https:\/\/moyahousehold.com\/wp-content\/uploads\/2025\/07\/New-AS-lid-food-storage-container-3-12x12.webp 12w, https:\/\/moyahousehold.com\/wp-content\/uploads\/2025\/07\/New-AS-lid-food-storage-container-3-285x285.webp 285w, https:\/\/moyahousehold.com\/wp-content\/uploads\/2025\/07\/New-AS-lid-food-storage-container-3-1600x1600.webp 1600w, https:\/\/moyahousehold.com\/wp-content\/uploads\/2025\/07\/New-AS-lid-food-storage-container-3-270x270.webp 270w, https:\/\/moyahousehold.com\/wp-content\/uploads\/2025\/07\/New-AS-lid-food-storage-container-3-540x540.webp 540w, https:\/\/moyahousehold.com\/wp-content\/uploads\/2025\/07\/New-AS-lid-food-storage-container-3-660x660.webp 660w\" sizes=\"(max-width: 3870px) 100vw, 3870px\" \/><\/figure>\n<\/div>\n<\/div>\n\n\n\n<p><\/p>","protected":false},"excerpt":{"rendered":"<h1 class=\"header-vfC6AV auto-hide-last-sibling-br\">Wholesale Striped - Bottom Stainless Steel Fresh - keeping Containers : Couvercles en verre\/AS, \u00e9vent \u00e0 anneau, nouvel arrivage<\/h1>\n<h2 class=\"header-vfC6AV auto-hide-last-sibling-br\">Avantages des produits de base<\/h2>\n<h3 class=\"header-vfC6AV auto-hide-last-sibling-br\">Acier inoxydable de qualit\u00e9 alimentaire<\/h3>\n<div class=\"auto-hide-last-sibling-br paragraph-JOTKXA paragraph-element br-paragraph-space\">Fabriqu\u00e9 en acier inoxydable de qualit\u00e9 alimentaire sup\u00e9rieure, certifi\u00e9 par des organismes faisant autorit\u00e9. Non toxique, r\u00e9sistant \u00e0 la corrosion, sans odeur. Facile \u00e0 nettoyer, sans danger pour le contact direct avec les aliments, prot\u00e9geant ainsi la sant\u00e9 alimentaire.<\/div>\n<h3 class=\"header-vfC6AV auto-hide-last-sibling-br\">Couvercle en verre\/AS avec \u00e9vent \u00e0 anneau de traction<\/h3>\n<div class=\"auto-hide-last-sibling-br paragraph-JOTKXA paragraph-element br-paragraph-space\">\u00c9quip\u00e9 d'un couvercle en verre ou en AS dot\u00e9 d'un anneau d'a\u00e9ration. Forme un espace herm\u00e9tique efficace gr\u00e2ce \u00e0 l'anneau d'\u00e9tanch\u00e9it\u00e9 en silicone. Bloque l'air et l'humidit\u00e9, emp\u00eache le m\u00e9lange d'odeurs et la d\u00e9t\u00e9rioration, prolonge la fra\u00eecheur. Convient parfaitement \u00e0 la r\u00e9frig\u00e9ration et au stockage \u00e0 temp\u00e9rature ambiante.<\/div>\n<h3 class=\"header-vfC6AV auto-hide-last-sibling-br\">Striped - Bottom Design<\/h3>\n<div class=\"auto-hide-last-sibling-br paragraph-JOTKXA paragraph-element br-paragraph-space\">Le fond ray\u00e9 unique ajoute une fonction esth\u00e9tique et antid\u00e9rapante. Am\u00e9liore la texture du produit et convient \u00e0 divers sc\u00e9narios.<\/div>\n<h3 class=\"header-vfC6AV auto-hide-last-sibling-br\">Diverses tailles et sp\u00e9cifications<\/h3>\n<div class=\"auto-hide-last-sibling-br paragraph-JOTKXA paragraph-element br-paragraph-space\">Offre une gamme de tailles, de la plus petite pour les sauces et les en-cas \u00e0 la plus grande pour les repas familiaux. S'adapte aux diff\u00e9rents besoins de stockage.<\/div>\n<h3 class=\"header-vfC6AV auto-hide-last-sibling-br\">Services de personnalisation<\/h3>\n<div class=\"auto-hide-last-sibling-br paragraph-JOTKXA paragraph-element br-paragraph-space\">Prise en charge de l'OEM et de l'ODM : personnalisation des mod\u00e8les de couvercles (verre\/AS), des couleurs des contenants, des logos. Id\u00e9al pour l'usage personnel, les cadeaux d'entreprise et la cr\u00e9ation de produits exclusifs.<\/div>\n<h3 class=\"header-vfC6AV auto-hide-last-sibling-br\">Remises sur les achats en gros<\/h3>\n<div class=\"auto-hide-last-sibling-br paragraph-JOTKXA paragraph-element br-paragraph-space\">Prix attractifs pour les grossistes, les d\u00e9taillants et les entreprises. Plus les commandes sont importantes, plus les remises le sont aussi. Les mod\u00e8les flexibles r\u00e9duisent les co\u00fbts d'approvisionnement.<\/div>","protected":false},"featured_media":11390,"comment_status":"closed","ping_status":"closed","template":"","meta":[],"product_cat":[57],"product_tag":[87,92],"class_list":{"0":"post-11379","1":"product","2":"type-product","3":"status-publish","4":"has-post-thumbnail","6":"product_cat-food-storage-container-wholesale","7":"product_tag-wholesale-multi-compartment-lunch-box","8":"product_tag-wholesale-rectangle-lunch-box","10":"first","11":"instock","12":"shipping-taxable","13":"product-type-simple"},"_links":{"self":[{"href":"https:\/\/moyahousehold.com\/fr\/wp-json\/wp\/v2\/product\/11379","targetHints":{"allow":["GET"]}}],"collection":[{"href":"https:\/\/moyahousehold.com\/fr\/wp-json\/wp\/v2\/product"}],"about":[{"href":"https:\/\/moyahousehold.com\/fr\/wp-json\/wp\/v2\/types\/product"}],"replies":[{"embeddable":true,"href":"https:\/\/moyahousehold.com\/fr\/wp-json\/wp\/v2\/comments?post=11379"}],"version-history":[{"count":2,"href":"https:\/\/moyahousehold.com\/fr\/wp-json\/wp\/v2\/product\/11379\/revisions"}],"predecessor-version":[{"id":13129,"href":"https:\/\/moyahousehold.com\/fr\/wp-json\/wp\/v2\/product\/11379\/revisions\/13129"}],"wp:featuredmedia":[{"embeddable":true,"href":"https:\/\/moyahousehold.com\/fr\/wp-json\/wp\/v2\/media\/11390"}],"wp:attachment":[{"href":"https:\/\/moyahousehold.com\/fr\/wp-json\/wp\/v2\/media?parent=11379"}],"wp:term":[{"taxonomy":"product_cat","embeddable":true,"href":"https:\/\/moyahousehold.com\/fr\/wp-json\/wp\/v2\/product_cat?post=11379"},{"taxonomy":"product_tag","embeddable":true,"href":"https:\/\/moyahousehold.com\/fr\/wp-json\/wp\/v2\/product_tag?post=11379"}],"curies":[{"name":"wp","href":"https:\/\/api.w.org\/{rel}","templated":true}]}}