{"id":11453,"date":"2025-07-15T08:48:34","date_gmt":"2025-07-15T08:48:34","guid":{"rendered":"https:\/\/moyahousehold.com\/?post_type=product&#038;p=11453"},"modified":"2026-04-15T01:53:24","modified_gmt":"2026-04-15T01:53:24","slug":"new-section-stainless-steel-lunch-container-stackable-easy-clean-fresh-keeping-design","status":"publish","type":"product","link":"https:\/\/moyahousehold.com\/fr\/produit\/new-section-stainless-steel-lunch-container-stackable-easy-clean-fresh-keeping-design\/","title":{"rendered":"Nouvelle section de contenants \u00e0 lunch en acier inoxydable : Empilable, facile \u00e0 nettoyer, design qui pr\u00e9serve la fra\u00eecheur"},"content":{"rendered":"<h3 class=\"wp-block-heading\">Parameters Of Multi Compartment Kids&#8217; Lunch Box<\/h3>\n\n\n\n<p><strong>Mat\u00e9riau :<\/strong> 304 + PP  <strong> Couleur :<\/strong> Beige\/Kaki\/Bleu\/Brun<\/p>\n\n\n\n<figure class=\"wp-block-table\"><table class=\"has-fixed-layout\"><tbody><tr><td><strong>Objet<\/strong><\/td><td><strong>Mat\u00e9riau<\/strong><\/td><td><strong>Couleur<\/strong><\/td><td><strong>Capacit\u00e9<\/strong><\/td><td><strong>Taille\/PCS<\/strong><\/td><td><strong>PCS\/Case<\/strong><\/td><td><strong>N.W.\/PCS<\/strong><\/td><td><strong>G.W.\/Cas<\/strong><\/td><\/tr><tr><td>MYSK034<\/td><td>304+PP+<br>Silicone<\/td><td>Beige\/Khaki\/<br>Blue\/Brown<\/td><td>2000ml<br>4 grilles\/5 grilles<\/td><td>30*23*8<\/td><td>24<\/td><td>0.81&nbsp;<\/td><td>24.37&nbsp;<\/td><\/tr><\/tbody><\/table><\/figure>\n\n\n\n<h3 class=\"wp-block-heading\">Options de bo\u00eetes \u00e0 lunch personnalis\u00e9es<\/h3>\n\n\n\n<p><strong>Logo<\/strong>: personnalisez le logo de votre marque sur la bo\u00eete \u00e0 bento en acier inoxydable et sur l'emballage.<br><strong>Logo Options<\/strong>logo imprim\u00e9, logo grav\u00e9 au laser, etc.<br><strong>Mod\u00e8le<\/strong>: motifs d'impression sur les produits et les emballages.<br><strong>Printing Technology<\/strong>Les techniques utilis\u00e9es sont les suivantes : impression par transfert d'eau, impression par s\u00e9rigraphie, impression par transfert de chaleur, transfert par sublimation, etc.<br><strong>Emballage :<\/strong> bo\u00eete de couleur.<br><a href=\"https:\/\/moyahousehold.com\/fr\/solution-personnalisee\/\"><strong>En savoir plus sur les solutions de bo\u00eetes \u00e0 lunch personnalis\u00e9es.<\/strong><\/a><\/p>\n\n\n\n<div class=\"wp-block-columns is-layout-flex wp-container-core-columns-is-layout-9d6595d7 wp-block-columns-is-layout-flex\">\n<div class=\"wp-block-column is-layout-flow wp-block-column-is-layout-flow\">\n<figure class=\"wp-block-image size-full\"><img fetchpriority=\"high\" decoding=\"async\" width=\"3976\" height=\"3976\" src=\"https:\/\/moyahousehold.com\/wp-content\/uploads\/2025\/07\/Stainless-steel-lunch-box-with-compartments-6.webp\" alt=\"Bo\u00eete \u00e0 lunch en acier inoxydable avec compartiments\" class=\"wp-image-11522\" srcset=\"https:\/\/moyahousehold.com\/wp-content\/uploads\/2025\/07\/Stainless-steel-lunch-box-with-compartments-6.webp 3976w, https:\/\/moyahousehold.com\/wp-content\/uploads\/2025\/07\/Stainless-steel-lunch-box-with-compartments-6-300x300.webp 300w, https:\/\/moyahousehold.com\/wp-content\/uploads\/2025\/07\/Stainless-steel-lunch-box-with-compartments-6-150x150.webp 150w, https:\/\/moyahousehold.com\/wp-content\/uploads\/2025\/07\/Stainless-steel-lunch-box-with-compartments-6-768x768.webp 768w, https:\/\/moyahousehold.com\/wp-content\/uploads\/2025\/07\/Stainless-steel-lunch-box-with-compartments-6-12x12.webp 12w, https:\/\/moyahousehold.com\/wp-content\/uploads\/2025\/07\/Stainless-steel-lunch-box-with-compartments-6-285x285.webp 285w, https:\/\/moyahousehold.com\/wp-content\/uploads\/2025\/07\/Stainless-steel-lunch-box-with-compartments-6-1600x1600.webp 1600w, https:\/\/moyahousehold.com\/wp-content\/uploads\/2025\/07\/Stainless-steel-lunch-box-with-compartments-6-270x270.webp 270w, https:\/\/moyahousehold.com\/wp-content\/uploads\/2025\/07\/Stainless-steel-lunch-box-with-compartments-6-540x540.webp 540w, https:\/\/moyahousehold.com\/wp-content\/uploads\/2025\/07\/Stainless-steel-lunch-box-with-compartments-6-660x660.webp 660w\" sizes=\"(max-width: 3976px) 100vw, 3976px\" \/><\/figure>\n<\/div>\n\n\n\n<div class=\"wp-block-column is-layout-flow wp-block-column-is-layout-flow\">\n<figure class=\"wp-block-image size-full\"><img decoding=\"async\" width=\"4160\" height=\"4160\" src=\"https:\/\/moyahousehold.com\/wp-content\/uploads\/2025\/07\/Stainless-steel-lunch-box-with-compartments-7.webp\" alt=\"Bo\u00eete \u00e0 lunch en acier inoxydable avec compartiments\" class=\"wp-image-11523\" srcset=\"https:\/\/moyahousehold.com\/wp-content\/uploads\/2025\/07\/Stainless-steel-lunch-box-with-compartments-7.webp 4160w, https:\/\/moyahousehold.com\/wp-content\/uploads\/2025\/07\/Stainless-steel-lunch-box-with-compartments-7-300x300.webp 300w, https:\/\/moyahousehold.com\/wp-content\/uploads\/2025\/07\/Stainless-steel-lunch-box-with-compartments-7-150x150.webp 150w, https:\/\/moyahousehold.com\/wp-content\/uploads\/2025\/07\/Stainless-steel-lunch-box-with-compartments-7-768x768.webp 768w, https:\/\/moyahousehold.com\/wp-content\/uploads\/2025\/07\/Stainless-steel-lunch-box-with-compartments-7-12x12.webp 12w, https:\/\/moyahousehold.com\/wp-content\/uploads\/2025\/07\/Stainless-steel-lunch-box-with-compartments-7-285x285.webp 285w, https:\/\/moyahousehold.com\/wp-content\/uploads\/2025\/07\/Stainless-steel-lunch-box-with-compartments-7-1600x1600.webp 1600w, https:\/\/moyahousehold.com\/wp-content\/uploads\/2025\/07\/Stainless-steel-lunch-box-with-compartments-7-270x270.webp 270w, https:\/\/moyahousehold.com\/wp-content\/uploads\/2025\/07\/Stainless-steel-lunch-box-with-compartments-7-540x540.webp 540w, https:\/\/moyahousehold.com\/wp-content\/uploads\/2025\/07\/Stainless-steel-lunch-box-with-compartments-7-660x660.webp 660w\" sizes=\"(max-width: 4160px) 100vw, 4160px\" \/><\/figure>\n<\/div>\n<\/div>\n\n\n\n<div class=\"wp-block-columns is-layout-flex wp-container-core-columns-is-layout-9d6595d7 wp-block-columns-is-layout-flex\">\n<div class=\"wp-block-column is-layout-flow wp-block-column-is-layout-flow\">\n<figure class=\"wp-block-image size-full\"><img decoding=\"async\" width=\"3865\" height=\"3865\" src=\"https:\/\/moyahousehold.com\/wp-content\/uploads\/2025\/07\/Stainless-steel-lunch-box-with-compartments-5.webp\" alt=\"Bo\u00eete \u00e0 lunch en acier inoxydable avec compartiments\" class=\"wp-image-11521\" srcset=\"https:\/\/moyahousehold.com\/wp-content\/uploads\/2025\/07\/Stainless-steel-lunch-box-with-compartments-5.webp 3865w, https:\/\/moyahousehold.com\/wp-content\/uploads\/2025\/07\/Stainless-steel-lunch-box-with-compartments-5-300x300.webp 300w, https:\/\/moyahousehold.com\/wp-content\/uploads\/2025\/07\/Stainless-steel-lunch-box-with-compartments-5-150x150.webp 150w, https:\/\/moyahousehold.com\/wp-content\/uploads\/2025\/07\/Stainless-steel-lunch-box-with-compartments-5-768x768.webp 768w, https:\/\/moyahousehold.com\/wp-content\/uploads\/2025\/07\/Stainless-steel-lunch-box-with-compartments-5-12x12.webp 12w, https:\/\/moyahousehold.com\/wp-content\/uploads\/2025\/07\/Stainless-steel-lunch-box-with-compartments-5-285x285.webp 285w, https:\/\/moyahousehold.com\/wp-content\/uploads\/2025\/07\/Stainless-steel-lunch-box-with-compartments-5-1600x1600.webp 1600w, https:\/\/moyahousehold.com\/wp-content\/uploads\/2025\/07\/Stainless-steel-lunch-box-with-compartments-5-270x270.webp 270w, https:\/\/moyahousehold.com\/wp-content\/uploads\/2025\/07\/Stainless-steel-lunch-box-with-compartments-5-540x540.webp 540w, https:\/\/moyahousehold.com\/wp-content\/uploads\/2025\/07\/Stainless-steel-lunch-box-with-compartments-5-660x660.webp 660w\" sizes=\"(max-width: 3865px) 100vw, 3865px\" \/><\/figure>\n<\/div>\n\n\n\n<div class=\"wp-block-column is-layout-flow wp-block-column-is-layout-flow\">\n<figure class=\"wp-block-image size-full\"><img loading=\"lazy\" decoding=\"async\" width=\"3883\" height=\"3883\" src=\"https:\/\/moyahousehold.com\/wp-content\/uploads\/2025\/07\/Stainless-steel-lunch-box-with-compartments.webp\" alt=\"Bo\u00eete \u00e0 lunch en acier inoxydable avec compartiments\" class=\"wp-image-11524\" srcset=\"https:\/\/moyahousehold.com\/wp-content\/uploads\/2025\/07\/Stainless-steel-lunch-box-with-compartments.webp 3883w, https:\/\/moyahousehold.com\/wp-content\/uploads\/2025\/07\/Stainless-steel-lunch-box-with-compartments-300x300.webp 300w, https:\/\/moyahousehold.com\/wp-content\/uploads\/2025\/07\/Stainless-steel-lunch-box-with-compartments-150x150.webp 150w, https:\/\/moyahousehold.com\/wp-content\/uploads\/2025\/07\/Stainless-steel-lunch-box-with-compartments-768x768.webp 768w, https:\/\/moyahousehold.com\/wp-content\/uploads\/2025\/07\/Stainless-steel-lunch-box-with-compartments-12x12.webp 12w, https:\/\/moyahousehold.com\/wp-content\/uploads\/2025\/07\/Stainless-steel-lunch-box-with-compartments-285x285.webp 285w, https:\/\/moyahousehold.com\/wp-content\/uploads\/2025\/07\/Stainless-steel-lunch-box-with-compartments-1600x1600.webp 1600w, https:\/\/moyahousehold.com\/wp-content\/uploads\/2025\/07\/Stainless-steel-lunch-box-with-compartments-270x270.webp 270w, https:\/\/moyahousehold.com\/wp-content\/uploads\/2025\/07\/Stainless-steel-lunch-box-with-compartments-540x540.webp 540w, https:\/\/moyahousehold.com\/wp-content\/uploads\/2025\/07\/Stainless-steel-lunch-box-with-compartments-660x660.webp 660w\" sizes=\"(max-width: 3883px) 100vw, 3883px\" \/><\/figure>\n<\/div>\n<\/div>","protected":false},"excerpt":{"rendered":"<h2 class=\"header-vfC6AV auto-hide-last-sibling-br\">Qualit\u00e9 sup\u00e9rieure et design pratique<\/h2>\n<div class=\"auto-hide-last-sibling-br paragraph-JOTKXA paragraph-element br-paragraph-space\">Fabriqu\u00e9e en acier inoxydable 304 de qualit\u00e9 alimentaire, cette bo\u00eete \u00e0 bento est dot\u00e9e d'une structure \u00e0 compartiments multiples (disponible en 4 ou 5 compartiments), ce qui permet de classer facilement les diff\u00e9rents aliments. Id\u00e9ale pour les \u00e9tudiants et le personnel de bureau, elle garantit que les repas restent frais, organis\u00e9s et sans d\u00e9g\u00e2ts. Avec des remises sur les achats en gros et la possibilit\u00e9 de personnaliser les produits OEM et ODM, nous sommes pr\u00eats \u00e0 coop\u00e9rer pour r\u00e9pondre \u00e0 vos besoins sp\u00e9cifiques.<\/div>\n<h3 class=\"header-vfC6AV auto-hide-last-sibling-br\">Caract\u00e9ristiques de la bo\u00eete \u00e0 lunch en acier inoxydable \u00e0 compartiments multiples<\/h3>\n<h3 class=\"header-vfC6AV auto-hide-last-sibling-br\">1. Smart Compartment System<\/h3>\n<div class=\"auto-hide-last-sibling-br paragraph-JOTKXA paragraph-element br-paragraph-space\">4 ou 5 compartiments s\u00e9par\u00e9s permettent d'isoler les plats tels que les salades, les plats principaux et les en-cas, \u00e9vitant ainsi les m\u00e9langes de saveurs. Il aide \u00e0 contr\u00f4ler les portions, ce qui le rend adapt\u00e9 aux r\u00e9gimes \u00e9quilibr\u00e9s et \u00e0 la gestion nutritionnelle. Chaque compartiment a une taille adapt\u00e9e aux diff\u00e9rentes portions d'aliments.<\/div>\n<h3 class=\"header-vfC6AV auto-hide-last-sibling-br\">2. Safe &amp; Certified Material<\/h3>\n<div class=\"auto-hide-last-sibling-br paragraph-JOTKXA paragraph-element br-paragraph-space\">Fabriqu\u00e9 en acier inoxydable 100% de qualit\u00e9 alimentaire, exempt de BPA et de produits chimiques nocifs. Certifi\u00e9 par les normes de s\u00e9curit\u00e9 alimentaire en vigueur, il garantit la conformit\u00e9 avec les exigences internationales en mati\u00e8re de s\u00e9curit\u00e9 alimentaire. Les bords lisses \u00e9vitent les rayures pendant l'utilisation.<\/div>\n<h3 class=\"header-vfC6AV auto-hide-last-sibling-br\">3. Airtight &amp; Leak &#8211; proof Performance<\/h3>\n<div class=\"auto-hide-last-sibling-br paragraph-JOTKXA paragraph-element br-paragraph-space\">Dot\u00e9 d'un couvercle \u00e9tanche et d'un syst\u00e8me de fermeture fiable, il emp\u00eache efficacement l'air et l'humidit\u00e9 de p\u00e9n\u00e9trer. La conception herm\u00e9tique permet de conserver la fra\u00eecheur des aliments plus longtemps, que ce soit au r\u00e9frig\u00e9rateur ou \u00e0 temp\u00e9rature ambiante. Elle peut emp\u00eacher les fuites de soupes ou de sauces et permet de garder les sacs propres.<\/div>\n<div>\u00a0<\/div>\n<h2 class=\"header-vfC6AV auto-hide-last-sibling-br\">Services de personnalisation<\/h2>\n<div class=\"auto-hide-last-sibling-br paragraph-JOTKXA paragraph-element br-paragraph-space\">En tant que fabricant professionnel de bo\u00eetes \u00e0 lunch, nous proposons des solutions OEM et ODM compl\u00e8tes :<\/div>\n<ul class=\"auto-hide-last-sibling-br\">\n<li><strong>OEM<\/strong>: Personnalisez les logos, les imprim\u00e9s ou l'emballage pour qu'ils correspondent \u00e0 l'identit\u00e9 de votre marque. Vous pouvez \u00e9galement choisir diff\u00e9rentes couleurs pour la coque ext\u00e9rieure afin de correspondre au style de votre marque.<\/li>\n<li><strong>ODM<\/strong>: Nous collaborons \u00e0 la conception du produit, de l'agencement des compartiments (ajustement du nombre et de la taille des compartiments) aux finitions des mat\u00e9riaux, afin de cr\u00e9er des solutions uniques et adapt\u00e9es au march\u00e9. Nous pouvons \u00e9galement optimiser la structure d'\u00e9tanch\u00e9it\u00e9 ou ajouter des conceptions fonctionnelles sp\u00e9ciales en fonction de vos besoins.<\/li>\n<\/ul>","protected":false},"featured_media":11536,"comment_status":"closed","ping_status":"closed","template":"","meta":[],"product_cat":[58],"product_tag":[87,92],"class_list":{"0":"post-11453","1":"product","2":"type-product","3":"status-publish","4":"has-post-thumbnail","6":"product_cat-lunch-box-wholesale","7":"product_tag-wholesale-multi-compartment-lunch-box","8":"product_tag-wholesale-rectangle-lunch-box","10":"first","11":"instock","12":"shipping-taxable","13":"product-type-simple"},"_links":{"self":[{"href":"https:\/\/moyahousehold.com\/fr\/wp-json\/wp\/v2\/product\/11453","targetHints":{"allow":["GET"]}}],"collection":[{"href":"https:\/\/moyahousehold.com\/fr\/wp-json\/wp\/v2\/product"}],"about":[{"href":"https:\/\/moyahousehold.com\/fr\/wp-json\/wp\/v2\/types\/product"}],"replies":[{"embeddable":true,"href":"https:\/\/moyahousehold.com\/fr\/wp-json\/wp\/v2\/comments?post=11453"}],"version-history":[{"count":3,"href":"https:\/\/moyahousehold.com\/fr\/wp-json\/wp\/v2\/product\/11453\/revisions"}],"predecessor-version":[{"id":13090,"href":"https:\/\/moyahousehold.com\/fr\/wp-json\/wp\/v2\/product\/11453\/revisions\/13090"}],"wp:featuredmedia":[{"embeddable":true,"href":"https:\/\/moyahousehold.com\/fr\/wp-json\/wp\/v2\/media\/11536"}],"wp:attachment":[{"href":"https:\/\/moyahousehold.com\/fr\/wp-json\/wp\/v2\/media?parent=11453"}],"wp:term":[{"taxonomy":"product_cat","embeddable":true,"href":"https:\/\/moyahousehold.com\/fr\/wp-json\/wp\/v2\/product_cat?post=11453"},{"taxonomy":"product_tag","embeddable":true,"href":"https:\/\/moyahousehold.com\/fr\/wp-json\/wp\/v2\/product_tag?post=11453"}],"curies":[{"name":"wp","href":"https:\/\/api.w.org\/{rel}","templated":true}]}}