{"id":11539,"date":"2025-07-15T09:13:31","date_gmt":"2025-07-15T09:13:31","guid":{"rendered":"https:\/\/moyahousehold.com\/?post_type=product&#038;p=11539"},"modified":"2025-07-16T01:57:40","modified_gmt":"2025-07-16T01:57:40","slug":"stainless-steel-instant-noodle-cup-airtight-lid-easy-clean-perfect-for-office-travel-meals","status":"publish","type":"product","link":"https:\/\/moyahousehold.com\/fr\/produit\/stainless-steel-instant-noodle-cup-airtight-lid-easy-clean-perfect-for-office-travel-meals\/","title":{"rendered":"Tasse \u00e0 nouilles instantan\u00e9es en acier inoxydable, couvercle herm\u00e9tique, facile \u00e0 nettoyer, parfaite pour les repas de bureau et de voyage"},"content":{"rendered":"<p><strong>mat\u00e9riel :<\/strong> 304 + PP <strong> couleur :<\/strong> Beige\/Kaki<\/p>\n\n\n\n<figure class=\"wp-block-table\"><table class=\"has-fixed-layout\"><tbody><tr><td>Objet<\/td><td>Mat\u00e9riau<\/td><td>Couleur<\/td><td>Capacit\u00e9<\/td><td>Taille\/PCS<\/td><td>PCS\/Case<\/td><td>N.W.\/PCS<\/td><td>G.W.\/Cas<\/td><\/tr><tr><td>MYSK049<\/td><td>304+PP<\/td><td>Beige\/Kaki<\/td><td>1200ml<\/td><td>15.5*15.5*10<\/td><td>60<\/td><td>0.23<\/td><td>18.80&nbsp;<\/td><\/tr><\/tbody><\/table><\/figure>\n\n\n\n<h3 class=\"wp-block-heading\">Options de bo\u00eetes \u00e0 lunch personnalis\u00e9es<\/h3>\n\n\n\n<p><strong>Logo<\/strong>: personnalisez le logo de votre marque sur la bo\u00eete \u00e0 bento en acier inoxydable et sur l'emballage.<br><strong>Options du logo<\/strong>logo imprim\u00e9, logo grav\u00e9 au laser, etc.<br><strong>Mod\u00e8le<\/strong>: motifs d'impression sur les produits et les emballages.<br><strong>Technologie d'impression<\/strong>Les techniques d'impression sont les suivantes : impression par transfert d'eau, impression par s\u00e9rigraphie, impression par transfert de chaleur, transfert par sublimation, etc.<br><strong>Emballage :<\/strong>bo\u00eete de couleur.<br><a href=\"https:\/\/moyahousehold.com\/fr\/solution-personnalisee\/\"><strong>En savoir plus sur les solutions de bo\u00eetes \u00e0 lunch personnalis\u00e9es.<\/strong><\/a><\/p>\n\n\n\n<div class=\"wp-block-columns is-layout-flex wp-container-core-columns-is-layout-9d6595d7 wp-block-columns-is-layout-flex\">\n<div class=\"wp-block-column is-layout-flow wp-block-column-is-layout-flow\">\n<figure class=\"wp-block-image size-full\"><img fetchpriority=\"high\" decoding=\"async\" width=\"3516\" height=\"3516\" src=\"https:\/\/moyahousehold.com\/wp-content\/uploads\/2025\/07\/Stainless-steel-instant-noodle-bowl-2.webp\" alt=\"Bol \u00e0 nouilles instantan\u00e9es en acier inoxydable\" class=\"wp-image-11512\" srcset=\"https:\/\/moyahousehold.com\/wp-content\/uploads\/2025\/07\/Stainless-steel-instant-noodle-bowl-2.webp 3516w, https:\/\/moyahousehold.com\/wp-content\/uploads\/2025\/07\/Stainless-steel-instant-noodle-bowl-2-300x300.webp 300w, https:\/\/moyahousehold.com\/wp-content\/uploads\/2025\/07\/Stainless-steel-instant-noodle-bowl-2-150x150.webp 150w, https:\/\/moyahousehold.com\/wp-content\/uploads\/2025\/07\/Stainless-steel-instant-noodle-bowl-2-768x768.webp 768w, https:\/\/moyahousehold.com\/wp-content\/uploads\/2025\/07\/Stainless-steel-instant-noodle-bowl-2-12x12.webp 12w, https:\/\/moyahousehold.com\/wp-content\/uploads\/2025\/07\/Stainless-steel-instant-noodle-bowl-2-285x285.webp 285w, https:\/\/moyahousehold.com\/wp-content\/uploads\/2025\/07\/Stainless-steel-instant-noodle-bowl-2-1600x1600.webp 1600w, https:\/\/moyahousehold.com\/wp-content\/uploads\/2025\/07\/Stainless-steel-instant-noodle-bowl-2-270x270.webp 270w, https:\/\/moyahousehold.com\/wp-content\/uploads\/2025\/07\/Stainless-steel-instant-noodle-bowl-2-540x540.webp 540w, https:\/\/moyahousehold.com\/wp-content\/uploads\/2025\/07\/Stainless-steel-instant-noodle-bowl-2-660x660.webp 660w\" sizes=\"(max-width: 3516px) 100vw, 3516px\" \/><\/figure>\n<\/div>\n\n\n\n<div class=\"wp-block-column is-layout-flow wp-block-column-is-layout-flow\">\n<figure class=\"wp-block-image size-full\"><img decoding=\"async\" width=\"3132\" height=\"3132\" src=\"https:\/\/moyahousehold.com\/wp-content\/uploads\/2025\/07\/Stainless-steel-instant-noodle-bowl-1.webp\" alt=\"Bol \u00e0 nouilles instantan\u00e9es en acier inoxydable\" class=\"wp-image-11511\" srcset=\"https:\/\/moyahousehold.com\/wp-content\/uploads\/2025\/07\/Stainless-steel-instant-noodle-bowl-1.webp 3132w, https:\/\/moyahousehold.com\/wp-content\/uploads\/2025\/07\/Stainless-steel-instant-noodle-bowl-1-300x300.webp 300w, https:\/\/moyahousehold.com\/wp-content\/uploads\/2025\/07\/Stainless-steel-instant-noodle-bowl-1-150x150.webp 150w, https:\/\/moyahousehold.com\/wp-content\/uploads\/2025\/07\/Stainless-steel-instant-noodle-bowl-1-768x768.webp 768w, https:\/\/moyahousehold.com\/wp-content\/uploads\/2025\/07\/Stainless-steel-instant-noodle-bowl-1-12x12.webp 12w, https:\/\/moyahousehold.com\/wp-content\/uploads\/2025\/07\/Stainless-steel-instant-noodle-bowl-1-285x285.webp 285w, https:\/\/moyahousehold.com\/wp-content\/uploads\/2025\/07\/Stainless-steel-instant-noodle-bowl-1-1600x1600.webp 1600w, https:\/\/moyahousehold.com\/wp-content\/uploads\/2025\/07\/Stainless-steel-instant-noodle-bowl-1-270x270.webp 270w, https:\/\/moyahousehold.com\/wp-content\/uploads\/2025\/07\/Stainless-steel-instant-noodle-bowl-1-540x540.webp 540w, https:\/\/moyahousehold.com\/wp-content\/uploads\/2025\/07\/Stainless-steel-instant-noodle-bowl-1-660x660.webp 660w\" sizes=\"(max-width: 3132px) 100vw, 3132px\" \/><\/figure>\n<\/div>\n<\/div>\n\n\n\n<div class=\"wp-block-columns is-layout-flex wp-container-core-columns-is-layout-9d6595d7 wp-block-columns-is-layout-flex\">\n<div class=\"wp-block-column is-layout-flow wp-block-column-is-layout-flow\">\n<figure class=\"wp-block-image size-full\"><img decoding=\"async\" width=\"3648\" height=\"3648\" src=\"https:\/\/moyahousehold.com\/wp-content\/uploads\/2025\/07\/Stainless-steel-instant-noodle-bowl-3.webp\" alt=\"Bol \u00e0 nouilles instantan\u00e9es en acier inoxydable\" class=\"wp-image-11513\" srcset=\"https:\/\/moyahousehold.com\/wp-content\/uploads\/2025\/07\/Stainless-steel-instant-noodle-bowl-3.webp 3648w, https:\/\/moyahousehold.com\/wp-content\/uploads\/2025\/07\/Stainless-steel-instant-noodle-bowl-3-300x300.webp 300w, https:\/\/moyahousehold.com\/wp-content\/uploads\/2025\/07\/Stainless-steel-instant-noodle-bowl-3-150x150.webp 150w, https:\/\/moyahousehold.com\/wp-content\/uploads\/2025\/07\/Stainless-steel-instant-noodle-bowl-3-768x768.webp 768w, https:\/\/moyahousehold.com\/wp-content\/uploads\/2025\/07\/Stainless-steel-instant-noodle-bowl-3-12x12.webp 12w, https:\/\/moyahousehold.com\/wp-content\/uploads\/2025\/07\/Stainless-steel-instant-noodle-bowl-3-285x285.webp 285w, https:\/\/moyahousehold.com\/wp-content\/uploads\/2025\/07\/Stainless-steel-instant-noodle-bowl-3-1600x1600.webp 1600w, https:\/\/moyahousehold.com\/wp-content\/uploads\/2025\/07\/Stainless-steel-instant-noodle-bowl-3-270x270.webp 270w, https:\/\/moyahousehold.com\/wp-content\/uploads\/2025\/07\/Stainless-steel-instant-noodle-bowl-3-540x540.webp 540w, https:\/\/moyahousehold.com\/wp-content\/uploads\/2025\/07\/Stainless-steel-instant-noodle-bowl-3-660x660.webp 660w\" sizes=\"(max-width: 3648px) 100vw, 3648px\" \/><\/figure>\n<\/div>\n\n\n\n<div class=\"wp-block-column is-layout-flow wp-block-column-is-layout-flow\">\n<figure class=\"wp-block-image size-full\"><img loading=\"lazy\" decoding=\"async\" width=\"3328\" height=\"3328\" src=\"https:\/\/moyahousehold.com\/wp-content\/uploads\/2025\/07\/Stainless-steel-instant-noodle-bowl-4.webp\" alt=\"Bol \u00e0 nouilles instantan\u00e9es en acier inoxydable\" class=\"wp-image-11514\" srcset=\"https:\/\/moyahousehold.com\/wp-content\/uploads\/2025\/07\/Stainless-steel-instant-noodle-bowl-4.webp 3328w, https:\/\/moyahousehold.com\/wp-content\/uploads\/2025\/07\/Stainless-steel-instant-noodle-bowl-4-300x300.webp 300w, https:\/\/moyahousehold.com\/wp-content\/uploads\/2025\/07\/Stainless-steel-instant-noodle-bowl-4-150x150.webp 150w, https:\/\/moyahousehold.com\/wp-content\/uploads\/2025\/07\/Stainless-steel-instant-noodle-bowl-4-768x768.webp 768w, https:\/\/moyahousehold.com\/wp-content\/uploads\/2025\/07\/Stainless-steel-instant-noodle-bowl-4-12x12.webp 12w, https:\/\/moyahousehold.com\/wp-content\/uploads\/2025\/07\/Stainless-steel-instant-noodle-bowl-4-285x285.webp 285w, https:\/\/moyahousehold.com\/wp-content\/uploads\/2025\/07\/Stainless-steel-instant-noodle-bowl-4-1600x1600.webp 1600w, https:\/\/moyahousehold.com\/wp-content\/uploads\/2025\/07\/Stainless-steel-instant-noodle-bowl-4-270x270.webp 270w, https:\/\/moyahousehold.com\/wp-content\/uploads\/2025\/07\/Stainless-steel-instant-noodle-bowl-4-540x540.webp 540w, https:\/\/moyahousehold.com\/wp-content\/uploads\/2025\/07\/Stainless-steel-instant-noodle-bowl-4-660x660.webp 660w\" sizes=\"(max-width: 3328px) 100vw, 3328px\" \/><\/figure>\n<\/div>\n<\/div>","protected":false},"excerpt":{"rendered":"<h2 class=\"header-vfC6AV auto-hide-last-sibling-br\">Qualit\u00e9 sup\u00e9rieure et design pratique<\/h2>\n<div class=\"auto-hide-last-sibling-br paragraph-JOTKXA paragraph-element br-paragraph-space\">Fabriqu\u00e9s en acier inoxydable 304 de qualit\u00e9 alimentaire, ces bols \u00e0 nouilles instantan\u00e9es pr\u00e9sentent une structure durable et conviviale, id\u00e9ale pour les nouilles instantan\u00e9es, les soupes ou les repas rapides. Parfaits pour les \u00e9tudiants, les employ\u00e9s de bureau et les voyageurs, ils garantissent des repas pratiques et sans d\u00e9g\u00e2ts. Gr\u00e2ce \u00e0 des remises sur les achats en gros et \u00e0 la possibilit\u00e9 de personnaliser les produits OEM et ODM, nous sommes pr\u00eats \u00e0 collaborer avec vous pour r\u00e9pondre \u00e0 vos besoins sp\u00e9cifiques.<\/div>\n<h2 class=\"header-vfC6AV auto-hide-last-sibling-br\">Caract\u00e9ristiques du bol \u00e0 nouilles instantan\u00e9es en acier inoxydable<\/h2>\n<h3 class=\"header-vfC6AV auto-hide-last-sibling-br\">1. Conception fonctionnelle et attrayante<\/h3>\n<div class=\"auto-hide-last-sibling-br paragraph-JOTKXA paragraph-element br-paragraph-space\">Les couleurs vives (rouge, bleu, blanc) et les lignes \u00e9pur\u00e9es ajoutent une touche de modernit\u00e9 \u00e0 l'heure des repas. Le large goulot permet de remuer et de manger facilement, tandis que le format compact se glisse facilement dans les sacs \u00e0 dos ou les lunchs.<\/div>\n<h3 class=\"header-vfC6AV auto-hide-last-sibling-br\">2. Une structure qui conserve la chaleur et qui est \u00e9tanche<\/h3>\n<div class=\"auto-hide-last-sibling-br paragraph-JOTKXA paragraph-element br-paragraph-space\">\u00c9quip\u00e9 d'un couvercle \u00e9tanche et d'un anneau d'\u00e9tanch\u00e9it\u00e9 en silicone, formant un espace herm\u00e9tique. Il conserve efficacement la chaleur pour garder les nouilles chaudes, emp\u00eache les d\u00e9versements pendant le transport et \u00e9vite la perte d'humidit\u00e9, ce qui permet de conserver la fra\u00eecheur et la saveur des repas.<\/div>\n<h3 class=\"header-vfC6AV auto-hide-last-sibling-br\">3. Mat\u00e9riaux s\u00fbrs et certifi\u00e9s<\/h3>\n<div class=\"auto-hide-last-sibling-br paragraph-JOTKXA paragraph-element br-paragraph-space\">Fabriqu\u00e9 en acier inoxydable 304 de qualit\u00e9 alimentaire 100%, exempt de BPA et de produits chimiques nocifs. Certifi\u00e9 par l'ISO et la FDA, garantissant la conformit\u00e9 aux normes internationales de s\u00e9curit\u00e9 alimentaire pour le contact direct avec les aliments.<\/div>\n<h3 class=\"header-vfC6AV auto-hide-last-sibling-br\">4. Polyvalent et facile \u00e0 utiliser<\/h3>\n<div class=\"auto-hide-last-sibling-br paragraph-JOTKXA paragraph-element br-paragraph-space\">Outre les nouilles instantan\u00e9es, il convient aux soupes, aux flocons d'avoine ou m\u00eame \u00e0 la conservation de petits en-cas. La paroi int\u00e9rieure lisse r\u00e9siste \u00e0 l'adh\u00e9rence, ce qui permet un nettoyage rapide et sans probl\u00e8me, au lavage \u00e0 la main ou au lave-vaisselle.<\/div>\n<h3 class=\"header-vfC6AV auto-hide-last-sibling-br\">5. D\u00e9tails conviviaux<\/h3>\n<div class=\"auto-hide-last-sibling-br paragraph-JOTKXA paragraph-element br-paragraph-space\">Le couvercle est con\u00e7u pour s'ouvrir facilement, m\u00eame d'une seule main, ce qui r\u00e9duit la frustration. La couche ext\u00e9rieure r\u00e9sistante \u00e0 la chaleur \u00e9vite les br\u00fblures et permet de manipuler en toute s\u00e9curit\u00e9 des aliments chauds. La construction l\u00e9g\u00e8re \u00e9vite d'alourdir les sacs.<\/div>\n<h2 class=\"header-vfC6AV auto-hide-last-sibling-br\">Services de personnalisation<\/h2>\n<div class=\"auto-hide-last-sibling-br paragraph-JOTKXA paragraph-element br-paragraph-space\">En tant que fabricant leader d'ustensiles de cuisine, nous proposons des solutions OEM et ODM compl\u00e8tes :<\/div>\n<p>&nbsp;<\/p>\n<ul class=\"auto-hide-last-sibling-br\">\n<li><strong>OEM<\/strong>: Personnalisez les logos, les imprim\u00e9s (par exemple, les dessins anim\u00e9s, les slogans de la marque) ou l'emballage pour qu'ils correspondent \u00e0 l'identit\u00e9 de votre marque.<\/li>\n<li><strong>ODM<\/strong>: Collaborer \u00e0 la conception du produit, en ajustant la capacit\u00e9 du bol (500 ml \u00e0 1200 ml) ou en ajoutant des caract\u00e9ristiques telles que des filtres int\u00e9gr\u00e9s ou une isolation \u00e0 double paroi, afin de cr\u00e9er des bols de nouilles instantan\u00e9es uniques et adapt\u00e9s au march\u00e9.<\/li>\n<\/ul>","protected":false},"featured_media":11516,"comment_status":"closed","ping_status":"closed","template":"","meta":[],"product_cat":[58],"product_tag":[87,92],"class_list":{"0":"post-11539","1":"product","2":"type-product","3":"status-publish","4":"has-post-thumbnail","6":"product_cat-lunch-box-wholesale","7":"product_tag-wholesale-multi-compartment-lunch-box","8":"product_tag-wholesale-rectangle-lunch-box","10":"first","11":"instock","12":"shipping-taxable","13":"product-type-simple"},"_links":{"self":[{"href":"https:\/\/moyahousehold.com\/fr\/wp-json\/wp\/v2\/product\/11539","targetHints":{"allow":["GET"]}}],"collection":[{"href":"https:\/\/moyahousehold.com\/fr\/wp-json\/wp\/v2\/product"}],"about":[{"href":"https:\/\/moyahousehold.com\/fr\/wp-json\/wp\/v2\/types\/product"}],"replies":[{"embeddable":true,"href":"https:\/\/moyahousehold.com\/fr\/wp-json\/wp\/v2\/comments?post=11539"}],"version-history":[{"count":0,"href":"https:\/\/moyahousehold.com\/fr\/wp-json\/wp\/v2\/product\/11539\/revisions"}],"wp:featuredmedia":[{"embeddable":true,"href":"https:\/\/moyahousehold.com\/fr\/wp-json\/wp\/v2\/media\/11516"}],"wp:attachment":[{"href":"https:\/\/moyahousehold.com\/fr\/wp-json\/wp\/v2\/media?parent=11539"}],"wp:term":[{"taxonomy":"product_cat","embeddable":true,"href":"https:\/\/moyahousehold.com\/fr\/wp-json\/wp\/v2\/product_cat?post=11539"},{"taxonomy":"product_tag","embeddable":true,"href":"https:\/\/moyahousehold.com\/fr\/wp-json\/wp\/v2\/product_tag?post=11539"}],"curies":[{"name":"wp","href":"https:\/\/api.w.org\/{rel}","templated":true}]}}