{"id":11542,"date":"2025-07-16T02:06:46","date_gmt":"2025-07-16T02:06:46","guid":{"rendered":"https:\/\/moyahousehold.com\/?post_type=product&#038;p=11542"},"modified":"2025-07-16T03:07:24","modified_gmt":"2025-07-16T03:07:24","slug":"stainless-steel-multi-layer-lunch-container-heat-retaining-durable-fits-snacks-main-dishes","status":"publish","type":"product","link":"https:\/\/moyahousehold.com\/fr\/produit\/stainless-steel-multi-layer-lunch-container-heat-retaining-durable-fits-snacks-main-dishes\/","title":{"rendered":"R\u00e9cipient \u00e0 lunch multicouche en acier inoxydable R\u00e9sistant \u00e0 la chaleur Convient aux collations et aux plats principaux"},"content":{"rendered":"<p><strong>mat\u00e9riel :<\/strong> 304 + PP <strong> couleur :<\/strong> Beige\/Kaki<\/p>\n\n\n\n<figure class=\"wp-block-table\"><table class=\"has-fixed-layout\"><tbody><tr><td>Objet<\/td><td>Mat\u00e9riau<\/td><td>Couleur<\/td><td>Capacit\u00e9<\/td><td>Taille\/PCS<\/td><td>PCS\/Case<\/td><td>N.W.\/PCS<\/td><td>G.W.\/Cas<\/td><\/tr><tr><td>MYSK037<\/td><td rowspan=\"4\">304+PP+Silicone<\/td><td rowspan=\"4\">Beige\/Kaki\/Camel<\/td><td>1 couche - 1050 ml<\/td><td>16*14.5*13<\/td><td>60<\/td><td>0.31&nbsp;<\/td><td>23.78&nbsp;<\/td><\/tr><tr><td>MYSK038<\/td><td>2 couches-1750ml<\/td><td>16*14.5*19.3<\/td><td>36<\/td><td>0.51&nbsp;<\/td><td>23.36&nbsp;<\/td><\/tr><tr><td>MYSK039<\/td><td>3 couches-2450ml<\/td><td>16*14.5*25.6<\/td><td>24<\/td><td>0.71&nbsp;<\/td><td>21.97&nbsp;<\/td><\/tr><tr><td>MYSK040<\/td><td>4 couches-3150ml<\/td><td>16*14.5*31.9<\/td><td>24<\/td><td>0.89&nbsp;<\/td><td>26.26&nbsp;<\/td><\/tr><\/tbody><\/table><\/figure>\n\n\n\n<h3 class=\"wp-block-heading\">Options de bo\u00eetes \u00e0 lunch personnalis\u00e9es<\/h3>\n\n\n\n<p><strong>Logo<\/strong>: personnalisez le logo de votre marque sur la bo\u00eete \u00e0 bento en acier inoxydable et sur l'emballage.<br><strong>Options du logo<\/strong>logo imprim\u00e9, logo grav\u00e9 au laser, etc.<br><strong>Mod\u00e8le<\/strong>: motifs d'impression sur les produits et les emballages.<br><strong>Technologie d'impression<\/strong>Les techniques d'impression sont les suivantes : impression par transfert d'eau, impression par s\u00e9rigraphie, impression par transfert de chaleur, transfert par sublimation, etc.<br><strong>Emballage :<\/strong>bo\u00eete de couleur.<br><a href=\"https:\/\/moyahousehold.com\/fr\/solution-personnalisee\/\"><strong>En savoir plus sur les solutions de bo\u00eetes \u00e0 lunch personnalis\u00e9es.<\/strong><\/a><\/p>\n\n\n\n<div class=\"wp-block-columns is-layout-flex wp-container-core-columns-is-layout-9d6595d7 wp-block-columns-is-layout-flex\">\n<div class=\"wp-block-column is-layout-flow wp-block-column-is-layout-flow\">\n<figure class=\"wp-block-image size-full\"><img fetchpriority=\"high\" decoding=\"async\" width=\"3320\" height=\"3320\" src=\"https:\/\/moyahousehold.com\/wp-content\/uploads\/2025\/07\/Stainless-steel-multi-layer-lunch-box-5.webp\" alt=\"Bo\u00eete \u00e0 lunch multicouche en acier inoxydable\" class=\"wp-image-11529\" srcset=\"https:\/\/moyahousehold.com\/wp-content\/uploads\/2025\/07\/Stainless-steel-multi-layer-lunch-box-5.webp 3320w, https:\/\/moyahousehold.com\/wp-content\/uploads\/2025\/07\/Stainless-steel-multi-layer-lunch-box-5-300x300.webp 300w, https:\/\/moyahousehold.com\/wp-content\/uploads\/2025\/07\/Stainless-steel-multi-layer-lunch-box-5-150x150.webp 150w, https:\/\/moyahousehold.com\/wp-content\/uploads\/2025\/07\/Stainless-steel-multi-layer-lunch-box-5-768x768.webp 768w, https:\/\/moyahousehold.com\/wp-content\/uploads\/2025\/07\/Stainless-steel-multi-layer-lunch-box-5-12x12.webp 12w, https:\/\/moyahousehold.com\/wp-content\/uploads\/2025\/07\/Stainless-steel-multi-layer-lunch-box-5-285x285.webp 285w, https:\/\/moyahousehold.com\/wp-content\/uploads\/2025\/07\/Stainless-steel-multi-layer-lunch-box-5-1600x1600.webp 1600w, https:\/\/moyahousehold.com\/wp-content\/uploads\/2025\/07\/Stainless-steel-multi-layer-lunch-box-5-270x270.webp 270w, https:\/\/moyahousehold.com\/wp-content\/uploads\/2025\/07\/Stainless-steel-multi-layer-lunch-box-5-540x540.webp 540w, https:\/\/moyahousehold.com\/wp-content\/uploads\/2025\/07\/Stainless-steel-multi-layer-lunch-box-5-660x660.webp 660w\" sizes=\"(max-width: 3320px) 100vw, 3320px\" \/><\/figure>\n<\/div>\n\n\n\n<div class=\"wp-block-column is-layout-flow wp-block-column-is-layout-flow\">\n<figure class=\"wp-block-image size-full\"><img decoding=\"async\" width=\"3504\" height=\"3504\" src=\"https:\/\/moyahousehold.com\/wp-content\/uploads\/2025\/07\/Stainless-steel-multi-layer-lunch-box-6.webp\" alt=\"Bo\u00eete \u00e0 lunch multicouche en acier inoxydable\" class=\"wp-image-11530\" srcset=\"https:\/\/moyahousehold.com\/wp-content\/uploads\/2025\/07\/Stainless-steel-multi-layer-lunch-box-6.webp 3504w, https:\/\/moyahousehold.com\/wp-content\/uploads\/2025\/07\/Stainless-steel-multi-layer-lunch-box-6-300x300.webp 300w, https:\/\/moyahousehold.com\/wp-content\/uploads\/2025\/07\/Stainless-steel-multi-layer-lunch-box-6-150x150.webp 150w, https:\/\/moyahousehold.com\/wp-content\/uploads\/2025\/07\/Stainless-steel-multi-layer-lunch-box-6-768x768.webp 768w, https:\/\/moyahousehold.com\/wp-content\/uploads\/2025\/07\/Stainless-steel-multi-layer-lunch-box-6-12x12.webp 12w, https:\/\/moyahousehold.com\/wp-content\/uploads\/2025\/07\/Stainless-steel-multi-layer-lunch-box-6-285x285.webp 285w, https:\/\/moyahousehold.com\/wp-content\/uploads\/2025\/07\/Stainless-steel-multi-layer-lunch-box-6-1600x1600.webp 1600w, https:\/\/moyahousehold.com\/wp-content\/uploads\/2025\/07\/Stainless-steel-multi-layer-lunch-box-6-270x270.webp 270w, https:\/\/moyahousehold.com\/wp-content\/uploads\/2025\/07\/Stainless-steel-multi-layer-lunch-box-6-540x540.webp 540w, https:\/\/moyahousehold.com\/wp-content\/uploads\/2025\/07\/Stainless-steel-multi-layer-lunch-box-6-660x660.webp 660w\" sizes=\"(max-width: 3504px) 100vw, 3504px\" \/><\/figure>\n<\/div>\n<\/div>\n\n\n\n<div class=\"wp-block-columns is-layout-flex wp-container-core-columns-is-layout-9d6595d7 wp-block-columns-is-layout-flex\">\n<div class=\"wp-block-column is-layout-flow wp-block-column-is-layout-flow\">\n<figure class=\"wp-block-image size-full\"><img decoding=\"async\" width=\"3648\" height=\"3648\" src=\"https:\/\/moyahousehold.com\/wp-content\/uploads\/2025\/07\/Stainless-steel-multi-layer-lunch-box-7.webp\" alt=\"Bo\u00eete \u00e0 lunch multicouche en acier inoxydable\" class=\"wp-image-11531\" srcset=\"https:\/\/moyahousehold.com\/wp-content\/uploads\/2025\/07\/Stainless-steel-multi-layer-lunch-box-7.webp 3648w, https:\/\/moyahousehold.com\/wp-content\/uploads\/2025\/07\/Stainless-steel-multi-layer-lunch-box-7-300x300.webp 300w, https:\/\/moyahousehold.com\/wp-content\/uploads\/2025\/07\/Stainless-steel-multi-layer-lunch-box-7-150x150.webp 150w, https:\/\/moyahousehold.com\/wp-content\/uploads\/2025\/07\/Stainless-steel-multi-layer-lunch-box-7-768x768.webp 768w, https:\/\/moyahousehold.com\/wp-content\/uploads\/2025\/07\/Stainless-steel-multi-layer-lunch-box-7-12x12.webp 12w, https:\/\/moyahousehold.com\/wp-content\/uploads\/2025\/07\/Stainless-steel-multi-layer-lunch-box-7-285x285.webp 285w, https:\/\/moyahousehold.com\/wp-content\/uploads\/2025\/07\/Stainless-steel-multi-layer-lunch-box-7-1600x1600.webp 1600w, https:\/\/moyahousehold.com\/wp-content\/uploads\/2025\/07\/Stainless-steel-multi-layer-lunch-box-7-270x270.webp 270w, https:\/\/moyahousehold.com\/wp-content\/uploads\/2025\/07\/Stainless-steel-multi-layer-lunch-box-7-540x540.webp 540w, https:\/\/moyahousehold.com\/wp-content\/uploads\/2025\/07\/Stainless-steel-multi-layer-lunch-box-7-660x660.webp 660w\" sizes=\"(max-width: 3648px) 100vw, 3648px\" \/><\/figure>\n<\/div>\n\n\n\n<div class=\"wp-block-column is-layout-flow wp-block-column-is-layout-flow\">\n<figure class=\"wp-block-image size-full\"><img loading=\"lazy\" decoding=\"async\" width=\"3357\" height=\"3357\" src=\"https:\/\/moyahousehold.com\/wp-content\/uploads\/2025\/07\/Stainless-steel-multi-layer-lunch-box-8.webp\" alt=\"Bo\u00eete \u00e0 lunch multicouche en acier inoxydable\" class=\"wp-image-11532\" srcset=\"https:\/\/moyahousehold.com\/wp-content\/uploads\/2025\/07\/Stainless-steel-multi-layer-lunch-box-8.webp 3357w, https:\/\/moyahousehold.com\/wp-content\/uploads\/2025\/07\/Stainless-steel-multi-layer-lunch-box-8-300x300.webp 300w, https:\/\/moyahousehold.com\/wp-content\/uploads\/2025\/07\/Stainless-steel-multi-layer-lunch-box-8-150x150.webp 150w, https:\/\/moyahousehold.com\/wp-content\/uploads\/2025\/07\/Stainless-steel-multi-layer-lunch-box-8-768x768.webp 768w, https:\/\/moyahousehold.com\/wp-content\/uploads\/2025\/07\/Stainless-steel-multi-layer-lunch-box-8-12x12.webp 12w, https:\/\/moyahousehold.com\/wp-content\/uploads\/2025\/07\/Stainless-steel-multi-layer-lunch-box-8-285x285.webp 285w, https:\/\/moyahousehold.com\/wp-content\/uploads\/2025\/07\/Stainless-steel-multi-layer-lunch-box-8-1600x1600.webp 1600w, https:\/\/moyahousehold.com\/wp-content\/uploads\/2025\/07\/Stainless-steel-multi-layer-lunch-box-8-270x270.webp 270w, https:\/\/moyahousehold.com\/wp-content\/uploads\/2025\/07\/Stainless-steel-multi-layer-lunch-box-8-540x540.webp 540w, https:\/\/moyahousehold.com\/wp-content\/uploads\/2025\/07\/Stainless-steel-multi-layer-lunch-box-8-660x660.webp 660w\" sizes=\"(max-width: 3357px) 100vw, 3357px\" \/><\/figure>\n<\/div>\n<\/div>","protected":false},"excerpt":{"rendered":"<h2 class=\"header-vfC6AV auto-hide-last-sibling-br\">Qualit\u00e9 sup\u00e9rieure et design pratique<\/h2>\n<div class=\"auto-hide-last-sibling-br paragraph-JOTKXA paragraph-element br-paragraph-space\">Fabriqu\u00e9es en acier inoxydable 304 de qualit\u00e9 alimentaire, ces bo\u00eetes \u00e0 repas sont dot\u00e9es d'une structure multicouche (disponible en 2 \u00e0 4 couches), ce qui permet de ranger s\u00e9par\u00e9ment diff\u00e9rents aliments. Id\u00e9ales pour les \u00e9tudiants, le personnel de bureau et les voyageurs, elles garantissent que les repas restent frais, organis\u00e9s et sans d\u00e9g\u00e2ts. Gr\u00e2ce \u00e0 des remises sur les achats en gros et \u00e0 la possibilit\u00e9 de personnaliser les produits OEM et ODM, nous sommes pr\u00eats \u00e0 collaborer avec vous pour r\u00e9pondre \u00e0 vos besoins sp\u00e9cifiques.<\/div>\n<h2 class=\"header-vfC6AV auto-hide-last-sibling-br\">Caract\u00e9ristiques de la bo\u00eete \u00e0 lunch en acier inoxydable multicouche<\/h2>\n<h3 class=\"header-vfC6AV auto-hide-last-sibling-br\">1. Design \u00e9l\u00e9gant et fonctionnel<\/h3>\n<div class=\"auto-hide-last-sibling-br paragraph-JOTKXA paragraph-element br-paragraph-space\">Les finitions m\u00e9talliques \u00e9l\u00e9gantes ou les couleurs personnalisables (noir mat, cr\u00e8me, etc.) s'int\u00e8grent \u00e0 diverses esth\u00e9tiques. La conception empilable permet d'\u00e9conomiser de l'espace dans les armoires, tandis que la poign\u00e9e sup\u00e9rieure renforc\u00e9e facilite le transport. Elle est suffisamment compacte pour se glisser dans les sacs \u00e0 dos ou les sacs de travail sans encombrement.<\/div>\n<h3 class=\"header-vfC6AV auto-hide-last-sibling-br\">2. Syst\u00e8me multicouche intelligent<\/h3>\n<div class=\"auto-hide-last-sibling-br paragraph-JOTKXA paragraph-element br-paragraph-space\">2 \u00e0 4 couches ind\u00e9pendantes permettent de s\u00e9parer les soupes, les plats principaux, les accompagnements et les en-cas, \u00e9vitant ainsi les m\u00e9langes de saveurs et les d\u00e9trempes. Chaque couche a une capacit\u00e9 adapt\u00e9e (250 ml-600 ml) pour faciliter le contr\u00f4le des portions, ce qui est parfait pour les r\u00e9gimes \u00e9quilibr\u00e9s et la gestion nutritionnelle.<\/div>\n<h3 class=\"header-vfC6AV auto-hide-last-sibling-br\">3. Mat\u00e9riaux s\u00fbrs et certifi\u00e9s<\/h3>\n<div class=\"auto-hide-last-sibling-br paragraph-JOTKXA paragraph-element br-paragraph-space\">Fabriqu\u00e9 en acier inoxydable 304 de qualit\u00e9 alimentaire 100%, exempt de BPA et de produits chimiques nocifs. Certifi\u00e9 par les normes internationales de s\u00e9curit\u00e9 alimentaire (par exemple, FDA, LFGB), garantissant un contact direct et s\u00fbr avec les aliments chauds ou froids. Les bords lisses et polis \u00e9vitent les rayures pendant l'utilisation.<\/div>\n<h3 class=\"header-vfC6AV auto-hide-last-sibling-br\">4. Performance en mati\u00e8re d'\u00e9tanch\u00e9it\u00e9 \u00e0 l'air et aux fuites<\/h3>\n<div class=\"auto-hide-last-sibling-br paragraph-JOTKXA paragraph-element br-paragraph-space\">Chaque couche est munie d'un couvercle scell\u00e9 \u00e0 la silicone, cr\u00e9ant ainsi une barri\u00e8re \u00e9tanche \u00e0 l'air. Les sachets conservent leur fra\u00eecheur pendant des heures (ils peuvent \u00eatre conserv\u00e9s au r\u00e9frig\u00e9rateur ou \u00e0 temp\u00e9rature ambiante) et emp\u00eachent les fuites de liquides tels que les bouillons ou les vinaigrettes, ce qui permet de garder les sachets propres.<\/div>\n<h3 class=\"header-vfC6AV auto-hide-last-sibling-br\">5. D\u00e9tails conviviaux<\/h3>\n<div class=\"auto-hide-last-sibling-br paragraph-JOTKXA paragraph-element br-paragraph-space\">Les couvercles sont dot\u00e9s de languettes faciles \u00e0 saisir pour une ouverture sans effort, convenant aussi bien aux enfants qu'aux adultes. L\u00e9g\u00e8res et durables, les surfaces r\u00e9sistent \u00e0 la rouille et peuvent \u00eatre nettoy\u00e9es rapidement au lave-vaisselle. Les couches d\u00e9tachables permettent une utilisation flexible (par exemple, une seule couche pour les snacks).<\/div>","protected":false},"featured_media":11525,"comment_status":"closed","ping_status":"closed","template":"","meta":[],"product_cat":[58],"product_tag":[87,92],"class_list":{"0":"post-11542","1":"product","2":"type-product","3":"status-publish","4":"has-post-thumbnail","6":"product_cat-lunch-box-wholesale","7":"product_tag-wholesale-multi-compartment-lunch-box","8":"product_tag-wholesale-rectangle-lunch-box","10":"first","11":"instock","12":"shipping-taxable","13":"product-type-simple"},"_links":{"self":[{"href":"https:\/\/moyahousehold.com\/fr\/wp-json\/wp\/v2\/product\/11542","targetHints":{"allow":["GET"]}}],"collection":[{"href":"https:\/\/moyahousehold.com\/fr\/wp-json\/wp\/v2\/product"}],"about":[{"href":"https:\/\/moyahousehold.com\/fr\/wp-json\/wp\/v2\/types\/product"}],"replies":[{"embeddable":true,"href":"https:\/\/moyahousehold.com\/fr\/wp-json\/wp\/v2\/comments?post=11542"}],"version-history":[{"count":0,"href":"https:\/\/moyahousehold.com\/fr\/wp-json\/wp\/v2\/product\/11542\/revisions"}],"wp:featuredmedia":[{"embeddable":true,"href":"https:\/\/moyahousehold.com\/fr\/wp-json\/wp\/v2\/media\/11525"}],"wp:attachment":[{"href":"https:\/\/moyahousehold.com\/fr\/wp-json\/wp\/v2\/media?parent=11542"}],"wp:term":[{"taxonomy":"product_cat","embeddable":true,"href":"https:\/\/moyahousehold.com\/fr\/wp-json\/wp\/v2\/product_cat?post=11542"},{"taxonomy":"product_tag","embeddable":true,"href":"https:\/\/moyahousehold.com\/fr\/wp-json\/wp\/v2\/product_tag?post=11542"}],"curies":[{"name":"wp","href":"https:\/\/api.w.org\/{rel}","templated":true}]}}