{"id":11545,"date":"2025-07-16T03:10:53","date_gmt":"2025-07-16T03:10:53","guid":{"rendered":"https:\/\/moyahousehold.com\/?post_type=product&#038;p=11545"},"modified":"2025-07-16T03:16:13","modified_gmt":"2025-07-16T03:16:13","slug":"striped-bottom-stainless-steel-storage-box-clear-pe-lid-leakproof-ideal-for-food-preservation","status":"publish","type":"product","link":"https:\/\/moyahousehold.com\/fr\/produit\/striped-bottom-stainless-steel-storage-box-clear-pe-lid-leakproof-ideal-for-food-preservation\/","title":{"rendered":"Bo\u00eete de conservation \u00e0 fond ray\u00e9 en acier inoxydable Couvercle en PE transparent Etanche, id\u00e9ale pour la conservation des aliments"},"content":{"rendered":"<p><strong>mat\u00e9riel :<\/strong> 304 + Couvercle PE <strong> couleur :<\/strong> Acier<\/p>\n\n\n\n<figure class=\"wp-block-table\"><table class=\"has-fixed-layout\"><tbody><tr><td>Objet<\/td><td>Mat\u00e9riau<\/td><td>Couleur<\/td><td>Capacit\u00e9<\/td><td>Taille\/PCS<\/td><td>PCS\/Case<\/td><td>N.W.\/PCS<\/td><td>G.W.\/Cas<\/td><\/tr><tr><td>MYJD323<\/td><td rowspan=\"9\">SUS304+PE<\/td><td rowspan=\"9\">Acier+blanc<\/td><td>580ml<\/td><td>17*10.6*5.2<\/td><td>80<\/td><td>0.15&nbsp;<\/td><td>13.84&nbsp;<\/td><\/tr><tr><td>MYJD324<\/td><td>880ml<\/td><td>17*10.6*7.7<\/td><td>60<\/td><td>0.19&nbsp;<\/td><td>13.34&nbsp;<\/td><\/tr><tr><td>MYJD325<\/td><td>1180ml<\/td><td>17*10.6*10.3<\/td><td>50<\/td><td>0.23&nbsp;<\/td><td>13.55&nbsp;<\/td><\/tr><tr><td>MYJD326<\/td><td>1000ml<\/td><td>20.8*14.1*5.2<\/td><td>56<\/td><td>0.23&nbsp;<\/td><td>14.60&nbsp;<\/td><\/tr><tr><td>MYJD327<\/td><td>1600ml<\/td><td>20.8*14.1*7.7<\/td><td>40<\/td><td>0.27&nbsp;<\/td><td>12.72&nbsp;<\/td><\/tr><tr><td>MYJD328<\/td><td>2100ml<\/td><td>20.8*14.1*10.3<\/td><td>32<\/td><td>0.34&nbsp;<\/td><td>12.88&nbsp;<\/td><\/tr><tr><td>MYJD329<\/td><td>1500ml<\/td><td>24.3*17.5*5.2<\/td><td>48<\/td><td>0.29&nbsp;<\/td><td>16.02&nbsp;<\/td><\/tr><tr><td>MYJD330<\/td><td>2300ml<\/td><td>24.3*17.5*7.7<\/td><td>36<\/td><td>0.34&nbsp;<\/td><td>14.06&nbsp;<\/td><\/tr><tr><td>MYJD331<\/td><td>3100ml<\/td><td>24.3*17.5*10.3<\/td><td>24<\/td><td>0.38&nbsp;<\/td><td>11.05&nbsp;<\/td><\/tr><\/tbody><\/table><\/figure>\n\n\n\n<h3 class=\"wp-block-heading\">Options de bo\u00eetes \u00e0 lunch personnalis\u00e9es<\/h3>\n\n\n\n<p><strong>Logo<\/strong>: personnalisez le logo de votre marque sur la bo\u00eete \u00e0 bento en acier inoxydable et sur l'emballage.<br><strong>Options du logo<\/strong>logo imprim\u00e9, logo grav\u00e9 au laser, etc.<br><strong>Mod\u00e8le<\/strong>: motifs d'impression sur les produits et les emballages.<br><strong>Technologie d'impression<\/strong>Les techniques d'impression sont les suivantes : impression par transfert d'eau, impression par s\u00e9rigraphie, impression par transfert de chaleur, transfert par sublimation, etc.<br><strong>Emballage :<\/strong>bo\u00eete de couleur.<br><a href=\"https:\/\/moyahousehold.com\/fr\/solution-personnalisee\/\"><strong>En savoir plus sur les solutions de bo\u00eetes \u00e0 lunch personnalis\u00e9es.<\/strong><\/a><\/p>\n\n\n\n<div class=\"wp-block-columns is-layout-flex wp-container-core-columns-is-layout-9d6595d7 wp-block-columns-is-layout-flex\">\n<div class=\"wp-block-column is-layout-flow wp-block-column-is-layout-flow\">\n<figure class=\"wp-block-image size-full\"><img fetchpriority=\"high\" decoding=\"async\" width=\"3602\" height=\"3602\" src=\"https:\/\/moyahousehold.com\/wp-content\/uploads\/2025\/07\/PE-lid-food-storage-container-12.webp\" alt=\"R\u00e9cipient de conservation des aliments avec couvercle en PE\" class=\"wp-image-11509\" srcset=\"https:\/\/moyahousehold.com\/wp-content\/uploads\/2025\/07\/PE-lid-food-storage-container-12.webp 3602w, https:\/\/moyahousehold.com\/wp-content\/uploads\/2025\/07\/PE-lid-food-storage-container-12-300x300.webp 300w, https:\/\/moyahousehold.com\/wp-content\/uploads\/2025\/07\/PE-lid-food-storage-container-12-150x150.webp 150w, https:\/\/moyahousehold.com\/wp-content\/uploads\/2025\/07\/PE-lid-food-storage-container-12-768x768.webp 768w, https:\/\/moyahousehold.com\/wp-content\/uploads\/2025\/07\/PE-lid-food-storage-container-12-12x12.webp 12w, https:\/\/moyahousehold.com\/wp-content\/uploads\/2025\/07\/PE-lid-food-storage-container-12-285x285.webp 285w, https:\/\/moyahousehold.com\/wp-content\/uploads\/2025\/07\/PE-lid-food-storage-container-12-1600x1600.webp 1600w, https:\/\/moyahousehold.com\/wp-content\/uploads\/2025\/07\/PE-lid-food-storage-container-12-270x270.webp 270w, https:\/\/moyahousehold.com\/wp-content\/uploads\/2025\/07\/PE-lid-food-storage-container-12-540x540.webp 540w, https:\/\/moyahousehold.com\/wp-content\/uploads\/2025\/07\/PE-lid-food-storage-container-12-660x660.webp 660w\" sizes=\"(max-width: 3602px) 100vw, 3602px\" \/><\/figure>\n<\/div>\n\n\n\n<div class=\"wp-block-column is-layout-flow wp-block-column-is-layout-flow\">\n<figure class=\"wp-block-image size-full\"><img decoding=\"async\" width=\"3878\" height=\"3878\" src=\"https:\/\/moyahousehold.com\/wp-content\/uploads\/2025\/07\/PE-lid-food-storage-container-11.webp\" alt=\"R\u00e9cipient de conservation des aliments avec couvercle en PE\" class=\"wp-image-11508\" srcset=\"https:\/\/moyahousehold.com\/wp-content\/uploads\/2025\/07\/PE-lid-food-storage-container-11.webp 3878w, https:\/\/moyahousehold.com\/wp-content\/uploads\/2025\/07\/PE-lid-food-storage-container-11-300x300.webp 300w, https:\/\/moyahousehold.com\/wp-content\/uploads\/2025\/07\/PE-lid-food-storage-container-11-150x150.webp 150w, https:\/\/moyahousehold.com\/wp-content\/uploads\/2025\/07\/PE-lid-food-storage-container-11-768x768.webp 768w, https:\/\/moyahousehold.com\/wp-content\/uploads\/2025\/07\/PE-lid-food-storage-container-11-12x12.webp 12w, https:\/\/moyahousehold.com\/wp-content\/uploads\/2025\/07\/PE-lid-food-storage-container-11-285x285.webp 285w, https:\/\/moyahousehold.com\/wp-content\/uploads\/2025\/07\/PE-lid-food-storage-container-11-1600x1600.webp 1600w, https:\/\/moyahousehold.com\/wp-content\/uploads\/2025\/07\/PE-lid-food-storage-container-11-270x270.webp 270w, https:\/\/moyahousehold.com\/wp-content\/uploads\/2025\/07\/PE-lid-food-storage-container-11-540x540.webp 540w, https:\/\/moyahousehold.com\/wp-content\/uploads\/2025\/07\/PE-lid-food-storage-container-11-660x660.webp 660w\" sizes=\"(max-width: 3878px) 100vw, 3878px\" \/><\/figure>\n<\/div>\n<\/div>\n\n\n\n<div class=\"wp-block-columns is-layout-flex wp-container-core-columns-is-layout-9d6595d7 wp-block-columns-is-layout-flex\">\n<div class=\"wp-block-column is-layout-flow wp-block-column-is-layout-flow\">\n<figure class=\"wp-block-image size-full\"><img decoding=\"async\" width=\"3803\" height=\"3803\" src=\"https:\/\/moyahousehold.com\/wp-content\/uploads\/2025\/07\/PE-lid-food-storage-container-10.webp\" alt=\"R\u00e9cipient de conservation des aliments avec couvercle en PE\" class=\"wp-image-11507\" srcset=\"https:\/\/moyahousehold.com\/wp-content\/uploads\/2025\/07\/PE-lid-food-storage-container-10.webp 3803w, https:\/\/moyahousehold.com\/wp-content\/uploads\/2025\/07\/PE-lid-food-storage-container-10-300x300.webp 300w, https:\/\/moyahousehold.com\/wp-content\/uploads\/2025\/07\/PE-lid-food-storage-container-10-150x150.webp 150w, https:\/\/moyahousehold.com\/wp-content\/uploads\/2025\/07\/PE-lid-food-storage-container-10-768x768.webp 768w, https:\/\/moyahousehold.com\/wp-content\/uploads\/2025\/07\/PE-lid-food-storage-container-10-12x12.webp 12w, https:\/\/moyahousehold.com\/wp-content\/uploads\/2025\/07\/PE-lid-food-storage-container-10-285x285.webp 285w, https:\/\/moyahousehold.com\/wp-content\/uploads\/2025\/07\/PE-lid-food-storage-container-10-1600x1600.webp 1600w, https:\/\/moyahousehold.com\/wp-content\/uploads\/2025\/07\/PE-lid-food-storage-container-10-270x270.webp 270w, https:\/\/moyahousehold.com\/wp-content\/uploads\/2025\/07\/PE-lid-food-storage-container-10-540x540.webp 540w, https:\/\/moyahousehold.com\/wp-content\/uploads\/2025\/07\/PE-lid-food-storage-container-10-660x660.webp 660w\" sizes=\"(max-width: 3803px) 100vw, 3803px\" \/><\/figure>\n<\/div>\n\n\n\n<div class=\"wp-block-column is-layout-flow wp-block-column-is-layout-flow\">\n<figure class=\"wp-block-image size-full\"><img loading=\"lazy\" decoding=\"async\" width=\"3736\" height=\"3736\" src=\"https:\/\/moyahousehold.com\/wp-content\/uploads\/2025\/07\/PE-lid-food-storage-container-8.webp\" alt=\"R\u00e9cipient de conservation des aliments avec couvercle en PE\" class=\"wp-image-11505\" srcset=\"https:\/\/moyahousehold.com\/wp-content\/uploads\/2025\/07\/PE-lid-food-storage-container-8.webp 3736w, https:\/\/moyahousehold.com\/wp-content\/uploads\/2025\/07\/PE-lid-food-storage-container-8-300x300.webp 300w, https:\/\/moyahousehold.com\/wp-content\/uploads\/2025\/07\/PE-lid-food-storage-container-8-150x150.webp 150w, https:\/\/moyahousehold.com\/wp-content\/uploads\/2025\/07\/PE-lid-food-storage-container-8-768x768.webp 768w, https:\/\/moyahousehold.com\/wp-content\/uploads\/2025\/07\/PE-lid-food-storage-container-8-12x12.webp 12w, https:\/\/moyahousehold.com\/wp-content\/uploads\/2025\/07\/PE-lid-food-storage-container-8-285x285.webp 285w, https:\/\/moyahousehold.com\/wp-content\/uploads\/2025\/07\/PE-lid-food-storage-container-8-1600x1600.webp 1600w, https:\/\/moyahousehold.com\/wp-content\/uploads\/2025\/07\/PE-lid-food-storage-container-8-270x270.webp 270w, https:\/\/moyahousehold.com\/wp-content\/uploads\/2025\/07\/PE-lid-food-storage-container-8-540x540.webp 540w, https:\/\/moyahousehold.com\/wp-content\/uploads\/2025\/07\/PE-lid-food-storage-container-8-660x660.webp 660w\" sizes=\"(max-width: 3736px) 100vw, 3736px\" \/><\/figure>\n<\/div>\n<\/div>\n\n\n\n<p><\/p>","protected":false},"excerpt":{"rendered":"<h2 class=\"header-vfC6AV auto-hide-last-sibling-br\">Qualit\u00e9 sup\u00e9rieure et design pratique<\/h2>\n<div class=\"auto-hide-last-sibling-br paragraph-JOTKXA paragraph-element br-paragraph-space\">Fabriqu\u00e9s en acier inoxydable de qualit\u00e9 alimentaire, ces r\u00e9cipients de stockage pr\u00e9sentent un fond ray\u00e9 et un couvercle transparent en PE, id\u00e9al pour conserver les fruits, les restes ou les produits secs au frais. Parfaites pour la maison, la cuisine ou les pique-niques, elles garantissent que les aliments restent organis\u00e9s, visibles et sans d\u00e9g\u00e2ts. Avec des remises sur les achats en gros et la possibilit\u00e9 de personnaliser les produits OEM et ODM, nous sommes pr\u00eats \u00e0 coop\u00e9rer pour r\u00e9pondre \u00e0 vos besoins sp\u00e9cifiques.<\/div>\n<h2 class=\"header-vfC6AV auto-hide-last-sibling-br\">Caract\u00e9ristiques de la bo\u00eete de conservation en acier inoxydable<\/h2>\n<h3 class=\"header-vfC6AV auto-hide-last-sibling-br\">1. Design \u00e9l\u00e9gant et fonctionnel<\/h3>\n<div class=\"auto-hide-last-sibling-br paragraph-JOTKXA paragraph-element br-paragraph-space\">La base ray\u00e9e unique ajoute un attrait esth\u00e9tique et une fonctionnalit\u00e9 antid\u00e9rapante, am\u00e9liorant la stabilit\u00e9 sur les comptoirs. Le couvercle en PE transparent permet d'identifier le contenu d'un seul coup d'\u0153il. Compacts et empilables, ils permettent d'\u00e9conomiser l'espace du r\u00e9frig\u00e9rateur ou de l'armoire.<\/div>\n<h3 class=\"header-vfC6AV auto-hide-last-sibling-br\">2. Pr\u00e9servation efficace de la fra\u00eecheur<\/h3>\n<div class=\"auto-hide-last-sibling-br paragraph-JOTKXA paragraph-element br-paragraph-space\">Le couvercle en PE avec anneau d'\u00e9tanch\u00e9it\u00e9 en silicone cr\u00e9e une barri\u00e8re \u00e9tanche \u00e0 l'air. Il bloque l'air et l'humidit\u00e9, emp\u00eache le m\u00e9lange d'odeurs et la d\u00e9t\u00e9rioration des aliments, et prolonge la fra\u00eecheur des aliments. Il convient \u00e0 la r\u00e9frig\u00e9ration et au stockage \u00e0 temp\u00e9rature ambiante.<\/div>\n<h3 class=\"header-vfC6AV auto-hide-last-sibling-br\">3. Mat\u00e9riau s\u00fbr et durable<\/h3>\n<div class=\"auto-hide-last-sibling-br paragraph-JOTKXA paragraph-element br-paragraph-space\">Fabriqu\u00e9 en acier inoxydable 100% de qualit\u00e9 alimentaire, sans BPA ni produits chimiques nocifs. Le couvercle en PE transparent est non toxique, solide et sans danger pour le contact direct avec les aliments. Certifi\u00e9 par les normes de s\u00e9curit\u00e9 alimentaire en vigueur, il garantit une utilisation fiable.<\/div>\n<h3 class=\"header-vfC6AV auto-hide-last-sibling-br\">4. D\u00e9tails conviviaux<\/h3>\n<div class=\"auto-hide-last-sibling-br paragraph-JOTKXA paragraph-element br-paragraph-space\">Le couvercle en PE est con\u00e7u pour s'ouvrir et se fermer facilement, avec un bord lisse qui m\u00e9nage les mains. Le corps en acier inoxydable est r\u00e9sistant \u00e0 la corrosion et facile \u00e0 nettoyer, tandis que la base ray\u00e9e r\u00e9siste aux rayures lors d'une utilisation quotidienne.<\/div>\n<h3 class=\"header-vfC6AV auto-hide-last-sibling-br\">5. Des tailles polyvalentes<\/h3>\n<div class=\"auto-hide-last-sibling-br paragraph-JOTKXA paragraph-element br-paragraph-space\">Disponibles dans une gamme de capacit\u00e9s (200ml-2L), de la plus petite pour les condiments \u00e0 la plus grande pour les restes de la famille, elles s'adaptent aux diff\u00e9rents besoins de stockage dans la vie quotidienne ou dans les environnements commerciaux.<\/div>","protected":false},"featured_media":11510,"comment_status":"closed","ping_status":"closed","template":"","meta":[],"product_cat":[57],"product_tag":[87,92],"class_list":{"0":"post-11545","1":"product","2":"type-product","3":"status-publish","4":"has-post-thumbnail","6":"product_cat-food-storage-container-wholesale","7":"product_tag-wholesale-multi-compartment-lunch-box","8":"product_tag-wholesale-rectangle-lunch-box","10":"first","11":"instock","12":"shipping-taxable","13":"product-type-simple"},"_links":{"self":[{"href":"https:\/\/moyahousehold.com\/fr\/wp-json\/wp\/v2\/product\/11545","targetHints":{"allow":["GET"]}}],"collection":[{"href":"https:\/\/moyahousehold.com\/fr\/wp-json\/wp\/v2\/product"}],"about":[{"href":"https:\/\/moyahousehold.com\/fr\/wp-json\/wp\/v2\/types\/product"}],"replies":[{"embeddable":true,"href":"https:\/\/moyahousehold.com\/fr\/wp-json\/wp\/v2\/comments?post=11545"}],"version-history":[{"count":1,"href":"https:\/\/moyahousehold.com\/fr\/wp-json\/wp\/v2\/product\/11545\/revisions"}],"predecessor-version":[{"id":11812,"href":"https:\/\/moyahousehold.com\/fr\/wp-json\/wp\/v2\/product\/11545\/revisions\/11812"}],"wp:featuredmedia":[{"embeddable":true,"href":"https:\/\/moyahousehold.com\/fr\/wp-json\/wp\/v2\/media\/11510"}],"wp:attachment":[{"href":"https:\/\/moyahousehold.com\/fr\/wp-json\/wp\/v2\/media?parent=11545"}],"wp:term":[{"taxonomy":"product_cat","embeddable":true,"href":"https:\/\/moyahousehold.com\/fr\/wp-json\/wp\/v2\/product_cat?post=11545"},{"taxonomy":"product_tag","embeddable":true,"href":"https:\/\/moyahousehold.com\/fr\/wp-json\/wp\/v2\/product_tag?post=11545"}],"curies":[{"name":"wp","href":"https:\/\/api.w.org\/{rel}","templated":true}]}}