{"id":11548,"date":"2025-07-16T03:16:37","date_gmt":"2025-07-16T03:16:37","guid":{"rendered":"https:\/\/moyahousehold.com\/?post_type=product&#038;p=11548"},"modified":"2026-03-27T02:30:03","modified_gmt":"2026-03-27T02:30:03","slug":"stainless-steel-food-container-with-striped-base-clear-as-lid-wide-latches-airtight-seal-ideal-for-freshness-preservation","status":"publish","type":"product","link":"https:\/\/moyahousehold.com\/fr\/produit\/stainless-steel-food-container-with-striped-base-clear-as-lid-wide-latches-airtight-seal-ideal-for-freshness-preservation\/","title":{"rendered":"R\u00e9cipient alimentaire en acier inoxydable avec base ray\u00e9e Couvercle AS transparent Fermetures larges Sceau \u00e9tanche \u00e0 l'air Id\u00e9al pour la conservation de la fra\u00eecheur"},"content":{"rendered":"<p><strong>mat\u00e9riel :<\/strong> 304 +AS Couvercle <strong> couleur :<\/strong> Acier\/Beige\/Kaki<\/p>\n\n\n\n<figure class=\"wp-block-table\"><table class=\"has-fixed-layout\"><tbody><tr><td>Objet<\/td><td>Mat\u00e9riau<\/td><td>Couleur<\/td><td>Capacit\u00e9<\/td><td>Taille\/PCS<\/td><td>PCS\/Case<\/td><td>N.W.\/PCS<\/td><td>G.W.\/Cas<\/td><\/tr><tr><td>MYJD392<\/td><td rowspan=\"10\">304+AS+PP+<br>Silicone<\/td><td rowspan=\"10\">Steel+Green\/<br>Marron<\/td><td>520ml<\/td><td>15.4*10.5*6.5<\/td><td>80<\/td><td>0.20&nbsp;<\/td><td>17.60&nbsp;<\/td><\/tr><tr><td>MYJD393<\/td><td>720ml<\/td><td>15.4*10.5*8.4<\/td><td>60<\/td><td>0.22&nbsp;<\/td><td>14.90&nbsp;<\/td><\/tr><tr><td>MYJD394<\/td><td>900ml<\/td><td>18.5*13.8*6.5<\/td><td>56<\/td><td>0.28&nbsp;<\/td><td>17.57&nbsp;<\/td><\/tr><tr><td>MYJD395<\/td><td>1200ml<\/td><td>18.5*13.8*8.4<\/td><td>48<\/td><td>0.30&nbsp;<\/td><td>16.35&nbsp;<\/td><\/tr><tr><td>MYJD396<\/td><td>1500ml<\/td><td>22.8*17.2*6.5<\/td><td>48<\/td><td>0.42&nbsp;<\/td><td>21.97&nbsp;<\/td><\/tr><tr><td>MYJD397<\/td><td>2000ml<\/td><td>22.8*17.2*8.4<\/td><td>36<\/td><td>0.47&nbsp;<\/td><td>18.78&nbsp;<\/td><\/tr><tr><td>MYJD398<\/td><td>700ml<\/td><td>14*14*6.5<\/td><td>64<\/td><td>0.20&nbsp;<\/td><td>14.86&nbsp;<\/td><\/tr><tr><td>MYJD399<\/td><td>950ml<\/td><td>14*14*8.4<\/td><td>48<\/td><td>0.22&nbsp;<\/td><td>12.56&nbsp;<\/td><\/tr><tr><td>MYJD400<\/td><td>500ml<\/td><td>14*14*6.5<\/td><td>96<\/td><td>0.19&nbsp;<\/td><td>19.76&nbsp;<\/td><\/tr><tr><td>MYJD401<\/td><td>720ml<\/td><td>14*14*8.4<\/td><td>72<\/td><td>0.21&nbsp;<\/td><td>16.83&nbsp;<\/td><\/tr><tr><td>MYJD402<\/td><td rowspan=\"10\">304+AS+PP+<br>Silicone<\/td><td rowspan=\"10\">Beige\/Kaki<\/td><td>520ml<\/td><td>15.4*10.5*6.5<\/td><td>80<\/td><td>0.20&nbsp;<\/td><td>17.76&nbsp;<\/td><\/tr><tr><td>MYJD403<\/td><td>720ml<\/td><td>15.4*10.5*8.4<\/td><td>60<\/td><td>0.22&nbsp;<\/td><td>15.08&nbsp;<\/td><\/tr><tr><td>MYJD404<\/td><td>900ml<\/td><td>18.5*13.8*6.5<\/td><td>56<\/td><td>0.28&nbsp;<\/td><td>17.90&nbsp;<\/td><\/tr><tr><td>MYJD405<\/td><td>1200ml<\/td><td>18.5*13.8*8.4<\/td><td>48<\/td><td>0.30&nbsp;<\/td><td>16.59&nbsp;<\/td><\/tr><tr><td>MYJD406<\/td><td>1500ml<\/td><td>22.8*17.2*6.5<\/td><td>48<\/td><td>0.42&nbsp;<\/td><td>21.97&nbsp;<\/td><\/tr><tr><td>MYJD407<\/td><td>2000ml<\/td><td>22.8*17.2*8.4<\/td><td>36<\/td><td>0.48&nbsp;<\/td><td>19.21&nbsp;<\/td><\/tr><tr><td>MYJD408<\/td><td>700ml<\/td><td>14*14*6.5<\/td><td>64<\/td><td>0.22&nbsp;<\/td><td>16.14&nbsp;<\/td><\/tr><tr><td>MYJD409<\/td><td>950ml<\/td><td>14*14*8.4<\/td><td>48<\/td><td>0.24&nbsp;<\/td><td>13.66&nbsp;<\/td><\/tr><tr><td>MYJD410<\/td><td>500ml<\/td><td>14*14*6.5<\/td><td>96<\/td><td>0.19&nbsp;<\/td><td>19.76&nbsp;<\/td><\/tr><tr><td>MYJD411<\/td><td>720ml<\/td><td>14*14*8.4<\/td><td>72<\/td><td>0.21&nbsp;<\/td><td>16.98&nbsp;<\/td><\/tr><\/tbody><\/table><\/figure>\n\n\n\n<h3 class=\"wp-block-heading\">Options de bo\u00eetes \u00e0 lunch personnalis\u00e9es<\/h3>\n\n\n\n<p><strong>Logo<\/strong>: personnalisez le logo de votre marque sur la bo\u00eete \u00e0 bento en acier inoxydable et sur l'emballage.<br><strong>Options du logo<\/strong>logo imprim\u00e9, logo grav\u00e9 au laser, etc.<br><strong>Mod\u00e8le<\/strong>: motifs d'impression sur les produits et les emballages.<br><strong>Technologie d'impression<\/strong>Les techniques d'impression sont les suivantes : impression par transfert d'eau, impression par s\u00e9rigraphie, impression par transfert de chaleur, transfert par sublimation, etc.<br><strong>Emballage :<\/strong>bo\u00eete de couleur.<br><a href=\"https:\/\/moyahousehold.com\/fr\/solution-personnalisee\/\"><strong>En savoir plus sur les solutions de bo\u00eetes \u00e0 lunch personnalis\u00e9es.<\/strong><\/a><\/p>\n\n\n\n<div class=\"wp-block-columns is-layout-flex wp-container-core-columns-is-layout-9d6595d7 wp-block-columns-is-layout-flex\">\n<div class=\"wp-block-column is-layout-flow wp-block-column-is-layout-flow\">\n<figure class=\"wp-block-image size-full\"><img fetchpriority=\"high\" decoding=\"async\" width=\"4037\" height=\"4037\" src=\"https:\/\/moyahousehold.com\/wp-content\/uploads\/2025\/07\/AS-cover-food-storage-container.webp\" alt=\"R\u00e9cipient de stockage alimentaire \u00e0 couvercle AS\" class=\"wp-image-11497\" srcset=\"https:\/\/moyahousehold.com\/wp-content\/uploads\/2025\/07\/AS-cover-food-storage-container.webp 4037w, https:\/\/moyahousehold.com\/wp-content\/uploads\/2025\/07\/AS-cover-food-storage-container-300x300.webp 300w, https:\/\/moyahousehold.com\/wp-content\/uploads\/2025\/07\/AS-cover-food-storage-container-150x150.webp 150w, https:\/\/moyahousehold.com\/wp-content\/uploads\/2025\/07\/AS-cover-food-storage-container-768x768.webp 768w, https:\/\/moyahousehold.com\/wp-content\/uploads\/2025\/07\/AS-cover-food-storage-container-12x12.webp 12w, https:\/\/moyahousehold.com\/wp-content\/uploads\/2025\/07\/AS-cover-food-storage-container-285x285.webp 285w, https:\/\/moyahousehold.com\/wp-content\/uploads\/2025\/07\/AS-cover-food-storage-container-1600x1600.webp 1600w, https:\/\/moyahousehold.com\/wp-content\/uploads\/2025\/07\/AS-cover-food-storage-container-270x270.webp 270w, https:\/\/moyahousehold.com\/wp-content\/uploads\/2025\/07\/AS-cover-food-storage-container-540x540.webp 540w, https:\/\/moyahousehold.com\/wp-content\/uploads\/2025\/07\/AS-cover-food-storage-container-660x660.webp 660w\" sizes=\"(max-width: 4037px) 100vw, 4037px\" \/><\/figure>\n<\/div>\n\n\n\n<div class=\"wp-block-column is-layout-flow wp-block-column-is-layout-flow\">\n<figure class=\"wp-block-image size-full\"><img decoding=\"async\" width=\"3953\" height=\"3953\" src=\"https:\/\/moyahousehold.com\/wp-content\/uploads\/2025\/07\/AS-cover-food-storage-container-41.webp\" alt=\"R\u00e9cipient de stockage alimentaire \u00e0 couvercle AS\" class=\"wp-image-11496\" srcset=\"https:\/\/moyahousehold.com\/wp-content\/uploads\/2025\/07\/AS-cover-food-storage-container-41.webp 3953w, https:\/\/moyahousehold.com\/wp-content\/uploads\/2025\/07\/AS-cover-food-storage-container-41-300x300.webp 300w, https:\/\/moyahousehold.com\/wp-content\/uploads\/2025\/07\/AS-cover-food-storage-container-41-150x150.webp 150w, https:\/\/moyahousehold.com\/wp-content\/uploads\/2025\/07\/AS-cover-food-storage-container-41-768x768.webp 768w, https:\/\/moyahousehold.com\/wp-content\/uploads\/2025\/07\/AS-cover-food-storage-container-41-12x12.webp 12w, https:\/\/moyahousehold.com\/wp-content\/uploads\/2025\/07\/AS-cover-food-storage-container-41-285x285.webp 285w, https:\/\/moyahousehold.com\/wp-content\/uploads\/2025\/07\/AS-cover-food-storage-container-41-1600x1600.webp 1600w, https:\/\/moyahousehold.com\/wp-content\/uploads\/2025\/07\/AS-cover-food-storage-container-41-270x270.webp 270w, https:\/\/moyahousehold.com\/wp-content\/uploads\/2025\/07\/AS-cover-food-storage-container-41-540x540.webp 540w, https:\/\/moyahousehold.com\/wp-content\/uploads\/2025\/07\/AS-cover-food-storage-container-41-660x660.webp 660w\" sizes=\"(max-width: 3953px) 100vw, 3953px\" \/><\/figure>\n<\/div>\n<\/div>\n\n\n\n<div class=\"wp-block-columns is-layout-flex wp-container-core-columns-is-layout-9d6595d7 wp-block-columns-is-layout-flex\">\n<div class=\"wp-block-column is-layout-flow wp-block-column-is-layout-flow\">\n<figure class=\"wp-block-image size-full\"><img decoding=\"async\" width=\"3903\" height=\"3903\" src=\"https:\/\/moyahousehold.com\/wp-content\/uploads\/2025\/07\/AS-cover-food-storage-container-1.webp\" alt=\"R\u00e9cipient de stockage alimentaire \u00e0 couvercle AS\" class=\"wp-image-11454\" srcset=\"https:\/\/moyahousehold.com\/wp-content\/uploads\/2025\/07\/AS-cover-food-storage-container-1.webp 3903w, https:\/\/moyahousehold.com\/wp-content\/uploads\/2025\/07\/AS-cover-food-storage-container-1-300x300.webp 300w, https:\/\/moyahousehold.com\/wp-content\/uploads\/2025\/07\/AS-cover-food-storage-container-1-150x150.webp 150w, https:\/\/moyahousehold.com\/wp-content\/uploads\/2025\/07\/AS-cover-food-storage-container-1-768x768.webp 768w, https:\/\/moyahousehold.com\/wp-content\/uploads\/2025\/07\/AS-cover-food-storage-container-1-12x12.webp 12w, https:\/\/moyahousehold.com\/wp-content\/uploads\/2025\/07\/AS-cover-food-storage-container-1-285x285.webp 285w, https:\/\/moyahousehold.com\/wp-content\/uploads\/2025\/07\/AS-cover-food-storage-container-1-1600x1600.webp 1600w, https:\/\/moyahousehold.com\/wp-content\/uploads\/2025\/07\/AS-cover-food-storage-container-1-270x270.webp 270w, https:\/\/moyahousehold.com\/wp-content\/uploads\/2025\/07\/AS-cover-food-storage-container-1-540x540.webp 540w, https:\/\/moyahousehold.com\/wp-content\/uploads\/2025\/07\/AS-cover-food-storage-container-1-660x660.webp 660w\" sizes=\"(max-width: 3903px) 100vw, 3903px\" \/><\/figure>\n<\/div>\n\n\n\n<div class=\"wp-block-column is-layout-flow wp-block-column-is-layout-flow\">\n<figure class=\"wp-block-image size-full\"><img loading=\"lazy\" decoding=\"async\" width=\"4160\" height=\"4160\" src=\"https:\/\/moyahousehold.com\/wp-content\/uploads\/2025\/07\/AS-cover-food-storage-container-2.webp\" alt=\"R\u00e9cipient de stockage alimentaire \u00e0 couvercle AS\" class=\"wp-image-11455\" srcset=\"https:\/\/moyahousehold.com\/wp-content\/uploads\/2025\/07\/AS-cover-food-storage-container-2.webp 4160w, https:\/\/moyahousehold.com\/wp-content\/uploads\/2025\/07\/AS-cover-food-storage-container-2-300x300.webp 300w, https:\/\/moyahousehold.com\/wp-content\/uploads\/2025\/07\/AS-cover-food-storage-container-2-150x150.webp 150w, https:\/\/moyahousehold.com\/wp-content\/uploads\/2025\/07\/AS-cover-food-storage-container-2-768x768.webp 768w, https:\/\/moyahousehold.com\/wp-content\/uploads\/2025\/07\/AS-cover-food-storage-container-2-12x12.webp 12w, https:\/\/moyahousehold.com\/wp-content\/uploads\/2025\/07\/AS-cover-food-storage-container-2-285x285.webp 285w, https:\/\/moyahousehold.com\/wp-content\/uploads\/2025\/07\/AS-cover-food-storage-container-2-1600x1600.webp 1600w, https:\/\/moyahousehold.com\/wp-content\/uploads\/2025\/07\/AS-cover-food-storage-container-2-270x270.webp 270w, https:\/\/moyahousehold.com\/wp-content\/uploads\/2025\/07\/AS-cover-food-storage-container-2-540x540.webp 540w, https:\/\/moyahousehold.com\/wp-content\/uploads\/2025\/07\/AS-cover-food-storage-container-2-660x660.webp 660w\" sizes=\"(max-width: 4160px) 100vw, 4160px\" \/><\/figure>\n<\/div>\n<\/div>\n\n\n\n<p><\/p>","protected":false},"excerpt":{"rendered":"<div class=\"inter-jQQQ8P\">\n<div class=\"container-PrUkKo\">\n<div class=\"item-hGGxLi\">\n<div class=\"container-arOxqB chrome70-container\">\n<div class=\"inner-FyM8gE inner-item-swzCut\" data-target-id=\"message-box-target-id\" data-testid=\"union_message\">\n<div class=\"message-block-container-aFugD6\" data-testid=\"message-block-container\">\n<div class=\"flex flex-row w-full w-full max-w-full s-font-base text-s-color-text-secondary p-0 rounded-s-radius-s bg-transparent group data-[attr=select-mode]:-mt-10 data-[attr=select-mode]:py-10 data-[attr=select-mode]:px-16 data-[attr=select-mode]:sm:p-10 data-[attr=select-mode]:hover:bg-s-color-bg-base data-[attr=select-mode]:hover:rounded-s-radius-xs data-[attr=select-mode]:has-[:checked]:bg-s-color-bg-trans data-[attr=select-mode]:has-[:checked]:rounded-s-radius-xs data-[attr=select-mode]:pointer-events-none\" data-testid=\"receive_message\">\n<div class=\"flex flex-col flex-grow max-w-full min-w-0\">\n<div class=\"flex flex-row w-full\" data-testid=\"message_content\" data-message-id=\"12422009564245506\">\n<div class=\"w-full\" data-plugin-identifier=\"Symbol(infra:receive-message-box:text)\">\n<div class=\"container-ZYIsnH flow-markdown-body theme-samantha-Nbr9UN\" dir=\"ltr\" data-testid=\"message_text_content\" data-show-indicator=\"false\">\n<h2 class=\"header-vfC6AV auto-hide-last-sibling-br\">Qualit\u00e9 sup\u00e9rieure et design pratique<\/h2>\n<div class=\"auto-hide-last-sibling-br paragraph-JOTKXA paragraph-element br-paragraph-space\">Fabriqu\u00e9s en acier inoxydable de qualit\u00e9 alimentaire, ces r\u00e9cipients de stockage sont dot\u00e9s d'un fond ray\u00e9, d'un couvercle AS transparent et de larges fermetures. Ils sont id\u00e9aux pour conserver les fruits, les restes ou les produits secs au frais. Parfaits pour la maison, la cuisine ou l'ext\u00e9rieur, ils garantissent que les aliments restent organis\u00e9s, visibles et bien scell\u00e9s. Gr\u00e2ce \u00e0 des remises sur les achats en gros et \u00e0 la possibilit\u00e9 de personnaliser les produits OEM et ODM, nous sommes pr\u00eats \u00e0 collaborer avec vous pour r\u00e9pondre \u00e0 vos besoins sp\u00e9cifiques.<\/div>\n<h2 class=\"header-vfC6AV auto-hide-last-sibling-br\">Caract\u00e9ristiques de la bo\u00eete de conservation en acier inoxydable<\/h2>\n<h3 class=\"header-vfC6AV auto-hide-last-sibling-br\">1. Design \u00e9l\u00e9gant et fonctionnel<\/h3>\n<div class=\"auto-hide-last-sibling-br paragraph-JOTKXA paragraph-element br-paragraph-space\">La base ray\u00e9e unique ajoute une touche esth\u00e9tique tout en am\u00e9liorant la stabilit\u00e9 antid\u00e9rapante sur diverses surfaces. Le couvercle AS transparent permet d'identifier le contenu d'un seul coup d'\u0153il. Compact et empilable, il permet de gagner de la place dans les r\u00e9frig\u00e9rateurs, les armoires ou les paniers de pique-nique.<\/div>\n<h3 class=\"header-vfC6AV auto-hide-last-sibling-br\">2. Pr\u00e9servation efficace de la fra\u00eecheur<\/h3>\n<div class=\"auto-hide-last-sibling-br paragraph-JOTKXA paragraph-element br-paragraph-space\">Les larges loquets se verrouillent herm\u00e9tiquement avec le couvercle AS, associ\u00e9 \u00e0 un anneau d'\u00e9tanch\u00e9it\u00e9 en silicone pour former une barri\u00e8re herm\u00e9tique solide. Bloque l'air et l'humidit\u00e9, emp\u00eache le m\u00e9lange d'odeurs et la d\u00e9t\u00e9rioration, et prolonge la fra\u00eecheur des aliments. Convient pour la r\u00e9frig\u00e9ration et le stockage \u00e0 temp\u00e9rature ambiante.<\/div>\n<h3 class=\"header-vfC6AV auto-hide-last-sibling-br\">3. Mat\u00e9riau s\u00fbr et durable<\/h3>\n<div class=\"auto-hide-last-sibling-br paragraph-JOTKXA paragraph-element br-paragraph-space\">Fabriqu\u00e9 en acier inoxydable 100% de qualit\u00e9 alimentaire, sans BPA ni produits chimiques nocifs. Le couvercle AS est incassable, non toxique et sans danger pour le contact direct avec les aliments. Certifi\u00e9 par les normes de s\u00e9curit\u00e9 alimentaire en vigueur, il garantit une utilisation fiable et durable.<\/div>\n<h3 class=\"header-vfC6AV auto-hide-last-sibling-br\">4. D\u00e9tails conviviaux<\/h3>\n<div class=\"auto-hide-last-sibling-br paragraph-JOTKXA paragraph-element br-paragraph-space\">Les larges loquets sont con\u00e7us pour s'ouvrir et se fermer facilement, sans effort, et conviennent aussi bien aux adultes qu'aux enfants. Le corps en acier inoxydable est r\u00e9sistant \u00e0 la corrosion et facile \u00e0 nettoyer, tandis que la base ray\u00e9e r\u00e9siste aux rayures lors d'une utilisation quotidienne.<\/div>\n<h3 class=\"header-vfC6AV auto-hide-last-sibling-br\">5. Des tailles polyvalentes<\/h3>\n<div class=\"auto-hide-last-sibling-br paragraph-JOTKXA paragraph-element br-paragraph-space\">Disponibles dans une gamme de capacit\u00e9s (250 ml-2,5 l), de la plus petite pour les condiments ou les en-cas \u00e0 la plus grande pour les portions familiales, elles s'adaptent aux diff\u00e9rents besoins de stockage dans la vie quotidienne ou dans les environnements commerciaux.<\/div>\n<\/div>\n<\/div>\n<\/div>\n<\/div>\n<\/div>\n<\/div>\n<\/div>\n<\/div>\n<\/div>\n<\/div>\n<\/div>","protected":false},"featured_media":11470,"comment_status":"closed","ping_status":"closed","template":"","meta":[],"product_cat":[57],"product_tag":[87,92],"class_list":{"0":"post-11548","1":"product","2":"type-product","3":"status-publish","4":"has-post-thumbnail","6":"product_cat-food-storage-container-wholesale","7":"product_tag-wholesale-multi-compartment-lunch-box","8":"product_tag-wholesale-rectangle-lunch-box","10":"first","11":"instock","12":"shipping-taxable","13":"product-type-simple"},"_links":{"self":[{"href":"https:\/\/moyahousehold.com\/fr\/wp-json\/wp\/v2\/product\/11548","targetHints":{"allow":["GET"]}}],"collection":[{"href":"https:\/\/moyahousehold.com\/fr\/wp-json\/wp\/v2\/product"}],"about":[{"href":"https:\/\/moyahousehold.com\/fr\/wp-json\/wp\/v2\/types\/product"}],"replies":[{"embeddable":true,"href":"https:\/\/moyahousehold.com\/fr\/wp-json\/wp\/v2\/comments?post=11548"}],"version-history":[{"count":1,"href":"https:\/\/moyahousehold.com\/fr\/wp-json\/wp\/v2\/product\/11548\/revisions"}],"predecessor-version":[{"id":12089,"href":"https:\/\/moyahousehold.com\/fr\/wp-json\/wp\/v2\/product\/11548\/revisions\/12089"}],"wp:featuredmedia":[{"embeddable":true,"href":"https:\/\/moyahousehold.com\/fr\/wp-json\/wp\/v2\/media\/11470"}],"wp:attachment":[{"href":"https:\/\/moyahousehold.com\/fr\/wp-json\/wp\/v2\/media?parent=11548"}],"wp:term":[{"taxonomy":"product_cat","embeddable":true,"href":"https:\/\/moyahousehold.com\/fr\/wp-json\/wp\/v2\/product_cat?post=11548"},{"taxonomy":"product_tag","embeddable":true,"href":"https:\/\/moyahousehold.com\/fr\/wp-json\/wp\/v2\/product_tag?post=11548"}],"curies":[{"name":"wp","href":"https:\/\/api.w.org\/{rel}","templated":true}]}}