{"id":11815,"date":"2025-12-27T03:21:32","date_gmt":"2025-12-27T02:49:20","guid":{"rendered":"https:\/\/moyahousehold.com\/?post_type=product&#038;p=11815"},"modified":"2025-12-27T03:32:55","modified_gmt":"2025-12-27T03:32:55","slug":"breathable-button-stainless-steel-food-container-keep-food-fresh-longer-with-secure-seal-portable-design","status":"publish","type":"product","link":"https:\/\/moyahousehold.com\/fr\/produit\/breathable-button-stainless-steel-food-container-keep-food-fresh-longer-with-secure-seal-portable-design\/","title":{"rendered":"Contenant alimentaire en acier inoxydable \u00e0 bouton respirant : Conservez vos aliments frais plus longtemps gr\u00e2ce \u00e0 une fermeture s\u00e9curis\u00e9e et un design portable."},"content":{"rendered":"<h2 class=\"wp-block-heading\">Param\u00e8tres de la bo\u00eete \u00e0 lunch multi-compartiments pour enfants \u00e0 l'\u00e9cole<\/h2>\n\n\n\n<p><strong>mat\u00e9riel :<\/strong> 304 + PP+Silicone <strong> couleur :<\/strong> Beige<\/p>\n\n\n\n<figure class=\"wp-block-table\"><table class=\"has-fixed-layout\"><tbody><tr><td>Objet<\/td><td>Mat\u00e9riau<\/td><td>Couleur<\/td><td>Capacit\u00e9<\/td><td>Taille\/PCS<\/td><td>PCS\/Case<\/td><td>N.W.\/PCS<\/td><td>G.W.\/Cas<\/td><\/tr><tr><td>MYJX362<\/td><td>304+PP+Silicone<\/td><td>Beige<\/td><td>1200-3900ML<\/td><td>72*50*52<\/td><td>48<\/td><td>0.81&nbsp;<\/td><td>24.37&nbsp;<\/td><\/tr><\/tbody><\/table><\/figure>\n\n\n\n<h3 class=\"wp-block-heading\">Options de bo\u00eetes \u00e0 lunch personnalis\u00e9es<\/h3>\n\n\n\n<p><strong>Logo<\/strong>: personnalisez le logo de votre marque sur la bo\u00eete \u00e0 bento en acier inoxydable et sur l'emballage.<br><strong>Options du logo<\/strong>logo imprim\u00e9, logo grav\u00e9 au laser, etc.<br><strong>Mod\u00e8le<\/strong>: motifs d'impression sur les produits et les emballages.<br><strong>Technologie d'impression<\/strong>Les techniques d'impression sont les suivantes : impression par transfert d'eau, impression par s\u00e9rigraphie, impression par transfert de chaleur, transfert par sublimation, etc.<br><strong>Emballage :<\/strong>bo\u00eete de couleur.<br><a href=\"https:\/\/moyahousehold.com\/fr\/solution-personnalisee\/\"><strong>En savoir plus sur les solutions de bo\u00eetes \u00e0 lunch personnalis\u00e9es.<\/strong><\/a><\/p>\n\n\n\n<div class=\"wp-block-columns is-layout-flex wp-container-core-columns-is-layout-9d6595d7 wp-block-columns-is-layout-flex\">\n<div class=\"wp-block-column is-layout-flow wp-block-column-is-layout-flow\" style=\"flex-basis:100%\">\n<div class=\"wp-block-group is-nowrap is-layout-flex wp-container-core-group-is-layout-ad2f72ca wp-block-group-is-layout-flex\">\n<div class=\"wp-block-columns is-layout-flex wp-container-core-columns-is-layout-9d6595d7 wp-block-columns-is-layout-flex\">\n<div class=\"wp-block-column is-layout-flow wp-block-column-is-layout-flow\">\n<figure class=\"wp-block-image size-full\"><img fetchpriority=\"high\" decoding=\"async\" width=\"800\" height=\"800\" src=\"https:\/\/moyahousehold.com\/wp-content\/uploads\/2025\/12\/moya-Stainless-steel-304.webp\" alt=\"\" class=\"wp-image-11821\" srcset=\"https:\/\/moyahousehold.com\/wp-content\/uploads\/2025\/12\/moya-Stainless-steel-304.webp 800w, https:\/\/moyahousehold.com\/wp-content\/uploads\/2025\/12\/moya-Stainless-steel-304-300x300.webp 300w, https:\/\/moyahousehold.com\/wp-content\/uploads\/2025\/12\/moya-Stainless-steel-304-150x150.webp 150w, https:\/\/moyahousehold.com\/wp-content\/uploads\/2025\/12\/moya-Stainless-steel-304-768x768.webp 768w, https:\/\/moyahousehold.com\/wp-content\/uploads\/2025\/12\/moya-Stainless-steel-304-12x12.webp 12w, https:\/\/moyahousehold.com\/wp-content\/uploads\/2025\/12\/moya-Stainless-steel-304-285x285.webp 285w, https:\/\/moyahousehold.com\/wp-content\/uploads\/2025\/12\/moya-Stainless-steel-304-270x270.webp 270w, https:\/\/moyahousehold.com\/wp-content\/uploads\/2025\/12\/moya-Stainless-steel-304-540x540.webp 540w, https:\/\/moyahousehold.com\/wp-content\/uploads\/2025\/12\/moya-Stainless-steel-304-660x660.webp 660w\" sizes=\"(max-width: 800px) 100vw, 800px\" \/><\/figure>\n<\/div>\n\n\n\n<div class=\"wp-block-column is-layout-flow wp-block-column-is-layout-flow\">\n<figure class=\"wp-block-image size-full\"><img decoding=\"async\" width=\"800\" height=\"800\" src=\"https:\/\/moyahousehold.com\/wp-content\/uploads\/2025\/12\/Factory-wholesale-1.webp\" alt=\"\" class=\"wp-image-11819\" srcset=\"https:\/\/moyahousehold.com\/wp-content\/uploads\/2025\/12\/Factory-wholesale-1.webp 800w, https:\/\/moyahousehold.com\/wp-content\/uploads\/2025\/12\/Factory-wholesale-1-300x300.webp 300w, https:\/\/moyahousehold.com\/wp-content\/uploads\/2025\/12\/Factory-wholesale-1-150x150.webp 150w, https:\/\/moyahousehold.com\/wp-content\/uploads\/2025\/12\/Factory-wholesale-1-768x768.webp 768w, https:\/\/moyahousehold.com\/wp-content\/uploads\/2025\/12\/Factory-wholesale-1-12x12.webp 12w, https:\/\/moyahousehold.com\/wp-content\/uploads\/2025\/12\/Factory-wholesale-1-285x285.webp 285w, https:\/\/moyahousehold.com\/wp-content\/uploads\/2025\/12\/Factory-wholesale-1-270x270.webp 270w, https:\/\/moyahousehold.com\/wp-content\/uploads\/2025\/12\/Factory-wholesale-1-540x540.webp 540w, https:\/\/moyahousehold.com\/wp-content\/uploads\/2025\/12\/Factory-wholesale-1-660x660.webp 660w\" sizes=\"(max-width: 800px) 100vw, 800px\" \/><\/figure>\n<\/div>\n<\/div>\n<\/div>\n<\/div>\n<\/div>\n\n\n\n<div class=\"wp-block-columns is-layout-flex wp-container-core-columns-is-layout-9d6595d7 wp-block-columns-is-layout-flex\">\n<div class=\"wp-block-column is-layout-flow wp-block-column-is-layout-flow\">\n<figure class=\"wp-block-image size-full\"><img decoding=\"async\" width=\"800\" height=\"800\" src=\"https:\/\/moyahousehold.com\/wp-content\/uploads\/2025\/12\/food-storage-box.webp\" alt=\"\" class=\"wp-image-11820\" srcset=\"https:\/\/moyahousehold.com\/wp-content\/uploads\/2025\/12\/food-storage-box.webp 800w, https:\/\/moyahousehold.com\/wp-content\/uploads\/2025\/12\/food-storage-box-300x300.webp 300w, https:\/\/moyahousehold.com\/wp-content\/uploads\/2025\/12\/food-storage-box-150x150.webp 150w, https:\/\/moyahousehold.com\/wp-content\/uploads\/2025\/12\/food-storage-box-768x768.webp 768w, https:\/\/moyahousehold.com\/wp-content\/uploads\/2025\/12\/food-storage-box-12x12.webp 12w, https:\/\/moyahousehold.com\/wp-content\/uploads\/2025\/12\/food-storage-box-285x285.webp 285w, https:\/\/moyahousehold.com\/wp-content\/uploads\/2025\/12\/food-storage-box-270x270.webp 270w, https:\/\/moyahousehold.com\/wp-content\/uploads\/2025\/12\/food-storage-box-540x540.webp 540w, https:\/\/moyahousehold.com\/wp-content\/uploads\/2025\/12\/food-storage-box-660x660.webp 660w\" sizes=\"(max-width: 800px) 100vw, 800px\" \/><\/figure>\n<\/div>\n\n\n\n<div class=\"wp-block-column is-layout-flow wp-block-column-is-layout-flow\">\n<figure class=\"wp-block-image size-full\"><img loading=\"lazy\" decoding=\"async\" width=\"800\" height=\"800\" src=\"https:\/\/moyahousehold.com\/wp-content\/uploads\/2025\/12\/Stainless-steel-food-storage-box.webp\" alt=\"\" class=\"wp-image-11822\" srcset=\"https:\/\/moyahousehold.com\/wp-content\/uploads\/2025\/12\/Stainless-steel-food-storage-box.webp 800w, https:\/\/moyahousehold.com\/wp-content\/uploads\/2025\/12\/Stainless-steel-food-storage-box-300x300.webp 300w, https:\/\/moyahousehold.com\/wp-content\/uploads\/2025\/12\/Stainless-steel-food-storage-box-150x150.webp 150w, https:\/\/moyahousehold.com\/wp-content\/uploads\/2025\/12\/Stainless-steel-food-storage-box-768x768.webp 768w, https:\/\/moyahousehold.com\/wp-content\/uploads\/2025\/12\/Stainless-steel-food-storage-box-12x12.webp 12w, https:\/\/moyahousehold.com\/wp-content\/uploads\/2025\/12\/Stainless-steel-food-storage-box-285x285.webp 285w, https:\/\/moyahousehold.com\/wp-content\/uploads\/2025\/12\/Stainless-steel-food-storage-box-270x270.webp 270w, https:\/\/moyahousehold.com\/wp-content\/uploads\/2025\/12\/Stainless-steel-food-storage-box-540x540.webp 540w, https:\/\/moyahousehold.com\/wp-content\/uploads\/2025\/12\/Stainless-steel-food-storage-box-660x660.webp 660w\" sizes=\"(max-width: 800px) 100vw, 800px\" \/><\/figure>\n<\/div>\n<\/div>","protected":false},"excerpt":{"rendered":"<h2 class=\"header-vfC6AV auto-hide-last-sibling-br\">Qualit\u00e9 sup\u00e9rieure et design pratique<\/h2>\n<div class=\"auto-hide-last-sibling-br paragraph-JOTKXA paragraph-element br-paragraph-space\">Fabriqu\u00e9e en acier inoxydable 304 de qualit\u00e9 alimentaire, cette bo\u00eete \u00e0 bento est dot\u00e9e d'une structure \u00e0 compartiments multiples (disponible en 4 ou 5 compartiments), ce qui permet de classer facilement les diff\u00e9rents aliments. Id\u00e9ale pour les \u00e9tudiants et le personnel de bureau, elle garantit que les repas restent frais, organis\u00e9s et sans d\u00e9g\u00e2ts. Avec des remises sur les achats en gros et la possibilit\u00e9 de personnaliser les produits OEM et ODM, nous sommes pr\u00eats \u00e0 coop\u00e9rer pour r\u00e9pondre \u00e0 vos besoins sp\u00e9cifiques.<\/div>\n<h1 class=\"header-iWP5WJ auto-hide-last-sibling-br\">Bo\u00eete \u00e0 lunch portative en acier inoxydable - Votre parfait compagnon de repas sur le pouce<\/h1>\n<h3 class=\"header-iWP5WJ auto-hide-last-sibling-br\">\ud83c\udf1f Avantage principal<\/h3>\n<div class=\"auto-hide-last-sibling-br paragraph-pP9ZLC paragraph-element br-paragraph-space\"><strong>Acier inoxydable de qualit\u00e9 alimentaire, sans BPA<\/strong>\u00a0- Robuste, sans odeur, facile \u00e0 nettoyer, s\u00fbr pour un usage quotidien.<\/div>\n<h3 class=\"header-iWP5WJ auto-hide-last-sibling-br\">\u2705 \u00c9tanch\u00e9it\u00e9 et conservation de la fra\u00eecheur<\/h3>\n<div class=\"auto-hide-last-sibling-br paragraph-pP9ZLC paragraph-element br-paragraph-space\"><strong>Joint \u00e0 clip sur 4 c\u00f4t\u00e9s + joint en silicone<\/strong>\u00a0- Pas d'\u00e9claboussures ;\u00a0<strong>bouton respirant de rel\u00e2chement de la pression<\/strong>\u00a0- Les aliments restent frais plus longtemps.<\/div>\n<h3 class=\"header-iWP5WJ auto-hide-last-sibling-br\">\ud83c\udf92 Facile \u00e0 transporter<\/h3>\n<div class=\"auto-hide-last-sibling-br paragraph-pP9ZLC paragraph-element br-paragraph-space\"><strong>Poign\u00e9e ergonomique en forme de U<\/strong>\u00a0- Facile \u00e0 saisir et \u00e0 emporter ; conception l\u00e9g\u00e8re adapt\u00e9e aux sacs \u00e0 dos et aux sacs \u00e0 main.<\/div>\n<h3 class=\"header-iWP5WJ auto-hide-last-sibling-br\">\ud83d\udc40 Conception pratique<\/h3>\n<div class=\"auto-hide-last-sibling-br paragraph-pP9ZLC paragraph-element br-paragraph-space\"><strong>Couvercle transparent<\/strong>\u00a0- V\u00e9rifier le contenu sans l'ouvrir ;\u00a0<strong>s\u00e9parateur compatible<\/strong>\u00a0- Fini les m\u00e9langes de saveurs.<\/div>\n<h3 class=\"header-iWP5WJ auto-hide-last-sibling-br\">\ud83c\udfaf Utilisation multi-sc\u00e8ne<\/h3>\n<div class=\"auto-hide-last-sibling-br paragraph-pP9ZLC paragraph-element br-paragraph-space\">Parfait pour les d\u00e9jeuners au bureau, les pique-niques en plein air, les voyages et le stockage quotidien - Un must pour les travailleurs occup\u00e9s et les amateurs de plein air.<\/div>\n<h3 class=\"header-iWP5WJ auto-hide-last-sibling-br\">\u267b\ufe0f Choix \u00e9cologique<\/h3>\n<div class=\"auto-hide-last-sibling-br paragraph-pP9ZLC paragraph-element br-paragraph-space\">Alternative r\u00e9utilisable aux contenants en plastique jetables - Faites votre part pour la plan\u00e8te !<\/div>\n<h2 class=\"header-vfC6AV auto-hide-last-sibling-br\">Services de personnalisation<\/h2>\n<div class=\"auto-hide-last-sibling-br paragraph-JOTKXA paragraph-element br-paragraph-space\">En tant que fabricant professionnel de bo\u00eetes \u00e0 lunch, nous proposons des solutions OEM et ODM compl\u00e8tes :<\/div>\n<ul class=\"auto-hide-last-sibling-br\">\n<li><strong>OEM<\/strong>: Personnalisez les logos, les imprim\u00e9s ou l'emballage pour qu'ils correspondent \u00e0 l'identit\u00e9 de votre marque. Vous pouvez \u00e9galement choisir diff\u00e9rentes couleurs pour la coque ext\u00e9rieure afin de correspondre au style de votre marque.<\/li>\n<li><strong>ODM<\/strong>: Nous collaborons \u00e0 la conception du produit, de l'agencement des compartiments (ajustement du nombre et de la taille des compartiments) aux finitions des mat\u00e9riaux, afin de cr\u00e9er des solutions uniques et adapt\u00e9es au march\u00e9. Nous pouvons \u00e9galement optimiser la structure d'\u00e9tanch\u00e9it\u00e9 ou ajouter des conceptions fonctionnelles sp\u00e9ciales en fonction de vos besoins.<\/li>\n<\/ul>","protected":false},"featured_media":11824,"comment_status":"closed","ping_status":"closed","template":"","meta":[],"product_cat":[58],"product_tag":[87,92],"class_list":{"0":"post-11815","1":"product","2":"type-product","3":"status-publish","4":"has-post-thumbnail","6":"product_cat-lunch-box-wholesale","7":"product_tag-wholesale-multi-compartment-lunch-box","8":"product_tag-wholesale-rectangle-lunch-box","10":"first","11":"instock","12":"shipping-taxable","13":"product-type-simple"},"_links":{"self":[{"href":"https:\/\/moyahousehold.com\/fr\/wp-json\/wp\/v2\/product\/11815","targetHints":{"allow":["GET"]}}],"collection":[{"href":"https:\/\/moyahousehold.com\/fr\/wp-json\/wp\/v2\/product"}],"about":[{"href":"https:\/\/moyahousehold.com\/fr\/wp-json\/wp\/v2\/types\/product"}],"replies":[{"embeddable":true,"href":"https:\/\/moyahousehold.com\/fr\/wp-json\/wp\/v2\/comments?post=11815"}],"version-history":[{"count":0,"href":"https:\/\/moyahousehold.com\/fr\/wp-json\/wp\/v2\/product\/11815\/revisions"}],"wp:featuredmedia":[{"embeddable":true,"href":"https:\/\/moyahousehold.com\/fr\/wp-json\/wp\/v2\/media\/11824"}],"wp:attachment":[{"href":"https:\/\/moyahousehold.com\/fr\/wp-json\/wp\/v2\/media?parent=11815"}],"wp:term":[{"taxonomy":"product_cat","embeddable":true,"href":"https:\/\/moyahousehold.com\/fr\/wp-json\/wp\/v2\/product_cat?post=11815"},{"taxonomy":"product_tag","embeddable":true,"href":"https:\/\/moyahousehold.com\/fr\/wp-json\/wp\/v2\/product_tag?post=11815"}],"curies":[{"name":"wp","href":"https:\/\/api.w.org\/{rel}","templated":true}]}}