{"id":11828,"date":"2026-01-05T08:29:38","date_gmt":"2025-12-27T03:33:50","guid":{"rendered":"https:\/\/moyahousehold.com\/?post_type=product&#038;p=11828"},"modified":"2026-01-05T08:30:11","modified_gmt":"2026-01-05T08:30:11","slug":"vase-inspired-insulated-carafe-304-stainless-steel-glass-liner-long-lasting-temperature-retention-stylish-home-essential","status":"publish","type":"product","link":"https:\/\/moyahousehold.com\/fr\/produit\/vase-inspired-insulated-carafe-304-stainless-steel-glass-liner-long-lasting-temperature-retention-stylish-home-essential\/","title":{"rendered":"Carafe isotherme inspir\u00e9e d'un vase - Acier inoxydable 304 et doublure en verre, maintien de la temp\u00e9rature pendant longtemps, indispensable pour la maison"},"content":{"rendered":"<h3 class=\"wp-block-heading\">Param\u00e8tres de la carafe \u00e0 caf\u00e9 isol\u00e9e sous vide<\/h3>\n\n\n\n<div class=\"wp-block-group\"><div class=\"wp-block-group__inner-container is-layout-constrained wp-block-group-is-layout-constrained\">\n<figure class=\"wp-block-table\"><table class=\"has-fixed-layout\"><tbody><tr><td>Capacit\u00e9<\/td><td>Mat\u00e9riau<\/td><td>Taille du produit<\/td><td>Quantit\u00e9 par caisse<\/td><td>Couleur<\/td><\/tr><tr><td rowspan=\"2\">1.0L<\/td><td rowspan=\"2\">ABS, PP, verre borosilicat\u00e9, bois d'acacia, silicone<\/td><td rowspan=\"2\">12.5*9.7*7.2<\/td><td rowspan=\"2\">12<\/td><td rowspan=\"2\">Kaki\/Gris\/Noir<\/td><\/tr><\/tbody><\/table><\/figure>\n<\/div><\/div>\n\n\n\n<h3 class=\"wp-block-heading\"><\/h3>\n\n\n\n<p>Options de carafe \u00e0 caf\u00e9 personnalis\u00e9e<\/p>\n\n\n\n<p><strong>Couvercles : <\/strong>Couvercle \u00e0 pression en PP<br><strong>Logo :<\/strong> personnaliser le logo de votre marque sur le produit et l'emballage.<br><strong>Options de logo :<\/strong> logo imprim\u00e9, logo grav\u00e9 au laser, etc.<br><strong>Mod\u00e8le : <\/strong>impression de motifs sur des bouteilles thermos.<br><strong>Technologie d'impression : <\/strong>impression par transfert d'eau, impression par s\u00e9rigraphie, impression par transfert de chaleur, transfert par sublimation, etc.<br><strong>Emballage :<\/strong> bo\u00eete \u00e0 couleurs<br><a href=\"https:\/\/moyahousehold.com\/fr\/solution-personnalisee\/\"><strong>D\u00e9couvrez d'autres solutions de carafes \u00e0 caf\u00e9 personnalis\u00e9es.<\/strong><\/a><\/p>\n\n\n\n<div class=\"wp-block-columns is-layout-flex wp-container-core-columns-is-layout-9d6595d7 wp-block-columns-is-layout-flex\">\n<div class=\"wp-block-column is-layout-flow wp-block-column-is-layout-flow\">\n<figure class=\"wp-block-image size-full\"><img fetchpriority=\"high\" decoding=\"async\" width=\"1000\" height=\"1500\" src=\"https:\/\/moyahousehold.com\/wp-content\/uploads\/2025\/12\/Best-stainless-steel-coffee-maker-for-home-use.webp\" alt=\"Cafeti\u00e8re \u00e0 piston en acier inoxydable\" class=\"wp-image-11835\" srcset=\"https:\/\/moyahousehold.com\/wp-content\/uploads\/2025\/12\/Best-stainless-steel-coffee-maker-for-home-use.webp 1000w, https:\/\/moyahousehold.com\/wp-content\/uploads\/2025\/12\/Best-stainless-steel-coffee-maker-for-home-use-200x300.webp 200w, https:\/\/moyahousehold.com\/wp-content\/uploads\/2025\/12\/Best-stainless-steel-coffee-maker-for-home-use-768x1152.webp 768w, https:\/\/moyahousehold.com\/wp-content\/uploads\/2025\/12\/Best-stainless-steel-coffee-maker-for-home-use-8x12.webp 8w, https:\/\/moyahousehold.com\/wp-content\/uploads\/2025\/12\/Best-stainless-steel-coffee-maker-for-home-use-285x428.webp 285w, https:\/\/moyahousehold.com\/wp-content\/uploads\/2025\/12\/Best-stainless-steel-coffee-maker-for-home-use-440x660.webp 440w, https:\/\/moyahousehold.com\/wp-content\/uploads\/2025\/12\/Best-stainless-steel-coffee-maker-for-home-use-100x150.webp 100w\" sizes=\"(max-width: 1000px) 100vw, 1000px\" \/><figcaption class=\"wp-element-caption\">Cafeti\u00e8re en acier inoxydable 304 de qualit\u00e9 alimentaire<\/figcaption><\/figure>\n<\/div>\n\n\n\n<div class=\"wp-block-column is-layout-flow wp-block-column-is-layout-flow\">\n<figure class=\"wp-block-image size-full\"><img decoding=\"async\" width=\"1000\" height=\"1500\" src=\"https:\/\/moyahousehold.com\/wp-content\/uploads\/2025\/12\/Stainless-steel-French-press-coffee-maker.webp\" alt=\"Cafeti\u00e8re en acier inoxydable\" class=\"wp-image-11842\" srcset=\"https:\/\/moyahousehold.com\/wp-content\/uploads\/2025\/12\/Stainless-steel-French-press-coffee-maker.webp 1000w, https:\/\/moyahousehold.com\/wp-content\/uploads\/2025\/12\/Stainless-steel-French-press-coffee-maker-200x300.webp 200w, https:\/\/moyahousehold.com\/wp-content\/uploads\/2025\/12\/Stainless-steel-French-press-coffee-maker-768x1152.webp 768w, https:\/\/moyahousehold.com\/wp-content\/uploads\/2025\/12\/Stainless-steel-French-press-coffee-maker-8x12.webp 8w, https:\/\/moyahousehold.com\/wp-content\/uploads\/2025\/12\/Stainless-steel-French-press-coffee-maker-285x428.webp 285w, https:\/\/moyahousehold.com\/wp-content\/uploads\/2025\/12\/Stainless-steel-French-press-coffee-maker-440x660.webp 440w, https:\/\/moyahousehold.com\/wp-content\/uploads\/2025\/12\/Stainless-steel-French-press-coffee-maker-100x150.webp 100w\" sizes=\"(max-width: 1000px) 100vw, 1000px\" \/><figcaption class=\"wp-element-caption\">Cafeti\u00e8re \u00e0 piston en acier inoxydable Home Barista<\/figcaption><\/figure>\n<\/div>\n<\/div>\n\n\n\n<p>D\u00e9couvrez votre nouvel ustensile de d\u00e9gustation qui allie&nbsp;<em>vase \u00e9l\u00e9gant<\/em>&nbsp;avec des performances imbattables : notre pichet isotherme en acier inoxydable 304.<\/p>\n\n\n\n<p>Fabriqu\u00e9 en acier inoxydable 304 de qualit\u00e9 alimentaire (antirouille, sans BPA et sans danger pour toutes les boissons), ce pichet retient la temp\u00e9rature pour une meilleure conservation.&nbsp;<strong>6-12 heures<\/strong>Le caf\u00e9 du matin reste fumant jusqu'au d\u00e9jeuner ou la limonade glac\u00e9e reste fra\u00eeche tout au long de l'apr\u00e8s-midi.<\/p>\n\n\n\n<p>Sa silhouette \u00e9l\u00e9gante de vase incurv\u00e9 n'est pas seulement un plaisir pour les yeux : la large poign\u00e9e tient confortablement dans la main pour un versement sans d\u00e9bordement, tandis que le couvercle \u00e9tanche se referme herm\u00e9tiquement (pas de d\u00e9g\u00e2ts dans votre sac ou votre r\u00e9frig\u00e9rateur).<\/p>\n\n\n\n<p>Parfait pour :<\/p>\n\n\n\n<div class=\"wp-block-group is-nowrap is-layout-flex wp-container-core-group-is-layout-ad2f72ca wp-block-group-is-layout-flex\">\n<p>\u2705 D\u00eener \u00e0 la maison (servir du th\u00e9 ou du vin chaud dans un r\u00e9cipient qui attire l'attention)<\/p>\n<\/div>\n\n\n\n<p>\u2705 Bureaux (gardez votre breuvage quotidien au chaud sans sacrifier le d\u00e9cor)<\/p>\n\n\n\n<p>\u2705 Pique-niques de fin de semaine (l\u00e9gers, durables et conservant la temp\u00e9rature pendant des heures)<\/p>\n\n\n\n<p>Am\u00e9liorez votre jeu de boisson avec un pichet qui fonctionne&nbsp;<em>aussi difficile qu'il y para\u00eet<\/em>-Ajouter au panier avant qu'il ne soit \u00e9puis\u00e9 !<\/p>\n\n\n\n<figure class=\"wp-block-gallery has-nested-images columns-default wp-block-gallery-1 is-layout-flex wp-block-gallery-is-layout-flex\">\n<figure class=\"wp-block-image size-large\"><img decoding=\"async\" width=\"1125\" height=\"1500\" data-id=\"11860\" src=\"https:\/\/moyahousehold.com\/wp-content\/uploads\/2026\/01\/Affordable-stainless-steel-pour-over-coffee-pot-2.webp\" alt=\"\" class=\"wp-image-11860\" srcset=\"https:\/\/moyahousehold.com\/wp-content\/uploads\/2026\/01\/Affordable-stainless-steel-pour-over-coffee-pot-2.webp 1125w, https:\/\/moyahousehold.com\/wp-content\/uploads\/2026\/01\/Affordable-stainless-steel-pour-over-coffee-pot-2-225x300.webp 225w, https:\/\/moyahousehold.com\/wp-content\/uploads\/2026\/01\/Affordable-stainless-steel-pour-over-coffee-pot-2-768x1024.webp 768w, https:\/\/moyahousehold.com\/wp-content\/uploads\/2026\/01\/Affordable-stainless-steel-pour-over-coffee-pot-2-9x12.webp 9w, https:\/\/moyahousehold.com\/wp-content\/uploads\/2026\/01\/Affordable-stainless-steel-pour-over-coffee-pot-2-285x380.webp 285w, https:\/\/moyahousehold.com\/wp-content\/uploads\/2026\/01\/Affordable-stainless-steel-pour-over-coffee-pot-2-495x660.webp 495w, https:\/\/moyahousehold.com\/wp-content\/uploads\/2026\/01\/Affordable-stainless-steel-pour-over-coffee-pot-2-113x150.webp 113w\" sizes=\"(max-width: 1125px) 100vw, 1125px\" \/><\/figure>\n\n\n\n<figure class=\"wp-block-image size-large\"><img loading=\"lazy\" decoding=\"async\" width=\"1000\" height=\"1500\" data-id=\"11859\" src=\"https:\/\/moyahousehold.com\/wp-content\/uploads\/2026\/01\/Best-stainless-steel-coffee-maker-for-home-use.webp\" alt=\"\" class=\"wp-image-11859\" srcset=\"https:\/\/moyahousehold.com\/wp-content\/uploads\/2026\/01\/Best-stainless-steel-coffee-maker-for-home-use.webp 1000w, https:\/\/moyahousehold.com\/wp-content\/uploads\/2026\/01\/Best-stainless-steel-coffee-maker-for-home-use-200x300.webp 200w, https:\/\/moyahousehold.com\/wp-content\/uploads\/2026\/01\/Best-stainless-steel-coffee-maker-for-home-use-768x1152.webp 768w, https:\/\/moyahousehold.com\/wp-content\/uploads\/2026\/01\/Best-stainless-steel-coffee-maker-for-home-use-8x12.webp 8w, https:\/\/moyahousehold.com\/wp-content\/uploads\/2026\/01\/Best-stainless-steel-coffee-maker-for-home-use-285x428.webp 285w, https:\/\/moyahousehold.com\/wp-content\/uploads\/2026\/01\/Best-stainless-steel-coffee-maker-for-home-use-440x660.webp 440w, https:\/\/moyahousehold.com\/wp-content\/uploads\/2026\/01\/Best-stainless-steel-coffee-maker-for-home-use-100x150.webp 100w\" sizes=\"(max-width: 1000px) 100vw, 1000px\" \/><\/figure>\n<\/figure>\n\n\n\n<p>Que vous receviez des invit\u00e9s, pr\u00e9pariez vos boissons quotidiennes ou apportiez une touche chic \u00e0 votre plan de travail, ce pichet isotherme en forme de vase remplit toutes les conditions. Durable, \u00e9l\u00e9gant et con\u00e7u pour que chaque gorg\u00e9e soit parfaite. Ne vous contentez pas de verres ennuyeux : achetez le v\u00f4tre d\u00e8s aujourd'hui et am\u00e9liorez votre routine d'hydratation !<\/p>\n\n\n\n<figure class=\"wp-block-gallery has-nested-images columns-default is-cropped wp-block-gallery-2 is-layout-flex wp-block-gallery-is-layout-flex\">\n<figure class=\"wp-block-image size-large\"><img loading=\"lazy\" decoding=\"async\" width=\"1000\" height=\"1500\" data-id=\"11861\" src=\"https:\/\/moyahousehold.com\/wp-content\/uploads\/2026\/01\/Food-grade-304-stainless-steel-coffee-maker.webp\" alt=\"\" class=\"wp-image-11861\" srcset=\"https:\/\/moyahousehold.com\/wp-content\/uploads\/2026\/01\/Food-grade-304-stainless-steel-coffee-maker.webp 1000w, https:\/\/moyahousehold.com\/wp-content\/uploads\/2026\/01\/Food-grade-304-stainless-steel-coffee-maker-200x300.webp 200w, https:\/\/moyahousehold.com\/wp-content\/uploads\/2026\/01\/Food-grade-304-stainless-steel-coffee-maker-768x1152.webp 768w, https:\/\/moyahousehold.com\/wp-content\/uploads\/2026\/01\/Food-grade-304-stainless-steel-coffee-maker-8x12.webp 8w, https:\/\/moyahousehold.com\/wp-content\/uploads\/2026\/01\/Food-grade-304-stainless-steel-coffee-maker-285x428.webp 285w, https:\/\/moyahousehold.com\/wp-content\/uploads\/2026\/01\/Food-grade-304-stainless-steel-coffee-maker-440x660.webp 440w, https:\/\/moyahousehold.com\/wp-content\/uploads\/2026\/01\/Food-grade-304-stainless-steel-coffee-maker-100x150.webp 100w\" sizes=\"(max-width: 1000px) 100vw, 1000px\" \/><\/figure>\n\n\n\n<figure class=\"wp-block-image size-large\"><img loading=\"lazy\" decoding=\"async\" width=\"1000\" height=\"1500\" data-id=\"11862\" src=\"https:\/\/moyahousehold.com\/wp-content\/uploads\/2026\/01\/Rust-proof-stainless-steel-coffee-pot-2.webp\" alt=\"\" class=\"wp-image-11862\" srcset=\"https:\/\/moyahousehold.com\/wp-content\/uploads\/2026\/01\/Rust-proof-stainless-steel-coffee-pot-2.webp 1000w, https:\/\/moyahousehold.com\/wp-content\/uploads\/2026\/01\/Rust-proof-stainless-steel-coffee-pot-2-200x300.webp 200w, https:\/\/moyahousehold.com\/wp-content\/uploads\/2026\/01\/Rust-proof-stainless-steel-coffee-pot-2-768x1152.webp 768w, https:\/\/moyahousehold.com\/wp-content\/uploads\/2026\/01\/Rust-proof-stainless-steel-coffee-pot-2-8x12.webp 8w, https:\/\/moyahousehold.com\/wp-content\/uploads\/2026\/01\/Rust-proof-stainless-steel-coffee-pot-2-285x428.webp 285w, https:\/\/moyahousehold.com\/wp-content\/uploads\/2026\/01\/Rust-proof-stainless-steel-coffee-pot-2-440x660.webp 440w, https:\/\/moyahousehold.com\/wp-content\/uploads\/2026\/01\/Rust-proof-stainless-steel-coffee-pot-2-100x150.webp 100w\" sizes=\"(max-width: 1000px) 100vw, 1000px\" \/><\/figure>\n<\/figure>","protected":false},"excerpt":{"rendered":"<div class=\"inter-jQQQ8P\">\n<div class=\"container-PrUkKo\">\n<div class=\"item-hGGxLi\">\n<div class=\"container-arOxqB chrome70-container\">\n<div class=\"inner-FyM8gE inner-item-swzCut\" data-target-id=\"message-box-target-id\" data-testid=\"union_message\">\n<div class=\"message-block-container-aFugD6\" data-testid=\"message-block-container\">\n<div class=\"flex flex-row w-full w-full max-w-full s-font-base text-s-color-text-secondary p-0 rounded-s-radius-s bg-transparent group data-[attr=select-mode]:-mt-10 data-[attr=select-mode]:py-10 data-[attr=select-mode]:px-16 data-[attr=select-mode]:sm:p-10 data-[attr=select-mode]:hover:bg-s-color-bg-base data-[attr=select-mode]:hover:rounded-s-radius-xs data-[attr=select-mode]:has-[:checked]:bg-s-color-bg-trans data-[attr=select-mode]:has-[:checked]:rounded-s-radius-xs data-[attr=select-mode]:pointer-events-none\" data-testid=\"receive_message\">\n<div class=\"flex flex-col flex-grow max-w-full min-w-0\">\n<div class=\"flex flex-row w-full\" data-testid=\"message_content\" data-message-id=\"11906409299183362\">\n<div class=\"w-full\" data-plugin-identifier=\"Symbol(receive-write-text-content)\">\n<div class=\"container-ZYIsnH flow-markdown-body theme-samantha-Nbr9UN\" dir=\"ltr\" data-testid=\"message_text_content\" data-show-indicator=\"false\">\n<h1 class=\"header-vfC6AV auto-hide-last-sibling-br\">Nouvelle version : Carafe \u00e0 caf\u00e9 isotherme avec rev\u00eatement en verre<\/h1>\n<div class=\"auto-hide-last-sibling-br paragraph-JOTKXA paragraph-element br-paragraph-space\">Cette nouvelle carafe \u00e0 caf\u00e9 isotherme offre une r\u00e9tention exceptionnelle de la chaleur, associ\u00e9e \u00e0 un syst\u00e8me de distribution pratique \u00e0 un seul bouton pour une utilisation sans effort. Son allure \u00e9l\u00e9gante et minimaliste en fait un produit id\u00e9al pour la maison et le bureau. Nous proposons des services de vente en gros pour cette nouvelle carafe isotherme doubl\u00e9e de verre, ainsi que des solutions de personnalisation flexibles - n'h\u00e9sitez pas \u00e0 nous contacter \u00e0 tout moment.<\/div>\n<h2 class=\"header-vfC6AV auto-hide-last-sibling-br\">Caract\u00e9ristiques de la nouvelle carafe \u00e0 caf\u00e9 isotherme avec rev\u00eatement en verre<\/h2>\n<ul class=\"auto-hide-last-sibling-br\">\n<li>\n<div class=\"auto-hide-last-sibling-br paragraph-JOTKXA paragraph-element br-paragraph-space\"><strong>Design \u00e9pur\u00e9 et intemporel<\/strong>: Fabriqu\u00e9e avec une esth\u00e9tique minimaliste et disponible en noir et beige classiques, cette nouvelle carafe s'int\u00e8gre parfaitement \u00e0 la maison, au bureau ou dans les espaces commerciaux, en ajoutant une touche d'\u00e9l\u00e9gance discr\u00e8te.<\/div>\n<\/li>\n<li>\n<div class=\"auto-hide-last-sibling-br paragraph-JOTKXA paragraph-element br-paragraph-space\"><strong>Premium Glass Liner<\/strong>: Le rev\u00eatement int\u00e9rieur en verre de haute qualit\u00e9 assure la durabilit\u00e9 tout en pr\u00e9servant le go\u00fbt pur de l'eau, du caf\u00e9 et d'autres boissons, sans odeurs ou r\u00e9sidus ind\u00e9sirables, garantissant ainsi une exp\u00e9rience de consommation s\u00fbre.<\/div>\n<\/li>\n<li>\n<div class=\"auto-hide-last-sibling-br paragraph-JOTKXA paragraph-element br-paragraph-space\"><strong>Fonctionnement par pression d'un seul bouton<\/strong>: \u00c9quip\u00e9e d'un m\u00e9canisme innovant \u00e0 touche unique, elle \u00e9limine les inconv\u00e9nients des carafes thermiques traditionnelles et permet de verser l'eau rapidement et facilement, m\u00eame d'une seule main.<\/div>\n<\/li>\n<li>\n<div class=\"auto-hide-last-sibling-br paragraph-JOTKXA paragraph-element br-paragraph-space\"><strong>R\u00e9tention durable de la temp\u00e9rature<\/strong>: Gr\u00e2ce \u00e0 la technologie avanc\u00e9e d'isolation sous vide, cette nouvelle carafe garde les liquides chauds pendant de longues p\u00e9riodes, garantissant que le caf\u00e9, le th\u00e9 et les autres boissons chaudes restent \u00e0 leur temp\u00e9rature optimale de d\u00e9gustation.<\/div>\n<\/li>\n<li>\n<div class=\"auto-hide-last-sibling-br paragraph-JOTKXA paragraph-element br-paragraph-space\"><strong>Prix de gros comp\u00e9titifs<\/strong>: Les fabricants de Moya proposent des tarifs de gros tr\u00e8s comp\u00e9titifs pour cette nouvelle version, destin\u00e9e aux d\u00e9taillants, aux distributeurs et aux acheteurs en gros dans le secteur de la restauration.<\/div>\n<\/li>\n<li>\n<div class=\"auto-hide-last-sibling-br paragraph-JOTKXA paragraph-element br-paragraph-space\"><strong>Personnalisation OEM et ODM<\/strong>: Nos services OEM et ODM vous permettent d'adapter la nouvelle carafe \u00e0 vos besoins : personnalisez son aspect, sa capacit\u00e9 ou ajoutez le logo de votre marque pour cr\u00e9er un produit unique, pr\u00eat \u00e0 \u00eatre commercialis\u00e9.<\/div>\n<\/li>\n<\/ul>\n<\/div>\n<\/div>\n<\/div>\n<div class=\"answer-action-bar-pgm2JD answer-action-bar flex flex-col justify-end\" data-testid=\"message_action_bar\">\n<div class=\"container-rxM4SW flex flex-row items-start w-full self-center\" data-message-action-bar=\"1\">\n<div class=\"left-Y7jNAM\">\u00a0<\/div>\n<\/div>\n<\/div>\n<\/div>\n<\/div>\n<\/div>\n<\/div>\n<\/div>\n<\/div>\n<\/div>\n<\/div>","protected":false},"featured_media":11832,"comment_status":"open","ping_status":"closed","template":"","meta":[],"product_cat":[54],"product_tag":[66,78,85],"class_list":{"0":"post-11828","1":"product","2":"type-product","3":"status-publish","4":"has-post-thumbnail","6":"product_cat-thermal-carafe-wholesale","7":"product_tag-wholesale-1000ml-thermos-carafe","8":"product_tag-wholesale-1500ml-thermos-carafe","9":"product_tag-wholesale-stainless-steel-liner-thermos-carafe","11":"first","12":"instock","13":"shipping-taxable","14":"product-type-simple"},"_links":{"self":[{"href":"https:\/\/moyahousehold.com\/fr\/wp-json\/wp\/v2\/product\/11828","targetHints":{"allow":["GET"]}}],"collection":[{"href":"https:\/\/moyahousehold.com\/fr\/wp-json\/wp\/v2\/product"}],"about":[{"href":"https:\/\/moyahousehold.com\/fr\/wp-json\/wp\/v2\/types\/product"}],"replies":[{"embeddable":true,"href":"https:\/\/moyahousehold.com\/fr\/wp-json\/wp\/v2\/comments?post=11828"}],"version-history":[{"count":3,"href":"https:\/\/moyahousehold.com\/fr\/wp-json\/wp\/v2\/product\/11828\/revisions"}],"predecessor-version":[{"id":11863,"href":"https:\/\/moyahousehold.com\/fr\/wp-json\/wp\/v2\/product\/11828\/revisions\/11863"}],"wp:featuredmedia":[{"embeddable":true,"href":"https:\/\/moyahousehold.com\/fr\/wp-json\/wp\/v2\/media\/11832"}],"wp:attachment":[{"href":"https:\/\/moyahousehold.com\/fr\/wp-json\/wp\/v2\/media?parent=11828"}],"wp:term":[{"taxonomy":"product_cat","embeddable":true,"href":"https:\/\/moyahousehold.com\/fr\/wp-json\/wp\/v2\/product_cat?post=11828"},{"taxonomy":"product_tag","embeddable":true,"href":"https:\/\/moyahousehold.com\/fr\/wp-json\/wp\/v2\/product_tag?post=11828"}],"curies":[{"name":"wp","href":"https:\/\/api.w.org\/{rel}","templated":true}]}}