{"id":11864,"date":"2026-01-06T07:43:46","date_gmt":"2026-01-06T07:05:00","guid":{"rendered":"https:\/\/moyahousehold.com\/?post_type=product&#038;p=11864"},"modified":"2026-04-15T06:40:49","modified_gmt":"2026-04-15T06:40:49","slug":"304-stainless-steel-mixing-bowl-your-ultimate-kitchen-prep-tool","status":"publish","type":"product","link":"https:\/\/moyahousehold.com\/fr\/produit\/304-stainless-steel-mixing-bowl-your-ultimate-kitchen-prep-tool\/","title":{"rendered":"304 Stainless Steel Mixing Bowl | Your Ultimate Kitchen Prep Tool"},"content":{"rendered":"<figure class=\"wp-block-image size-full\"><img fetchpriority=\"high\" decoding=\"async\" width=\"800\" height=\"800\" src=\"https:\/\/moyahousehold.com\/wp-content\/uploads\/2026\/01\/durable-kitchen-bowls-for-home-cooks.webp\" alt=\"\" class=\"wp-image-11866\" srcset=\"https:\/\/moyahousehold.com\/wp-content\/uploads\/2026\/01\/durable-kitchen-bowls-for-home-cooks.webp 800w, https:\/\/moyahousehold.com\/wp-content\/uploads\/2026\/01\/durable-kitchen-bowls-for-home-cooks-300x300.webp 300w, https:\/\/moyahousehold.com\/wp-content\/uploads\/2026\/01\/durable-kitchen-bowls-for-home-cooks-150x150.webp 150w, https:\/\/moyahousehold.com\/wp-content\/uploads\/2026\/01\/durable-kitchen-bowls-for-home-cooks-768x768.webp 768w, https:\/\/moyahousehold.com\/wp-content\/uploads\/2026\/01\/durable-kitchen-bowls-for-home-cooks-12x12.webp 12w, https:\/\/moyahousehold.com\/wp-content\/uploads\/2026\/01\/durable-kitchen-bowls-for-home-cooks-285x285.webp 285w, https:\/\/moyahousehold.com\/wp-content\/uploads\/2026\/01\/durable-kitchen-bowls-for-home-cooks-270x270.webp 270w, https:\/\/moyahousehold.com\/wp-content\/uploads\/2026\/01\/durable-kitchen-bowls-for-home-cooks-540x540.webp 540w, https:\/\/moyahousehold.com\/wp-content\/uploads\/2026\/01\/durable-kitchen-bowls-for-home-cooks-660x660.webp 660w\" sizes=\"(max-width: 800px) 100vw, 800px\" \/><\/figure>\n\n\n\n<h3 class=\"wp-block-heading\">Parameters of Stainless Steel Mixing Bowl<\/h3>\n\n\n\n<p><strong>Mat\u00e9riau :<\/strong> Acier inoxydable 304  <strong> Couleur :<\/strong> Argent<\/p>\n\n\n\n<figure class=\"wp-block-table\"><table class=\"has-fixed-layout\"><tbody><tr><td class=\"has-text-align-center\" data-align=\"center\"><strong>Objet<\/strong><\/td><td><strong>Mat\u00e9riau<\/strong><\/td><td><strong>Couleur<\/strong><\/td><td><strong>PCS\/Case<\/strong><\/td><td><strong>Capacit\u00e9<\/strong><\/td><td><strong>G.W.\/Cas<\/strong><\/td><\/tr><tr><td class=\"has-text-align-center\" data-align=\"center\">MYDS016<\/td><td rowspan=\"6\">Acier inoxydable 304<\/td><td rowspan=\"6\">Argent<\/td><td rowspan=\"6\">180<\/td><td>300ML<\/td><td>12.7<\/td><\/tr><tr><td class=\"has-text-align-center\" data-align=\"center\">MYDS017<\/td><td>500ML<\/td><td>19<\/td><\/tr><tr><td class=\"has-text-align-center\" data-align=\"center\">MYDS018<\/td><td>900ML<\/td><td>24.5<\/td><\/tr><tr><td class=\"has-text-align-center\" data-align=\"center\">MYDS019<\/td><td>300ML Avec poign\u00e9e<\/td><td>16.9<\/td><\/tr><tr><td class=\"has-text-align-center\" data-align=\"center\">MYDS020<\/td><td>500ML Avec poign\u00e9e<\/td><td>22.5<\/td><\/tr><tr><td class=\"has-text-align-center\" data-align=\"center\">MYDS021<\/td><td>900ML Avec poign\u00e9e<\/td><td>30.5<\/td><\/tr><\/tbody><\/table><\/figure>\n\n\n\n<h3 class=\"wp-block-heading\">Options de bol de cuisson personnalis\u00e9es<\/h3>\n\n\n\n<p><strong>Logo<\/strong>: personnalisez le logo de votre marque sur le bol de cuisson en acier inoxydable et sur l'emballage.<br><strong>Logo Options<\/strong>logo imprim\u00e9, logo grav\u00e9 au laser, etc.<br><strong>Mod\u00e8le<\/strong>: motifs d'impression sur les produits et les emballages.<br><strong>Printing Technology<\/strong>Les techniques d'impression sont les suivantes : impression par transfert d'eau, impression par s\u00e9rigraphie, impression par transfert de chaleur, transfert par sublimation, etc.<br><strong>Emballage :<\/strong>bo\u00eete de couleur.<br><a href=\"https:\/\/moyahousehold.com\/fr\/solution-personnalisee\/\"><strong>En savoir plus sur les solutions de bo\u00eetes \u00e0 lunch personnalis\u00e9es.<\/strong><\/a><\/p>\n\n\n\n<div class=\"wp-block-columns is-layout-flex wp-container-core-columns-is-layout-9d6595d7 wp-block-columns-is-layout-flex\">\n<div class=\"wp-block-column is-layout-flow wp-block-column-is-layout-flow\" style=\"flex-basis:100%\">\n<div class=\"wp-block-group is-nowrap is-layout-flex wp-container-core-group-is-layout-ad2f72ca wp-block-group-is-layout-flex\">\n<div class=\"wp-block-columns is-layout-flex wp-container-core-columns-is-layout-9d6595d7 wp-block-columns-is-layout-flex\">\n<div class=\"wp-block-column is-layout-flow wp-block-column-is-layout-flow\">\n<figure class=\"wp-block-image size-full\"><img decoding=\"async\" width=\"800\" height=\"800\" src=\"https:\/\/moyahousehold.com\/wp-content\/uploads\/2026\/01\/food-grade-304-stainless-steel-mixing-bowls-with-measurements.webp\" alt=\"Bols \u00e0 m\u00e9langer en acier inoxydable 304 avec poign\u00e9e\" class=\"wp-image-11868\" srcset=\"https:\/\/moyahousehold.com\/wp-content\/uploads\/2026\/01\/food-grade-304-stainless-steel-mixing-bowls-with-measurements.webp 800w, https:\/\/moyahousehold.com\/wp-content\/uploads\/2026\/01\/food-grade-304-stainless-steel-mixing-bowls-with-measurements-300x300.webp 300w, https:\/\/moyahousehold.com\/wp-content\/uploads\/2026\/01\/food-grade-304-stainless-steel-mixing-bowls-with-measurements-150x150.webp 150w, https:\/\/moyahousehold.com\/wp-content\/uploads\/2026\/01\/food-grade-304-stainless-steel-mixing-bowls-with-measurements-768x768.webp 768w, https:\/\/moyahousehold.com\/wp-content\/uploads\/2026\/01\/food-grade-304-stainless-steel-mixing-bowls-with-measurements-12x12.webp 12w, https:\/\/moyahousehold.com\/wp-content\/uploads\/2026\/01\/food-grade-304-stainless-steel-mixing-bowls-with-measurements-285x285.webp 285w, https:\/\/moyahousehold.com\/wp-content\/uploads\/2026\/01\/food-grade-304-stainless-steel-mixing-bowls-with-measurements-270x270.webp 270w, https:\/\/moyahousehold.com\/wp-content\/uploads\/2026\/01\/food-grade-304-stainless-steel-mixing-bowls-with-measurements-540x540.webp 540w, https:\/\/moyahousehold.com\/wp-content\/uploads\/2026\/01\/food-grade-304-stainless-steel-mixing-bowls-with-measurements-660x660.webp 660w\" sizes=\"(max-width: 800px) 100vw, 800px\" \/><\/figure>\n<\/div>\n\n\n\n<div class=\"wp-block-column is-layout-flow wp-block-column-is-layout-flow\">\n<figure class=\"wp-block-image size-full\"><img decoding=\"async\" width=\"800\" height=\"800\" src=\"https:\/\/moyahousehold.com\/wp-content\/uploads\/2026\/01\/non-deformable-kitchen-mixing-bowls-set.webp\" alt=\"\" class=\"wp-image-11869\" srcset=\"https:\/\/moyahousehold.com\/wp-content\/uploads\/2026\/01\/non-deformable-kitchen-mixing-bowls-set.webp 800w, https:\/\/moyahousehold.com\/wp-content\/uploads\/2026\/01\/non-deformable-kitchen-mixing-bowls-set-300x300.webp 300w, https:\/\/moyahousehold.com\/wp-content\/uploads\/2026\/01\/non-deformable-kitchen-mixing-bowls-set-150x150.webp 150w, https:\/\/moyahousehold.com\/wp-content\/uploads\/2026\/01\/non-deformable-kitchen-mixing-bowls-set-768x768.webp 768w, https:\/\/moyahousehold.com\/wp-content\/uploads\/2026\/01\/non-deformable-kitchen-mixing-bowls-set-12x12.webp 12w, https:\/\/moyahousehold.com\/wp-content\/uploads\/2026\/01\/non-deformable-kitchen-mixing-bowls-set-285x285.webp 285w, https:\/\/moyahousehold.com\/wp-content\/uploads\/2026\/01\/non-deformable-kitchen-mixing-bowls-set-270x270.webp 270w, https:\/\/moyahousehold.com\/wp-content\/uploads\/2026\/01\/non-deformable-kitchen-mixing-bowls-set-540x540.webp 540w, https:\/\/moyahousehold.com\/wp-content\/uploads\/2026\/01\/non-deformable-kitchen-mixing-bowls-set-660x660.webp 660w\" sizes=\"(max-width: 800px) 100vw, 800px\" \/><\/figure>\n<\/div>\n<\/div>\n<\/div>\n<\/div>\n<\/div>\n\n\n\n<p><strong>Vue d'ensemble : <\/strong>Vous recherchez un bol \u00e0 m\u00e9langer durable, s\u00fbr et polyvalent pour am\u00e9liorer votre exp\u00e9rience de la cuisine et de la p\u00e2tisserie ? Notre bol \u00e0 m\u00e9langer en acier inoxydable 304 est le choix id\u00e9al ! Fabriqu\u00e9 en acier inoxydable 304 de qualit\u00e9 alimentaire, dot\u00e9 d'une poign\u00e9e r\u00e9sistante \u00e0 la chaleur et de rep\u00e8res de mesure clairs, ce bol est id\u00e9al pour tout ce qui concerne la pr\u00e9paration des \u0153ufs et des salades, la cuisson des g\u00e2teaux et la conservation des restes. Facile \u00e0 nettoyer, incassable et sans odeur, il permet de dire adieu aux bols de cuisine fragiles et d\u00e9sordonn\u00e9s et de pr\u00e9parer les repas sans effort !<\/p>\n\n\n\n<figure class=\"wp-block-gallery has-nested-images columns-default is-cropped wp-block-gallery-1 is-layout-flex wp-block-gallery-is-layout-flex\">\n<figure class=\"wp-block-image size-large\"><img loading=\"lazy\" decoding=\"async\" width=\"1000\" height=\"1500\" data-id=\"11870\" src=\"https:\/\/moyahousehold.com\/wp-content\/uploads\/2026\/01\/304-stainless-steel-mixing-bowls-with-handle-1.webp\" alt=\"\" class=\"wp-image-11870\" srcset=\"https:\/\/moyahousehold.com\/wp-content\/uploads\/2026\/01\/304-stainless-steel-mixing-bowls-with-handle-1.webp 1000w, https:\/\/moyahousehold.com\/wp-content\/uploads\/2026\/01\/304-stainless-steel-mixing-bowls-with-handle-1-200x300.webp 200w, https:\/\/moyahousehold.com\/wp-content\/uploads\/2026\/01\/304-stainless-steel-mixing-bowls-with-handle-1-768x1152.webp 768w, https:\/\/moyahousehold.com\/wp-content\/uploads\/2026\/01\/304-stainless-steel-mixing-bowls-with-handle-1-8x12.webp 8w, https:\/\/moyahousehold.com\/wp-content\/uploads\/2026\/01\/304-stainless-steel-mixing-bowls-with-handle-1-285x428.webp 285w, https:\/\/moyahousehold.com\/wp-content\/uploads\/2026\/01\/304-stainless-steel-mixing-bowls-with-handle-1-440x660.webp 440w, https:\/\/moyahousehold.com\/wp-content\/uploads\/2026\/01\/304-stainless-steel-mixing-bowls-with-handle-1-100x150.webp 100w\" sizes=\"(max-width: 1000px) 100vw, 1000px\" \/><\/figure>\n\n\n\n<figure class=\"wp-block-image size-large\"><img loading=\"lazy\" decoding=\"async\" width=\"1000\" height=\"1500\" data-id=\"11871\" src=\"https:\/\/moyahousehold.com\/wp-content\/uploads\/2026\/01\/easy-clean-non-stick-mixing-bowls.webp\" alt=\"\" class=\"wp-image-11871\" srcset=\"https:\/\/moyahousehold.com\/wp-content\/uploads\/2026\/01\/easy-clean-non-stick-mixing-bowls.webp 1000w, https:\/\/moyahousehold.com\/wp-content\/uploads\/2026\/01\/easy-clean-non-stick-mixing-bowls-200x300.webp 200w, https:\/\/moyahousehold.com\/wp-content\/uploads\/2026\/01\/easy-clean-non-stick-mixing-bowls-768x1152.webp 768w, https:\/\/moyahousehold.com\/wp-content\/uploads\/2026\/01\/easy-clean-non-stick-mixing-bowls-8x12.webp 8w, https:\/\/moyahousehold.com\/wp-content\/uploads\/2026\/01\/easy-clean-non-stick-mixing-bowls-285x428.webp 285w, https:\/\/moyahousehold.com\/wp-content\/uploads\/2026\/01\/easy-clean-non-stick-mixing-bowls-440x660.webp 440w, https:\/\/moyahousehold.com\/wp-content\/uploads\/2026\/01\/easy-clean-non-stick-mixing-bowls-100x150.webp 100w\" sizes=\"(max-width: 1000px) 100vw, 1000px\" \/><\/figure>\n<\/figure>\n\n\n\n<h3 class=\"wp-block-heading\">1. Acier inoxydable 304 de qualit\u00e9 alimentaire : La s\u00e9curit\u00e9 avant tout pour vous et votre famille<\/h3>\n\n\n\n<p>Le choix de la sant\u00e9 avant tout : Fabriqu\u00e9 en acier inoxydable 304 de qualit\u00e9 alimentaire, r\u00e9sistant \u00e0 la corrosion, antirouille et non toxique. Pas d'absorption d'odeur, m\u00eame avec des ingr\u00e9dients acides ou alcalins (citrons, \u0153ufs, etc.), sans danger pour la marinade, le m\u00e9lange et le stockage des aliments.<\/p>\n\n\n\n<h3 class=\"wp-block-heading\">2. Poign\u00e9e r\u00e9sistante \u00e0 la chaleur : Prise en main s\u00fbre et stable, m\u00eame avec des aliments chauds<\/h3>\n\n\n\n<p>Poign\u00e9e r\u00e9sistante \u00e0 la chaleur : Reste froide lorsque l'on tient des aliments chauds (soupes, rago\u00fbts, etc.), la conception ergonomique assure une prise ferme. Emp\u00eache de glisser et de s'\u00e9bouillanter, pratique pour transf\u00e9rer rapidement les aliments.<\/p>\n\n\n\n<h3 class=\"wp-block-heading\">3. Marques de mesure int\u00e9gr\u00e9es : Une pr\u00e9paration pr\u00e9cise \u00e0 chaque fois<\/h3>\n\n\n\n<p>Oubliez le jonglage avec plusieurs tasses et cuill\u00e8res \u00e0 mesurer : notre bol \u00e0 m\u00e9langer comporte des rep\u00e8res de mesure clairs et faciles \u00e0 lire (ml et tasse) imprim\u00e9s \u00e0 l'int\u00e9rieur. Que vous pr\u00e9pariez un g\u00e2teau n\u00e9cessitant des quantit\u00e9s exactes de lait et de farine ou que vous m\u00e9langiez une sauce n\u00e9cessitant un assaisonnement pr\u00e9cis, ces rep\u00e8res facilitent la mesure directement dans le bol. Gagnez du temps, r\u00e9duisez le nettoyage et obtenez des r\u00e9sultats constants \u00e0 chaque fois.<\/p>\n\n\n\n<h3 class=\"wp-block-heading\">4. Practical Size: Ideal for Multiple Kitchen Tasks<\/h3>\n\n\n\n<p>With a practical capacity, this mixing bowl is designed to cover most of your daily kitchen needs. Use it for prepping eggs, mixing spices, marinating small portions of meat, mixing salads, or storing leftovers. The compact design also saves space in your kitchen cabinet\u2014easy to store without cluttering shelves!<\/p>\n\n\n\n<figure class=\"wp-block-gallery has-nested-images columns-default is-cropped wp-block-gallery-2 is-layout-flex wp-block-gallery-is-layout-flex\">\n<figure class=\"wp-block-image size-large\"><img loading=\"lazy\" decoding=\"async\" width=\"1000\" height=\"1500\" data-id=\"11880\" src=\"https:\/\/moyahousehold.com\/wp-content\/uploads\/2026\/01\/measuring-mixing-bowls-set.webp\" alt=\"\" class=\"wp-image-11880\" srcset=\"https:\/\/moyahousehold.com\/wp-content\/uploads\/2026\/01\/measuring-mixing-bowls-set.webp 1000w, https:\/\/moyahousehold.com\/wp-content\/uploads\/2026\/01\/measuring-mixing-bowls-set-200x300.webp 200w, https:\/\/moyahousehold.com\/wp-content\/uploads\/2026\/01\/measuring-mixing-bowls-set-768x1152.webp 768w, https:\/\/moyahousehold.com\/wp-content\/uploads\/2026\/01\/measuring-mixing-bowls-set-8x12.webp 8w, https:\/\/moyahousehold.com\/wp-content\/uploads\/2026\/01\/measuring-mixing-bowls-set-285x428.webp 285w, https:\/\/moyahousehold.com\/wp-content\/uploads\/2026\/01\/measuring-mixing-bowls-set-440x660.webp 440w, https:\/\/moyahousehold.com\/wp-content\/uploads\/2026\/01\/measuring-mixing-bowls-set-100x150.webp 100w\" sizes=\"(max-width: 1000px) 100vw, 1000px\" \/><\/figure>\n\n\n\n<figure class=\"wp-block-image size-large\"><img loading=\"lazy\" decoding=\"async\" width=\"1000\" height=\"1500\" data-id=\"11881\" src=\"https:\/\/moyahousehold.com\/wp-content\/uploads\/2026\/01\/salad-mixing-bowls-for-cooking.webp\" alt=\"\" class=\"wp-image-11881\" srcset=\"https:\/\/moyahousehold.com\/wp-content\/uploads\/2026\/01\/salad-mixing-bowls-for-cooking.webp 1000w, https:\/\/moyahousehold.com\/wp-content\/uploads\/2026\/01\/salad-mixing-bowls-for-cooking-200x300.webp 200w, https:\/\/moyahousehold.com\/wp-content\/uploads\/2026\/01\/salad-mixing-bowls-for-cooking-768x1152.webp 768w, https:\/\/moyahousehold.com\/wp-content\/uploads\/2026\/01\/salad-mixing-bowls-for-cooking-8x12.webp 8w, https:\/\/moyahousehold.com\/wp-content\/uploads\/2026\/01\/salad-mixing-bowls-for-cooking-285x428.webp 285w, https:\/\/moyahousehold.com\/wp-content\/uploads\/2026\/01\/salad-mixing-bowls-for-cooking-440x660.webp 440w, https:\/\/moyahousehold.com\/wp-content\/uploads\/2026\/01\/salad-mixing-bowls-for-cooking-100x150.webp 100w\" sizes=\"(max-width: 1000px) 100vw, 1000px\" \/><\/figure>\n<\/figure>\n\n\n\n<p><\/p>","protected":false},"excerpt":{"rendered":"<h2 class=\"header-vfC6AV auto-hide-last-sibling-br\">Services de personnalisation<\/h2>\n<div class=\"auto-hide-last-sibling-br paragraph-JOTKXA paragraph-element br-paragraph-space\">En tant que fabricant professionnel de bo\u00eetes \u00e0 lunch, nous proposons des solutions OEM et ODM compl\u00e8tes :<\/div>\n<ul class=\"auto-hide-last-sibling-br\">\n<li><strong>OEM<\/strong>: Personnalisez les logos, les imprim\u00e9s ou l'emballage pour qu'ils correspondent \u00e0 l'identit\u00e9 de votre marque. Vous pouvez \u00e9galement choisir diff\u00e9rentes couleurs pour la coque ext\u00e9rieure afin de correspondre au style de votre marque.<\/li>\n<li><strong>ODM<\/strong>: Nous collaborons \u00e0 la conception du produit, de l'agencement des compartiments (ajustement du nombre et de la taille des compartiments) aux finitions des mat\u00e9riaux, afin de cr\u00e9er des solutions uniques et adapt\u00e9es au march\u00e9. Nous pouvons \u00e9galement optimiser la structure d'\u00e9tanch\u00e9it\u00e9 ou ajouter des conceptions fonctionnelles sp\u00e9ciales en fonction de vos besoins.<\/li>\n<\/ul>","protected":false},"featured_media":11874,"comment_status":"closed","ping_status":"closed","template":"","meta":[],"product_cat":[58],"product_tag":[87,92],"class_list":{"0":"post-11864","1":"product","2":"type-product","3":"status-publish","4":"has-post-thumbnail","6":"product_cat-lunch-box-wholesale","7":"product_tag-wholesale-multi-compartment-lunch-box","8":"product_tag-wholesale-rectangle-lunch-box","10":"first","11":"instock","12":"shipping-taxable","13":"product-type-simple"},"_links":{"self":[{"href":"https:\/\/moyahousehold.com\/fr\/wp-json\/wp\/v2\/product\/11864","targetHints":{"allow":["GET"]}}],"collection":[{"href":"https:\/\/moyahousehold.com\/fr\/wp-json\/wp\/v2\/product"}],"about":[{"href":"https:\/\/moyahousehold.com\/fr\/wp-json\/wp\/v2\/types\/product"}],"replies":[{"embeddable":true,"href":"https:\/\/moyahousehold.com\/fr\/wp-json\/wp\/v2\/comments?post=11864"}],"version-history":[{"count":1,"href":"https:\/\/moyahousehold.com\/fr\/wp-json\/wp\/v2\/product\/11864\/revisions"}],"predecessor-version":[{"id":13117,"href":"https:\/\/moyahousehold.com\/fr\/wp-json\/wp\/v2\/product\/11864\/revisions\/13117"}],"wp:featuredmedia":[{"embeddable":true,"href":"https:\/\/moyahousehold.com\/fr\/wp-json\/wp\/v2\/media\/11874"}],"wp:attachment":[{"href":"https:\/\/moyahousehold.com\/fr\/wp-json\/wp\/v2\/media?parent=11864"}],"wp:term":[{"taxonomy":"product_cat","embeddable":true,"href":"https:\/\/moyahousehold.com\/fr\/wp-json\/wp\/v2\/product_cat?post=11864"},{"taxonomy":"product_tag","embeddable":true,"href":"https:\/\/moyahousehold.com\/fr\/wp-json\/wp\/v2\/product_tag?post=11864"}],"curies":[{"name":"wp","href":"https:\/\/api.w.org\/{rel}","templated":true}]}}