{"id":11885,"date":"2026-01-07T07:49:17","date_gmt":"2026-01-07T07:27:51","guid":{"rendered":"https:\/\/moyahousehold.com\/?post_type=product&#038;p=11885"},"modified":"2026-01-07T07:50:13","modified_gmt":"2026-01-07T07:50:13","slug":"moya-304-stainless-steel-deep-mixing-bowl-your-go-to-tool-for-mess-free-baking-cooking","status":"publish","type":"product","link":"https:\/\/moyahousehold.com\/fr\/produit\/moya-304-stainless-steel-deep-mixing-bowl-your-go-to-tool-for-mess-free-baking-cooking\/","title":{"rendered":"MOYA Bol \u00e0 m\u00e9langer profond en acier inoxydable 304 - Votre outil pour cuisiner et faire de la p\u00e2tisserie sans d\u00e9g\u00e2ts"},"content":{"rendered":"<figure class=\"wp-block-image size-full\"><img fetchpriority=\"high\" decoding=\"async\" width=\"2000\" height=\"1328\" src=\"https:\/\/moyahousehold.com\/wp-content\/uploads\/2026\/01\/304-stainless-steel-mixing-bowl.webp\" alt=\"\" class=\"wp-image-11886\" srcset=\"https:\/\/moyahousehold.com\/wp-content\/uploads\/2026\/01\/304-stainless-steel-mixing-bowl.webp 2000w, https:\/\/moyahousehold.com\/wp-content\/uploads\/2026\/01\/304-stainless-steel-mixing-bowl-300x199.webp 300w, https:\/\/moyahousehold.com\/wp-content\/uploads\/2026\/01\/304-stainless-steel-mixing-bowl-768x510.webp 768w, https:\/\/moyahousehold.com\/wp-content\/uploads\/2026\/01\/304-stainless-steel-mixing-bowl-18x12.webp 18w, https:\/\/moyahousehold.com\/wp-content\/uploads\/2026\/01\/304-stainless-steel-mixing-bowl-285x189.webp 285w, https:\/\/moyahousehold.com\/wp-content\/uploads\/2026\/01\/304-stainless-steel-mixing-bowl-1600x1062.webp 1600w, https:\/\/moyahousehold.com\/wp-content\/uploads\/2026\/01\/304-stainless-steel-mixing-bowl-660x438.webp 660w, https:\/\/moyahousehold.com\/wp-content\/uploads\/2026\/01\/304-stainless-steel-mixing-bowl-150x100.webp 150w\" sizes=\"(max-width: 2000px) 100vw, 2000px\" \/><figcaption class=\"wp-element-caption\"><br><\/figcaption><\/figure>\n\n\n\n<p><strong>mat\u00e9riel :<\/strong> Acier inoxydable 304+Silicone <strong> couleur :<\/strong> Argent<\/p>\n\n\n\n<h3 class=\"wp-block-heading\"><\/h3>\n\n\n\n<figure class=\"wp-block-table\"><table class=\"has-fixed-layout\"><tbody><tr><td class=\"has-text-align-center\" data-align=\"center\"><strong>Objet<\/strong><\/td><td class=\"has-text-align-center\" data-align=\"center\"><strong>Mat\u00e9riau<\/strong><\/td><td class=\"has-text-align-center\" data-align=\"center\"><strong>Couleur<\/strong><\/td><td class=\"has-text-align-center\" data-align=\"center\"><strong>Taille du produit<\/strong><\/td><td class=\"has-text-align-center\" data-align=\"center\"><strong>Taille du produit<\/strong><\/td><\/tr><tr><td class=\"has-text-align-center\" data-align=\"center\">MYDS022<\/td><td class=\"has-text-align-center\" data-align=\"center\" rowspan=\"2\">Acier inoxydable 304<\/td><td class=\"has-text-align-center\" data-align=\"center\" rowspan=\"2\">Argent<\/td><td class=\"has-text-align-center\" data-align=\"center\">3000ML<\/td><td class=\"has-text-align-center\" data-align=\"center\">19*19*13<\/td><\/tr><tr><td class=\"has-text-align-center\" data-align=\"center\">MYDS023<\/td><td class=\"has-text-align-center\" data-align=\"center\">3600ML<\/td><td class=\"has-text-align-center\" data-align=\"center\">21*21*14<\/td><\/tr><tr><td class=\"has-text-align-center\" data-align=\"center\">MYDS024<\/td><td class=\"has-text-align-center\" data-align=\"center\" rowspan=\"2\">Acier inoxydable 304\uff0cSilicone<\/td><td class=\"has-text-align-center\" data-align=\"center\" rowspan=\"2\">Argent+Rouge<\/td><td class=\"has-text-align-center\" data-align=\"center\">3000ML<\/td><td class=\"has-text-align-center\" data-align=\"center\">19*19*13<\/td><\/tr><tr><td class=\"has-text-align-center\" data-align=\"center\">MYDS025<\/td><td class=\"has-text-align-center\" data-align=\"center\">3600ML<\/td><td class=\"has-text-align-center\" data-align=\"center\">21*21*14<\/td><\/tr><\/tbody><\/table><\/figure>\n\n\n\n<h3 class=\"wp-block-heading\">Options de bol de cuisson personnalis\u00e9es<\/h3>\n\n\n\n<p><strong>Logo<\/strong>: personnalisez le logo de votre marque sur le bol de cuisson en acier inoxydable et sur l'emballage.<br><strong>Options du logo<\/strong>logo imprim\u00e9, logo grav\u00e9 au laser, etc.<br><strong>Mod\u00e8le<\/strong>: motifs d'impression sur les produits et les emballages.<br><strong>Technologie d'impression<\/strong>Les techniques d'impression sont les suivantes : impression par transfert d'eau, impression par s\u00e9rigraphie, impression par transfert de chaleur, transfert par sublimation, etc.<br><strong>Emballage :<\/strong>bo\u00eete de couleur.<br><a href=\"https:\/\/moyahousehold.com\/fr\/solution-personnalisee\/\"><strong>En savoir plus sur les solutions de bo\u00eetes \u00e0 lunch personnalis\u00e9es.<\/strong><\/a><\/p>\n\n\n\n<div class=\"wp-block-columns is-layout-flex wp-container-core-columns-is-layout-9d6595d7 wp-block-columns-is-layout-flex\">\n<div class=\"wp-block-column is-layout-flow wp-block-column-is-layout-flow\" style=\"flex-basis:100%\">\n<div class=\"wp-block-group is-nowrap is-layout-flex wp-container-core-group-is-layout-ad2f72ca wp-block-group-is-layout-flex\">\n<div class=\"wp-block-columns is-layout-flex wp-container-core-columns-is-layout-9d6595d7 wp-block-columns-is-layout-flex\">\n<div class=\"wp-block-column is-layout-flow wp-block-column-is-layout-flow\">\n<figure class=\"wp-block-image size-full\"><img decoding=\"async\" width=\"800\" height=\"800\" src=\"https:\/\/moyahousehold.com\/wp-content\/uploads\/2026\/01\/salad-mixing-bowl.webp\" alt=\"\" class=\"wp-image-11891\" srcset=\"https:\/\/moyahousehold.com\/wp-content\/uploads\/2026\/01\/salad-mixing-bowl.webp 800w, https:\/\/moyahousehold.com\/wp-content\/uploads\/2026\/01\/salad-mixing-bowl-300x300.webp 300w, https:\/\/moyahousehold.com\/wp-content\/uploads\/2026\/01\/salad-mixing-bowl-150x150.webp 150w, https:\/\/moyahousehold.com\/wp-content\/uploads\/2026\/01\/salad-mixing-bowl-768x768.webp 768w, https:\/\/moyahousehold.com\/wp-content\/uploads\/2026\/01\/salad-mixing-bowl-12x12.webp 12w, https:\/\/moyahousehold.com\/wp-content\/uploads\/2026\/01\/salad-mixing-bowl-285x285.webp 285w, https:\/\/moyahousehold.com\/wp-content\/uploads\/2026\/01\/salad-mixing-bowl-270x270.webp 270w, https:\/\/moyahousehold.com\/wp-content\/uploads\/2026\/01\/salad-mixing-bowl-540x540.webp 540w, https:\/\/moyahousehold.com\/wp-content\/uploads\/2026\/01\/salad-mixing-bowl-660x660.webp 660w\" sizes=\"(max-width: 800px) 100vw, 800px\" \/><figcaption class=\"wp-element-caption\">bol de pr\u00e9paration pour la cuisine\n<\/figcaption><\/figure>\n<\/div>\n\n\n\n<div class=\"wp-block-column is-layout-flow wp-block-column-is-layout-flow\">\n<figure class=\"wp-block-image size-full\"><img decoding=\"async\" width=\"800\" height=\"800\" src=\"https:\/\/moyahousehold.com\/wp-content\/uploads\/2026\/01\/mess-free-mixing-bowl.webp\" alt=\"\" class=\"wp-image-11892\" srcset=\"https:\/\/moyahousehold.com\/wp-content\/uploads\/2026\/01\/mess-free-mixing-bowl.webp 800w, https:\/\/moyahousehold.com\/wp-content\/uploads\/2026\/01\/mess-free-mixing-bowl-300x300.webp 300w, https:\/\/moyahousehold.com\/wp-content\/uploads\/2026\/01\/mess-free-mixing-bowl-150x150.webp 150w, https:\/\/moyahousehold.com\/wp-content\/uploads\/2026\/01\/mess-free-mixing-bowl-768x768.webp 768w, https:\/\/moyahousehold.com\/wp-content\/uploads\/2026\/01\/mess-free-mixing-bowl-12x12.webp 12w, https:\/\/moyahousehold.com\/wp-content\/uploads\/2026\/01\/mess-free-mixing-bowl-285x285.webp 285w, https:\/\/moyahousehold.com\/wp-content\/uploads\/2026\/01\/mess-free-mixing-bowl-270x270.webp 270w, https:\/\/moyahousehold.com\/wp-content\/uploads\/2026\/01\/mess-free-mixing-bowl-540x540.webp 540w, https:\/\/moyahousehold.com\/wp-content\/uploads\/2026\/01\/mess-free-mixing-bowl-660x660.webp 660w\" sizes=\"(max-width: 800px) 100vw, 800px\" \/><figcaption class=\"wp-element-caption\"><br><\/figcaption><\/figure>\n<\/div>\n<\/div>\n<\/div>\n<\/div>\n<\/div>\n\n\n\n<div class=\"wp-block-columns is-layout-flex wp-container-core-columns-is-layout-9d6595d7 wp-block-columns-is-layout-flex\">\n<div class=\"wp-block-column is-layout-flow wp-block-column-is-layout-flow\"><\/div>\n\n\n\n<div class=\"wp-block-column is-layout-flow wp-block-column-is-layout-flow\"><\/div>\n<\/div>\n\n\n\n<p>Vous en avez assez de salir votre plan de travail et d'\u00e9clabousser les blancs d'\u0153ufs lorsque vous les fouettez ? Frustr\u00e9 par des mesures impr\u00e9cises ou des bols bancals qui glissent au milieu du m\u00e9lange ? Voici le bol m\u00e9langeur profond en acier inoxydable 304 de MOYA, con\u00e7u pour r\u00e9soudre tous vos probl\u00e8mes de pr\u00e9paration de cuisine et rendre chaque s\u00e9ance de cuisson ou de p\u00e2tisserie plus facile, plus propre et plus agr\u00e9able.<\/p>\n\n\n\n<figure class=\"wp-block-gallery has-nested-images columns-default is-cropped wp-block-gallery-1 is-layout-flex wp-block-gallery-is-layout-flex\">\n<figure class=\"wp-block-image size-full\"><img loading=\"lazy\" decoding=\"async\" width=\"1200\" height=\"1600\" data-id=\"11893\" src=\"https:\/\/moyahousehold.com\/wp-content\/uploads\/2026\/01\/anti-splash-mixing-bowl-1.webp\" alt=\"\" class=\"wp-image-11893\" srcset=\"https:\/\/moyahousehold.com\/wp-content\/uploads\/2026\/01\/anti-splash-mixing-bowl-1.webp 1200w, https:\/\/moyahousehold.com\/wp-content\/uploads\/2026\/01\/anti-splash-mixing-bowl-1-225x300.webp 225w, https:\/\/moyahousehold.com\/wp-content\/uploads\/2026\/01\/anti-splash-mixing-bowl-1-768x1024.webp 768w, https:\/\/moyahousehold.com\/wp-content\/uploads\/2026\/01\/anti-splash-mixing-bowl-1-9x12.webp 9w, https:\/\/moyahousehold.com\/wp-content\/uploads\/2026\/01\/anti-splash-mixing-bowl-1-285x380.webp 285w, https:\/\/moyahousehold.com\/wp-content\/uploads\/2026\/01\/anti-splash-mixing-bowl-1-495x660.webp 495w, https:\/\/moyahousehold.com\/wp-content\/uploads\/2026\/01\/anti-splash-mixing-bowl-1-113x150.webp 113w\" sizes=\"(max-width: 1200px) 100vw, 1200px\" \/><\/figure>\n\n\n\n<figure class=\"wp-block-image size-full\"><img loading=\"lazy\" decoding=\"async\" width=\"1125\" height=\"1500\" data-id=\"11894\" src=\"https:\/\/moyahousehold.com\/wp-content\/uploads\/2026\/01\/deep-mixing-bowl.webp\" alt=\"\" class=\"wp-image-11894\" srcset=\"https:\/\/moyahousehold.com\/wp-content\/uploads\/2026\/01\/deep-mixing-bowl.webp 1125w, https:\/\/moyahousehold.com\/wp-content\/uploads\/2026\/01\/deep-mixing-bowl-225x300.webp 225w, https:\/\/moyahousehold.com\/wp-content\/uploads\/2026\/01\/deep-mixing-bowl-768x1024.webp 768w, https:\/\/moyahousehold.com\/wp-content\/uploads\/2026\/01\/deep-mixing-bowl-9x12.webp 9w, https:\/\/moyahousehold.com\/wp-content\/uploads\/2026\/01\/deep-mixing-bowl-285x380.webp 285w, https:\/\/moyahousehold.com\/wp-content\/uploads\/2026\/01\/deep-mixing-bowl-495x660.webp 495w, https:\/\/moyahousehold.com\/wp-content\/uploads\/2026\/01\/deep-mixing-bowl-113x150.webp 113w\" sizes=\"(max-width: 1125px) 100vw, 1125px\" \/><figcaption class=\"wp-element-caption\">bol \u00e0 mariner\n<\/figcaption><\/figure>\n<\/figure>\n\n\n\n<h2 class=\"wp-block-heading\">Pourquoi choisir notre bol \u00e0 m\u00e9langer en acier inoxydable 304 ?<\/h2>\n\n\n\n<p>La cuisine et la p\u00e2tisserie doivent \u00eatre un plaisir, pas une source de frustration. C'est pourquoi nous avons con\u00e7u ce bol \u00e0 m\u00e9langer pour r\u00e9soudre les probl\u00e8mes les plus courants dans la cuisine. Que vous soyez un cuisinier amateur, un passionn\u00e9 de p\u00e2tisserie ou un parent d\u00e9bord\u00e9, ce bol deviendra votre outil de pr\u00e9dilection pour chaque t\u00e2che de pr\u00e9paration des repas.<\/p>\n\n\n\n<figure class=\"wp-block-gallery has-nested-images columns-default is-cropped wp-block-gallery-2 is-layout-flex wp-block-gallery-is-layout-flex\">\n<figure class=\"wp-block-image size-full\"><img loading=\"lazy\" decoding=\"async\" width=\"1200\" height=\"1600\" data-id=\"11895\" src=\"https:\/\/moyahousehold.com\/wp-content\/uploads\/2026\/01\/dishwasher-safe-mixing-bowl.webp\" alt=\"\" class=\"wp-image-11895\" srcset=\"https:\/\/moyahousehold.com\/wp-content\/uploads\/2026\/01\/dishwasher-safe-mixing-bowl.webp 1200w, https:\/\/moyahousehold.com\/wp-content\/uploads\/2026\/01\/dishwasher-safe-mixing-bowl-225x300.webp 225w, https:\/\/moyahousehold.com\/wp-content\/uploads\/2026\/01\/dishwasher-safe-mixing-bowl-768x1024.webp 768w, https:\/\/moyahousehold.com\/wp-content\/uploads\/2026\/01\/dishwasher-safe-mixing-bowl-9x12.webp 9w, https:\/\/moyahousehold.com\/wp-content\/uploads\/2026\/01\/dishwasher-safe-mixing-bowl-285x380.webp 285w, https:\/\/moyahousehold.com\/wp-content\/uploads\/2026\/01\/dishwasher-safe-mixing-bowl-495x660.webp 495w, https:\/\/moyahousehold.com\/wp-content\/uploads\/2026\/01\/dishwasher-safe-mixing-bowl-113x150.webp 113w\" sizes=\"(max-width: 1200px) 100vw, 1200px\" \/><\/figure>\n<\/figure>\n\n\n\n<h3 class=\"wp-block-heading\"><strong>1. Acier inoxydable 304 de qualit\u00e9 alimentaire : S\u00fbr et durable<\/strong><\/h3>\n\n\n\n<p>Fabriqu\u00e9 en acier inoxydable 304 de haute qualit\u00e9, 100% est s\u00fbr pour les aliments, sans BPA et r\u00e9sistant \u00e0 la rouille et aux odeurs. Convient pour mariner, m\u00e9langer les p\u00e2tes ou conserver les salades sans r\u00e9agir avec les aliments.<\/p>\n\n\n\n<p><strong>2. Conception anti-\u00e9claboussures renforc\u00e9e<\/strong><\/p>\n\n\n\n<p>Le bol de 5 pouces de profondeur retient efficacement les \u00e9claboussures lorsque vous montez des blancs en neige, battez de la cr\u00e8me ou m\u00e9langez des p\u00e2tes, ce qui permet de garder votre cuisine propre et de r\u00e9duire le temps de nettoyage.<\/p>\n\n\n\n<p><strong>3. Deux marques de mesure (ml\/oz)<\/strong><\/p>\n\n\n\n<p>La double \u00e9chelle transparente sur la paroi int\u00e9rieure vous permet de mesurer avec pr\u00e9cision les liquides et les ingr\u00e9dients secs directement dans le bol, sans avoir besoin de tasses \u00e0 mesurer suppl\u00e9mentaires.<\/p>\n\n\n\n<p><strong>4. Base antid\u00e9rapante en silicone<\/strong><\/p>\n\n\n\n<p>L'anneau en silicone de premi\u00e8re qualit\u00e9 au fond maintient le bol stable sur n'importe quel plan de travail, m\u00eame lorsque vous fouettez ou m\u00e9langez vigoureusement, \u00e9vitant ainsi les glissades et les renversements.<\/p>\n\n\n\n<p><strong>5. Empilable et facile \u00e0 nettoyer<\/strong><\/p>\n\n\n\n<p>Int\u00e9rieur lisse et poli pour un nettoyage facile (compatible avec le lave-vaisselle). La conception empilable permet d'\u00e9conomiser de l'espace dans les armoires et d'organiser la cuisine.<\/p>\n\n\n\n<figure class=\"wp-block-gallery has-nested-images columns-default is-cropped wp-block-gallery-3 is-layout-flex wp-block-gallery-is-layout-flex\">\n<figure class=\"wp-block-image size-full\"><img loading=\"lazy\" decoding=\"async\" width=\"1200\" height=\"1800\" data-id=\"11896\" src=\"https:\/\/moyahousehold.com\/wp-content\/uploads\/2026\/01\/mixing-bowl-with-measurement-marks.webp\" alt=\"\" class=\"wp-image-11896\" srcset=\"https:\/\/moyahousehold.com\/wp-content\/uploads\/2026\/01\/mixing-bowl-with-measurement-marks.webp 1200w, https:\/\/moyahousehold.com\/wp-content\/uploads\/2026\/01\/mixing-bowl-with-measurement-marks-200x300.webp 200w, https:\/\/moyahousehold.com\/wp-content\/uploads\/2026\/01\/mixing-bowl-with-measurement-marks-768x1152.webp 768w, https:\/\/moyahousehold.com\/wp-content\/uploads\/2026\/01\/mixing-bowl-with-measurement-marks-8x12.webp 8w, https:\/\/moyahousehold.com\/wp-content\/uploads\/2026\/01\/mixing-bowl-with-measurement-marks-285x428.webp 285w, https:\/\/moyahousehold.com\/wp-content\/uploads\/2026\/01\/mixing-bowl-with-measurement-marks-440x660.webp 440w, https:\/\/moyahousehold.com\/wp-content\/uploads\/2026\/01\/mixing-bowl-with-measurement-marks-100x150.webp 100w\" sizes=\"(max-width: 1200px) 100vw, 1200px\" \/><\/figure>\n\n\n\n<figure class=\"wp-block-image size-full\"><img loading=\"lazy\" decoding=\"async\" width=\"1000\" height=\"1500\" data-id=\"11897\" src=\"https:\/\/moyahousehold.com\/wp-content\/uploads\/2026\/01\/non-slip-mixing-bowl.webp\" alt=\"\" class=\"wp-image-11897\" srcset=\"https:\/\/moyahousehold.com\/wp-content\/uploads\/2026\/01\/non-slip-mixing-bowl.webp 1000w, https:\/\/moyahousehold.com\/wp-content\/uploads\/2026\/01\/non-slip-mixing-bowl-200x300.webp 200w, https:\/\/moyahousehold.com\/wp-content\/uploads\/2026\/01\/non-slip-mixing-bowl-768x1152.webp 768w, https:\/\/moyahousehold.com\/wp-content\/uploads\/2026\/01\/non-slip-mixing-bowl-8x12.webp 8w, https:\/\/moyahousehold.com\/wp-content\/uploads\/2026\/01\/non-slip-mixing-bowl-285x428.webp 285w, https:\/\/moyahousehold.com\/wp-content\/uploads\/2026\/01\/non-slip-mixing-bowl-440x660.webp 440w, https:\/\/moyahousehold.com\/wp-content\/uploads\/2026\/01\/non-slip-mixing-bowl-100x150.webp 100w\" sizes=\"(max-width: 1000px) 100vw, 1000px\" \/><\/figure>\n<\/figure>\n\n\n\n<h1 class=\"wp-block-heading\"><strong>\u00c0 qui s'adresse ce bol \u00e0 m\u00e9langer ?<\/strong><\/h1>\n\n\n\n<ul class=\"wp-block-list\">\n<li>Les cuisiniers \u00e0 domicile qui veulent un bol fiable et durable pour pr\u00e9parer leurs repas quotidiens.<\/li>\n\n\n\n<li>Les passionn\u00e9s de p\u00e2tisserie qui ont besoin de mesures pr\u00e9cises pour leurs recettes<\/li>\n\n\n\n<li>Des parents occup\u00e9s qui veulent des ustensiles de cuisine faciles \u00e0 nettoyer et incassables<\/li>\n\n\n\n<li>Les personnes qui attachent de l'importance \u00e0 la s\u00e9curit\u00e9 alimentaire et qui veulent des ustensiles de cuisine sans BPA et non toxiques.<\/li>\n\n\n\n<li>Les campeurs en VR ou les cuisiniers en plein air qui ont besoin de bols portables et durables<\/li>\n<\/ul>\n\n\n\n<h3 class=\"wp-block-heading\">Suffisamment polyvalent pour fouetter les \u0153ufs, battre la cr\u00e8me, m\u00e9langer les salades, pr\u00e9parer les ingr\u00e9dients et m\u00eame conserver les aliments, le bol \u00e0 m\u00e9langer profond en acier inoxydable 304 de MOYA est plus qu'un simple bol - il change la donne dans votre cuisine. Que vous soyez un p\u00e2tissier d\u00e9butant, un cuisinier chevronn\u00e9 ou simplement quelqu'un qui aime pr\u00e9parer des repas pour sa famille et ses amis, ce bol deviendra rapidement votre accessoire de cuisine pr\u00e9f\u00e9r\u00e9.<\/h3>\n\n\n\n<p><strong>Am\u00e9liorez vos outils de cuisine aujourd'hui avec le bol \u00e0 m\u00e9langer profond MOYA - o\u00f9 la fonctionnalit\u00e9, la s\u00e9curit\u00e9 et la commodit\u00e9 se rencontrent !<\/strong><\/p>\n\n\n\n<p><\/p>","protected":false},"excerpt":{"rendered":"<h2 class=\"header-vfC6AV auto-hide-last-sibling-br\">Services de personnalisation<\/h2>\n<div class=\"auto-hide-last-sibling-br paragraph-JOTKXA paragraph-element br-paragraph-space\">En tant que fabricant professionnel de bo\u00eetes \u00e0 lunch, nous proposons des solutions OEM et ODM compl\u00e8tes :<\/div>\n<ul class=\"auto-hide-last-sibling-br\">\n<li><strong>OEM<\/strong>: Personnalisez les logos, les imprim\u00e9s ou l'emballage pour qu'ils correspondent \u00e0 l'identit\u00e9 de votre marque. Vous pouvez \u00e9galement choisir diff\u00e9rentes couleurs pour la coque ext\u00e9rieure afin de correspondre au style de votre marque.<\/li>\n<li><strong>ODM<\/strong>: Nous collaborons \u00e0 la conception du produit, de l'agencement des compartiments (ajustement du nombre et de la taille des compartiments) aux finitions des mat\u00e9riaux, afin de cr\u00e9er des solutions uniques et adapt\u00e9es au march\u00e9. Nous pouvons \u00e9galement optimiser la structure d'\u00e9tanch\u00e9it\u00e9 ou ajouter des conceptions fonctionnelles sp\u00e9ciales en fonction de vos besoins.<\/li>\n<\/ul>","protected":false},"featured_media":11902,"comment_status":"closed","ping_status":"closed","template":"","meta":[],"product_cat":[58],"product_tag":[87,92],"class_list":{"0":"post-11885","1":"product","2":"type-product","3":"status-publish","4":"has-post-thumbnail","6":"product_cat-lunch-box-wholesale","7":"product_tag-wholesale-multi-compartment-lunch-box","8":"product_tag-wholesale-rectangle-lunch-box","10":"first","11":"instock","12":"shipping-taxable","13":"product-type-simple"},"_links":{"self":[{"href":"https:\/\/moyahousehold.com\/fr\/wp-json\/wp\/v2\/product\/11885","targetHints":{"allow":["GET"]}}],"collection":[{"href":"https:\/\/moyahousehold.com\/fr\/wp-json\/wp\/v2\/product"}],"about":[{"href":"https:\/\/moyahousehold.com\/fr\/wp-json\/wp\/v2\/types\/product"}],"replies":[{"embeddable":true,"href":"https:\/\/moyahousehold.com\/fr\/wp-json\/wp\/v2\/comments?post=11885"}],"version-history":[{"count":2,"href":"https:\/\/moyahousehold.com\/fr\/wp-json\/wp\/v2\/product\/11885\/revisions"}],"predecessor-version":[{"id":11901,"href":"https:\/\/moyahousehold.com\/fr\/wp-json\/wp\/v2\/product\/11885\/revisions\/11901"}],"wp:featuredmedia":[{"embeddable":true,"href":"https:\/\/moyahousehold.com\/fr\/wp-json\/wp\/v2\/media\/11902"}],"wp:attachment":[{"href":"https:\/\/moyahousehold.com\/fr\/wp-json\/wp\/v2\/media?parent=11885"}],"wp:term":[{"taxonomy":"product_cat","embeddable":true,"href":"https:\/\/moyahousehold.com\/fr\/wp-json\/wp\/v2\/product_cat?post=11885"},{"taxonomy":"product_tag","embeddable":true,"href":"https:\/\/moyahousehold.com\/fr\/wp-json\/wp\/v2\/product_tag?post=11885"}],"curies":[{"name":"wp","href":"https:\/\/api.w.org\/{rel}","templated":true}]}}