{"id":11904,"date":"2026-01-07T08:49:59","date_gmt":"2026-01-07T08:11:58","guid":{"rendered":"https:\/\/moyahousehold.com\/?post_type=product&#038;p=11904"},"modified":"2026-01-07T08:50:45","modified_gmt":"2026-01-07T08:50:45","slug":"304-stainless-steel-detachable-food-containers-with-removable-silicone-seal-leak-proof-stackable-multi-size-for-meal-prep-travel-and-kitchen-storage","status":"publish","type":"product","link":"https:\/\/moyahousehold.com\/fr\/produit\/304-stainless-steel-detachable-food-containers-with-removable-silicone-seal-leak-proof-stackable-multi-size-for-meal-prep-travel-and-kitchen-storage\/","title":{"rendered":"R\u00e9cipients alimentaires d\u00e9tachables en acier inoxydable 304 avec joint en silicone amovible - \u00e9tanches, empilables et multi-tailles pour la pr\u00e9paration des repas, les voyages et le stockage dans la cuisine"},"content":{"rendered":"<figure class=\"wp-block-image size-full\"><img fetchpriority=\"high\" decoding=\"async\" width=\"1125\" height=\"1500\" src=\"https:\/\/moyahousehold.com\/wp-content\/uploads\/2026\/01\/304-stainless-steel-detachable-food-container-with-silicone-seal.webp\" alt=\"\" class=\"wp-image-11906\" srcset=\"https:\/\/moyahousehold.com\/wp-content\/uploads\/2026\/01\/304-stainless-steel-detachable-food-container-with-silicone-seal.webp 1125w, https:\/\/moyahousehold.com\/wp-content\/uploads\/2026\/01\/304-stainless-steel-detachable-food-container-with-silicone-seal-225x300.webp 225w, https:\/\/moyahousehold.com\/wp-content\/uploads\/2026\/01\/304-stainless-steel-detachable-food-container-with-silicone-seal-768x1024.webp 768w, https:\/\/moyahousehold.com\/wp-content\/uploads\/2026\/01\/304-stainless-steel-detachable-food-container-with-silicone-seal-9x12.webp 9w, https:\/\/moyahousehold.com\/wp-content\/uploads\/2026\/01\/304-stainless-steel-detachable-food-container-with-silicone-seal-285x380.webp 285w, https:\/\/moyahousehold.com\/wp-content\/uploads\/2026\/01\/304-stainless-steel-detachable-food-container-with-silicone-seal-495x660.webp 495w, https:\/\/moyahousehold.com\/wp-content\/uploads\/2026\/01\/304-stainless-steel-detachable-food-container-with-silicone-seal-113x150.webp 113w\" sizes=\"(max-width: 1125px) 100vw, 1125px\" \/><figcaption class=\"wp-element-caption\">r\u00e9cipient amovible en acier inoxydable facile \u00e0 nettoyer pour la pr\u00e9paration des repas<\/figcaption><\/figure>\n\n\n\n<p><strong>mat\u00e9riel :<\/strong> Acier inoxydable 304+Silicone <strong> couleur :<\/strong> Noir\/Blanc<\/p>\n\n\n\n<h3 class=\"wp-block-heading\"><\/h3>\n\n\n\n<figure class=\"wp-block-table\"><table class=\"has-fixed-layout\"><tbody><tr><td class=\"has-text-align-center\" data-align=\"center\">Objet<\/td><td class=\"has-text-align-center\" data-align=\"center\">Mat\u00e9riau<\/td><td class=\"has-text-align-center\" data-align=\"center\">Couleur<\/td><td class=\"has-text-align-center\" data-align=\"center\">Taille du produit<\/td><\/tr><tr><td class=\"has-text-align-center\" data-align=\"center\">MYJD370<\/td><td class=\"has-text-align-center\" data-align=\"center\" rowspan=\"10\">304+PP+Silicone<\/td><td class=\"has-text-align-center\" data-align=\"center\" rowspan=\"10\">Noir\/Blanc<\/td><td class=\"has-text-align-center\" data-align=\"center\">400ML<\/td><\/tr><tr><td class=\"has-text-align-center\" data-align=\"center\">MYJD371<\/td><td class=\"has-text-align-center\" data-align=\"center\">600ML<\/td><\/tr><tr><td class=\"has-text-align-center\" data-align=\"center\">MYJD372<\/td><td class=\"has-text-align-center\" data-align=\"center\">655NL<\/td><\/tr><tr><td class=\"has-text-align-center\" data-align=\"center\">MYJD373<\/td><td class=\"has-text-align-center\" data-align=\"center\">950ML<\/td><\/tr><tr><td class=\"has-text-align-center\" data-align=\"center\">MYJD374<\/td><td class=\"has-text-align-center\" data-align=\"center\">1000ML<\/td><\/tr><tr><td class=\"has-text-align-center\" data-align=\"center\">MYJD375<\/td><td class=\"has-text-align-center\" data-align=\"center\">1100ML<\/td><\/tr><tr><td class=\"has-text-align-center\" data-align=\"center\">MYJD376<\/td><td class=\"has-text-align-center\" data-align=\"center\">1500ML<\/td><\/tr><tr><td class=\"has-text-align-center\" data-align=\"center\">MYJD377<\/td><td class=\"has-text-align-center\" data-align=\"center\">1800ML<\/td><\/tr><tr><td class=\"has-text-align-center\" data-align=\"center\">MYJD378<\/td><td class=\"has-text-align-center\" data-align=\"center\">2500ML<\/td><\/tr><tr><td class=\"has-text-align-center\" data-align=\"center\">MYJD379<\/td><td class=\"has-text-align-center\" data-align=\"center\">2800ML<\/td><\/tr><\/tbody><\/table><\/figure>\n\n\n\n<h3 class=\"wp-block-heading\">Options de bo\u00eetes de conservation personnalis\u00e9es<\/h3>\n\n\n\n<p><strong>Logo<\/strong>: personnalisez le logo de votre marque sur le bol de cuisson en acier inoxydable et sur l'emballage.<br><strong>Options du logo<\/strong>logo imprim\u00e9, logo grav\u00e9 au laser, etc.<br><strong>Mod\u00e8le<\/strong>: motifs d'impression sur les produits et les emballages.<br><strong>Technologie d'impression<\/strong>Les techniques d'impression sont les suivantes : impression par transfert d'eau, impression par s\u00e9rigraphie, impression par transfert de chaleur, transfert par sublimation, etc.<br><strong>Emballage :<\/strong>bo\u00eete de couleur.<br><a href=\"https:\/\/moyahousehold.com\/fr\/solution-personnalisee\/\"><strong>En savoir plus sur les solutions de bo\u00eetes \u00e0 lunch personnalis\u00e9es.<\/strong><\/a><\/p>\n\n\n\n<div class=\"wp-block-columns is-layout-flex wp-container-core-columns-is-layout-9d6595d7 wp-block-columns-is-layout-flex\">\n<div class=\"wp-block-column is-layout-flow wp-block-column-is-layout-flow\" style=\"flex-basis:100%\">\n<div class=\"wp-block-group is-nowrap is-layout-flex wp-container-core-group-is-layout-ad2f72ca wp-block-group-is-layout-flex\">\n<div class=\"wp-block-columns is-layout-flex wp-container-core-columns-is-layout-9d6595d7 wp-block-columns-is-layout-flex\">\n<div class=\"wp-block-column is-layout-flow wp-block-column-is-layout-flow\">\n<figure class=\"wp-block-image size-full\"><img decoding=\"async\" width=\"800\" height=\"800\" src=\"https:\/\/moyahousehold.com\/wp-content\/uploads\/2026\/01\/heat-resistant-food-container.webp\" alt=\"\" class=\"wp-image-11909\" srcset=\"https:\/\/moyahousehold.com\/wp-content\/uploads\/2026\/01\/heat-resistant-food-container.webp 800w, https:\/\/moyahousehold.com\/wp-content\/uploads\/2026\/01\/heat-resistant-food-container-300x300.webp 300w, https:\/\/moyahousehold.com\/wp-content\/uploads\/2026\/01\/heat-resistant-food-container-150x150.webp 150w, https:\/\/moyahousehold.com\/wp-content\/uploads\/2026\/01\/heat-resistant-food-container-768x768.webp 768w, https:\/\/moyahousehold.com\/wp-content\/uploads\/2026\/01\/heat-resistant-food-container-12x12.webp 12w, https:\/\/moyahousehold.com\/wp-content\/uploads\/2026\/01\/heat-resistant-food-container-285x285.webp 285w, https:\/\/moyahousehold.com\/wp-content\/uploads\/2026\/01\/heat-resistant-food-container-270x270.webp 270w, https:\/\/moyahousehold.com\/wp-content\/uploads\/2026\/01\/heat-resistant-food-container-540x540.webp 540w, https:\/\/moyahousehold.com\/wp-content\/uploads\/2026\/01\/heat-resistant-food-container-660x660.webp 660w\" sizes=\"(max-width: 800px) 100vw, 800px\" \/><figcaption class=\"wp-element-caption\">R\u00e9cipient de stockage r\u00e9utilisable en acier inoxydable de qualit\u00e9 alimentaire de plusieurs tailles<\/figcaption><\/figure>\n<\/div>\n\n\n\n<div class=\"wp-block-column is-layout-flow wp-block-column-is-layout-flow\">\n<figure class=\"wp-block-image size-full\"><img decoding=\"async\" width=\"800\" height=\"800\" src=\"https:\/\/moyahousehold.com\/wp-content\/uploads\/2026\/01\/easy-to-clean-food-container.webp\" alt=\"\" class=\"wp-image-11907\" srcset=\"https:\/\/moyahousehold.com\/wp-content\/uploads\/2026\/01\/easy-to-clean-food-container.webp 800w, https:\/\/moyahousehold.com\/wp-content\/uploads\/2026\/01\/easy-to-clean-food-container-300x300.webp 300w, https:\/\/moyahousehold.com\/wp-content\/uploads\/2026\/01\/easy-to-clean-food-container-150x150.webp 150w, https:\/\/moyahousehold.com\/wp-content\/uploads\/2026\/01\/easy-to-clean-food-container-768x768.webp 768w, https:\/\/moyahousehold.com\/wp-content\/uploads\/2026\/01\/easy-to-clean-food-container-12x12.webp 12w, https:\/\/moyahousehold.com\/wp-content\/uploads\/2026\/01\/easy-to-clean-food-container-285x285.webp 285w, https:\/\/moyahousehold.com\/wp-content\/uploads\/2026\/01\/easy-to-clean-food-container-270x270.webp 270w, https:\/\/moyahousehold.com\/wp-content\/uploads\/2026\/01\/easy-to-clean-food-container-540x540.webp 540w, https:\/\/moyahousehold.com\/wp-content\/uploads\/2026\/01\/easy-to-clean-food-container-660x660.webp 660w\" sizes=\"(max-width: 800px) 100vw, 800px\" \/><figcaption class=\"wp-element-caption\">bo\u00eete \u00e0 lunch en acier inoxydable 304 empilable et \u00e9tanche<\/figcaption><\/figure>\n<\/div>\n<\/div>\n<\/div>\n<\/div>\n<\/div>\n\n\n\n<div class=\"wp-block-columns is-layout-flex wp-container-core-columns-is-layout-9d6595d7 wp-block-columns-is-layout-flex\">\n<div class=\"wp-block-column is-layout-flow wp-block-column-is-layout-flow\"><\/div>\n\n\n\n<div class=\"wp-block-column is-layout-flow wp-block-column-is-layout-flow\"><\/div>\n<\/div>\n\n\n\n<p>Vous en avez assez des r\u00e9cipients en plastique fragiles qui fuient, retiennent les odeurs ou se cassent apr\u00e8s quelques utilisations ? Am\u00e9liorez vos habitudes de conservation des aliments avec nos r\u00e9cipients amovibles en acier inoxydable 304 de premi\u00e8re qualit\u00e9, con\u00e7us pour la sant\u00e9, la commodit\u00e9 et la performance \u00e0 long terme. Que vous pr\u00e9pariez vos repas de la semaine, que vous pr\u00e9pariez votre d\u00e9jeuner pour le travail, que vous conserviez les restes dans le r\u00e9frig\u00e9rateur ou que vous emportiez des en-cas lors d'un pique-nique en famille, ces conteneurs sont la solution tout-en-un pour conserver des aliments frais et sans d\u00e9g\u00e2ts. Fabriqu\u00e9s avec des mat\u00e9riaux s\u00fbrs pour les aliments et une ing\u00e9nierie r\u00e9fl\u00e9chie, ils sont con\u00e7us pour r\u00e9pondre aux besoins des m\u00e9nages occup\u00e9s, des consommateurs soucieux de l'environnement et de tous ceux qui attachent de l'importance \u00e0 la qualit\u00e9 de leurs articles de cuisine.<\/p>\n\n\n\n<figure class=\"wp-block-gallery has-nested-images columns-default is-cropped wp-block-gallery-1 is-layout-flex wp-block-gallery-is-layout-flex\">\n<figure class=\"wp-block-image size-full is-style-default\"><img loading=\"lazy\" decoding=\"async\" width=\"1125\" height=\"1500\" data-id=\"11919\" src=\"https:\/\/moyahousehold.com\/wp-content\/uploads\/2026\/01\/detachable-food-storage-container-1.webp\" alt=\"\" class=\"wp-image-11919\" srcset=\"https:\/\/moyahousehold.com\/wp-content\/uploads\/2026\/01\/detachable-food-storage-container-1.webp 1125w, https:\/\/moyahousehold.com\/wp-content\/uploads\/2026\/01\/detachable-food-storage-container-1-225x300.webp 225w, https:\/\/moyahousehold.com\/wp-content\/uploads\/2026\/01\/detachable-food-storage-container-1-768x1024.webp 768w, https:\/\/moyahousehold.com\/wp-content\/uploads\/2026\/01\/detachable-food-storage-container-1-9x12.webp 9w, https:\/\/moyahousehold.com\/wp-content\/uploads\/2026\/01\/detachable-food-storage-container-1-285x380.webp 285w, https:\/\/moyahousehold.com\/wp-content\/uploads\/2026\/01\/detachable-food-storage-container-1-495x660.webp 495w, https:\/\/moyahousehold.com\/wp-content\/uploads\/2026\/01\/detachable-food-storage-container-1-113x150.webp 113w\" sizes=\"(max-width: 1125px) 100vw, 1125px\" \/><\/figure>\n\n\n\n<figure class=\"wp-block-image size-full is-style-default\"><img loading=\"lazy\" decoding=\"async\" width=\"1125\" height=\"1500\" data-id=\"11918\" src=\"https:\/\/moyahousehold.com\/wp-content\/uploads\/2026\/01\/multi-size-food-container.webp\" alt=\"\" class=\"wp-image-11918\" srcset=\"https:\/\/moyahousehold.com\/wp-content\/uploads\/2026\/01\/multi-size-food-container.webp 1125w, https:\/\/moyahousehold.com\/wp-content\/uploads\/2026\/01\/multi-size-food-container-225x300.webp 225w, https:\/\/moyahousehold.com\/wp-content\/uploads\/2026\/01\/multi-size-food-container-768x1024.webp 768w, https:\/\/moyahousehold.com\/wp-content\/uploads\/2026\/01\/multi-size-food-container-9x12.webp 9w, https:\/\/moyahousehold.com\/wp-content\/uploads\/2026\/01\/multi-size-food-container-285x380.webp 285w, https:\/\/moyahousehold.com\/wp-content\/uploads\/2026\/01\/multi-size-food-container-495x660.webp 495w, https:\/\/moyahousehold.com\/wp-content\/uploads\/2026\/01\/multi-size-food-container-113x150.webp 113w\" sizes=\"(max-width: 1125px) 100vw, 1125px\" \/><\/figure>\n<\/figure>\n\n\n\n<h2 class=\"wp-block-heading\"><\/h2>\n\n\n\n<figure class=\"wp-block-gallery has-nested-images columns-default is-cropped wp-block-gallery-2 is-layout-flex wp-block-gallery-is-layout-flex\">\n<figure class=\"wp-block-image size-full\"><img loading=\"lazy\" decoding=\"async\" width=\"1000\" height=\"1500\" data-id=\"11920\" src=\"https:\/\/moyahousehold.com\/wp-content\/uploads\/2026\/01\/cold-resistant-food-container-1.webp\" alt=\"\" class=\"wp-image-11920\" srcset=\"https:\/\/moyahousehold.com\/wp-content\/uploads\/2026\/01\/cold-resistant-food-container-1.webp 1000w, https:\/\/moyahousehold.com\/wp-content\/uploads\/2026\/01\/cold-resistant-food-container-1-200x300.webp 200w, https:\/\/moyahousehold.com\/wp-content\/uploads\/2026\/01\/cold-resistant-food-container-1-768x1152.webp 768w, https:\/\/moyahousehold.com\/wp-content\/uploads\/2026\/01\/cold-resistant-food-container-1-8x12.webp 8w, https:\/\/moyahousehold.com\/wp-content\/uploads\/2026\/01\/cold-resistant-food-container-1-285x428.webp 285w, https:\/\/moyahousehold.com\/wp-content\/uploads\/2026\/01\/cold-resistant-food-container-1-440x660.webp 440w, https:\/\/moyahousehold.com\/wp-content\/uploads\/2026\/01\/cold-resistant-food-container-1-100x150.webp 100w\" sizes=\"(max-width: 1000px) 100vw, 1000px\" \/><\/figure>\n<\/figure>\n\n\n\n<h3 class=\"wp-block-heading\"><\/h3>\n\n\n\n<p>1.<strong>Construction en acier inoxydable 304 de qualit\u00e9 alimentaire<\/strong><\/p>\n\n\n\n<p>Nos r\u00e9cipients sont fabriqu\u00e9s en acier inoxydable 304 de haute qualit\u00e9, un mat\u00e9riau auquel font confiance les chefs et les professionnels de l'industrie alimentaire du monde entier. Il est non toxique, sans BPA et exempt de produits chimiques nocifs, ce qui garantit que vos aliments restent purs et non contamin\u00e9s. Contrairement au plastique, il ne retient pas les taches, les odeurs ou les saveurs des aliments forts comme l'ail, la sauce tomate ou le curry, ce qui permet \u00e0 vos r\u00e9cipients de rester frais et propres \u00e0 chaque utilisation.<\/p>\n\n\n\n<p>2.<strong>Joint en silicone amovible pour une \u00e9tanch\u00e9it\u00e9 imbattable<\/strong><\/p>\n\n\n\n<p>Chaque conteneur est dot\u00e9 d'un <strong>bande d'\u00e9tanch\u00e9it\u00e9 amovible en silicone \u00e0 haute \u00e9lasticit\u00e9<\/strong> qui cr\u00e9e une barri\u00e8re \u00e9tanche \u00e0 l'air et \u00e0 l'eau. Dites adieu aux d\u00e9g\u00e2ts dans votre sac, votre voiture ou votre r\u00e9frig\u00e9rateur ! La bande de silicone conserve la fra\u00eecheur, emp\u00eache les aliments de se dess\u00e9cher et emp\u00eache la contamination crois\u00e9e entre diff\u00e9rents aliments. Mieux encore, le joint est enti\u00e8rement amovible, ce qui facilite le nettoyage de tous les coins et recoins, afin d'\u00e9viter toute accumulation de salet\u00e9 ou de bact\u00e9ries.<\/p>\n\n\n\n<p>3.<strong>Conception amovible pour un nettoyage approfondi et une grande polyvalence<\/strong><\/p>\n\n\n\n<p>Le corps et le couvercle amovibles du conteneur (ainsi que le joint en silicone amovible) vous permettent de le d\u00e9monter compl\u00e8tement pour un nettoyage en profondeur. Plus besoin de se battre avec les coins difficiles \u00e0 atteindre ou les particules d'aliments coinc\u00e9es ! Il peut \u00eatre lav\u00e9 au lave-vaisselle pour plus de commodit\u00e9, et sa construction durable garantit qu'il ne se d\u00e9formera pas et ne s'ab\u00eemera pas, m\u00eame en cas de lavages fr\u00e9quents.<\/p>\n\n\n\n<p>4.<strong>Conception empilable et peu encombrante<\/strong><\/p>\n\n\n\n<p>De forme \u00e9l\u00e9gante et uniforme, nos conteneurs en acier inoxydable s'empilent proprement les uns sur les autres, ce qui permet de gagner un espace pr\u00e9cieux dans votre r\u00e9frig\u00e9rateur, votre cong\u00e9lateur ou vos armoires de cuisine. Que vous ayez une petite cuisine d'appartement ou un garde-manger familial bien rempli, ces conteneurs vous aideront \u00e0 rester organis\u00e9 sans encombrer votre espace.<\/p>\n\n\n\n<p>5.<strong>Plusieurs tailles pour tous les besoins<\/strong><\/p>\n\n\n\n<p>Choisissez parmi une gamme de tailles, des r\u00e9cipients compacts de 200 ml pour les dips, les snacks ou les condiments aux grands r\u00e9cipients de 1500 ml pour les repas familiaux, les salades ou les restes. M\u00e9langez les tailles pour cr\u00e9er l'ensemble de stockage parfait pour votre style de vie - id\u00e9al pour pr\u00e9parer les repas, contr\u00f4ler les portions ou manger sur le pouce.<\/p>\n\n\n\n<p>6.<strong>R\u00e9sistant \u00e0 la chaleur et au froid pour une utilisation multi-sc\u00e8ne<\/strong><\/p>\n\n\n\n<p>Nos r\u00e9cipients sont con\u00e7us pour r\u00e9sister \u00e0 des temp\u00e9ratures extr\u00eames, de -20 \u00b0C (cong\u00e9lation) \u00e0 100 \u00b0C (r\u00e9sistance \u00e0 la chaleur). Utilisez-les pour conserver des smoothies surgel\u00e9s, r\u00e9frig\u00e9rer des salades fra\u00eeches ou garder des restes au chaud pour un repas rapide. Ils sont parfaits pour la maison, le bureau, les voyages, les pique-niques et le camping, ce qui en fait un compl\u00e9ment polyvalent \u00e0 votre routine quotidienne.<\/p>\n\n\n\n<p>7.<strong>Respectueux de l'environnement et r\u00e9utilisable<\/strong><\/p>\n\n\n\n<p>Laissez tomber les contenants en plastique \u00e0 usage unique et r\u00e9duisez votre empreinte \u00e9cologique gr\u00e2ce \u00e0 nos contenants r\u00e9utilisables en acier inoxydable. Ils sont suffisamment durables pour durer des ann\u00e9es, ce qui vous permet d'\u00e9conomiser de l'argent \u00e0 long terme et de contribuer \u00e0 la protection de la plan\u00e8te. C'est un choix intelligent et durable pour les consommateurs conscients.<\/p>\n\n\n\n<figure class=\"wp-block-gallery has-nested-images columns-default is-cropped wp-block-gallery-3 is-layout-flex wp-block-gallery-is-layout-flex\">\n<figure class=\"wp-block-image size-full\"><img loading=\"lazy\" decoding=\"async\" width=\"1125\" height=\"1500\" data-id=\"11917\" src=\"https:\/\/moyahousehold.com\/wp-content\/uploads\/2026\/01\/stainless-steel-lunch-box.webp\" alt=\"\" class=\"wp-image-11917\" srcset=\"https:\/\/moyahousehold.com\/wp-content\/uploads\/2026\/01\/stainless-steel-lunch-box.webp 1125w, https:\/\/moyahousehold.com\/wp-content\/uploads\/2026\/01\/stainless-steel-lunch-box-225x300.webp 225w, https:\/\/moyahousehold.com\/wp-content\/uploads\/2026\/01\/stainless-steel-lunch-box-768x1024.webp 768w, https:\/\/moyahousehold.com\/wp-content\/uploads\/2026\/01\/stainless-steel-lunch-box-9x12.webp 9w, https:\/\/moyahousehold.com\/wp-content\/uploads\/2026\/01\/stainless-steel-lunch-box-285x380.webp 285w, https:\/\/moyahousehold.com\/wp-content\/uploads\/2026\/01\/stainless-steel-lunch-box-495x660.webp 495w, https:\/\/moyahousehold.com\/wp-content\/uploads\/2026\/01\/stainless-steel-lunch-box-113x150.webp 113w\" sizes=\"(max-width: 1125px) 100vw, 1125px\" \/><\/figure>\n\n\n\n<figure class=\"wp-block-image size-full\"><img loading=\"lazy\" decoding=\"async\" width=\"1125\" height=\"1500\" data-id=\"11921\" src=\"https:\/\/moyahousehold.com\/wp-content\/uploads\/2026\/01\/leak-proof-food-container.webp\" alt=\"\" class=\"wp-image-11921\" srcset=\"https:\/\/moyahousehold.com\/wp-content\/uploads\/2026\/01\/leak-proof-food-container.webp 1125w, https:\/\/moyahousehold.com\/wp-content\/uploads\/2026\/01\/leak-proof-food-container-225x300.webp 225w, https:\/\/moyahousehold.com\/wp-content\/uploads\/2026\/01\/leak-proof-food-container-768x1024.webp 768w, https:\/\/moyahousehold.com\/wp-content\/uploads\/2026\/01\/leak-proof-food-container-9x12.webp 9w, https:\/\/moyahousehold.com\/wp-content\/uploads\/2026\/01\/leak-proof-food-container-285x380.webp 285w, https:\/\/moyahousehold.com\/wp-content\/uploads\/2026\/01\/leak-proof-food-container-495x660.webp 495w, https:\/\/moyahousehold.com\/wp-content\/uploads\/2026\/01\/leak-proof-food-container-113x150.webp 113w\" sizes=\"(max-width: 1125px) 100vw, 1125px\" \/><\/figure>\n<\/figure>\n\n\n\n<h3 class=\"wp-block-heading\"><strong>Nos r\u00e9cipients alimentaires d\u00e9tachables en acier inoxydable 304 sont bien plus qu'un simple espace de stockage : ils constituent un investissement fiable et \u00e9cologique pour votre sant\u00e9 et votre confort au quotidien. Avec une \u00e9tanch\u00e9it\u00e9 imbattable, un nettoyage facile, un design empilable et plusieurs tailles, ils sont parfaits pour tous les besoins de stockage des aliments. Que vous soyez un parent occup\u00e9, un adepte du fitness qui pr\u00e9pare ses repas ou un grand voyageur, ces conteneurs vous simplifieront la vie et garderont vos aliments frais et d\u00e9licieux. Ne vous contentez pas de moins - optez d\u00e8s aujourd'hui pour ce qui se fait de mieux en mati\u00e8re de conservation des aliments. Ajoutez nos conteneurs en acier inoxydable \u00e0 votre panier et d\u00e9couvrez la diff\u00e9rence que fait la qualit\u00e9 !<\/strong><\/h3>\n\n\n\n<p><\/p>","protected":false},"excerpt":{"rendered":"<h2 class=\"header-vfC6AV auto-hide-last-sibling-br\">Services de personnalisation<\/h2>\n<div class=\"auto-hide-last-sibling-br paragraph-JOTKXA paragraph-element br-paragraph-space\">En tant que fabricant professionnel de bo\u00eetes \u00e0 lunch, nous proposons des solutions OEM et ODM compl\u00e8tes :<\/div>\n<ul class=\"auto-hide-last-sibling-br\">\n<li><strong>OEM<\/strong>: Personnalisez les logos, les imprim\u00e9s ou l'emballage pour qu'ils correspondent \u00e0 l'identit\u00e9 de votre marque. Vous pouvez \u00e9galement choisir diff\u00e9rentes couleurs pour la coque ext\u00e9rieure afin de correspondre au style de votre marque.<\/li>\n<li><strong>ODM<\/strong>: Nous collaborons \u00e0 la conception du produit, de l'agencement des compartiments (ajustement du nombre et de la taille des compartiments) aux finitions des mat\u00e9riaux, afin de cr\u00e9er des solutions uniques et adapt\u00e9es au march\u00e9. Nous pouvons \u00e9galement optimiser la structure d'\u00e9tanch\u00e9it\u00e9 ou ajouter des conceptions fonctionnelles sp\u00e9ciales en fonction de vos besoins.<\/li>\n<\/ul>","protected":false},"featured_media":11905,"comment_status":"closed","ping_status":"closed","template":"","meta":[],"product_cat":[58],"product_tag":[87,92],"class_list":{"0":"post-11904","1":"product","2":"type-product","3":"status-publish","4":"has-post-thumbnail","6":"product_cat-lunch-box-wholesale","7":"product_tag-wholesale-multi-compartment-lunch-box","8":"product_tag-wholesale-rectangle-lunch-box","10":"first","11":"instock","12":"shipping-taxable","13":"product-type-simple"},"_links":{"self":[{"href":"https:\/\/moyahousehold.com\/fr\/wp-json\/wp\/v2\/product\/11904","targetHints":{"allow":["GET"]}}],"collection":[{"href":"https:\/\/moyahousehold.com\/fr\/wp-json\/wp\/v2\/product"}],"about":[{"href":"https:\/\/moyahousehold.com\/fr\/wp-json\/wp\/v2\/types\/product"}],"replies":[{"embeddable":true,"href":"https:\/\/moyahousehold.com\/fr\/wp-json\/wp\/v2\/comments?post=11904"}],"version-history":[{"count":2,"href":"https:\/\/moyahousehold.com\/fr\/wp-json\/wp\/v2\/product\/11904\/revisions"}],"predecessor-version":[{"id":11924,"href":"https:\/\/moyahousehold.com\/fr\/wp-json\/wp\/v2\/product\/11904\/revisions\/11924"}],"wp:featuredmedia":[{"embeddable":true,"href":"https:\/\/moyahousehold.com\/fr\/wp-json\/wp\/v2\/media\/11905"}],"wp:attachment":[{"href":"https:\/\/moyahousehold.com\/fr\/wp-json\/wp\/v2\/media?parent=11904"}],"wp:term":[{"taxonomy":"product_cat","embeddable":true,"href":"https:\/\/moyahousehold.com\/fr\/wp-json\/wp\/v2\/product_cat?post=11904"},{"taxonomy":"product_tag","embeddable":true,"href":"https:\/\/moyahousehold.com\/fr\/wp-json\/wp\/v2\/product_tag?post=11904"}],"curies":[{"name":"wp","href":"https:\/\/api.w.org\/{rel}","templated":true}]}}