{"id":11926,"date":"2026-01-09T08:56:54","date_gmt":"2026-01-09T08:43:34","guid":{"rendered":"https:\/\/moyahousehold.com\/?post_type=product&#038;p=11926"},"modified":"2026-04-15T06:56:31","modified_gmt":"2026-04-15T06:56:31","slug":"sus-304-stainless-steel-vacuum-insulated-food-container-leak-proof-detachable-storage-box-with-air-vent-for-home-outdoor-picnic-commercial-use","status":"publish","type":"product","link":"https:\/\/moyahousehold.com\/fr\/produit\/sus-304-stainless-steel-vacuum-insulated-food-container-leak-proof-detachable-storage-box-with-air-vent-for-home-outdoor-picnic-commercial-use\/","title":{"rendered":"R\u00e9cipient alimentaire isolant sous vide en acier inoxydable SUS 304 - Bo\u00eete de stockage d\u00e9tachable \u00e9tanche avec \u00e9vent pour la maison, le pique-nique en plein air et l'utilisation commerciale"},"content":{"rendered":"<figure class=\"wp-block-image size-full is-style-default\"><img fetchpriority=\"high\" decoding=\"async\" width=\"800\" height=\"800\" src=\"https:\/\/moyahousehold.com\/wp-content\/uploads\/2026\/01\/vacuum-sealed-food-storage-container.webp\" alt=\"\" class=\"wp-image-11927\" srcset=\"https:\/\/moyahousehold.com\/wp-content\/uploads\/2026\/01\/vacuum-sealed-food-storage-container.webp 800w, https:\/\/moyahousehold.com\/wp-content\/uploads\/2026\/01\/vacuum-sealed-food-storage-container-300x300.webp 300w, https:\/\/moyahousehold.com\/wp-content\/uploads\/2026\/01\/vacuum-sealed-food-storage-container-150x150.webp 150w, https:\/\/moyahousehold.com\/wp-content\/uploads\/2026\/01\/vacuum-sealed-food-storage-container-768x768.webp 768w, https:\/\/moyahousehold.com\/wp-content\/uploads\/2026\/01\/vacuum-sealed-food-storage-container-12x12.webp 12w, https:\/\/moyahousehold.com\/wp-content\/uploads\/2026\/01\/vacuum-sealed-food-storage-container-285x285.webp 285w, https:\/\/moyahousehold.com\/wp-content\/uploads\/2026\/01\/vacuum-sealed-food-storage-container-270x270.webp 270w, https:\/\/moyahousehold.com\/wp-content\/uploads\/2026\/01\/vacuum-sealed-food-storage-container-540x540.webp 540w, https:\/\/moyahousehold.com\/wp-content\/uploads\/2026\/01\/vacuum-sealed-food-storage-container-660x660.webp 660w\" sizes=\"(max-width: 800px) 100vw, 800px\" \/><\/figure>\n\n\n\n<h3 class=\"wp-block-heading\">Parameters of Vacuum Insulated Food Container<\/h3>\n\n\n\n<p><strong>Mat\u00e9riau :<\/strong> Acier inoxydable 304+Silicone <strong> Couleur :<\/strong> Noir<\/p>\n\n\n\n<figure class=\"wp-block-table\"><table class=\"has-fixed-layout\"><tbody><tr><td class=\"has-text-align-center\" data-align=\"center\"><strong>Objet<\/strong><\/td><td class=\"has-text-align-center\" data-align=\"center\"><strong>Mat\u00e9riau<\/strong><\/td><td class=\"has-text-align-center\" data-align=\"center\"><strong>Couleur<\/strong><\/td><td class=\"has-text-align-center\" data-align=\"center\"><strong>Capacit\u00e9<\/strong><\/td><td class=\"has-text-align-center\" data-align=\"center\"><strong>Taille du produit<\/strong><\/td><\/tr><tr><td class=\"has-text-align-center\" data-align=\"center\">MYJD380<\/td><td class=\"has-text-align-center\" data-align=\"center\" rowspan=\"10\">304+PP+Silicone<\/td><td class=\"has-text-align-center\" data-align=\"center\" rowspan=\"10\">Noir\/Blanc<\/td><td class=\"has-text-align-center\" data-align=\"center\">1700ML<\/td><td class=\"has-text-align-center\" data-align=\"center\">20*20*7.6<\/td><\/tr><tr><td class=\"has-text-align-center\" data-align=\"center\">MYJD381<\/td><td class=\"has-text-align-center\" data-align=\"center\">2200ML<\/td><td class=\"has-text-align-center\" data-align=\"center\">20*20*10<\/td><\/tr><tr><td class=\"has-text-align-center\" data-align=\"center\">MYJD382<\/td><td class=\"has-text-align-center\" data-align=\"center\">2400ML<\/td><td class=\"has-text-align-center\" data-align=\"center\">35*20*6<\/td><\/tr><tr><td class=\"has-text-align-center\" data-align=\"center\">MYJD383<\/td><td class=\"has-text-align-center\" data-align=\"center\">2700ML<\/td><td class=\"has-text-align-center\" data-align=\"center\">20*20*12<\/td><\/tr><tr><td class=\"has-text-align-center\" data-align=\"center\">MYJD384<\/td><td class=\"has-text-align-center\" data-align=\"center\">3200ML<\/td><td class=\"has-text-align-center\" data-align=\"center\">20*20*14<\/td><\/tr><tr><td class=\"has-text-align-center\" data-align=\"center\">MYJD385<\/td><td class=\"has-text-align-center\" data-align=\"center\">3800ML<\/td><td class=\"has-text-align-center\" data-align=\"center\">35*20*9.5<\/td><\/tr><tr><td class=\"has-text-align-center\" data-align=\"center\">MYJD386<\/td><td class=\"has-text-align-center\" data-align=\"center\">6300ML<\/td><td class=\"has-text-align-center\" data-align=\"center\">35*20*14<\/td><\/tr><tr><td class=\"has-text-align-center\" data-align=\"center\">MYJD387<\/td><td class=\"has-text-align-center\" data-align=\"center\">&nbsp;Rectangle 1700ML<\/td><td class=\"has-text-align-center\" data-align=\"center\">35*20*6<\/td><\/tr><tr><td class=\"has-text-align-center\" data-align=\"center\">MYJD388<\/td><td class=\"has-text-align-center\" data-align=\"center\">&nbsp;Rectangle 2200ML<\/td><td class=\"has-text-align-center\" data-align=\"center\">35*20*6<\/td><\/tr><tr><td class=\"has-text-align-center\" data-align=\"center\">MYJD389<\/td><td class=\"has-text-align-center\" data-align=\"center\">&nbsp;Rectangle 2700ML<\/td><td class=\"has-text-align-center\" data-align=\"center\">35*20*6<\/td><\/tr><\/tbody><\/table><\/figure>\n\n\n\n<h3 class=\"wp-block-heading\">Options de bo\u00eetes de conservation personnalis\u00e9es<\/h3>\n\n\n\n<p><strong>Logo<\/strong>: personnalisez le logo de votre marque sur le bol de cuisson en acier inoxydable et sur l'emballage.<br><strong>Logo Options<\/strong>logo imprim\u00e9, logo grav\u00e9 au laser, etc.<br><strong>Mod\u00e8le<\/strong>: motifs d'impression sur les produits et les emballages.<br><strong>Printing Technology<\/strong>Les techniques d'impression sont les suivantes : impression par transfert d'eau, impression par s\u00e9rigraphie, impression par transfert de chaleur, transfert par sublimation, etc.<br><strong>Emballage :<\/strong>bo\u00eete de couleur.<br><a href=\"https:\/\/moyahousehold.com\/fr\/solution-personnalisee\/\"><strong>En savoir plus sur les solutions de bo\u00eetes \u00e0 lunch personnalis\u00e9es.<\/strong><\/a><\/p>\n\n\n\n<div class=\"wp-block-columns is-layout-flex wp-container-core-columns-is-layout-9d6595d7 wp-block-columns-is-layout-flex\">\n<div class=\"wp-block-column is-layout-flow wp-block-column-is-layout-flow\" style=\"flex-basis:100%\">\n<div class=\"wp-block-group is-nowrap is-layout-flex wp-container-core-group-is-layout-ad2f72ca wp-block-group-is-layout-flex\">\n<div class=\"wp-block-columns is-layout-flex wp-container-core-columns-is-layout-9d6595d7 wp-block-columns-is-layout-flex\">\n<div class=\"wp-block-column is-layout-flow wp-block-column-is-layout-flow\">\n<figure class=\"wp-block-image size-full\"><img decoding=\"async\" width=\"800\" height=\"800\" src=\"https:\/\/moyahousehold.com\/wp-content\/uploads\/2026\/01\/leak-proof-stainless-steel-food-container.webp\" alt=\"\" class=\"wp-image-11928\" srcset=\"https:\/\/moyahousehold.com\/wp-content\/uploads\/2026\/01\/leak-proof-stainless-steel-food-container.webp 800w, https:\/\/moyahousehold.com\/wp-content\/uploads\/2026\/01\/leak-proof-stainless-steel-food-container-300x300.webp 300w, https:\/\/moyahousehold.com\/wp-content\/uploads\/2026\/01\/leak-proof-stainless-steel-food-container-150x150.webp 150w, https:\/\/moyahousehold.com\/wp-content\/uploads\/2026\/01\/leak-proof-stainless-steel-food-container-768x768.webp 768w, https:\/\/moyahousehold.com\/wp-content\/uploads\/2026\/01\/leak-proof-stainless-steel-food-container-12x12.webp 12w, https:\/\/moyahousehold.com\/wp-content\/uploads\/2026\/01\/leak-proof-stainless-steel-food-container-285x285.webp 285w, https:\/\/moyahousehold.com\/wp-content\/uploads\/2026\/01\/leak-proof-stainless-steel-food-container-270x270.webp 270w, https:\/\/moyahousehold.com\/wp-content\/uploads\/2026\/01\/leak-proof-stainless-steel-food-container-540x540.webp 540w, https:\/\/moyahousehold.com\/wp-content\/uploads\/2026\/01\/leak-proof-stainless-steel-food-container-660x660.webp 660w\" sizes=\"(max-width: 800px) 100vw, 800px\" \/><\/figure>\n<\/div>\n\n\n\n<div class=\"wp-block-column is-layout-flow wp-block-column-is-layout-flow\">\n<figure class=\"wp-block-image size-full\"><img decoding=\"async\" width=\"800\" height=\"800\" src=\"https:\/\/moyahousehold.com\/wp-content\/uploads\/2026\/01\/insulated-vacuum-food-container.webp\" alt=\"\" class=\"wp-image-11929\" srcset=\"https:\/\/moyahousehold.com\/wp-content\/uploads\/2026\/01\/insulated-vacuum-food-container.webp 800w, https:\/\/moyahousehold.com\/wp-content\/uploads\/2026\/01\/insulated-vacuum-food-container-300x300.webp 300w, https:\/\/moyahousehold.com\/wp-content\/uploads\/2026\/01\/insulated-vacuum-food-container-150x150.webp 150w, https:\/\/moyahousehold.com\/wp-content\/uploads\/2026\/01\/insulated-vacuum-food-container-768x768.webp 768w, https:\/\/moyahousehold.com\/wp-content\/uploads\/2026\/01\/insulated-vacuum-food-container-12x12.webp 12w, https:\/\/moyahousehold.com\/wp-content\/uploads\/2026\/01\/insulated-vacuum-food-container-285x285.webp 285w, https:\/\/moyahousehold.com\/wp-content\/uploads\/2026\/01\/insulated-vacuum-food-container-270x270.webp 270w, https:\/\/moyahousehold.com\/wp-content\/uploads\/2026\/01\/insulated-vacuum-food-container-540x540.webp 540w, https:\/\/moyahousehold.com\/wp-content\/uploads\/2026\/01\/insulated-vacuum-food-container-660x660.webp 660w\" sizes=\"(max-width: 800px) 100vw, 800px\" \/><\/figure>\n<\/div>\n<\/div>\n<\/div>\n<\/div>\n<\/div>\n\n\n\n<figure class=\"wp-block-gallery has-nested-images columns-default is-cropped wp-block-gallery-1 is-layout-flex wp-block-gallery-is-layout-flex\">\n<figure class=\"wp-block-image size-full is-style-default\"><img loading=\"lazy\" decoding=\"async\" width=\"1500\" height=\"2000\" data-id=\"11931\" src=\"https:\/\/moyahousehold.com\/wp-content\/uploads\/2026\/01\/304-stainless-steel-vacuum-insulated-food-container.webp\" alt=\"\" class=\"wp-image-11931\" srcset=\"https:\/\/moyahousehold.com\/wp-content\/uploads\/2026\/01\/304-stainless-steel-vacuum-insulated-food-container.webp 1500w, https:\/\/moyahousehold.com\/wp-content\/uploads\/2026\/01\/304-stainless-steel-vacuum-insulated-food-container-225x300.webp 225w, https:\/\/moyahousehold.com\/wp-content\/uploads\/2026\/01\/304-stainless-steel-vacuum-insulated-food-container-768x1024.webp 768w, https:\/\/moyahousehold.com\/wp-content\/uploads\/2026\/01\/304-stainless-steel-vacuum-insulated-food-container-9x12.webp 9w, https:\/\/moyahousehold.com\/wp-content\/uploads\/2026\/01\/304-stainless-steel-vacuum-insulated-food-container-285x380.webp 285w, https:\/\/moyahousehold.com\/wp-content\/uploads\/2026\/01\/304-stainless-steel-vacuum-insulated-food-container-495x660.webp 495w, https:\/\/moyahousehold.com\/wp-content\/uploads\/2026\/01\/304-stainless-steel-vacuum-insulated-food-container-113x150.webp 113w\" sizes=\"(max-width: 1500px) 100vw, 1500px\" \/><\/figure>\n\n\n\n<figure class=\"wp-block-image size-full is-style-default\"><img loading=\"lazy\" decoding=\"async\" width=\"1500\" height=\"2000\" data-id=\"11932\" src=\"https:\/\/moyahousehold.com\/wp-content\/uploads\/2026\/01\/BPA-free-stainless-steel-vacuum-food-box.webp\" alt=\"\" class=\"wp-image-11932\" srcset=\"https:\/\/moyahousehold.com\/wp-content\/uploads\/2026\/01\/BPA-free-stainless-steel-vacuum-food-box.webp 1500w, https:\/\/moyahousehold.com\/wp-content\/uploads\/2026\/01\/BPA-free-stainless-steel-vacuum-food-box-225x300.webp 225w, https:\/\/moyahousehold.com\/wp-content\/uploads\/2026\/01\/BPA-free-stainless-steel-vacuum-food-box-768x1024.webp 768w, https:\/\/moyahousehold.com\/wp-content\/uploads\/2026\/01\/BPA-free-stainless-steel-vacuum-food-box-9x12.webp 9w, https:\/\/moyahousehold.com\/wp-content\/uploads\/2026\/01\/BPA-free-stainless-steel-vacuum-food-box-285x380.webp 285w, https:\/\/moyahousehold.com\/wp-content\/uploads\/2026\/01\/BPA-free-stainless-steel-vacuum-food-box-495x660.webp 495w, https:\/\/moyahousehold.com\/wp-content\/uploads\/2026\/01\/BPA-free-stainless-steel-vacuum-food-box-113x150.webp 113w\" sizes=\"(max-width: 1500px) 100vw, 1500px\" \/><\/figure>\n<\/figure>\n\n\n\n<h3 class=\"wp-block-heading\">1. Acier inoxydable SUS 304 de qualit\u00e9 alimentaire : S\u00e9curit\u00e9 et durabilit\u00e9 combin\u00e9es<\/h3>\n\n\n\n<p>Fabriqu\u00e9 en acier inoxydable SUS 304 de qualit\u00e9 alimentaire 100%, notre r\u00e9cipient sous vide est exempt de BPA, de phtalates et d'autres produits chimiques nocifs. Il r\u00e9siste \u00e0 la rouille, est incassable et ne d\u00e9gage pas d'odeur, ce qui garantit que vos aliments restent purs et frais sans absorber de go\u00fbt m\u00e9tallique. Contrairement aux r\u00e9cipients en plastique qui se fissurent ou se d\u00e9forment avec le temps, cette bo\u00eete en acier inoxydable robuste est con\u00e7ue pour durer des ann\u00e9es, ce qui en fait une alternative durable aux produits en plastique \u00e0 usage unique. Parfaite pour conserver les fruits, les l\u00e9gumes, les plats cuisin\u00e9s, les sauces et bien d'autres choses encore - sans danger pour toute la famille.<\/p>\n\n\n\n<h3 class=\"wp-block-heading\">2. Scellage sous vide en un seul clic : Conserve la fra\u00eecheur pendant des semaines<\/h3>\n\n\n\n<p>Dot\u00e9 d'un \u00e9vent int\u00e9gr\u00e9, notre conteneur permet de sceller sous vide en un seul clic. Il suffit d'appuyer sur l'\u00e9vent pour expulser tout l'air de la bo\u00eete, cr\u00e9ant ainsi un joint herm\u00e9tique qui bloque l'oxyg\u00e8ne et les bact\u00e9ries. Cette technologie innovante de mise sous vide prolonge la fra\u00eecheur des aliments jusqu'\u00e0 trois fois plus longtemps que les conteneurs ordinaires, r\u00e9duisant ainsi le gaspillage alimentaire et vous permettant de r\u00e9aliser des \u00e9conomies. Fini les salades d\u00e9tremp\u00e9es, les l\u00e9gumes fl\u00e9tris ou les restes ab\u00eem\u00e9s : vos aliments seront aussi frais que le jour o\u00f9 vous les avez conserv\u00e9s.<\/p>\n\n\n\n<h3 class=\"wp-block-heading\">3. Double fonction d'isolation : R\u00e9tention de la chaleur et du froid en toutes saisons<\/h3>\n\n\n\n<p>Notre r\u00e9cipient sous vide n'est pas seulement destin\u00e9 \u00e0 conserver la fra\u00eecheur : il offre \u00e9galement d'excellentes performances d'isolation pour maintenir vos aliments \u00e0 la temp\u00e9rature id\u00e9ale. Savourez des soupes chaudes, des rago\u00fbts ou du riz qui restent chauds jusqu'\u00e0 12 heures, ou des salades froides, des smoothies ou des fruits qui restent r\u00e9frig\u00e9r\u00e9s jusqu'\u00e0 24 heures. Cette double isolation est id\u00e9ale pour les trajets en hiver, les pique-niques en \u00e9t\u00e9 ou la pr\u00e9paration des repas quotidiens. Finis les d\u00e9jeuners ti\u00e8des et les desserts fondants : vos aliments seront toujours \u00e0 la temp\u00e9rature id\u00e9ale.<\/p>\n\n\n\n<h3 class=\"wp-block-heading\">4. Conception \u00e9tanche et d\u00e9tachable : Facile \u00e0 nettoyer et sans d\u00e9g\u00e2ts<\/h3>\n\n\n\n<p>Dites adieu aux d\u00e9g\u00e2ts gr\u00e2ce \u00e0 notre syst\u00e8me d'\u00e9tanch\u00e9it\u00e9 perfectionn\u00e9. Le joint \u00e9tanche sous vide et le couvercle renforc\u00e9 garantissent que m\u00eame les produits liquides tels que les soupes, les sauces ou les jus ne fuiront pas, m\u00eame lorsque le r\u00e9cipient est retourn\u00e9 ou secou\u00e9. De plus, le couvercle et le joint sont enti\u00e8rement amovibles, sans outil suppl\u00e9mentaire. Cette conception permet un nettoyage en profondeur, \u00e9liminant la salet\u00e9 et les bact\u00e9ries cach\u00e9es dans les angles morts. Il est compatible avec le lave-vaisselle pour plus de commodit\u00e9, ce qui facilite le nettoyage.<\/p>\n\n\n\n<figure class=\"wp-block-gallery has-nested-images columns-default is-cropped wp-block-gallery-2 is-layout-flex wp-block-gallery-is-layout-flex\">\n<figure class=\"wp-block-image size-full\"><img loading=\"lazy\" decoding=\"async\" width=\"1500\" height=\"2000\" data-id=\"11933\" src=\"https:\/\/moyahousehold.com\/wp-content\/uploads\/2026\/01\/detachable-vacuum-freshness-box.webp\" alt=\"\" class=\"wp-image-11933\" srcset=\"https:\/\/moyahousehold.com\/wp-content\/uploads\/2026\/01\/detachable-vacuum-freshness-box.webp 1500w, https:\/\/moyahousehold.com\/wp-content\/uploads\/2026\/01\/detachable-vacuum-freshness-box-225x300.webp 225w, https:\/\/moyahousehold.com\/wp-content\/uploads\/2026\/01\/detachable-vacuum-freshness-box-768x1024.webp 768w, https:\/\/moyahousehold.com\/wp-content\/uploads\/2026\/01\/detachable-vacuum-freshness-box-9x12.webp 9w, https:\/\/moyahousehold.com\/wp-content\/uploads\/2026\/01\/detachable-vacuum-freshness-box-285x380.webp 285w, https:\/\/moyahousehold.com\/wp-content\/uploads\/2026\/01\/detachable-vacuum-freshness-box-495x660.webp 495w, https:\/\/moyahousehold.com\/wp-content\/uploads\/2026\/01\/detachable-vacuum-freshness-box-113x150.webp 113w\" sizes=\"(max-width: 1500px) 100vw, 1500px\" \/><\/figure>\n\n\n\n<figure class=\"wp-block-image size-full\"><img loading=\"lazy\" decoding=\"async\" width=\"1500\" height=\"2000\" data-id=\"11934\" src=\"https:\/\/moyahousehold.com\/wp-content\/uploads\/2026\/01\/food-grade-vacuum-sealed-storage-container.webp\" alt=\"\" class=\"wp-image-11934\" srcset=\"https:\/\/moyahousehold.com\/wp-content\/uploads\/2026\/01\/food-grade-vacuum-sealed-storage-container.webp 1500w, https:\/\/moyahousehold.com\/wp-content\/uploads\/2026\/01\/food-grade-vacuum-sealed-storage-container-225x300.webp 225w, https:\/\/moyahousehold.com\/wp-content\/uploads\/2026\/01\/food-grade-vacuum-sealed-storage-container-768x1024.webp 768w, https:\/\/moyahousehold.com\/wp-content\/uploads\/2026\/01\/food-grade-vacuum-sealed-storage-container-9x12.webp 9w, https:\/\/moyahousehold.com\/wp-content\/uploads\/2026\/01\/food-grade-vacuum-sealed-storage-container-285x380.webp 285w, https:\/\/moyahousehold.com\/wp-content\/uploads\/2026\/01\/food-grade-vacuum-sealed-storage-container-495x660.webp 495w, https:\/\/moyahousehold.com\/wp-content\/uploads\/2026\/01\/food-grade-vacuum-sealed-storage-container-113x150.webp 113w\" sizes=\"(max-width: 1500px) 100vw, 1500px\" \/><\/figure>\n<\/figure>\n\n\n\n<p><\/p>","protected":false},"excerpt":{"rendered":"<h2 class=\"header-vfC6AV auto-hide-last-sibling-br\">Services de personnalisation<\/h2>\n<div class=\"auto-hide-last-sibling-br paragraph-JOTKXA paragraph-element br-paragraph-space\">En tant que fabricant professionnel de bo\u00eetes \u00e0 lunch, nous proposons des solutions OEM et ODM compl\u00e8tes :<\/div>\n<ul class=\"auto-hide-last-sibling-br\">\n<li><strong>OEM<\/strong>: Personnalisez les logos, les imprim\u00e9s ou l'emballage pour qu'ils correspondent \u00e0 l'identit\u00e9 de votre marque. Vous pouvez \u00e9galement choisir diff\u00e9rentes couleurs pour la coque ext\u00e9rieure afin de correspondre au style de votre marque.<\/li>\n<li><strong>ODM<\/strong>: Nous collaborons \u00e0 la conception du produit, de l'agencement des compartiments (ajustement du nombre et de la taille des compartiments) aux finitions des mat\u00e9riaux, afin de cr\u00e9er des solutions uniques et adapt\u00e9es au march\u00e9. Nous pouvons \u00e9galement optimiser la structure d'\u00e9tanch\u00e9it\u00e9 ou ajouter des conceptions fonctionnelles sp\u00e9ciales en fonction de vos besoins.<\/li>\n<\/ul>","protected":false},"featured_media":11930,"comment_status":"closed","ping_status":"closed","template":"","meta":[],"product_cat":[58],"product_tag":[87,92],"class_list":{"0":"post-11926","1":"product","2":"type-product","3":"status-publish","4":"has-post-thumbnail","6":"product_cat-lunch-box-wholesale","7":"product_tag-wholesale-multi-compartment-lunch-box","8":"product_tag-wholesale-rectangle-lunch-box","10":"first","11":"instock","12":"shipping-taxable","13":"product-type-simple"},"_links":{"self":[{"href":"https:\/\/moyahousehold.com\/fr\/wp-json\/wp\/v2\/product\/11926","targetHints":{"allow":["GET"]}}],"collection":[{"href":"https:\/\/moyahousehold.com\/fr\/wp-json\/wp\/v2\/product"}],"about":[{"href":"https:\/\/moyahousehold.com\/fr\/wp-json\/wp\/v2\/types\/product"}],"replies":[{"embeddable":true,"href":"https:\/\/moyahousehold.com\/fr\/wp-json\/wp\/v2\/comments?post=11926"}],"version-history":[{"count":1,"href":"https:\/\/moyahousehold.com\/fr\/wp-json\/wp\/v2\/product\/11926\/revisions"}],"predecessor-version":[{"id":13123,"href":"https:\/\/moyahousehold.com\/fr\/wp-json\/wp\/v2\/product\/11926\/revisions\/13123"}],"wp:featuredmedia":[{"embeddable":true,"href":"https:\/\/moyahousehold.com\/fr\/wp-json\/wp\/v2\/media\/11930"}],"wp:attachment":[{"href":"https:\/\/moyahousehold.com\/fr\/wp-json\/wp\/v2\/media?parent=11926"}],"wp:term":[{"taxonomy":"product_cat","embeddable":true,"href":"https:\/\/moyahousehold.com\/fr\/wp-json\/wp\/v2\/product_cat?post=11926"},{"taxonomy":"product_tag","embeddable":true,"href":"https:\/\/moyahousehold.com\/fr\/wp-json\/wp\/v2\/product_tag?post=11926"}],"curies":[{"name":"wp","href":"https:\/\/api.w.org\/{rel}","templated":true}]}}