{"id":11936,"date":"2026-01-09T09:30:08","date_gmt":"2026-01-09T09:16:39","guid":{"rendered":"https:\/\/moyahousehold.com\/?post_type=product&#038;p=11936"},"modified":"2026-01-09T09:31:10","modified_gmt":"2026-01-09T09:31:10","slug":"sus-304-stainless-steel-creamy-white-tri-ply-steel-cookware-set-detachable-handle-deepened-design","status":"publish","type":"product","link":"https:\/\/moyahousehold.com\/fr\/produit\/sus-304-stainless-steel-creamy-white-tri-ply-steel-cookware-set-detachable-handle-deepened-design\/","title":{"rendered":"Batterie de cuisine en acier inoxydable SUS 304 - Poign\u00e9e d\u00e9tachable et design approfondi"},"content":{"rendered":"<p>Des casseroles et po\u00eales tout-en-un pour une cuisine s\u00fbre et \u00e9l\u00e9gante<\/p>\n\n\n\n<figure class=\"wp-block-image size-full is-style-default\"><img fetchpriority=\"high\" decoding=\"async\" width=\"800\" height=\"800\" src=\"https:\/\/moyahousehold.com\/wp-content\/uploads\/2026\/01\/4-piece-cookware-set.webp\" alt=\"\" class=\"wp-image-11937\" srcset=\"https:\/\/moyahousehold.com\/wp-content\/uploads\/2026\/01\/4-piece-cookware-set.webp 800w, https:\/\/moyahousehold.com\/wp-content\/uploads\/2026\/01\/4-piece-cookware-set-300x300.webp 300w, https:\/\/moyahousehold.com\/wp-content\/uploads\/2026\/01\/4-piece-cookware-set-150x150.webp 150w, https:\/\/moyahousehold.com\/wp-content\/uploads\/2026\/01\/4-piece-cookware-set-768x768.webp 768w, https:\/\/moyahousehold.com\/wp-content\/uploads\/2026\/01\/4-piece-cookware-set-12x12.webp 12w, https:\/\/moyahousehold.com\/wp-content\/uploads\/2026\/01\/4-piece-cookware-set-285x285.webp 285w, https:\/\/moyahousehold.com\/wp-content\/uploads\/2026\/01\/4-piece-cookware-set-270x270.webp 270w, https:\/\/moyahousehold.com\/wp-content\/uploads\/2026\/01\/4-piece-cookware-set-540x540.webp 540w, https:\/\/moyahousehold.com\/wp-content\/uploads\/2026\/01\/4-piece-cookware-set-660x660.webp 660w\" sizes=\"(max-width: 800px) 100vw, 800px\" \/><figcaption class=\"wp-element-caption\">r\u00e9cipient amovible en acier inoxydable facile \u00e0 nettoyer pour la pr\u00e9paration des repas<\/figcaption><\/figure>\n\n\n\n<p><strong>mat\u00e9riel :<\/strong> Acier inoxydable 304+Trois couches d'acier <strong> couleur :<\/strong> Beige<\/p>\n\n\n\n<h3 class=\"wp-block-heading\"><\/h3>\n\n\n\n<figure class=\"wp-block-table\"><table class=\"has-fixed-layout\"><tbody><tr><td class=\"has-text-align-center\" data-align=\"center\"><strong>Objet<\/strong><\/td><td class=\"has-text-align-center\" data-align=\"center\"><strong>Mat\u00e9riau<\/strong><\/td><td class=\"has-text-align-center\" data-align=\"center\"><strong>Couleur<\/strong><\/td><\/tr><tr><td class=\"has-text-align-center\" data-align=\"center\">MYHL031<\/td><td class=\"has-text-align-center\" data-align=\"center\" rowspan=\"3\">SUS304\uff0cTrois couches d'acier<\/td><td class=\"has-text-align-center\" data-align=\"center\" rowspan=\"3\">Beige<\/td><\/tr><tr><td class=\"has-text-align-center\" data-align=\"center\">MYHL032<\/td><\/tr><tr><td class=\"has-text-align-center\" data-align=\"center\">MYHL033<\/td><\/tr><\/tbody><\/table><\/figure>\n\n\n\n<h3 class=\"wp-block-heading\">Options de pots personnalis\u00e9s<\/h3>\n\n\n\n<p><strong>Logo<\/strong>: personnalisez le logo de votre marque sur le pot en acier inoxydable et sur l'emballage.<br><strong>Options du logo<\/strong>logo imprim\u00e9, logo grav\u00e9 au laser, etc.<br><strong>Mod\u00e8le<\/strong>: motifs d'impression sur les produits et les emballages.<br><strong>Technologie d'impression<\/strong>Les techniques d'impression sont les suivantes : impression par transfert d'eau, impression par s\u00e9rigraphie, impression par transfert de chaleur, transfert par sublimation, etc.<br><strong>Emballage :<\/strong>bo\u00eete de couleur.<br><a href=\"https:\/\/moyahousehold.com\/fr\/solution-personnalisee\/\"><strong>En savoir plus sur les solutions de pots personnalis\u00e9s.<\/strong><\/a><\/p>\n\n\n\n<div class=\"wp-block-columns is-layout-flex wp-container-core-columns-is-layout-9d6595d7 wp-block-columns-is-layout-flex\">\n<div class=\"wp-block-column is-layout-flow wp-block-column-is-layout-flow\" style=\"flex-basis:100%\">\n<div class=\"wp-block-group is-nowrap is-layout-flex wp-container-core-group-is-layout-ad2f72ca wp-block-group-is-layout-flex\">\n<div class=\"wp-block-columns is-layout-flex wp-container-core-columns-is-layout-9d6595d7 wp-block-columns-is-layout-flex\">\n<div class=\"wp-block-column is-layout-flow wp-block-column-is-layout-flow\">\n<figure class=\"wp-block-image size-full\"><img decoding=\"async\" width=\"800\" height=\"800\" src=\"https:\/\/moyahousehold.com\/wp-content\/uploads\/2026\/01\/Creamy-white-cookware-set.webp\" alt=\"\" class=\"wp-image-11940\" srcset=\"https:\/\/moyahousehold.com\/wp-content\/uploads\/2026\/01\/Creamy-white-cookware-set.webp 800w, https:\/\/moyahousehold.com\/wp-content\/uploads\/2026\/01\/Creamy-white-cookware-set-300x300.webp 300w, https:\/\/moyahousehold.com\/wp-content\/uploads\/2026\/01\/Creamy-white-cookware-set-150x150.webp 150w, https:\/\/moyahousehold.com\/wp-content\/uploads\/2026\/01\/Creamy-white-cookware-set-768x768.webp 768w, https:\/\/moyahousehold.com\/wp-content\/uploads\/2026\/01\/Creamy-white-cookware-set-12x12.webp 12w, https:\/\/moyahousehold.com\/wp-content\/uploads\/2026\/01\/Creamy-white-cookware-set-285x285.webp 285w, https:\/\/moyahousehold.com\/wp-content\/uploads\/2026\/01\/Creamy-white-cookware-set-270x270.webp 270w, https:\/\/moyahousehold.com\/wp-content\/uploads\/2026\/01\/Creamy-white-cookware-set-540x540.webp 540w, https:\/\/moyahousehold.com\/wp-content\/uploads\/2026\/01\/Creamy-white-cookware-set-660x660.webp 660w\" sizes=\"(max-width: 800px) 100vw, 800px\" \/><\/figure>\n<\/div>\n\n\n\n<div class=\"wp-block-column is-layout-flow wp-block-column-is-layout-flow\">\n<figure class=\"wp-block-image size-full\"><img decoding=\"async\" width=\"800\" height=\"800\" src=\"https:\/\/moyahousehold.com\/wp-content\/uploads\/2026\/01\/Detachable-handle-cookware.webp\" alt=\"\" class=\"wp-image-11941\" srcset=\"https:\/\/moyahousehold.com\/wp-content\/uploads\/2026\/01\/Detachable-handle-cookware.webp 800w, https:\/\/moyahousehold.com\/wp-content\/uploads\/2026\/01\/Detachable-handle-cookware-300x300.webp 300w, https:\/\/moyahousehold.com\/wp-content\/uploads\/2026\/01\/Detachable-handle-cookware-150x150.webp 150w, https:\/\/moyahousehold.com\/wp-content\/uploads\/2026\/01\/Detachable-handle-cookware-768x768.webp 768w, https:\/\/moyahousehold.com\/wp-content\/uploads\/2026\/01\/Detachable-handle-cookware-12x12.webp 12w, https:\/\/moyahousehold.com\/wp-content\/uploads\/2026\/01\/Detachable-handle-cookware-285x285.webp 285w, https:\/\/moyahousehold.com\/wp-content\/uploads\/2026\/01\/Detachable-handle-cookware-270x270.webp 270w, https:\/\/moyahousehold.com\/wp-content\/uploads\/2026\/01\/Detachable-handle-cookware-540x540.webp 540w, https:\/\/moyahousehold.com\/wp-content\/uploads\/2026\/01\/Detachable-handle-cookware-660x660.webp 660w\" sizes=\"(max-width: 800px) 100vw, 800px\" \/><\/figure>\n<\/div>\n<\/div>\n<\/div>\n<\/div>\n<\/div>\n\n\n\n<div class=\"wp-block-columns is-layout-flex wp-container-core-columns-is-layout-9d6595d7 wp-block-columns-is-layout-flex\">\n<div class=\"wp-block-column is-layout-flow wp-block-column-is-layout-flow\"><\/div>\n\n\n\n<div class=\"wp-block-column is-layout-flow wp-block-column-is-layout-flow\"><\/div>\n<\/div>\n\n\n\n<p>\ud83c\udf1f Am\u00e9liorez votre exp\u00e9rience de la cuisine avec la batterie de cuisine en acier triple \u00e9paisseur blanc cr\u00e8me \ud83c\udf1f<\/p>\n\n\n\n<p>Fatigu\u00e9 des armoires de cuisine encombr\u00e9es ? Vous vous br\u00fblez les mains en cuisinant ? Frustr\u00e9 par les ustensiles de cuisine difficiles \u00e0 nettoyer ? Notre batterie de cuisine 4 pi\u00e8ces en acier triple \u00e9paisseur est l\u00e0 pour r\u00e9soudre tous vos probl\u00e8mes de cuisine ! Alliant des mat\u00e9riaux de qualit\u00e9 sup\u00e9rieure, un design pratique et une esth\u00e9tique \u00e9l\u00e9gante, il ne s'agit pas seulement d'un ustensile de cuisine, mais d'un compl\u00e9ment parfait \u00e0 votre maison moderne.<\/p>\n\n\n\n<figure class=\"wp-block-gallery has-nested-images columns-default is-cropped wp-block-gallery-1 is-layout-flex wp-block-gallery-is-layout-flex\">\n<figure class=\"wp-block-image size-full is-style-default\"><img loading=\"lazy\" decoding=\"async\" width=\"1500\" height=\"2000\" data-id=\"11942\" src=\"https:\/\/moyahousehold.com\/wp-content\/uploads\/2026\/01\/4-piece-tri-ply-steel-cookware-set-milk-pot-soup-pot-frying-pan.webp\" alt=\"\" class=\"wp-image-11942\" srcset=\"https:\/\/moyahousehold.com\/wp-content\/uploads\/2026\/01\/4-piece-tri-ply-steel-cookware-set-milk-pot-soup-pot-frying-pan.webp 1500w, https:\/\/moyahousehold.com\/wp-content\/uploads\/2026\/01\/4-piece-tri-ply-steel-cookware-set-milk-pot-soup-pot-frying-pan-225x300.webp 225w, https:\/\/moyahousehold.com\/wp-content\/uploads\/2026\/01\/4-piece-tri-ply-steel-cookware-set-milk-pot-soup-pot-frying-pan-768x1024.webp 768w, https:\/\/moyahousehold.com\/wp-content\/uploads\/2026\/01\/4-piece-tri-ply-steel-cookware-set-milk-pot-soup-pot-frying-pan-9x12.webp 9w, https:\/\/moyahousehold.com\/wp-content\/uploads\/2026\/01\/4-piece-tri-ply-steel-cookware-set-milk-pot-soup-pot-frying-pan-285x380.webp 285w, https:\/\/moyahousehold.com\/wp-content\/uploads\/2026\/01\/4-piece-tri-ply-steel-cookware-set-milk-pot-soup-pot-frying-pan-495x660.webp 495w, https:\/\/moyahousehold.com\/wp-content\/uploads\/2026\/01\/4-piece-tri-ply-steel-cookware-set-milk-pot-soup-pot-frying-pan-113x150.webp 113w\" sizes=\"(max-width: 1500px) 100vw, 1500px\" \/><\/figure>\n\n\n\n<figure class=\"wp-block-image size-full is-style-default\"><img loading=\"lazy\" decoding=\"async\" width=\"1500\" height=\"2000\" data-id=\"11943\" src=\"https:\/\/moyahousehold.com\/wp-content\/uploads\/2026\/01\/Creamy-white-deepened-pot-cookware-set.webp\" alt=\"\" class=\"wp-image-11943\" srcset=\"https:\/\/moyahousehold.com\/wp-content\/uploads\/2026\/01\/Creamy-white-deepened-pot-cookware-set.webp 1500w, https:\/\/moyahousehold.com\/wp-content\/uploads\/2026\/01\/Creamy-white-deepened-pot-cookware-set-225x300.webp 225w, https:\/\/moyahousehold.com\/wp-content\/uploads\/2026\/01\/Creamy-white-deepened-pot-cookware-set-768x1024.webp 768w, https:\/\/moyahousehold.com\/wp-content\/uploads\/2026\/01\/Creamy-white-deepened-pot-cookware-set-9x12.webp 9w, https:\/\/moyahousehold.com\/wp-content\/uploads\/2026\/01\/Creamy-white-deepened-pot-cookware-set-285x380.webp 285w, https:\/\/moyahousehold.com\/wp-content\/uploads\/2026\/01\/Creamy-white-deepened-pot-cookware-set-495x660.webp 495w, https:\/\/moyahousehold.com\/wp-content\/uploads\/2026\/01\/Creamy-white-deepened-pot-cookware-set-113x150.webp 113w\" sizes=\"(max-width: 1500px) 100vw, 1500px\" \/><\/figure>\n<\/figure>\n\n\n\n<h2 class=\"wp-block-heading\"><\/h2>\n\n\n\n<h3 class=\"wp-block-heading\"><\/h3>\n\n\n\n<p><strong>\u2728 Des avantages fondamentaux qui font la diff\u00e9rence<\/strong><\/p>\n\n\n\n<h3 class=\"wp-block-heading\">1. Base en acier tripl\u00e9 de premi\u00e8re qualit\u00e9 - chauffage homog\u00e8ne et durable<\/h3>\n\n\n\n<p>Fabriqu\u00e9e en acier tripl\u00e9 de haute qualit\u00e9, la batterie de cuisine assure une distribution rapide et uniforme de la chaleur, \u00e9liminant les points chauds qui br\u00fblent les aliments. La construction robuste en acier garantit une utilisation \u00e0 long terme, r\u00e9sistant \u00e0 la d\u00e9formation et \u00e0 l'usure. Sans danger pour le contact avec les aliments, c'est un choix fiable pour la cuisine familiale.<\/p>\n\n\n\n<h3 class=\"wp-block-heading\">2. Poign\u00e9e amovible - peu encombrante et flexible<\/h3>\n\n\n\n<p>La poign\u00e9e amovible vous permet de l'enlever sans effort apr\u00e8s la cuisson. Empilez les casseroles et les po\u00eales dans l'armoire pour gagner 50% d'espace de rangement, ce qui est id\u00e9al pour les petites cuisines, les appartements ou les camping-cars. La poign\u00e9e est \u00e9galement ergonomique, avec une prise antid\u00e9rapante qui reste froide au toucher, garantissant une utilisation confortable et s\u00fbre.<\/p>\n\n\n\n<h3 class=\"wp-block-heading\">3. Corps du pot approfondi - anti-\u00e9claboussures et anti-br\u00fblures<\/h3>\n\n\n\n<p>La cavit\u00e9 sp\u00e9cialement creus\u00e9e de la casserole emp\u00eache les \u00e9claboussures d'huile pendant la friture et l'\u00e9bullition, ce qui permet de garder la cuisine propre. En m\u00eame temps, la profondeur augmente la distance entre vos mains et la source de chaleur, \u00e9vitant ainsi les br\u00fblures, ce qui rend la cuisine plus s\u00fbre pour tout le monde.<\/p>\n\n\n\n<h3 class=\"wp-block-heading\">4. Rev\u00eatement blanc cr\u00e8me mat - \u00e9l\u00e9gant et facile \u00e0 nettoyer<\/h3>\n\n\n\n<p>L'\u00e9l\u00e9gant ext\u00e9rieur blanc cr\u00e8me mat ajoute une touche de minimalisme \u00e0 votre cuisine et s'adapte \u00e0 tous les styles de d\u00e9coration. Le rev\u00eatement lisse est tr\u00e8s facile \u00e0 nettoyer : il suffit de l'essuyer avec un chiffon humide ou de le rincer \u00e0 l'eau, sans avoir \u00e0 frotter, ce qui vous permet d'\u00e9conomiser du temps et des efforts.<\/p>\n\n\n\n<h3 class=\"wp-block-heading\">5. Ensemble complet de 6 pi\u00e8ces - couvre tous les sc\u00e9narios de cuisson<\/h3>\n\n\n\n<p>L'ensemble comprend un pot \u00e0 lait, un pot \u00e0 soupe, une po\u00eale \u00e0 frire peu profonde et une po\u00eale \u00e0 frire profonde, r\u00e9pondant \u00e0 tous vos besoins quotidiens en mati\u00e8re de cuisine, qu'il s'agisse de faire bouillir du lait, de pr\u00e9parer de la soupe, de frire des \u0153ufs ou de faire sauter des l\u00e9gumes. Convient aux cuisini\u00e8res \u00e0 gaz, aux cuisini\u00e8res \u00e0 induction et aux autres cuisini\u00e8res courantes, polyvalent et pratique.<\/p>\n\n\n\n<figure class=\"wp-block-gallery has-nested-images columns-default is-cropped wp-block-gallery-2 is-layout-flex wp-block-gallery-is-layout-flex\">\n<figure class=\"wp-block-image size-full\"><img loading=\"lazy\" decoding=\"async\" width=\"1500\" height=\"2000\" data-id=\"11944\" src=\"https:\/\/moyahousehold.com\/wp-content\/uploads\/2026\/01\/Detachable-handle-cookware-set-for-small-kitchen.webp\" alt=\"\" class=\"wp-image-11944\" srcset=\"https:\/\/moyahousehold.com\/wp-content\/uploads\/2026\/01\/Detachable-handle-cookware-set-for-small-kitchen.webp 1500w, https:\/\/moyahousehold.com\/wp-content\/uploads\/2026\/01\/Detachable-handle-cookware-set-for-small-kitchen-225x300.webp 225w, https:\/\/moyahousehold.com\/wp-content\/uploads\/2026\/01\/Detachable-handle-cookware-set-for-small-kitchen-768x1024.webp 768w, https:\/\/moyahousehold.com\/wp-content\/uploads\/2026\/01\/Detachable-handle-cookware-set-for-small-kitchen-9x12.webp 9w, https:\/\/moyahousehold.com\/wp-content\/uploads\/2026\/01\/Detachable-handle-cookware-set-for-small-kitchen-285x380.webp 285w, https:\/\/moyahousehold.com\/wp-content\/uploads\/2026\/01\/Detachable-handle-cookware-set-for-small-kitchen-495x660.webp 495w, https:\/\/moyahousehold.com\/wp-content\/uploads\/2026\/01\/Detachable-handle-cookware-set-for-small-kitchen-113x150.webp 113w\" sizes=\"(max-width: 1500px) 100vw, 1500px\" \/><\/figure>\n\n\n\n<figure class=\"wp-block-image size-full\"><img loading=\"lazy\" decoding=\"async\" width=\"1500\" height=\"2000\" data-id=\"11945\" src=\"https:\/\/moyahousehold.com\/wp-content\/uploads\/2026\/01\/Deepened-anti-scald-tri-ply-steel-cookware.webp\" alt=\"\" class=\"wp-image-11945\" srcset=\"https:\/\/moyahousehold.com\/wp-content\/uploads\/2026\/01\/Deepened-anti-scald-tri-ply-steel-cookware.webp 1500w, https:\/\/moyahousehold.com\/wp-content\/uploads\/2026\/01\/Deepened-anti-scald-tri-ply-steel-cookware-225x300.webp 225w, https:\/\/moyahousehold.com\/wp-content\/uploads\/2026\/01\/Deepened-anti-scald-tri-ply-steel-cookware-768x1024.webp 768w, https:\/\/moyahousehold.com\/wp-content\/uploads\/2026\/01\/Deepened-anti-scald-tri-ply-steel-cookware-9x12.webp 9w, https:\/\/moyahousehold.com\/wp-content\/uploads\/2026\/01\/Deepened-anti-scald-tri-ply-steel-cookware-285x380.webp 285w, https:\/\/moyahousehold.com\/wp-content\/uploads\/2026\/01\/Deepened-anti-scald-tri-ply-steel-cookware-495x660.webp 495w, https:\/\/moyahousehold.com\/wp-content\/uploads\/2026\/01\/Deepened-anti-scald-tri-ply-steel-cookware-113x150.webp 113w\" sizes=\"(max-width: 1500px) 100vw, 1500px\" \/><\/figure>\n<\/figure>\n\n\n\n<h3 class=\"wp-block-heading\"><\/h3>\n\n\n\n<p>\ud83c\udfe1 Pourquoi choisir notre batterie de cuisine ?<\/p>\n\n\n\n<p>Ensemble complet de 4 pi\u00e8ces pour tous les besoins de cuisson<\/p>\n\n\n\n<p>Acier tripl\u00e9 de premi\u00e8re qualit\u00e9 pour une cuisson s\u00fbre et efficace<\/p>\n\n\n\n<p>Poign\u00e9e amovible pour un rangement peu encombrant<\/p>\n\n\n\n<p>Conception approfondie pour une protection anti-\u00e9claboussures et anti-br\u00fblures<\/p>\n\n\n\n<p>Aspect blanc cr\u00e8me \u00e9l\u00e9gant qui d\u00e9core votre cuisine<\/p>\n\n\n\n<p>Facile \u00e0 nettoyer et compatible avec de nombreuses cuisini\u00e8res<\/p>\n\n\n\n<figure class=\"wp-block-gallery has-nested-images columns-default is-cropped wp-block-gallery-3 is-layout-flex wp-block-gallery-is-layout-flex\">\n<figure class=\"wp-block-image size-large\"><img loading=\"lazy\" decoding=\"async\" width=\"1500\" height=\"2000\" data-id=\"11947\" src=\"https:\/\/moyahousehold.com\/wp-content\/uploads\/2026\/01\/Easy-clean-tri-ply-steel-cookware-for-home-1.webp\" alt=\"\" class=\"wp-image-11947\" srcset=\"https:\/\/moyahousehold.com\/wp-content\/uploads\/2026\/01\/Easy-clean-tri-ply-steel-cookware-for-home-1.webp 1500w, https:\/\/moyahousehold.com\/wp-content\/uploads\/2026\/01\/Easy-clean-tri-ply-steel-cookware-for-home-1-225x300.webp 225w, https:\/\/moyahousehold.com\/wp-content\/uploads\/2026\/01\/Easy-clean-tri-ply-steel-cookware-for-home-1-768x1024.webp 768w, https:\/\/moyahousehold.com\/wp-content\/uploads\/2026\/01\/Easy-clean-tri-ply-steel-cookware-for-home-1-9x12.webp 9w, https:\/\/moyahousehold.com\/wp-content\/uploads\/2026\/01\/Easy-clean-tri-ply-steel-cookware-for-home-1-285x380.webp 285w, https:\/\/moyahousehold.com\/wp-content\/uploads\/2026\/01\/Easy-clean-tri-ply-steel-cookware-for-home-1-495x660.webp 495w, https:\/\/moyahousehold.com\/wp-content\/uploads\/2026\/01\/Easy-clean-tri-ply-steel-cookware-for-home-1-113x150.webp 113w\" sizes=\"(max-width: 1500px) 100vw, 1500px\" \/><\/figure>\n\n\n\n<figure class=\"wp-block-image size-large\"><img loading=\"lazy\" decoding=\"async\" width=\"1500\" height=\"2000\" data-id=\"11948\" src=\"https:\/\/moyahousehold.com\/wp-content\/uploads\/2026\/01\/Modern-creamy-white-kitchen-cookware-set.webp\" alt=\"\" class=\"wp-image-11948\" srcset=\"https:\/\/moyahousehold.com\/wp-content\/uploads\/2026\/01\/Modern-creamy-white-kitchen-cookware-set.webp 1500w, https:\/\/moyahousehold.com\/wp-content\/uploads\/2026\/01\/Modern-creamy-white-kitchen-cookware-set-225x300.webp 225w, https:\/\/moyahousehold.com\/wp-content\/uploads\/2026\/01\/Modern-creamy-white-kitchen-cookware-set-768x1024.webp 768w, https:\/\/moyahousehold.com\/wp-content\/uploads\/2026\/01\/Modern-creamy-white-kitchen-cookware-set-9x12.webp 9w, https:\/\/moyahousehold.com\/wp-content\/uploads\/2026\/01\/Modern-creamy-white-kitchen-cookware-set-285x380.webp 285w, https:\/\/moyahousehold.com\/wp-content\/uploads\/2026\/01\/Modern-creamy-white-kitchen-cookware-set-495x660.webp 495w, https:\/\/moyahousehold.com\/wp-content\/uploads\/2026\/01\/Modern-creamy-white-kitchen-cookware-set-113x150.webp 113w\" sizes=\"(max-width: 1500px) 100vw, 1500px\" \/><\/figure>\n<\/figure>\n\n\n\n<p>Que vous soyez un cuisinier d\u00e9butant ou un chef chevronn\u00e9, cette batterie de cuisine rendra votre vie en cuisine plus facile et plus agr\u00e9able. Il ne s'agit pas seulement d'un outil, mais d'un compagnon qui ajoute de la chaleur \u00e0 vos repas quotidiens.<\/p>\n\n\n\n<p><strong>\ud83d\udc49 Ajouter au panier et transformez votre cuisine !<\/strong><\/p>\n\n\n\n<p><\/p>","protected":false},"excerpt":{"rendered":"<h2 class=\"header-vfC6AV auto-hide-last-sibling-br\">Services de personnalisation<\/h2>\n<div class=\"auto-hide-last-sibling-br paragraph-JOTKXA paragraph-element br-paragraph-space\">En tant que fabricant professionnel de bo\u00eetes \u00e0 lunch, nous proposons des solutions OEM et ODM compl\u00e8tes :<\/div>\n<ul class=\"auto-hide-last-sibling-br\">\n<li><strong>OEM<\/strong>: Personnalisez les logos, les imprim\u00e9s ou l'emballage pour qu'ils correspondent \u00e0 l'identit\u00e9 de votre marque. Vous pouvez \u00e9galement choisir diff\u00e9rentes couleurs pour la coque ext\u00e9rieure afin de correspondre au style de votre marque.<\/li>\n<li><strong>ODM<\/strong>: Nous collaborons \u00e0 la conception du produit, de l'agencement des compartiments (ajustement du nombre et de la taille des compartiments) aux finitions des mat\u00e9riaux, afin de cr\u00e9er des solutions uniques et adapt\u00e9es au march\u00e9. Nous pouvons \u00e9galement optimiser la structure d'\u00e9tanch\u00e9it\u00e9 ou ajouter des conceptions fonctionnelles sp\u00e9ciales en fonction de vos besoins.<\/li>\n<\/ul>","protected":false},"featured_media":11938,"comment_status":"closed","ping_status":"closed","template":"","meta":[],"product_cat":[58],"product_tag":[87,92],"class_list":{"0":"post-11936","1":"product","2":"type-product","3":"status-publish","4":"has-post-thumbnail","6":"product_cat-lunch-box-wholesale","7":"product_tag-wholesale-multi-compartment-lunch-box","8":"product_tag-wholesale-rectangle-lunch-box","10":"first","11":"instock","12":"shipping-taxable","13":"product-type-simple"},"_links":{"self":[{"href":"https:\/\/moyahousehold.com\/fr\/wp-json\/wp\/v2\/product\/11936","targetHints":{"allow":["GET"]}}],"collection":[{"href":"https:\/\/moyahousehold.com\/fr\/wp-json\/wp\/v2\/product"}],"about":[{"href":"https:\/\/moyahousehold.com\/fr\/wp-json\/wp\/v2\/types\/product"}],"replies":[{"embeddable":true,"href":"https:\/\/moyahousehold.com\/fr\/wp-json\/wp\/v2\/comments?post=11936"}],"version-history":[{"count":1,"href":"https:\/\/moyahousehold.com\/fr\/wp-json\/wp\/v2\/product\/11936\/revisions"}],"predecessor-version":[{"id":11949,"href":"https:\/\/moyahousehold.com\/fr\/wp-json\/wp\/v2\/product\/11936\/revisions\/11949"}],"wp:featuredmedia":[{"embeddable":true,"href":"https:\/\/moyahousehold.com\/fr\/wp-json\/wp\/v2\/media\/11938"}],"wp:attachment":[{"href":"https:\/\/moyahousehold.com\/fr\/wp-json\/wp\/v2\/media?parent=11936"}],"wp:term":[{"taxonomy":"product_cat","embeddable":true,"href":"https:\/\/moyahousehold.com\/fr\/wp-json\/wp\/v2\/product_cat?post=11936"},{"taxonomy":"product_tag","embeddable":true,"href":"https:\/\/moyahousehold.com\/fr\/wp-json\/wp\/v2\/product_tag?post=11936"}],"curies":[{"name":"wp","href":"https:\/\/api.w.org\/{rel}","templated":true}]}}