{"id":11950,"date":"2026-01-12T10:12:44","date_gmt":"2026-01-12T09:54:34","guid":{"rendered":"https:\/\/moyahousehold.com\/?post_type=product&#038;p=11950"},"modified":"2026-04-06T01:24:09","modified_gmt":"2026-04-06T01:24:09","slug":"moya-304-stainless-steel-food-containers-with-glass-lid-leak-proof-microwave-safe-for-kitchen-meal-prep","status":"publish","type":"product","link":"https:\/\/moyahousehold.com\/fr\/produit\/moya-304-stainless-steel-food-containers-with-glass-lid-leak-proof-microwave-safe-for-kitchen-meal-prep\/","title":{"rendered":"MOYA R\u00e9cipients pour aliments en acier inoxydable 304 avec couvercle en verre - \u00e9tanches, r\u00e9sistants aux micro-ondes pour la cuisine et la pr\u00e9paration des repas"},"content":{"rendered":"<figure class=\"wp-block-image size-full\"><img fetchpriority=\"high\" decoding=\"async\" width=\"2141\" height=\"2854\" src=\"https:\/\/moyahousehold.com\/wp-content\/uploads\/2026\/01\/304-stainless-steel-food-containers.webp\" alt=\"\" class=\"wp-image-11951\" srcset=\"https:\/\/moyahousehold.com\/wp-content\/uploads\/2026\/01\/304-stainless-steel-food-containers.webp 2141w, https:\/\/moyahousehold.com\/wp-content\/uploads\/2026\/01\/304-stainless-steel-food-containers-225x300.webp 225w, https:\/\/moyahousehold.com\/wp-content\/uploads\/2026\/01\/304-stainless-steel-food-containers-768x1024.webp 768w, https:\/\/moyahousehold.com\/wp-content\/uploads\/2026\/01\/304-stainless-steel-food-containers-9x12.webp 9w, https:\/\/moyahousehold.com\/wp-content\/uploads\/2026\/01\/304-stainless-steel-food-containers-285x380.webp 285w, https:\/\/moyahousehold.com\/wp-content\/uploads\/2026\/01\/304-stainless-steel-food-containers-1600x2133.webp 1600w, https:\/\/moyahousehold.com\/wp-content\/uploads\/2026\/01\/304-stainless-steel-food-containers-495x660.webp 495w, https:\/\/moyahousehold.com\/wp-content\/uploads\/2026\/01\/304-stainless-steel-food-containers-113x150.webp 113w\" sizes=\"(max-width: 2141px) 100vw, 2141px\" \/><\/figure>\n\n\n\n<p><strong>Mat\u00e9riau :<\/strong> Acier inoxydable 304+Silicone+Verre <strong> Couleur :<\/strong> Beige<\/p>\n\n\n\n<figure class=\"wp-block-table\"><table class=\"has-fixed-layout\"><tbody><tr><td class=\"has-text-align-center\" data-align=\"center\"><strong>Objet<\/strong><\/td><td class=\"has-text-align-center\" data-align=\"center\"><strong>Mat\u00e9riau<\/strong><\/td><td class=\"has-text-align-center\" data-align=\"center\"><strong>Couleur<\/strong><\/td><td class=\"has-text-align-center\" data-align=\"center\"><strong>Capacit\u00e9<\/strong><\/td><\/tr><tr><td class=\"has-text-align-center\" data-align=\"center\">MYJD390<\/td><td class=\"has-text-align-center\" data-align=\"center\" rowspan=\"9\">304+verre+silicone<\/td><td class=\"has-text-align-center\" data-align=\"center\" rowspan=\"9\">Beige<\/td><td class=\"has-text-align-center\" data-align=\"center\">300ML<\/td><\/tr><tr><td class=\"has-text-align-center\" data-align=\"center\">MYJD391<\/td><td class=\"has-text-align-center\" data-align=\"center\">500ML<\/td><\/tr><tr><td class=\"has-text-align-center\" data-align=\"center\">MYJD392<\/td><td class=\"has-text-align-center\" data-align=\"center\">600ML<\/td><\/tr><tr><td class=\"has-text-align-center\" data-align=\"center\">MYJD393<\/td><td class=\"has-text-align-center\" data-align=\"center\">700ML<\/td><\/tr><tr><td class=\"has-text-align-center\" data-align=\"center\">MYJD394<\/td><td class=\"has-text-align-center\" data-align=\"center\">1100ML<\/td><\/tr><tr><td class=\"has-text-align-center\" data-align=\"center\">MYJD395<\/td><td class=\"has-text-align-center\" data-align=\"center\">1400ML<\/td><\/tr><tr><td class=\"has-text-align-center\" data-align=\"center\">MYJD396<\/td><td class=\"has-text-align-center\" data-align=\"center\">1700ML<\/td><\/tr><tr><td class=\"has-text-align-center\" data-align=\"center\">MYJD397<\/td><td class=\"has-text-align-center\" data-align=\"center\">2400ML<\/td><\/tr><tr><td class=\"has-text-align-center\" data-align=\"center\">MYJD398<\/td><td class=\"has-text-align-center\" data-align=\"center\">3200ML<\/td><\/tr><\/tbody><\/table><\/figure>\n\n\n\n<h3 class=\"wp-block-heading\">Options de bo\u00eetes de conservation personnalis\u00e9es<\/h3>\n\n\n\n<p><strong>Logo<\/strong>: Customize your brand logo on the stainless steel cooking bowl and packaging.<br><strong>Logo Options<\/strong>: Printed logo, laser engraved logo, etc.<br><strong>Mod\u00e8le<\/strong>: Printing patterns on products and packaging.<br><strong>Printing Technology<\/strong>: Water transfer printing, silk screen printing, heat transfer printing, sublimation transfer, etc.<br><strong>Emballage :<\/strong> Color box.<br><a href=\"https:\/\/moyahousehold.com\/fr\/solution-personnalisee\/\"><strong>En savoir plus sur les solutions de bo\u00eetes \u00e0 lunch personnalis\u00e9es.<\/strong><\/a><\/p>\n\n\n\n<div class=\"wp-block-columns is-layout-flex wp-container-core-columns-is-layout-9d6595d7 wp-block-columns-is-layout-flex\">\n<div class=\"wp-block-column is-layout-flow wp-block-column-is-layout-flow\" style=\"flex-basis:100%\">\n<div class=\"wp-block-group is-nowrap is-layout-flex wp-container-core-group-is-layout-ad2f72ca wp-block-group-is-layout-flex\">\n<div class=\"wp-block-columns is-layout-flex wp-container-core-columns-is-layout-9d6595d7 wp-block-columns-is-layout-flex\">\n<div class=\"wp-block-column is-layout-flow wp-block-column-is-layout-flow\">\n<figure class=\"wp-block-image size-full\"><img decoding=\"async\" width=\"800\" height=\"800\" src=\"https:\/\/moyahousehold.com\/wp-content\/uploads\/2026\/01\/easy-open-food-containers-with-glass-lid.webp\" alt=\"\" class=\"wp-image-11952\" srcset=\"https:\/\/moyahousehold.com\/wp-content\/uploads\/2026\/01\/easy-open-food-containers-with-glass-lid.webp 800w, https:\/\/moyahousehold.com\/wp-content\/uploads\/2026\/01\/easy-open-food-containers-with-glass-lid-300x300.webp 300w, https:\/\/moyahousehold.com\/wp-content\/uploads\/2026\/01\/easy-open-food-containers-with-glass-lid-150x150.webp 150w, https:\/\/moyahousehold.com\/wp-content\/uploads\/2026\/01\/easy-open-food-containers-with-glass-lid-768x768.webp 768w, https:\/\/moyahousehold.com\/wp-content\/uploads\/2026\/01\/easy-open-food-containers-with-glass-lid-12x12.webp 12w, https:\/\/moyahousehold.com\/wp-content\/uploads\/2026\/01\/easy-open-food-containers-with-glass-lid-285x285.webp 285w, https:\/\/moyahousehold.com\/wp-content\/uploads\/2026\/01\/easy-open-food-containers-with-glass-lid-270x270.webp 270w, https:\/\/moyahousehold.com\/wp-content\/uploads\/2026\/01\/easy-open-food-containers-with-glass-lid-540x540.webp 540w, https:\/\/moyahousehold.com\/wp-content\/uploads\/2026\/01\/easy-open-food-containers-with-glass-lid-660x660.webp 660w\" sizes=\"(max-width: 800px) 100vw, 800px\" \/><\/figure>\n<\/div>\n\n\n\n<div class=\"wp-block-column is-layout-flow wp-block-column-is-layout-flow\">\n<figure class=\"wp-block-image size-full\"><img decoding=\"async\" width=\"800\" height=\"800\" src=\"https:\/\/moyahousehold.com\/wp-content\/uploads\/2026\/01\/multi-size-food-storage-set.webp\" alt=\"\" class=\"wp-image-11953\" srcset=\"https:\/\/moyahousehold.com\/wp-content\/uploads\/2026\/01\/multi-size-food-storage-set.webp 800w, https:\/\/moyahousehold.com\/wp-content\/uploads\/2026\/01\/multi-size-food-storage-set-300x300.webp 300w, https:\/\/moyahousehold.com\/wp-content\/uploads\/2026\/01\/multi-size-food-storage-set-150x150.webp 150w, https:\/\/moyahousehold.com\/wp-content\/uploads\/2026\/01\/multi-size-food-storage-set-768x768.webp 768w, https:\/\/moyahousehold.com\/wp-content\/uploads\/2026\/01\/multi-size-food-storage-set-12x12.webp 12w, https:\/\/moyahousehold.com\/wp-content\/uploads\/2026\/01\/multi-size-food-storage-set-285x285.webp 285w, https:\/\/moyahousehold.com\/wp-content\/uploads\/2026\/01\/multi-size-food-storage-set-270x270.webp 270w, https:\/\/moyahousehold.com\/wp-content\/uploads\/2026\/01\/multi-size-food-storage-set-540x540.webp 540w, https:\/\/moyahousehold.com\/wp-content\/uploads\/2026\/01\/multi-size-food-storage-set-660x660.webp 660w\" sizes=\"(max-width: 800px) 100vw, 800px\" \/><\/figure>\n<\/div>\n<\/div>\n<\/div>\n<\/div>\n<\/div>\n\n\n\n<p>Vous en avez assez des contenants en plastique qui sentent mauvais, des fuites dans votre sac ou des produits chimiques nocifs qui s'infiltrent dans vos aliments ? Que vous pr\u00e9pariez des repas hebdomadaires pour le travail, que vous conserviez des restes dans le r\u00e9frig\u00e9rateur ou que vous pr\u00e9pariez des en-cas pour une sortie en famille, le bon conteneur alimentaire peut transformer le chaos en ordre. Notre r\u00e9cipient alimentaire en acier inoxydable 304 avec couvercle en verre est con\u00e7u pour r\u00e9soudre tous ces probl\u00e8mes, en combinant des mat\u00e9riaux s\u00fbrs pour les aliments, une \u00e9tanch\u00e9it\u00e9 fiable et une polyvalence multi-sc\u00e8ne pour rendre votre vie quotidienne plus facile et plus saine.<\/p>\n\n\n\n<figure class=\"wp-block-gallery has-nested-images columns-default is-cropped wp-block-gallery-1 is-layout-flex wp-block-gallery-is-layout-flex\">\n<figure class=\"wp-block-image size-full is-style-default\"><img loading=\"lazy\" decoding=\"async\" width=\"1650\" height=\"2200\" data-id=\"11956\" src=\"https:\/\/moyahousehold.com\/wp-content\/uploads\/2026\/01\/food-grade-stainless-steel-storage-containers-for-kitchen.webp\" alt=\"\" class=\"wp-image-11956\" srcset=\"https:\/\/moyahousehold.com\/wp-content\/uploads\/2026\/01\/food-grade-stainless-steel-storage-containers-for-kitchen.webp 1650w, https:\/\/moyahousehold.com\/wp-content\/uploads\/2026\/01\/food-grade-stainless-steel-storage-containers-for-kitchen-225x300.webp 225w, https:\/\/moyahousehold.com\/wp-content\/uploads\/2026\/01\/food-grade-stainless-steel-storage-containers-for-kitchen-768x1024.webp 768w, https:\/\/moyahousehold.com\/wp-content\/uploads\/2026\/01\/food-grade-stainless-steel-storage-containers-for-kitchen-9x12.webp 9w, https:\/\/moyahousehold.com\/wp-content\/uploads\/2026\/01\/food-grade-stainless-steel-storage-containers-for-kitchen-285x380.webp 285w, https:\/\/moyahousehold.com\/wp-content\/uploads\/2026\/01\/food-grade-stainless-steel-storage-containers-for-kitchen-1600x2133.webp 1600w, https:\/\/moyahousehold.com\/wp-content\/uploads\/2026\/01\/food-grade-stainless-steel-storage-containers-for-kitchen-495x660.webp 495w, https:\/\/moyahousehold.com\/wp-content\/uploads\/2026\/01\/food-grade-stainless-steel-storage-containers-for-kitchen-113x150.webp 113w\" sizes=\"(max-width: 1650px) 100vw, 1650px\" \/><\/figure>\n\n\n\n<figure class=\"wp-block-image size-full is-style-default\"><img loading=\"lazy\" decoding=\"async\" width=\"1650\" height=\"2200\" data-id=\"11957\" src=\"https:\/\/moyahousehold.com\/wp-content\/uploads\/2026\/01\/glass-lid-food-storage-boxes.webp\" alt=\"\" class=\"wp-image-11957\" srcset=\"https:\/\/moyahousehold.com\/wp-content\/uploads\/2026\/01\/glass-lid-food-storage-boxes.webp 1650w, https:\/\/moyahousehold.com\/wp-content\/uploads\/2026\/01\/glass-lid-food-storage-boxes-225x300.webp 225w, https:\/\/moyahousehold.com\/wp-content\/uploads\/2026\/01\/glass-lid-food-storage-boxes-768x1024.webp 768w, https:\/\/moyahousehold.com\/wp-content\/uploads\/2026\/01\/glass-lid-food-storage-boxes-9x12.webp 9w, https:\/\/moyahousehold.com\/wp-content\/uploads\/2026\/01\/glass-lid-food-storage-boxes-285x380.webp 285w, https:\/\/moyahousehold.com\/wp-content\/uploads\/2026\/01\/glass-lid-food-storage-boxes-1600x2133.webp 1600w, https:\/\/moyahousehold.com\/wp-content\/uploads\/2026\/01\/glass-lid-food-storage-boxes-495x660.webp 495w, https:\/\/moyahousehold.com\/wp-content\/uploads\/2026\/01\/glass-lid-food-storage-boxes-113x150.webp 113w\" sizes=\"(max-width: 1650px) 100vw, 1650px\" \/><\/figure>\n<\/figure>\n\n\n\n<p><strong>Corps en acier inoxydable 304 de qualit\u00e9 alimentaire<\/strong>: Fabriqu\u00e9 en acier inoxydable 304 de haute qualit\u00e9, ce r\u00e9cipient est non toxique, inodore et r\u00e9sistant \u00e0 la corrosion. Il ne rouille pas et ne se d\u00e9forme pas, m\u00eame en cas d'utilisation prolong\u00e9e, ce qui garantit la puret\u00e9 et la s\u00e9curit\u00e9 de vos aliments \u00e0 chaque repas.<\/p>\n\n\n\n<p><strong>Couvercle en verre transparent avec \u00e9vent en silicone<\/strong>: Le couvercle en verre transparent vous permet de v\u00e9rifier le contenu en un coup d'\u0153il sans l'ouvrir - plus besoin de fouiller dans le r\u00e9frig\u00e9rateur ! L'\u00e9vent en silicone int\u00e9gr\u00e9 peut \u00eatre press\u00e9 pour rel\u00e2cher la pression, ce qui permet de l'ouvrir facilement apr\u00e8s l'avoir chauff\u00e9 et d'\u00e9viter qu'il ne se referme lorsque l'on conserve des aliments chauds.<\/p>\n\n\n\n<p><strong>Conception de l'\u00e9tanch\u00e9it\u00e9<\/strong>: \u00c9quip\u00e9 d'un joint en silicone de premi\u00e8re qualit\u00e9 et d'une structure \u00e9tanche, il offre une double protection contre les fuites et les d\u00e9versements. Transportez en toute confiance vos soupes, sauces ou rago\u00fbts dans votre sac : fini les accidents salissants.<\/p>\n\n\n\n<p><strong>Micro-ondes et r\u00e9frig\u00e9rateur s\u00e9curis\u00e9s<\/strong>: Passez sans probl\u00e8me du stockage au chauffage. Il peut \u00eatre utilis\u00e9 en toute s\u00e9curit\u00e9 au micro-ondes (retirez le couvercle si n\u00e9cessaire) et au r\u00e9frig\u00e9rateur, et supporte sans probl\u00e8me les temp\u00e9ratures \u00e9lev\u00e9es et basses. Un seul r\u00e9cipient pour tous vos besoins : plus besoin de passer d'un plat \u00e0 l'autre.<\/p>\n\n\n\n<p><strong>Empilable pour un gain de place<\/strong>: Con\u00e7us avec des dimensions uniformes, plusieurs r\u00e9cipients peuvent \u00eatre empil\u00e9s proprement dans votre r\u00e9frig\u00e9rateur ou votre armoire, maximisant ainsi l'espace de stockage et gardant votre cuisine organis\u00e9e. Disponibles en plusieurs tailles pour s'adapter \u00e0 diff\u00e9rentes portions de repas, de fruits ou de produits secs.<\/p>\n\n\n\n<p><strong>Facile \u00e0 nettoyer et durable<\/strong>: La surface lisse du corps en acier inoxydable et du couvercle en verre ne laisse aucun angle mort, ce qui vous permet de les nettoyer en quelques secondes par un simple rin\u00e7age. Contrairement aux r\u00e9cipients en plastique fragiles, la combinaison acier-verre est r\u00e9sistante aux chocs et aux chutes, offrant une utilisation durable et vous permettant d'\u00e9conomiser de l'argent \u00e0 long terme.<\/p>\n\n\n\n<figure class=\"wp-block-gallery has-nested-images columns-default is-cropped wp-block-gallery-2 is-layout-flex wp-block-gallery-is-layout-flex\">\n<figure class=\"wp-block-image size-full\"><img loading=\"lazy\" decoding=\"async\" width=\"1650\" height=\"2200\" data-id=\"11958\" src=\"https:\/\/moyahousehold.com\/wp-content\/uploads\/2026\/01\/glass-lid-leak-proof-meal-prep-containers.webp\" alt=\"\" class=\"wp-image-11958\" srcset=\"https:\/\/moyahousehold.com\/wp-content\/uploads\/2026\/01\/glass-lid-leak-proof-meal-prep-containers.webp 1650w, https:\/\/moyahousehold.com\/wp-content\/uploads\/2026\/01\/glass-lid-leak-proof-meal-prep-containers-225x300.webp 225w, https:\/\/moyahousehold.com\/wp-content\/uploads\/2026\/01\/glass-lid-leak-proof-meal-prep-containers-768x1024.webp 768w, https:\/\/moyahousehold.com\/wp-content\/uploads\/2026\/01\/glass-lid-leak-proof-meal-prep-containers-9x12.webp 9w, https:\/\/moyahousehold.com\/wp-content\/uploads\/2026\/01\/glass-lid-leak-proof-meal-prep-containers-285x380.webp 285w, https:\/\/moyahousehold.com\/wp-content\/uploads\/2026\/01\/glass-lid-leak-proof-meal-prep-containers-1600x2133.webp 1600w, https:\/\/moyahousehold.com\/wp-content\/uploads\/2026\/01\/glass-lid-leak-proof-meal-prep-containers-495x660.webp 495w, https:\/\/moyahousehold.com\/wp-content\/uploads\/2026\/01\/glass-lid-leak-proof-meal-prep-containers-113x150.webp 113w\" sizes=\"(max-width: 1650px) 100vw, 1650px\" \/><\/figure>\n\n\n\n<figure class=\"wp-block-image size-full\"><img loading=\"lazy\" decoding=\"async\" width=\"1650\" height=\"2200\" data-id=\"11959\" src=\"https:\/\/moyahousehold.com\/wp-content\/uploads\/2026\/01\/leak-proof-food-containers.webp\" alt=\"\" class=\"wp-image-11959\" srcset=\"https:\/\/moyahousehold.com\/wp-content\/uploads\/2026\/01\/leak-proof-food-containers.webp 1650w, https:\/\/moyahousehold.com\/wp-content\/uploads\/2026\/01\/leak-proof-food-containers-225x300.webp 225w, https:\/\/moyahousehold.com\/wp-content\/uploads\/2026\/01\/leak-proof-food-containers-768x1024.webp 768w, https:\/\/moyahousehold.com\/wp-content\/uploads\/2026\/01\/leak-proof-food-containers-9x12.webp 9w, https:\/\/moyahousehold.com\/wp-content\/uploads\/2026\/01\/leak-proof-food-containers-285x380.webp 285w, https:\/\/moyahousehold.com\/wp-content\/uploads\/2026\/01\/leak-proof-food-containers-1600x2133.webp 1600w, https:\/\/moyahousehold.com\/wp-content\/uploads\/2026\/01\/leak-proof-food-containers-495x660.webp 495w, https:\/\/moyahousehold.com\/wp-content\/uploads\/2026\/01\/leak-proof-food-containers-113x150.webp 113w\" sizes=\"(max-width: 1650px) 100vw, 1650px\" \/><\/figure>\n<\/figure>\n\n\n\n<p><\/p>","protected":false},"excerpt":{"rendered":"<h2 class=\"header-vfC6AV auto-hide-last-sibling-br\">Services de personnalisation<\/h2>\n<div class=\"auto-hide-last-sibling-br paragraph-JOTKXA paragraph-element br-paragraph-space\">En tant que fabricant professionnel de bo\u00eetes \u00e0 lunch, nous proposons des solutions OEM et ODM compl\u00e8tes :<\/div>\n<ul class=\"auto-hide-last-sibling-br\">\n<li><strong>OEM<\/strong>: Personnalisez les logos, les imprim\u00e9s ou l'emballage pour qu'ils correspondent \u00e0 l'identit\u00e9 de votre marque. Vous pouvez \u00e9galement choisir diff\u00e9rentes couleurs pour la coque ext\u00e9rieure afin de correspondre au style de votre marque.<\/li>\n<li><strong>ODM<\/strong>: Nous collaborons \u00e0 la conception du produit, de l'agencement des compartiments (ajustement du nombre et de la taille des compartiments) aux finitions des mat\u00e9riaux, afin de cr\u00e9er des solutions uniques et adapt\u00e9es au march\u00e9. Nous pouvons \u00e9galement optimiser la structure d'\u00e9tanch\u00e9it\u00e9 ou ajouter des conceptions fonctionnelles sp\u00e9ciales en fonction de vos besoins.<\/li>\n<\/ul>","protected":false},"featured_media":12616,"comment_status":"closed","ping_status":"closed","template":"","meta":[],"product_cat":[58],"product_tag":[87,92],"class_list":{"0":"post-11950","1":"product","2":"type-product","3":"status-publish","4":"has-post-thumbnail","6":"product_cat-lunch-box-wholesale","7":"product_tag-wholesale-multi-compartment-lunch-box","8":"product_tag-wholesale-rectangle-lunch-box","10":"first","11":"instock","12":"shipping-taxable","13":"product-type-simple"},"_links":{"self":[{"href":"https:\/\/moyahousehold.com\/fr\/wp-json\/wp\/v2\/product\/11950","targetHints":{"allow":["GET"]}}],"collection":[{"href":"https:\/\/moyahousehold.com\/fr\/wp-json\/wp\/v2\/product"}],"about":[{"href":"https:\/\/moyahousehold.com\/fr\/wp-json\/wp\/v2\/types\/product"}],"replies":[{"embeddable":true,"href":"https:\/\/moyahousehold.com\/fr\/wp-json\/wp\/v2\/comments?post=11950"}],"version-history":[{"count":2,"href":"https:\/\/moyahousehold.com\/fr\/wp-json\/wp\/v2\/product\/11950\/revisions"}],"predecessor-version":[{"id":12621,"href":"https:\/\/moyahousehold.com\/fr\/wp-json\/wp\/v2\/product\/11950\/revisions\/12621"}],"wp:featuredmedia":[{"embeddable":true,"href":"https:\/\/moyahousehold.com\/fr\/wp-json\/wp\/v2\/media\/12616"}],"wp:attachment":[{"href":"https:\/\/moyahousehold.com\/fr\/wp-json\/wp\/v2\/media?parent=11950"}],"wp:term":[{"taxonomy":"product_cat","embeddable":true,"href":"https:\/\/moyahousehold.com\/fr\/wp-json\/wp\/v2\/product_cat?post=11950"},{"taxonomy":"product_tag","embeddable":true,"href":"https:\/\/moyahousehold.com\/fr\/wp-json\/wp\/v2\/product_tag?post=11950"}],"curies":[{"name":"wp","href":"https:\/\/api.w.org\/{rel}","templated":true}]}}