{"id":12012,"date":"2026-03-27T02:43:25","date_gmt":"2026-03-26T02:18:41","guid":{"rendered":"https:\/\/moyahousehold.com\/?post_type=product&#038;p=12012"},"modified":"2026-04-15T07:17:45","modified_gmt":"2026-04-15T07:17:45","slug":"moya-304-stainless-steel-food-containers-glass-lid-leak-proof-microwave-safe","status":"publish","type":"product","link":"https:\/\/moyahousehold.com\/fr\/produit\/moya-304-stainless-steel-food-containers-glass-lid-leak-proof-microwave-safe\/","title":{"rendered":"MOYA 304 Stainless Steel Food Containers | Glass Lid | Leak-Proof &amp; Microwave Safe"},"content":{"rendered":"<figure class=\"wp-block-image size-full\"><img fetchpriority=\"high\" decoding=\"async\" width=\"2109\" height=\"2813\" src=\"https:\/\/moyahousehold.com\/wp-content\/uploads\/2026\/03\/8.jpg\" alt=\"R\u00e9cipients alimentaires en acier inoxydable 304 avec \u00e9vent en silicone\" class=\"wp-image-12041\" srcset=\"https:\/\/moyahousehold.com\/wp-content\/uploads\/2026\/03\/8.jpg 2109w, https:\/\/moyahousehold.com\/wp-content\/uploads\/2026\/03\/8-225x300.jpg 225w, https:\/\/moyahousehold.com\/wp-content\/uploads\/2026\/03\/8-768x1024.jpg 768w, https:\/\/moyahousehold.com\/wp-content\/uploads\/2026\/03\/8-9x12.jpg 9w, https:\/\/moyahousehold.com\/wp-content\/uploads\/2026\/03\/8-285x380.jpg 285w, https:\/\/moyahousehold.com\/wp-content\/uploads\/2026\/03\/8-1600x2134.jpg 1600w, https:\/\/moyahousehold.com\/wp-content\/uploads\/2026\/03\/8-495x660.jpg 495w, https:\/\/moyahousehold.com\/wp-content\/uploads\/2026\/03\/8-112x150.jpg 112w\" sizes=\"(max-width: 2109px) 100vw, 2109px\" \/><\/figure>\n\n\n\n<h3 class=\"wp-block-heading\">Food Container Size &amp; Material Specifications<\/h3>\n\n\n\n<p><strong>Mat\u00e9riau :<\/strong> Acier inoxydable 304+Silicone+Verre <strong> Couleur :<\/strong> Nature<\/p>\n\n\n\n<figure class=\"wp-block-table\"><table class=\"has-fixed-layout\"><tbody><tr><td class=\"has-text-align-center\" data-align=\"center\"><strong>Objet<\/strong><\/td><td class=\"has-text-align-center\" data-align=\"center\"><strong>Mat\u00e9riau<\/strong><\/td><td class=\"has-text-align-center\" data-align=\"center\"><strong>Couleur<\/strong><\/td><td class=\"has-text-align-center\" data-align=\"center\"><strong>Capacit\u00e9<\/strong><\/td><\/tr><tr><td class=\"has-text-align-center\" data-align=\"center\">MYJD399<\/td><td class=\"has-text-align-center\" data-align=\"center\" rowspan=\"9\">304+verre+silicone<\/td><td class=\"has-text-align-center\" data-align=\"center\" rowspan=\"9\">Nature<\/td><td class=\"has-text-align-center\" data-align=\"center\">300ML<\/td><\/tr><tr><td class=\"has-text-align-center\" data-align=\"center\">MYJD400<\/td><td class=\"has-text-align-center\" data-align=\"center\">500ML<\/td><\/tr><tr><td class=\"has-text-align-center\" data-align=\"center\">MYJD401<\/td><td class=\"has-text-align-center\" data-align=\"center\">600ML<\/td><\/tr><tr><td class=\"has-text-align-center\" data-align=\"center\">MYJD402<\/td><td class=\"has-text-align-center\" data-align=\"center\">700ML<\/td><\/tr><tr><td class=\"has-text-align-center\" data-align=\"center\">MYJD403<\/td><td class=\"has-text-align-center\" data-align=\"center\">1100ML<\/td><\/tr><tr><td class=\"has-text-align-center\" data-align=\"center\">MYJD404<\/td><td class=\"has-text-align-center\" data-align=\"center\">1400ML<\/td><\/tr><tr><td class=\"has-text-align-center\" data-align=\"center\">MYJD405<\/td><td class=\"has-text-align-center\" data-align=\"center\">1700ML<\/td><\/tr><tr><td class=\"has-text-align-center\" data-align=\"center\">MYJD406<\/td><td class=\"has-text-align-center\" data-align=\"center\">2400ML<\/td><\/tr><tr><td class=\"has-text-align-center\" data-align=\"center\">MYJD407<\/td><td class=\"has-text-align-center\" data-align=\"center\">3200ML<\/td><\/tr><\/tbody><\/table><\/figure>\n\n\n\n<h3 class=\"wp-block-heading\">Options de bo\u00eetes de conservation personnalis\u00e9es<\/h3>\n\n\n\n<p><strong>Logo<\/strong>: personnalisez le logo de votre marque sur le bol de cuisson en acier inoxydable et sur l'emballage.<br><strong>Options du logo<\/strong>logo imprim\u00e9, logo grav\u00e9 au laser, etc.<br><strong>Mod\u00e8le<\/strong>: motifs d'impression sur les produits et les emballages.<br><strong>Technologie d'impression<\/strong>Les techniques d'impression sont les suivantes : impression par transfert d'eau, impression par s\u00e9rigraphie, impression par transfert de chaleur, transfert par sublimation, etc.<br><strong>Emballage :<\/strong>bo\u00eete de couleur.<br><a href=\"https:\/\/moyahousehold.com\/fr\/solution-personnalisee\/\"><strong>En savoir plus sur les solutions de bo\u00eetes \u00e0 lunch personnalis\u00e9es.<\/strong><\/a><\/p>\n\n\n\n<div class=\"wp-block-columns is-layout-flex wp-container-core-columns-is-layout-9d6595d7 wp-block-columns-is-layout-flex\">\n<div class=\"wp-block-column is-layout-flow wp-block-column-is-layout-flow\" style=\"flex-basis:100%\">\n<div class=\"wp-block-group is-nowrap is-layout-flex wp-container-core-group-is-layout-ad2f72ca wp-block-group-is-layout-flex\">\n<div class=\"wp-block-columns is-layout-flex wp-container-core-columns-is-layout-9d6595d7 wp-block-columns-is-layout-flex\">\n<div class=\"wp-block-column is-layout-flow wp-block-column-is-layout-flow\">\n<figure class=\"wp-block-image size-full\"><img decoding=\"async\" width=\"800\" height=\"800\" src=\"https:\/\/moyahousehold.com\/wp-content\/uploads\/2026\/03\/4_1.png\" alt=\"easy-open food containers with glass lid\" class=\"wp-image-12015\" srcset=\"https:\/\/moyahousehold.com\/wp-content\/uploads\/2026\/03\/4_1.png 800w, https:\/\/moyahousehold.com\/wp-content\/uploads\/2026\/03\/4_1-300x300.png 300w, https:\/\/moyahousehold.com\/wp-content\/uploads\/2026\/03\/4_1-150x150.png 150w, https:\/\/moyahousehold.com\/wp-content\/uploads\/2026\/03\/4_1-768x768.png 768w, https:\/\/moyahousehold.com\/wp-content\/uploads\/2026\/03\/4_1-12x12.png 12w, https:\/\/moyahousehold.com\/wp-content\/uploads\/2026\/03\/4_1-285x285.png 285w, https:\/\/moyahousehold.com\/wp-content\/uploads\/2026\/03\/4_1-270x270.png 270w, https:\/\/moyahousehold.com\/wp-content\/uploads\/2026\/03\/4_1-540x540.png 540w, https:\/\/moyahousehold.com\/wp-content\/uploads\/2026\/03\/4_1-660x660.png 660w\" sizes=\"(max-width: 800px) 100vw, 800px\" \/><\/figure>\n<\/div>\n\n\n\n<div class=\"wp-block-column is-layout-flow wp-block-column-is-layout-flow\">\n<figure class=\"wp-block-image size-full\"><img decoding=\"async\" width=\"800\" height=\"800\" src=\"https:\/\/moyahousehold.com\/wp-content\/uploads\/2026\/03\/3_1.png\" alt=\"multi-size food storage set\" class=\"wp-image-12016\" srcset=\"https:\/\/moyahousehold.com\/wp-content\/uploads\/2026\/03\/3_1.png 800w, https:\/\/moyahousehold.com\/wp-content\/uploads\/2026\/03\/3_1-300x300.png 300w, https:\/\/moyahousehold.com\/wp-content\/uploads\/2026\/03\/3_1-150x150.png 150w, https:\/\/moyahousehold.com\/wp-content\/uploads\/2026\/03\/3_1-768x768.png 768w, https:\/\/moyahousehold.com\/wp-content\/uploads\/2026\/03\/3_1-12x12.png 12w, https:\/\/moyahousehold.com\/wp-content\/uploads\/2026\/03\/3_1-285x285.png 285w, https:\/\/moyahousehold.com\/wp-content\/uploads\/2026\/03\/3_1-270x270.png 270w, https:\/\/moyahousehold.com\/wp-content\/uploads\/2026\/03\/3_1-540x540.png 540w, https:\/\/moyahousehold.com\/wp-content\/uploads\/2026\/03\/3_1-660x660.png 660w\" sizes=\"(max-width: 800px) 100vw, 800px\" \/><\/figure>\n<\/div>\n<\/div>\n<\/div>\n<\/div>\n<\/div>\n\n\n\n<figure class=\"wp-block-gallery has-nested-images columns-default is-cropped wp-block-gallery-1 is-layout-flex wp-block-gallery-is-layout-flex\">\n<figure class=\"wp-block-image size-full is-style-default\"><img loading=\"lazy\" decoding=\"async\" width=\"1650\" height=\"2250\" data-id=\"12017\" src=\"https:\/\/moyahousehold.com\/wp-content\/uploads\/2026\/03\/4.png\" alt=\"glass lid food storage boxes\" class=\"wp-image-12017\" srcset=\"https:\/\/moyahousehold.com\/wp-content\/uploads\/2026\/03\/4.png 1650w, https:\/\/moyahousehold.com\/wp-content\/uploads\/2026\/03\/4-220x300.png 220w, https:\/\/moyahousehold.com\/wp-content\/uploads\/2026\/03\/4-768x1047.png 768w, https:\/\/moyahousehold.com\/wp-content\/uploads\/2026\/03\/4-9x12.png 9w, https:\/\/moyahousehold.com\/wp-content\/uploads\/2026\/03\/4-285x389.png 285w, https:\/\/moyahousehold.com\/wp-content\/uploads\/2026\/03\/4-1600x2182.png 1600w, https:\/\/moyahousehold.com\/wp-content\/uploads\/2026\/03\/4-484x660.png 484w, https:\/\/moyahousehold.com\/wp-content\/uploads\/2026\/03\/4-110x150.png 110w\" sizes=\"(max-width: 1650px) 100vw, 1650px\" \/><\/figure>\n\n\n\n<figure class=\"wp-block-image size-full is-style-default\"><img loading=\"lazy\" decoding=\"async\" width=\"1650\" height=\"2250\" data-id=\"12018\" src=\"https:\/\/moyahousehold.com\/wp-content\/uploads\/2026\/03\/6.png\" alt=\"food-grade stainless steel storage containers for kitchen\" class=\"wp-image-12018\" srcset=\"https:\/\/moyahousehold.com\/wp-content\/uploads\/2026\/03\/6.png 1650w, https:\/\/moyahousehold.com\/wp-content\/uploads\/2026\/03\/6-220x300.png 220w, https:\/\/moyahousehold.com\/wp-content\/uploads\/2026\/03\/6-768x1047.png 768w, https:\/\/moyahousehold.com\/wp-content\/uploads\/2026\/03\/6-9x12.png 9w, https:\/\/moyahousehold.com\/wp-content\/uploads\/2026\/03\/6-285x389.png 285w, https:\/\/moyahousehold.com\/wp-content\/uploads\/2026\/03\/6-1600x2182.png 1600w, https:\/\/moyahousehold.com\/wp-content\/uploads\/2026\/03\/6-484x660.png 484w, https:\/\/moyahousehold.com\/wp-content\/uploads\/2026\/03\/6-110x150.png 110w\" sizes=\"(max-width: 1650px) 100vw, 1650px\" \/><\/figure>\n<\/figure>\n\n\n\n<p><strong>Corps en acier inoxydable 304 de qualit\u00e9 alimentaire<\/strong>: Fabriqu\u00e9 en acier inoxydable 304 de haute qualit\u00e9, ce r\u00e9cipient est non toxique, inodore et r\u00e9sistant \u00e0 la corrosion. Il ne rouille pas et ne se d\u00e9forme pas, m\u00eame en cas d'utilisation prolong\u00e9e, ce qui garantit la puret\u00e9 et la s\u00e9curit\u00e9 de vos aliments \u00e0 chaque repas.<\/p>\n\n\n\n<p><strong>Couvercle en verre transparent avec \u00e9vent en silicone<\/strong>: Le couvercle en verre transparent vous permet de v\u00e9rifier le contenu en un coup d'\u0153il sans l'ouvrir - plus besoin de fouiller dans le r\u00e9frig\u00e9rateur ! L'\u00e9vent en silicone int\u00e9gr\u00e9 peut \u00eatre press\u00e9 pour rel\u00e2cher la pression, ce qui permet de l'ouvrir facilement apr\u00e8s l'avoir chauff\u00e9 et d'\u00e9viter qu'il ne se referme lorsque l'on conserve des aliments chauds.<\/p>\n\n\n\n<p><strong>Conception de l'\u00e9tanch\u00e9it\u00e9<\/strong>: \u00c9quip\u00e9 d'un joint en silicone de premi\u00e8re qualit\u00e9 et d'une structure \u00e9tanche, il offre une double protection contre les fuites et les d\u00e9versements. Transportez en toute confiance vos soupes, sauces ou rago\u00fbts dans votre sac : fini les accidents salissants.<\/p>\n\n\n\n<p><strong>Micro-ondes et r\u00e9frig\u00e9rateur s\u00e9curis\u00e9s<\/strong>: Passez sans probl\u00e8me du stockage au chauffage. Il peut \u00eatre utilis\u00e9 en toute s\u00e9curit\u00e9 au micro-ondes (retirez le couvercle si n\u00e9cessaire) et au r\u00e9frig\u00e9rateur, et supporte sans probl\u00e8me les temp\u00e9ratures \u00e9lev\u00e9es et basses. Un seul r\u00e9cipient pour tous vos besoins : plus besoin de passer d'un plat \u00e0 l'autre.<\/p>\n\n\n\n<p><\/p>","protected":false},"excerpt":{"rendered":"<h2 class=\"header-vfC6AV auto-hide-last-sibling-br\">Services de personnalisation<\/h2>\n<div class=\"auto-hide-last-sibling-br paragraph-JOTKXA paragraph-element br-paragraph-space\">En tant que fabricant professionnel de bo\u00eetes \u00e0 lunch, nous proposons des solutions OEM et ODM compl\u00e8tes :<\/div>\n<ul class=\"auto-hide-last-sibling-br\">\n<li><strong>OEM<\/strong>: Personnalisez les logos, les imprim\u00e9s ou l'emballage pour qu'ils correspondent \u00e0 l'identit\u00e9 de votre marque. Vous pouvez \u00e9galement choisir diff\u00e9rentes couleurs pour la coque ext\u00e9rieure afin de correspondre au style de votre marque.<\/li>\n<li><strong>ODM<\/strong>: Nous collaborons \u00e0 la conception du produit, de l'agencement des compartiments (ajustement du nombre et de la taille des compartiments) aux finitions des mat\u00e9riaux, afin de cr\u00e9er des solutions uniques et adapt\u00e9es au march\u00e9. Nous pouvons \u00e9galement optimiser la structure d'\u00e9tanch\u00e9it\u00e9 ou ajouter des conceptions fonctionnelles sp\u00e9ciales en fonction de vos besoins.<\/li>\n<\/ul>","protected":false},"featured_media":12022,"comment_status":"closed","ping_status":"closed","template":"","meta":[],"product_cat":[58],"product_tag":[87,92],"class_list":{"0":"post-12012","1":"product","2":"type-product","3":"status-publish","4":"has-post-thumbnail","6":"product_cat-lunch-box-wholesale","7":"product_tag-wholesale-multi-compartment-lunch-box","8":"product_tag-wholesale-rectangle-lunch-box","10":"first","11":"instock","12":"shipping-taxable","13":"product-type-simple"},"_links":{"self":[{"href":"https:\/\/moyahousehold.com\/fr\/wp-json\/wp\/v2\/product\/12012","targetHints":{"allow":["GET"]}}],"collection":[{"href":"https:\/\/moyahousehold.com\/fr\/wp-json\/wp\/v2\/product"}],"about":[{"href":"https:\/\/moyahousehold.com\/fr\/wp-json\/wp\/v2\/types\/product"}],"replies":[{"embeddable":true,"href":"https:\/\/moyahousehold.com\/fr\/wp-json\/wp\/v2\/comments?post=12012"}],"version-history":[{"count":1,"href":"https:\/\/moyahousehold.com\/fr\/wp-json\/wp\/v2\/product\/12012\/revisions"}],"predecessor-version":[{"id":13131,"href":"https:\/\/moyahousehold.com\/fr\/wp-json\/wp\/v2\/product\/12012\/revisions\/13131"}],"wp:featuredmedia":[{"embeddable":true,"href":"https:\/\/moyahousehold.com\/fr\/wp-json\/wp\/v2\/media\/12022"}],"wp:attachment":[{"href":"https:\/\/moyahousehold.com\/fr\/wp-json\/wp\/v2\/media?parent=12012"}],"wp:term":[{"taxonomy":"product_cat","embeddable":true,"href":"https:\/\/moyahousehold.com\/fr\/wp-json\/wp\/v2\/product_cat?post=12012"},{"taxonomy":"product_tag","embeddable":true,"href":"https:\/\/moyahousehold.com\/fr\/wp-json\/wp\/v2\/product_tag?post=12012"}],"curies":[{"name":"wp","href":"https:\/\/api.w.org\/{rel}","templated":true}]}}