{"id":12073,"date":"2026-03-27T02:59:28","date_gmt":"2026-03-27T01:21:00","guid":{"rendered":"https:\/\/moyahousehold.com\/?post_type=product&#038;p=12073"},"modified":"2026-03-27T03:39:25","modified_gmt":"2026-03-27T03:39:25","slug":"moya-800ml-304-stainless-steel-mixing-bowl-leak-proof-food-container-with-handle-measurement-markings","status":"publish","type":"product","link":"https:\/\/moyahousehold.com\/fr\/produit\/moya-800ml-304-stainless-steel-mixing-bowl-leak-proof-food-container-with-handle-measurement-markings\/","title":{"rendered":"MOYA 800ml 304 Stainless Steel Mixing Bowl | Leak-Proof Food Container with Handle &amp; Measurement Markings"},"content":{"rendered":"<figure class=\"wp-block-image size-full\"><img fetchpriority=\"high\" decoding=\"async\" width=\"800\" height=\"800\" src=\"https:\/\/moyahousehold.com\/wp-content\/uploads\/2026\/03\/4-1.png\" alt=\"Bols \u00e0 m\u00e9langer en acier inoxydable 304 avec poign\u00e9e\" class=\"wp-image-12074\" srcset=\"https:\/\/moyahousehold.com\/wp-content\/uploads\/2026\/03\/4-1.png 800w, https:\/\/moyahousehold.com\/wp-content\/uploads\/2026\/03\/4-1-300x300.png 300w, https:\/\/moyahousehold.com\/wp-content\/uploads\/2026\/03\/4-1-150x150.png 150w, https:\/\/moyahousehold.com\/wp-content\/uploads\/2026\/03\/4-1-768x768.png 768w, https:\/\/moyahousehold.com\/wp-content\/uploads\/2026\/03\/4-1-12x12.png 12w, https:\/\/moyahousehold.com\/wp-content\/uploads\/2026\/03\/4-1-285x285.png 285w, https:\/\/moyahousehold.com\/wp-content\/uploads\/2026\/03\/4-1-270x270.png 270w, https:\/\/moyahousehold.com\/wp-content\/uploads\/2026\/03\/4-1-540x540.png 540w, https:\/\/moyahousehold.com\/wp-content\/uploads\/2026\/03\/4-1-660x660.png 660w\" sizes=\"(max-width: 800px) 100vw, 800px\" \/><\/figure>\n\n\n\n<p><strong>Mat\u00e9riau :<\/strong> Acier inoxydable 304 <strong> Couleur :<\/strong> Argent<\/p>\n\n\n\n<figure class=\"wp-block-table\"><table class=\"has-fixed-layout\"><tbody><tr><td class=\"has-text-align-center\" data-align=\"center\"><strong>Objet<\/strong><\/td><td><strong>Mat\u00e9riau<\/strong><\/td><td><strong>Capacit\u00e9<\/strong><\/td><\/tr><tr><td class=\"has-text-align-center\" data-align=\"center\">MYBX014<\/td><td rowspan=\"6\">Acier inoxydable 304<\/td><td>220ML<\/td><\/tr><tr><td class=\"has-text-align-center\" data-align=\"center\">MYBX015<\/td><td>800ML With handle<\/td><\/tr><\/tbody><\/table><\/figure>\n\n\n\n<h3 class=\"wp-block-heading\">Custom Cooking Bowl Options<\/h3>\n\n\n\n<p><strong>Logo<\/strong>: personnalisez le logo de votre marque sur le bol de cuisson en acier inoxydable et sur l'emballage.<br><strong>Options du logo<\/strong>logo imprim\u00e9, logo grav\u00e9 au laser, etc.<br><strong>Mod\u00e8le<\/strong>: motifs d'impression sur les produits et les emballages.<br><strong>Technologie d'impression<\/strong>Les techniques d'impression sont les suivantes : impression par transfert d'eau, impression par s\u00e9rigraphie, impression par transfert de chaleur, transfert par sublimation, etc.<br><strong>Emballage :<\/strong>bo\u00eete de couleur.<br><a href=\"https:\/\/moyahousehold.com\/fr\/solution-personnalisee\/\"><strong>En savoir plus sur les solutions de bo\u00eetes \u00e0 lunch personnalis\u00e9es.<\/strong><\/a><\/p>\n\n\n\n<div class=\"wp-block-columns is-layout-flex wp-container-core-columns-is-layout-9d6595d7 wp-block-columns-is-layout-flex\">\n<div class=\"wp-block-column is-layout-flow wp-block-column-is-layout-flow\" style=\"flex-basis:100%\">\n<div class=\"wp-block-group is-nowrap is-layout-flex wp-container-core-group-is-layout-ad2f72ca wp-block-group-is-layout-flex\">\n<div class=\"wp-block-columns is-layout-flex wp-container-core-columns-is-layout-9d6595d7 wp-block-columns-is-layout-flex\">\n<div class=\"wp-block-column is-layout-flow wp-block-column-is-layout-flow\">\n<figure class=\"wp-block-image size-full\"><img decoding=\"async\" width=\"800\" height=\"800\" src=\"https:\/\/moyahousehold.com\/wp-content\/uploads\/2026\/03\/6-1.png\" alt=\"Bols \u00e0 m\u00e9langer en acier inoxydable 304 avec poign\u00e9e\" class=\"wp-image-12076\" srcset=\"https:\/\/moyahousehold.com\/wp-content\/uploads\/2026\/03\/6-1.png 800w, https:\/\/moyahousehold.com\/wp-content\/uploads\/2026\/03\/6-1-300x300.png 300w, https:\/\/moyahousehold.com\/wp-content\/uploads\/2026\/03\/6-1-150x150.png 150w, https:\/\/moyahousehold.com\/wp-content\/uploads\/2026\/03\/6-1-768x768.png 768w, https:\/\/moyahousehold.com\/wp-content\/uploads\/2026\/03\/6-1-12x12.png 12w, https:\/\/moyahousehold.com\/wp-content\/uploads\/2026\/03\/6-1-285x285.png 285w, https:\/\/moyahousehold.com\/wp-content\/uploads\/2026\/03\/6-1-270x270.png 270w, https:\/\/moyahousehold.com\/wp-content\/uploads\/2026\/03\/6-1-540x540.png 540w, https:\/\/moyahousehold.com\/wp-content\/uploads\/2026\/03\/6-1-660x660.png 660w\" sizes=\"(max-width: 800px) 100vw, 800px\" \/><\/figure>\n<\/div>\n\n\n\n<div class=\"wp-block-column is-layout-flow wp-block-column-is-layout-flow\">\n<figure class=\"wp-block-image size-full\"><img decoding=\"async\" width=\"800\" height=\"800\" src=\"https:\/\/moyahousehold.com\/wp-content\/uploads\/2026\/03\/5-2.png\" alt=\"Bols \u00e0 m\u00e9langer en acier inoxydable 304 avec poign\u00e9e\" class=\"wp-image-12075\" srcset=\"https:\/\/moyahousehold.com\/wp-content\/uploads\/2026\/03\/5-2.png 800w, https:\/\/moyahousehold.com\/wp-content\/uploads\/2026\/03\/5-2-300x300.png 300w, https:\/\/moyahousehold.com\/wp-content\/uploads\/2026\/03\/5-2-150x150.png 150w, https:\/\/moyahousehold.com\/wp-content\/uploads\/2026\/03\/5-2-768x768.png 768w, https:\/\/moyahousehold.com\/wp-content\/uploads\/2026\/03\/5-2-12x12.png 12w, https:\/\/moyahousehold.com\/wp-content\/uploads\/2026\/03\/5-2-285x285.png 285w, https:\/\/moyahousehold.com\/wp-content\/uploads\/2026\/03\/5-2-270x270.png 270w, https:\/\/moyahousehold.com\/wp-content\/uploads\/2026\/03\/5-2-540x540.png 540w, https:\/\/moyahousehold.com\/wp-content\/uploads\/2026\/03\/5-2-660x660.png 660w\" sizes=\"(max-width: 800px) 100vw, 800px\" \/><\/figure>\n<\/div>\n<\/div>\n<\/div>\n<\/div>\n<\/div>\n\n\n\n<p><strong>Vue d'ensemble : <\/strong>Vous recherchez un bol \u00e0 m\u00e9langer durable, s\u00fbr et polyvalent pour am\u00e9liorer votre exp\u00e9rience de la cuisine et de la p\u00e2tisserie ? Notre bol \u00e0 m\u00e9langer en acier inoxydable 304 est le choix id\u00e9al ! Fabriqu\u00e9 en acier inoxydable 304 de qualit\u00e9 alimentaire, dot\u00e9 d'une poign\u00e9e r\u00e9sistante \u00e0 la chaleur et de rep\u00e8res de mesure clairs, ce bol est id\u00e9al pour tout ce qui concerne la pr\u00e9paration des \u0153ufs et des salades, la cuisson des g\u00e2teaux et la conservation des restes. Facile \u00e0 nettoyer, incassable et sans odeur, il permet de dire adieu aux bols de cuisine fragiles et d\u00e9sordonn\u00e9s et de pr\u00e9parer les repas sans effort !<\/p>\n\n\n\n<figure class=\"wp-block-gallery has-nested-images columns-default is-cropped wp-block-gallery-2 is-layout-flex wp-block-gallery-is-layout-flex\">\n<figure class=\"wp-block-image size-full is-style-default\"><img loading=\"lazy\" decoding=\"async\" width=\"3840\" height=\"5760\" data-id=\"12081\" src=\"https:\/\/moyahousehold.com\/wp-content\/uploads\/2026\/03\/2-3.jpg\" alt=\"Bols \u00e0 m\u00e9langer en acier inoxydable 304 avec poign\u00e9e\" class=\"wp-image-12081\" srcset=\"https:\/\/moyahousehold.com\/wp-content\/uploads\/2026\/03\/2-3.jpg 3840w, https:\/\/moyahousehold.com\/wp-content\/uploads\/2026\/03\/2-3-200x300.jpg 200w, https:\/\/moyahousehold.com\/wp-content\/uploads\/2026\/03\/2-3-768x1152.jpg 768w, https:\/\/moyahousehold.com\/wp-content\/uploads\/2026\/03\/2-3-8x12.jpg 8w, https:\/\/moyahousehold.com\/wp-content\/uploads\/2026\/03\/2-3-285x428.jpg 285w, https:\/\/moyahousehold.com\/wp-content\/uploads\/2026\/03\/2-3-1600x2400.jpg 1600w, https:\/\/moyahousehold.com\/wp-content\/uploads\/2026\/03\/2-3-440x660.jpg 440w, https:\/\/moyahousehold.com\/wp-content\/uploads\/2026\/03\/2-3-100x150.jpg 100w\" sizes=\"(max-width: 3840px) 100vw, 3840px\" \/><\/figure>\n\n\n\n<figure class=\"wp-block-image size-full wp-duotone-unset-1\"><img loading=\"lazy\" decoding=\"async\" width=\"3840\" height=\"5760\" data-id=\"12083\" src=\"https:\/\/moyahousehold.com\/wp-content\/uploads\/2026\/03\/4-4.jpg\" alt=\"Bols \u00e0 m\u00e9langer en acier inoxydable 304 avec poign\u00e9e\" class=\"wp-image-12083\" srcset=\"https:\/\/moyahousehold.com\/wp-content\/uploads\/2026\/03\/4-4.jpg 3840w, https:\/\/moyahousehold.com\/wp-content\/uploads\/2026\/03\/4-4-200x300.jpg 200w, https:\/\/moyahousehold.com\/wp-content\/uploads\/2026\/03\/4-4-768x1152.jpg 768w, https:\/\/moyahousehold.com\/wp-content\/uploads\/2026\/03\/4-4-8x12.jpg 8w, https:\/\/moyahousehold.com\/wp-content\/uploads\/2026\/03\/4-4-285x428.jpg 285w, https:\/\/moyahousehold.com\/wp-content\/uploads\/2026\/03\/4-4-1600x2400.jpg 1600w, https:\/\/moyahousehold.com\/wp-content\/uploads\/2026\/03\/4-4-440x660.jpg 440w, https:\/\/moyahousehold.com\/wp-content\/uploads\/2026\/03\/4-4-100x150.jpg 100w\" sizes=\"(max-width: 3840px) 100vw, 3840px\" \/><\/figure>\n<\/figure>\n\n\n\n<h2 class=\"wp-block-heading\">Pourquoi choisir notre bol \u00e0 m\u00e9langer en acier inoxydable 304 ?<\/h2>\n\n\n\n<p>La cuisine et la p\u00e2tisserie doivent \u00eatre un plaisir, pas une source de frustration. C'est pourquoi nous avons con\u00e7u ce bol \u00e0 m\u00e9langer pour r\u00e9soudre les probl\u00e8mes les plus courants dans la cuisine. Que vous soyez un cuisinier amateur, un passionn\u00e9 de p\u00e2tisserie ou un parent d\u00e9bord\u00e9, ce bol deviendra votre outil de pr\u00e9dilection pour chaque t\u00e2che de pr\u00e9paration des repas.<\/p>\n\n\n\n<div class=\"wp-block-columns is-layout-flex wp-container-core-columns-is-layout-9d6595d7 wp-block-columns-is-layout-flex\">\n<div class=\"wp-block-column is-layout-flow wp-block-column-is-layout-flow\">\n<figure class=\"wp-block-image size-full\"><img loading=\"lazy\" decoding=\"async\" width=\"3840\" height=\"5760\" src=\"https:\/\/moyahousehold.com\/wp-content\/uploads\/2026\/03\/3-3.jpg\" alt=\"Bols \u00e0 m\u00e9langer en acier inoxydable 304 avec poign\u00e9e\" class=\"wp-image-12082\" srcset=\"https:\/\/moyahousehold.com\/wp-content\/uploads\/2026\/03\/3-3.jpg 3840w, https:\/\/moyahousehold.com\/wp-content\/uploads\/2026\/03\/3-3-200x300.jpg 200w, https:\/\/moyahousehold.com\/wp-content\/uploads\/2026\/03\/3-3-768x1152.jpg 768w, https:\/\/moyahousehold.com\/wp-content\/uploads\/2026\/03\/3-3-8x12.jpg 8w, https:\/\/moyahousehold.com\/wp-content\/uploads\/2026\/03\/3-3-285x428.jpg 285w, https:\/\/moyahousehold.com\/wp-content\/uploads\/2026\/03\/3-3-1600x2400.jpg 1600w, https:\/\/moyahousehold.com\/wp-content\/uploads\/2026\/03\/3-3-440x660.jpg 440w, https:\/\/moyahousehold.com\/wp-content\/uploads\/2026\/03\/3-3-100x150.jpg 100w\" sizes=\"(max-width: 3840px) 100vw, 3840px\" \/><\/figure>\n<\/div>\n\n\n\n<div class=\"wp-block-column is-layout-flow wp-block-column-is-layout-flow\">\n<figure class=\"wp-block-image size-full\"><img loading=\"lazy\" decoding=\"async\" width=\"3840\" height=\"5760\" src=\"https:\/\/moyahousehold.com\/wp-content\/uploads\/2026\/03\/5-3.jpg\" alt=\"Bols \u00e0 m\u00e9langer en acier inoxydable 304 avec poign\u00e9e\" class=\"wp-image-12084\" srcset=\"https:\/\/moyahousehold.com\/wp-content\/uploads\/2026\/03\/5-3.jpg 3840w, https:\/\/moyahousehold.com\/wp-content\/uploads\/2026\/03\/5-3-200x300.jpg 200w, https:\/\/moyahousehold.com\/wp-content\/uploads\/2026\/03\/5-3-768x1152.jpg 768w, https:\/\/moyahousehold.com\/wp-content\/uploads\/2026\/03\/5-3-8x12.jpg 8w, https:\/\/moyahousehold.com\/wp-content\/uploads\/2026\/03\/5-3-285x428.jpg 285w, https:\/\/moyahousehold.com\/wp-content\/uploads\/2026\/03\/5-3-1600x2400.jpg 1600w, https:\/\/moyahousehold.com\/wp-content\/uploads\/2026\/03\/5-3-440x660.jpg 440w, https:\/\/moyahousehold.com\/wp-content\/uploads\/2026\/03\/5-3-100x150.jpg 100w\" sizes=\"(max-width: 3840px) 100vw, 3840px\" \/><\/figure>\n<\/div>\n<\/div>\n\n\n\n<h3 class=\"wp-block-heading\">1. Acier inoxydable 304 de qualit\u00e9 alimentaire : La s\u00e9curit\u00e9 avant tout pour vous et votre famille<\/h3>\n\n\n\n<p>Le choix de la sant\u00e9 avant tout : Fabriqu\u00e9 en acier inoxydable 304 de qualit\u00e9 alimentaire, r\u00e9sistant \u00e0 la corrosion, antirouille et non toxique. Pas d'absorption d'odeur, m\u00eame avec des ingr\u00e9dients acides ou alcalins (citrons, \u0153ufs, etc.), sans danger pour la marinade, le m\u00e9lange et le stockage des aliments.<\/p>\n\n\n\n<h3 class=\"wp-block-heading\">2. Poign\u00e9e r\u00e9sistante \u00e0 la chaleur : Prise en main s\u00fbre et stable, m\u00eame avec des aliments chauds<\/h3>\n\n\n\n<p>Poign\u00e9e r\u00e9sistante \u00e0 la chaleur : Reste froide lorsque l'on tient des aliments chauds (soupes, rago\u00fbts, etc.), la conception ergonomique assure une prise ferme. Emp\u00eache de glisser et de s'\u00e9bouillanter, pratique pour transf\u00e9rer rapidement les aliments.<\/p>\n\n\n\n<h3 class=\"wp-block-heading\">3. Marques de mesure int\u00e9gr\u00e9es : Une pr\u00e9paration pr\u00e9cise \u00e0 chaque fois<\/h3>\n\n\n\n<p>Oubliez le jonglage avec plusieurs tasses et cuill\u00e8res \u00e0 mesurer : notre bol \u00e0 m\u00e9langer comporte des rep\u00e8res de mesure clairs et faciles \u00e0 lire (ml et tasse) imprim\u00e9s \u00e0 l'int\u00e9rieur. Que vous pr\u00e9pariez un g\u00e2teau n\u00e9cessitant des quantit\u00e9s exactes de lait et de farine ou que vous m\u00e9langiez une sauce n\u00e9cessitant un assaisonnement pr\u00e9cis, ces rep\u00e8res facilitent la mesure directement dans le bol. Gagnez du temps, r\u00e9duisez le nettoyage et obtenez des r\u00e9sultats constants \u00e0 chaque fois.<\/p>\n\n\n\n<h3 class=\"wp-block-heading\">4. \u00c9paissi et incassable : Durable pour une utilisation quotidienne<\/h3>\n\n\n\n<p>Les cuisines peuvent \u00eatre chaotiques, mais votre bol ne doit pas \u00eatre fragile. Notre bol \u00e0 m\u00e9langer est \u00e9paissi pour une plus grande durabilit\u00e9 - il ne se pliera pas, ne se d\u00e9formera pas et ne se fissurera pas, m\u00eame si vous le laissez tomber accidentellement (oui, m\u00eame si vos enfants le font tomber du comptoir !). Contrairement aux bols en verre ou en c\u00e9ramique qui se brisent facilement, ce bol en acier inoxydable est con\u00e7u pour durer des ann\u00e9es d'utilisation quotidienne. Parfait pour les m\u00e9nages occup\u00e9s, les v\u00e9hicules de loisirs ou la cuisine en plein air.<\/p>\n\n\n\n<h3 class=\"wp-block-heading\">5. Facile \u00e0 nettoyer et huile antiadh\u00e9sive : Moins de temps \u00e0 frotter, plus de temps \u00e0 profiter<\/h3>\n\n\n\n<p>Personne n'aime passer des heures \u00e0 frotter la vaisselle sale. La surface lisse de notre bol en acier inoxydable 304 est anti-adh\u00e9rente \u00e0 l'huile et aux r\u00e9sidus alimentaires. Il suffit de le rincer \u00e0 l'eau et de l'essuyer avec un chiffon pour qu'il soit propre en quelques secondes. Il est \u00e9galement compatible avec le lave-vaisselle, ce qui vous permet de le mettre au lave-vaisselle pour un nettoyage sans souci. Id\u00e9al lorsque vous organisez un d\u00eener ou que vous pr\u00e9parez un gros repas et que vous n'avez pas le temps de laver la vaisselle \u00e0 la main.<\/p>\n\n\n\n<h3 class=\"wp-block-heading\">6. Taille pratique : Id\u00e9al pour de multiples t\u00e2ches dans la cuisine<\/h3>\n\n\n\n<p>With a practical capacity (220ML\/800ML), this mixing bowl is designed to cover most of your daily kitchen needs. Use it for prepping eggs, mixing spices, marinating small portions of meat, mixing salads, or storing leftovers. The compact design also saves space in your kitchen cabinet\u2014easy to store without cluttering shelves!<\/p>\n\n\n\n<p><\/p>","protected":false},"excerpt":{"rendered":"<h2 class=\"header-vfC6AV auto-hide-last-sibling-br\">Services de personnalisation<\/h2>\n<div class=\"auto-hide-last-sibling-br paragraph-JOTKXA paragraph-element br-paragraph-space\">En tant que fabricant professionnel de bo\u00eetes \u00e0 lunch, nous proposons des solutions OEM et ODM compl\u00e8tes :<\/div>\n<ul class=\"auto-hide-last-sibling-br\">\n<li><strong>OEM<\/strong>: Personnalisez les logos, les imprim\u00e9s ou l'emballage pour qu'ils correspondent \u00e0 l'identit\u00e9 de votre marque. Vous pouvez \u00e9galement choisir diff\u00e9rentes couleurs pour la coque ext\u00e9rieure afin de correspondre au style de votre marque.<\/li>\n<li><strong>ODM<\/strong>: Nous collaborons \u00e0 la conception du produit, de l'agencement des compartiments (ajustement du nombre et de la taille des compartiments) aux finitions des mat\u00e9riaux, afin de cr\u00e9er des solutions uniques et adapt\u00e9es au march\u00e9. Nous pouvons \u00e9galement optimiser la structure d'\u00e9tanch\u00e9it\u00e9 ou ajouter des conceptions fonctionnelles sp\u00e9ciales en fonction de vos besoins.<\/li>\n<\/ul>","protected":false},"featured_media":12077,"comment_status":"closed","ping_status":"closed","template":"","meta":[],"product_cat":[55],"product_tag":[113,111,112,110],"class_list":{"0":"post-12073","1":"product","2":"type-product","3":"status-publish","4":"has-post-thumbnail","6":"product_cat-salad-bowl-wholesale","7":"product_tag-breakfast-cup","8":"product_tag-cooking-bowl","9":"product_tag-mixing-bowl","10":"product_tag-salad-bowl","12":"first","13":"instock","14":"shipping-taxable","15":"product-type-simple"},"_links":{"self":[{"href":"https:\/\/moyahousehold.com\/fr\/wp-json\/wp\/v2\/product\/12073","targetHints":{"allow":["GET"]}}],"collection":[{"href":"https:\/\/moyahousehold.com\/fr\/wp-json\/wp\/v2\/product"}],"about":[{"href":"https:\/\/moyahousehold.com\/fr\/wp-json\/wp\/v2\/types\/product"}],"replies":[{"embeddable":true,"href":"https:\/\/moyahousehold.com\/fr\/wp-json\/wp\/v2\/comments?post=12073"}],"version-history":[{"count":0,"href":"https:\/\/moyahousehold.com\/fr\/wp-json\/wp\/v2\/product\/12073\/revisions"}],"wp:featuredmedia":[{"embeddable":true,"href":"https:\/\/moyahousehold.com\/fr\/wp-json\/wp\/v2\/media\/12077"}],"wp:attachment":[{"href":"https:\/\/moyahousehold.com\/fr\/wp-json\/wp\/v2\/media?parent=12073"}],"wp:term":[{"taxonomy":"product_cat","embeddable":true,"href":"https:\/\/moyahousehold.com\/fr\/wp-json\/wp\/v2\/product_cat?post=12073"},{"taxonomy":"product_tag","embeddable":true,"href":"https:\/\/moyahousehold.com\/fr\/wp-json\/wp\/v2\/product_tag?post=12073"}],"curies":[{"name":"wp","href":"https:\/\/api.w.org\/{rel}","templated":true}]}}