{"id":12152,"date":"2026-03-28T02:49:40","date_gmt":"2026-03-28T01:58:22","guid":{"rendered":"https:\/\/moyahousehold.com\/?post_type=product&#038;p=12152"},"modified":"2026-03-28T02:50:13","modified_gmt":"2026-03-28T02:50:13","slug":"moya-304-stainless-steel-insulated-carafe-with-aluminum-handle-eco-friendly-one-button-dispensing-airtight-leak-proof-thermal-carafe-for-home-office-party","status":"publish","type":"product","link":"https:\/\/moyahousehold.com\/fr\/produit\/moya-304-stainless-steel-insulated-carafe-with-aluminum-handle-eco-friendly-one-button-dispensing-airtight-leak-proof-thermal-carafe-for-home-office-party\/","title":{"rendered":"MOYA 304 Stainless Steel Insulated Carafe with Aluminum Handle &#8211; Eco-Friendly One-Button Dispensing, Airtight &amp; Leak-Proof Thermal Carafe for Home, Office &amp; Party"},"content":{"rendered":"<h3 class=\"wp-block-heading\">Param\u00e8tres de la cruche \u00e0 vide de style danois<\/h3>\n\n\n\n<figure class=\"wp-block-table\"><table><tbody><tr><td>Nom du produit<\/td><td>Couleur<\/td><td>Mat\u00e9riau<\/td><td>Taille du produit<\/td><td>Net Weight(kg)<\/td><\/tr><tr><td>1.0L thermos jug with aluminum handle<\/td><td>Nature<\/td><td>PP,304 stainless steel\uff0cSilicone, Aluminum handle<\/td><td>177*110*211mm<\/td><td>1.4<\/td><\/tr><tr><td>1.5L thermos jug with aluminum handle<\/td><td>Nature<\/td><td>PP,304 stainless steel\uff0cSilicone, Aluminum handle<\/td><td>193*120*252mm<\/td><td>1.5<\/td><\/tr><\/tbody><\/table><\/figure>\n\n\n\n<h3 class=\"wp-block-heading\">Options de carafe thermique personnalis\u00e9e<\/h3>\n\n\n\n<p><strong>Logo : <\/strong>personnaliser le logo de votre marque sur la carafe thermique et l'emballage.<br><strong>Options de logo : <\/strong>logo imprim\u00e9, logo grav\u00e9 au laser, etc.<br><strong>Mod\u00e8le : <\/strong>motifs d'impression<br><strong>Technologie d'impression :<\/strong> impression par transfert d'eau, s\u00e9rigraphie, impression par transfert de chaleur, transfert par sublimation, etc. <br><strong>Emballage : <\/strong>bo\u00eete \u00e0 couleurs<br><a href=\"https:\/\/moyahousehold.com\/fr\/solution-personnalisee\/\"><strong>D\u00e9couvrez d'autres personnalisations de carafes thermiques<\/strong><\/a><\/p>\n\n\n\n<div class=\"wp-block-columns is-layout-flex wp-container-core-columns-is-layout-9d6595d7 wp-block-columns-is-layout-flex\">\n<div class=\"wp-block-column is-layout-flow wp-block-column-is-layout-flow\">\n<figure class=\"wp-block-image size-full\"><img fetchpriority=\"high\" decoding=\"async\" width=\"800\" height=\"800\" src=\"https:\/\/moyahousehold.com\/wp-content\/uploads\/2026\/03\/2.png\" alt=\"MOYA 304 Stainless Steel Insulated Thermal Carafe with Aluminum Handle, Denmark Style, One-Button Dispensing, Airtight Leak-Proof, for Home Office Party Use\" class=\"wp-image-12157\" srcset=\"https:\/\/moyahousehold.com\/wp-content\/uploads\/2026\/03\/2.png 800w, https:\/\/moyahousehold.com\/wp-content\/uploads\/2026\/03\/2-300x300.png 300w, https:\/\/moyahousehold.com\/wp-content\/uploads\/2026\/03\/2-150x150.png 150w, https:\/\/moyahousehold.com\/wp-content\/uploads\/2026\/03\/2-768x768.png 768w, https:\/\/moyahousehold.com\/wp-content\/uploads\/2026\/03\/2-12x12.png 12w, https:\/\/moyahousehold.com\/wp-content\/uploads\/2026\/03\/2-285x285.png 285w, https:\/\/moyahousehold.com\/wp-content\/uploads\/2026\/03\/2-270x270.png 270w, https:\/\/moyahousehold.com\/wp-content\/uploads\/2026\/03\/2-540x540.png 540w, https:\/\/moyahousehold.com\/wp-content\/uploads\/2026\/03\/2-660x660.png 660w\" sizes=\"(max-width: 800px) 100vw, 800px\" \/><\/figure>\n<\/div>\n\n\n\n<div class=\"wp-block-column is-layout-flow wp-block-column-is-layout-flow\">\n<figure class=\"wp-block-image size-full\"><img decoding=\"async\" width=\"800\" height=\"800\" src=\"https:\/\/moyahousehold.com\/wp-content\/uploads\/2026\/03\/4-2.png\" alt=\"MOYA 304 Stainless Steel Insulated Thermal Carafe with Aluminum Handle, Denmark Style, One-Button Dispensing, Airtight Leak-Proof, for Home Office Party Use\" class=\"wp-image-12153\" srcset=\"https:\/\/moyahousehold.com\/wp-content\/uploads\/2026\/03\/4-2.png 800w, https:\/\/moyahousehold.com\/wp-content\/uploads\/2026\/03\/4-2-300x300.png 300w, https:\/\/moyahousehold.com\/wp-content\/uploads\/2026\/03\/4-2-150x150.png 150w, https:\/\/moyahousehold.com\/wp-content\/uploads\/2026\/03\/4-2-768x768.png 768w, https:\/\/moyahousehold.com\/wp-content\/uploads\/2026\/03\/4-2-12x12.png 12w, https:\/\/moyahousehold.com\/wp-content\/uploads\/2026\/03\/4-2-285x285.png 285w, https:\/\/moyahousehold.com\/wp-content\/uploads\/2026\/03\/4-2-270x270.png 270w, https:\/\/moyahousehold.com\/wp-content\/uploads\/2026\/03\/4-2-540x540.png 540w, https:\/\/moyahousehold.com\/wp-content\/uploads\/2026\/03\/4-2-660x660.png 660w\" sizes=\"(max-width: 800px) 100vw, 800px\" \/><\/figure>\n<\/div>\n<\/div>\n\n\n\n<div class=\"wp-block-columns is-layout-flex wp-container-core-columns-is-layout-9d6595d7 wp-block-columns-is-layout-flex\">\n<div class=\"wp-block-column is-layout-flow wp-block-column-is-layout-flow\">\n<figure class=\"wp-block-image size-full\"><img decoding=\"async\" width=\"800\" height=\"800\" src=\"https:\/\/moyahousehold.com\/wp-content\/uploads\/2026\/03\/6-2.png\" alt=\"MOYA 304 Stainless Steel Insulated Thermal Carafe with Aluminum Handle, Denmark Style, One-Button Dispensing, Airtight Leak-Proof, for Home Office Party Use\" class=\"wp-image-12155\" srcset=\"https:\/\/moyahousehold.com\/wp-content\/uploads\/2026\/03\/6-2.png 800w, https:\/\/moyahousehold.com\/wp-content\/uploads\/2026\/03\/6-2-300x300.png 300w, https:\/\/moyahousehold.com\/wp-content\/uploads\/2026\/03\/6-2-150x150.png 150w, https:\/\/moyahousehold.com\/wp-content\/uploads\/2026\/03\/6-2-768x768.png 768w, https:\/\/moyahousehold.com\/wp-content\/uploads\/2026\/03\/6-2-12x12.png 12w, https:\/\/moyahousehold.com\/wp-content\/uploads\/2026\/03\/6-2-285x285.png 285w, https:\/\/moyahousehold.com\/wp-content\/uploads\/2026\/03\/6-2-270x270.png 270w, https:\/\/moyahousehold.com\/wp-content\/uploads\/2026\/03\/6-2-540x540.png 540w, https:\/\/moyahousehold.com\/wp-content\/uploads\/2026\/03\/6-2-660x660.png 660w\" sizes=\"(max-width: 800px) 100vw, 800px\" \/><\/figure>\n<\/div>\n\n\n\n<div class=\"wp-block-column is-layout-flow wp-block-column-is-layout-flow\">\n<figure class=\"wp-block-image size-full\"><img loading=\"lazy\" decoding=\"async\" width=\"800\" height=\"800\" src=\"https:\/\/moyahousehold.com\/wp-content\/uploads\/2026\/03\/5-3.png\" alt=\"MOYA 304 Stainless Steel Insulated Thermal Carafe with Aluminum Handle, Denmark Style, One-Button Dispensing, Airtight Leak-Proof, for Home Office Party Use\" class=\"wp-image-12154\" srcset=\"https:\/\/moyahousehold.com\/wp-content\/uploads\/2026\/03\/5-3.png 800w, https:\/\/moyahousehold.com\/wp-content\/uploads\/2026\/03\/5-3-300x300.png 300w, https:\/\/moyahousehold.com\/wp-content\/uploads\/2026\/03\/5-3-150x150.png 150w, https:\/\/moyahousehold.com\/wp-content\/uploads\/2026\/03\/5-3-768x768.png 768w, https:\/\/moyahousehold.com\/wp-content\/uploads\/2026\/03\/5-3-12x12.png 12w, https:\/\/moyahousehold.com\/wp-content\/uploads\/2026\/03\/5-3-285x285.png 285w, https:\/\/moyahousehold.com\/wp-content\/uploads\/2026\/03\/5-3-270x270.png 270w, https:\/\/moyahousehold.com\/wp-content\/uploads\/2026\/03\/5-3-540x540.png 540w, https:\/\/moyahousehold.com\/wp-content\/uploads\/2026\/03\/5-3-660x660.png 660w\" sizes=\"(max-width: 800px) 100vw, 800px\" \/><\/figure>\n<\/div>\n<\/div>","protected":false},"excerpt":{"rendered":"<h1 class=\"header-vfC6AV auto-hide-last-sibling-br\">Grossiste Jug thermo sous vide \u00e0 la danoise<\/h1>\n<div class=\"auto-hide-last-sibling-br paragraph-JOTKXA paragraph-element br-paragraph-space\">Cette carafe thermique sous vide de style danois offre une excellente exp\u00e9rience visuelle gr\u00e2ce \u00e0 son design esth\u00e9tique simple. La poign\u00e9e en bois est agr\u00e9able \u00e0 tenir et ajoute une touche d'\u00e9l\u00e9gance naturelle \u00e0 votre d\u00e9coration int\u00e9rieure. Sur le plan pratique, elle est dot\u00e9e d'une double couche de vide qui permet de conserver efficacement les boissons \u00e0 leur temp\u00e9rature d'origine pendant 24 heures. N'h\u00e9sitez pas \u00e0 nous contacter pour obtenir un devis.<\/div>\n<h2 class=\"header-vfC6AV auto-hide-last-sibling-br\">Caract\u00e9ristiques de la cruche \u00e0 vide thermique<\/h2>\n<ul class=\"auto-hide-last-sibling-br\">\n<li><strong>Design simple<\/strong>: Cette carafe \u00e0 vide thermique adopte un concept esth\u00e9tique minimaliste, pr\u00e9sentant un aspect \u00e9l\u00e9gant et moderne. Elle s'int\u00e8gre facilement dans divers environnements domestiques, professionnels ou h\u00f4teliers.<\/li>\n<li><strong>Poign\u00e9e en bois<\/strong>: Cette carafe \u00e0 vide thermique est \u00e9quip\u00e9e d'une poign\u00e9e ergonomique en bois qui offre une excellente prise en main et un grand confort.<\/li>\n<li><strong>Excellente performance en mati\u00e8re d'isolation thermique<\/strong>: Il utilise une technologie d'isolation sous vide \u00e0 double couche pour r\u00e9duire efficacement la perte de chaleur et maintenir la temp\u00e9rature des boissons pendant une p\u00e9riode prolong\u00e9e.<\/li>\n<li><strong>Mat\u00e9riaux \u00e9cologiques<\/strong>: La cruche \u00e0 vide thermique est fabriqu\u00e9e \u00e0 partir de mat\u00e9riaux \u00e9cologiques sans BPA, r\u00e9pondant aux normes environnementales internationales et emp\u00eachant les substances nocives d'affecter le corps humain.<\/li>\n<li><strong>Distribution d'eau par un seul bouton<\/strong>: Le design unique du bec verseur rend le processus de versement plus fluide et plus contr\u00f4lable, \u00e9vitant ainsi les \u00e9claboussures d'eau. Il convient pour verser du th\u00e9, du caf\u00e9 et de l'eau chaude.<\/li>\n<li><strong>Conception \u00e0 petite capacit\u00e9<\/strong>: The 1.0L\/1.5L capacity is ideal for personal or small family use, meeting the daily drinking needs of a single person and the requirements for short trips.<\/li>\n<li><strong>Solutions de personnalisation OEM et ODM<\/strong>: Moya, le fabricant de carafes thermiques, peut personnaliser l'aspect du produit, sa capacit\u00e9, sa couleur, le logo de la marque, etc. en fonction des besoins uniques des clients.<\/li>\n<\/ul>","protected":false},"featured_media":12159,"comment_status":"closed","ping_status":"closed","template":"","meta":[],"product_cat":[54],"product_tag":[66,115,85],"class_list":{"0":"post-12152","1":"product","2":"type-product","3":"status-publish","4":"has-post-thumbnail","6":"product_cat-thermal-carafe-wholesale","7":"product_tag-wholesale-1000ml-thermos-carafe","8":"product_tag-1-5l-thermos-jug","9":"product_tag-wholesale-stainless-steel-liner-thermos-carafe","11":"first","12":"instock","13":"shipping-taxable","14":"product-type-simple"},"_links":{"self":[{"href":"https:\/\/moyahousehold.com\/fr\/wp-json\/wp\/v2\/product\/12152","targetHints":{"allow":["GET"]}}],"collection":[{"href":"https:\/\/moyahousehold.com\/fr\/wp-json\/wp\/v2\/product"}],"about":[{"href":"https:\/\/moyahousehold.com\/fr\/wp-json\/wp\/v2\/types\/product"}],"replies":[{"embeddable":true,"href":"https:\/\/moyahousehold.com\/fr\/wp-json\/wp\/v2\/comments?post=12152"}],"version-history":[{"count":0,"href":"https:\/\/moyahousehold.com\/fr\/wp-json\/wp\/v2\/product\/12152\/revisions"}],"wp:featuredmedia":[{"embeddable":true,"href":"https:\/\/moyahousehold.com\/fr\/wp-json\/wp\/v2\/media\/12159"}],"wp:attachment":[{"href":"https:\/\/moyahousehold.com\/fr\/wp-json\/wp\/v2\/media?parent=12152"}],"wp:term":[{"taxonomy":"product_cat","embeddable":true,"href":"https:\/\/moyahousehold.com\/fr\/wp-json\/wp\/v2\/product_cat?post=12152"},{"taxonomy":"product_tag","embeddable":true,"href":"https:\/\/moyahousehold.com\/fr\/wp-json\/wp\/v2\/product_tag?post=12152"}],"curies":[{"name":"wp","href":"https:\/\/api.w.org\/{rel}","templated":true}]}}