{"id":12162,"date":"2026-03-28T03:22:27","date_gmt":"2026-03-28T02:56:09","guid":{"rendered":"https:\/\/moyahousehold.com\/?post_type=product&#038;p=12162"},"modified":"2026-03-28T03:23:19","modified_gmt":"2026-03-28T03:23:19","slug":"round-304-stainless-steel-food-storage-jars-with-airtight-lids-premium-bulk-food-canisters-for-kitchen-organization","status":"publish","type":"product","link":"https:\/\/moyahousehold.com\/fr\/produit\/round-304-stainless-steel-food-storage-jars-with-airtight-lids-premium-bulk-food-canisters-for-kitchen-organization\/","title":{"rendered":"Round 304 Stainless Steel Food Storage Jars with Airtight Lids | Premium Bulk Food Canisters for Kitchen Organization"},"content":{"rendered":"<div class=\"wp-block-columns is-layout-flex wp-container-core-columns-is-layout-9d6595d7 wp-block-columns-is-layout-flex\">\n<div class=\"wp-block-column is-layout-flow wp-block-column-is-layout-flow\">\n<h3 class=\"wp-block-heading\">Param\u00e8tres des bocaux de conservation avec couvercles<\/h3>\n\n\n\n<figure class=\"wp-block-table\"><table class=\"has-fixed-layout\"><tbody><tr><td>Objet<\/td><td>Mat\u00e9riau<\/td><td>Capacit\u00e9<\/td><td>Taille\/PCS<\/td><td>N.W.\/PCS<\/td><\/tr><tr><td>MYJD448<\/td><td>304+PP+Silicone<\/td><td>350ml<\/td><td>10.5*10.5*6<\/td><td>0.09<\/td><\/tr><tr><td>MYJD449<\/td><td>304+PP+Silicone<\/td><td>550ml<\/td><td>13*13*6.5<\/td><td>0.13<\/td><\/tr><\/tbody><\/table><\/figure>\n<\/div>\n<\/div>\n\n\n\n<h3 class=\"wp-block-heading\">Options de conteneurs alimentaires personnalis\u00e9s<\/h3>\n\n\n\n<p><strong>Logo<\/strong>: personnalisez le logo de votre marque sur les produits et l'emballage.<br><strong>Couvercle<\/strong>: PP lid<br><strong>Options du logo<\/strong>logo imprim\u00e9, logo grav\u00e9 au laser, etc.<br><strong>Mod\u00e8le<\/strong>: motifs d'impression sur les conteneurs de stockage de produits alimentaires.<br><strong>Technologie d'impression<\/strong>Les techniques d'impression sont les suivantes : impression par transfert d'eau, impression par s\u00e9rigraphie, impression par transfert de chaleur, etc.<br><strong>Paquet :<\/strong> Bo\u00eete de couleurs.<br><a href=\"https:\/\/moyahousehold.com\/fr\/solution-personnalisee\/\" data-type=\"page\" data-id=\"2817\" target=\"_blank\" rel=\"noreferrer noopener\"><strong>D\u00e9couvrez d'autres solutions de conteneurs alimentaires personnalis\u00e9s.<\/strong><\/a><\/p>\n\n\n\n<div class=\"wp-block-columns is-layout-flex wp-container-core-columns-is-layout-9d6595d7 wp-block-columns-is-layout-flex\">\n<div class=\"wp-block-column is-layout-flow wp-block-column-is-layout-flow\">\n<figure class=\"wp-block-image size-full\"><img fetchpriority=\"high\" decoding=\"async\" width=\"800\" height=\"800\" src=\"https:\/\/moyahousehold.com\/wp-content\/uploads\/2026\/03\/2-9.jpg\" alt=\"MOYA 304 Stainless Steel Airtight Food Storage Containers with Lids, Leakproof Stackable Lunch Boxes for Fridge Freezer Office Student Use\" class=\"wp-image-12167\" srcset=\"https:\/\/moyahousehold.com\/wp-content\/uploads\/2026\/03\/2-9.jpg 800w, https:\/\/moyahousehold.com\/wp-content\/uploads\/2026\/03\/2-9-300x300.jpg 300w, https:\/\/moyahousehold.com\/wp-content\/uploads\/2026\/03\/2-9-150x150.jpg 150w, https:\/\/moyahousehold.com\/wp-content\/uploads\/2026\/03\/2-9-768x768.jpg 768w, https:\/\/moyahousehold.com\/wp-content\/uploads\/2026\/03\/2-9-12x12.jpg 12w, https:\/\/moyahousehold.com\/wp-content\/uploads\/2026\/03\/2-9-285x285.jpg 285w, https:\/\/moyahousehold.com\/wp-content\/uploads\/2026\/03\/2-9-270x270.jpg 270w, https:\/\/moyahousehold.com\/wp-content\/uploads\/2026\/03\/2-9-540x540.jpg 540w, https:\/\/moyahousehold.com\/wp-content\/uploads\/2026\/03\/2-9-660x660.jpg 660w\" sizes=\"(max-width: 800px) 100vw, 800px\" \/><\/figure>\n<\/div>\n\n\n\n<div class=\"wp-block-column is-layout-flow wp-block-column-is-layout-flow\">\n<figure class=\"wp-block-image size-full\"><img decoding=\"async\" width=\"800\" height=\"800\" src=\"https:\/\/moyahousehold.com\/wp-content\/uploads\/2026\/03\/5-7.jpg\" alt=\"MOYA 304 Stainless Steel Airtight Food Storage Containers with Lids, Leakproof Stackable Lunch Boxes for Fridge Freezer Office Student Use\" class=\"wp-image-12164\" srcset=\"https:\/\/moyahousehold.com\/wp-content\/uploads\/2026\/03\/5-7.jpg 800w, https:\/\/moyahousehold.com\/wp-content\/uploads\/2026\/03\/5-7-300x300.jpg 300w, https:\/\/moyahousehold.com\/wp-content\/uploads\/2026\/03\/5-7-150x150.jpg 150w, https:\/\/moyahousehold.com\/wp-content\/uploads\/2026\/03\/5-7-768x768.jpg 768w, https:\/\/moyahousehold.com\/wp-content\/uploads\/2026\/03\/5-7-12x12.jpg 12w, https:\/\/moyahousehold.com\/wp-content\/uploads\/2026\/03\/5-7-285x285.jpg 285w, https:\/\/moyahousehold.com\/wp-content\/uploads\/2026\/03\/5-7-270x270.jpg 270w, https:\/\/moyahousehold.com\/wp-content\/uploads\/2026\/03\/5-7-540x540.jpg 540w, https:\/\/moyahousehold.com\/wp-content\/uploads\/2026\/03\/5-7-660x660.jpg 660w\" sizes=\"(max-width: 800px) 100vw, 800px\" \/><\/figure>\n<\/div>\n<\/div>\n\n\n\n<div class=\"wp-block-columns is-layout-flex wp-container-core-columns-is-layout-9d6595d7 wp-block-columns-is-layout-flex\">\n<div class=\"wp-block-column is-layout-flow wp-block-column-is-layout-flow\">\n<div class=\"wp-block-columns is-layout-flex wp-container-core-columns-is-layout-9d6595d7 wp-block-columns-is-layout-flex\">\n<div class=\"wp-block-column is-layout-flow wp-block-column-is-layout-flow\">\n<figure class=\"wp-block-image size-full\"><img decoding=\"async\" width=\"800\" height=\"800\" src=\"https:\/\/moyahousehold.com\/wp-content\/uploads\/2026\/03\/3-9.jpg\" alt=\"MOYA 304 Stainless Steel Airtight Food Storage Containers with Lids, Leakproof Stackable Lunch Boxes for Fridge Freezer Office Student Use\" class=\"wp-image-12168\" srcset=\"https:\/\/moyahousehold.com\/wp-content\/uploads\/2026\/03\/3-9.jpg 800w, https:\/\/moyahousehold.com\/wp-content\/uploads\/2026\/03\/3-9-300x300.jpg 300w, https:\/\/moyahousehold.com\/wp-content\/uploads\/2026\/03\/3-9-150x150.jpg 150w, https:\/\/moyahousehold.com\/wp-content\/uploads\/2026\/03\/3-9-768x768.jpg 768w, https:\/\/moyahousehold.com\/wp-content\/uploads\/2026\/03\/3-9-12x12.jpg 12w, https:\/\/moyahousehold.com\/wp-content\/uploads\/2026\/03\/3-9-285x285.jpg 285w, https:\/\/moyahousehold.com\/wp-content\/uploads\/2026\/03\/3-9-270x270.jpg 270w, https:\/\/moyahousehold.com\/wp-content\/uploads\/2026\/03\/3-9-540x540.jpg 540w, https:\/\/moyahousehold.com\/wp-content\/uploads\/2026\/03\/3-9-660x660.jpg 660w\" sizes=\"(max-width: 800px) 100vw, 800px\" \/><\/figure>\n<\/div>\n\n\n\n<div class=\"wp-block-column is-layout-flow wp-block-column-is-layout-flow\">\n<figure class=\"wp-block-image size-full\"><img loading=\"lazy\" decoding=\"async\" width=\"800\" height=\"800\" src=\"https:\/\/moyahousehold.com\/wp-content\/uploads\/2026\/03\/4-10.jpg\" alt=\"MOYA 304 Stainless Steel Airtight Food Storage Containers with Lids, Leakproof Stackable Lunch Boxes for Fridge Freezer Office Student Use\" class=\"wp-image-12163\" srcset=\"https:\/\/moyahousehold.com\/wp-content\/uploads\/2026\/03\/4-10.jpg 800w, https:\/\/moyahousehold.com\/wp-content\/uploads\/2026\/03\/4-10-300x300.jpg 300w, https:\/\/moyahousehold.com\/wp-content\/uploads\/2026\/03\/4-10-150x150.jpg 150w, https:\/\/moyahousehold.com\/wp-content\/uploads\/2026\/03\/4-10-768x768.jpg 768w, https:\/\/moyahousehold.com\/wp-content\/uploads\/2026\/03\/4-10-12x12.jpg 12w, https:\/\/moyahousehold.com\/wp-content\/uploads\/2026\/03\/4-10-285x285.jpg 285w, https:\/\/moyahousehold.com\/wp-content\/uploads\/2026\/03\/4-10-270x270.jpg 270w, https:\/\/moyahousehold.com\/wp-content\/uploads\/2026\/03\/4-10-540x540.jpg 540w, https:\/\/moyahousehold.com\/wp-content\/uploads\/2026\/03\/4-10-660x660.jpg 660w\" sizes=\"(max-width: 800px) 100vw, 800px\" \/><\/figure>\n<\/div>\n<\/div>\n<\/div>\n<\/div>","protected":false},"excerpt":{"rendered":"<p>Wholesale bulk food storage jars with lids, can effectively store dry goods, spices, grains, nuts and other foods, keep food fresh and flavorful, is an ideal choice for retailers, catering and commercial kitchens. This food jar has a cute design and we provide a variety of capacity options, welcome B2B buyers to contact us.<\/p>\n<h3>Caract\u00e9ristiques des bocaux de conservation avec couvercle<\/h3>\n<p><strong>Sant\u00e9 et s\u00e9curit\u00e9 :<\/strong> Le pot est fabriqu\u00e9 en acier inoxydable et en verre de qualit\u00e9 alimentaire, sans BPA, tr\u00e8s s\u00fbr, adapt\u00e9 au th\u00e9, aux grains de caf\u00e9 et \u00e0 d'autres aliments. Le r\u00e9gime alimentaire de la famille est sain.<\/p>\n<p><strong>Bonne performance d'\u00e9tanch\u00e9it\u00e9 :<\/strong> \u00c9quip\u00e9 d'anneaux d'\u00e9tanch\u00e9it\u00e9 perfectionn\u00e9s, le couvercle et le bocal sont tr\u00e8s \u00e9tanches, l'air, l'humidit\u00e9 et la poussi\u00e8re ne peuvent y p\u00e9n\u00e9trer, ce qui permet aux aliments de rester frais et de durer plus longtemps.<\/p>\n<p><strong>Plusieurs capacit\u00e9s disponibles :<\/strong> Il existe de nombreuses tailles de bocaux diff\u00e9rentes : les petits peuvent \u00eatre utilis\u00e9s pour les snacks et les grands pour les aliments de base. Qu'il s'agisse d'un usage personnel, de pique-niques ou d'un grand stockage, vous trouverez celui qu'il vous faut.<\/p>\n<p><strong>Personnalisation de l'assistance :<\/strong> Nous pouvons personnaliser les produits en fonction des exigences des clients, par exemple en changeant les couleurs, en imprimant le logo ou en optimisant les fonctions. Ces produits conviennent particuli\u00e8rement aux clients qui ach\u00e8tent en grandes quantit\u00e9s, tels que les d\u00e9taillants ou les marchands de cadeaux.<\/p>","protected":false},"featured_media":12166,"comment_status":"closed","ping_status":"closed","template":"","meta":[],"product_cat":[57],"product_tag":[98],"class_list":{"0":"post-12162","1":"product","2":"type-product","3":"status-publish","4":"has-post-thumbnail","6":"product_cat-food-storage-container-wholesale","7":"product_tag-wholesale-round-food-storage-containers","9":"first","10":"instock","11":"shipping-taxable","12":"product-type-simple"},"_links":{"self":[{"href":"https:\/\/moyahousehold.com\/fr\/wp-json\/wp\/v2\/product\/12162","targetHints":{"allow":["GET"]}}],"collection":[{"href":"https:\/\/moyahousehold.com\/fr\/wp-json\/wp\/v2\/product"}],"about":[{"href":"https:\/\/moyahousehold.com\/fr\/wp-json\/wp\/v2\/types\/product"}],"replies":[{"embeddable":true,"href":"https:\/\/moyahousehold.com\/fr\/wp-json\/wp\/v2\/comments?post=12162"}],"version-history":[{"count":0,"href":"https:\/\/moyahousehold.com\/fr\/wp-json\/wp\/v2\/product\/12162\/revisions"}],"wp:featuredmedia":[{"embeddable":true,"href":"https:\/\/moyahousehold.com\/fr\/wp-json\/wp\/v2\/media\/12166"}],"wp:attachment":[{"href":"https:\/\/moyahousehold.com\/fr\/wp-json\/wp\/v2\/media?parent=12162"}],"wp:term":[{"taxonomy":"product_cat","embeddable":true,"href":"https:\/\/moyahousehold.com\/fr\/wp-json\/wp\/v2\/product_cat?post=12162"},{"taxonomy":"product_tag","embeddable":true,"href":"https:\/\/moyahousehold.com\/fr\/wp-json\/wp\/v2\/product_tag?post=12162"}],"curies":[{"name":"wp","href":"https:\/\/api.w.org\/{rel}","templated":true}]}}