{"id":12198,"date":"2026-03-28T06:53:11","date_gmt":"2026-03-28T06:21:30","guid":{"rendered":"https:\/\/moyahousehold.com\/?post_type=product&#038;p=12198"},"modified":"2026-03-28T06:57:25","modified_gmt":"2026-03-28T06:57:25","slug":"moya-2-compartment-304-stainless-steel-lunch-box-leakproof-silicone-seal-multifunctional-food-storage-container-for-freshness-preservation","status":"publish","type":"product","link":"https:\/\/moyahousehold.com\/fr\/produit\/moya-2-compartment-304-stainless-steel-lunch-box-leakproof-silicone-seal-multifunctional-food-storage-container-for-freshness-preservation\/","title":{"rendered":"MOYA 2-Compartment 304 Stainless Steel Lunch Box | Leakproof Silicone Seal, Multifunctional Food Storage Container for Freshness Preservation"},"content":{"rendered":"<div class=\"wp-block-columns is-layout-flex wp-container-core-columns-is-layout-9d6595d7 wp-block-columns-is-layout-flex\">\n<div class=\"wp-block-column is-layout-flow wp-block-column-is-layout-flow\">\n<h3 class=\"wp-block-heading\">Param\u00e8tres du grand conteneur en acier Stainlees<\/h3>\n\n\n\n<div class=\"wp-block-group\"><div class=\"wp-block-group__inner-container is-layout-constrained wp-block-group-is-layout-constrained\">\n<figure class=\"wp-block-table\"><table><tbody><tr><td>Article NO<\/td><td>Capacit\u00e9<\/td><td>Taille\/PCS<\/td><td>PCS\/Case<\/td><\/tr><tr><td>MYJD408<\/td><td>550ml\/2 Grids<\/td><td>14.5*10.7*7.5<\/td><td>60<\/td><\/tr><tr><td>MYJD409<\/td><td>850ml\/2 Grids<\/td><td>17*11.8*8<\/td><td>48<\/td><\/tr><tr><td>MYJD410<\/td><td>1500ml\/2 Grids<\/td><td>19.8*14.5*10<\/td><td>36<\/td><\/tr><tr><td>MYJD411<\/td><td>550ml<\/td><td>11.5*7.9*7.5<\/td><td>120<\/td><\/tr><tr><td>MYJD412<\/td><td>850ml<\/td><td>13.5*9.5*8.5<\/td><td>96<\/td><\/tr><tr><td>MYJD413<\/td><td>1500ml<\/td><td>16*11*9.5<\/td><td>60<\/td><\/tr><tr><td>MYJD414<\/td><td>2800ml<\/td><td>19*13*12.5<\/td><td>36<\/td><\/tr><\/tbody><\/table><\/figure>\n<\/div><\/div>\n<\/div>\n<\/div>\n\n\n\n<h3 class=\"wp-block-heading\">Options de grands r\u00e9cipients alimentaires en acier inoxydable sur mesure<\/h3>\n\n\n\n<p><strong>Logo<\/strong>: personnalisation du logo de votre marque sur le produit et l'emballage.<br><strong>Couvercle<\/strong>: PP lid<br><strong>Options du logo<\/strong>logo imprim\u00e9, logo grav\u00e9 au laser, etc.<br><strong>Mod\u00e8le<\/strong>: motifs d'impression sur des r\u00e9cipients de stockage de produits alimentaires.<br><strong>Technologie d'impression<\/strong>Les techniques d'impression sont les suivantes : impression par transfert d'eau, impression par s\u00e9rigraphie, impression par transfert de chaleur, etc.<br><strong>Paquet<\/strong>:color box<br><a href=\"https:\/\/moyahousehold.com\/fr\/solution-personnalisee\/\" data-type=\"page\" data-id=\"2817\"><strong>Plus de personnalisation<\/strong><\/a><\/p>\n\n\n\n<div class=\"wp-block-columns is-layout-flex wp-container-core-columns-is-layout-9d6595d7 wp-block-columns-is-layout-flex\">\n<div class=\"wp-block-column is-layout-flow wp-block-column-is-layout-flow\">\n<figure class=\"wp-block-image size-full\"><img fetchpriority=\"high\" decoding=\"async\" width=\"800\" height=\"800\" src=\"https:\/\/moyahousehold.com\/wp-content\/uploads\/2026\/03\/1-1.png\" alt=\"MOYA 304 Stainless Steel Food Storage Containers | 2-Compartment Leakproof Lunch Boxes with Clear Lids, Stackable for Meal Prep &amp; Fridge Organization\" class=\"wp-image-12202\" srcset=\"https:\/\/moyahousehold.com\/wp-content\/uploads\/2026\/03\/1-1.png 800w, https:\/\/moyahousehold.com\/wp-content\/uploads\/2026\/03\/1-1-300x300.png 300w, https:\/\/moyahousehold.com\/wp-content\/uploads\/2026\/03\/1-1-150x150.png 150w, https:\/\/moyahousehold.com\/wp-content\/uploads\/2026\/03\/1-1-768x768.png 768w, https:\/\/moyahousehold.com\/wp-content\/uploads\/2026\/03\/1-1-12x12.png 12w, https:\/\/moyahousehold.com\/wp-content\/uploads\/2026\/03\/1-1-285x285.png 285w, https:\/\/moyahousehold.com\/wp-content\/uploads\/2026\/03\/1-1-270x270.png 270w, https:\/\/moyahousehold.com\/wp-content\/uploads\/2026\/03\/1-1-540x540.png 540w, https:\/\/moyahousehold.com\/wp-content\/uploads\/2026\/03\/1-1-660x660.png 660w\" sizes=\"(max-width: 800px) 100vw, 800px\" \/><\/figure>\n<\/div>\n\n\n\n<div class=\"wp-block-column is-layout-flow wp-block-column-is-layout-flow\">\n<figure class=\"wp-block-image size-full\"><img decoding=\"async\" width=\"800\" height=\"800\" src=\"https:\/\/moyahousehold.com\/wp-content\/uploads\/2026\/03\/6-3.png\" alt=\"MOYA 304 Stainless Steel Food Storage Containers | 2-Compartment Leakproof Lunch Boxes with Clear Lids, Stackable for Meal Prep &amp; Fridge Organization\" class=\"wp-image-12200\" srcset=\"https:\/\/moyahousehold.com\/wp-content\/uploads\/2026\/03\/6-3.png 800w, https:\/\/moyahousehold.com\/wp-content\/uploads\/2026\/03\/6-3-300x300.png 300w, https:\/\/moyahousehold.com\/wp-content\/uploads\/2026\/03\/6-3-150x150.png 150w, https:\/\/moyahousehold.com\/wp-content\/uploads\/2026\/03\/6-3-768x768.png 768w, https:\/\/moyahousehold.com\/wp-content\/uploads\/2026\/03\/6-3-12x12.png 12w, https:\/\/moyahousehold.com\/wp-content\/uploads\/2026\/03\/6-3-285x285.png 285w, https:\/\/moyahousehold.com\/wp-content\/uploads\/2026\/03\/6-3-270x270.png 270w, https:\/\/moyahousehold.com\/wp-content\/uploads\/2026\/03\/6-3-540x540.png 540w, https:\/\/moyahousehold.com\/wp-content\/uploads\/2026\/03\/6-3-660x660.png 660w\" sizes=\"(max-width: 800px) 100vw, 800px\" \/><\/figure>\n<\/div>\n<\/div>\n\n\n\n<div class=\"wp-block-columns is-layout-flex wp-container-core-columns-is-layout-9d6595d7 wp-block-columns-is-layout-flex\">\n<div class=\"wp-block-column is-layout-flow wp-block-column-is-layout-flow\">\n<figure class=\"wp-block-image size-full\"><img decoding=\"async\" width=\"800\" height=\"800\" src=\"https:\/\/moyahousehold.com\/wp-content\/uploads\/2026\/03\/4-3.png\" alt=\"MOYA 304 Stainless Steel Food Storage Containers | 2-Compartment Leakproof Lunch Boxes with Clear Lids, Stackable for Meal Prep &amp; Fridge Organization\" class=\"wp-image-12205\" srcset=\"https:\/\/moyahousehold.com\/wp-content\/uploads\/2026\/03\/4-3.png 800w, https:\/\/moyahousehold.com\/wp-content\/uploads\/2026\/03\/4-3-300x300.png 300w, https:\/\/moyahousehold.com\/wp-content\/uploads\/2026\/03\/4-3-150x150.png 150w, https:\/\/moyahousehold.com\/wp-content\/uploads\/2026\/03\/4-3-768x768.png 768w, https:\/\/moyahousehold.com\/wp-content\/uploads\/2026\/03\/4-3-12x12.png 12w, https:\/\/moyahousehold.com\/wp-content\/uploads\/2026\/03\/4-3-285x285.png 285w, https:\/\/moyahousehold.com\/wp-content\/uploads\/2026\/03\/4-3-270x270.png 270w, https:\/\/moyahousehold.com\/wp-content\/uploads\/2026\/03\/4-3-540x540.png 540w, https:\/\/moyahousehold.com\/wp-content\/uploads\/2026\/03\/4-3-660x660.png 660w\" sizes=\"(max-width: 800px) 100vw, 800px\" \/><\/figure>\n<\/div>\n\n\n\n<div class=\"wp-block-column is-layout-flow wp-block-column-is-layout-flow\">\n<figure class=\"wp-block-image size-full\"><img loading=\"lazy\" decoding=\"async\" width=\"800\" height=\"800\" src=\"https:\/\/moyahousehold.com\/wp-content\/uploads\/2026\/03\/2-1.png\" alt=\"MOYA 304 Stainless Steel Food Storage Containers | 2-Compartment Leakproof Lunch Boxes with Clear Lids, Stackable for Meal Prep &amp; Fridge Organization\" class=\"wp-image-12203\" srcset=\"https:\/\/moyahousehold.com\/wp-content\/uploads\/2026\/03\/2-1.png 800w, https:\/\/moyahousehold.com\/wp-content\/uploads\/2026\/03\/2-1-300x300.png 300w, https:\/\/moyahousehold.com\/wp-content\/uploads\/2026\/03\/2-1-150x150.png 150w, https:\/\/moyahousehold.com\/wp-content\/uploads\/2026\/03\/2-1-768x768.png 768w, https:\/\/moyahousehold.com\/wp-content\/uploads\/2026\/03\/2-1-12x12.png 12w, https:\/\/moyahousehold.com\/wp-content\/uploads\/2026\/03\/2-1-285x285.png 285w, https:\/\/moyahousehold.com\/wp-content\/uploads\/2026\/03\/2-1-270x270.png 270w, https:\/\/moyahousehold.com\/wp-content\/uploads\/2026\/03\/2-1-540x540.png 540w, https:\/\/moyahousehold.com\/wp-content\/uploads\/2026\/03\/2-1-660x660.png 660w\" sizes=\"(max-width: 800px) 100vw, 800px\" \/><\/figure>\n<\/div>\n<\/div>\n\n\n\n<p><\/p>","protected":false},"excerpt":{"rendered":"<p>Nous proposons de grands conteneurs alimentaires en acier inoxydable \u00e0 des prix d'usine, avec une vari\u00e9t\u00e9 de capacit\u00e9s et de designs \u00e0 choisir. La grande capacit\u00e9 est parfaite pour stocker diff\u00e9rents types d'aliments, et les grands conteneurs en acier inoxydable aux formes vari\u00e9es peuvent \u00eatre raisonnablement assortis pour s\u00e9parer diff\u00e9rents aliments, y compris rectangulaires et carr\u00e9s. Il s'agit d'une solution de stockage parfaite pour les cuisines domestiques et les restaurants commerciaux. Ce grand conteneur alimentaire en acier est magnifiquement con\u00e7u et \u00e9l\u00e9gant, et peut \u00eatre parfaitement int\u00e9gr\u00e9 dans diff\u00e9rents styles de cuisine. Nous fournissons \u00e9galement des services de conteneurs alimentaires personnalis\u00e9s OEM et ODM. Si vous avez besoin d'un conteneur en acier inoxydable plus grand, vous pouvez nous contacter pour une personnalisation.<\/p>\n<h3>Caract\u00e9ristiques et avantages du grand r\u00e9cipient alimentaire en acier inoxydable<\/h3>\n<p>1) Les grands r\u00e9cipients alimentaires en acier pr\u00e9sentent une bonne r\u00e9sistance aux acides et aux alcalis et conviennent au stockage de divers aliments acides et alcalins.<\/p>\n<p>2) Les grands conteneurs en acier inoxydable sont fabriqu\u00e9s en acier inoxydable 304 ;<\/p>\n<p>3. la conception \u00e9paissie du conteneur alimentaire augmente la r\u00e9sistance aux chocs du conteneur, le rendant moins susceptible de se d\u00e9former et plus s\u00fbr \u00e0 utiliser.<\/p>\n<p>4. am\u00e9lior\u00e9 et \u00e9paissi, r\u00e9sistant aux temp\u00e9ratures \u00e9lev\u00e9es et \u00e0 la corrosion ; facile \u00e0 nettoyer et plus durable ;<\/p>\n<p>5) M\u00eame apr\u00e8s une utilisation prolong\u00e9e, ce grand r\u00e9cipient en acier inoxydable peut rester aussi brillant et propre qu'\u00e0 l'\u00e9tat neuf.<\/p>\n<p>6. le processus \u00e9lectrolytique \u00e0 l'int\u00e9rieur de la bo\u00eete est lisse et rond, facile \u00e0 nettoyer, et il n'y a pas d'odeur r\u00e9siduelle lors du stockage des aliments ;<\/p>\n<p>7. anneau d'\u00e9tanch\u00e9it\u00e9 en silicone \u00e9largi, bien ajust\u00e9, \u00e9tanche \u00e0 l'eau, \u00e0 la fra\u00eecheur et \u00e0 l'humidit\u00e9, \u00e9tanche \u00e0 l'eau ;<\/p>\n<p>8. le couvercle \u00e9pais du conteneur en acier inoxydable ne se d\u00e9forme pas facilement ;<\/p>\n<p>9.As a professional food container manufacturer,we provice OEM&amp;ODM customized stainless steel food containers solution.<\/a><\/strong><\/p>","protected":false},"featured_media":12208,"comment_status":"open","ping_status":"closed","template":"","meta":[],"product_cat":[57],"product_tag":[95,99,100],"class_list":{"0":"post-12198","1":"product","2":"type-product","3":"status-publish","4":"has-post-thumbnail","6":"product_cat-food-storage-container-wholesale","7":"product_tag-wholesale-food-storage-containers-with-date-dial","8":"product_tag-wholesale-rectangle-food-storage-containers","9":"product_tag-wholesale-square-food-storage-containers","11":"first","12":"instock","13":"shipping-taxable","14":"product-type-simple"},"_links":{"self":[{"href":"https:\/\/moyahousehold.com\/fr\/wp-json\/wp\/v2\/product\/12198","targetHints":{"allow":["GET"]}}],"collection":[{"href":"https:\/\/moyahousehold.com\/fr\/wp-json\/wp\/v2\/product"}],"about":[{"href":"https:\/\/moyahousehold.com\/fr\/wp-json\/wp\/v2\/types\/product"}],"replies":[{"embeddable":true,"href":"https:\/\/moyahousehold.com\/fr\/wp-json\/wp\/v2\/comments?post=12198"}],"version-history":[{"count":0,"href":"https:\/\/moyahousehold.com\/fr\/wp-json\/wp\/v2\/product\/12198\/revisions"}],"wp:featuredmedia":[{"embeddable":true,"href":"https:\/\/moyahousehold.com\/fr\/wp-json\/wp\/v2\/media\/12208"}],"wp:attachment":[{"href":"https:\/\/moyahousehold.com\/fr\/wp-json\/wp\/v2\/media?parent=12198"}],"wp:term":[{"taxonomy":"product_cat","embeddable":true,"href":"https:\/\/moyahousehold.com\/fr\/wp-json\/wp\/v2\/product_cat?post=12198"},{"taxonomy":"product_tag","embeddable":true,"href":"https:\/\/moyahousehold.com\/fr\/wp-json\/wp\/v2\/product_tag?post=12198"}],"curies":[{"name":"wp","href":"https:\/\/api.w.org\/{rel}","templated":true}]}}