{"id":12241,"date":"2026-03-30T02:27:13","date_gmt":"2026-03-30T02:01:38","guid":{"rendered":"https:\/\/moyahousehold.com\/?post_type=product&#038;p=12241"},"modified":"2026-04-15T06:20:26","modified_gmt":"2026-04-15T06:20:26","slug":"moya-eco-friendly-304-stainless-steel-steamer-anti-scald-splash-proof-lid-dishwasher-safe-kitchen-cookware","status":"publish","type":"product","link":"https:\/\/moyahousehold.com\/fr\/produit\/moya-eco-friendly-304-stainless-steel-steamer-anti-scald-splash-proof-lid-dishwasher-safe-kitchen-cookware\/","title":{"rendered":"MOYA Eco-Friendly 304 Stainless Steel Steamer | Anti-Scald &amp; Splash-Proof Lid | Dishwasher Safe Kitchen Cookware"},"content":{"rendered":"<figure class=\"wp-block-image size-full is-style-default\"><img fetchpriority=\"high\" decoding=\"async\" width=\"800\" height=\"800\" src=\"https:\/\/moyahousehold.com\/wp-content\/uploads\/2026\/03\/1-2.png\" alt=\"304 Stainless Steel Steamer Pot with Steamer Basket, Glass Lid &amp; Anti-Scald Handles for Kitchen Cooking\" class=\"wp-image-12248\" srcset=\"https:\/\/moyahousehold.com\/wp-content\/uploads\/2026\/03\/1-2.png 800w, https:\/\/moyahousehold.com\/wp-content\/uploads\/2026\/03\/1-2-300x300.png 300w, https:\/\/moyahousehold.com\/wp-content\/uploads\/2026\/03\/1-2-150x150.png 150w, https:\/\/moyahousehold.com\/wp-content\/uploads\/2026\/03\/1-2-768x768.png 768w, https:\/\/moyahousehold.com\/wp-content\/uploads\/2026\/03\/1-2-12x12.png 12w, https:\/\/moyahousehold.com\/wp-content\/uploads\/2026\/03\/1-2-285x285.png 285w, https:\/\/moyahousehold.com\/wp-content\/uploads\/2026\/03\/1-2-270x270.png 270w, https:\/\/moyahousehold.com\/wp-content\/uploads\/2026\/03\/1-2-540x540.png 540w, https:\/\/moyahousehold.com\/wp-content\/uploads\/2026\/03\/1-2-660x660.png 660w\" sizes=\"(max-width: 800px) 100vw, 800px\" \/><\/figure>\n\n\n\n<h3 class=\"wp-block-heading\">Parameters of Stainless Steel Steamer<\/h3>\n\n\n\n<p><strong>Mat\u00e9riau :<\/strong> 304 Stainless Steel+Glass+ Wood <strong> Couleur :<\/strong> Nature<\/p>\n\n\n\n<figure class=\"wp-block-table\"><table class=\"has-fixed-layout\"><tbody><tr><td class=\"has-text-align-center\" data-align=\"center\"><strong>Objet<\/strong><\/td><td class=\"has-text-align-center\" data-align=\"center\"><strong>Mat\u00e9riau<\/strong><\/td><td class=\"has-text-align-center\" data-align=\"center\"><strong>Couleur<\/strong><\/td><td class=\"has-text-align-center\" data-align=\"center\"><strong>Capacit\u00e9<\/strong><\/td><td class=\"has-text-align-center\" data-align=\"center\"><strong>Taille<\/strong><\/td><td class=\"has-text-align-center\" data-align=\"center\"><strong>Emballage<\/strong><br><strong>taille<\/strong><\/td><td class=\"has-text-align-center\" data-align=\"center\"><strong>N.W.\/PCS<\/strong><\/td><\/tr><tr><td class=\"has-text-align-center\" data-align=\"center\">MYHL030<\/td><td class=\"has-text-align-center\" data-align=\"center\" rowspan=\"10\">304 Stainless Steel+Glass+<br>Wood<\/td><td class=\"has-text-align-center\" data-align=\"center\" rowspan=\"10\">Nature<\/td><td class=\"has-text-align-center\" data-align=\"center\">9L<\/td><td class=\"has-text-align-center\" data-align=\"center\">26cm<\/td><td class=\"has-text-align-center\" data-align=\"center\">27.6*27.9*30.1<\/td><td class=\"has-text-align-center\" data-align=\"center\">4.21<\/td><\/tr><tr><td class=\"has-text-align-center\" data-align=\"center\">MYHL030<\/td><td class=\"has-text-align-center\" data-align=\"center\">11L<\/td><td class=\"has-text-align-center\" data-align=\"center\">28cm<\/td><td class=\"has-text-align-center\" data-align=\"center\">29.6*29.9*30.2<\/td><td class=\"has-text-align-center\" data-align=\"center\">4.62<\/td><\/tr><\/tbody><\/table><\/figure>\n\n\n\n<h3 class=\"wp-block-heading\">Options de pots personnalis\u00e9s<\/h3>\n\n\n\n<p><strong>Logo<\/strong>: personnalisez le logo de votre marque sur le pot en acier inoxydable et sur l'emballage.<br><strong>Logo Options<\/strong>logo imprim\u00e9, logo grav\u00e9 au laser, etc.<br><strong>Mod\u00e8le<\/strong>: motifs d'impression sur les produits et les emballages.<br><strong>Printing Technology<\/strong>Les techniques utilis\u00e9es sont les suivantes : impression par transfert d'eau, impression par s\u00e9rigraphie, impression par transfert de chaleur, transfert par sublimation, etc.<br><strong>Emballage :<\/strong> bo\u00eete de couleur.<br><a href=\"https:\/\/moyahousehold.com\/fr\/solution-personnalisee\/\"><strong>En savoir plus sur les solutions de pots personnalis\u00e9s.<\/strong><\/a><\/p>\n\n\n\n<div class=\"wp-block-columns is-layout-flex wp-container-core-columns-is-layout-9d6595d7 wp-block-columns-is-layout-flex\">\n<div class=\"wp-block-column is-layout-flow wp-block-column-is-layout-flow\" style=\"flex-basis:100%\">\n<div class=\"wp-block-group is-nowrap is-layout-flex wp-container-core-group-is-layout-ad2f72ca wp-block-group-is-layout-flex\">\n<div class=\"wp-block-columns is-layout-flex wp-container-core-columns-is-layout-9d6595d7 wp-block-columns-is-layout-flex\">\n<div class=\"wp-block-column is-layout-flow wp-block-column-is-layout-flow\">\n<figure class=\"wp-block-image\"><img decoding=\"async\" width=\"800\" height=\"800\" src=\"https:\/\/moyahousehold.com\/wp-content\/uploads\/2026\/03\/2-2.png\" alt=\"304 Stainless Steel Steamer Pot with Steamer Basket, Glass Lid &amp; Anti-Scald Handles for Kitchen Cooking\" class=\"wp-image-12249\" srcset=\"https:\/\/moyahousehold.com\/wp-content\/uploads\/2026\/03\/2-2.png 800w, https:\/\/moyahousehold.com\/wp-content\/uploads\/2026\/03\/2-2-300x300.png 300w, https:\/\/moyahousehold.com\/wp-content\/uploads\/2026\/03\/2-2-150x150.png 150w, https:\/\/moyahousehold.com\/wp-content\/uploads\/2026\/03\/2-2-768x768.png 768w, https:\/\/moyahousehold.com\/wp-content\/uploads\/2026\/03\/2-2-12x12.png 12w, https:\/\/moyahousehold.com\/wp-content\/uploads\/2026\/03\/2-2-285x285.png 285w, https:\/\/moyahousehold.com\/wp-content\/uploads\/2026\/03\/2-2-270x270.png 270w, https:\/\/moyahousehold.com\/wp-content\/uploads\/2026\/03\/2-2-540x540.png 540w, https:\/\/moyahousehold.com\/wp-content\/uploads\/2026\/03\/2-2-660x660.png 660w\" sizes=\"(max-width: 800px) 100vw, 800px\" \/><\/figure>\n<\/div>\n\n\n\n<div class=\"wp-block-column is-layout-flow wp-block-column-is-layout-flow\">\n<figure class=\"wp-block-image size-full\"><img decoding=\"async\" width=\"800\" height=\"800\" src=\"https:\/\/moyahousehold.com\/wp-content\/uploads\/2026\/03\/6-4.png\" alt=\"304 Stainless Steel Steamer Pot with Steamer Basket, Glass Lid &amp; Anti-Scald Handles for Kitchen Cooking\" class=\"wp-image-12244\" srcset=\"https:\/\/moyahousehold.com\/wp-content\/uploads\/2026\/03\/6-4.png 800w, https:\/\/moyahousehold.com\/wp-content\/uploads\/2026\/03\/6-4-300x300.png 300w, https:\/\/moyahousehold.com\/wp-content\/uploads\/2026\/03\/6-4-150x150.png 150w, https:\/\/moyahousehold.com\/wp-content\/uploads\/2026\/03\/6-4-768x768.png 768w, https:\/\/moyahousehold.com\/wp-content\/uploads\/2026\/03\/6-4-12x12.png 12w, https:\/\/moyahousehold.com\/wp-content\/uploads\/2026\/03\/6-4-285x285.png 285w, https:\/\/moyahousehold.com\/wp-content\/uploads\/2026\/03\/6-4-270x270.png 270w, https:\/\/moyahousehold.com\/wp-content\/uploads\/2026\/03\/6-4-540x540.png 540w, https:\/\/moyahousehold.com\/wp-content\/uploads\/2026\/03\/6-4-660x660.png 660w\" sizes=\"(max-width: 800px) 100vw, 800px\" \/><\/figure>\n<\/div>\n<\/div>\n<\/div>\n<\/div>\n<\/div>\n\n\n\n<div class=\"wp-block-columns is-layout-flex wp-container-core-columns-is-layout-9d6595d7 wp-block-columns-is-layout-flex\">\n<div class=\"wp-block-column is-layout-flow wp-block-column-is-layout-flow\">\n<figure class=\"wp-block-image size-full\"><img loading=\"lazy\" decoding=\"async\" width=\"800\" height=\"800\" src=\"https:\/\/moyahousehold.com\/wp-content\/uploads\/2026\/03\/7-1.png\" alt=\"304 Stainless Steel Steamer Pot with Steamer Basket, Glass Lid &amp; Anti-Scald Handles for Kitchen Cooking\" class=\"wp-image-12245\" srcset=\"https:\/\/moyahousehold.com\/wp-content\/uploads\/2026\/03\/7-1.png 800w, https:\/\/moyahousehold.com\/wp-content\/uploads\/2026\/03\/7-1-300x300.png 300w, https:\/\/moyahousehold.com\/wp-content\/uploads\/2026\/03\/7-1-150x150.png 150w, https:\/\/moyahousehold.com\/wp-content\/uploads\/2026\/03\/7-1-768x768.png 768w, https:\/\/moyahousehold.com\/wp-content\/uploads\/2026\/03\/7-1-12x12.png 12w, https:\/\/moyahousehold.com\/wp-content\/uploads\/2026\/03\/7-1-285x285.png 285w, https:\/\/moyahousehold.com\/wp-content\/uploads\/2026\/03\/7-1-270x270.png 270w, https:\/\/moyahousehold.com\/wp-content\/uploads\/2026\/03\/7-1-540x540.png 540w, https:\/\/moyahousehold.com\/wp-content\/uploads\/2026\/03\/7-1-660x660.png 660w\" sizes=\"(max-width: 800px) 100vw, 800px\" \/><\/figure>\n<\/div>\n\n\n\n<div class=\"wp-block-column is-layout-flow wp-block-column-is-layout-flow\">\n<figure class=\"wp-block-image size-full\"><img loading=\"lazy\" decoding=\"async\" width=\"800\" height=\"800\" src=\"https:\/\/moyahousehold.com\/wp-content\/uploads\/2026\/03\/3-3.png\" alt=\"304 Stainless Steel Steamer Pot with Steamer Basket, Glass Lid &amp; Anti-Scald Handles for Kitchen Cooking\" class=\"wp-image-12250\" srcset=\"https:\/\/moyahousehold.com\/wp-content\/uploads\/2026\/03\/3-3.png 800w, https:\/\/moyahousehold.com\/wp-content\/uploads\/2026\/03\/3-3-300x300.png 300w, https:\/\/moyahousehold.com\/wp-content\/uploads\/2026\/03\/3-3-150x150.png 150w, https:\/\/moyahousehold.com\/wp-content\/uploads\/2026\/03\/3-3-768x768.png 768w, https:\/\/moyahousehold.com\/wp-content\/uploads\/2026\/03\/3-3-12x12.png 12w, https:\/\/moyahousehold.com\/wp-content\/uploads\/2026\/03\/3-3-285x285.png 285w, https:\/\/moyahousehold.com\/wp-content\/uploads\/2026\/03\/3-3-270x270.png 270w, https:\/\/moyahousehold.com\/wp-content\/uploads\/2026\/03\/3-3-540x540.png 540w, https:\/\/moyahousehold.com\/wp-content\/uploads\/2026\/03\/3-3-660x660.png 660w\" sizes=\"(max-width: 800px) 100vw, 800px\" \/><\/figure>\n<\/div>\n<\/div>\n\n\n\n<p>\ud83c\udf1f Elevate Your Kitchen with Our Nature 304 Tri-Ply Pot &amp; Steamer Set \ud83c\udf1f<\/p>\n\n\n\n<p>Vous \u00eates \u00e0 la recherche d'ustensiles de cuisine qui s'int\u00e8grent parfaitement \u00e0 votre cuisine ? <strong>l'\u00e9l\u00e9gance<\/strong>, <strong>la durabilit\u00e9<\/strong> et <strong>polyvalence<\/strong>? Look no further than our 304 tri-ply pot and steamer set \u2014 the perfect addition to transform your daily cooking into a delightful experience. Whether you\u2019re simmering a warm bowl of soup, steaming fresh veggies, this set has got you covered.<\/p>\n\n\n\n<figure class=\"wp-block-gallery has-nested-images columns-default is-cropped wp-block-gallery-1 is-layout-flex wp-block-gallery-is-layout-flex\">\n<figure class=\"wp-block-image size-full is-style-default\"><img loading=\"lazy\" decoding=\"async\" width=\"4893\" height=\"6523\" data-id=\"12253\" src=\"https:\/\/moyahousehold.com\/wp-content\/uploads\/2026\/03\/1-14.jpg\" alt=\"304 Stainless Steel Steamer Pot with Steamer Basket, Glass Lid &amp; Anti-Scald Handles for Kitchen Cooking\" class=\"wp-image-12253\" srcset=\"https:\/\/moyahousehold.com\/wp-content\/uploads\/2026\/03\/1-14.jpg 4893w, https:\/\/moyahousehold.com\/wp-content\/uploads\/2026\/03\/1-14-225x300.jpg 225w, https:\/\/moyahousehold.com\/wp-content\/uploads\/2026\/03\/1-14-768x1024.jpg 768w, https:\/\/moyahousehold.com\/wp-content\/uploads\/2026\/03\/1-14-9x12.jpg 9w, https:\/\/moyahousehold.com\/wp-content\/uploads\/2026\/03\/1-14-285x380.jpg 285w, https:\/\/moyahousehold.com\/wp-content\/uploads\/2026\/03\/1-14-1600x2133.jpg 1600w, https:\/\/moyahousehold.com\/wp-content\/uploads\/2026\/03\/1-14-495x660.jpg 495w, https:\/\/moyahousehold.com\/wp-content\/uploads\/2026\/03\/1-14-113x150.jpg 113w\" sizes=\"(max-width: 4893px) 100vw, 4893px\" \/><\/figure>\n\n\n\n<figure class=\"wp-block-image size-full is-style-default\"><img loading=\"lazy\" decoding=\"async\" width=\"4633\" height=\"6177\" data-id=\"12252\" src=\"https:\/\/moyahousehold.com\/wp-content\/uploads\/2026\/03\/2-12.jpg\" alt=\"304 Stainless Steel Steamer Pot with Steamer Basket, Glass Lid &amp; Anti-Scald Handles for Kitchen Cooking\" class=\"wp-image-12252\" srcset=\"https:\/\/moyahousehold.com\/wp-content\/uploads\/2026\/03\/2-12.jpg 4633w, https:\/\/moyahousehold.com\/wp-content\/uploads\/2026\/03\/2-12-225x300.jpg 225w, https:\/\/moyahousehold.com\/wp-content\/uploads\/2026\/03\/2-12-768x1024.jpg 768w, https:\/\/moyahousehold.com\/wp-content\/uploads\/2026\/03\/2-12-9x12.jpg 9w, https:\/\/moyahousehold.com\/wp-content\/uploads\/2026\/03\/2-12-285x380.jpg 285w, https:\/\/moyahousehold.com\/wp-content\/uploads\/2026\/03\/2-12-1600x2133.jpg 1600w, https:\/\/moyahousehold.com\/wp-content\/uploads\/2026\/03\/2-12-495x660.jpg 495w, https:\/\/moyahousehold.com\/wp-content\/uploads\/2026\/03\/2-12-113x150.jpg 113w\" sizes=\"(max-width: 4633px) 100vw, 4633px\" \/><\/figure>\n<\/figure>\n\n\n\n<h2 class=\"wp-block-heading\"><\/h2>\n\n\n\n<p><strong>\u2728 Des avantages fondamentaux qui font la diff\u00e9rence<\/strong><\/p>\n\n\n\n<h3 class=\"wp-block-heading\"><strong>Construction Tri-Ply en 304 de premi\u00e8re qualit\u00e9<\/strong><\/h3>\n\n\n\n<p>Fabriqu\u00e9e en acier inoxydable 304 de qualit\u00e9 alimentaire et avec une base tripl\u00e9e, cette batterie de cuisine garantit une qualit\u00e9 de cuisson optimale. <strong>r\u00e9partition uniforme de la chaleur<\/strong> sur toute la surface, \u00e9liminant ainsi les points chauds qui br\u00fblent les aliments. Il est r\u00e9sistant \u00e0 la corrosion et \u00e0 la rouille, et 100% s\u00fbr pour toutes vos cr\u00e9ations culinaires.<\/p>\n\n\n\n<p><strong>Poign\u00e9e ergonomique r\u00e9sistante \u00e0 la chaleur<\/strong><\/p>\n\n\n\n<p>La poign\u00e9e de conception unique offre une excellente isolation thermique, prot\u00e9geant ainsi vos mains des br\u00fblures, m\u00eame lors de longues s\u00e9ances de cuisson. Sa forme ergonomique tient confortablement dans la paume de la main, ce qui permet de soulever et de verser facilement les aliments sans forcer sur les poignets.<\/p>\n\n\n\n<p><strong>Fonction vapeur et \u00e9bullition tout-en-un<\/strong><\/p>\n\n\n\n<p>La batterie de casseroles est accompagn\u00e9e d'un cuit-vapeur assorti, qui vous permet de passer de l'\u00e9bullition \u00e0 la cuisson \u00e0 la vapeur en quelques secondes. Cuisinez un rago\u00fbt copieux tout en faisant cuire des boulettes \u00e0 la vapeur par-dessus - \u00e9conomisez du temps et de l'\u00e9nergie, et faites des repas \u00e0 plusieurs plats un jeu d'enfant.<\/p>\n\n\n\n<p><strong>Facile \u00e0 nettoyer et universel pour la cuisini\u00e8re<\/strong><\/p>\n\n\n\n<p>La surface lisse et non poreuse emp\u00eache les aliments de coller, ce qui rend le nettoyage aussi simple qu'un rapide rin\u00e7age \u00e0 l'eau. Elle est compatible avec les cuisini\u00e8res \u00e0 gaz, \u00e9lectriques, c\u00e9ramiques et \u00e0 induction, de sorte que vous pouvez l'utiliser quel que soit votre type de table de cuisson.<\/p>\n\n\n\n<figure class=\"wp-block-gallery has-nested-images columns-default is-cropped wp-block-gallery-2 is-layout-flex wp-block-gallery-is-layout-flex\">\n<figure class=\"wp-block-image size-full\"><img loading=\"lazy\" decoding=\"async\" width=\"5097\" height=\"6796\" data-id=\"12255\" src=\"https:\/\/moyahousehold.com\/wp-content\/uploads\/2026\/03\/6-12.jpg\" alt=\"304 Stainless Steel Steamer Pot with Steamer Basket, Glass Lid &amp; Anti-Scald Handles for Kitchen Cooking\" class=\"wp-image-12255\" srcset=\"https:\/\/moyahousehold.com\/wp-content\/uploads\/2026\/03\/6-12.jpg 5097w, https:\/\/moyahousehold.com\/wp-content\/uploads\/2026\/03\/6-12-225x300.jpg 225w, https:\/\/moyahousehold.com\/wp-content\/uploads\/2026\/03\/6-12-768x1024.jpg 768w, https:\/\/moyahousehold.com\/wp-content\/uploads\/2026\/03\/6-12-9x12.jpg 9w, https:\/\/moyahousehold.com\/wp-content\/uploads\/2026\/03\/6-12-285x380.jpg 285w, https:\/\/moyahousehold.com\/wp-content\/uploads\/2026\/03\/6-12-1600x2133.jpg 1600w, https:\/\/moyahousehold.com\/wp-content\/uploads\/2026\/03\/6-12-495x660.jpg 495w, https:\/\/moyahousehold.com\/wp-content\/uploads\/2026\/03\/6-12-113x150.jpg 113w\" sizes=\"(max-width: 5097px) 100vw, 5097px\" \/><\/figure>\n\n\n\n<figure class=\"wp-block-image size-full\"><img loading=\"lazy\" decoding=\"async\" width=\"5007\" height=\"6676\" data-id=\"12254\" src=\"https:\/\/moyahousehold.com\/wp-content\/uploads\/2026\/03\/5-10.jpg\" alt=\"304 Stainless Steel Steamer Pot with Steamer Basket, Glass Lid &amp; Anti-Scald Handles for Kitchen Cooking\" class=\"wp-image-12254\" srcset=\"https:\/\/moyahousehold.com\/wp-content\/uploads\/2026\/03\/5-10.jpg 5007w, https:\/\/moyahousehold.com\/wp-content\/uploads\/2026\/03\/5-10-225x300.jpg 225w, https:\/\/moyahousehold.com\/wp-content\/uploads\/2026\/03\/5-10-768x1024.jpg 768w, https:\/\/moyahousehold.com\/wp-content\/uploads\/2026\/03\/5-10-9x12.jpg 9w, https:\/\/moyahousehold.com\/wp-content\/uploads\/2026\/03\/5-10-285x380.jpg 285w, https:\/\/moyahousehold.com\/wp-content\/uploads\/2026\/03\/5-10-1600x2133.jpg 1600w, https:\/\/moyahousehold.com\/wp-content\/uploads\/2026\/03\/5-10-495x660.jpg 495w, https:\/\/moyahousehold.com\/wp-content\/uploads\/2026\/03\/5-10-113x150.jpg 113w\" sizes=\"(max-width: 5007px) 100vw, 5007px\" \/><\/figure>\n<\/figure>\n\n\n\n<p><\/p>","protected":false},"excerpt":{"rendered":"<h2 class=\"header-vfC6AV auto-hide-last-sibling-br\">Services de personnalisation<\/h2>\n<div class=\"auto-hide-last-sibling-br paragraph-JOTKXA paragraph-element br-paragraph-space\">As a professional kitchenware manufacturer, we provide comprehensive OEM &amp; ODM solutions:<\/div>\n<ul class=\"auto-hide-last-sibling-br\">\n<li><strong>OEM<\/strong>: Personnalisez les logos, les imprim\u00e9s ou l'emballage pour qu'ils correspondent \u00e0 l'identit\u00e9 de votre marque. Vous pouvez \u00e9galement choisir diff\u00e9rentes couleurs pour la coque ext\u00e9rieure afin de correspondre au style de votre marque.<\/li>\n<li><strong>ODM<\/strong>: Nous collaborons \u00e0 la conception du produit, de l'agencement des compartiments (ajustement du nombre et de la taille des compartiments) aux finitions des mat\u00e9riaux, afin de cr\u00e9er des solutions uniques et adapt\u00e9es au march\u00e9. Nous pouvons \u00e9galement optimiser la structure d'\u00e9tanch\u00e9it\u00e9 ou ajouter des conceptions fonctionnelles sp\u00e9ciales en fonction de vos besoins.<\/li>\n<\/ul>","protected":false},"featured_media":12251,"comment_status":"closed","ping_status":"closed","template":"","meta":[],"product_cat":[58],"product_tag":[87,92],"class_list":{"0":"post-12241","1":"product","2":"type-product","3":"status-publish","4":"has-post-thumbnail","6":"product_cat-lunch-box-wholesale","7":"product_tag-wholesale-multi-compartment-lunch-box","8":"product_tag-wholesale-rectangle-lunch-box","10":"first","11":"instock","12":"shipping-taxable","13":"product-type-simple"},"_links":{"self":[{"href":"https:\/\/moyahousehold.com\/fr\/wp-json\/wp\/v2\/product\/12241","targetHints":{"allow":["GET"]}}],"collection":[{"href":"https:\/\/moyahousehold.com\/fr\/wp-json\/wp\/v2\/product"}],"about":[{"href":"https:\/\/moyahousehold.com\/fr\/wp-json\/wp\/v2\/types\/product"}],"replies":[{"embeddable":true,"href":"https:\/\/moyahousehold.com\/fr\/wp-json\/wp\/v2\/comments?post=12241"}],"version-history":[{"count":1,"href":"https:\/\/moyahousehold.com\/fr\/wp-json\/wp\/v2\/product\/12241\/revisions"}],"predecessor-version":[{"id":13108,"href":"https:\/\/moyahousehold.com\/fr\/wp-json\/wp\/v2\/product\/12241\/revisions\/13108"}],"wp:featuredmedia":[{"embeddable":true,"href":"https:\/\/moyahousehold.com\/fr\/wp-json\/wp\/v2\/media\/12251"}],"wp:attachment":[{"href":"https:\/\/moyahousehold.com\/fr\/wp-json\/wp\/v2\/media?parent=12241"}],"wp:term":[{"taxonomy":"product_cat","embeddable":true,"href":"https:\/\/moyahousehold.com\/fr\/wp-json\/wp\/v2\/product_cat?post=12241"},{"taxonomy":"product_tag","embeddable":true,"href":"https:\/\/moyahousehold.com\/fr\/wp-json\/wp\/v2\/product_tag?post=12241"}],"curies":[{"name":"wp","href":"https:\/\/api.w.org\/{rel}","templated":true}]}}