{"id":12258,"date":"2026-03-30T06:11:53","date_gmt":"2026-03-30T03:46:20","guid":{"rendered":"https:\/\/moyahousehold.com\/?post_type=product&#038;p=12258"},"modified":"2026-03-30T06:12:43","modified_gmt":"2026-03-30T06:12:43","slug":"moya-eco-friendly-2-in-1-stainless-steel-colander-drain-basket-premium-kitchen-strainer-for-fruit-vegetable-cleaning","status":"publish","type":"product","link":"https:\/\/moyahousehold.com\/fr\/produit\/moya-eco-friendly-2-in-1-stainless-steel-colander-drain-basket-premium-kitchen-strainer-for-fruit-vegetable-cleaning\/","title":{"rendered":"MOYA Eco-Friendly 2-in-1 Stainless Steel Colander &amp; Drain Basket | Premium Kitchen Strainer for Fruit &amp; Vegetable Cleaning"},"content":{"rendered":"<div class=\"wp-block-columns is-layout-flex wp-container-core-columns-is-layout-9d6595d7 wp-block-columns-is-layout-flex\">\n<div class=\"wp-block-column is-layout-flow wp-block-column-is-layout-flow\">\n<div class=\"wp-block-columns is-layout-flex wp-container-core-columns-is-layout-9d6595d7 wp-block-columns-is-layout-flex\">\n<div class=\"wp-block-column is-layout-flow wp-block-column-is-layout-flow\">\n<figure class=\"wp-block-image size-full\"><img fetchpriority=\"high\" decoding=\"async\" width=\"5947\" height=\"3965\" src=\"https:\/\/moyahousehold.com\/wp-content\/uploads\/2026\/03\/8-2.jpg\" alt=\"MOYA 304 Stainless Steel Colander Bowl Set, Double Layer Drain Basket with Measuring Marks for Fruit Vegetable Washing\" class=\"wp-image-12263\" srcset=\"https:\/\/moyahousehold.com\/wp-content\/uploads\/2026\/03\/8-2.jpg 5947w, https:\/\/moyahousehold.com\/wp-content\/uploads\/2026\/03\/8-2-300x200.jpg 300w, https:\/\/moyahousehold.com\/wp-content\/uploads\/2026\/03\/8-2-768x512.jpg 768w, https:\/\/moyahousehold.com\/wp-content\/uploads\/2026\/03\/8-2-18x12.jpg 18w, https:\/\/moyahousehold.com\/wp-content\/uploads\/2026\/03\/8-2-285x190.jpg 285w, https:\/\/moyahousehold.com\/wp-content\/uploads\/2026\/03\/8-2-1600x1067.jpg 1600w, https:\/\/moyahousehold.com\/wp-content\/uploads\/2026\/03\/8-2-660x440.jpg 660w, https:\/\/moyahousehold.com\/wp-content\/uploads\/2026\/03\/8-2-150x100.jpg 150w\" sizes=\"(max-width: 5947px) 100vw, 5947px\" \/><\/figure>\n<\/div>\n<\/div>\n\n\n\n<h3 class=\"wp-block-heading\">Parameters of Customizable Drain Basket<\/h3>\n\n\n\n<figure class=\"wp-block-table\"><table class=\"has-fixed-layout\"><tbody><tr><td>Objet<\/td><td>Mat\u00e9riau<\/td><td>Couleur<\/td><td>Capacit\u00e9<\/td><td>PCS\/Case<\/td><\/tr><tr><td>MYXED011<\/td><td rowspan=\"5\">304<\/td><td rowspan=\"5\">Nature<\/td><td>17cm<\/td><td>30<\/td><\/tr><tr><td>MYXED012<\/td><td>19cm<\/td><td>30<\/td><\/tr><tr><td>MYXED013<\/td><td>21cm<\/td><td>30<\/td><\/tr><\/tbody><\/table><\/figure>\n\n\n\n<h3 class=\"wp-block-heading\">Custom 2-in-1 Colander &amp; Drain Basket Options<\/h3>\n\n\n\n<p><strong>Logo<\/strong>: Custom your brand logo on food containers and package.<br><strong>Options du logo<\/strong>: Nous vous proposons des m\u00e9thodes de gravure au laser ou de transfert thermique pour ajouter votre logo au saladier.<br><strong>Mod\u00e8le<\/strong>: Printing patterns on drain basket.<br><strong>Technologie d'impression<\/strong>: Nous proposons l'impression par transfert d'\u00e9cran, transfert de chaleur et transfert d'eau pour ajouter des motifs \u00e0 vos produits.<br><strong>Paquet<\/strong>:Vous pouvez nous envoyer le fichier et nous personnaliserons la bo\u00eete de couleur du saladier pour vous.<br><a href=\"https:\/\/moyahousehold.com\/fr\/solution-personnalisee\/\"><strong>Plus de personnalisation<\/strong><\/a><\/p>\n<\/div>\n<\/div>\n\n\n\n<div class=\"wp-block-columns is-layout-flex wp-container-core-columns-is-layout-9d6595d7 wp-block-columns-is-layout-flex\">\n<div class=\"wp-block-column is-layout-flow wp-block-column-is-layout-flow\">\n<figure class=\"wp-block-image size-full\"><img decoding=\"async\" width=\"800\" height=\"800\" src=\"https:\/\/moyahousehold.com\/wp-content\/uploads\/2026\/03\/3-4.png\" alt=\"MOYA 304 Stainless Steel Colander Bowl Set, Double Layer Drain Basket with Measuring Marks for Fruit Vegetable Washing\" class=\"wp-image-12266\" srcset=\"https:\/\/moyahousehold.com\/wp-content\/uploads\/2026\/03\/3-4.png 800w, https:\/\/moyahousehold.com\/wp-content\/uploads\/2026\/03\/3-4-300x300.png 300w, https:\/\/moyahousehold.com\/wp-content\/uploads\/2026\/03\/3-4-150x150.png 150w, https:\/\/moyahousehold.com\/wp-content\/uploads\/2026\/03\/3-4-768x768.png 768w, https:\/\/moyahousehold.com\/wp-content\/uploads\/2026\/03\/3-4-12x12.png 12w, https:\/\/moyahousehold.com\/wp-content\/uploads\/2026\/03\/3-4-285x285.png 285w, https:\/\/moyahousehold.com\/wp-content\/uploads\/2026\/03\/3-4-270x270.png 270w, https:\/\/moyahousehold.com\/wp-content\/uploads\/2026\/03\/3-4-540x540.png 540w, https:\/\/moyahousehold.com\/wp-content\/uploads\/2026\/03\/3-4-660x660.png 660w\" sizes=\"(max-width: 800px) 100vw, 800px\" \/><\/figure>\n<\/div>\n\n\n\n<div class=\"wp-block-column is-layout-flow wp-block-column-is-layout-flow\">\n<figure class=\"wp-block-image size-full\"><img decoding=\"async\" width=\"800\" height=\"800\" src=\"https:\/\/moyahousehold.com\/wp-content\/uploads\/2026\/03\/7-2.png\" alt=\"MOYA 304 Stainless Steel Colander Bowl Set, Double Layer Drain Basket with Measuring Marks for Fruit Vegetable Washing\" class=\"wp-image-12262\" srcset=\"https:\/\/moyahousehold.com\/wp-content\/uploads\/2026\/03\/7-2.png 800w, https:\/\/moyahousehold.com\/wp-content\/uploads\/2026\/03\/7-2-300x300.png 300w, https:\/\/moyahousehold.com\/wp-content\/uploads\/2026\/03\/7-2-150x150.png 150w, https:\/\/moyahousehold.com\/wp-content\/uploads\/2026\/03\/7-2-768x768.png 768w, https:\/\/moyahousehold.com\/wp-content\/uploads\/2026\/03\/7-2-12x12.png 12w, https:\/\/moyahousehold.com\/wp-content\/uploads\/2026\/03\/7-2-285x285.png 285w, https:\/\/moyahousehold.com\/wp-content\/uploads\/2026\/03\/7-2-270x270.png 270w, https:\/\/moyahousehold.com\/wp-content\/uploads\/2026\/03\/7-2-540x540.png 540w, https:\/\/moyahousehold.com\/wp-content\/uploads\/2026\/03\/7-2-660x660.png 660w\" sizes=\"(max-width: 800px) 100vw, 800px\" \/><\/figure>\n<\/div>\n<\/div>\n\n\n\n<div class=\"wp-block-columns is-layout-flex wp-container-core-columns-is-layout-9d6595d7 wp-block-columns-is-layout-flex\">\n<div class=\"wp-block-column is-layout-flow wp-block-column-is-layout-flow\">\n<figure class=\"wp-block-image size-full\"><img loading=\"lazy\" decoding=\"async\" width=\"800\" height=\"800\" src=\"https:\/\/moyahousehold.com\/wp-content\/uploads\/2026\/03\/4-5.png\" alt=\"MOYA 304 Stainless Steel Colander Bowl Set, Double Layer Drain Basket with Measuring Marks for Fruit Vegetable Washing\" class=\"wp-image-12259\" srcset=\"https:\/\/moyahousehold.com\/wp-content\/uploads\/2026\/03\/4-5.png 800w, https:\/\/moyahousehold.com\/wp-content\/uploads\/2026\/03\/4-5-300x300.png 300w, https:\/\/moyahousehold.com\/wp-content\/uploads\/2026\/03\/4-5-150x150.png 150w, https:\/\/moyahousehold.com\/wp-content\/uploads\/2026\/03\/4-5-768x768.png 768w, https:\/\/moyahousehold.com\/wp-content\/uploads\/2026\/03\/4-5-12x12.png 12w, https:\/\/moyahousehold.com\/wp-content\/uploads\/2026\/03\/4-5-285x285.png 285w, https:\/\/moyahousehold.com\/wp-content\/uploads\/2026\/03\/4-5-270x270.png 270w, https:\/\/moyahousehold.com\/wp-content\/uploads\/2026\/03\/4-5-540x540.png 540w, https:\/\/moyahousehold.com\/wp-content\/uploads\/2026\/03\/4-5-660x660.png 660w\" sizes=\"(max-width: 800px) 100vw, 800px\" \/><\/figure>\n<\/div>\n\n\n\n<div class=\"wp-block-column is-layout-flow wp-block-column-is-layout-flow\">\n<figure class=\"wp-block-image size-full\"><img loading=\"lazy\" decoding=\"async\" width=\"800\" height=\"800\" src=\"https:\/\/moyahousehold.com\/wp-content\/uploads\/2026\/03\/6-5.png\" alt=\"MOYA 304 Stainless Steel Colander Bowl Set, Double Layer Drain Basket with Measuring Marks for Fruit Vegetable Washing\" class=\"wp-image-12261\" srcset=\"https:\/\/moyahousehold.com\/wp-content\/uploads\/2026\/03\/6-5.png 800w, https:\/\/moyahousehold.com\/wp-content\/uploads\/2026\/03\/6-5-300x300.png 300w, https:\/\/moyahousehold.com\/wp-content\/uploads\/2026\/03\/6-5-150x150.png 150w, https:\/\/moyahousehold.com\/wp-content\/uploads\/2026\/03\/6-5-768x768.png 768w, https:\/\/moyahousehold.com\/wp-content\/uploads\/2026\/03\/6-5-12x12.png 12w, https:\/\/moyahousehold.com\/wp-content\/uploads\/2026\/03\/6-5-285x285.png 285w, https:\/\/moyahousehold.com\/wp-content\/uploads\/2026\/03\/6-5-270x270.png 270w, https:\/\/moyahousehold.com\/wp-content\/uploads\/2026\/03\/6-5-540x540.png 540w, https:\/\/moyahousehold.com\/wp-content\/uploads\/2026\/03\/6-5-660x660.png 660w\" sizes=\"(max-width: 800px) 100vw, 800px\" \/><\/figure>\n<\/div>\n<\/div>\n\n\n\n<div class=\"wp-block-columns is-layout-flex wp-container-core-columns-is-layout-9d6595d7 wp-block-columns-is-layout-flex\">\n<div class=\"wp-block-column is-layout-flow wp-block-column-is-layout-flow\">\n<figure class=\"wp-block-image size-full\"><img loading=\"lazy\" decoding=\"async\" width=\"3648\" height=\"5472\" src=\"https:\/\/moyahousehold.com\/wp-content\/uploads\/2026\/03\/4-13.jpg\" alt=\"MOYA 304 Stainless Steel Colander Bowl Set, Double Layer Drain Basket with Measuring Marks for Fruit Vegetable Washing\" class=\"wp-image-12267\" srcset=\"https:\/\/moyahousehold.com\/wp-content\/uploads\/2026\/03\/4-13.jpg 3648w, https:\/\/moyahousehold.com\/wp-content\/uploads\/2026\/03\/4-13-200x300.jpg 200w, https:\/\/moyahousehold.com\/wp-content\/uploads\/2026\/03\/4-13-768x1152.jpg 768w, https:\/\/moyahousehold.com\/wp-content\/uploads\/2026\/03\/4-13-8x12.jpg 8w, https:\/\/moyahousehold.com\/wp-content\/uploads\/2026\/03\/4-13-285x428.jpg 285w, https:\/\/moyahousehold.com\/wp-content\/uploads\/2026\/03\/4-13-1600x2400.jpg 1600w, https:\/\/moyahousehold.com\/wp-content\/uploads\/2026\/03\/4-13-440x660.jpg 440w, https:\/\/moyahousehold.com\/wp-content\/uploads\/2026\/03\/4-13-100x150.jpg 100w\" sizes=\"(max-width: 3648px) 100vw, 3648px\" \/><\/figure>\n<\/div>\n\n\n\n<div class=\"wp-block-column is-layout-flow wp-block-column-is-layout-flow\">\n<figure class=\"wp-block-image size-full\"><img loading=\"lazy\" decoding=\"async\" width=\"3648\" height=\"5472\" src=\"https:\/\/moyahousehold.com\/wp-content\/uploads\/2026\/03\/5-11.jpg\" alt=\"MOYA 304 Stainless Steel Colander Bowl Set, Double Layer Drain Basket with Measuring Marks for Fruit Vegetable Washing\" class=\"wp-image-12268\" srcset=\"https:\/\/moyahousehold.com\/wp-content\/uploads\/2026\/03\/5-11.jpg 3648w, https:\/\/moyahousehold.com\/wp-content\/uploads\/2026\/03\/5-11-200x300.jpg 200w, https:\/\/moyahousehold.com\/wp-content\/uploads\/2026\/03\/5-11-768x1152.jpg 768w, https:\/\/moyahousehold.com\/wp-content\/uploads\/2026\/03\/5-11-8x12.jpg 8w, https:\/\/moyahousehold.com\/wp-content\/uploads\/2026\/03\/5-11-285x428.jpg 285w, https:\/\/moyahousehold.com\/wp-content\/uploads\/2026\/03\/5-11-1600x2400.jpg 1600w, https:\/\/moyahousehold.com\/wp-content\/uploads\/2026\/03\/5-11-440x660.jpg 440w, https:\/\/moyahousehold.com\/wp-content\/uploads\/2026\/03\/5-11-100x150.jpg 100w\" sizes=\"(max-width: 3648px) 100vw, 3648px\" \/><\/figure>\n<\/div>\n<\/div>","protected":false},"excerpt":{"rendered":"<div class=\"inter-jQQQ8P\">\n<div class=\"container-PrUkKo\">\n<div class=\"item-hGGxLi\">\n<div class=\"container-arOxqB chrome70-container\">\n<div class=\"inner-FyM8gE inner-item-swzCut\" data-target-id=\"message-box-target-id\" data-testid=\"union_message\">\n<div class=\"message-block-container-aFugD6\" data-testid=\"message-block-container\">\n<div class=\"flex flex-row w-full w-full max-w-full s-font-base text-s-color-text-secondary p-0 rounded-s-radius-s bg-transparent group data-[attr=select-mode]:-mt-10 data-[attr=select-mode]:py-10 data-[attr=select-mode]:px-16 data-[attr=select-mode]:sm:p-10 data-[attr=select-mode]:hover:bg-s-color-bg-base data-[attr=select-mode]:hover:rounded-s-radius-xs data-[attr=select-mode]:has-[:checked]:bg-s-color-bg-trans data-[attr=select-mode]:has-[:checked]:rounded-s-radius-xs data-[attr=select-mode]:pointer-events-none\" data-testid=\"receive_message\">\n<div class=\"flex flex-col flex-grow max-w-full min-w-0\">\n<div class=\"flex flex-row w-full\" data-testid=\"message_content\" data-message-id=\"12338308568531714\">\n<div class=\"w-full\" data-plugin-identifier=\"Symbol(infra:receive-message-box:text)\">\n<div class=\"container-ZYIsnH flow-markdown-body theme-samantha-Nbr9UN\" dir=\"ltr\" data-testid=\"message_text_content\" data-show-indicator=\"false\">\n<h3 class=\"header-vfC6AV auto-hide-last-sibling-br\">Features and Benefits of Customizable Drain Basket<\/h3>\n<h3 class=\"header-vfC6AV auto-hide-last-sibling-br\">Acier inoxydable 304 Mat\u00e9riau<\/h3>\n<div class=\"auto-hide-last-sibling-br paragraph-JOTKXA paragraph-element br-paragraph-space\">Fabriqu\u00e9 en acier inoxydable 304 de haute qualit\u00e9, la paroi int\u00e9rieure est polie. Elle emp\u00eache efficacement les aliments de coller, ce qui facilite le nettoyage et garantit une longue dur\u00e9e de vie.<\/div>\n<h3 class=\"header-vfC6AV auto-hide-last-sibling-br\">Marques de volume int\u00e9gr\u00e9es<\/h3>\n<div class=\"auto-hide-last-sibling-br paragraph-JOTKXA paragraph-element br-paragraph-space\">This drain basket comes with clear and easy &#8211; to &#8211; read built &#8211; in volume markings. It helps you precisely control ingredient amounts, avoid waste, and guarantee perfect flavors for every dish.<\/div>\n<h3 class=\"header-vfC6AV auto-hide-last-sibling-br\">Utilisation polyvalente<\/h3>\n<div class=\"auto-hide-last-sibling-br paragraph-JOTKXA paragraph-element br-paragraph-space\">Ideal for washing rice, cleaning vegetables, fruits, or straining small &#8211; grained ingredients, meeting various kitchen needs.<\/div>\n<h3 class=\"header-vfC6AV auto-hide-last-sibling-br\">Services de personnalisation<\/h3>\n<div class=\"auto-hide-last-sibling-br paragraph-JOTKXA paragraph-element br-paragraph-space\">As a manufacturer, we offer OEM &amp; ODM options. Customize appearance, size, and logo to create your unique, brand &#8211; aligned drain basket. Contact us for tailored solutions.<\/div>\n<\/div>\n<\/div>\n<\/div>\n<\/div>\n<\/div>\n<\/div>\n<\/div>\n<\/div>\n<\/div>\n<\/div>\n<\/div>","protected":false},"featured_media":12270,"comment_status":"open","ping_status":"closed","template":"","meta":[],"product_cat":[55,56],"product_tag":[120,122,121],"class_list":{"0":"post-12258","1":"product","2":"type-product","3":"status-publish","4":"has-post-thumbnail","6":"product_cat-salad-bowl-wholesale","7":"product_cat-stainless-steel-cookware-wholesale","8":"product_tag-drain-basket","9":"product_tag-fruit-basket","10":"product_tag-vegetable-basin","12":"first","13":"instock","14":"shipping-taxable","15":"product-type-simple"},"_links":{"self":[{"href":"https:\/\/moyahousehold.com\/fr\/wp-json\/wp\/v2\/product\/12258","targetHints":{"allow":["GET"]}}],"collection":[{"href":"https:\/\/moyahousehold.com\/fr\/wp-json\/wp\/v2\/product"}],"about":[{"href":"https:\/\/moyahousehold.com\/fr\/wp-json\/wp\/v2\/types\/product"}],"replies":[{"embeddable":true,"href":"https:\/\/moyahousehold.com\/fr\/wp-json\/wp\/v2\/comments?post=12258"}],"version-history":[{"count":0,"href":"https:\/\/moyahousehold.com\/fr\/wp-json\/wp\/v2\/product\/12258\/revisions"}],"wp:featuredmedia":[{"embeddable":true,"href":"https:\/\/moyahousehold.com\/fr\/wp-json\/wp\/v2\/media\/12270"}],"wp:attachment":[{"href":"https:\/\/moyahousehold.com\/fr\/wp-json\/wp\/v2\/media?parent=12258"}],"wp:term":[{"taxonomy":"product_cat","embeddable":true,"href":"https:\/\/moyahousehold.com\/fr\/wp-json\/wp\/v2\/product_cat?post=12258"},{"taxonomy":"product_tag","embeddable":true,"href":"https:\/\/moyahousehold.com\/fr\/wp-json\/wp\/v2\/product_tag?post=12258"}],"curies":[{"name":"wp","href":"https:\/\/api.w.org\/{rel}","templated":true}]}}