{"id":12328,"date":"2026-03-31T03:47:44","date_gmt":"2026-03-31T01:36:51","guid":{"rendered":"https:\/\/moyahousehold.com\/?post_type=product&#038;p=12328"},"modified":"2026-04-15T06:17:39","modified_gmt":"2026-04-15T06:17:39","slug":"moya-creative-stainless-steel-vacuum-container-colorful-rectangle-food-coffee-bean-storage-with-heat-retention","status":"publish","type":"product","link":"https:\/\/moyahousehold.com\/fr\/produit\/moya-creative-stainless-steel-vacuum-container-colorful-rectangle-food-coffee-bean-storage-with-heat-retention\/","title":{"rendered":"MOYA Creative Stainless Steel Vacuum Container | Colorful Rectangle Food &amp; Coffee Bean Storage with Heat Retention"},"content":{"rendered":"<h3 class=\"wp-block-heading\">Parameters of Stackable Vacuum Container<\/h3>\n\n\n\n<p><strong>Mat\u00e9riau :<\/strong> 304 + PP  <strong> Couleur :<\/strong> Rose\/vert\/beige\/acier<\/p>\n\n\n\n<figure class=\"wp-block-table\"><table class=\"has-fixed-layout\"><tbody><tr><td><strong>Objet<\/strong><\/td><td><strong>Mat\u00e9riau<\/strong><\/td><td><strong>Capacit\u00e9<\/strong><\/td><td><strong>Taille\/PCS<\/strong><\/td><td><strong>PCS\/Case<\/strong><\/td><td><strong>N.W.\/PCS<\/strong><\/td><\/tr><tr><td>MYHL001<\/td><td rowspan=\"3\">SUS304 + PP<\/td><td>750ML<\/td><td>14.3*14.3*9.3<\/td><td>48<\/td><td>0.32<\/td><\/tr><tr><td>MYHL002<\/td><td>1100ML<\/td><td>14.3*14.3*11.7<\/td><td>48<\/td><td>0.35<\/td><\/tr><tr><td>MYHL003<\/td><td>1600ML<\/td><td>14.3*14.3*14.7<\/td><td>48<\/td><td>0.4<\/td><\/tr><\/tbody><\/table><\/figure>\n\n\n\n<h3 class=\"wp-block-heading\">Customized Vacuum Container Options<\/h3>\n\n\n\n<p><strong>Logo : <\/strong>Personnalisez le logo de votre marque sur les bo\u00eetes \u00e0 bento et les emballages.<br><strong>Logo Options:<\/strong> Printed logo, laser engraved logo, etc.<br><strong>Mod\u00e8le : <\/strong>Mod\u00e8les d'impression <br><strong>Printing Technology: <\/strong>Water transfer printing, silk screen printing, heat transfer printing, sublimation transfer, etc.<br><strong>Emballage : <\/strong>Color box<br><a href=\"https:\/\/moyahousehold.com\/fr\/solution-personnalisee\/\"><strong>En savoir plus sur les solutions de bo\u00eetes \u00e0 bento personnalis\u00e9es<\/strong><\/a><\/p>\n\n\n\n<div class=\"wp-block-columns is-layout-flex wp-container-core-columns-is-layout-9d6595d7 wp-block-columns-is-layout-flex\">\n<div class=\"wp-block-column is-layout-flow wp-block-column-is-layout-flow\">\n<figure class=\"wp-block-image size-full\"><img fetchpriority=\"high\" decoding=\"async\" width=\"800\" height=\"800\" src=\"https:\/\/moyahousehold.com\/wp-content\/uploads\/2026\/03\/ML-\u771f\u7a7a\u5bc6\u5c01\u7f50-19.jpg\" alt=\"MOYA Stainless Steel Vacuum Airtight Canister Set for Coffee Beans, Tea &amp; Food Storage with Colorful Options\" class=\"wp-image-12332\" srcset=\"https:\/\/moyahousehold.com\/wp-content\/uploads\/2026\/03\/ML-\u771f\u7a7a\u5bc6\u5c01\u7f50-19.jpg 800w, https:\/\/moyahousehold.com\/wp-content\/uploads\/2026\/03\/ML-\u771f\u7a7a\u5bc6\u5c01\u7f50-19-300x300.jpg 300w, https:\/\/moyahousehold.com\/wp-content\/uploads\/2026\/03\/ML-\u771f\u7a7a\u5bc6\u5c01\u7f50-19-150x150.jpg 150w, https:\/\/moyahousehold.com\/wp-content\/uploads\/2026\/03\/ML-\u771f\u7a7a\u5bc6\u5c01\u7f50-19-768x768.jpg 768w, https:\/\/moyahousehold.com\/wp-content\/uploads\/2026\/03\/ML-\u771f\u7a7a\u5bc6\u5c01\u7f50-19-12x12.jpg 12w, https:\/\/moyahousehold.com\/wp-content\/uploads\/2026\/03\/ML-\u771f\u7a7a\u5bc6\u5c01\u7f50-19-285x285.jpg 285w, https:\/\/moyahousehold.com\/wp-content\/uploads\/2026\/03\/ML-\u771f\u7a7a\u5bc6\u5c01\u7f50-19-270x270.jpg 270w, https:\/\/moyahousehold.com\/wp-content\/uploads\/2026\/03\/ML-\u771f\u7a7a\u5bc6\u5c01\u7f50-19-540x540.jpg 540w, https:\/\/moyahousehold.com\/wp-content\/uploads\/2026\/03\/ML-\u771f\u7a7a\u5bc6\u5c01\u7f50-19-660x660.jpg 660w\" sizes=\"(max-width: 800px) 100vw, 800px\" \/><\/figure>\n<\/div>\n\n\n\n<div class=\"wp-block-column is-layout-flow wp-block-column-is-layout-flow\">\n<figure class=\"wp-block-image size-full\"><img decoding=\"async\" width=\"800\" height=\"800\" src=\"https:\/\/moyahousehold.com\/wp-content\/uploads\/2026\/03\/ML-\u771f\u7a7a\u5bc6\u5c01\u7f50-15.jpg\" alt=\"MOYA Stainless Steel Vacuum Airtight Canister Set for Coffee Beans, Tea &amp; Food Storage with Colorful Options\" class=\"wp-image-12331\" srcset=\"https:\/\/moyahousehold.com\/wp-content\/uploads\/2026\/03\/ML-\u771f\u7a7a\u5bc6\u5c01\u7f50-15.jpg 800w, https:\/\/moyahousehold.com\/wp-content\/uploads\/2026\/03\/ML-\u771f\u7a7a\u5bc6\u5c01\u7f50-15-300x300.jpg 300w, https:\/\/moyahousehold.com\/wp-content\/uploads\/2026\/03\/ML-\u771f\u7a7a\u5bc6\u5c01\u7f50-15-150x150.jpg 150w, https:\/\/moyahousehold.com\/wp-content\/uploads\/2026\/03\/ML-\u771f\u7a7a\u5bc6\u5c01\u7f50-15-768x768.jpg 768w, https:\/\/moyahousehold.com\/wp-content\/uploads\/2026\/03\/ML-\u771f\u7a7a\u5bc6\u5c01\u7f50-15-12x12.jpg 12w, https:\/\/moyahousehold.com\/wp-content\/uploads\/2026\/03\/ML-\u771f\u7a7a\u5bc6\u5c01\u7f50-15-285x285.jpg 285w, https:\/\/moyahousehold.com\/wp-content\/uploads\/2026\/03\/ML-\u771f\u7a7a\u5bc6\u5c01\u7f50-15-270x270.jpg 270w, https:\/\/moyahousehold.com\/wp-content\/uploads\/2026\/03\/ML-\u771f\u7a7a\u5bc6\u5c01\u7f50-15-540x540.jpg 540w, https:\/\/moyahousehold.com\/wp-content\/uploads\/2026\/03\/ML-\u771f\u7a7a\u5bc6\u5c01\u7f50-15-660x660.jpg 660w\" sizes=\"(max-width: 800px) 100vw, 800px\" \/><\/figure>\n<\/div>\n<\/div>\n\n\n\n<div class=\"wp-block-columns is-layout-flex wp-container-core-columns-is-layout-9d6595d7 wp-block-columns-is-layout-flex\">\n<div class=\"wp-block-column is-layout-flow wp-block-column-is-layout-flow\">\n<figure class=\"wp-block-image size-full\"><img decoding=\"async\" width=\"800\" height=\"800\" src=\"https:\/\/moyahousehold.com\/wp-content\/uploads\/2026\/03\/\u771f\u7a7a\u5bc6\u5c01\u7f50-7.jpg\" alt=\"MOYA Stainless Steel Vacuum Airtight Canister Set for Coffee Beans, Tea &amp; Food Storage with Colorful Options\" class=\"wp-image-12340\" srcset=\"https:\/\/moyahousehold.com\/wp-content\/uploads\/2026\/03\/\u771f\u7a7a\u5bc6\u5c01\u7f50-7.jpg 800w, https:\/\/moyahousehold.com\/wp-content\/uploads\/2026\/03\/\u771f\u7a7a\u5bc6\u5c01\u7f50-7-300x300.jpg 300w, https:\/\/moyahousehold.com\/wp-content\/uploads\/2026\/03\/\u771f\u7a7a\u5bc6\u5c01\u7f50-7-150x150.jpg 150w, https:\/\/moyahousehold.com\/wp-content\/uploads\/2026\/03\/\u771f\u7a7a\u5bc6\u5c01\u7f50-7-768x768.jpg 768w, https:\/\/moyahousehold.com\/wp-content\/uploads\/2026\/03\/\u771f\u7a7a\u5bc6\u5c01\u7f50-7-12x12.jpg 12w, https:\/\/moyahousehold.com\/wp-content\/uploads\/2026\/03\/\u771f\u7a7a\u5bc6\u5c01\u7f50-7-285x285.jpg 285w, https:\/\/moyahousehold.com\/wp-content\/uploads\/2026\/03\/\u771f\u7a7a\u5bc6\u5c01\u7f50-7-270x270.jpg 270w, https:\/\/moyahousehold.com\/wp-content\/uploads\/2026\/03\/\u771f\u7a7a\u5bc6\u5c01\u7f50-7-540x540.jpg 540w, https:\/\/moyahousehold.com\/wp-content\/uploads\/2026\/03\/\u771f\u7a7a\u5bc6\u5c01\u7f50-7-660x660.jpg 660w\" sizes=\"(max-width: 800px) 100vw, 800px\" \/><\/figure>\n<\/div>\n\n\n\n<div class=\"wp-block-column is-layout-flow wp-block-column-is-layout-flow\">\n<figure class=\"wp-block-image size-full\"><img loading=\"lazy\" decoding=\"async\" width=\"800\" height=\"800\" src=\"https:\/\/moyahousehold.com\/wp-content\/uploads\/2026\/03\/ML-\u771f\u7a7a\u5bc6\u5c01\u7f50-38.jpg\" alt=\"MOYA Stainless Steel Vacuum Airtight Canister Set for Coffee Beans, Tea &amp; Food Storage with Colorful Options\" class=\"wp-image-12335\" srcset=\"https:\/\/moyahousehold.com\/wp-content\/uploads\/2026\/03\/ML-\u771f\u7a7a\u5bc6\u5c01\u7f50-38.jpg 800w, https:\/\/moyahousehold.com\/wp-content\/uploads\/2026\/03\/ML-\u771f\u7a7a\u5bc6\u5c01\u7f50-38-300x300.jpg 300w, https:\/\/moyahousehold.com\/wp-content\/uploads\/2026\/03\/ML-\u771f\u7a7a\u5bc6\u5c01\u7f50-38-150x150.jpg 150w, https:\/\/moyahousehold.com\/wp-content\/uploads\/2026\/03\/ML-\u771f\u7a7a\u5bc6\u5c01\u7f50-38-768x768.jpg 768w, https:\/\/moyahousehold.com\/wp-content\/uploads\/2026\/03\/ML-\u771f\u7a7a\u5bc6\u5c01\u7f50-38-12x12.jpg 12w, https:\/\/moyahousehold.com\/wp-content\/uploads\/2026\/03\/ML-\u771f\u7a7a\u5bc6\u5c01\u7f50-38-285x285.jpg 285w, https:\/\/moyahousehold.com\/wp-content\/uploads\/2026\/03\/ML-\u771f\u7a7a\u5bc6\u5c01\u7f50-38-270x270.jpg 270w, https:\/\/moyahousehold.com\/wp-content\/uploads\/2026\/03\/ML-\u771f\u7a7a\u5bc6\u5c01\u7f50-38-540x540.jpg 540w, https:\/\/moyahousehold.com\/wp-content\/uploads\/2026\/03\/ML-\u771f\u7a7a\u5bc6\u5c01\u7f50-38-660x660.jpg 660w\" sizes=\"(max-width: 800px) 100vw, 800px\" \/><\/figure>\n<\/div>\n<\/div>\n\n\n\n<div class=\"wp-block-columns is-layout-flex wp-container-core-columns-is-layout-9d6595d7 wp-block-columns-is-layout-flex\">\n<div class=\"wp-block-column is-layout-flow wp-block-column-is-layout-flow\">\n<figure class=\"wp-block-image size-full\"><img loading=\"lazy\" decoding=\"async\" width=\"3170\" height=\"4226\" src=\"https:\/\/moyahousehold.com\/wp-content\/uploads\/2026\/03\/ML-\u771f\u7a7a\u5bc6\u5c01\u7f50-93.jpg\" alt=\"MOYA Stainless Steel Vacuum Airtight Canister Set for Coffee Beans, Tea &amp; Food Storage with Colorful Options\" class=\"wp-image-12344\" srcset=\"https:\/\/moyahousehold.com\/wp-content\/uploads\/2026\/03\/ML-\u771f\u7a7a\u5bc6\u5c01\u7f50-93.jpg 3170w, https:\/\/moyahousehold.com\/wp-content\/uploads\/2026\/03\/ML-\u771f\u7a7a\u5bc6\u5c01\u7f50-93-225x300.jpg 225w, https:\/\/moyahousehold.com\/wp-content\/uploads\/2026\/03\/ML-\u771f\u7a7a\u5bc6\u5c01\u7f50-93-768x1024.jpg 768w, https:\/\/moyahousehold.com\/wp-content\/uploads\/2026\/03\/ML-\u771f\u7a7a\u5bc6\u5c01\u7f50-93-9x12.jpg 9w, https:\/\/moyahousehold.com\/wp-content\/uploads\/2026\/03\/ML-\u771f\u7a7a\u5bc6\u5c01\u7f50-93-285x380.jpg 285w, https:\/\/moyahousehold.com\/wp-content\/uploads\/2026\/03\/ML-\u771f\u7a7a\u5bc6\u5c01\u7f50-93-1600x2133.jpg 1600w, https:\/\/moyahousehold.com\/wp-content\/uploads\/2026\/03\/ML-\u771f\u7a7a\u5bc6\u5c01\u7f50-93-495x660.jpg 495w, https:\/\/moyahousehold.com\/wp-content\/uploads\/2026\/03\/ML-\u771f\u7a7a\u5bc6\u5c01\u7f50-93-113x150.jpg 113w\" sizes=\"(max-width: 3170px) 100vw, 3170px\" \/><\/figure>\n<\/div>\n\n\n\n<div class=\"wp-block-column is-layout-flow wp-block-column-is-layout-flow\">\n<figure class=\"wp-block-image size-full\"><img loading=\"lazy\" decoding=\"async\" width=\"3571\" height=\"4761\" src=\"https:\/\/moyahousehold.com\/wp-content\/uploads\/2026\/03\/ML-\u771f\u7a7a\u5bc6\u5c01\u7f50-92.jpg\" alt=\"MOYA Stainless Steel Vacuum Airtight Canister Set for Coffee Beans, Tea &amp; Food Storage with Colorful Options\" class=\"wp-image-12343\" srcset=\"https:\/\/moyahousehold.com\/wp-content\/uploads\/2026\/03\/ML-\u771f\u7a7a\u5bc6\u5c01\u7f50-92.jpg 3571w, https:\/\/moyahousehold.com\/wp-content\/uploads\/2026\/03\/ML-\u771f\u7a7a\u5bc6\u5c01\u7f50-92-225x300.jpg 225w, https:\/\/moyahousehold.com\/wp-content\/uploads\/2026\/03\/ML-\u771f\u7a7a\u5bc6\u5c01\u7f50-92-768x1024.jpg 768w, https:\/\/moyahousehold.com\/wp-content\/uploads\/2026\/03\/ML-\u771f\u7a7a\u5bc6\u5c01\u7f50-92-9x12.jpg 9w, https:\/\/moyahousehold.com\/wp-content\/uploads\/2026\/03\/ML-\u771f\u7a7a\u5bc6\u5c01\u7f50-92-285x380.jpg 285w, https:\/\/moyahousehold.com\/wp-content\/uploads\/2026\/03\/ML-\u771f\u7a7a\u5bc6\u5c01\u7f50-92-1600x2133.jpg 1600w, https:\/\/moyahousehold.com\/wp-content\/uploads\/2026\/03\/ML-\u771f\u7a7a\u5bc6\u5c01\u7f50-92-495x660.jpg 495w, https:\/\/moyahousehold.com\/wp-content\/uploads\/2026\/03\/ML-\u771f\u7a7a\u5bc6\u5c01\u7f50-92-113x150.jpg 113w\" sizes=\"(max-width: 3571px) 100vw, 3571px\" \/><\/figure>\n<\/div>\n<\/div>","protected":false},"excerpt":{"rendered":"<h3 class=\"header-ZWWO7s auto-hide-last-sibling-br\">Wholesale Detachable Liner Vacuum Container with Ceramic, Glass &amp; Stainless Steel Options<\/h3>\n<div class=\"auto-hide-last-sibling-br paragraph-jgxDqs paragraph-element br-paragraph-space\">Discover our versatile Vacuum Container featuring detachable liners in premium ceramic, and stainless steel\u2014designed for modern lifestyles that demand functionality, hygiene, and style. Perfect for meal prepping, on-the-go dining, or eco-conscious consumers, these Vacuum Container combine durability with easy maintenance. We offer wholesale pricing and full customization services for bulk orders\u2014contact us to explore partnership opportunities!<\/div>\n<h3 class=\"header-ZWWO7s auto-hide-last-sibling-br\">Principales caract\u00e9ristiques et avantages<\/h3>\n<h4 class=\"header-ZWWO7s auto-hide-last-sibling-br\">1.\u00a0<strong>Rev\u00eatement en acier inoxydable<\/strong>:<\/h4>\n<ul class=\"auto-hide-last-sibling-br\">\n<li style=\"list-style-type: none\">\n<ul class=\"auto-hide-last-sibling-br\">\n<li>L'acier de qualit\u00e9 alimentaire 304 garantit la durabilit\u00e9 et la r\u00e9sistance \u00e0 la corrosion.<\/li>\n<li>L\u00e9ger et parfait pour les repas froids, les en-cas ou le stockage \u00e0 l'abri des fuites.<\/li>\n<\/ul>\n<\/li>\n<\/ul>\n<h4 class=\"header-ZWWO7s auto-hide-last-sibling-br\">2.\u00a0<strong>Conception amovible pour un entretien facile<\/strong><\/h4>\n<ul class=\"auto-hide-last-sibling-br\">\n<li>Les doublures se s\u00e9parent de la coque ext\u00e9rieure pour un nettoyage en profondeur (pas de coins difficiles \u00e0 atteindre).<\/li>\n<li>Les rev\u00eatements rempla\u00e7ables prolongent la dur\u00e9e de vie du produit - remplacez les mat\u00e9riaux en fonction des types de repas ou des pr\u00e9f\u00e9rences.<\/li>\n<\/ul>\n<h4 class=\"header-ZWWO7s auto-hide-last-sibling-br\">3.\u00a0<strong>Construction \u00e9tanche et isol\u00e9e<\/strong><\/h4>\n<ul class=\"auto-hide-last-sibling-br\">\n<li>Les couvercles scell\u00e9s au silicone emp\u00eachent les \u00e9claboussures. Convient pour les soupes, les salades ou les sauces.<\/li>\n<li>Walled outer shells provide thermal insulation:\n<ul class=\"auto-hide-last-sibling-br\">\n<li>Conserve les aliments chauds pendant 4 \u00e0 6 heures*.<\/li>\n<li>Maintains cold items fresh for 6\u20138 hours<\/li>\n<\/ul>\n<\/li>\n<\/ul>\n<p>&nbsp;<\/p>\n<div class=\"auto-hide-last-sibling-br paragraph-jgxDqs paragraph-element br-paragraph-space\">\n<h4 class=\"header-ZWWO7s auto-hide-last-sibling-br\">4.\u00a0<strong>Mat\u00e9riaux \u00e9cologiques et s\u00fbrs<\/strong><\/h4>\n<ul class=\"auto-hide-last-sibling-br\">\n<li>Tous les manchons et les coquilles sont exempts de BPA, certifi\u00e9s par la FDA et conformes aux normes de s\u00e9curit\u00e9 alimentaire de l'UE.<\/li>\n<li>Les rev\u00eatements en c\u00e9ramique et en verre sont non toxiques et exempts de m\u00e9taux lourds, ce qui est id\u00e9al pour les utilisateurs soucieux de leur sant\u00e9.<\/li>\n<\/ul>\n<h3 class=\"header-ZWWO7s auto-hide-last-sibling-br\">Services de vente en gros et de personnalisation<\/h3>\n<div class=\"auto-hide-last-sibling-br paragraph-jgxDqs paragraph-element br-paragraph-space\">En tant que fabricant leader, nous offrons :<\/div>\n<p>&nbsp;<\/p>\n<ul class=\"auto-hide-last-sibling-br\">\n<li><strong>Remises sur les commandes en gros<\/strong>: Prix comp\u00e9titifs pour les commandes \u2265200 unit\u00e9s, avec des devis sur mesure pour les achats \u00e0 grande \u00e9chelle.<\/li>\n<li><strong>Capacit\u00e9s OEM\/ODM<\/strong>:\n<ul class=\"auto-hide-last-sibling-br\">\n<li><strong>L'image de marque<\/strong>: Int\u00e9grer des logos par gravure laser, s\u00e9rigraphie ou \u00e9tiquettes emboss\u00e9es.<\/li>\n<li><strong>Doublures sur mesure<\/strong>: S'approvisionner en mat\u00e9riaux sp\u00e9cifiques (par exemple, c\u00e9ramique color\u00e9e, verre \u00e0 motifs) ou ajuster l'\u00e9paisseur du rev\u00eatement.<\/li>\n<li><strong>Emballage<\/strong>: Concevoir des bo\u00eetes personnalis\u00e9es, des encarts ou des emballages \u00e9cologiques pour am\u00e9liorer l'attrait de la vente au d\u00e9tail.<\/li>\n<\/ul>\n<\/li>\n<li><strong>Test d'\u00e9chantillons<\/strong>: Demandez des \u00e9chantillons gratuits pour \u00e9valuer la qualit\u00e9 des mat\u00e9riaux, la fonctionnalit\u00e9 et la conception avant de passer une commande en gros.<\/li>\n<\/ul>\n<\/div>","protected":false},"featured_media":12330,"comment_status":"closed","ping_status":"closed","template":"","meta":[],"product_cat":[58],"product_tag":[86,124,91,123],"class_list":{"0":"post-12328","1":"product","2":"type-product","3":"status-publish","4":"has-post-thumbnail","6":"product_cat-lunch-box-wholesale","7":"product_tag-wholesale-insulated-lunch-box","8":"product_tag-luch-box","9":"product_tag-wholesale-round-lunch-box","10":"product_tag-vacuum-container","12":"first","13":"instock","14":"shipping-taxable","15":"product-type-simple"},"_links":{"self":[{"href":"https:\/\/moyahousehold.com\/fr\/wp-json\/wp\/v2\/product\/12328","targetHints":{"allow":["GET"]}}],"collection":[{"href":"https:\/\/moyahousehold.com\/fr\/wp-json\/wp\/v2\/product"}],"about":[{"href":"https:\/\/moyahousehold.com\/fr\/wp-json\/wp\/v2\/types\/product"}],"replies":[{"embeddable":true,"href":"https:\/\/moyahousehold.com\/fr\/wp-json\/wp\/v2\/comments?post=12328"}],"version-history":[{"count":2,"href":"https:\/\/moyahousehold.com\/fr\/wp-json\/wp\/v2\/product\/12328\/revisions"}],"predecessor-version":[{"id":13105,"href":"https:\/\/moyahousehold.com\/fr\/wp-json\/wp\/v2\/product\/12328\/revisions\/13105"}],"wp:featuredmedia":[{"embeddable":true,"href":"https:\/\/moyahousehold.com\/fr\/wp-json\/wp\/v2\/media\/12330"}],"wp:attachment":[{"href":"https:\/\/moyahousehold.com\/fr\/wp-json\/wp\/v2\/media?parent=12328"}],"wp:term":[{"taxonomy":"product_cat","embeddable":true,"href":"https:\/\/moyahousehold.com\/fr\/wp-json\/wp\/v2\/product_cat?post=12328"},{"taxonomy":"product_tag","embeddable":true,"href":"https:\/\/moyahousehold.com\/fr\/wp-json\/wp\/v2\/product_tag?post=12328"}],"curies":[{"name":"wp","href":"https:\/\/api.w.org\/{rel}","templated":true}]}}