{"id":12402,"date":"2026-04-01T03:39:07","date_gmt":"2026-03-31T09:40:12","guid":{"rendered":"https:\/\/moyahousehold.com\/?post_type=product&#038;p=12402"},"modified":"2026-04-15T06:18:45","modified_gmt":"2026-04-15T06:18:45","slug":"wholesale-modern-304-stainless-steel-food-jars-long-lasting-insulation-leakproof-detachable","status":"publish","type":"product","link":"https:\/\/moyahousehold.com\/fr\/produit\/wholesale-modern-304-stainless-steel-food-jars-long-lasting-insulation-leakproof-detachable\/","title":{"rendered":"Wholesale Modern 304 Stainless Steel Food Jars | Long-Lasting Insulation, Leakproof &amp; Detachable"},"content":{"rendered":"<h3 class=\"wp-block-heading\">Parameters of Stackable Food Jars<\/h3>\n\n\n\n<p><strong>Mat\u00e9riau :<\/strong> Outer 201 + Inner 304 + PP+ Silicone <strong> Couleur :<\/strong> Beige\/Khaki\/Nature<\/p>\n\n\n\n<figure class=\"wp-block-table\"><table class=\"has-fixed-layout\"><tbody><tr><td><strong>Objet<\/strong><\/td><td><strong>Mat\u00e9riau<\/strong><\/td><td><strong>Capacit\u00e9<\/strong><\/td><td><strong>PCS\/Case<\/strong><\/td><td><strong>N.W.\/PCS<\/strong><\/td><\/tr><tr><td>MYCQH001<\/td><td rowspan=\"2\">Outer 201 + Inner 304<br>+PP+ Silicone<\/td><td>800ML<\/td><td>36<\/td><td>0.56<\/td><\/tr><tr><td>MYCQH002<\/td><td>1000ML<\/td><td>36<\/td><td>0.61<\/td><\/tr><\/tbody><\/table><\/figure>\n\n\n\n<h3 class=\"wp-block-heading\">Customized Food Jars Options<\/h3>\n\n\n\n<p><strong>Logo : <\/strong>Personnalisez le logo de votre marque sur les bo\u00eetes \u00e0 bento et les emballages.<br><strong>Logo Options:<\/strong> Printed logo, laser engraved logo, etc.<br><strong>Mod\u00e8le : <\/strong>Mod\u00e8les d'impression <br><strong>Printing Technology: <\/strong>Water transfer printing, silk screen printing, heat transfer printing, sublimation transfer, etc.<br><strong>Emballage : <\/strong>Color box<br><a href=\"https:\/\/moyahousehold.com\/fr\/solution-personnalisee\/\"><strong>En savoir plus sur les solutions de bo\u00eetes \u00e0 bento personnalis\u00e9es<\/strong><\/a><\/p>\n\n\n\n<div class=\"wp-block-columns is-layout-flex wp-container-core-columns-is-layout-9d6595d7 wp-block-columns-is-layout-flex\">\n<div class=\"wp-block-column is-layout-flow wp-block-column-is-layout-flow\">\n<figure class=\"wp-block-image size-full\"><img fetchpriority=\"high\" decoding=\"async\" width=\"4160\" height=\"4160\" src=\"https:\/\/moyahousehold.com\/wp-content\/uploads\/2026\/03\/\u4e3b\u56felogo4.jpg\" alt=\"MOYA 800ML&amp;1000ML Vacuum Insulated Breakfast Cup Set with Foldable Spoon &amp; Lunch Container\" class=\"wp-image-12412\" srcset=\"https:\/\/moyahousehold.com\/wp-content\/uploads\/2026\/03\/\u4e3b\u56felogo4.jpg 4160w, https:\/\/moyahousehold.com\/wp-content\/uploads\/2026\/03\/\u4e3b\u56felogo4-300x300.jpg 300w, https:\/\/moyahousehold.com\/wp-content\/uploads\/2026\/03\/\u4e3b\u56felogo4-150x150.jpg 150w, https:\/\/moyahousehold.com\/wp-content\/uploads\/2026\/03\/\u4e3b\u56felogo4-768x768.jpg 768w, https:\/\/moyahousehold.com\/wp-content\/uploads\/2026\/03\/\u4e3b\u56felogo4-12x12.jpg 12w, https:\/\/moyahousehold.com\/wp-content\/uploads\/2026\/03\/\u4e3b\u56felogo4-285x285.jpg 285w, https:\/\/moyahousehold.com\/wp-content\/uploads\/2026\/03\/\u4e3b\u56felogo4-1600x1600.jpg 1600w, https:\/\/moyahousehold.com\/wp-content\/uploads\/2026\/03\/\u4e3b\u56felogo4-270x270.jpg 270w, https:\/\/moyahousehold.com\/wp-content\/uploads\/2026\/03\/\u4e3b\u56felogo4-540x540.jpg 540w, https:\/\/moyahousehold.com\/wp-content\/uploads\/2026\/03\/\u4e3b\u56felogo4-660x660.jpg 660w\" sizes=\"(max-width: 4160px) 100vw, 4160px\" \/><\/figure>\n<\/div>\n\n\n\n<div class=\"wp-block-column is-layout-flow wp-block-column-is-layout-flow\">\n<figure class=\"wp-block-image size-full\"><img decoding=\"async\" width=\"4160\" height=\"4160\" src=\"https:\/\/moyahousehold.com\/wp-content\/uploads\/2026\/03\/\u4e3b\u56felogo8.jpg\" alt=\"MOYA 800ML&amp;1000ML Vacuum Insulated Breakfast Cup Set with Foldable Spoon &amp; Lunch Container\" class=\"wp-image-12416\" srcset=\"https:\/\/moyahousehold.com\/wp-content\/uploads\/2026\/03\/\u4e3b\u56felogo8.jpg 4160w, https:\/\/moyahousehold.com\/wp-content\/uploads\/2026\/03\/\u4e3b\u56felogo8-300x300.jpg 300w, https:\/\/moyahousehold.com\/wp-content\/uploads\/2026\/03\/\u4e3b\u56felogo8-150x150.jpg 150w, https:\/\/moyahousehold.com\/wp-content\/uploads\/2026\/03\/\u4e3b\u56felogo8-768x768.jpg 768w, https:\/\/moyahousehold.com\/wp-content\/uploads\/2026\/03\/\u4e3b\u56felogo8-12x12.jpg 12w, https:\/\/moyahousehold.com\/wp-content\/uploads\/2026\/03\/\u4e3b\u56felogo8-285x285.jpg 285w, https:\/\/moyahousehold.com\/wp-content\/uploads\/2026\/03\/\u4e3b\u56felogo8-1600x1600.jpg 1600w, https:\/\/moyahousehold.com\/wp-content\/uploads\/2026\/03\/\u4e3b\u56felogo8-270x270.jpg 270w, https:\/\/moyahousehold.com\/wp-content\/uploads\/2026\/03\/\u4e3b\u56felogo8-540x540.jpg 540w, https:\/\/moyahousehold.com\/wp-content\/uploads\/2026\/03\/\u4e3b\u56felogo8-660x660.jpg 660w\" sizes=\"(max-width: 4160px) 100vw, 4160px\" \/><\/figure>\n<\/div>\n<\/div>\n\n\n\n<div class=\"wp-block-columns is-layout-flex wp-container-core-columns-is-layout-9d6595d7 wp-block-columns-is-layout-flex\">\n<div class=\"wp-block-column is-layout-flow wp-block-column-is-layout-flow\">\n<figure class=\"wp-block-image size-full\"><img decoding=\"async\" width=\"4160\" height=\"6240\" src=\"https:\/\/moyahousehold.com\/wp-content\/uploads\/2026\/03\/\u8be6\u60c5logo2.jpg\" alt=\"MOYA 800ML&amp;1000ML Vacuum Insulated Breakfast Cup Set with Foldable Spoon &amp; Lunch Container\" class=\"wp-image-12420\" srcset=\"https:\/\/moyahousehold.com\/wp-content\/uploads\/2026\/03\/\u8be6\u60c5logo2.jpg 4160w, https:\/\/moyahousehold.com\/wp-content\/uploads\/2026\/03\/\u8be6\u60c5logo2-200x300.jpg 200w, https:\/\/moyahousehold.com\/wp-content\/uploads\/2026\/03\/\u8be6\u60c5logo2-768x1152.jpg 768w, https:\/\/moyahousehold.com\/wp-content\/uploads\/2026\/03\/\u8be6\u60c5logo2-8x12.jpg 8w, https:\/\/moyahousehold.com\/wp-content\/uploads\/2026\/03\/\u8be6\u60c5logo2-285x428.jpg 285w, https:\/\/moyahousehold.com\/wp-content\/uploads\/2026\/03\/\u8be6\u60c5logo2-1600x2400.jpg 1600w, https:\/\/moyahousehold.com\/wp-content\/uploads\/2026\/03\/\u8be6\u60c5logo2-440x660.jpg 440w, https:\/\/moyahousehold.com\/wp-content\/uploads\/2026\/03\/\u8be6\u60c5logo2-100x150.jpg 100w\" sizes=\"(max-width: 4160px) 100vw, 4160px\" \/><\/figure>\n<\/div>\n\n\n\n<div class=\"wp-block-column is-layout-flow wp-block-column-is-layout-flow\">\n<figure class=\"wp-block-image size-full\"><img loading=\"lazy\" decoding=\"async\" width=\"4160\" height=\"6240\" src=\"https:\/\/moyahousehold.com\/wp-content\/uploads\/2026\/03\/\u8be6\u60c5logo3.jpg\" alt=\"MOYA 800ML&amp;1000ML Vacuum Insulated Breakfast Cup Set with Foldable Spoon &amp; Lunch Container\" class=\"wp-image-12421\" srcset=\"https:\/\/moyahousehold.com\/wp-content\/uploads\/2026\/03\/\u8be6\u60c5logo3.jpg 4160w, https:\/\/moyahousehold.com\/wp-content\/uploads\/2026\/03\/\u8be6\u60c5logo3-200x300.jpg 200w, https:\/\/moyahousehold.com\/wp-content\/uploads\/2026\/03\/\u8be6\u60c5logo3-768x1152.jpg 768w, https:\/\/moyahousehold.com\/wp-content\/uploads\/2026\/03\/\u8be6\u60c5logo3-8x12.jpg 8w, https:\/\/moyahousehold.com\/wp-content\/uploads\/2026\/03\/\u8be6\u60c5logo3-285x428.jpg 285w, https:\/\/moyahousehold.com\/wp-content\/uploads\/2026\/03\/\u8be6\u60c5logo3-1600x2400.jpg 1600w, https:\/\/moyahousehold.com\/wp-content\/uploads\/2026\/03\/\u8be6\u60c5logo3-440x660.jpg 440w, https:\/\/moyahousehold.com\/wp-content\/uploads\/2026\/03\/\u8be6\u60c5logo3-100x150.jpg 100w\" sizes=\"(max-width: 4160px) 100vw, 4160px\" \/><\/figure>\n<\/div>\n<\/div>\n\n\n\n<div class=\"wp-block-columns is-layout-flex wp-container-core-columns-is-layout-9d6595d7 wp-block-columns-is-layout-flex\">\n<div class=\"wp-block-column is-layout-flow wp-block-column-is-layout-flow\">\n<figure class=\"wp-block-image size-full\"><img loading=\"lazy\" decoding=\"async\" width=\"4160\" height=\"5584\" src=\"https:\/\/moyahousehold.com\/wp-content\/uploads\/2026\/03\/\u8be6\u60c5\u5356\u70b93-20.jpg\" alt=\"MOYA 800ML&amp;1000ML Vacuum Insulated Breakfast Cup Set with Foldable Spoon &amp; Lunch Container\" class=\"wp-image-12418\" srcset=\"https:\/\/moyahousehold.com\/wp-content\/uploads\/2026\/03\/\u8be6\u60c5\u5356\u70b93-20.jpg 4160w, https:\/\/moyahousehold.com\/wp-content\/uploads\/2026\/03\/\u8be6\u60c5\u5356\u70b93-20-223x300.jpg 223w, https:\/\/moyahousehold.com\/wp-content\/uploads\/2026\/03\/\u8be6\u60c5\u5356\u70b93-20-768x1031.jpg 768w, https:\/\/moyahousehold.com\/wp-content\/uploads\/2026\/03\/\u8be6\u60c5\u5356\u70b93-20-9x12.jpg 9w, https:\/\/moyahousehold.com\/wp-content\/uploads\/2026\/03\/\u8be6\u60c5\u5356\u70b93-20-285x383.jpg 285w, https:\/\/moyahousehold.com\/wp-content\/uploads\/2026\/03\/\u8be6\u60c5\u5356\u70b93-20-1600x2148.jpg 1600w, https:\/\/moyahousehold.com\/wp-content\/uploads\/2026\/03\/\u8be6\u60c5\u5356\u70b93-20-492x660.jpg 492w, https:\/\/moyahousehold.com\/wp-content\/uploads\/2026\/03\/\u8be6\u60c5\u5356\u70b93-20-112x150.jpg 112w\" sizes=\"(max-width: 4160px) 100vw, 4160px\" \/><\/figure>\n<\/div>\n\n\n\n<div class=\"wp-block-column is-layout-flow wp-block-column-is-layout-flow\">\n<figure class=\"wp-block-image size-full\"><img loading=\"lazy\" decoding=\"async\" width=\"4160\" height=\"5696\" src=\"https:\/\/moyahousehold.com\/wp-content\/uploads\/2026\/03\/\u8be6\u60c5\u5356\u70b94.jpg\" alt=\"MOYA 800ML&amp;1000ML Vacuum Insulated Breakfast Cup Set with Foldable Spoon &amp; Lunch Container\" class=\"wp-image-12419\" srcset=\"https:\/\/moyahousehold.com\/wp-content\/uploads\/2026\/03\/\u8be6\u60c5\u5356\u70b94.jpg 4160w, https:\/\/moyahousehold.com\/wp-content\/uploads\/2026\/03\/\u8be6\u60c5\u5356\u70b94-219x300.jpg 219w, https:\/\/moyahousehold.com\/wp-content\/uploads\/2026\/03\/\u8be6\u60c5\u5356\u70b94-768x1052.jpg 768w, https:\/\/moyahousehold.com\/wp-content\/uploads\/2026\/03\/\u8be6\u60c5\u5356\u70b94-9x12.jpg 9w, https:\/\/moyahousehold.com\/wp-content\/uploads\/2026\/03\/\u8be6\u60c5\u5356\u70b94-285x390.jpg 285w, https:\/\/moyahousehold.com\/wp-content\/uploads\/2026\/03\/\u8be6\u60c5\u5356\u70b94-1600x2191.jpg 1600w, https:\/\/moyahousehold.com\/wp-content\/uploads\/2026\/03\/\u8be6\u60c5\u5356\u70b94-482x660.jpg 482w, https:\/\/moyahousehold.com\/wp-content\/uploads\/2026\/03\/\u8be6\u60c5\u5356\u70b94-110x150.jpg 110w\" sizes=\"(max-width: 4160px) 100vw, 4160px\" \/><\/figure>\n<\/div>\n<\/div>\n\n\n\n<p><\/p>","protected":false},"excerpt":{"rendered":"<h3 class=\"header-ZWWO7s auto-hide-last-sibling-br\">Wholesale Detachable Liner Food Jars with Ceramic, Glass &amp; Stainless Steel Options<\/h3>\n<div class=\"auto-hide-last-sibling-br paragraph-jgxDqs paragraph-element br-paragraph-space\">Discover our versatile food jars featuring detachable liners in premium ceramic, glass, and stainless steel\u2014designed for modern lifestyles that demand functionality, hygiene, and style. Perfect for meal prepping, on-the-go dining, or eco-conscious consumers, these food jars combine durability with easy maintenance. We offer wholesale pricing and full customization services for bulk orders\u2014contact us to explore partnership opportunities!<\/div>\n<h3 class=\"header-ZWWO7s auto-hide-last-sibling-br\">Principales caract\u00e9ristiques et avantages<\/h3>\n<h4 class=\"header-ZWWO7s auto-hide-last-sibling-br\">1.\u00a0<strong>Rev\u00eatement en acier inoxydable<\/strong>:<\/h4>\n<ul class=\"auto-hide-last-sibling-br\">\n<li>L'acier de qualit\u00e9 alimentaire 304 garantit la durabilit\u00e9 et la r\u00e9sistance \u00e0 la corrosion.<\/li>\n<li>L\u00e9ger et parfait pour les repas froids, les en-cas ou le stockage \u00e0 l'abri des fuites.<\/li>\n<\/ul>\n<h4 class=\"header-ZWWO7s auto-hide-last-sibling-br\">2.\u00a0<strong>Construction \u00e9tanche et isol\u00e9e<\/strong><\/h4>\n<ul class=\"auto-hide-last-sibling-br\">\n<li>Les couvercles scell\u00e9s au silicone emp\u00eachent les \u00e9claboussures. Convient pour les soupes, les salades ou les sauces.<\/li>\n<li>Walled outer shells provide thermal insulation:\n<ul class=\"auto-hide-last-sibling-br\">\n<li>Conserve les aliments chauds pendant 4 \u00e0 6 heures*.<\/li>\n<li>Maintient la fra\u00eecheur des produits froids pendant 6 \u00e0 8 heures*.<\/li>\n<\/ul>\n<\/li>\n<\/ul>\n<div class=\"auto-hide-last-sibling-br paragraph-jgxDqs paragraph-element br-paragraph-space\"><em>Note : Les performances d'isolation varient en fonction du mat\u00e9riau de la gaine et des conditions environnementales.<\/em><\/div>\n<h4 class=\"header-ZWWO7s auto-hide-last-sibling-br\">3. <strong>Mat\u00e9riaux \u00e9cologiques et s\u00fbrs<\/strong><\/h4>\n<ul class=\"auto-hide-last-sibling-br\">\n<li>Tous les manchons et les coquilles sont exempts de BPA, certifi\u00e9s par la FDA et conformes aux normes de s\u00e9curit\u00e9 alimentaire de l'UE.<\/li>\n<li>Les rev\u00eatements en c\u00e9ramique et en verre sont non toxiques et exempts de m\u00e9taux lourds, ce qui est id\u00e9al pour les utilisateurs soucieux de leur sant\u00e9.<\/li>\n<\/ul>\n<h3 class=\"header-ZWWO7s auto-hide-last-sibling-br\">Services de vente en gros et de personnalisation<\/h3>\n<div class=\"auto-hide-last-sibling-br paragraph-jgxDqs paragraph-element br-paragraph-space\">En tant que fabricant leader, nous offrons :<\/div>\n<p>&nbsp;<\/p>\n<ul class=\"auto-hide-last-sibling-br\">\n<li><strong>Remises sur les commandes en gros<\/strong>: Prix comp\u00e9titifs pour les commandes \u2265200 unit\u00e9s, avec des devis sur mesure pour les achats \u00e0 grande \u00e9chelle.<\/li>\n<li><strong>Capacit\u00e9s OEM\/ODM<\/strong>:\n<ul class=\"auto-hide-last-sibling-br\">\n<li><strong>L'image de marque<\/strong>: Int\u00e9grer des logos par gravure laser, s\u00e9rigraphie ou \u00e9tiquettes emboss\u00e9es.<\/li>\n<li><strong>Doublures sur mesure<\/strong>: S'approvisionner en mat\u00e9riaux sp\u00e9cifiques (par exemple, c\u00e9ramique color\u00e9e, verre \u00e0 motifs) ou ajuster l'\u00e9paisseur du rev\u00eatement.<\/li>\n<li><strong>Emballage<\/strong>: Concevoir des bo\u00eetes personnalis\u00e9es, des encarts ou des emballages \u00e9cologiques pour am\u00e9liorer l'attrait de la vente au d\u00e9tail.<\/li>\n<\/ul>\n<\/li>\n<li><strong>Test d'\u00e9chantillons<\/strong>: Demandez des \u00e9chantillons gratuits pour \u00e9valuer la qualit\u00e9 des mat\u00e9riaux, la fonctionnalit\u00e9 et la conception avant de passer une commande en gros.<\/li>\n<\/ul>","protected":false},"featured_media":12406,"comment_status":"closed","ping_status":"closed","template":"","meta":[],"product_cat":[58,126],"product_tag":[113,128,86,127],"class_list":{"0":"post-12402","1":"product","2":"type-product","3":"status-publish","4":"has-post-thumbnail","6":"product_cat-lunch-box-wholesale","7":"product_cat-breakfast-cup","8":"product_tag-breakfast-cup","9":"product_tag-food-jars","10":"product_tag-wholesale-insulated-lunch-box","11":"product_tag-lunch-box","13":"first","14":"instock","15":"shipping-taxable","16":"product-type-simple"},"_links":{"self":[{"href":"https:\/\/moyahousehold.com\/fr\/wp-json\/wp\/v2\/product\/12402","targetHints":{"allow":["GET"]}}],"collection":[{"href":"https:\/\/moyahousehold.com\/fr\/wp-json\/wp\/v2\/product"}],"about":[{"href":"https:\/\/moyahousehold.com\/fr\/wp-json\/wp\/v2\/types\/product"}],"replies":[{"embeddable":true,"href":"https:\/\/moyahousehold.com\/fr\/wp-json\/wp\/v2\/comments?post=12402"}],"version-history":[{"count":1,"href":"https:\/\/moyahousehold.com\/fr\/wp-json\/wp\/v2\/product\/12402\/revisions"}],"predecessor-version":[{"id":13106,"href":"https:\/\/moyahousehold.com\/fr\/wp-json\/wp\/v2\/product\/12402\/revisions\/13106"}],"wp:featuredmedia":[{"embeddable":true,"href":"https:\/\/moyahousehold.com\/fr\/wp-json\/wp\/v2\/media\/12406"}],"wp:attachment":[{"href":"https:\/\/moyahousehold.com\/fr\/wp-json\/wp\/v2\/media?parent=12402"}],"wp:term":[{"taxonomy":"product_cat","embeddable":true,"href":"https:\/\/moyahousehold.com\/fr\/wp-json\/wp\/v2\/product_cat?post=12402"},{"taxonomy":"product_tag","embeddable":true,"href":"https:\/\/moyahousehold.com\/fr\/wp-json\/wp\/v2\/product_tag?post=12402"}],"curies":[{"name":"wp","href":"https:\/\/api.w.org\/{rel}","templated":true}]}}