{"id":3080,"date":"2024-04-20T15:39:59","date_gmt":"2024-04-20T15:39:59","guid":{"rendered":"https:\/\/moyahousehold.com\/?post_type=product&#038;p=3080"},"modified":"2026-04-08T07:51:39","modified_gmt":"2026-04-08T07:51:39","slug":"wholesale-500ml-insulated-water-bottles","status":"publish","type":"product","link":"https:\/\/moyahousehold.com\/fr\/produit\/wholesale-500ml-insulated-water-bottles\/","title":{"rendered":"Wholesale 500ML Insulated Water Bottles | Multi-Color Options &amp; Custom Branding Full | OEM\/ODM Support"},"content":{"rendered":"<figure class=\"wp-block-image size-full\"><img fetchpriority=\"high\" decoding=\"async\" width=\"6101\" height=\"3434\" src=\"https:\/\/moyahousehold.com\/wp-content\/uploads\/2024\/04\/\u5927\u5408\u7167-1.jpg\" alt=\"Premium 500ml Insulated Bottle with Handle | 24-Hour Hot &amp; Cold Retention\" class=\"wp-image-12770\" srcset=\"https:\/\/moyahousehold.com\/wp-content\/uploads\/2024\/04\/\u5927\u5408\u7167-1.jpg 6101w, https:\/\/moyahousehold.com\/wp-content\/uploads\/2024\/04\/\u5927\u5408\u7167-1-300x169.jpg 300w, https:\/\/moyahousehold.com\/wp-content\/uploads\/2024\/04\/\u5927\u5408\u7167-1-768x432.jpg 768w, https:\/\/moyahousehold.com\/wp-content\/uploads\/2024\/04\/\u5927\u5408\u7167-1-18x10.jpg 18w, https:\/\/moyahousehold.com\/wp-content\/uploads\/2024\/04\/\u5927\u5408\u7167-1-285x160.jpg 285w, https:\/\/moyahousehold.com\/wp-content\/uploads\/2024\/04\/\u5927\u5408\u7167-1-1600x901.jpg 1600w, https:\/\/moyahousehold.com\/wp-content\/uploads\/2024\/04\/\u5927\u5408\u7167-1-660x371.jpg 660w, https:\/\/moyahousehold.com\/wp-content\/uploads\/2024\/04\/\u5927\u5408\u7167-1-150x84.jpg 150w\" sizes=\"(max-width: 6101px) 100vw, 6101px\" \/><\/figure>\n\n\n\n<div class=\"wp-block-columns is-layout-flex wp-container-core-columns-is-layout-9d6595d7 wp-block-columns-is-layout-flex\">\n<div class=\"wp-block-column is-layout-flow wp-block-column-is-layout-flow\">\n<h3 class=\"wp-block-heading\">Parameters of 500ML Insulated Water Bottle<\/h3>\n\n\n\n<figure class=\"wp-block-table\"><table class=\"has-fixed-layout\"><tbody><tr><td>Objet<\/td><td>Capacit\u00e9<\/td><td>Couleur<\/td><td>Mat\u00e9riau<\/td><td>Dimensions<\/td><td>G.W.\/PCS<\/td><\/tr><tr><td>MY0616<\/td><td>500ML<\/td><td>Black\/White\/Pink\/Dark Green<\/td><td>304 + PP + Silica Gel<\/td><td>7.3*7.3*22.3<\/td><td>0,4 kg<\/td><\/tr><\/tbody><\/table><\/figure>\n<\/div>\n<\/div>\n\n\n\n<h3 class=\"wp-block-heading\">Option de bouteille d'eau isotherme personnalis\u00e9e<\/h3>\n\n\n\n<p><strong>Couvercles :<\/strong> Stainless steel pressure lid, handle lid, wooden lid.<br><strong>Logo : <\/strong>Customize your brand logo on products and packaging.<br><strong>Logo Options:<\/strong> Printed logo, laser engraved logo, etc.<br><strong>Mod\u00e8les :<\/strong> Printing patterns on insulated water bottles.<br><strong>Printing Technology:<\/strong> Water transfer printing, silk screen printing, heat transfer printing, sublimation transfer and more.<br><strong>Emballage :<\/strong> Color box.<br><a href=\"https:\/\/moyahousehold.com\/fr\/solution-personnalisee\/\" data-type=\"page\" data-id=\"2817\" target=\"_blank\" rel=\"noreferrer noopener\"><strong>En savoir plus sur les solutions de bouteilles d'eau isothermes personnalis\u00e9es.<\/strong><\/a><\/p>\n\n\n\n<div class=\"wp-block-columns is-layout-flex wp-container-core-columns-is-layout-9d6595d7 wp-block-columns-is-layout-flex\">\n<div class=\"wp-block-column is-layout-flow wp-block-column-is-layout-flow\">\n<figure class=\"wp-block-image size-full\"><img decoding=\"async\" width=\"3711\" height=\"3711\" src=\"https:\/\/moyahousehold.com\/wp-content\/uploads\/2024\/04\/JS-\u7b80\u7ea6\u676f-22.jpg\" alt=\"Premium 500ml Insulated Bottle with Handle | 24-Hour Hot &amp; Cold Retention\" class=\"wp-image-12769\" srcset=\"https:\/\/moyahousehold.com\/wp-content\/uploads\/2024\/04\/JS-\u7b80\u7ea6\u676f-22.jpg 3711w, https:\/\/moyahousehold.com\/wp-content\/uploads\/2024\/04\/JS-\u7b80\u7ea6\u676f-22-300x300.jpg 300w, https:\/\/moyahousehold.com\/wp-content\/uploads\/2024\/04\/JS-\u7b80\u7ea6\u676f-22-150x150.jpg 150w, https:\/\/moyahousehold.com\/wp-content\/uploads\/2024\/04\/JS-\u7b80\u7ea6\u676f-22-768x768.jpg 768w, https:\/\/moyahousehold.com\/wp-content\/uploads\/2024\/04\/JS-\u7b80\u7ea6\u676f-22-12x12.jpg 12w, https:\/\/moyahousehold.com\/wp-content\/uploads\/2024\/04\/JS-\u7b80\u7ea6\u676f-22-285x285.jpg 285w, https:\/\/moyahousehold.com\/wp-content\/uploads\/2024\/04\/JS-\u7b80\u7ea6\u676f-22-1600x1600.jpg 1600w, https:\/\/moyahousehold.com\/wp-content\/uploads\/2024\/04\/JS-\u7b80\u7ea6\u676f-22-270x270.jpg 270w, https:\/\/moyahousehold.com\/wp-content\/uploads\/2024\/04\/JS-\u7b80\u7ea6\u676f-22-540x540.jpg 540w, https:\/\/moyahousehold.com\/wp-content\/uploads\/2024\/04\/JS-\u7b80\u7ea6\u676f-22-660x660.jpg 660w\" sizes=\"(max-width: 3711px) 100vw, 3711px\" \/><\/figure>\n<\/div>\n\n\n\n<div class=\"wp-block-column is-layout-flow wp-block-column-is-layout-flow\">\n<figure class=\"wp-block-image size-full\"><img decoding=\"async\" width=\"800\" height=\"800\" src=\"https:\/\/moyahousehold.com\/wp-content\/uploads\/2024\/04\/1-2.jpg\" alt=\"Premium 500ml Insulated Bottle with Handle | 24-Hour Hot &amp; Cold Retention\" class=\"wp-image-12768\" srcset=\"https:\/\/moyahousehold.com\/wp-content\/uploads\/2024\/04\/1-2.jpg 800w, https:\/\/moyahousehold.com\/wp-content\/uploads\/2024\/04\/1-2-300x300.jpg 300w, https:\/\/moyahousehold.com\/wp-content\/uploads\/2024\/04\/1-2-150x150.jpg 150w, https:\/\/moyahousehold.com\/wp-content\/uploads\/2024\/04\/1-2-768x768.jpg 768w, https:\/\/moyahousehold.com\/wp-content\/uploads\/2024\/04\/1-2-12x12.jpg 12w, https:\/\/moyahousehold.com\/wp-content\/uploads\/2024\/04\/1-2-285x285.jpg 285w, https:\/\/moyahousehold.com\/wp-content\/uploads\/2024\/04\/1-2-270x270.jpg 270w, https:\/\/moyahousehold.com\/wp-content\/uploads\/2024\/04\/1-2-540x540.jpg 540w, https:\/\/moyahousehold.com\/wp-content\/uploads\/2024\/04\/1-2-660x660.jpg 660w\" sizes=\"(max-width: 800px) 100vw, 800px\" \/><\/figure>\n<\/div>\n<\/div>\n\n\n\n<div class=\"wp-block-columns is-layout-flex wp-container-core-columns-is-layout-9d6595d7 wp-block-columns-is-layout-flex\">\n<div class=\"wp-block-column is-layout-flow wp-block-column-is-layout-flow\">\n<figure class=\"wp-block-image size-full\"><img loading=\"lazy\" decoding=\"async\" width=\"1600\" height=\"1600\" src=\"https:\/\/moyahousehold.com\/wp-content\/uploads\/2024\/04\/wholesale-insulated-water-bottle-details-3.webp\" alt=\"Grosses bouteilles d&#039;eau isol\u00e9es d\u00e9tails (3)\" class=\"wp-image-10279\" srcset=\"https:\/\/moyahousehold.com\/wp-content\/uploads\/2024\/04\/wholesale-insulated-water-bottle-details-3.webp 1600w, https:\/\/moyahousehold.com\/wp-content\/uploads\/2024\/04\/wholesale-insulated-water-bottle-details-3-300x300.webp 300w, https:\/\/moyahousehold.com\/wp-content\/uploads\/2024\/04\/wholesale-insulated-water-bottle-details-3-150x150.webp 150w, https:\/\/moyahousehold.com\/wp-content\/uploads\/2024\/04\/wholesale-insulated-water-bottle-details-3-768x768.webp 768w, https:\/\/moyahousehold.com\/wp-content\/uploads\/2024\/04\/wholesale-insulated-water-bottle-details-3-12x12.webp 12w, https:\/\/moyahousehold.com\/wp-content\/uploads\/2024\/04\/wholesale-insulated-water-bottle-details-3-285x285.webp 285w, https:\/\/moyahousehold.com\/wp-content\/uploads\/2024\/04\/wholesale-insulated-water-bottle-details-3-270x270.webp 270w, https:\/\/moyahousehold.com\/wp-content\/uploads\/2024\/04\/wholesale-insulated-water-bottle-details-3-540x540.webp 540w, https:\/\/moyahousehold.com\/wp-content\/uploads\/2024\/04\/wholesale-insulated-water-bottle-details-3-660x660.webp 660w\" sizes=\"(max-width: 1600px) 100vw, 1600px\" \/><\/figure>\n<\/div>\n\n\n\n<div class=\"wp-block-column is-layout-flow wp-block-column-is-layout-flow\">\n<figure class=\"wp-block-image size-full\"><img loading=\"lazy\" decoding=\"async\" width=\"1600\" height=\"1600\" src=\"https:\/\/moyahousehold.com\/wp-content\/uploads\/2024\/04\/wholesale-insulated-water-bottle-details-4.webp\" alt=\"Grosses bouteilles d&#039;eau isol\u00e9es d\u00e9tails (4)\" class=\"wp-image-10280\" srcset=\"https:\/\/moyahousehold.com\/wp-content\/uploads\/2024\/04\/wholesale-insulated-water-bottle-details-4.webp 1600w, https:\/\/moyahousehold.com\/wp-content\/uploads\/2024\/04\/wholesale-insulated-water-bottle-details-4-300x300.webp 300w, https:\/\/moyahousehold.com\/wp-content\/uploads\/2024\/04\/wholesale-insulated-water-bottle-details-4-150x150.webp 150w, https:\/\/moyahousehold.com\/wp-content\/uploads\/2024\/04\/wholesale-insulated-water-bottle-details-4-768x768.webp 768w, https:\/\/moyahousehold.com\/wp-content\/uploads\/2024\/04\/wholesale-insulated-water-bottle-details-4-12x12.webp 12w, https:\/\/moyahousehold.com\/wp-content\/uploads\/2024\/04\/wholesale-insulated-water-bottle-details-4-285x285.webp 285w, https:\/\/moyahousehold.com\/wp-content\/uploads\/2024\/04\/wholesale-insulated-water-bottle-details-4-270x270.webp 270w, https:\/\/moyahousehold.com\/wp-content\/uploads\/2024\/04\/wholesale-insulated-water-bottle-details-4-540x540.webp 540w, https:\/\/moyahousehold.com\/wp-content\/uploads\/2024\/04\/wholesale-insulated-water-bottle-details-4-660x660.webp 660w\" sizes=\"(max-width: 1600px) 100vw, 1600px\" \/><\/figure>\n<\/div>\n<\/div>\n\n\n\n<p><\/p>","protected":false},"excerpt":{"rendered":"<p>Le fabricant de bouteilles d'eau MOYA vend en gros des bouteilles d'eau isothermes de style simple, fabriqu\u00e9es en acier inoxydable SUS304 de haute qualit\u00e9, saines et inoffensives, garantissant la s\u00e9curit\u00e9 des boissons. La capacit\u00e9 est disponible en 350ml et 500ml, et une vari\u00e9t\u00e9 de couleurs est disponible. Nous fournissons des services de personnalisation OEM et ODM, nous acceptons les commandes en gros et en petits lots.<\/p>\n<h3>Caract\u00e9ristiques et avantages de la bouteille d'eau isotherme de 500 ml<\/h3>\n<p><strong>Conception simple :<\/strong> La bouteille d'eau isotherme a une apparence d\u00e9licate et simple, est facile \u00e0 transporter et peut \u00eatre choisie parmi une vari\u00e9t\u00e9 de couleurs, ce qui convient aux utilisateurs ayant des pr\u00e9f\u00e9rences diff\u00e9rentes.<\/p>\n<p><strong>Mat\u00e9riau sain :<\/strong> La bouteille d'eau isotherme est fabriqu\u00e9e en acier inoxydable 304 de qualit\u00e9 alimentaire, qui pr\u00e9sente une bonne durabilit\u00e9 et une bonne r\u00e9sistance \u00e0 la corrosion, ne contient pas de BPA et peut \u00eatre consomm\u00e9e en toute s\u00e9curit\u00e9.<\/p>\n<p><strong>Effet d'isolation de haute qualit\u00e9 :<\/strong> La bouteille d'eau isotherme adopte une technologie d'isolation sous vide \u00e0 double couche, qui permet de maintenir efficacement la temp\u00e9rature de la boisson et convient \u00e0 la conservation des boissons chaudes et glac\u00e9es.<\/p>\n<p><strong>Service personnalis\u00e9 :<\/strong> Le fabricant de bouteilles d'eau MOYA prend en charge la personnalisation OEM&amp;ODM et fournit des solutions de personnalisation pour votre marque.<\/p>\n<p><strong>Service de vente en gros :<\/strong> Nous fournissons des bouteilles d'eau isothermes en gros \u00e0 des prix d'usine, et notre forte capacit\u00e9 de production permet des achats \u00e0 grande \u00e9chelle et des commandes de petits lots.<\/p>\n<p><a href=\"https:\/\/moyahousehold.com\/fr\/solution-personnalisee\/\"><strong>En savoir plus sur les solutions OEM et ODM de bouteilles d'eau isothermes personnalis\u00e9es.<\/strong><\/a><\/p>","protected":false},"featured_media":12775,"comment_status":"closed","ping_status":"closed","template":"","meta":[],"product_cat":[53],"product_tag":[105],"class_list":{"0":"post-3080","1":"product","2":"type-product","3":"status-publish","4":"has-post-thumbnail","6":"product_cat-vacuum-bottle-wholesale","7":"product_tag-wholesale-500ml-insulated-water-bottles","9":"first","10":"instock","11":"shipping-taxable","12":"product-type-simple"},"_links":{"self":[{"href":"https:\/\/moyahousehold.com\/fr\/wp-json\/wp\/v2\/product\/3080","targetHints":{"allow":["GET"]}}],"collection":[{"href":"https:\/\/moyahousehold.com\/fr\/wp-json\/wp\/v2\/product"}],"about":[{"href":"https:\/\/moyahousehold.com\/fr\/wp-json\/wp\/v2\/types\/product"}],"replies":[{"embeddable":true,"href":"https:\/\/moyahousehold.com\/fr\/wp-json\/wp\/v2\/comments?post=3080"}],"version-history":[{"count":8,"href":"https:\/\/moyahousehold.com\/fr\/wp-json\/wp\/v2\/product\/3080\/revisions"}],"predecessor-version":[{"id":12785,"href":"https:\/\/moyahousehold.com\/fr\/wp-json\/wp\/v2\/product\/3080\/revisions\/12785"}],"wp:featuredmedia":[{"embeddable":true,"href":"https:\/\/moyahousehold.com\/fr\/wp-json\/wp\/v2\/media\/12775"}],"wp:attachment":[{"href":"https:\/\/moyahousehold.com\/fr\/wp-json\/wp\/v2\/media?parent=3080"}],"wp:term":[{"taxonomy":"product_cat","embeddable":true,"href":"https:\/\/moyahousehold.com\/fr\/wp-json\/wp\/v2\/product_cat?post=3080"},{"taxonomy":"product_tag","embeddable":true,"href":"https:\/\/moyahousehold.com\/fr\/wp-json\/wp\/v2\/product_tag?post=3080"}],"curies":[{"name":"wp","href":"https:\/\/api.w.org\/{rel}","templated":true}]}}