{"id":3167,"date":"2024-04-21T05:12:42","date_gmt":"2024-04-21T05:12:42","guid":{"rendered":"https:\/\/moyahousehold.com\/?post_type=product&#038;p=3167"},"modified":"2026-04-08T03:42:21","modified_gmt":"2026-04-08T03:42:21","slug":"custom-insulated-water-bottles-with-stylish-appearance","status":"publish","type":"product","link":"https:\/\/moyahousehold.com\/fr\/produit\/custom-insulated-water-bottles-with-stylish-appearance\/","title":{"rendered":"Wholesale 500mL Narrow Mouth Vacuum Insulated Bottles | Superior Thermal Retention, OEM\/ODM Customization"},"content":{"rendered":"<figure class=\"wp-block-image size-full\"><img fetchpriority=\"high\" decoding=\"async\" width=\"6106\" height=\"4071\" src=\"https:\/\/moyahousehold.com\/wp-content\/uploads\/2024\/04\/\u5927\u5408\u7167-2.jpg\" alt=\"Matte green 350ml stainless steel vacuum bottle on a wooden desk, next to a laptop and a plant, showing compact daily use\" class=\"wp-image-12715\" srcset=\"https:\/\/moyahousehold.com\/wp-content\/uploads\/2024\/04\/\u5927\u5408\u7167-2.jpg 6106w, https:\/\/moyahousehold.com\/wp-content\/uploads\/2024\/04\/\u5927\u5408\u7167-2-300x200.jpg 300w, https:\/\/moyahousehold.com\/wp-content\/uploads\/2024\/04\/\u5927\u5408\u7167-2-768x512.jpg 768w, https:\/\/moyahousehold.com\/wp-content\/uploads\/2024\/04\/\u5927\u5408\u7167-2-18x12.jpg 18w, https:\/\/moyahousehold.com\/wp-content\/uploads\/2024\/04\/\u5927\u5408\u7167-2-285x190.jpg 285w, https:\/\/moyahousehold.com\/wp-content\/uploads\/2024\/04\/\u5927\u5408\u7167-2-1600x1067.jpg 1600w, https:\/\/moyahousehold.com\/wp-content\/uploads\/2024\/04\/\u5927\u5408\u7167-2-660x440.jpg 660w, https:\/\/moyahousehold.com\/wp-content\/uploads\/2024\/04\/\u5927\u5408\u7167-2-150x100.jpg 150w\" sizes=\"(max-width: 6106px) 100vw, 6106px\" \/><\/figure>\n\n\n\n<div class=\"wp-block-columns is-layout-flex wp-container-core-columns-is-layout-9d6595d7 wp-block-columns-is-layout-flex\">\n<div class=\"wp-block-column is-layout-flow wp-block-column-is-layout-flow\">\n<h3 class=\"wp-block-heading\">Param\u00e8tres de la bouteille d'eau isotherme personnalis\u00e9e<\/h3>\n\n\n\n<figure class=\"wp-block-table\"><table class=\"has-fixed-layout\"><tbody><tr><td>Objet<\/td><td>Capacit\u00e9<\/td><td>Couleur<\/td><td>Mat\u00e9riau<\/td><td>Dimensions<\/td><td>G.W.\/PCS<\/td><\/tr><tr><td>MY0399<\/td><td>500ML<\/td><td>Black\/White\/Dark green<\/td><td>304 + PP + Silica gel<\/td><td>7.5*7.5*22.3<\/td><td>0,4 kg<\/td><\/tr><\/tbody><\/table><\/figure>\n\n\n\n<h3 class=\"wp-block-heading\">Options de bouteilles d'eau isothermes personnalis\u00e9es<\/h3>\n\n\n\n<p><strong>Couvercles<\/strong>: Stainless steel pressure lid, handle lid, wooden lid.<br><strong>Logo<\/strong>: Customize your brand logo on products and packaging.<br><strong>Logo Options<\/strong>: Printed logo, laser engraved logo, etc.<br><strong>Mod\u00e8les<\/strong>: Impression de motifs sur des bouteilles sous vide.<br><strong>Printing Technology<\/strong>: Water transfer printing, silk screen printing, heat transfer printing, sublimation transfer, etc.<br><strong>Emballage :<\/strong> Color box.<br><a href=\"https:\/\/moyahousehold.com\/fr\/solution-personnalisee\/\" data-type=\"page\" data-id=\"2817\" target=\"_blank\" rel=\"noreferrer noopener\"><strong>En savoir plus sur les solutions de bouteilles d'eau isothermes personnalis\u00e9es.<\/strong><\/a><\/p>\n<\/div>\n<\/div>\n\n\n\n<div class=\"wp-block-columns is-layout-flex wp-container-core-columns-is-layout-9d6595d7 wp-block-columns-is-layout-flex\">\n<div class=\"wp-block-column is-layout-flow wp-block-column-is-layout-flow\">\n<figure class=\"wp-block-image size-full\"><img decoding=\"async\" width=\"1600\" height=\"1600\" src=\"https:\/\/moyahousehold.com\/wp-content\/uploads\/2024\/04\/Narrow-Mouth-Insulated-Water-Bottle-Details-3.webp\" alt=\"Bouteille d&#039;eau isotherme \u00e0 bec \u00e9troit D\u00e9tails (3)\" class=\"wp-image-10316\" srcset=\"https:\/\/moyahousehold.com\/wp-content\/uploads\/2024\/04\/Narrow-Mouth-Insulated-Water-Bottle-Details-3.webp 1600w, https:\/\/moyahousehold.com\/wp-content\/uploads\/2024\/04\/Narrow-Mouth-Insulated-Water-Bottle-Details-3-300x300.webp 300w, https:\/\/moyahousehold.com\/wp-content\/uploads\/2024\/04\/Narrow-Mouth-Insulated-Water-Bottle-Details-3-150x150.webp 150w, https:\/\/moyahousehold.com\/wp-content\/uploads\/2024\/04\/Narrow-Mouth-Insulated-Water-Bottle-Details-3-768x768.webp 768w, https:\/\/moyahousehold.com\/wp-content\/uploads\/2024\/04\/Narrow-Mouth-Insulated-Water-Bottle-Details-3-12x12.webp 12w, https:\/\/moyahousehold.com\/wp-content\/uploads\/2024\/04\/Narrow-Mouth-Insulated-Water-Bottle-Details-3-285x285.webp 285w, https:\/\/moyahousehold.com\/wp-content\/uploads\/2024\/04\/Narrow-Mouth-Insulated-Water-Bottle-Details-3-270x270.webp 270w, https:\/\/moyahousehold.com\/wp-content\/uploads\/2024\/04\/Narrow-Mouth-Insulated-Water-Bottle-Details-3-540x540.webp 540w, https:\/\/moyahousehold.com\/wp-content\/uploads\/2024\/04\/Narrow-Mouth-Insulated-Water-Bottle-Details-3-660x660.webp 660w\" sizes=\"(max-width: 1600px) 100vw, 1600px\" \/><\/figure>\n<\/div>\n\n\n\n<div class=\"wp-block-column is-layout-flow wp-block-column-is-layout-flow\">\n<figure class=\"wp-block-image size-full\"><img decoding=\"async\" width=\"4003\" height=\"4003\" src=\"https:\/\/moyahousehold.com\/wp-content\/uploads\/2024\/04\/JS-\u968f\u624b\u676f-60.jpg\" alt=\"Matte green 500ml stainless steel vacuum bottle on a wooden desk, next to a laptop and a plant, showing compact daily use\" class=\"wp-image-12721\" srcset=\"https:\/\/moyahousehold.com\/wp-content\/uploads\/2024\/04\/JS-\u968f\u624b\u676f-60.jpg 4003w, https:\/\/moyahousehold.com\/wp-content\/uploads\/2024\/04\/JS-\u968f\u624b\u676f-60-300x300.jpg 300w, https:\/\/moyahousehold.com\/wp-content\/uploads\/2024\/04\/JS-\u968f\u624b\u676f-60-150x150.jpg 150w, https:\/\/moyahousehold.com\/wp-content\/uploads\/2024\/04\/JS-\u968f\u624b\u676f-60-768x768.jpg 768w, https:\/\/moyahousehold.com\/wp-content\/uploads\/2024\/04\/JS-\u968f\u624b\u676f-60-12x12.jpg 12w, https:\/\/moyahousehold.com\/wp-content\/uploads\/2024\/04\/JS-\u968f\u624b\u676f-60-285x285.jpg 285w, https:\/\/moyahousehold.com\/wp-content\/uploads\/2024\/04\/JS-\u968f\u624b\u676f-60-1600x1600.jpg 1600w, https:\/\/moyahousehold.com\/wp-content\/uploads\/2024\/04\/JS-\u968f\u624b\u676f-60-270x270.jpg 270w, https:\/\/moyahousehold.com\/wp-content\/uploads\/2024\/04\/JS-\u968f\u624b\u676f-60-540x540.jpg 540w, https:\/\/moyahousehold.com\/wp-content\/uploads\/2024\/04\/JS-\u968f\u624b\u676f-60-660x660.jpg 660w\" sizes=\"(max-width: 4003px) 100vw, 4003px\" \/><\/figure>\n<\/div>\n<\/div>\n\n\n\n<div class=\"wp-block-columns is-layout-flex wp-container-core-columns-is-layout-9d6595d7 wp-block-columns-is-layout-flex\">\n<div class=\"wp-block-column is-layout-flow wp-block-column-is-layout-flow\">\n<figure class=\"wp-block-image size-full\"><img loading=\"lazy\" decoding=\"async\" width=\"1600\" height=\"1600\" src=\"https:\/\/moyahousehold.com\/wp-content\/uploads\/2024\/04\/Narrow-Mouth-Insulated-Water-Bottle-Details-5.webp\" alt=\"Bouteille d&#039;eau isotherme \u00e0 bec \u00e9troit D\u00e9tails (5)\" class=\"wp-image-10318\" srcset=\"https:\/\/moyahousehold.com\/wp-content\/uploads\/2024\/04\/Narrow-Mouth-Insulated-Water-Bottle-Details-5.webp 1600w, https:\/\/moyahousehold.com\/wp-content\/uploads\/2024\/04\/Narrow-Mouth-Insulated-Water-Bottle-Details-5-300x300.webp 300w, https:\/\/moyahousehold.com\/wp-content\/uploads\/2024\/04\/Narrow-Mouth-Insulated-Water-Bottle-Details-5-150x150.webp 150w, https:\/\/moyahousehold.com\/wp-content\/uploads\/2024\/04\/Narrow-Mouth-Insulated-Water-Bottle-Details-5-768x768.webp 768w, https:\/\/moyahousehold.com\/wp-content\/uploads\/2024\/04\/Narrow-Mouth-Insulated-Water-Bottle-Details-5-12x12.webp 12w, https:\/\/moyahousehold.com\/wp-content\/uploads\/2024\/04\/Narrow-Mouth-Insulated-Water-Bottle-Details-5-285x285.webp 285w, https:\/\/moyahousehold.com\/wp-content\/uploads\/2024\/04\/Narrow-Mouth-Insulated-Water-Bottle-Details-5-270x270.webp 270w, https:\/\/moyahousehold.com\/wp-content\/uploads\/2024\/04\/Narrow-Mouth-Insulated-Water-Bottle-Details-5-540x540.webp 540w, https:\/\/moyahousehold.com\/wp-content\/uploads\/2024\/04\/Narrow-Mouth-Insulated-Water-Bottle-Details-5-660x660.webp 660w\" sizes=\"(max-width: 1600px) 100vw, 1600px\" \/><\/figure>\n<\/div>\n\n\n\n<div class=\"wp-block-column is-layout-flow wp-block-column-is-layout-flow\">\n<figure class=\"wp-block-image size-full\"><img loading=\"lazy\" decoding=\"async\" width=\"1600\" height=\"1600\" src=\"https:\/\/moyahousehold.com\/wp-content\/uploads\/2024\/04\/Narrow-Mouth-Insulated-Water-Bottle-Details-6.webp\" alt=\"Bouteille d&#039;eau isotherme \u00e0 bec \u00e9troit D\u00e9tails (6)\" class=\"wp-image-10319\" srcset=\"https:\/\/moyahousehold.com\/wp-content\/uploads\/2024\/04\/Narrow-Mouth-Insulated-Water-Bottle-Details-6.webp 1600w, https:\/\/moyahousehold.com\/wp-content\/uploads\/2024\/04\/Narrow-Mouth-Insulated-Water-Bottle-Details-6-300x300.webp 300w, https:\/\/moyahousehold.com\/wp-content\/uploads\/2024\/04\/Narrow-Mouth-Insulated-Water-Bottle-Details-6-150x150.webp 150w, https:\/\/moyahousehold.com\/wp-content\/uploads\/2024\/04\/Narrow-Mouth-Insulated-Water-Bottle-Details-6-768x768.webp 768w, https:\/\/moyahousehold.com\/wp-content\/uploads\/2024\/04\/Narrow-Mouth-Insulated-Water-Bottle-Details-6-12x12.webp 12w, https:\/\/moyahousehold.com\/wp-content\/uploads\/2024\/04\/Narrow-Mouth-Insulated-Water-Bottle-Details-6-285x285.webp 285w, https:\/\/moyahousehold.com\/wp-content\/uploads\/2024\/04\/Narrow-Mouth-Insulated-Water-Bottle-Details-6-270x270.webp 270w, https:\/\/moyahousehold.com\/wp-content\/uploads\/2024\/04\/Narrow-Mouth-Insulated-Water-Bottle-Details-6-540x540.webp 540w, https:\/\/moyahousehold.com\/wp-content\/uploads\/2024\/04\/Narrow-Mouth-Insulated-Water-Bottle-Details-6-660x660.webp 660w\" sizes=\"(max-width: 1600px) 100vw, 1600px\" \/><\/figure>\n<\/div>\n<\/div>\n\n\n\n<p><\/p>","protected":false},"excerpt":{"rendered":"<p>MOYA, fabricant de bouteilles d'eau en acier inoxydable, fournit en gros des bouteilles d'eau isothermes. La bouteille d'eau isotherme \u00e0 goulot \u00e9troit a une prise confortable et un design \u00e9l\u00e9gant, qui est \u00e0 la fois beau et pratique. Nous supportons les OEM et ODM, n'h\u00e9sitez pas \u00e0 nous contacter pour obtenir des prix comp\u00e9titifs.<\/p>\n<h3>Caract\u00e9ristiques et avantages de la bouteille d'eau isotherme de 500 ml<\/h3>\n<div>\n<p><strong>Poign\u00e9e ergonomique incurv\u00e9e :<\/strong> La bouteille d'eau isotherme de 500 ml est dot\u00e9e d'une poign\u00e9e ergonomique incurv\u00e9e, ce qui facilite son transport et sa prise en main.<\/p>\n<p><strong>Bon effet d'isolation :<\/strong> La bouteille d'eau isotherme \u00e0 goulot \u00e9troit est fabriqu\u00e9e en acier inoxydable de haute qualit\u00e9. Gr\u00e2ce \u00e0 la conception sous vide \u00e0 double couche, les boissons chaudes et froides peuvent conserver une temp\u00e9rature ad\u00e9quate pendant longtemps.<\/p>\n<p><strong>A la pointe de la mode et de la beaut\u00e9 :<\/strong> Le style simple, une vari\u00e9t\u00e9 de couleurs \u00e0 la mode sont disponibles, en ligne avec l'esth\u00e9tique moderne, convenant \u00e0 diverses occasions.<\/p>\n<p><strong>Bonne \u00e9tanch\u00e9it\u00e9 :<\/strong> Le couvercle de la bouteille d'eau isotherme \u00e0 goulot \u00e9troit est con\u00e7u pour emp\u00eacher efficacement les fuites de liquide et est facile \u00e0 transporter.<\/p>\n<p><strong>Services OEM et ODM :<\/strong> Nous fournissons des services OEM et ODM et vous proposons des prix comp\u00e9titifs gr\u00e2ce \u00e0 notre production \u00e0 grande \u00e9chelle.<\/p>\n<\/div>\n<p><strong><a href=\"https:\/\/moyahousehold.com\/fr\/solution-personnalisee\/\" target=\"_blank\" rel=\"noopener\">En savoir plus sur les solutions de bouteilles d'eau isothermes personnalis\u00e9es.<\/a><br \/><\/strong><\/p>","protected":false},"featured_media":10320,"comment_status":"closed","ping_status":"closed","template":"","meta":[],"product_cat":[53],"product_tag":[105,146],"class_list":{"0":"post-3167","1":"product","2":"type-product","3":"status-publish","4":"has-post-thumbnail","6":"product_cat-vacuum-bottle-wholesale","7":"product_tag-wholesale-500ml-insulated-water-bottles","8":"product_tag-stainless-steel-water-bottle","10":"first","11":"instock","12":"shipping-taxable","13":"product-type-simple"},"_links":{"self":[{"href":"https:\/\/moyahousehold.com\/fr\/wp-json\/wp\/v2\/product\/3167","targetHints":{"allow":["GET"]}}],"collection":[{"href":"https:\/\/moyahousehold.com\/fr\/wp-json\/wp\/v2\/product"}],"about":[{"href":"https:\/\/moyahousehold.com\/fr\/wp-json\/wp\/v2\/types\/product"}],"replies":[{"embeddable":true,"href":"https:\/\/moyahousehold.com\/fr\/wp-json\/wp\/v2\/comments?post=3167"}],"version-history":[{"count":0,"href":"https:\/\/moyahousehold.com\/fr\/wp-json\/wp\/v2\/product\/3167\/revisions"}],"wp:featuredmedia":[{"embeddable":true,"href":"https:\/\/moyahousehold.com\/fr\/wp-json\/wp\/v2\/media\/10320"}],"wp:attachment":[{"href":"https:\/\/moyahousehold.com\/fr\/wp-json\/wp\/v2\/media?parent=3167"}],"wp:term":[{"taxonomy":"product_cat","embeddable":true,"href":"https:\/\/moyahousehold.com\/fr\/wp-json\/wp\/v2\/product_cat?post=3167"},{"taxonomy":"product_tag","embeddable":true,"href":"https:\/\/moyahousehold.com\/fr\/wp-json\/wp\/v2\/product_tag?post=3167"}],"curies":[{"name":"wp","href":"https:\/\/api.w.org\/{rel}","templated":true}]}}