{"id":3179,"date":"2024-04-21T05:51:57","date_gmt":"2024-04-21T05:51:57","guid":{"rendered":"https:\/\/moyahousehold.com\/?post_type=product&#038;p=3179"},"modified":"2026-04-08T06:49:44","modified_gmt":"2026-04-08T06:49:44","slug":"bulk-500ml-insulated-water-bottles-with-handle","status":"publish","type":"product","link":"https:\/\/moyahousehold.com\/fr\/produit\/bulk-500ml-insulated-water-bottles-with-handle\/","title":{"rendered":"Bouteilles d'eau isothermes 500mL avec poign\u00e9e, vente en gros de bouteilles thermos \u00e9l\u00e9gantes, support OEM et ODM"},"content":{"rendered":"<div class=\"wp-block-columns is-layout-flex wp-container-core-columns-is-layout-9d6595d7 wp-block-columns-is-layout-flex\">\n<div class=\"wp-block-column is-layout-flow wp-block-column-is-layout-flow\">\n<figure class=\"wp-block-image size-full\"><img fetchpriority=\"high\" decoding=\"async\" width=\"6240\" height=\"3512\" src=\"https:\/\/moyahousehold.com\/wp-content\/uploads\/2024\/04\/\u5927\u5408\u7167-2-1.jpg\" alt=\"Premium 500ml Insulated Bottle with Handle | 24-Hour Hot &amp; Cold Retention\" class=\"wp-image-12725\" srcset=\"https:\/\/moyahousehold.com\/wp-content\/uploads\/2024\/04\/\u5927\u5408\u7167-2-1.jpg 6240w, https:\/\/moyahousehold.com\/wp-content\/uploads\/2024\/04\/\u5927\u5408\u7167-2-1-300x169.jpg 300w, https:\/\/moyahousehold.com\/wp-content\/uploads\/2024\/04\/\u5927\u5408\u7167-2-1-768x432.jpg 768w, https:\/\/moyahousehold.com\/wp-content\/uploads\/2024\/04\/\u5927\u5408\u7167-2-1-18x10.jpg 18w, https:\/\/moyahousehold.com\/wp-content\/uploads\/2024\/04\/\u5927\u5408\u7167-2-1-285x160.jpg 285w, https:\/\/moyahousehold.com\/wp-content\/uploads\/2024\/04\/\u5927\u5408\u7167-2-1-1600x901.jpg 1600w, https:\/\/moyahousehold.com\/wp-content\/uploads\/2024\/04\/\u5927\u5408\u7167-2-1-660x371.jpg 660w, https:\/\/moyahousehold.com\/wp-content\/uploads\/2024\/04\/\u5927\u5408\u7167-2-1-150x84.jpg 150w\" sizes=\"(max-width: 6240px) 100vw, 6240px\" \/><\/figure>\n\n\n\n<h3 class=\"wp-block-heading\">Param\u00e8tres des bouteilles d'eau isothermes en gros<\/h3>\n\n\n\n<figure class=\"wp-block-table\"><table class=\"has-fixed-layout\"><tbody><tr><td>Objet<\/td><td>Capacit\u00e9<\/td><td>Couleur<\/td><td>Mat\u00e9riau<\/td><td>Dimensions<\/td><td>G.W.\/PCS<\/td><\/tr><tr><td>MY0894<\/td><td>500Ml<\/td><td>Black\/White\/Dark green<\/td><td>304 + PP + Silica gel<\/td><td>7.5*7.5*22.8<\/td><td>0,4 kg<\/td><\/tr><\/tbody><\/table><\/figure>\n<\/div>\n<\/div>\n\n\n\n<h3 class=\"wp-block-heading\">Options de bouteilles d'eau isothermes personnalis\u00e9es<\/h3>\n\n\n\n<p><strong>Couvercles<\/strong>: Stainless steel pressure lid, handle lid, wooden lid.<br><strong>Logo<\/strong>: Customize your brand logo on products and packaging.<br><strong>Logo Options<\/strong>: Printed logo, laser engraved logo, etc.<br><strong>Mod\u00e8les<\/strong>: Impression de motifs sur des bouteilles isothermes.<br><strong>Printing Technology<\/strong>: Water transfer printing, silk screen printing, heat transfer printing, sublimation transfer, etc.<br><strong>Emballage<\/strong>: Color box.<br><a href=\"https:\/\/moyahousehold.com\/fr\/solution-personnalisee\/\" data-type=\"page\" data-id=\"2817\" target=\"_blank\" rel=\"noreferrer noopener\"><strong>En savoir plus sur les solutions de bouteilles d'eau isothermes personnalis\u00e9es.<\/strong><\/a><\/p>\n\n\n\n<div class=\"wp-block-columns is-layout-flex wp-container-core-columns-is-layout-9d6595d7 wp-block-columns-is-layout-flex\">\n<div class=\"wp-block-column is-layout-flow wp-block-column-is-layout-flow\">\n<figure class=\"wp-block-image size-full\"><img decoding=\"async\" width=\"2694\" height=\"2694\" src=\"https:\/\/moyahousehold.com\/wp-content\/uploads\/2024\/04\/wholesale-bulk-insulated-water-bottles-3.jpg\" alt=\"bouteilles d&#039;eau isol\u00e9es en gros (3)\" class=\"wp-image-6996\" srcset=\"https:\/\/moyahousehold.com\/wp-content\/uploads\/2024\/04\/wholesale-bulk-insulated-water-bottles-3.jpg 2694w, https:\/\/moyahousehold.com\/wp-content\/uploads\/2024\/04\/wholesale-bulk-insulated-water-bottles-3-300x300.jpg 300w, https:\/\/moyahousehold.com\/wp-content\/uploads\/2024\/04\/wholesale-bulk-insulated-water-bottles-3-150x150.jpg 150w, https:\/\/moyahousehold.com\/wp-content\/uploads\/2024\/04\/wholesale-bulk-insulated-water-bottles-3-768x768.jpg 768w, https:\/\/moyahousehold.com\/wp-content\/uploads\/2024\/04\/wholesale-bulk-insulated-water-bottles-3-12x12.jpg 12w, https:\/\/moyahousehold.com\/wp-content\/uploads\/2024\/04\/wholesale-bulk-insulated-water-bottles-3-285x285.jpg 285w, https:\/\/moyahousehold.com\/wp-content\/uploads\/2024\/04\/wholesale-bulk-insulated-water-bottles-3-1600x1600.jpg 1600w, https:\/\/moyahousehold.com\/wp-content\/uploads\/2024\/04\/wholesale-bulk-insulated-water-bottles-3-270x270.jpg 270w, https:\/\/moyahousehold.com\/wp-content\/uploads\/2024\/04\/wholesale-bulk-insulated-water-bottles-3-540x540.jpg 540w, https:\/\/moyahousehold.com\/wp-content\/uploads\/2024\/04\/wholesale-bulk-insulated-water-bottles-3-660x660.jpg 660w\" sizes=\"(max-width: 2694px) 100vw, 2694px\" \/><\/figure>\n<\/div>\n\n\n\n<div class=\"wp-block-column is-layout-flow wp-block-column-is-layout-flow\">\n<figure class=\"wp-block-image size-full\"><img decoding=\"async\" width=\"2923\" height=\"2923\" src=\"https:\/\/moyahousehold.com\/wp-content\/uploads\/2024\/04\/wholesale-bulk-insulated-water-bottles-4.jpg\" alt=\"bouteilles d&#039;eau isol\u00e9es en gros (4)\" class=\"wp-image-6997\" srcset=\"https:\/\/moyahousehold.com\/wp-content\/uploads\/2024\/04\/wholesale-bulk-insulated-water-bottles-4.jpg 2923w, https:\/\/moyahousehold.com\/wp-content\/uploads\/2024\/04\/wholesale-bulk-insulated-water-bottles-4-300x300.jpg 300w, https:\/\/moyahousehold.com\/wp-content\/uploads\/2024\/04\/wholesale-bulk-insulated-water-bottles-4-150x150.jpg 150w, https:\/\/moyahousehold.com\/wp-content\/uploads\/2024\/04\/wholesale-bulk-insulated-water-bottles-4-768x768.jpg 768w, https:\/\/moyahousehold.com\/wp-content\/uploads\/2024\/04\/wholesale-bulk-insulated-water-bottles-4-12x12.jpg 12w, https:\/\/moyahousehold.com\/wp-content\/uploads\/2024\/04\/wholesale-bulk-insulated-water-bottles-4-285x285.jpg 285w, https:\/\/moyahousehold.com\/wp-content\/uploads\/2024\/04\/wholesale-bulk-insulated-water-bottles-4-1600x1600.jpg 1600w, https:\/\/moyahousehold.com\/wp-content\/uploads\/2024\/04\/wholesale-bulk-insulated-water-bottles-4-270x270.jpg 270w, https:\/\/moyahousehold.com\/wp-content\/uploads\/2024\/04\/wholesale-bulk-insulated-water-bottles-4-540x540.jpg 540w, https:\/\/moyahousehold.com\/wp-content\/uploads\/2024\/04\/wholesale-bulk-insulated-water-bottles-4-660x660.jpg 660w\" sizes=\"(max-width: 2923px) 100vw, 2923px\" \/><\/figure>\n<\/div>\n<\/div>\n\n\n\n<div class=\"wp-block-columns is-layout-flex wp-container-core-columns-is-layout-9d6595d7 wp-block-columns-is-layout-flex\">\n<div class=\"wp-block-column is-layout-flow wp-block-column-is-layout-flow\">\n<figure class=\"wp-block-image size-full\"><img loading=\"lazy\" decoding=\"async\" width=\"3462\" height=\"3462\" src=\"https:\/\/moyahousehold.com\/wp-content\/uploads\/2024\/04\/JS-\u97e9\u5f0f\u676f-8.jpg\" alt=\"Premium 500ml Insulated Bottle with Handle | 24-Hour Hot &amp; Cold Retention\" class=\"wp-image-12728\" srcset=\"https:\/\/moyahousehold.com\/wp-content\/uploads\/2024\/04\/JS-\u97e9\u5f0f\u676f-8.jpg 3462w, https:\/\/moyahousehold.com\/wp-content\/uploads\/2024\/04\/JS-\u97e9\u5f0f\u676f-8-300x300.jpg 300w, https:\/\/moyahousehold.com\/wp-content\/uploads\/2024\/04\/JS-\u97e9\u5f0f\u676f-8-150x150.jpg 150w, https:\/\/moyahousehold.com\/wp-content\/uploads\/2024\/04\/JS-\u97e9\u5f0f\u676f-8-768x768.jpg 768w, https:\/\/moyahousehold.com\/wp-content\/uploads\/2024\/04\/JS-\u97e9\u5f0f\u676f-8-12x12.jpg 12w, https:\/\/moyahousehold.com\/wp-content\/uploads\/2024\/04\/JS-\u97e9\u5f0f\u676f-8-285x285.jpg 285w, https:\/\/moyahousehold.com\/wp-content\/uploads\/2024\/04\/JS-\u97e9\u5f0f\u676f-8-1600x1600.jpg 1600w, https:\/\/moyahousehold.com\/wp-content\/uploads\/2024\/04\/JS-\u97e9\u5f0f\u676f-8-270x270.jpg 270w, https:\/\/moyahousehold.com\/wp-content\/uploads\/2024\/04\/JS-\u97e9\u5f0f\u676f-8-540x540.jpg 540w, https:\/\/moyahousehold.com\/wp-content\/uploads\/2024\/04\/JS-\u97e9\u5f0f\u676f-8-660x660.jpg 660w\" sizes=\"(max-width: 3462px) 100vw, 3462px\" \/><\/figure>\n<\/div>\n\n\n\n<div class=\"wp-block-column is-layout-flow wp-block-column-is-layout-flow\">\n<figure class=\"wp-block-image size-full\"><img loading=\"lazy\" decoding=\"async\" width=\"3488\" height=\"3488\" src=\"https:\/\/moyahousehold.com\/wp-content\/uploads\/2024\/04\/JS-\u97e9\u5f0f\u676f-4.jpg\" alt=\"Premium 500ml Insulated Bottle with Handle | 24-Hour Hot &amp; Cold Retention\" class=\"wp-image-12745\" srcset=\"https:\/\/moyahousehold.com\/wp-content\/uploads\/2024\/04\/JS-\u97e9\u5f0f\u676f-4.jpg 3488w, https:\/\/moyahousehold.com\/wp-content\/uploads\/2024\/04\/JS-\u97e9\u5f0f\u676f-4-300x300.jpg 300w, https:\/\/moyahousehold.com\/wp-content\/uploads\/2024\/04\/JS-\u97e9\u5f0f\u676f-4-150x150.jpg 150w, https:\/\/moyahousehold.com\/wp-content\/uploads\/2024\/04\/JS-\u97e9\u5f0f\u676f-4-768x768.jpg 768w, https:\/\/moyahousehold.com\/wp-content\/uploads\/2024\/04\/JS-\u97e9\u5f0f\u676f-4-12x12.jpg 12w, https:\/\/moyahousehold.com\/wp-content\/uploads\/2024\/04\/JS-\u97e9\u5f0f\u676f-4-285x285.jpg 285w, https:\/\/moyahousehold.com\/wp-content\/uploads\/2024\/04\/JS-\u97e9\u5f0f\u676f-4-1600x1600.jpg 1600w, https:\/\/moyahousehold.com\/wp-content\/uploads\/2024\/04\/JS-\u97e9\u5f0f\u676f-4-270x270.jpg 270w, https:\/\/moyahousehold.com\/wp-content\/uploads\/2024\/04\/JS-\u97e9\u5f0f\u676f-4-540x540.jpg 540w, https:\/\/moyahousehold.com\/wp-content\/uploads\/2024\/04\/JS-\u97e9\u5f0f\u676f-4-660x660.jpg 660w\" sizes=\"(max-width: 3488px) 100vw, 3488px\" \/><\/figure>\n<\/div>\n<\/div>\n\n\n\n<p><\/p>","protected":false},"excerpt":{"rendered":"<p>Wholesale 500ML insulated water bottles with handle, the lid has a handle design, easy to carry, suitable for daily use. Made of 304 stainless steel, with a paint finish on the outer layer, scratch-resistant and beautiful. Support OEM &amp; ODM, including LOGO, color, packaging and other personalized designs. Welcome to contact us for a quote.<\/p>\n<h3>Caract\u00e9ristiques et avantages des bouteilles d'eau isothermes en gros<\/h3>\n<p><strong>Multiplier les couleurs :<\/strong> Nous proposons plusieurs couleurs pour la s\u00e9lection de nos bouteilles d'eau isothermes en gros.<\/p>\n<p><strong>Excellente conception :<\/strong> Le couvercle rotatif s'ouvre facilement d'un simple mouvement de rotation. Le couvercle de la bouteille d'eau isotherme a un large diam\u00e8tre, ce qui permet de verser l'eau et de la nettoyer sans effort.<\/p>\n<p><strong>Good Insulation Performance:<\/strong> La bouteille d'eau isotherme est dot\u00e9e d'une couche de vide \u00e0 l'int\u00e9rieur du corps de la bouteille, ce qui maintient efficacement l'effet d'isolation et permet de conserver la temp\u00e9rature de la boisson pendant une longue p\u00e9riode.<\/p>\n<p><strong>High-Quality Material:<\/strong> La couche ext\u00e9rieure est en acier inoxydable 304 avec une peinture au four, qui est durable et belle, r\u00e9sistante aux rayures et \u00e0 l'usure. La couche int\u00e9rieure est \u00e9galement en acier inoxydable 304 pour garantir la sant\u00e9 et la s\u00e9curit\u00e9 de la boisson.<\/p>\n<p><strong>Wholesale Insulated Water Bottle Service:<\/strong> Nous fournissons des bouteilles d'eau isol\u00e9es en gros \u00e0 des prix d'usine et fournissons des \u00e9chantillons gratuits.<\/p>\n<p><strong>OEM and ODM Customization:<\/strong> Nous prenons en charge la personnalisation OEM et ODM des bouteilles d'eau isothermes, couvrant un large \u00e9ventail d'options de personnalisation, y compris la couleur, la forme, la taille, la capacit\u00e9 et l'emballage.<\/p>\n<p><strong><a href=\"https:\/\/moyahousehold.com\/fr\/solution-personnalisee\/\" target=\"_blank\" rel=\"noopener\">En savoir plus sur les solutions de bouteilles d'eau isol\u00e9es personnalis\u00e9es.<\/a><\/strong><strong><br \/><\/strong><\/p>","protected":false},"featured_media":6989,"comment_status":"closed","ping_status":"closed","template":"","meta":[],"product_cat":[53],"product_tag":[105,148],"class_list":{"0":"post-3179","1":"product","2":"type-product","3":"status-publish","4":"has-post-thumbnail","6":"product_cat-vacuum-bottle-wholesale","7":"product_tag-wholesale-500ml-insulated-water-bottles","8":"product_tag-stainless-steel-thermos-bottle","10":"first","11":"instock","12":"shipping-taxable","13":"product-type-simple"},"_links":{"self":[{"href":"https:\/\/moyahousehold.com\/fr\/wp-json\/wp\/v2\/product\/3179","targetHints":{"allow":["GET"]}}],"collection":[{"href":"https:\/\/moyahousehold.com\/fr\/wp-json\/wp\/v2\/product"}],"about":[{"href":"https:\/\/moyahousehold.com\/fr\/wp-json\/wp\/v2\/types\/product"}],"replies":[{"embeddable":true,"href":"https:\/\/moyahousehold.com\/fr\/wp-json\/wp\/v2\/comments?post=3179"}],"version-history":[{"count":0,"href":"https:\/\/moyahousehold.com\/fr\/wp-json\/wp\/v2\/product\/3179\/revisions"}],"wp:featuredmedia":[{"embeddable":true,"href":"https:\/\/moyahousehold.com\/fr\/wp-json\/wp\/v2\/media\/6989"}],"wp:attachment":[{"href":"https:\/\/moyahousehold.com\/fr\/wp-json\/wp\/v2\/media?parent=3179"}],"wp:term":[{"taxonomy":"product_cat","embeddable":true,"href":"https:\/\/moyahousehold.com\/fr\/wp-json\/wp\/v2\/product_cat?post=3179"},{"taxonomy":"product_tag","embeddable":true,"href":"https:\/\/moyahousehold.com\/fr\/wp-json\/wp\/v2\/product_tag?post=3179"}],"curies":[{"name":"wp","href":"https:\/\/api.w.org\/{rel}","templated":true}]}}