{"id":3180,"date":"2024-04-21T05:52:03","date_gmt":"2024-04-21T05:52:03","guid":{"rendered":"https:\/\/moyahousehold.com\/?post_type=product&#038;p=3180"},"modified":"2026-04-08T08:28:44","modified_gmt":"2026-04-08T08:28:44","slug":"wholesale-thermal-water-bottles-350ml","status":"publish","type":"product","link":"https:\/\/moyahousehold.com\/fr\/produit\/wholesale-thermal-water-bottles-350ml\/","title":{"rendered":"Bulk Wholesale Small 350ML Insulated Bottles for Kids &amp; Travel | Custom OEM\/ODM"},"content":{"rendered":"<figure class=\"wp-block-image size-full\"><img fetchpriority=\"high\" decoding=\"async\" width=\"6101\" height=\"3434\" src=\"https:\/\/moyahousehold.com\/wp-content\/uploads\/2024\/04\/\u5927\u5408\u7167-1.jpg\" alt=\"Premium 500ml Insulated Bottle with Handle | 24-Hour Hot &amp; Cold Retention\" class=\"wp-image-12770\" srcset=\"https:\/\/moyahousehold.com\/wp-content\/uploads\/2024\/04\/\u5927\u5408\u7167-1.jpg 6101w, https:\/\/moyahousehold.com\/wp-content\/uploads\/2024\/04\/\u5927\u5408\u7167-1-300x169.jpg 300w, https:\/\/moyahousehold.com\/wp-content\/uploads\/2024\/04\/\u5927\u5408\u7167-1-768x432.jpg 768w, https:\/\/moyahousehold.com\/wp-content\/uploads\/2024\/04\/\u5927\u5408\u7167-1-18x10.jpg 18w, https:\/\/moyahousehold.com\/wp-content\/uploads\/2024\/04\/\u5927\u5408\u7167-1-285x160.jpg 285w, https:\/\/moyahousehold.com\/wp-content\/uploads\/2024\/04\/\u5927\u5408\u7167-1-1600x901.jpg 1600w, https:\/\/moyahousehold.com\/wp-content\/uploads\/2024\/04\/\u5927\u5408\u7167-1-660x371.jpg 660w, https:\/\/moyahousehold.com\/wp-content\/uploads\/2024\/04\/\u5927\u5408\u7167-1-150x84.jpg 150w\" sizes=\"(max-width: 6101px) 100vw, 6101px\" \/><\/figure>\n\n\n\n<p><\/p>\n\n\n\n<div class=\"wp-block-columns is-layout-flex wp-container-core-columns-is-layout-9d6595d7 wp-block-columns-is-layout-flex\">\n<div class=\"wp-block-column is-layout-flow wp-block-column-is-layout-flow\">\n<h3 class=\"wp-block-heading\">Param\u00e8tres de la bouteille d'eau isotherme de 350 ml<\/h3>\n\n\n\n<figure class=\"wp-block-table\"><table class=\"has-fixed-layout\"><tbody><tr><td>Objet<\/td><td>Capacit\u00e9<\/td><td>Couleur<\/td><td>Mat\u00e9riau<\/td><td>Dimensions<\/td><td>G.W.\/PCS<\/td><\/tr><tr><td>MY0615<\/td><td>350ML<\/td><td>Black\/White\/Pink\/Dark Green<\/td><td>304 + PP + Silica Gel<\/td><td>7.3*7.3*18.4<\/td><td>0,4 kg<\/td><\/tr><\/tbody><\/table><\/figure>\n<\/div>\n<\/div>\n\n\n\n<h3 class=\"wp-block-heading\">Custom 350ML Insulated Water Bottle Options<\/h3>\n\n\n\n<p><strong>Couvercles :<\/strong> Stainless steel pressure lid, handle lid, wooden lid.<br><strong>Logo : <\/strong>Customize your brand logo on products and packaging.<br><strong>Logo Options: <\/strong>Printed logo, laser engraved logo, etc.<br><strong>Mod\u00e8les :<\/strong> Printing patterns on insulated water bottles.<br><strong>Printing Technology: <\/strong>Water transfer printing, silk screen printing, heat transfer printing, sublimation transfer, etc.<br><strong>Emballage : <\/strong>Color box.<br><a href=\"https:\/\/moyahousehold.com\/fr\/solution-personnalisee\/\" data-type=\"page\" data-id=\"2817\"><strong>Plus de personnalisation<\/strong><\/a><\/p>\n\n\n\n<div class=\"wp-block-columns is-layout-flex wp-container-core-columns-is-layout-9d6595d7 wp-block-columns-is-layout-flex\">\n<div class=\"wp-block-column is-layout-flow wp-block-column-is-layout-flow\">\n<figure class=\"wp-block-image size-full\"><img decoding=\"async\" width=\"1600\" height=\"1600\" src=\"https:\/\/moyahousehold.com\/wp-content\/uploads\/2024\/04\/wholesale-350mL-samll-insulated-water-bottle-3.webp\" alt=\"grossiste Bouteille d&#039;eau isotherme 350mL (3)\" class=\"wp-image-10299\" srcset=\"https:\/\/moyahousehold.com\/wp-content\/uploads\/2024\/04\/wholesale-350mL-samll-insulated-water-bottle-3.webp 1600w, https:\/\/moyahousehold.com\/wp-content\/uploads\/2024\/04\/wholesale-350mL-samll-insulated-water-bottle-3-300x300.webp 300w, https:\/\/moyahousehold.com\/wp-content\/uploads\/2024\/04\/wholesale-350mL-samll-insulated-water-bottle-3-150x150.webp 150w, https:\/\/moyahousehold.com\/wp-content\/uploads\/2024\/04\/wholesale-350mL-samll-insulated-water-bottle-3-768x768.webp 768w, https:\/\/moyahousehold.com\/wp-content\/uploads\/2024\/04\/wholesale-350mL-samll-insulated-water-bottle-3-12x12.webp 12w, https:\/\/moyahousehold.com\/wp-content\/uploads\/2024\/04\/wholesale-350mL-samll-insulated-water-bottle-3-285x285.webp 285w, https:\/\/moyahousehold.com\/wp-content\/uploads\/2024\/04\/wholesale-350mL-samll-insulated-water-bottle-3-270x270.webp 270w, https:\/\/moyahousehold.com\/wp-content\/uploads\/2024\/04\/wholesale-350mL-samll-insulated-water-bottle-3-540x540.webp 540w, https:\/\/moyahousehold.com\/wp-content\/uploads\/2024\/04\/wholesale-350mL-samll-insulated-water-bottle-3-660x660.webp 660w\" sizes=\"(max-width: 1600px) 100vw, 1600px\" \/><\/figure>\n<\/div>\n\n\n\n<div class=\"wp-block-column is-layout-flow wp-block-column-is-layout-flow\">\n<figure class=\"wp-block-image size-full\"><img decoding=\"async\" width=\"1600\" height=\"1600\" src=\"https:\/\/moyahousehold.com\/wp-content\/uploads\/2024\/04\/wholesale-350mL-samll-insulated-water-bottle-4.webp\" alt=\"grossiste Bouteille d&#039;eau isotherme 350mL (4)\" class=\"wp-image-10300\" srcset=\"https:\/\/moyahousehold.com\/wp-content\/uploads\/2024\/04\/wholesale-350mL-samll-insulated-water-bottle-4.webp 1600w, https:\/\/moyahousehold.com\/wp-content\/uploads\/2024\/04\/wholesale-350mL-samll-insulated-water-bottle-4-300x300.webp 300w, https:\/\/moyahousehold.com\/wp-content\/uploads\/2024\/04\/wholesale-350mL-samll-insulated-water-bottle-4-150x150.webp 150w, https:\/\/moyahousehold.com\/wp-content\/uploads\/2024\/04\/wholesale-350mL-samll-insulated-water-bottle-4-768x768.webp 768w, https:\/\/moyahousehold.com\/wp-content\/uploads\/2024\/04\/wholesale-350mL-samll-insulated-water-bottle-4-12x12.webp 12w, https:\/\/moyahousehold.com\/wp-content\/uploads\/2024\/04\/wholesale-350mL-samll-insulated-water-bottle-4-285x285.webp 285w, https:\/\/moyahousehold.com\/wp-content\/uploads\/2024\/04\/wholesale-350mL-samll-insulated-water-bottle-4-270x270.webp 270w, https:\/\/moyahousehold.com\/wp-content\/uploads\/2024\/04\/wholesale-350mL-samll-insulated-water-bottle-4-540x540.webp 540w, https:\/\/moyahousehold.com\/wp-content\/uploads\/2024\/04\/wholesale-350mL-samll-insulated-water-bottle-4-660x660.webp 660w\" sizes=\"(max-width: 1600px) 100vw, 1600px\" \/><\/figure>\n<\/div>\n<\/div>\n\n\n\n<div class=\"wp-block-columns is-layout-flex wp-container-core-columns-is-layout-9d6595d7 wp-block-columns-is-layout-flex\">\n<div class=\"wp-block-column is-layout-flow wp-block-column-is-layout-flow\">\n<figure class=\"wp-block-image size-full\"><img loading=\"lazy\" decoding=\"async\" width=\"4160\" height=\"4160\" src=\"https:\/\/moyahousehold.com\/wp-content\/uploads\/2024\/04\/JS-\u7b80\u7ea6\u676f-20.jpg\" alt=\"Premium 350ml Insulated Bottle with Handle | 24-Hour Hot &amp; Cold Retention\" class=\"wp-image-12789\" srcset=\"https:\/\/moyahousehold.com\/wp-content\/uploads\/2024\/04\/JS-\u7b80\u7ea6\u676f-20.jpg 4160w, https:\/\/moyahousehold.com\/wp-content\/uploads\/2024\/04\/JS-\u7b80\u7ea6\u676f-20-300x300.jpg 300w, https:\/\/moyahousehold.com\/wp-content\/uploads\/2024\/04\/JS-\u7b80\u7ea6\u676f-20-150x150.jpg 150w, https:\/\/moyahousehold.com\/wp-content\/uploads\/2024\/04\/JS-\u7b80\u7ea6\u676f-20-768x768.jpg 768w, https:\/\/moyahousehold.com\/wp-content\/uploads\/2024\/04\/JS-\u7b80\u7ea6\u676f-20-12x12.jpg 12w, https:\/\/moyahousehold.com\/wp-content\/uploads\/2024\/04\/JS-\u7b80\u7ea6\u676f-20-285x285.jpg 285w, https:\/\/moyahousehold.com\/wp-content\/uploads\/2024\/04\/JS-\u7b80\u7ea6\u676f-20-1600x1600.jpg 1600w, https:\/\/moyahousehold.com\/wp-content\/uploads\/2024\/04\/JS-\u7b80\u7ea6\u676f-20-270x270.jpg 270w, https:\/\/moyahousehold.com\/wp-content\/uploads\/2024\/04\/JS-\u7b80\u7ea6\u676f-20-540x540.jpg 540w, https:\/\/moyahousehold.com\/wp-content\/uploads\/2024\/04\/JS-\u7b80\u7ea6\u676f-20-660x660.jpg 660w\" sizes=\"(max-width: 4160px) 100vw, 4160px\" \/><\/figure>\n<\/div>\n\n\n\n<div class=\"wp-block-column is-layout-flow wp-block-column-is-layout-flow\">\n<figure class=\"wp-block-image size-full\"><img loading=\"lazy\" decoding=\"async\" width=\"3902\" height=\"3902\" src=\"https:\/\/moyahousehold.com\/wp-content\/uploads\/2024\/04\/JS-\u7b80\u7ea6\u676f-16.jpg\" alt=\"Premium 350ml Insulated Bottle with Handle | 24-Hour Hot &amp; Cold Retention\" class=\"wp-image-12788\" srcset=\"https:\/\/moyahousehold.com\/wp-content\/uploads\/2024\/04\/JS-\u7b80\u7ea6\u676f-16.jpg 3902w, https:\/\/moyahousehold.com\/wp-content\/uploads\/2024\/04\/JS-\u7b80\u7ea6\u676f-16-300x300.jpg 300w, https:\/\/moyahousehold.com\/wp-content\/uploads\/2024\/04\/JS-\u7b80\u7ea6\u676f-16-150x150.jpg 150w, https:\/\/moyahousehold.com\/wp-content\/uploads\/2024\/04\/JS-\u7b80\u7ea6\u676f-16-768x768.jpg 768w, https:\/\/moyahousehold.com\/wp-content\/uploads\/2024\/04\/JS-\u7b80\u7ea6\u676f-16-12x12.jpg 12w, https:\/\/moyahousehold.com\/wp-content\/uploads\/2024\/04\/JS-\u7b80\u7ea6\u676f-16-285x285.jpg 285w, https:\/\/moyahousehold.com\/wp-content\/uploads\/2024\/04\/JS-\u7b80\u7ea6\u676f-16-1600x1600.jpg 1600w, https:\/\/moyahousehold.com\/wp-content\/uploads\/2024\/04\/JS-\u7b80\u7ea6\u676f-16-270x270.jpg 270w, https:\/\/moyahousehold.com\/wp-content\/uploads\/2024\/04\/JS-\u7b80\u7ea6\u676f-16-540x540.jpg 540w, https:\/\/moyahousehold.com\/wp-content\/uploads\/2024\/04\/JS-\u7b80\u7ea6\u676f-16-660x660.jpg 660w\" sizes=\"(max-width: 3902px) 100vw, 3902px\" \/><\/figure>\n<\/div>\n<\/div>\n\n\n\n<p><\/p>","protected":false},"excerpt":{"rendered":"<p>Bouteille d'eau isotherme de 350 ml, petite et l\u00e9g\u00e8re, adapt\u00e9e \u00e0 l'utilisation quotidienne, le couvercle int\u00e9rieur adopte un design scell\u00e9 pour emp\u00eacher efficacement les fuites d'eau, plus de tranquillit\u00e9 d'esprit lors de l'utilisation. Le fabricant de bouteilles d'eau MOYA prend en charge les commandes de petits et grands lots, fournit des services professionnels OEM et ODM, contactez-nous pour un devis.<\/p>\n<h3>Caract\u00e9ristiques et avantages de la petite bouteille d'eau isotherme de 350 ml<\/h3>\n<div>\n<p><strong>Small Capacity: <\/strong>La capacit\u00e9 de cette petite bouteille d'eau isotherme est de 350 ml, ce qui convient au transport et \u00e0 l'utilisation quotidiens pour r\u00e9pondre aux besoins en eau potable.<\/p>\n<p><strong>Lightweight and Portable: <\/strong>La bouteille d'eau isotherme est petite et l\u00e9g\u00e8re, facile \u00e0 mettre dans le sac, et permet de se r\u00e9approvisionner en eau \u00e0 tout moment et en tout lieu.<\/p>\n<p><strong>Fashion Appearance: <\/strong>La bouteille d'eau isotherme a un aspect unique, simple et moderne, et est tr\u00e8s appr\u00e9ci\u00e9e des consommateurs.<\/p>\n<p><strong>Healthy Material:<\/strong> Fabriqu\u00e9 en acier inoxydable 304 de qualit\u00e9 alimentaire, il ne contient pas de BPA, a une bonne durabilit\u00e9 et une bonne r\u00e9sistance \u00e0 la corrosion, est s\u00fbr et non toxique, et garantit la sant\u00e9 de la boisson.<\/p>\n<p><strong>Professional Wholesale Service:<\/strong> Le fabricant de bouteilles d'eau MOYA fournit le meilleur service de bouteilles d'eau isol\u00e9es en gros, fournit des \u00e9chantillons gratuits, prend en charge les commandes de petits lots et les achats de grands lots.<\/p>\n<p><strong>Custom Insulated Water Bottle Service:<\/strong> Nous proposons des solutions personnalis\u00e9es OEM et ODM, notamment en ce qui concerne le corps de la bouteille, la capacit\u00e9, la couleur de l'emballage et d'autres conceptions personnalis\u00e9es afin de r\u00e9pondre aux besoins de votre marque.<\/p>\n<\/div>\n<p><strong><a href=\"https:\/\/moyahousehold.com\/fr\/solution-personnalisee\/\">En savoir plus sur les solutions OEM&amp;ODM de bouteilles d'eau isothermes personnalis\u00e9es.\u00a0<\/a><\/strong><\/p>","protected":false},"featured_media":10295,"comment_status":"closed","ping_status":"closed","template":"","meta":[],"product_cat":[53],"product_tag":[104],"class_list":{"0":"post-3180","1":"product","2":"type-product","3":"status-publish","4":"has-post-thumbnail","6":"product_cat-vacuum-bottle-wholesale","7":"product_tag-wholesale-350ml-insulated-water-bottles","9":"first","10":"instock","11":"shipping-taxable","12":"product-type-simple"},"_links":{"self":[{"href":"https:\/\/moyahousehold.com\/fr\/wp-json\/wp\/v2\/product\/3180","targetHints":{"allow":["GET"]}}],"collection":[{"href":"https:\/\/moyahousehold.com\/fr\/wp-json\/wp\/v2\/product"}],"about":[{"href":"https:\/\/moyahousehold.com\/fr\/wp-json\/wp\/v2\/types\/product"}],"replies":[{"embeddable":true,"href":"https:\/\/moyahousehold.com\/fr\/wp-json\/wp\/v2\/comments?post=3180"}],"version-history":[{"count":0,"href":"https:\/\/moyahousehold.com\/fr\/wp-json\/wp\/v2\/product\/3180\/revisions"}],"wp:featuredmedia":[{"embeddable":true,"href":"https:\/\/moyahousehold.com\/fr\/wp-json\/wp\/v2\/media\/10295"}],"wp:attachment":[{"href":"https:\/\/moyahousehold.com\/fr\/wp-json\/wp\/v2\/media?parent=3180"}],"wp:term":[{"taxonomy":"product_cat","embeddable":true,"href":"https:\/\/moyahousehold.com\/fr\/wp-json\/wp\/v2\/product_cat?post=3180"},{"taxonomy":"product_tag","embeddable":true,"href":"https:\/\/moyahousehold.com\/fr\/wp-json\/wp\/v2\/product_tag?post=3180"}],"curies":[{"name":"wp","href":"https:\/\/api.w.org\/{rel}","templated":true}]}}