{"id":3272,"date":"2024-04-21T08:06:23","date_gmt":"2024-04-21T08:06:23","guid":{"rendered":"https:\/\/moyahousehold.com\/?post_type=product&#038;p=3272"},"modified":"2025-02-06T10:15:53","modified_gmt":"2025-02-06T10:15:53","slug":"stylish-wholesale-thermos-bottles-with-elegant-wooden-lids","status":"publish","type":"product","link":"https:\/\/moyahousehold.com\/fr\/produit\/stylish-wholesale-thermos-bottles-with-elegant-wooden-lids\/","title":{"rendered":"Vente en gros de bouteilles thermos de 350 ml avec couvercles en bois \u00e9l\u00e9gants"},"content":{"rendered":"<div class=\"wp-block-columns is-layout-flex wp-container-core-columns-is-layout-9d6595d7 wp-block-columns-is-layout-flex\">\n<div class=\"wp-block-column is-layout-flow wp-block-column-is-layout-flow\">\n<h3 class=\"wp-block-heading\">Param\u00e8tres des bouteilles thermos en gros<\/h3>\n\n\n\n<figure class=\"wp-block-table\"><table class=\"has-fixed-layout\"><tbody><tr><td>Produit&nbsp;<\/td><td>Capacit\u00e9<\/td><td>Mod\u00e8le<\/td><td>Couleur<\/td><td>Mat\u00e9riau<\/td><td>Dimensions<\/td><td>Poids brut<\/td><\/tr><tr><td>Bouteille thermos de 350 ml avec couvercle en bois<\/td><td>350mL<\/td><td>MY0893<\/td><td>noir,<br>blanc,<br>rose,<br>beige,<br>rouge chinois<\/td><td>PP, acier inoxydable 304\uff0csilica gel,<br>h\u00eatre<\/td><td>73x73x175mm<\/td><td>0,6 kg<\/td><\/tr><\/tbody><\/table><\/figure>\n<\/div>\n<\/div>\n\n\n\n<h3 class=\"wp-block-heading\">Options de bouteilles thermos personnalis\u00e9es<\/h3>\n\n\n\n<p><strong>Couvercles<\/strong>Couvercle \u00e0 pression en acier inoxydable, couvercle \u00e0 poign\u00e9e, couvercle en bois.<br><strong>Logo<\/strong>: personnalisez le logo de votre marque sur les produits et l'emballage.<br><strong>Options du logo<\/strong>logo imprim\u00e9, logo grav\u00e9 au laser, etc.<br><strong>Mod\u00e8les<\/strong>: motifs d'impression sur des bouteilles thermos.<br><strong>Technologie d'impression<\/strong>Les techniques utilis\u00e9es sont les suivantes : impression par transfert d'eau, impression par s\u00e9rigraphie, impression par transfert de chaleur, transfert par sublimation, etc.<br><strong>Emballage<\/strong>: bo\u00eete de couleur.<br><a href=\"https:\/\/moyahousehold.com\/fr\/solution-personnalisee\/\" data-type=\"page\" data-id=\"2817\" target=\"_blank\" rel=\"noreferrer noopener\"><strong>En savoir plus sur les solutions de bouteilles thermos personnalis\u00e9es.<\/strong><\/a><\/p>\n\n\n\n<div class=\"wp-block-columns is-layout-flex wp-container-core-columns-is-layout-9d6595d7 wp-block-columns-is-layout-flex\">\n<div class=\"wp-block-column is-layout-flow wp-block-column-is-layout-flow\">\n<figure class=\"wp-block-image size-full\"><img fetchpriority=\"high\" decoding=\"async\" width=\"1600\" height=\"1600\" src=\"https:\/\/moyahousehold.com\/wp-content\/uploads\/2024\/04\/350mL-thermos-bottle-details-1.webp\" alt=\"Bouteille thermos de 350 ml d\u00e9tails (1)\" class=\"wp-image-10306\" srcset=\"https:\/\/moyahousehold.com\/wp-content\/uploads\/2024\/04\/350mL-thermos-bottle-details-1.webp 1600w, https:\/\/moyahousehold.com\/wp-content\/uploads\/2024\/04\/350mL-thermos-bottle-details-1-300x300.webp 300w, https:\/\/moyahousehold.com\/wp-content\/uploads\/2024\/04\/350mL-thermos-bottle-details-1-150x150.webp 150w, https:\/\/moyahousehold.com\/wp-content\/uploads\/2024\/04\/350mL-thermos-bottle-details-1-768x768.webp 768w, https:\/\/moyahousehold.com\/wp-content\/uploads\/2024\/04\/350mL-thermos-bottle-details-1-12x12.webp 12w, https:\/\/moyahousehold.com\/wp-content\/uploads\/2024\/04\/350mL-thermos-bottle-details-1-285x285.webp 285w, https:\/\/moyahousehold.com\/wp-content\/uploads\/2024\/04\/350mL-thermos-bottle-details-1-270x270.webp 270w, https:\/\/moyahousehold.com\/wp-content\/uploads\/2024\/04\/350mL-thermos-bottle-details-1-540x540.webp 540w, https:\/\/moyahousehold.com\/wp-content\/uploads\/2024\/04\/350mL-thermos-bottle-details-1-660x660.webp 660w\" sizes=\"(max-width: 1600px) 100vw, 1600px\" \/><\/figure>\n<\/div>\n\n\n\n<div class=\"wp-block-column is-layout-flow wp-block-column-is-layout-flow\">\n<figure class=\"wp-block-image size-full\"><img decoding=\"async\" width=\"1600\" height=\"1600\" src=\"https:\/\/moyahousehold.com\/wp-content\/uploads\/2024\/04\/350mL-thermos-bottle-details-2.webp\" alt=\"Bouteille thermos de 350 ml d\u00e9tails (2)\" class=\"wp-image-10307\" srcset=\"https:\/\/moyahousehold.com\/wp-content\/uploads\/2024\/04\/350mL-thermos-bottle-details-2.webp 1600w, https:\/\/moyahousehold.com\/wp-content\/uploads\/2024\/04\/350mL-thermos-bottle-details-2-300x300.webp 300w, https:\/\/moyahousehold.com\/wp-content\/uploads\/2024\/04\/350mL-thermos-bottle-details-2-150x150.webp 150w, https:\/\/moyahousehold.com\/wp-content\/uploads\/2024\/04\/350mL-thermos-bottle-details-2-768x768.webp 768w, https:\/\/moyahousehold.com\/wp-content\/uploads\/2024\/04\/350mL-thermos-bottle-details-2-12x12.webp 12w, https:\/\/moyahousehold.com\/wp-content\/uploads\/2024\/04\/350mL-thermos-bottle-details-2-285x285.webp 285w, https:\/\/moyahousehold.com\/wp-content\/uploads\/2024\/04\/350mL-thermos-bottle-details-2-270x270.webp 270w, https:\/\/moyahousehold.com\/wp-content\/uploads\/2024\/04\/350mL-thermos-bottle-details-2-540x540.webp 540w, https:\/\/moyahousehold.com\/wp-content\/uploads\/2024\/04\/350mL-thermos-bottle-details-2-660x660.webp 660w\" sizes=\"(max-width: 1600px) 100vw, 1600px\" \/><\/figure>\n<\/div>\n<\/div>","protected":false},"excerpt":{"rendered":"<p>En tant que l'un des meilleurs fabricants de bouteilles thermos en Chine, nous fournissons un service professionnel de vente en gros de bouteilles thermos. Cette bouteille thermos est dot\u00e9e d'un couvercle en \u00e9rable, elle est exquise et \u00e9l\u00e9gante, d'une beaut\u00e9 classique.Le design de la corde suspendue permet de la prendre avec plus d'\u00e9l\u00e9gance.Nous fournissons une vari\u00e9t\u00e9 de couleurs personnalis\u00e9es pour r\u00e9pondre aux pr\u00e9f\u00e9rences de chacun.Si vous voulez plus d'options, nous offrons une solution compl\u00e8te de bouteille thermos personnalis\u00e9e.N'h\u00e9sitez pas \u00e0 nous contacter si vous avez besoin d'aide.<\/p>\n<h3>Caract\u00e9ristiques et avantages des bouteilles thermos en gros<\/h3>\n<div>1) Le corps de cette bouteille thermos est en acier inoxydable 304, avec une isolation 24 heures sur 24 et une isolation contre le froid.<\/div>\n<p>&nbsp;<\/p>\n<div>2. \u00c9quip\u00e9 d'un couvercle en bois d'\u00e9rable et d'une sangle en cuir PU, il est facile \u00e0 transporter et \u00e0 emporter en voyage.<\/div>\n<p>&nbsp;<\/p>\n<div>3. les bouteilles thermos en gros ont un design simple, elles sont durables et ont une apparence exquise et compacte.<\/p>\n<p>4. les bouteilles thermos en gros pr\u00e9sentent une texture mate et offrent une prise en main naturelle et confortable.<\/div>\n<p>&nbsp;<\/p>\n<div>5. Faites pivoter le couvercle pour r\u00e9tablir l'hydratation \u00e0 tout moment et en tout lieu.<\/p>\n<p>6. Plusieurs couleurs peuvent \u00eatre s\u00e9lectionn\u00e9es.<\/div>\n<p>&nbsp;<\/p>\n<p><strong><a href=\"https:\/\/moyahousehold.com\/fr\/solution-personnalisee\/\" target=\"_blank\" rel=\"noopener\">7. solutions de bouteilles thermos personnalis\u00e9es OEM&amp;ODM.<\/a><\/p>\n<p><\/strong><br \/><strong><br \/><\/strong><\/p>","protected":false},"featured_media":7444,"comment_status":"open","ping_status":"closed","template":"","meta":[],"product_cat":[53],"product_tag":[104],"class_list":{"0":"post-3272","1":"product","2":"type-product","3":"status-publish","4":"has-post-thumbnail","6":"product_cat-vacuum-bottle-wholesale","7":"product_tag-wholesale-350ml-insulated-water-bottles","9":"first","10":"instock","11":"shipping-taxable","12":"product-type-simple"},"_links":{"self":[{"href":"https:\/\/moyahousehold.com\/fr\/wp-json\/wp\/v2\/product\/3272","targetHints":{"allow":["GET"]}}],"collection":[{"href":"https:\/\/moyahousehold.com\/fr\/wp-json\/wp\/v2\/product"}],"about":[{"href":"https:\/\/moyahousehold.com\/fr\/wp-json\/wp\/v2\/types\/product"}],"replies":[{"embeddable":true,"href":"https:\/\/moyahousehold.com\/fr\/wp-json\/wp\/v2\/comments?post=3272"}],"version-history":[{"count":0,"href":"https:\/\/moyahousehold.com\/fr\/wp-json\/wp\/v2\/product\/3272\/revisions"}],"wp:featuredmedia":[{"embeddable":true,"href":"https:\/\/moyahousehold.com\/fr\/wp-json\/wp\/v2\/media\/7444"}],"wp:attachment":[{"href":"https:\/\/moyahousehold.com\/fr\/wp-json\/wp\/v2\/media?parent=3272"}],"wp:term":[{"taxonomy":"product_cat","embeddable":true,"href":"https:\/\/moyahousehold.com\/fr\/wp-json\/wp\/v2\/product_cat?post=3272"},{"taxonomy":"product_tag","embeddable":true,"href":"https:\/\/moyahousehold.com\/fr\/wp-json\/wp\/v2\/product_tag?post=3272"}],"curies":[{"name":"wp","href":"https:\/\/api.w.org\/{rel}","templated":true}]}}