{"id":3299,"date":"2024-04-21T08:47:49","date_gmt":"2024-04-21T08:47:49","guid":{"rendered":"https:\/\/moyahousehold.com\/?post_type=product&#038;p=3299"},"modified":"2025-02-06T10:15:43","modified_gmt":"2025-02-06T10:15:43","slug":"wholesale-insulated-water-bottle-straight-style","status":"publish","type":"product","link":"https:\/\/moyahousehold.com\/fr\/produit\/wholesale-insulated-water-bottle-straight-style\/","title":{"rendered":"Grossiste Bouteille d'eau isotherme 350mL Style droit, adapt\u00e9e \u00e0 l'utilisation en v\u00e9hicule"},"content":{"rendered":"<div class=\"wp-block-columns is-layout-flex wp-container-core-columns-is-layout-9d6595d7 wp-block-columns-is-layout-flex\">\n<div class=\"wp-block-column is-layout-flow wp-block-column-is-layout-flow\">\n<h3 class=\"wp-block-heading\">Param\u00e8tres des bouteilles d'eau isothermes en gros<\/h3>\n\n\n\n<figure class=\"wp-block-table\"><table class=\"has-fixed-layout\"><tbody><tr><td>Produit&nbsp;<\/td><td>Capacit\u00e9<\/td><td>Mod\u00e8le<\/td><td>Couleur<\/td><td>Mat\u00e9riau<\/td><td>Dimensions<\/td><td>Poids brut<\/td><\/tr><tr><td>Voiture droite<br>gobelet isotherme<\/td><td>350mL<\/td><td>MY0839-A<\/td><td>noir,<br>rose,<br>blanc,<br>acier<\/td><td>PP, acier inoxydable 304\uff0csilica gel<\/td><td>73x73x180mm<\/td><td>0,4 kg<\/td><\/tr><\/tbody><\/table><\/figure>\n<\/div>\n<\/div>\n\n\n\n<h3 class=\"wp-block-heading\">Options de bouteilles d'eau isothermes personnalis\u00e9es<\/h3>\n\n\n\n<p><strong>Couvercles<\/strong>Couvercle \u00e0 pression en acier inoxydable, couvercle \u00e0 poign\u00e9e, couvercle en bois.<br><strong>Logo<\/strong>: personnalisez le logo de votre marque sur les produits et l'emballage.<br><strong>Options du logo<\/strong>logo imprim\u00e9, logo grav\u00e9 au laser, etc.<br><strong>Mod\u00e8les<\/strong>: motifs d'impression sur des bouteilles d'eau isothermes.<br><strong>Technologie d'impression<\/strong>Les techniques utilis\u00e9es sont les suivantes : impression par transfert d'eau, impression par s\u00e9rigraphie, impression par transfert de chaleur, transfert par sublimation, etc.<br><strong>Paquet<\/strong>: bo\u00eete de couleur.<br><a href=\"https:\/\/moyahousehold.com\/fr\/solution-personnalisee\/\" data-type=\"page\" data-id=\"2817\" target=\"_blank\" rel=\"noreferrer noopener\"><strong>En savoir plus sur les solutions de bouteilles d'eau isothermes personnalis\u00e9es.<\/strong><\/a><\/p>\n\n\n\n<div class=\"wp-block-columns is-layout-flex wp-container-core-columns-is-layout-9d6595d7 wp-block-columns-is-layout-flex\">\n<div class=\"wp-block-column is-layout-flow wp-block-column-is-layout-flow\">\n<figure class=\"wp-block-image size-full\"><img fetchpriority=\"high\" decoding=\"async\" width=\"3875\" height=\"3875\" src=\"https:\/\/moyahousehold.com\/wp-content\/uploads\/2024\/04\/Wholesale-Insulated-Water-Bottles-10.webp\" alt=\"Grossiste Bouteilles d&#039;eau isothermes (10)\" class=\"wp-image-7089\" srcset=\"https:\/\/moyahousehold.com\/wp-content\/uploads\/2024\/04\/Wholesale-Insulated-Water-Bottles-10.webp 3875w, https:\/\/moyahousehold.com\/wp-content\/uploads\/2024\/04\/Wholesale-Insulated-Water-Bottles-10-300x300.webp 300w, https:\/\/moyahousehold.com\/wp-content\/uploads\/2024\/04\/Wholesale-Insulated-Water-Bottles-10-150x150.webp 150w, https:\/\/moyahousehold.com\/wp-content\/uploads\/2024\/04\/Wholesale-Insulated-Water-Bottles-10-768x768.webp 768w, https:\/\/moyahousehold.com\/wp-content\/uploads\/2024\/04\/Wholesale-Insulated-Water-Bottles-10-12x12.webp 12w, https:\/\/moyahousehold.com\/wp-content\/uploads\/2024\/04\/Wholesale-Insulated-Water-Bottles-10-285x285.webp 285w, https:\/\/moyahousehold.com\/wp-content\/uploads\/2024\/04\/Wholesale-Insulated-Water-Bottles-10-1600x1600.webp 1600w, https:\/\/moyahousehold.com\/wp-content\/uploads\/2024\/04\/Wholesale-Insulated-Water-Bottles-10-270x270.webp 270w, https:\/\/moyahousehold.com\/wp-content\/uploads\/2024\/04\/Wholesale-Insulated-Water-Bottles-10-540x540.webp 540w, https:\/\/moyahousehold.com\/wp-content\/uploads\/2024\/04\/Wholesale-Insulated-Water-Bottles-10-660x660.webp 660w\" sizes=\"(max-width: 3875px) 100vw, 3875px\" \/><\/figure>\n<\/div>\n\n\n\n<div class=\"wp-block-column is-layout-flow wp-block-column-is-layout-flow\">\n<figure class=\"wp-block-image size-full\"><img decoding=\"async\" width=\"3994\" height=\"3994\" src=\"https:\/\/moyahousehold.com\/wp-content\/uploads\/2024\/04\/Wholesale-Insulated-Water-Bottles-9.webp\" alt=\"Bouteilles d&#039;eau isothermes en gros (9)\" class=\"wp-image-7088\" srcset=\"https:\/\/moyahousehold.com\/wp-content\/uploads\/2024\/04\/Wholesale-Insulated-Water-Bottles-9.webp 3994w, https:\/\/moyahousehold.com\/wp-content\/uploads\/2024\/04\/Wholesale-Insulated-Water-Bottles-9-300x300.webp 300w, https:\/\/moyahousehold.com\/wp-content\/uploads\/2024\/04\/Wholesale-Insulated-Water-Bottles-9-150x150.webp 150w, https:\/\/moyahousehold.com\/wp-content\/uploads\/2024\/04\/Wholesale-Insulated-Water-Bottles-9-768x768.webp 768w, https:\/\/moyahousehold.com\/wp-content\/uploads\/2024\/04\/Wholesale-Insulated-Water-Bottles-9-12x12.webp 12w, https:\/\/moyahousehold.com\/wp-content\/uploads\/2024\/04\/Wholesale-Insulated-Water-Bottles-9-285x285.webp 285w, https:\/\/moyahousehold.com\/wp-content\/uploads\/2024\/04\/Wholesale-Insulated-Water-Bottles-9-1600x1600.webp 1600w, https:\/\/moyahousehold.com\/wp-content\/uploads\/2024\/04\/Wholesale-Insulated-Water-Bottles-9-270x270.webp 270w, https:\/\/moyahousehold.com\/wp-content\/uploads\/2024\/04\/Wholesale-Insulated-Water-Bottles-9-540x540.webp 540w, https:\/\/moyahousehold.com\/wp-content\/uploads\/2024\/04\/Wholesale-Insulated-Water-Bottles-9-660x660.webp 660w\" sizes=\"(max-width: 3994px) 100vw, 3994px\" \/><\/figure>\n<\/div>\n<\/div>\n\n\n\n<div class=\"wp-block-columns is-layout-flex wp-container-core-columns-is-layout-9d6595d7 wp-block-columns-is-layout-flex\">\n<div class=\"wp-block-column is-layout-flow wp-block-column-is-layout-flow\"><\/div>\n\n\n\n<div class=\"wp-block-column is-layout-flow wp-block-column-is-layout-flow\"><\/div>\n<\/div>","protected":false},"excerpt":{"rendered":"<p>Moya, fabricant de bouteilles d'eau en acier inoxydable, grossiste en bouteilles d'eau isothermes. Elle est herm\u00e9tiquement ferm\u00e9e et il n'y a pas lieu de s'inqui\u00e9ter d'un \u00e9ventuel d\u00e9versement. Il existe une large gamme de choix de couleurs pour r\u00e9pondre aux pr\u00e9f\u00e9rences des diff\u00e9rentes personnes. Nous acceptons les demandes OEM et ODM, n'h\u00e9sitez pas \u00e0 nous contacter.<\/p>\n<h3>Caract\u00e9ristiques et avantages des bouteilles d'eau isothermes de 350 ml<\/h3>\n<div>\n<p><strong>Conception \u00e0 large ouverture :<\/strong> La bouteille d'eau isotherme est dot\u00e9e d'un large goulot qui permet de verser facilement l'eau et qui est facile \u00e0 nettoyer pour \u00e9viter la prolif\u00e9ration des bact\u00e9ries.<\/p>\n<p><strong>Performance d'isolation sup\u00e9rieure :<\/strong> Gr\u00e2ce \u00e0 la conception sous vide \u00e0 double couche de haute qualit\u00e9, les boissons chaudes peuvent \u00eatre conserv\u00e9es au chaud pendant longtemps, et les boissons froides peuvent \u00e9galement \u00eatre conserv\u00e9es au frais pendant longtemps.<\/p>\n<p><strong>Polyvalence :<\/strong> Fabriqu\u00e9e en acier inoxydable 304 de haute qualit\u00e9, la bouteille d'eau isotherme convient \u00e0 une vari\u00e9t\u00e9 de boissons, y compris l'eau, le th\u00e9, le caf\u00e9, etc. pour r\u00e9pondre \u00e0 diff\u00e9rents besoins de consommation.<\/p>\n<p><strong>Versement facile :<\/strong> Appuyez sur la partie sup\u00e9rieure du couvercle int\u00e9rieur \u00e0 l'aide d'un seul bouton pour verser l'eau en douceur, ce qui \u00e9limine la n\u00e9cessit\u00e9 d'ouvrir le bouchon de la bouteille et rend l'utilisation plus pratique.<\/p>\n<p><strong>Services OEM et ODM :<\/strong> MOYA propose des solutions uniques de bouteilles d'eau isothermes personnalis\u00e9es, couvrant un large \u00e9ventail d'options de personnalisation, y compris les couvercles, les couleurs, les formes et les capacit\u00e9s.<\/p>\n<\/div>\n<p><strong><a href=\"https:\/\/moyahousehold.com\/fr\/solution-personnalisee\/\" target=\"_blank\" rel=\"noopener\">En savoir plus sur les solutions de bouteilles d'eau isothermes personnalis\u00e9es.\u00a0<\/a><\/strong><\/p>","protected":false},"featured_media":7077,"comment_status":"closed","ping_status":"closed","template":"","meta":[],"product_cat":[53],"product_tag":[104],"class_list":{"0":"post-3299","1":"product","2":"type-product","3":"status-publish","4":"has-post-thumbnail","6":"product_cat-vacuum-bottle-wholesale","7":"product_tag-wholesale-350ml-insulated-water-bottles","9":"first","10":"instock","11":"shipping-taxable","12":"product-type-simple"},"_links":{"self":[{"href":"https:\/\/moyahousehold.com\/fr\/wp-json\/wp\/v2\/product\/3299","targetHints":{"allow":["GET"]}}],"collection":[{"href":"https:\/\/moyahousehold.com\/fr\/wp-json\/wp\/v2\/product"}],"about":[{"href":"https:\/\/moyahousehold.com\/fr\/wp-json\/wp\/v2\/types\/product"}],"replies":[{"embeddable":true,"href":"https:\/\/moyahousehold.com\/fr\/wp-json\/wp\/v2\/comments?post=3299"}],"version-history":[{"count":0,"href":"https:\/\/moyahousehold.com\/fr\/wp-json\/wp\/v2\/product\/3299\/revisions"}],"wp:featuredmedia":[{"embeddable":true,"href":"https:\/\/moyahousehold.com\/fr\/wp-json\/wp\/v2\/media\/7077"}],"wp:attachment":[{"href":"https:\/\/moyahousehold.com\/fr\/wp-json\/wp\/v2\/media?parent=3299"}],"wp:term":[{"taxonomy":"product_cat","embeddable":true,"href":"https:\/\/moyahousehold.com\/fr\/wp-json\/wp\/v2\/product_cat?post=3299"},{"taxonomy":"product_tag","embeddable":true,"href":"https:\/\/moyahousehold.com\/fr\/wp-json\/wp\/v2\/product_tag?post=3299"}],"curies":[{"name":"wp","href":"https:\/\/api.w.org\/{rel}","templated":true}]}}