{"id":3362,"date":"2024-04-21T10:07:03","date_gmt":"2024-04-21T10:07:03","guid":{"rendered":"https:\/\/moyahousehold.com\/?post_type=product&#038;p=3362"},"modified":"2026-04-09T06:39:11","modified_gmt":"2026-04-09T06:39:11","slug":"wholesale-insulated-carafe-japanese-style","status":"publish","type":"product","link":"https:\/\/moyahousehold.com\/fr\/produit\/wholesale-insulated-carafe-japanese-style\/","title":{"rendered":"Wholesale 1.3L Japanese Style Coffee Thermal Carafe | Exceptional Heat Retention for Hot Beverages"},"content":{"rendered":"<h3 class=\"wp-block-heading\">Param\u00e8tres de la carafe thermique \u00e0 caf\u00e9 1.3L<\/h3>\n\n\n\n<figure class=\"wp-block-table\"><table class=\"has-fixed-layout\"><tbody><tr><td><strong>Objet<\/strong><\/td><td><strong>Mat\u00e9riau<\/strong><\/td><td><strong>Couleur<\/strong><\/td><td><strong>Dimension<\/strong><\/td><td><strong>G.W.\/PCS<\/strong><\/td><\/tr><tr><td>MY0992<\/td><td>304 + PP + Silica Gel + Beech<\/td><td>Beige\/Black\/White\/Pink\/Mint Green\/Dark Green\/Chinese Red\/Crimson<\/td><td>19.5*13*21.2<\/td><td>1kg<\/td><\/tr><\/tbody><\/table><\/figure>\n\n\n\n<div class=\"wp-block-columns is-layout-flex wp-container-core-columns-is-layout-9d6595d7 wp-block-columns-is-layout-flex\">\n<div class=\"wp-block-column is-layout-flow wp-block-column-is-layout-flow\">\n<h3 class=\"wp-block-heading\">Options de carafe thermique personnalis\u00e9e<\/h3>\n\n\n\n<p><strong>Couvercles<\/strong>: Stainless steel pressure lid<br><strong>Logo<\/strong>: Customize your brand logo on product and packaging.<br><strong>Logo Options<\/strong>: Printed logo, laser engraved logo and more.<br><strong>Mod\u00e8le<\/strong>: Customize the printing of designs on the thermos.<br><strong>Printing Technology<\/strong>: Water transfer printing, silk screen printing, heat transfer printing, sublimation transfer and more.<br><strong>Emballage :<\/strong> Color box<br><br><a href=\"https:\/\/moyahousehold.com\/fr\/solution-personnalisee\/\" target=\"_blank\" rel=\"noreferrer noopener\"><strong>D\u00e9couvrez d'autres solutions thermos personnalis\u00e9es.<\/strong><\/a><\/p>\n\n\n\n<p><br><\/p>\n<\/div>\n<\/div>\n\n\n\n<div class=\"wp-block-columns is-layout-flex wp-container-core-columns-is-layout-9d6595d7 wp-block-columns-is-layout-flex\">\n<div class=\"wp-block-column is-layout-flow wp-block-column-is-layout-flow\">\n<figure class=\"wp-block-image size-full\"><img fetchpriority=\"high\" decoding=\"async\" width=\"2103\" height=\"2103\" src=\"https:\/\/moyahousehold.com\/wp-content\/uploads\/2024\/04\/5.png\" alt=\"MOYA 1.3L Thermal Carafe with Wooden Handle \u2013 Double Wall Stainless Steel, Ideal for Hot Beverages\" class=\"wp-image-12845\" srcset=\"https:\/\/moyahousehold.com\/wp-content\/uploads\/2024\/04\/5.png 2103w, https:\/\/moyahousehold.com\/wp-content\/uploads\/2024\/04\/5-300x300.png 300w, https:\/\/moyahousehold.com\/wp-content\/uploads\/2024\/04\/5-150x150.png 150w, https:\/\/moyahousehold.com\/wp-content\/uploads\/2024\/04\/5-768x768.png 768w, https:\/\/moyahousehold.com\/wp-content\/uploads\/2024\/04\/5-12x12.png 12w, https:\/\/moyahousehold.com\/wp-content\/uploads\/2024\/04\/5-285x285.png 285w, https:\/\/moyahousehold.com\/wp-content\/uploads\/2024\/04\/5-1600x1600.png 1600w, https:\/\/moyahousehold.com\/wp-content\/uploads\/2024\/04\/5-270x270.png 270w, https:\/\/moyahousehold.com\/wp-content\/uploads\/2024\/04\/5-540x540.png 540w, https:\/\/moyahousehold.com\/wp-content\/uploads\/2024\/04\/5-660x660.png 660w\" sizes=\"(max-width: 2103px) 100vw, 2103px\" \/><\/figure>\n<\/div>\n\n\n\n<div class=\"wp-block-column is-layout-flow wp-block-column-is-layout-flow\">\n<figure class=\"wp-block-image size-full\"><img decoding=\"async\" width=\"2187\" height=\"2187\" src=\"https:\/\/moyahousehold.com\/wp-content\/uploads\/2024\/04\/6.png\" alt=\"MOYA 1.3L Thermal Carafe with Wooden Handle \u2013 Double Wall Stainless Steel, Ideal for Hot Beverages\" class=\"wp-image-12844\" srcset=\"https:\/\/moyahousehold.com\/wp-content\/uploads\/2024\/04\/6.png 2187w, https:\/\/moyahousehold.com\/wp-content\/uploads\/2024\/04\/6-300x300.png 300w, https:\/\/moyahousehold.com\/wp-content\/uploads\/2024\/04\/6-150x150.png 150w, https:\/\/moyahousehold.com\/wp-content\/uploads\/2024\/04\/6-768x768.png 768w, https:\/\/moyahousehold.com\/wp-content\/uploads\/2024\/04\/6-12x12.png 12w, https:\/\/moyahousehold.com\/wp-content\/uploads\/2024\/04\/6-285x285.png 285w, https:\/\/moyahousehold.com\/wp-content\/uploads\/2024\/04\/6-1600x1600.png 1600w, https:\/\/moyahousehold.com\/wp-content\/uploads\/2024\/04\/6-270x270.png 270w, https:\/\/moyahousehold.com\/wp-content\/uploads\/2024\/04\/6-540x540.png 540w, https:\/\/moyahousehold.com\/wp-content\/uploads\/2024\/04\/6-660x660.png 660w\" sizes=\"(max-width: 2187px) 100vw, 2187px\" \/><\/figure>\n<\/div>\n<\/div>\n\n\n\n<div class=\"wp-block-columns is-layout-flex wp-container-core-columns-is-layout-9d6595d7 wp-block-columns-is-layout-flex\">\n<div class=\"wp-block-column is-layout-flow wp-block-column-is-layout-flow\">\n<figure class=\"wp-block-image size-full\"><img decoding=\"async\" width=\"2232\" height=\"2232\" src=\"https:\/\/moyahousehold.com\/wp-content\/uploads\/2024\/04\/1.png\" alt=\"MOYA 1.3L Thermal Carafe with Wooden Handle \u2013 Double Wall Stainless Steel, Ideal for Hot Beverages\" class=\"wp-image-12842\" srcset=\"https:\/\/moyahousehold.com\/wp-content\/uploads\/2024\/04\/1.png 2232w, https:\/\/moyahousehold.com\/wp-content\/uploads\/2024\/04\/1-300x300.png 300w, https:\/\/moyahousehold.com\/wp-content\/uploads\/2024\/04\/1-150x150.png 150w, https:\/\/moyahousehold.com\/wp-content\/uploads\/2024\/04\/1-768x768.png 768w, https:\/\/moyahousehold.com\/wp-content\/uploads\/2024\/04\/1-12x12.png 12w, https:\/\/moyahousehold.com\/wp-content\/uploads\/2024\/04\/1-285x285.png 285w, https:\/\/moyahousehold.com\/wp-content\/uploads\/2024\/04\/1-1600x1600.png 1600w, https:\/\/moyahousehold.com\/wp-content\/uploads\/2024\/04\/1-270x270.png 270w, https:\/\/moyahousehold.com\/wp-content\/uploads\/2024\/04\/1-540x540.png 540w, https:\/\/moyahousehold.com\/wp-content\/uploads\/2024\/04\/1-660x660.png 660w\" sizes=\"(max-width: 2232px) 100vw, 2232px\" \/><\/figure>\n<\/div>\n\n\n\n<div class=\"wp-block-column is-layout-flow wp-block-column-is-layout-flow\">\n<figure class=\"wp-block-image size-full\"><img loading=\"lazy\" decoding=\"async\" width=\"2210\" height=\"2210\" src=\"https:\/\/moyahousehold.com\/wp-content\/uploads\/2024\/04\/2.png\" alt=\"MOYA 1.3L Thermal Carafe with Wooden Handle \u2013 Double Wall Stainless Steel, Ideal for Hot Beverages\" class=\"wp-image-12843\" srcset=\"https:\/\/moyahousehold.com\/wp-content\/uploads\/2024\/04\/2.png 2210w, https:\/\/moyahousehold.com\/wp-content\/uploads\/2024\/04\/2-300x300.png 300w, https:\/\/moyahousehold.com\/wp-content\/uploads\/2024\/04\/2-150x150.png 150w, https:\/\/moyahousehold.com\/wp-content\/uploads\/2024\/04\/2-768x768.png 768w, https:\/\/moyahousehold.com\/wp-content\/uploads\/2024\/04\/2-12x12.png 12w, https:\/\/moyahousehold.com\/wp-content\/uploads\/2024\/04\/2-285x285.png 285w, https:\/\/moyahousehold.com\/wp-content\/uploads\/2024\/04\/2-1600x1600.png 1600w, https:\/\/moyahousehold.com\/wp-content\/uploads\/2024\/04\/2-270x270.png 270w, https:\/\/moyahousehold.com\/wp-content\/uploads\/2024\/04\/2-540x540.png 540w, https:\/\/moyahousehold.com\/wp-content\/uploads\/2024\/04\/2-660x660.png 660w\" sizes=\"(max-width: 2210px) 100vw, 2210px\" \/><\/figure>\n<\/div>\n<\/div>\n\n\n\n<div class=\"wp-block-columns is-layout-flex wp-container-core-columns-is-layout-9d6595d7 wp-block-columns-is-layout-flex\">\n<div class=\"wp-block-column is-layout-flow wp-block-column-is-layout-flow\">\n<figure class=\"wp-block-image size-full\"><img loading=\"lazy\" decoding=\"async\" width=\"4160\" height=\"6240\" src=\"https:\/\/moyahousehold.com\/wp-content\/uploads\/2024\/04\/5.jpg\" alt=\"MOYA 1.3L Thermal Carafe with Wooden Handle \u2013 Double Wall Stainless Steel, Ideal for Hot Beverages\" class=\"wp-image-12846\" srcset=\"https:\/\/moyahousehold.com\/wp-content\/uploads\/2024\/04\/5.jpg 4160w, https:\/\/moyahousehold.com\/wp-content\/uploads\/2024\/04\/5-200x300.jpg 200w, https:\/\/moyahousehold.com\/wp-content\/uploads\/2024\/04\/5-768x1152.jpg 768w, https:\/\/moyahousehold.com\/wp-content\/uploads\/2024\/04\/5-8x12.jpg 8w, https:\/\/moyahousehold.com\/wp-content\/uploads\/2024\/04\/5-285x428.jpg 285w, https:\/\/moyahousehold.com\/wp-content\/uploads\/2024\/04\/5-1600x2400.jpg 1600w, https:\/\/moyahousehold.com\/wp-content\/uploads\/2024\/04\/5-440x660.jpg 440w, https:\/\/moyahousehold.com\/wp-content\/uploads\/2024\/04\/5-100x150.jpg 100w\" sizes=\"(max-width: 4160px) 100vw, 4160px\" \/><\/figure>\n<\/div>\n\n\n\n<div class=\"wp-block-column is-layout-flow wp-block-column-is-layout-flow\">\n<figure class=\"wp-block-image size-full\"><img loading=\"lazy\" decoding=\"async\" width=\"4160\" height=\"6240\" src=\"https:\/\/moyahousehold.com\/wp-content\/uploads\/2024\/04\/6.jpg\" alt=\"MOYA 1.3L Thermal Carafe with Wooden Handle \u2013 Double Wall Stainless Steel, Ideal for Hot Beverages\" class=\"wp-image-12847\" srcset=\"https:\/\/moyahousehold.com\/wp-content\/uploads\/2024\/04\/6.jpg 4160w, https:\/\/moyahousehold.com\/wp-content\/uploads\/2024\/04\/6-200x300.jpg 200w, https:\/\/moyahousehold.com\/wp-content\/uploads\/2024\/04\/6-768x1152.jpg 768w, https:\/\/moyahousehold.com\/wp-content\/uploads\/2024\/04\/6-8x12.jpg 8w, https:\/\/moyahousehold.com\/wp-content\/uploads\/2024\/04\/6-285x428.jpg 285w, https:\/\/moyahousehold.com\/wp-content\/uploads\/2024\/04\/6-1600x2400.jpg 1600w, https:\/\/moyahousehold.com\/wp-content\/uploads\/2024\/04\/6-440x660.jpg 440w, https:\/\/moyahousehold.com\/wp-content\/uploads\/2024\/04\/6-100x150.jpg 100w\" sizes=\"(max-width: 4160px) 100vw, 4160px\" \/><\/figure>\n<\/div>\n<\/div>","protected":false},"excerpt":{"rendered":"<p>Wholesale Japanese coffee thermal carafe, as an ideal choice for catering industry, cafes, hotels and home use, this coffee thermal carafe adopts high-quality stainless steel lining and advanced double-layer vacuum insulation technology to keep hot and cold drinks at the temperature for a long time, ensuring the best taste of the drinks. <strong>En tant que fabricant de thermos, nous fournissons des services de personnalisation OEM et ODM, n'h\u00e9sitez pas \u00e0 nous contacter.<\/strong><\/p>\n<h3>Caract\u00e9ristiques de la carafe thermique \u00e0 caf\u00e9 1.3L<\/h3>\n<p><strong>Large Capacity Design (1.3 Liters):<\/strong> Cette carafe thermique \u00e0 caf\u00e9 a une capacit\u00e9 de 1,3 litre, ce qui permet de maintenir l'hydratation toute la journ\u00e9e dans un environnement de bureau, en r\u00e9duisant consid\u00e9rablement la n\u00e9cessit\u00e9 d'ajouter de l'eau.<\/p>\n<p><strong>Excellent Insulation Performance:<\/strong> Gr\u00e2ce \u00e0 la technologie d'isolation sous vide \u00e0 double couche, qu'il soit rempli d'eau chaude, de boissons chaudes ou de boissons froides, il peut maintenir la temp\u00e9rature de la boisson pendant des heures, la gardant ainsi dans un \u00e9tat id\u00e9al.<\/p>\n<p><strong>Safe Liner Material:<\/strong> Le rev\u00eatement de cette carafe thermique \u00e0 caf\u00e9 est en acier inoxydable 304 de haute qualit\u00e9, qui pr\u00e9sente une excellente r\u00e9sistance \u00e0 la corrosion et une grande durabilit\u00e9, garantissant la puret\u00e9 de l'eau \u00e0 chaque fois que vous la buvez.<\/p>\n<p><strong>Convenient Switch Design:<\/strong> Cette carafe thermique \u00e0 caf\u00e9 est \u00e9quip\u00e9e d'un interrupteur \u00e0 pression \u00e0 bouton unique. Lors de l'utilisation, il suffit d'appuyer l\u00e9g\u00e8rement sur le bouton et l'eau s'\u00e9coule naturellement, ce qui rend l'utilisation quotidienne plus facile et plus pratique.<\/p>\n<p><strong>Comfortable Handle Configuration:<\/strong> Cette carafe \u00e0 caf\u00e9 thermique est \u00e9quip\u00e9e d'une poign\u00e9e en bois de h\u00eatre lisse, qui offre aux utilisateurs une sensation de prise en main extr\u00eamement confortable.<\/p>","protected":false},"featured_media":9757,"comment_status":"open","ping_status":"closed","template":"","meta":[],"product_cat":[54],"product_tag":[82,85],"class_list":{"0":"post-3362","1":"product","2":"type-product","3":"status-publish","4":"has-post-thumbnail","6":"product_cat-thermal-carafe-wholesale","7":"product_tag-wholesale-1300ml-thermos-carafe","8":"product_tag-wholesale-stainless-steel-liner-thermos-carafe","10":"first","11":"instock","12":"shipping-taxable","13":"product-type-simple"},"_links":{"self":[{"href":"https:\/\/moyahousehold.com\/fr\/wp-json\/wp\/v2\/product\/3362","targetHints":{"allow":["GET"]}}],"collection":[{"href":"https:\/\/moyahousehold.com\/fr\/wp-json\/wp\/v2\/product"}],"about":[{"href":"https:\/\/moyahousehold.com\/fr\/wp-json\/wp\/v2\/types\/product"}],"replies":[{"embeddable":true,"href":"https:\/\/moyahousehold.com\/fr\/wp-json\/wp\/v2\/comments?post=3362"}],"version-history":[{"count":0,"href":"https:\/\/moyahousehold.com\/fr\/wp-json\/wp\/v2\/product\/3362\/revisions"}],"wp:featuredmedia":[{"embeddable":true,"href":"https:\/\/moyahousehold.com\/fr\/wp-json\/wp\/v2\/media\/9757"}],"wp:attachment":[{"href":"https:\/\/moyahousehold.com\/fr\/wp-json\/wp\/v2\/media?parent=3362"}],"wp:term":[{"taxonomy":"product_cat","embeddable":true,"href":"https:\/\/moyahousehold.com\/fr\/wp-json\/wp\/v2\/product_cat?post=3362"},{"taxonomy":"product_tag","embeddable":true,"href":"https:\/\/moyahousehold.com\/fr\/wp-json\/wp\/v2\/product_tag?post=3362"}],"curies":[{"name":"wp","href":"https:\/\/api.w.org\/{rel}","templated":true}]}}