{"id":3393,"date":"2024-04-21T10:41:42","date_gmt":"2024-04-21T10:41:42","guid":{"rendered":"https:\/\/moyahousehold.com\/?post_type=product&#038;p=3393"},"modified":"2026-04-09T07:13:14","modified_gmt":"2026-04-09T07:13:14","slug":"wholesale-1000ml-cute-thermal-carafe","status":"publish","type":"product","link":"https:\/\/moyahousehold.com\/fr\/produit\/wholesale-1000ml-cute-thermal-carafe\/","title":{"rendered":"Wholesale 1000ML Cute Thermal Carafe, Available in Many Colors, Support OEM &amp; ODM"},"content":{"rendered":"<h3 class=\"wp-block-heading\">Parameters of 1000ML Cute Thermal Carafe<\/h3>\n\n\n\n<figure class=\"wp-block-table\"><table class=\"has-fixed-layout\"><tbody><tr><td><strong>Objet<\/strong><\/td><td><strong>Mat\u00e9riau<\/strong><\/td><td><strong>Couleur<\/strong><\/td><td><strong>Dimension<\/strong><\/td><td><strong>G.W.\/PCS<\/strong><\/td><\/tr><tr><td>MY830<\/td><td>Borosilicate + PP + Silica Gel<\/td><td>Pink\/Crimson\/Black\/Dark Green\/Beige<\/td><td>18.3*12.6*24.1<\/td><td>1kg<\/td><\/tr><\/tbody><\/table><\/figure>\n\n\n\n<div class=\"wp-block-columns is-layout-flex wp-container-core-columns-is-layout-9d6595d7 wp-block-columns-is-layout-flex\">\n<div class=\"wp-block-column is-layout-flow wp-block-column-is-layout-flow\">\n<h3 class=\"wp-block-heading\">Options de carafe thermique personnalis\u00e9e<\/h3>\n\n\n\n<p><strong>Couvercles : <\/strong>Stainless steel pressure lid<br><strong>Logo :<\/strong> Personnalisez le logo de votre marque sur le produit et l'emballage.<br><strong>Logo Options:<\/strong> Printed logo, laser engraved logo, etc.<br><strong>Mod\u00e8le : <\/strong>Printing patterns on vacuum jug.<br><strong>Printing Technology:<\/strong> Water transfer printing, silk screen printing, heat transfer printing, sublimation transfer, etc.<br><strong>Emballage :<\/strong> Color box<br><a href=\"https:\/\/moyahousehold.com\/fr\/solution-personnalisee\/\"><strong>D\u00e9couvrez d'autres solutions de carafes thermiques personnalis\u00e9es <\/strong><\/a><\/p>\n<\/div>\n<\/div>\n\n\n\n<div class=\"wp-block-columns is-layout-flex wp-container-core-columns-is-layout-9d6595d7 wp-block-columns-is-layout-flex\">\n<div class=\"wp-block-column is-layout-flow wp-block-column-is-layout-flow\">\n<figure class=\"wp-block-image size-full\"><img fetchpriority=\"high\" decoding=\"async\" width=\"3697\" height=\"3697\" src=\"https:\/\/moyahousehold.com\/wp-content\/uploads\/2024\/04\/JS\u5c0f\u5446\u4fdd\u6e29\u58f6-1.jpg\" alt=\"MOYA 1.0L Minimalist Thermal Pot, Perfect for Home, Office, or Tea\/Coffee\" class=\"wp-image-12857\" srcset=\"https:\/\/moyahousehold.com\/wp-content\/uploads\/2024\/04\/JS\u5c0f\u5446\u4fdd\u6e29\u58f6-1.jpg 3697w, https:\/\/moyahousehold.com\/wp-content\/uploads\/2024\/04\/JS\u5c0f\u5446\u4fdd\u6e29\u58f6-1-300x300.jpg 300w, https:\/\/moyahousehold.com\/wp-content\/uploads\/2024\/04\/JS\u5c0f\u5446\u4fdd\u6e29\u58f6-1-150x150.jpg 150w, https:\/\/moyahousehold.com\/wp-content\/uploads\/2024\/04\/JS\u5c0f\u5446\u4fdd\u6e29\u58f6-1-768x768.jpg 768w, https:\/\/moyahousehold.com\/wp-content\/uploads\/2024\/04\/JS\u5c0f\u5446\u4fdd\u6e29\u58f6-1-12x12.jpg 12w, https:\/\/moyahousehold.com\/wp-content\/uploads\/2024\/04\/JS\u5c0f\u5446\u4fdd\u6e29\u58f6-1-285x285.jpg 285w, https:\/\/moyahousehold.com\/wp-content\/uploads\/2024\/04\/JS\u5c0f\u5446\u4fdd\u6e29\u58f6-1-1600x1600.jpg 1600w, https:\/\/moyahousehold.com\/wp-content\/uploads\/2024\/04\/JS\u5c0f\u5446\u4fdd\u6e29\u58f6-1-270x270.jpg 270w, https:\/\/moyahousehold.com\/wp-content\/uploads\/2024\/04\/JS\u5c0f\u5446\u4fdd\u6e29\u58f6-1-540x540.jpg 540w, https:\/\/moyahousehold.com\/wp-content\/uploads\/2024\/04\/JS\u5c0f\u5446\u4fdd\u6e29\u58f6-1-660x660.jpg 660w\" sizes=\"(max-width: 3697px) 100vw, 3697px\" \/><\/figure>\n<\/div>\n\n\n\n<div class=\"wp-block-column is-layout-flow wp-block-column-is-layout-flow\">\n<figure class=\"wp-block-image size-full\"><img decoding=\"async\" width=\"3624\" height=\"3624\" src=\"https:\/\/moyahousehold.com\/wp-content\/uploads\/2024\/04\/JS\u5c0f\u5446\u4fdd\u6e29\u58f6-2.jpg\" alt=\"MOYA 1.0L Minimalist Thermal Pot, Perfect for Home, Office, or Tea\/Coffee\" class=\"wp-image-12858\" srcset=\"https:\/\/moyahousehold.com\/wp-content\/uploads\/2024\/04\/JS\u5c0f\u5446\u4fdd\u6e29\u58f6-2.jpg 3624w, https:\/\/moyahousehold.com\/wp-content\/uploads\/2024\/04\/JS\u5c0f\u5446\u4fdd\u6e29\u58f6-2-300x300.jpg 300w, https:\/\/moyahousehold.com\/wp-content\/uploads\/2024\/04\/JS\u5c0f\u5446\u4fdd\u6e29\u58f6-2-150x150.jpg 150w, https:\/\/moyahousehold.com\/wp-content\/uploads\/2024\/04\/JS\u5c0f\u5446\u4fdd\u6e29\u58f6-2-768x768.jpg 768w, https:\/\/moyahousehold.com\/wp-content\/uploads\/2024\/04\/JS\u5c0f\u5446\u4fdd\u6e29\u58f6-2-12x12.jpg 12w, https:\/\/moyahousehold.com\/wp-content\/uploads\/2024\/04\/JS\u5c0f\u5446\u4fdd\u6e29\u58f6-2-285x285.jpg 285w, https:\/\/moyahousehold.com\/wp-content\/uploads\/2024\/04\/JS\u5c0f\u5446\u4fdd\u6e29\u58f6-2-1600x1600.jpg 1600w, https:\/\/moyahousehold.com\/wp-content\/uploads\/2024\/04\/JS\u5c0f\u5446\u4fdd\u6e29\u58f6-2-270x270.jpg 270w, https:\/\/moyahousehold.com\/wp-content\/uploads\/2024\/04\/JS\u5c0f\u5446\u4fdd\u6e29\u58f6-2-540x540.jpg 540w, https:\/\/moyahousehold.com\/wp-content\/uploads\/2024\/04\/JS\u5c0f\u5446\u4fdd\u6e29\u58f6-2-660x660.jpg 660w\" sizes=\"(max-width: 3624px) 100vw, 3624px\" \/><\/figure>\n<\/div>\n<\/div>\n\n\n\n<div class=\"wp-block-columns is-layout-flex wp-container-core-columns-is-layout-9d6595d7 wp-block-columns-is-layout-flex\">\n<div class=\"wp-block-column is-layout-flow wp-block-column-is-layout-flow\">\n<figure class=\"wp-block-image size-full\"><img decoding=\"async\" width=\"4160\" height=\"6240\" src=\"https:\/\/moyahousehold.com\/wp-content\/uploads\/2024\/04\/JS\u5c0f\u5446\u4fdd\u6e29\u58f6-17.jpg\" alt=\"\" class=\"wp-image-12860\" srcset=\"https:\/\/moyahousehold.com\/wp-content\/uploads\/2024\/04\/JS\u5c0f\u5446\u4fdd\u6e29\u58f6-17.jpg 4160w, https:\/\/moyahousehold.com\/wp-content\/uploads\/2024\/04\/JS\u5c0f\u5446\u4fdd\u6e29\u58f6-17-200x300.jpg 200w, https:\/\/moyahousehold.com\/wp-content\/uploads\/2024\/04\/JS\u5c0f\u5446\u4fdd\u6e29\u58f6-17-768x1152.jpg 768w, https:\/\/moyahousehold.com\/wp-content\/uploads\/2024\/04\/JS\u5c0f\u5446\u4fdd\u6e29\u58f6-17-8x12.jpg 8w, https:\/\/moyahousehold.com\/wp-content\/uploads\/2024\/04\/JS\u5c0f\u5446\u4fdd\u6e29\u58f6-17-285x428.jpg 285w, https:\/\/moyahousehold.com\/wp-content\/uploads\/2024\/04\/JS\u5c0f\u5446\u4fdd\u6e29\u58f6-17-1600x2400.jpg 1600w, https:\/\/moyahousehold.com\/wp-content\/uploads\/2024\/04\/JS\u5c0f\u5446\u4fdd\u6e29\u58f6-17-440x660.jpg 440w, https:\/\/moyahousehold.com\/wp-content\/uploads\/2024\/04\/JS\u5c0f\u5446\u4fdd\u6e29\u58f6-17-100x150.jpg 100w\" sizes=\"(max-width: 4160px) 100vw, 4160px\" \/><\/figure>\n<\/div>\n\n\n\n<div class=\"wp-block-column is-layout-flow wp-block-column-is-layout-flow\">\n<figure class=\"wp-block-image size-full\"><img loading=\"lazy\" decoding=\"async\" width=\"4160\" height=\"6240\" src=\"https:\/\/moyahousehold.com\/wp-content\/uploads\/2024\/04\/JS\u5c0f\u5446\u4fdd\u6e29\u58f6-16.jpg\" alt=\"MOYA 1.0L Minimalist Thermal Pot, Perfect for Home, Office, or Tea\/Coffee\" class=\"wp-image-12859\" srcset=\"https:\/\/moyahousehold.com\/wp-content\/uploads\/2024\/04\/JS\u5c0f\u5446\u4fdd\u6e29\u58f6-16.jpg 4160w, https:\/\/moyahousehold.com\/wp-content\/uploads\/2024\/04\/JS\u5c0f\u5446\u4fdd\u6e29\u58f6-16-200x300.jpg 200w, https:\/\/moyahousehold.com\/wp-content\/uploads\/2024\/04\/JS\u5c0f\u5446\u4fdd\u6e29\u58f6-16-768x1152.jpg 768w, https:\/\/moyahousehold.com\/wp-content\/uploads\/2024\/04\/JS\u5c0f\u5446\u4fdd\u6e29\u58f6-16-8x12.jpg 8w, https:\/\/moyahousehold.com\/wp-content\/uploads\/2024\/04\/JS\u5c0f\u5446\u4fdd\u6e29\u58f6-16-285x428.jpg 285w, https:\/\/moyahousehold.com\/wp-content\/uploads\/2024\/04\/JS\u5c0f\u5446\u4fdd\u6e29\u58f6-16-1600x2400.jpg 1600w, https:\/\/moyahousehold.com\/wp-content\/uploads\/2024\/04\/JS\u5c0f\u5446\u4fdd\u6e29\u58f6-16-440x660.jpg 440w, https:\/\/moyahousehold.com\/wp-content\/uploads\/2024\/04\/JS\u5c0f\u5446\u4fdd\u6e29\u58f6-16-100x150.jpg 100w\" sizes=\"(max-width: 4160px) 100vw, 4160px\" \/><\/figure>\n<\/div>\n<\/div>","protected":false},"excerpt":{"rendered":"<p>Wholesale 1.0L cute thermal carafe, this cute thermal carafe has a simple and creative design, suitable for modern home style. The capacity is 1.0 liter, and there are a variety of colors to choose from to meet the needs of different users. We support OEM and ODM customized solutions, welcome to contact us.<\/p>\n<h3>Caract\u00e9ristiques de la carafe thermique mignonne 1.0L<\/h3>\n<div>\n<p><strong>Excellent Insulation Performance:<\/strong> La jolie carafe thermique adopte une technologie d'isolation sous vide \u00e0 double couche pour conserver la temp\u00e9rature de l'eau chaude ou froide pendant longtemps.<\/p>\n<p><strong>BPA-Free Material:<\/strong> La coque en pp de qualit\u00e9 alimentaire et le couvercle sans BPA ont \u00e9t\u00e9 s\u00e9lectionn\u00e9s pour garantir une utilisation s\u00fbre et fiable, convenant \u00e0 une utilisation comme thermos, th\u00e9i\u00e8re et cafeti\u00e8re isotherme.<\/p>\n<p><strong>Facile \u00e0 nettoyer :<\/strong> La carafe thermique a un fond amovible et le rev\u00eatement int\u00e9rieur peut \u00eatre facilement retir\u00e9, ce qui est tr\u00e8s facile \u00e0 nettoyer et convient \u00e0 la conservation du lait, du jus, du th\u00e9 et d'autres boissons.<\/p>\n<p><strong>Cute Design:<\/strong> La carafe thermique a un aspect arrondi et une forme mignonne, ce qui en fait un cadeau id\u00e9al.<\/p>\n<p><strong>Custom Service:<\/strong> En tant que fabricant professionnel de carafes thermiques, nous fournissons des services complets de carafes thermiques personnalis\u00e9es pour r\u00e9pondre aux besoins des diff\u00e9rents march\u00e9s ou marques.<\/p>\n<p><a href=\"https:\/\/moyahousehold.com\/fr\/wholesale-cute-thermal-coffee-carafe\/\" target=\"_blank\" rel=\"noopener\"><strong>En savoir plus sur la carafe \u00e0 caf\u00e9 thermique mignonne de 1,0L.<\/strong><\/a><\/p>\n<\/div>","protected":false},"featured_media":10186,"comment_status":"closed","ping_status":"closed","template":"","meta":[],"product_cat":[54],"product_tag":[66,84],"class_list":{"0":"post-3393","1":"product","2":"type-product","3":"status-publish","4":"has-post-thumbnail","6":"product_cat-thermal-carafe-wholesale","7":"product_tag-wholesale-1000ml-thermos-carafe","8":"product_tag-wholesale-glass-liner-thermos-carafe","10":"first","11":"instock","12":"shipping-taxable","13":"product-type-simple"},"_links":{"self":[{"href":"https:\/\/moyahousehold.com\/fr\/wp-json\/wp\/v2\/product\/3393","targetHints":{"allow":["GET"]}}],"collection":[{"href":"https:\/\/moyahousehold.com\/fr\/wp-json\/wp\/v2\/product"}],"about":[{"href":"https:\/\/moyahousehold.com\/fr\/wp-json\/wp\/v2\/types\/product"}],"replies":[{"embeddable":true,"href":"https:\/\/moyahousehold.com\/fr\/wp-json\/wp\/v2\/comments?post=3393"}],"version-history":[{"count":0,"href":"https:\/\/moyahousehold.com\/fr\/wp-json\/wp\/v2\/product\/3393\/revisions"}],"wp:featuredmedia":[{"embeddable":true,"href":"https:\/\/moyahousehold.com\/fr\/wp-json\/wp\/v2\/media\/10186"}],"wp:attachment":[{"href":"https:\/\/moyahousehold.com\/fr\/wp-json\/wp\/v2\/media?parent=3393"}],"wp:term":[{"taxonomy":"product_cat","embeddable":true,"href":"https:\/\/moyahousehold.com\/fr\/wp-json\/wp\/v2\/product_cat?post=3393"},{"taxonomy":"product_tag","embeddable":true,"href":"https:\/\/moyahousehold.com\/fr\/wp-json\/wp\/v2\/product_tag?post=3393"}],"curies":[{"name":"wp","href":"https:\/\/api.w.org\/{rel}","templated":true}]}}