{"id":3418,"date":"2024-04-21T11:06:57","date_gmt":"2024-04-21T11:06:57","guid":{"rendered":"https:\/\/moyahousehold.com\/?post_type=product&#038;p=3418"},"modified":"2025-04-19T09:33:53","modified_gmt":"2025-04-19T09:33:53","slug":"wholesale-thermos-kettle-fiji-style","status":"publish","type":"product","link":"https:\/\/moyahousehold.com\/fr\/produit\/wholesale-thermos-kettle-fiji-style\/","title":{"rendered":"Wholesale 1.0L Globally Popularly Thermos Kettle (Fiji Style), Bulk Stylish Thermal Carafe for Sale"},"content":{"rendered":"<div class=\"wp-block-columns is-layout-flex wp-container-core-columns-is-layout-9d6595d7 wp-block-columns-is-layout-flex\">\n<div class=\"wp-block-column is-layout-flow wp-block-column-is-layout-flow\">\n<h3 class=\"wp-block-heading\">Param\u00e8tres de la bouilloire thermos 1.0L<\/h3>\n\n\n\n<p><strong>Num\u00e9ro de mod\u00e8le<\/strong>: MY800<br><strong>Mat\u00e9riau<\/strong>Borosilicate + PP + Silicagel <br><strong>Poids brut<\/strong>: 0,9 kg<br><strong>Dimension<\/strong>: 170x124x248mm<br><strong>Couleur<\/strong>: blanc\/rose\/vert menthe\/gris clair<br><strong>Sans BPA<\/strong><\/p>\n<\/div>\n\n\n\n<div class=\"wp-block-column is-layout-flow wp-block-column-is-layout-flow\">\n<h3 class=\"wp-block-heading\">Options de bouilloires thermos personnalis\u00e9es<\/h3>\n\n\n\n<p><strong>Couvercles<\/strong>Couvercle \u00e0 pression en acier inoxydable<br><strong>Logo<\/strong>: personnalisation du logo de votre marque sur le produit et l'emballage.<br><strong>Options du logo<\/strong>logo imprim\u00e9, logo grav\u00e9 au laser, etc.<br><strong>Mod\u00e8le<\/strong>: motifs d'impression sur les bouilloires Thermos.<br><strong>Technologie d'impression<\/strong>Les techniques d'impression sont les suivantes : impression par transfert d'eau, impression par s\u00e9rigraphie, impression par transfert de chaleur, transfert par sublimation, etc.<br><strong>Emballage<\/strong>Bo\u00eete de couleur<br><a href=\"https:\/\/moyahousehold.com\/fr\/solution-personnalisee\/\" target=\"_blank\" rel=\"noreferrer noopener\"><strong>En savoir plus sur les solutions personnalis\u00e9es en mati\u00e8re de bouilloires thermos.<\/strong><\/a><\/p>\n\n\n\n<p><br><\/p>\n<\/div>\n<\/div>\n\n\n\n<div class=\"wp-block-columns is-layout-flex wp-container-core-columns-is-layout-9d6595d7 wp-block-columns-is-layout-flex\">\n<div class=\"wp-block-column is-layout-flow wp-block-column-is-layout-flow\">\n<figure class=\"wp-block-image size-full\"><img fetchpriority=\"high\" decoding=\"async\" width=\"1500\" height=\"1500\" src=\"https:\/\/moyahousehold.com\/wp-content\/uploads\/2024\/04\/Thermos-Kettle-Detail-3.jpg\" alt=\"Bouilloire Thermos-D\u00e9tail-3\" class=\"wp-image-9852\" srcset=\"https:\/\/moyahousehold.com\/wp-content\/uploads\/2024\/04\/Thermos-Kettle-Detail-3.jpg 1500w, https:\/\/moyahousehold.com\/wp-content\/uploads\/2024\/04\/Thermos-Kettle-Detail-3-300x300.jpg 300w, https:\/\/moyahousehold.com\/wp-content\/uploads\/2024\/04\/Thermos-Kettle-Detail-3-150x150.jpg 150w, https:\/\/moyahousehold.com\/wp-content\/uploads\/2024\/04\/Thermos-Kettle-Detail-3-768x768.jpg 768w, https:\/\/moyahousehold.com\/wp-content\/uploads\/2024\/04\/Thermos-Kettle-Detail-3-12x12.jpg 12w, https:\/\/moyahousehold.com\/wp-content\/uploads\/2024\/04\/Thermos-Kettle-Detail-3-285x285.jpg 285w, https:\/\/moyahousehold.com\/wp-content\/uploads\/2024\/04\/Thermos-Kettle-Detail-3-270x270.jpg 270w, https:\/\/moyahousehold.com\/wp-content\/uploads\/2024\/04\/Thermos-Kettle-Detail-3-540x540.jpg 540w, https:\/\/moyahousehold.com\/wp-content\/uploads\/2024\/04\/Thermos-Kettle-Detail-3-660x660.jpg 660w\" sizes=\"(max-width: 1500px) 100vw, 1500px\" \/><\/figure>\n<\/div>\n\n\n\n<div class=\"wp-block-column is-layout-flow wp-block-column-is-layout-flow\">\n<figure class=\"wp-block-image size-full\"><img decoding=\"async\" width=\"1500\" height=\"1501\" src=\"https:\/\/moyahousehold.com\/wp-content\/uploads\/2024\/04\/Fiji-Thermos-Kettle-Detail-5-1.jpg\" alt=\"Bouilloire Fidji-Thermos-D\u00e9tail-5\" class=\"wp-image-9846\" srcset=\"https:\/\/moyahousehold.com\/wp-content\/uploads\/2024\/04\/Fiji-Thermos-Kettle-Detail-5-1.jpg 1500w, https:\/\/moyahousehold.com\/wp-content\/uploads\/2024\/04\/Fiji-Thermos-Kettle-Detail-5-1-300x300.jpg 300w, https:\/\/moyahousehold.com\/wp-content\/uploads\/2024\/04\/Fiji-Thermos-Kettle-Detail-5-1-150x150.jpg 150w, https:\/\/moyahousehold.com\/wp-content\/uploads\/2024\/04\/Fiji-Thermos-Kettle-Detail-5-1-768x769.jpg 768w, https:\/\/moyahousehold.com\/wp-content\/uploads\/2024\/04\/Fiji-Thermos-Kettle-Detail-5-1-12x12.jpg 12w, https:\/\/moyahousehold.com\/wp-content\/uploads\/2024\/04\/Fiji-Thermos-Kettle-Detail-5-1-285x285.jpg 285w, https:\/\/moyahousehold.com\/wp-content\/uploads\/2024\/04\/Fiji-Thermos-Kettle-Detail-5-1-270x270.jpg 270w, https:\/\/moyahousehold.com\/wp-content\/uploads\/2024\/04\/Fiji-Thermos-Kettle-Detail-5-1-540x540.jpg 540w, https:\/\/moyahousehold.com\/wp-content\/uploads\/2024\/04\/Fiji-Thermos-Kettle-Detail-5-1-660x660.jpg 660w\" sizes=\"(max-width: 1500px) 100vw, 1500px\" \/><\/figure>\n<\/div>\n<\/div>","protected":false},"excerpt":{"rendered":"<p>Bouilloire thermos en gros, style Fidji, carafe thermique. La bouilloire thermos Fidji utilise un rev\u00eatement int\u00e9rieur en verre, ce qui permet d'isoler et de refroidir pendant 24 heures. Nous proposons des commandes en gros et des services de carafe thermique personnalis\u00e9s OEM&amp;ODM, n'h\u00e9sitez pas \u00e0 nous contacter.<\/p>\n<h3>Caract\u00e9ristiques et avantages de la bouilloire thermos 1.0L Fiji Style Thermos Kettle<\/h3>\n<p><strong>Conception simple :<\/strong> Cette carafe thermique adopte un design minimaliste moderne, qui peut s'int\u00e9grer \u00e0 diverses d\u00e9corations int\u00e9rieures et convient \u00e0 une grande vari\u00e9t\u00e9 de sc\u00e9narios.<\/p>\n<p><strong>Isolation efficace :<\/strong> Cette carafe thermique est dot\u00e9e d'un rev\u00eatement en verre au gallium rouge int\u00e9gr\u00e9, qui permet de conserver la chaleur ou le froid 24 heures sur 24, r\u00e9pondant ainsi aux besoins en eau potable par tous les temps.<\/p>\n<p><strong>Conception du bec verseur anti-fuite lat\u00e9rale :<\/strong> Cette carafe thermique est dot\u00e9e d'un bec unique qui garantit un \u00e9coulement r\u00e9gulier de l'eau, tout en \u00e9vitant les fuites lat\u00e9rales et les br\u00fblures dues \u00e0 l'eau bouillante. Elle est s\u00fbre et fiable.<\/p>\n<p><strong>Versement par simple pression d'un bouton :<\/strong> \u00c9quip\u00e9 d'un couvercle \u00e0 pression \u00e0 bouton unique, il peut \u00eatre facilement utilis\u00e9 d'une seule main, ce qui permet d'\u00e9conomiser du travail et d'\u00eatre plus pratique.<\/p>\n<p><strong>Poign\u00e9e confortable :<\/strong> La poign\u00e9e en PP est l\u00e9g\u00e8re, confortable \u00e0 tenir et ne se fatigue pas facilement apr\u00e8s une utilisation prolong\u00e9e.<\/p>\n<p><a href=\"https:\/\/moyahousehold.com\/fr\/wholesale-fiji-style-stylish-thermos-kettle\/\" target=\"_blank\" rel=\"noopener\"><strong>En savoir plus sur la bouilloire thermos Fiji Style.<\/strong><\/a><\/p>","protected":false},"featured_media":9848,"comment_status":"open","ping_status":"closed","template":"","meta":[],"product_cat":[54],"product_tag":[66,84],"class_list":{"0":"post-3418","1":"product","2":"type-product","3":"status-publish","4":"has-post-thumbnail","6":"product_cat-thermal-carafe-wholesale","7":"product_tag-wholesale-1000ml-thermos-carafe","8":"product_tag-wholesale-glass-liner-thermos-carafe","10":"first","11":"instock","12":"shipping-taxable","13":"product-type-simple"},"_links":{"self":[{"href":"https:\/\/moyahousehold.com\/fr\/wp-json\/wp\/v2\/product\/3418","targetHints":{"allow":["GET"]}}],"collection":[{"href":"https:\/\/moyahousehold.com\/fr\/wp-json\/wp\/v2\/product"}],"about":[{"href":"https:\/\/moyahousehold.com\/fr\/wp-json\/wp\/v2\/types\/product"}],"replies":[{"embeddable":true,"href":"https:\/\/moyahousehold.com\/fr\/wp-json\/wp\/v2\/comments?post=3418"}],"version-history":[{"count":0,"href":"https:\/\/moyahousehold.com\/fr\/wp-json\/wp\/v2\/product\/3418\/revisions"}],"wp:featuredmedia":[{"embeddable":true,"href":"https:\/\/moyahousehold.com\/fr\/wp-json\/wp\/v2\/media\/9848"}],"wp:attachment":[{"href":"https:\/\/moyahousehold.com\/fr\/wp-json\/wp\/v2\/media?parent=3418"}],"wp:term":[{"taxonomy":"product_cat","embeddable":true,"href":"https:\/\/moyahousehold.com\/fr\/wp-json\/wp\/v2\/product_cat?post=3418"},{"taxonomy":"product_tag","embeddable":true,"href":"https:\/\/moyahousehold.com\/fr\/wp-json\/wp\/v2\/product_tag?post=3418"}],"curies":[{"name":"wp","href":"https:\/\/api.w.org\/{rel}","templated":true}]}}