{"id":3419,"date":"2024-04-21T11:07:00","date_gmt":"2024-04-21T11:07:00","guid":{"rendered":"https:\/\/moyahousehold.com\/?post_type=product&#038;p=3419"},"modified":"2026-04-10T08:47:03","modified_gmt":"2026-04-10T08:47:03","slug":"wholesale-custom-thermos-flask","status":"publish","type":"product","link":"https:\/\/moyahousehold.com\/fr\/produit\/wholesale-custom-thermos-flask\/","title":{"rendered":"Wholesale Custom Thermos Flask, Bulk 1000ml Fashionable Thermos Carafe, Support OEM &amp; ODM"},"content":{"rendered":"<figure class=\"wp-block-image size-full\"><img fetchpriority=\"high\" decoding=\"async\" width=\"800\" height=\"800\" src=\"https:\/\/moyahousehold.com\/wp-content\/uploads\/2024\/04\/\u672a\u6807\u9898-1.jpg\" alt=\"MOYA  1L Thermal Carafe \u2013 4 Colors, Double-Wall Insulation, Japanese Minimalist Style\" class=\"wp-image-12878\" srcset=\"https:\/\/moyahousehold.com\/wp-content\/uploads\/2024\/04\/\u672a\u6807\u9898-1.jpg 800w, https:\/\/moyahousehold.com\/wp-content\/uploads\/2024\/04\/\u672a\u6807\u9898-1-300x300.jpg 300w, https:\/\/moyahousehold.com\/wp-content\/uploads\/2024\/04\/\u672a\u6807\u9898-1-150x150.jpg 150w, https:\/\/moyahousehold.com\/wp-content\/uploads\/2024\/04\/\u672a\u6807\u9898-1-768x768.jpg 768w, https:\/\/moyahousehold.com\/wp-content\/uploads\/2024\/04\/\u672a\u6807\u9898-1-12x12.jpg 12w, https:\/\/moyahousehold.com\/wp-content\/uploads\/2024\/04\/\u672a\u6807\u9898-1-285x285.jpg 285w, https:\/\/moyahousehold.com\/wp-content\/uploads\/2024\/04\/\u672a\u6807\u9898-1-270x270.jpg 270w, https:\/\/moyahousehold.com\/wp-content\/uploads\/2024\/04\/\u672a\u6807\u9898-1-540x540.jpg 540w, https:\/\/moyahousehold.com\/wp-content\/uploads\/2024\/04\/\u672a\u6807\u9898-1-660x660.jpg 660w\" sizes=\"(max-width: 800px) 100vw, 800px\" \/><\/figure>\n\n\n\n<h3 class=\"wp-block-heading\">Param\u00e8tres de la bouteille thermos<\/h3>\n\n\n\n<figure class=\"wp-block-table\"><table class=\"has-fixed-layout\"><tbody><tr><td><strong>Objet<\/strong><\/td><td><strong>Mat\u00e9riau<\/strong><\/td><td><strong>Couleur<\/strong><\/td><td><strong>Dimension<\/strong><\/td><td><strong>G.W.\/PCS<\/strong><\/td><\/tr><tr><td>MY808<\/td><td>Borosilicate + PP + Silica Gel<\/td><td>Beige\/Pink\/Light Grey\/Black<\/td><td>7*7*19<\/td><td>0.9<\/td><\/tr><\/tbody><\/table><\/figure>\n\n\n\n<div class=\"wp-block-columns is-layout-flex wp-container-core-columns-is-layout-9d6595d7 wp-block-columns-is-layout-flex\">\n<div class=\"wp-block-column is-layout-flow wp-block-column-is-layout-flow\">\n<h3 class=\"wp-block-heading\">Options de la bouteille thermos personnalis\u00e9e<\/h3>\n\n\n\n<p><strong>Couvercles :<\/strong> Stainless steel pressure lid<br><strong>Logo :<\/strong> Custom your brand logo on product and package.<br><strong>Logo Options:<\/strong> Printed logo, laser engraved logo, etc.<br><strong>Mod\u00e8le :<\/strong> Printing patterns on insulated carafes.<br><strong>Printing Technology:<\/strong> Water transfer printing, silk screen printing, heat transfer printing, sublimation transfer, etc.<br><strong>Emballage :<\/strong> Color box<br><a href=\"https:\/\/moyahousehold.com\/fr\/solution-personnalisee\/\"><strong>D\u00e9couvrez d'autres solutions de bouteilles thermos personnalis\u00e9es<\/strong><\/a><\/p>\n<\/div>\n<\/div>\n\n\n\n<div class=\"wp-block-columns is-layout-flex wp-container-core-columns-is-layout-9d6595d7 wp-block-columns-is-layout-flex\">\n<div class=\"wp-block-column is-layout-flow wp-block-column-is-layout-flow\">\n<figure class=\"wp-block-image size-full\"><img decoding=\"async\" width=\"660\" height=\"660\" src=\"https:\/\/moyahousehold.com\/wp-content\/uploads\/2024\/04\/Wholesale-Thermos-Flask-Display-2.webp\" alt=\"Pr\u00e9sentoir de bouteilles thermos en gros (2)\" class=\"wp-image-9927\" srcset=\"https:\/\/moyahousehold.com\/wp-content\/uploads\/2024\/04\/Wholesale-Thermos-Flask-Display-2.webp 660w, https:\/\/moyahousehold.com\/wp-content\/uploads\/2024\/04\/Wholesale-Thermos-Flask-Display-2-300x300.webp 300w, https:\/\/moyahousehold.com\/wp-content\/uploads\/2024\/04\/Wholesale-Thermos-Flask-Display-2-150x150.webp 150w, https:\/\/moyahousehold.com\/wp-content\/uploads\/2024\/04\/Wholesale-Thermos-Flask-Display-2-12x12.webp 12w, https:\/\/moyahousehold.com\/wp-content\/uploads\/2024\/04\/Wholesale-Thermos-Flask-Display-2-285x285.webp 285w, https:\/\/moyahousehold.com\/wp-content\/uploads\/2024\/04\/Wholesale-Thermos-Flask-Display-2-270x270.webp 270w, https:\/\/moyahousehold.com\/wp-content\/uploads\/2024\/04\/Wholesale-Thermos-Flask-Display-2-540x540.webp 540w\" sizes=\"(max-width: 660px) 100vw, 660px\" \/><\/figure>\n<\/div>\n\n\n\n<div class=\"wp-block-column is-layout-flow wp-block-column-is-layout-flow\">\n<figure class=\"wp-block-image size-full\"><img decoding=\"async\" width=\"660\" height=\"660\" src=\"https:\/\/moyahousehold.com\/wp-content\/uploads\/2024\/04\/Wholesale-Thermos-Flask-Display-3.webp\" alt=\"Pr\u00e9sentoir de bouteilles thermos en gros (3)\" class=\"wp-image-9928\" srcset=\"https:\/\/moyahousehold.com\/wp-content\/uploads\/2024\/04\/Wholesale-Thermos-Flask-Display-3.webp 660w, https:\/\/moyahousehold.com\/wp-content\/uploads\/2024\/04\/Wholesale-Thermos-Flask-Display-3-300x300.webp 300w, https:\/\/moyahousehold.com\/wp-content\/uploads\/2024\/04\/Wholesale-Thermos-Flask-Display-3-150x150.webp 150w, https:\/\/moyahousehold.com\/wp-content\/uploads\/2024\/04\/Wholesale-Thermos-Flask-Display-3-12x12.webp 12w, https:\/\/moyahousehold.com\/wp-content\/uploads\/2024\/04\/Wholesale-Thermos-Flask-Display-3-285x285.webp 285w, https:\/\/moyahousehold.com\/wp-content\/uploads\/2024\/04\/Wholesale-Thermos-Flask-Display-3-270x270.webp 270w, https:\/\/moyahousehold.com\/wp-content\/uploads\/2024\/04\/Wholesale-Thermos-Flask-Display-3-540x540.webp 540w\" sizes=\"(max-width: 660px) 100vw, 660px\" \/><\/figure>\n<\/div>\n<\/div>\n\n\n\n<p><\/p>","protected":false},"excerpt":{"rendered":"<p>MOYA propose une grande vari\u00e9t\u00e9 de mod\u00e8les de bouteilles thermos personnalisables en gros. Cette bouteille thermos a un rev\u00eatement en verre rouge, qui peut garder la chaleur jusqu'\u00e0 24 heures. C'est un choix id\u00e9al pour l'usage domestique, l'\u00e9quipement de bureau, l'h\u00f4tellerie et la restauration. Nous fournissons un service de thermos personnalis\u00e9 OEM et ODM, permettant de personnaliser l'apparence, le mat\u00e9riau, la couleur, le logo de la marque et la configuration fonctionnelle. N'h\u00e9sitez pas \u00e0 nous contacter.<\/p>\n<h3>Features of Customizable Thermos Flask<\/h3>\n<p><strong>Multiple Color Options:<\/strong> Cette bouteille thermos est disponible en quatre couleurs, dont le noir classique, le blanc \u00e9l\u00e9gant, le jaune et le rose \u00e9clatants, afin de r\u00e9pondre aux besoins personnalis\u00e9s des diff\u00e9rents consommateurs.<\/p>\n<p><strong>High-Quality Materials:<\/strong> Cette bouteille thermos est dot\u00e9e d'un rev\u00eatement en verre rouge int\u00e9gr\u00e9, qui offre une meilleure isolation que le rev\u00eatement en verre ordinaire et permet d'isoler pendant 24 heures.<\/p>\n<p><strong>Easy to Clean and Replace:<\/strong> Le fond de cette bouteille thermos est amovible et la doublure peut \u00eatre facilement remplac\u00e9e et nettoy\u00e9e pour garantir l'hygi\u00e8ne et la propret\u00e9 internes.<\/p>\n<p><strong>Practical Design:<\/strong> L'\u00e9coulement de l'eau peut \u00eatre activ\u00e9 et d\u00e9sactiv\u00e9 par une simple pression sur un bouton situ\u00e9 sur le dessus, et la colonne d'eau converge doucement pour \u00e9viter que l'eau ne se r\u00e9pande.<\/p>\n<p><strong>Customization Service<\/strong>: Nous fournissons des services de thermos personnalis\u00e9s OEM et ODM, proposons un large \u00e9ventail d'options de personnalisation et prenons en charge les commandes de petits lots.<\/p>","protected":false},"featured_media":9923,"comment_status":"closed","ping_status":"closed","template":"","meta":[],"product_cat":[54],"product_tag":[66,84],"class_list":{"0":"post-3419","1":"product","2":"type-product","3":"status-publish","4":"has-post-thumbnail","6":"product_cat-thermal-carafe-wholesale","7":"product_tag-wholesale-1000ml-thermos-carafe","8":"product_tag-wholesale-glass-liner-thermos-carafe","10":"first","11":"instock","12":"shipping-taxable","13":"product-type-simple"},"_links":{"self":[{"href":"https:\/\/moyahousehold.com\/fr\/wp-json\/wp\/v2\/product\/3419","targetHints":{"allow":["GET"]}}],"collection":[{"href":"https:\/\/moyahousehold.com\/fr\/wp-json\/wp\/v2\/product"}],"about":[{"href":"https:\/\/moyahousehold.com\/fr\/wp-json\/wp\/v2\/types\/product"}],"replies":[{"embeddable":true,"href":"https:\/\/moyahousehold.com\/fr\/wp-json\/wp\/v2\/comments?post=3419"}],"version-history":[{"count":0,"href":"https:\/\/moyahousehold.com\/fr\/wp-json\/wp\/v2\/product\/3419\/revisions"}],"wp:featuredmedia":[{"embeddable":true,"href":"https:\/\/moyahousehold.com\/fr\/wp-json\/wp\/v2\/media\/9923"}],"wp:attachment":[{"href":"https:\/\/moyahousehold.com\/fr\/wp-json\/wp\/v2\/media?parent=3419"}],"wp:term":[{"taxonomy":"product_cat","embeddable":true,"href":"https:\/\/moyahousehold.com\/fr\/wp-json\/wp\/v2\/product_cat?post=3419"},{"taxonomy":"product_tag","embeddable":true,"href":"https:\/\/moyahousehold.com\/fr\/wp-json\/wp\/v2\/product_tag?post=3419"}],"curies":[{"name":"wp","href":"https:\/\/api.w.org\/{rel}","templated":true}]}}