{"id":3480,"date":"2024-04-21T13:23:49","date_gmt":"2024-04-21T13:23:49","guid":{"rendered":"https:\/\/moyahousehold.com\/?post_type=product&#038;p=3480"},"modified":"2026-04-10T09:35:36","modified_gmt":"2026-04-10T09:35:36","slug":"wholesale-insulated-coffee-carafe","status":"publish","type":"product","link":"https:\/\/moyahousehold.com\/fr\/produit\/wholesale-insulated-coffee-carafe\/","title":{"rendered":"Wholesale European Style 1.0L Insulated Coffee Carafe\u2013 Elegant Thermal Jug with Timeless Design, OEM\/ODM Supported"},"content":{"rendered":"<figure class=\"wp-block-image size-full\"><img fetchpriority=\"high\" decoding=\"async\" width=\"1080\" height=\"720\" src=\"https:\/\/moyahousehold.com\/wp-content\/uploads\/2024\/04\/JS-\u6b27\u5f0f\u4fdd\u6e29\u58f6-43.jpg\" alt=\"MOYA 1L Thermal Carafe \u2013 4 Colors, Double-Wall Insulation, European Minimalist Style\" class=\"wp-image-12883\" srcset=\"https:\/\/moyahousehold.com\/wp-content\/uploads\/2024\/04\/JS-\u6b27\u5f0f\u4fdd\u6e29\u58f6-43.jpg 1080w, https:\/\/moyahousehold.com\/wp-content\/uploads\/2024\/04\/JS-\u6b27\u5f0f\u4fdd\u6e29\u58f6-43-300x200.jpg 300w, https:\/\/moyahousehold.com\/wp-content\/uploads\/2024\/04\/JS-\u6b27\u5f0f\u4fdd\u6e29\u58f6-43-768x512.jpg 768w, https:\/\/moyahousehold.com\/wp-content\/uploads\/2024\/04\/JS-\u6b27\u5f0f\u4fdd\u6e29\u58f6-43-18x12.jpg 18w, https:\/\/moyahousehold.com\/wp-content\/uploads\/2024\/04\/JS-\u6b27\u5f0f\u4fdd\u6e29\u58f6-43-285x190.jpg 285w, https:\/\/moyahousehold.com\/wp-content\/uploads\/2024\/04\/JS-\u6b27\u5f0f\u4fdd\u6e29\u58f6-43-660x440.jpg 660w, https:\/\/moyahousehold.com\/wp-content\/uploads\/2024\/04\/JS-\u6b27\u5f0f\u4fdd\u6e29\u58f6-43-150x100.jpg 150w\" sizes=\"(max-width: 1080px) 100vw, 1080px\" \/><\/figure>\n\n\n\n<h3 class=\"wp-block-heading\">Param\u00e8tres de la carafe \u00e0 caf\u00e9 isotherme<\/h3>\n\n\n\n<figure class=\"wp-block-table\"><table class=\"has-fixed-layout\"><tbody><tr><td><strong>Objet<\/strong><\/td><td><strong>Mat\u00e9riau<\/strong><\/td><td><strong>Couleur<\/strong><\/td><td><strong>Dimension<\/strong><\/td><td><strong>G.W.\/PCS<\/strong><\/td><\/tr><tr><td>MY0342<\/td><td>Borosilicate + ABS + PP + Silica Gel <\/td><td>White\/Pink\/Light Grey\/Black<\/td><td>20.2*15.6*24.8<\/td><td>1.1<\/td><\/tr><\/tbody><\/table><\/figure>\n\n\n\n<div class=\"wp-block-columns is-layout-flex wp-container-core-columns-is-layout-9d6595d7 wp-block-columns-is-layout-flex\">\n<div class=\"wp-block-column is-layout-flow wp-block-column-is-layout-flow\">\n<h3 class=\"wp-block-heading\">Options de carafe \u00e0 caf\u00e9 isotherme personnalis\u00e9e<\/h3>\n\n\n\n<p><strong>Couvercles : <\/strong>Stainless steel pressure lid<br><strong>Logo :<\/strong> Personnalisez le logo de votre marque sur le produit et l'emballage.<br><strong>Logo Options:<\/strong> Printed logo, laser engraved logo, etc.<br><strong>Mod\u00e8le :<\/strong> Printing patterns on insulated carafes.<br><strong>Printing Technology:<\/strong> Water transfer printing, silk screen printing, heat transfer printing, sublimation transfer, etc.<br><strong>Emballage : <\/strong>Color box<br><a href=\"https:\/\/moyahousehold.com\/fr\/solution-personnalisee\/\" target=\"_blank\" rel=\"noreferrer noopener\"><strong>En savoir plus sur les solutions de carafes thermiques personnalis\u00e9es <\/strong><\/a><\/p>\n<\/div>\n<\/div>\n\n\n\n<div class=\"wp-block-columns is-layout-flex wp-container-core-columns-is-layout-9d6595d7 wp-block-columns-is-layout-flex\">\n<div class=\"wp-block-column is-layout-flow wp-block-column-is-layout-flow\">\n<figure class=\"wp-block-image size-full\"><img decoding=\"async\" width=\"3674\" height=\"5141\" src=\"https:\/\/moyahousehold.com\/wp-content\/uploads\/2024\/04\/JS-\u6b27\u5f0f\u4fdd\u6e29\u58f6-38.jpg\" alt=\"MOYA 1L Thermal Carafe \u2013 4 Colors, Double-Wall Insulation, European Minimalist Style\" class=\"wp-image-12893\" srcset=\"https:\/\/moyahousehold.com\/wp-content\/uploads\/2024\/04\/JS-\u6b27\u5f0f\u4fdd\u6e29\u58f6-38.jpg 3674w, https:\/\/moyahousehold.com\/wp-content\/uploads\/2024\/04\/JS-\u6b27\u5f0f\u4fdd\u6e29\u58f6-38-214x300.jpg 214w, https:\/\/moyahousehold.com\/wp-content\/uploads\/2024\/04\/JS-\u6b27\u5f0f\u4fdd\u6e29\u58f6-38-768x1075.jpg 768w, https:\/\/moyahousehold.com\/wp-content\/uploads\/2024\/04\/JS-\u6b27\u5f0f\u4fdd\u6e29\u58f6-38-9x12.jpg 9w, https:\/\/moyahousehold.com\/wp-content\/uploads\/2024\/04\/JS-\u6b27\u5f0f\u4fdd\u6e29\u58f6-38-285x399.jpg 285w, https:\/\/moyahousehold.com\/wp-content\/uploads\/2024\/04\/JS-\u6b27\u5f0f\u4fdd\u6e29\u58f6-38-1600x2239.jpg 1600w, https:\/\/moyahousehold.com\/wp-content\/uploads\/2024\/04\/JS-\u6b27\u5f0f\u4fdd\u6e29\u58f6-38-472x660.jpg 472w, https:\/\/moyahousehold.com\/wp-content\/uploads\/2024\/04\/JS-\u6b27\u5f0f\u4fdd\u6e29\u58f6-38-107x150.jpg 107w\" sizes=\"(max-width: 3674px) 100vw, 3674px\" \/><\/figure>\n<\/div>\n\n\n\n<div class=\"wp-block-column is-layout-flow wp-block-column-is-layout-flow\">\n<figure class=\"wp-block-image size-full\"><img decoding=\"async\" width=\"3674\" height=\"4970\" src=\"https:\/\/moyahousehold.com\/wp-content\/uploads\/2024\/04\/JS-\u6b27\u5f0f\u4fdd\u6e29\u58f6-37.jpg\" alt=\"MOYA 1L Thermal Carafe \u2013 4 Colors, Double-Wall Insulation, European Minimalist Style\" class=\"wp-image-12892\" srcset=\"https:\/\/moyahousehold.com\/wp-content\/uploads\/2024\/04\/JS-\u6b27\u5f0f\u4fdd\u6e29\u58f6-37.jpg 3674w, https:\/\/moyahousehold.com\/wp-content\/uploads\/2024\/04\/JS-\u6b27\u5f0f\u4fdd\u6e29\u58f6-37-222x300.jpg 222w, https:\/\/moyahousehold.com\/wp-content\/uploads\/2024\/04\/JS-\u6b27\u5f0f\u4fdd\u6e29\u58f6-37-768x1039.jpg 768w, https:\/\/moyahousehold.com\/wp-content\/uploads\/2024\/04\/JS-\u6b27\u5f0f\u4fdd\u6e29\u58f6-37-9x12.jpg 9w, https:\/\/moyahousehold.com\/wp-content\/uploads\/2024\/04\/JS-\u6b27\u5f0f\u4fdd\u6e29\u58f6-37-285x386.jpg 285w, https:\/\/moyahousehold.com\/wp-content\/uploads\/2024\/04\/JS-\u6b27\u5f0f\u4fdd\u6e29\u58f6-37-1600x2164.jpg 1600w, https:\/\/moyahousehold.com\/wp-content\/uploads\/2024\/04\/JS-\u6b27\u5f0f\u4fdd\u6e29\u58f6-37-488x660.jpg 488w, https:\/\/moyahousehold.com\/wp-content\/uploads\/2024\/04\/JS-\u6b27\u5f0f\u4fdd\u6e29\u58f6-37-111x150.jpg 111w\" sizes=\"(max-width: 3674px) 100vw, 3674px\" \/><\/figure>\n<\/div>\n<\/div>\n\n\n\n<div class=\"wp-block-columns is-layout-flex wp-container-core-columns-is-layout-9d6595d7 wp-block-columns-is-layout-flex\">\n<div class=\"wp-block-column is-layout-flow wp-block-column-is-layout-flow\">\n<figure class=\"wp-block-image size-full\"><img loading=\"lazy\" decoding=\"async\" width=\"3680\" height=\"5520\" src=\"https:\/\/moyahousehold.com\/wp-content\/uploads\/2024\/04\/JS-\u6b27\u5f0f\u4fdd\u6e29\u58f6-10.jpg\" alt=\"MOYA 1L Thermal Carafe \u2013 4 Colors, Double-Wall Insulation, European Minimalist Style\" class=\"wp-image-12890\" srcset=\"https:\/\/moyahousehold.com\/wp-content\/uploads\/2024\/04\/JS-\u6b27\u5f0f\u4fdd\u6e29\u58f6-10.jpg 3680w, https:\/\/moyahousehold.com\/wp-content\/uploads\/2024\/04\/JS-\u6b27\u5f0f\u4fdd\u6e29\u58f6-10-200x300.jpg 200w, https:\/\/moyahousehold.com\/wp-content\/uploads\/2024\/04\/JS-\u6b27\u5f0f\u4fdd\u6e29\u58f6-10-768x1152.jpg 768w, https:\/\/moyahousehold.com\/wp-content\/uploads\/2024\/04\/JS-\u6b27\u5f0f\u4fdd\u6e29\u58f6-10-8x12.jpg 8w, https:\/\/moyahousehold.com\/wp-content\/uploads\/2024\/04\/JS-\u6b27\u5f0f\u4fdd\u6e29\u58f6-10-285x428.jpg 285w, https:\/\/moyahousehold.com\/wp-content\/uploads\/2024\/04\/JS-\u6b27\u5f0f\u4fdd\u6e29\u58f6-10-1600x2400.jpg 1600w, https:\/\/moyahousehold.com\/wp-content\/uploads\/2024\/04\/JS-\u6b27\u5f0f\u4fdd\u6e29\u58f6-10-440x660.jpg 440w, https:\/\/moyahousehold.com\/wp-content\/uploads\/2024\/04\/JS-\u6b27\u5f0f\u4fdd\u6e29\u58f6-10-100x150.jpg 100w\" sizes=\"(max-width: 3680px) 100vw, 3680px\" \/><\/figure>\n<\/div>\n\n\n\n<div class=\"wp-block-column is-layout-flow wp-block-column-is-layout-flow\">\n<figure class=\"wp-block-image size-full\"><img loading=\"lazy\" decoding=\"async\" width=\"3680\" height=\"5520\" src=\"https:\/\/moyahousehold.com\/wp-content\/uploads\/2024\/04\/JS-\u6b27\u5f0f\u4fdd\u6e29\u58f6-11.jpg\" alt=\"MOYA 1L Thermal Carafe \u2013 4 Colors, Double-Wall Insulation, European Minimalist Style\" class=\"wp-image-12891\" srcset=\"https:\/\/moyahousehold.com\/wp-content\/uploads\/2024\/04\/JS-\u6b27\u5f0f\u4fdd\u6e29\u58f6-11.jpg 3680w, https:\/\/moyahousehold.com\/wp-content\/uploads\/2024\/04\/JS-\u6b27\u5f0f\u4fdd\u6e29\u58f6-11-200x300.jpg 200w, https:\/\/moyahousehold.com\/wp-content\/uploads\/2024\/04\/JS-\u6b27\u5f0f\u4fdd\u6e29\u58f6-11-768x1152.jpg 768w, https:\/\/moyahousehold.com\/wp-content\/uploads\/2024\/04\/JS-\u6b27\u5f0f\u4fdd\u6e29\u58f6-11-8x12.jpg 8w, https:\/\/moyahousehold.com\/wp-content\/uploads\/2024\/04\/JS-\u6b27\u5f0f\u4fdd\u6e29\u58f6-11-285x428.jpg 285w, https:\/\/moyahousehold.com\/wp-content\/uploads\/2024\/04\/JS-\u6b27\u5f0f\u4fdd\u6e29\u58f6-11-1600x2400.jpg 1600w, https:\/\/moyahousehold.com\/wp-content\/uploads\/2024\/04\/JS-\u6b27\u5f0f\u4fdd\u6e29\u58f6-11-440x660.jpg 440w, https:\/\/moyahousehold.com\/wp-content\/uploads\/2024\/04\/JS-\u6b27\u5f0f\u4fdd\u6e29\u58f6-11-100x150.jpg 100w\" sizes=\"(max-width: 3680px) 100vw, 3680px\" \/><\/figure>\n<\/div>\n<\/div>\n\n\n\n<p><\/p>","protected":false},"excerpt":{"rendered":"<p>Carafe \u00e0 caf\u00e9 isol\u00e9e sous vide de gros, cette carafe \u00e0 caf\u00e9 isol\u00e9e est dot\u00e9e d'un rev\u00eatement en verre int\u00e9gr\u00e9 qui permet de conserver la chaleur pendant 24 heures. Elle a une apparence \u00e9l\u00e9gante et convient \u00e0 la maison, au bureau, au restaurant et \u00e0 d'autres lieux. Nous fournissons des solutions personnalis\u00e9es OEM et ODM pour les carafes \u00e0 caf\u00e9. N'h\u00e9sitez pas \u00e0 nous contacter.<\/p>\n<h3>Caract\u00e9ristiques et avantages de la carafe \u00e0 caf\u00e9 isotherme<\/h3>\n<p><strong>Simple and Modern Design:<\/strong> La carafe \u00e0 caf\u00e9 isotherme a une forme a\u00e9rodynamique, et le design g\u00e9n\u00e9ral est tr\u00e8s simple et moderne, convenant \u00e0 une vari\u00e9t\u00e9 de styles d'int\u00e9rieur.<\/p>\n<p><strong>High-Quality Materials<\/strong>: La surface du pot a une texture mate et l'int\u00e9rieur est recouvert d'un rev\u00eatement en verre, ce qui permet de conserver la temp\u00e9rature du liquide pendant longtemps.<\/p>\n<p><strong>Wooden Handle:<\/strong> La poign\u00e9e de la carafe \u00e0 caf\u00e9 isotherme est en bois, ce qui renforce la chaleur visuelle et offre une prise en main confortable.<\/p>\n<p><strong>Multiple Colors Available:<\/strong> Nous proposons une vari\u00e9t\u00e9 d'options de couleurs, y compris 4 couleurs de gris, rose, noir et blanc, qui r\u00e9pondent aux besoins esth\u00e9tiques des diff\u00e9rents utilisateurs.<\/p>\n<p><strong>Wide Range of Applications:<\/strong> Il convient non seulement aux cuisines domestiques, mais aussi aux bureaux et \u00e0 d'autres occasions. Il peut \u00eatre utilis\u00e9 pour maintenir les boissons au chaud ou comme d\u00e9coration pour rehausser la beaut\u00e9 de l'espace.<\/p>","protected":false},"featured_media":10035,"comment_status":"open","ping_status":"closed","template":"","meta":[],"product_cat":[54],"product_tag":[66,154,84],"class_list":{"0":"post-3480","1":"product","2":"type-product","3":"status-publish","4":"has-post-thumbnail","6":"product_cat-thermal-carafe-wholesale","7":"product_tag-wholesale-1000ml-thermos-carafe","8":"product_tag-european-style-thermos-carafe","9":"product_tag-wholesale-glass-liner-thermos-carafe","11":"first","12":"instock","13":"shipping-taxable","14":"product-type-simple"},"_links":{"self":[{"href":"https:\/\/moyahousehold.com\/fr\/wp-json\/wp\/v2\/product\/3480","targetHints":{"allow":["GET"]}}],"collection":[{"href":"https:\/\/moyahousehold.com\/fr\/wp-json\/wp\/v2\/product"}],"about":[{"href":"https:\/\/moyahousehold.com\/fr\/wp-json\/wp\/v2\/types\/product"}],"replies":[{"embeddable":true,"href":"https:\/\/moyahousehold.com\/fr\/wp-json\/wp\/v2\/comments?post=3480"}],"version-history":[{"count":2,"href":"https:\/\/moyahousehold.com\/fr\/wp-json\/wp\/v2\/product\/3480\/revisions"}],"predecessor-version":[{"id":12895,"href":"https:\/\/moyahousehold.com\/fr\/wp-json\/wp\/v2\/product\/3480\/revisions\/12895"}],"wp:featuredmedia":[{"embeddable":true,"href":"https:\/\/moyahousehold.com\/fr\/wp-json\/wp\/v2\/media\/10035"}],"wp:attachment":[{"href":"https:\/\/moyahousehold.com\/fr\/wp-json\/wp\/v2\/media?parent=3480"}],"wp:term":[{"taxonomy":"product_cat","embeddable":true,"href":"https:\/\/moyahousehold.com\/fr\/wp-json\/wp\/v2\/product_cat?post=3480"},{"taxonomy":"product_tag","embeddable":true,"href":"https:\/\/moyahousehold.com\/fr\/wp-json\/wp\/v2\/product_tag?post=3480"}],"curies":[{"name":"wp","href":"https:\/\/api.w.org\/{rel}","templated":true}]}}