{"id":3493,"date":"2024-04-21T13:49:11","date_gmt":"2024-04-21T13:49:11","guid":{"rendered":"https:\/\/moyahousehold.com\/?post_type=product&#038;p=3493"},"modified":"2026-04-10T10:05:36","modified_gmt":"2026-04-10T10:05:36","slug":"wholesale-ll-thermos-kettle-with-diamond-shape-design","status":"publish","type":"product","link":"https:\/\/moyahousehold.com\/fr\/produit\/wholesale-ll-thermos-kettle-with-diamond-shape-design\/","title":{"rendered":"Wholesale l.0L Thermos Kettle with Simple Style and Diamond Shape Design | Support OEM and OEM"},"content":{"rendered":"<figure class=\"wp-block-image size-full\"><img fetchpriority=\"high\" decoding=\"async\" width=\"5520\" height=\"2967\" src=\"https:\/\/moyahousehold.com\/wp-content\/uploads\/2024\/04\/JS-\u94bb\u77f3\u58f6-61.jpg\" alt=\"MOYA 1.0L Minimalist Thermal Pot, Perfect for Home, Office, or Tea\/Coffee\" class=\"wp-image-12899\" srcset=\"https:\/\/moyahousehold.com\/wp-content\/uploads\/2024\/04\/JS-\u94bb\u77f3\u58f6-61.jpg 5520w, https:\/\/moyahousehold.com\/wp-content\/uploads\/2024\/04\/JS-\u94bb\u77f3\u58f6-61-300x161.jpg 300w, https:\/\/moyahousehold.com\/wp-content\/uploads\/2024\/04\/JS-\u94bb\u77f3\u58f6-61-768x413.jpg 768w, https:\/\/moyahousehold.com\/wp-content\/uploads\/2024\/04\/JS-\u94bb\u77f3\u58f6-61-18x10.jpg 18w, https:\/\/moyahousehold.com\/wp-content\/uploads\/2024\/04\/JS-\u94bb\u77f3\u58f6-61-285x153.jpg 285w, https:\/\/moyahousehold.com\/wp-content\/uploads\/2024\/04\/JS-\u94bb\u77f3\u58f6-61-1600x860.jpg 1600w, https:\/\/moyahousehold.com\/wp-content\/uploads\/2024\/04\/JS-\u94bb\u77f3\u58f6-61-660x355.jpg 660w, https:\/\/moyahousehold.com\/wp-content\/uploads\/2024\/04\/JS-\u94bb\u77f3\u58f6-61-150x81.jpg 150w\" sizes=\"(max-width: 5520px) 100vw, 5520px\" \/><\/figure>\n\n\n\n<h3 class=\"wp-block-heading\">Param\u00e8tres de la bouilloire thermos de 1,0 L<\/h3>\n\n\n\n<figure class=\"wp-block-table\"><table class=\"has-fixed-layout\"><tbody><tr><td><strong>Objet<\/strong><\/td><td><strong>Mat\u00e9riau<\/strong><\/td><td><strong>Couleur<\/strong><\/td><td><strong>Dimension<\/strong><\/td><td><strong>G.W.\/PCS<\/strong><\/td><\/tr><tr><td>MY0251<\/td><td>Borosilicate + PP + Silica Gel<\/td><td>White\/Black\/Silver<\/td><td>20.1*14.8*20.2<\/td><td>1.3<\/td><\/tr><\/tbody><\/table><\/figure>\n\n\n\n<div class=\"wp-block-columns is-layout-flex wp-container-core-columns-is-layout-9d6595d7 wp-block-columns-is-layout-flex\">\n<div class=\"wp-block-column is-layout-flow wp-block-column-is-layout-flow\">\n<h3 class=\"wp-block-heading\">Options de bouilloires thermos personnalis\u00e9es<\/h3>\n\n\n\n<p><strong>Couvercles :<\/strong> Stainless steel pressure lid<br><strong>Logo : <\/strong>Customize your brand logo on product and package.<br><strong>Logo Options:<\/strong> Printed logo, laser engraved logo, etc.<br><strong>Mod\u00e8le : <\/strong>Customize printing on thermos kettles.<br><strong>Printing Technology:<\/strong> Water transfer printing, silk screen printing, heat transfer printing, sublimation transfer, etc.<br><strong>Emballage :<\/strong> Color box<br><a href=\"https:\/\/moyahousehold.com\/fr\/solution-personnalisee\/\"><strong>En savoir plus sur les solutions de bouilloires thermos personnalis\u00e9es.<\/strong><\/a><\/p>\n<\/div>\n<\/div>\n\n\n\n<div class=\"wp-block-columns is-layout-flex wp-container-core-columns-is-layout-9d6595d7 wp-block-columns-is-layout-flex\">\n<div class=\"wp-block-column is-layout-flow wp-block-column-is-layout-flow\">\n<figure class=\"wp-block-image size-full\"><img decoding=\"async\" width=\"1500\" height=\"1500\" src=\"https:\/\/moyahousehold.com\/wp-content\/uploads\/2024\/04\/Diamond-design-thermos-kettle-display-1.webp\" alt=\"Pr\u00e9sentoir de bouilloire thermos design diamant (1)\" class=\"wp-image-9990\" srcset=\"https:\/\/moyahousehold.com\/wp-content\/uploads\/2024\/04\/Diamond-design-thermos-kettle-display-1.webp 1500w, https:\/\/moyahousehold.com\/wp-content\/uploads\/2024\/04\/Diamond-design-thermos-kettle-display-1-300x300.webp 300w, https:\/\/moyahousehold.com\/wp-content\/uploads\/2024\/04\/Diamond-design-thermos-kettle-display-1-150x150.webp 150w, https:\/\/moyahousehold.com\/wp-content\/uploads\/2024\/04\/Diamond-design-thermos-kettle-display-1-768x768.webp 768w, https:\/\/moyahousehold.com\/wp-content\/uploads\/2024\/04\/Diamond-design-thermos-kettle-display-1-12x12.webp 12w, https:\/\/moyahousehold.com\/wp-content\/uploads\/2024\/04\/Diamond-design-thermos-kettle-display-1-285x285.webp 285w, https:\/\/moyahousehold.com\/wp-content\/uploads\/2024\/04\/Diamond-design-thermos-kettle-display-1-270x270.webp 270w, https:\/\/moyahousehold.com\/wp-content\/uploads\/2024\/04\/Diamond-design-thermos-kettle-display-1-540x540.webp 540w, https:\/\/moyahousehold.com\/wp-content\/uploads\/2024\/04\/Diamond-design-thermos-kettle-display-1-660x660.webp 660w\" sizes=\"(max-width: 1500px) 100vw, 1500px\" \/><\/figure>\n<\/div>\n\n\n\n<div class=\"wp-block-column is-layout-flow wp-block-column-is-layout-flow\">\n<figure class=\"wp-block-image size-full\"><img decoding=\"async\" width=\"1500\" height=\"1500\" src=\"https:\/\/moyahousehold.com\/wp-content\/uploads\/2024\/04\/Diamond-design-thermos-kettle-display-2.webp\" alt=\"Pr\u00e9sentoir de bouilloire thermos design diamant (2)\" class=\"wp-image-9991\" srcset=\"https:\/\/moyahousehold.com\/wp-content\/uploads\/2024\/04\/Diamond-design-thermos-kettle-display-2.webp 1500w, https:\/\/moyahousehold.com\/wp-content\/uploads\/2024\/04\/Diamond-design-thermos-kettle-display-2-300x300.webp 300w, https:\/\/moyahousehold.com\/wp-content\/uploads\/2024\/04\/Diamond-design-thermos-kettle-display-2-150x150.webp 150w, https:\/\/moyahousehold.com\/wp-content\/uploads\/2024\/04\/Diamond-design-thermos-kettle-display-2-768x768.webp 768w, https:\/\/moyahousehold.com\/wp-content\/uploads\/2024\/04\/Diamond-design-thermos-kettle-display-2-12x12.webp 12w, https:\/\/moyahousehold.com\/wp-content\/uploads\/2024\/04\/Diamond-design-thermos-kettle-display-2-285x285.webp 285w, https:\/\/moyahousehold.com\/wp-content\/uploads\/2024\/04\/Diamond-design-thermos-kettle-display-2-270x270.webp 270w, https:\/\/moyahousehold.com\/wp-content\/uploads\/2024\/04\/Diamond-design-thermos-kettle-display-2-540x540.webp 540w, https:\/\/moyahousehold.com\/wp-content\/uploads\/2024\/04\/Diamond-design-thermos-kettle-display-2-660x660.webp 660w\" sizes=\"(max-width: 1500px) 100vw, 1500px\" \/><\/figure>\n<\/div>\n<\/div>\n\n\n\n<div class=\"wp-block-columns is-layout-flex wp-container-core-columns-is-layout-9d6595d7 wp-block-columns-is-layout-flex\">\n<div class=\"wp-block-column is-layout-flow wp-block-column-is-layout-flow\"><\/div>\n\n\n\n<div class=\"wp-block-column is-layout-flow wp-block-column-is-layout-flow\"><\/div>\n<\/div>","protected":false},"excerpt":{"rendered":"<p>Bouilloires thermos en gros, aspect diamant, design unique, parfaites pour votre cuisine ou votre restaurant. Cette bouilloire thermos, avec son rev\u00eatement en verre int\u00e9gr\u00e9, peut maintenir la temp\u00e9rature jusqu'\u00e0 24 heures. Nous fournissons des services de thermos personnalis\u00e9s OEM et ODM, que vous ayez besoin de petits lots ou de grandes quantit\u00e9s. N'h\u00e9sitez pas \u00e0 nous contacter.<\/p>\n<h3>Caract\u00e9ristiques de la bouilloire thermos de gros l.0L\u00a0<\/h3>\n<div>\n<p><strong>Unique Design:<\/strong> Les bouilloires thermos en gros adoptent une g\u00e9om\u00e9trie poly\u00e9drique en forme de diamant, \u00e9l\u00e9gante et moderne, adapt\u00e9e \u00e0 tous les styles de maison.<\/p>\n<p><strong>Practical Design:<\/strong> La bouilloire thermos est dot\u00e9e d'un bec bien con\u00e7u, qui est pratique pour verser les liquides, \u00e9vite les fuites et est plus s\u00fbr \u00e0 utiliser.<\/p>\n<p><strong>Long-term Heat Preservation:<\/strong> Le rev\u00eatement des bouilloires thermos en gros adopte un rev\u00eatement en verre au gallon rouge, qui peut conserver la chaleur pendant 24 heures.<\/p>\n<p><strong>Service de vente en gros :<\/strong> We provide the best wholesale thermos kettle service and after-sales service and accept small batch orders. <\/p>\n<p><strong>OEM &amp; ODM Customization Support:<\/strong> MOYA vous propose une solution unique de bouilloire thermos personnalis\u00e9e, couvrant la conception, la fabrication d'\u00e9chantillons et la production de masse, afin de cr\u00e9er une bouilloire thermos de marque personnalis\u00e9e pour vous. <\/p>\n<\/div>\n<p><strong><a href=\"https:\/\/moyahousehold.com\/fr\/solution-personnalisee\/\" target=\"_blank\" rel=\"noopener\">En savoir plus sur les solutions OEM&amp;ODM de bouilloires thermos personnalis\u00e9es.\u00a0<\/a><\/strong><\/p>","protected":false},"featured_media":9992,"comment_status":"closed","ping_status":"closed","template":"","meta":[],"product_cat":[54],"product_tag":[66,84],"class_list":{"0":"post-3493","1":"product","2":"type-product","3":"status-publish","4":"has-post-thumbnail","6":"product_cat-thermal-carafe-wholesale","7":"product_tag-wholesale-1000ml-thermos-carafe","8":"product_tag-wholesale-glass-liner-thermos-carafe","10":"first","11":"instock","12":"shipping-taxable","13":"product-type-simple"},"_links":{"self":[{"href":"https:\/\/moyahousehold.com\/fr\/wp-json\/wp\/v2\/product\/3493","targetHints":{"allow":["GET"]}}],"collection":[{"href":"https:\/\/moyahousehold.com\/fr\/wp-json\/wp\/v2\/product"}],"about":[{"href":"https:\/\/moyahousehold.com\/fr\/wp-json\/wp\/v2\/types\/product"}],"replies":[{"embeddable":true,"href":"https:\/\/moyahousehold.com\/fr\/wp-json\/wp\/v2\/comments?post=3493"}],"version-history":[{"count":2,"href":"https:\/\/moyahousehold.com\/fr\/wp-json\/wp\/v2\/product\/3493\/revisions"}],"predecessor-version":[{"id":12901,"href":"https:\/\/moyahousehold.com\/fr\/wp-json\/wp\/v2\/product\/3493\/revisions\/12901"}],"wp:featuredmedia":[{"embeddable":true,"href":"https:\/\/moyahousehold.com\/fr\/wp-json\/wp\/v2\/media\/9992"}],"wp:attachment":[{"href":"https:\/\/moyahousehold.com\/fr\/wp-json\/wp\/v2\/media?parent=3493"}],"wp:term":[{"taxonomy":"product_cat","embeddable":true,"href":"https:\/\/moyahousehold.com\/fr\/wp-json\/wp\/v2\/product_cat?post=3493"},{"taxonomy":"product_tag","embeddable":true,"href":"https:\/\/moyahousehold.com\/fr\/wp-json\/wp\/v2\/product_tag?post=3493"}],"curies":[{"name":"wp","href":"https:\/\/api.w.org\/{rel}","templated":true}]}}