{"id":3506,"date":"2024-04-21T14:19:14","date_gmt":"2024-04-21T14:19:14","guid":{"rendered":"https:\/\/moyahousehold.com\/?post_type=product&#038;p=3506"},"modified":"2025-04-19T09:43:34","modified_gmt":"2025-04-19T09:43:34","slug":"custom-thermal-carafe-mala-style","status":"publish","type":"product","link":"https:\/\/moyahousehold.com\/fr\/produit\/custom-thermal-carafe-mala-style\/","title":{"rendered":"Vente en gros de carafes \u00e0 caf\u00e9 thermiques de 1,0L (style MALA), pot \u00e0 caf\u00e9 en vrac, support OEM &amp; ODM"},"content":{"rendered":"<div class=\"wp-block-columns is-layout-flex wp-container-core-columns-is-layout-9d6595d7 wp-block-columns-is-layout-flex\">\n<div class=\"wp-block-column is-layout-flow wp-block-column-is-layout-flow\">\n<h3 class=\"wp-block-heading\">Param\u00e8tres des carafes thermiques<\/h3>\n\n\n\n<p><strong>Num\u00e9ro de mod\u00e8le<\/strong>:MY0251<br><strong>Mat\u00e9riau<\/strong>:borosilicate +PP + gel de silice <br><strong>Poids brut<\/strong>0,5 kg<br><strong>Dimension<\/strong>162x162x242mm<br><strong>Couleur<\/strong>:rose\/vert menthe\/beige<br><strong>Sans BPA<\/strong><\/p>\n<\/div>\n\n\n\n<div class=\"wp-block-column is-layout-flow wp-block-column-is-layout-flow\">\n<h3 class=\"wp-block-heading\">Options de carafe thermique personnalis\u00e9e<\/h3>\n\n\n\n<p><strong>Couvercles :<\/strong> couvercle \u00e0 pression en acier inoxydable.<br><strong>Logo : <\/strong>Personnalisez le logo de votre marque sur le produit et l'emballage.<br><strong>Options de logo : <\/strong>logo imprim\u00e9, logo grav\u00e9 au laser, etc.<br><strong>Mod\u00e8le :<\/strong> l'impression de motifs sur les carafes thermiques.<br><strong>Technologie d'impression : <\/strong>impression par transfert d'eau, impression par s\u00e9rigraphie, impression par transfert thermique, transfert par sublimation, etc.<br><strong>Emballage : <\/strong>bo\u00eete \u00e0 couleurs<br><a href=\"https:\/\/moyahousehold.com\/fr\/solution-personnalisee\/\" target=\"_blank\" rel=\"noreferrer noopener\"><strong>En savoir plus sur les solutions de carafes thermiques personnalis\u00e9es <\/strong><\/a><\/p>\n\n\n\n<p><br><\/p>\n<\/div>\n<\/div>\n\n\n\n<div class=\"wp-block-columns is-layout-flex wp-container-core-columns-is-layout-9d6595d7 wp-block-columns-is-layout-flex\">\n<div class=\"wp-block-column is-layout-flow wp-block-column-is-layout-flow\">\n<figure class=\"wp-block-image size-full\"><img fetchpriority=\"high\" decoding=\"async\" width=\"605\" height=\"605\" src=\"https:\/\/moyahousehold.com\/wp-content\/uploads\/2024\/04\/Thermal-Carafe-Detail-1.jpg\" alt=\"\" class=\"wp-image-9867\" srcset=\"https:\/\/moyahousehold.com\/wp-content\/uploads\/2024\/04\/Thermal-Carafe-Detail-1.jpg 605w, https:\/\/moyahousehold.com\/wp-content\/uploads\/2024\/04\/Thermal-Carafe-Detail-1-300x300.jpg 300w, https:\/\/moyahousehold.com\/wp-content\/uploads\/2024\/04\/Thermal-Carafe-Detail-1-150x150.jpg 150w, https:\/\/moyahousehold.com\/wp-content\/uploads\/2024\/04\/Thermal-Carafe-Detail-1-12x12.jpg 12w, https:\/\/moyahousehold.com\/wp-content\/uploads\/2024\/04\/Thermal-Carafe-Detail-1-285x285.jpg 285w, https:\/\/moyahousehold.com\/wp-content\/uploads\/2024\/04\/Thermal-Carafe-Detail-1-270x270.jpg 270w, https:\/\/moyahousehold.com\/wp-content\/uploads\/2024\/04\/Thermal-Carafe-Detail-1-540x540.jpg 540w\" sizes=\"(max-width: 605px) 100vw, 605px\" \/><\/figure>\n<\/div>\n\n\n\n<div class=\"wp-block-column is-layout-flow wp-block-column-is-layout-flow\">\n<figure class=\"wp-block-image size-full\"><img decoding=\"async\" width=\"540\" height=\"540\" src=\"https:\/\/moyahousehold.com\/wp-content\/uploads\/2024\/04\/Thermal-Carafe-Detail-2.jpg\" alt=\"D\u00e9tail de la carafe thermique (2)\" class=\"wp-image-9868\" srcset=\"https:\/\/moyahousehold.com\/wp-content\/uploads\/2024\/04\/Thermal-Carafe-Detail-2.jpg 540w, https:\/\/moyahousehold.com\/wp-content\/uploads\/2024\/04\/Thermal-Carafe-Detail-2-300x300.jpg 300w, https:\/\/moyahousehold.com\/wp-content\/uploads\/2024\/04\/Thermal-Carafe-Detail-2-150x150.jpg 150w, https:\/\/moyahousehold.com\/wp-content\/uploads\/2024\/04\/Thermal-Carafe-Detail-2-12x12.jpg 12w, https:\/\/moyahousehold.com\/wp-content\/uploads\/2024\/04\/Thermal-Carafe-Detail-2-285x285.jpg 285w, https:\/\/moyahousehold.com\/wp-content\/uploads\/2024\/04\/Thermal-Carafe-Detail-2-270x270.jpg 270w\" sizes=\"(max-width: 540px) 100vw, 540px\" \/><\/figure>\n<\/div>\n<\/div>","protected":false},"excerpt":{"rendered":"<p>Vente en gros d'une carafe thermique de style MALA. Il s'agit d'une nouvelle bouilloire thermique, d'apparence simple, luxueuse et attrayante. L'int\u00e9rieur utilise un rev\u00eatement en verre, qui peut garder le chaud ou le froid jusqu'\u00e0 24 heures. Nous acceptons les OEM et ODM, n'h\u00e9sitez pas \u00e0 nous contacter.<\/p>\n<h3>Caract\u00e9ristiques et avantages de la carafe thermos MALA 1.0L<\/h3>\n<p><strong>Nouveau design :<\/strong> La nouvelle carafe thermique de style MALA a une apparence \u00e9l\u00e9gante et luxueuse, qui s'int\u00e8gre parfaitement \u00e0 la d\u00e9coration int\u00e9rieure moderne.<\/p>\n<p><strong>Plusieurs options de couleurs :<\/strong> Pour cette carafe thermique, nous proposons une vari\u00e9t\u00e9 d'options de couleurs, y compris le jaune chaud, le vert \u00e9meraude et le rose charmant.<\/p>\n<p><strong>Excellente performance en mati\u00e8re d'isolation thermique :<\/strong> Le rev\u00eatement int\u00e9rieur de cette carafe thermique est en verre au gallon rouge, ce qui permet d'isoler la chaleur et le froid pendant 24 heures.<\/p>\n<p><strong>Conception anti-fuite lat\u00e9rale :<\/strong> Le bec de cette carafe thermique adopte un design en forme de bec d'aigle, la colonne d'eau converge et n'est pas facile \u00e0 disperser, ce qui emp\u00eache efficacement les br\u00fblures.<\/p>\n<p><strong>Fonctionnement facile :<\/strong> Il suffit d'une l\u00e9g\u00e8re pression pour verser de l'eau, ce qui est simple et permet d'\u00e9conomiser de la main-d'\u0153uvre.<\/p>\n<p><strong>Service personnalis\u00e9 OEM et ODM :<\/strong> Nous fournissons des solutions professionnelles OEM et ODM de carafes thermiques personnalis\u00e9es pour cr\u00e9er diff\u00e9rents styles de carafes thermiques de marque pour vous.<\/p>","protected":false},"featured_media":9874,"comment_status":"closed","ping_status":"closed","template":"","meta":[],"product_cat":[54],"product_tag":[66,84],"class_list":{"0":"post-3506","1":"product","2":"type-product","3":"status-publish","4":"has-post-thumbnail","6":"product_cat-thermal-carafe-wholesale","7":"product_tag-wholesale-1000ml-thermos-carafe","8":"product_tag-wholesale-glass-liner-thermos-carafe","10":"first","11":"instock","12":"shipping-taxable","13":"product-type-simple"},"_links":{"self":[{"href":"https:\/\/moyahousehold.com\/fr\/wp-json\/wp\/v2\/product\/3506","targetHints":{"allow":["GET"]}}],"collection":[{"href":"https:\/\/moyahousehold.com\/fr\/wp-json\/wp\/v2\/product"}],"about":[{"href":"https:\/\/moyahousehold.com\/fr\/wp-json\/wp\/v2\/types\/product"}],"replies":[{"embeddable":true,"href":"https:\/\/moyahousehold.com\/fr\/wp-json\/wp\/v2\/comments?post=3506"}],"version-history":[{"count":0,"href":"https:\/\/moyahousehold.com\/fr\/wp-json\/wp\/v2\/product\/3506\/revisions"}],"wp:featuredmedia":[{"embeddable":true,"href":"https:\/\/moyahousehold.com\/fr\/wp-json\/wp\/v2\/media\/9874"}],"wp:attachment":[{"href":"https:\/\/moyahousehold.com\/fr\/wp-json\/wp\/v2\/media?parent=3506"}],"wp:term":[{"taxonomy":"product_cat","embeddable":true,"href":"https:\/\/moyahousehold.com\/fr\/wp-json\/wp\/v2\/product_cat?post=3506"},{"taxonomy":"product_tag","embeddable":true,"href":"https:\/\/moyahousehold.com\/fr\/wp-json\/wp\/v2\/product_tag?post=3506"}],"curies":[{"name":"wp","href":"https:\/\/api.w.org\/{rel}","templated":true}]}}