{"id":3657,"date":"2024-04-22T03:38:05","date_gmt":"2024-04-22T03:38:05","guid":{"rendered":"https:\/\/moyahousehold.com\/?post_type=product&#038;p=3657"},"modified":"2025-02-05T06:27:20","modified_gmt":"2025-02-05T06:27:20","slug":"wholesale-stylish-insulated-drink-dispenser","status":"publish","type":"product","link":"https:\/\/moyahousehold.com\/fr\/produit\/distributeur-de-cafe-isotherme-en-gros\/","title":{"rendered":"Wholesale Stylish Insulated Drink Dispenser 5.0L, Bulk Coffee Air Pots Factory Direct Sales, Support OEM &amp; ODM"},"content":{"rendered":"<div class=\"wp-block-columns is-layout-flex wp-container-core-columns-is-layout-9d6595d7 wp-block-columns-is-layout-flex\">\n<div class=\"wp-block-column is-layout-flow wp-block-column-is-layout-flow\">\n<h3 class=\"wp-block-heading\">Param\u00e8tres du distributeur de boissons isothermes<\/h3>\n\n\n\n<p><strong>Num\u00e9ro de mod\u00e8le<\/strong>: MY0879<br><strong>Mat\u00e9riau<\/strong>: Acier inoxydable 304 +PP + gel de silice + h\u00eatre<br><strong>Poids brut<\/strong>: 3,8 kg<br><strong>Dimension<\/strong>Dimensions : 284x200x472mm<br><strong>Couleur<\/strong>: noir\/beige<br><strong>Sans BPA<\/strong><\/p>\n<\/div>\n\n\n\n<div class=\"wp-block-column is-layout-flow wp-block-column-is-layout-flow\">\n<h3 class=\"wp-block-heading\">Options de distributeurs isol\u00e9s personnalis\u00e9s<\/h3>\n\n\n\n<p><strong>Logo :<\/strong> personnaliser le logo de votre marque sur le produit et l'emballage.<br><strong>Options de logo :<\/strong> logo imprim\u00e9, logo grav\u00e9 au laser, etc.<br><strong>Mod\u00e8le : <\/strong>Impression personnalis\u00e9e sur le distributeur de boissons isol\u00e9es.<br><strong>Technologie d'impression :<\/strong> impression par transfert d'eau, impression par s\u00e9rigraphie, impression par transfert thermique, transfert par sublimation, etc.<br><strong>Emballage :<\/strong> bo\u00eete \u00e0 couleurs<br><a href=\"https:\/\/moyahousehold.com\/fr\/solution-personnalisee\/\" target=\"_blank\" rel=\"noreferrer noopener\"><strong>En savoir plus sur les solutions personnalis\u00e9es de pots \u00e0 air.<\/strong><\/a><\/p>\n\n\n\n<p><br><\/p>\n<\/div>\n<\/div>\n\n\n\n<div class=\"wp-block-columns is-layout-flex wp-container-core-columns-is-layout-9d6595d7 wp-block-columns-is-layout-flex\">\n<div class=\"wp-block-column is-layout-flow wp-block-column-is-layout-flow\">\n<figure class=\"wp-block-image size-full\"><img fetchpriority=\"high\" decoding=\"async\" width=\"1500\" height=\"1499\" src=\"https:\/\/moyahousehold.com\/wp-content\/uploads\/2024\/04\/Insulated-Drink-Dispenser-Display\uff081\uff09.webp\" alt=\"Distributeur de boissons isol\u00e9es Display\uff081\uff09\" class=\"wp-image-9908\" srcset=\"https:\/\/moyahousehold.com\/wp-content\/uploads\/2024\/04\/Insulated-Drink-Dispenser-Display\uff081\uff09.webp 1500w, https:\/\/moyahousehold.com\/wp-content\/uploads\/2024\/04\/Insulated-Drink-Dispenser-Display\uff081\uff09-300x300.webp 300w, https:\/\/moyahousehold.com\/wp-content\/uploads\/2024\/04\/Insulated-Drink-Dispenser-Display\uff081\uff09-150x150.webp 150w, https:\/\/moyahousehold.com\/wp-content\/uploads\/2024\/04\/Insulated-Drink-Dispenser-Display\uff081\uff09-768x767.webp 768w, https:\/\/moyahousehold.com\/wp-content\/uploads\/2024\/04\/Insulated-Drink-Dispenser-Display\uff081\uff09-12x12.webp 12w, https:\/\/moyahousehold.com\/wp-content\/uploads\/2024\/04\/Insulated-Drink-Dispenser-Display\uff081\uff09-285x285.webp 285w, https:\/\/moyahousehold.com\/wp-content\/uploads\/2024\/04\/Insulated-Drink-Dispenser-Display\uff081\uff09-270x270.webp 270w, https:\/\/moyahousehold.com\/wp-content\/uploads\/2024\/04\/Insulated-Drink-Dispenser-Display\uff081\uff09-540x540.webp 540w, https:\/\/moyahousehold.com\/wp-content\/uploads\/2024\/04\/Insulated-Drink-Dispenser-Display\uff081\uff09-660x660.webp 660w\" sizes=\"(max-width: 1500px) 100vw, 1500px\" \/><\/figure>\n<\/div>\n\n\n\n<div class=\"wp-block-column is-layout-flow wp-block-column-is-layout-flow\">\n<figure class=\"wp-block-image size-full\"><img decoding=\"async\" width=\"1500\" height=\"1499\" src=\"https:\/\/moyahousehold.com\/wp-content\/uploads\/2024\/04\/Insulated-Drink-Dispenser-Display\uff082\uff09.webp\" alt=\"Distributeur de boissons isol\u00e9es Display\uff082\uff09\" class=\"wp-image-9909\" srcset=\"https:\/\/moyahousehold.com\/wp-content\/uploads\/2024\/04\/Insulated-Drink-Dispenser-Display\uff082\uff09.webp 1500w, https:\/\/moyahousehold.com\/wp-content\/uploads\/2024\/04\/Insulated-Drink-Dispenser-Display\uff082\uff09-300x300.webp 300w, https:\/\/moyahousehold.com\/wp-content\/uploads\/2024\/04\/Insulated-Drink-Dispenser-Display\uff082\uff09-150x150.webp 150w, https:\/\/moyahousehold.com\/wp-content\/uploads\/2024\/04\/Insulated-Drink-Dispenser-Display\uff082\uff09-768x767.webp 768w, https:\/\/moyahousehold.com\/wp-content\/uploads\/2024\/04\/Insulated-Drink-Dispenser-Display\uff082\uff09-12x12.webp 12w, https:\/\/moyahousehold.com\/wp-content\/uploads\/2024\/04\/Insulated-Drink-Dispenser-Display\uff082\uff09-285x285.webp 285w, https:\/\/moyahousehold.com\/wp-content\/uploads\/2024\/04\/Insulated-Drink-Dispenser-Display\uff082\uff09-270x270.webp 270w, https:\/\/moyahousehold.com\/wp-content\/uploads\/2024\/04\/Insulated-Drink-Dispenser-Display\uff082\uff09-540x540.webp 540w, https:\/\/moyahousehold.com\/wp-content\/uploads\/2024\/04\/Insulated-Drink-Dispenser-Display\uff082\uff09-660x660.webp 660w\" sizes=\"(max-width: 1500px) 100vw, 1500px\" \/><\/figure>\n<\/div>\n<\/div>","protected":false},"excerpt":{"rendered":"<p>Distributeur de boissons isothermes en gros, sa conception \u00e0 double couche sous vide offre un meilleur effet d'isolation. D'une capacit\u00e9 de 5 litres, il convient aux bureaux, aux restaurants et \u00e0 d'autres lieux. Ce distributeur de boissons isothermes est simple et chic, et trouve un \u00e9quilibre parfait entre beaut\u00e9 et praticit\u00e9. Contactez-nous pour un devis.<\/p>\n<h3>Caract\u00e9ristiques du distributeur de boissons isotherme 5.0L<\/h3>\n<div>\n<p><strong>Conception \u00e0 grande capacit\u00e9 :<\/strong> Ce distributeur de boissons isothermes a une grande capacit\u00e9 de 5 litres, ce qui permet de r\u00e9pondre aux besoins de grandes quantit\u00e9s de boissons et convient \u00e0 une utilisation dans les bureaux, les gymnases et d'autres lieux.<\/p>\n<p><strong>Performance d'isolation sup\u00e9rieure :<\/strong> Contrairement aux distributeurs isol\u00e9s en caoutchouc mousse ordinaires sur le march\u00e9, le distributeur de boissons isol\u00e9es de MOYA utilise la technologie du vide pour am\u00e9liorer consid\u00e9rablement l'effet d'isolation et maintenir la temp\u00e9rature des boissons plus longtemps.<\/p>\n<p><strong>Contr\u00f4le intelligent de la temp\u00e9rature :<\/strong> Ce distributeur de boissons isothermes est \u00e9quip\u00e9 d'un \u00e9cran LCD qui affiche la temp\u00e9rature \u00e0 l'int\u00e9rieur du tonneau en temps r\u00e9el. La conception intelligente du contr\u00f4le de la temp\u00e9rature permet une gestion pratique de la temp\u00e9rature.<\/p>\n<p><strong>Filtration efficace :<\/strong> Ce distributeur de boissons isotherme est dot\u00e9 d'un filtre haute densit\u00e9 int\u00e9gr\u00e9 qui permet de filtrer facilement les r\u00e9sidus et de garder les boissons propres.<\/p>\n<p><strong>Service personnalis\u00e9 :<\/strong> Nous proposons des services personnalis\u00e9s OEM et ODM. Nous pouvons cr\u00e9er des pots \u00e0 air de marque exclusive selon les besoins des clients pour r\u00e9pondre aux diff\u00e9rentes demandes du march\u00e9.<\/p>\n<\/div>\n<p><strong><a href=\"https:\/\/moyahousehold.com\/fr\/solution-personnalisee\/\" target=\"_blank\" rel=\"noopener\">MOYA fournit des solutions OEM&amp;ODM personnalis\u00e9es pour les distributeurs de boissons isothermes.<\/a><\/strong><\/p>","protected":false},"featured_media":9910,"comment_status":"closed","ping_status":"closed","template":"","meta":[],"product_cat":[54],"product_tag":[85],"class_list":{"0":"post-3657","1":"product","2":"type-product","3":"status-publish","4":"has-post-thumbnail","6":"product_cat-thermal-carafe-wholesale","7":"product_tag-wholesale-stainless-steel-liner-thermos-carafe","9":"first","10":"instock","11":"shipping-taxable","12":"product-type-simple"},"_links":{"self":[{"href":"https:\/\/moyahousehold.com\/fr\/wp-json\/wp\/v2\/product\/3657","targetHints":{"allow":["GET"]}}],"collection":[{"href":"https:\/\/moyahousehold.com\/fr\/wp-json\/wp\/v2\/product"}],"about":[{"href":"https:\/\/moyahousehold.com\/fr\/wp-json\/wp\/v2\/types\/product"}],"replies":[{"embeddable":true,"href":"https:\/\/moyahousehold.com\/fr\/wp-json\/wp\/v2\/comments?post=3657"}],"version-history":[{"count":0,"href":"https:\/\/moyahousehold.com\/fr\/wp-json\/wp\/v2\/product\/3657\/revisions"}],"wp:featuredmedia":[{"embeddable":true,"href":"https:\/\/moyahousehold.com\/fr\/wp-json\/wp\/v2\/media\/9910"}],"wp:attachment":[{"href":"https:\/\/moyahousehold.com\/fr\/wp-json\/wp\/v2\/media?parent=3657"}],"wp:term":[{"taxonomy":"product_cat","embeddable":true,"href":"https:\/\/moyahousehold.com\/fr\/wp-json\/wp\/v2\/product_cat?post=3657"},{"taxonomy":"product_tag","embeddable":true,"href":"https:\/\/moyahousehold.com\/fr\/wp-json\/wp\/v2\/product_tag?post=3657"}],"curies":[{"name":"wp","href":"https:\/\/api.w.org\/{rel}","templated":true}]}}