{"id":3671,"date":"2024-04-22T05:23:57","date_gmt":"2024-04-22T05:23:57","guid":{"rendered":"https:\/\/moyahousehold.com\/?post_type=product&#038;p=3671"},"modified":"2026-04-11T03:56:57","modified_gmt":"2026-04-11T03:56:57","slug":"wholesale-insulated-water-dispenser-2500ml","status":"publish","type":"product","link":"https:\/\/moyahousehold.com\/fr\/produit\/wholesale-insulated-water-dispenser-2500ml\/","title":{"rendered":"Wholesale Insulated Water Dispenser 2500ML \u2014Efficient Thermal Insulation for Home, Office, and Commercial Use"},"content":{"rendered":"<figure class=\"wp-block-image size-full\"><img fetchpriority=\"high\" decoding=\"async\" width=\"5472\" height=\"3648\" src=\"https:\/\/moyahousehold.com\/wp-content\/uploads\/2024\/04\/JS-\u6c14\u538b\u58f6-41.jpg\" alt=\"2.5L Air Pressure Kettle in Black\/White, minimalist thermal insulated water dispenser with air-pressure spout and ergonomic handle, ideal for home\/office\" class=\"wp-image-12905\" srcset=\"https:\/\/moyahousehold.com\/wp-content\/uploads\/2024\/04\/JS-\u6c14\u538b\u58f6-41.jpg 5472w, https:\/\/moyahousehold.com\/wp-content\/uploads\/2024\/04\/JS-\u6c14\u538b\u58f6-41-300x200.jpg 300w, https:\/\/moyahousehold.com\/wp-content\/uploads\/2024\/04\/JS-\u6c14\u538b\u58f6-41-768x512.jpg 768w, https:\/\/moyahousehold.com\/wp-content\/uploads\/2024\/04\/JS-\u6c14\u538b\u58f6-41-18x12.jpg 18w, https:\/\/moyahousehold.com\/wp-content\/uploads\/2024\/04\/JS-\u6c14\u538b\u58f6-41-285x190.jpg 285w, https:\/\/moyahousehold.com\/wp-content\/uploads\/2024\/04\/JS-\u6c14\u538b\u58f6-41-1600x1067.jpg 1600w, https:\/\/moyahousehold.com\/wp-content\/uploads\/2024\/04\/JS-\u6c14\u538b\u58f6-41-660x440.jpg 660w, https:\/\/moyahousehold.com\/wp-content\/uploads\/2024\/04\/JS-\u6c14\u538b\u58f6-41-150x100.jpg 150w\" sizes=\"(max-width: 5472px) 100vw, 5472px\" \/><\/figure>\n\n\n\n<h3 class=\"wp-block-heading\">Param\u00e8tres du distributeur d'eau isol\u00e9e<\/h3>\n\n\n\n<figure class=\"wp-block-table\"><table class=\"has-fixed-layout\"><tbody><tr><td><strong>Objet<\/strong><\/td><td><strong>Mat\u00e9riau<\/strong><\/td><td><strong>Couleur<\/strong><\/td><td><strong>Dimension<\/strong><\/td><td><strong>G.W.\/PCS<\/strong><\/td><\/tr><tr><td>MY0840<\/td><td>304 + PP + PE + ABS + Silica Gel<\/td><td>Black\/Beige<\/td><td>23.8*16*28<\/td><td>2.5<\/td><\/tr><\/tbody><\/table><\/figure>\n\n\n\n<div class=\"wp-block-columns is-layout-flex wp-container-core-columns-is-layout-9d6595d7 wp-block-columns-is-layout-flex\">\n<div class=\"wp-block-column is-layout-flow wp-block-column-is-layout-flow\">\n<h3 class=\"wp-block-heading\">Options de thermos personnalis\u00e9s<\/h3>\n\n\n\n<p><strong>Logo<\/strong>: Customize your brand logo on product and packaging.<br><strong>Logo Options<\/strong>: Printed logo, laser engraved logo, etc.<br><strong>Mod\u00e8le<\/strong>: Mod\u00e8les d'impression.<br><strong>Printing Technology<\/strong>: Water transfer printing, silk screen printing, heat transfer printing, sublimation transfer, etc.<br><strong>Emballage :<\/strong> Color box<br><a href=\"https:\/\/moyahousehold.com\/fr\/solution-personnalisee\/\" target=\"_blank\" rel=\"noreferrer noopener\"><strong>En savoir plus sur les solutions thermos personnalis\u00e9es<\/strong><\/a><\/p>\n<\/div>\n<\/div>\n\n\n\n<div class=\"wp-block-columns is-layout-flex wp-container-core-columns-is-layout-9d6595d7 wp-block-columns-is-layout-flex\">\n<div class=\"wp-block-column is-layout-flow wp-block-column-is-layout-flow\">\n<figure class=\"wp-block-image size-full\"><img decoding=\"async\" width=\"3648\" height=\"5472\" src=\"https:\/\/moyahousehold.com\/wp-content\/uploads\/2024\/04\/JS-\u6c14\u538b\u58f6-24.jpg\" alt=\"2.5L Air Pressure Kettle in Black\/White, minimalist thermal insulated water dispenser with air-pressure spout and ergonomic handle, ideal for home\/office\" class=\"wp-image-12906\" srcset=\"https:\/\/moyahousehold.com\/wp-content\/uploads\/2024\/04\/JS-\u6c14\u538b\u58f6-24.jpg 3648w, https:\/\/moyahousehold.com\/wp-content\/uploads\/2024\/04\/JS-\u6c14\u538b\u58f6-24-200x300.jpg 200w, https:\/\/moyahousehold.com\/wp-content\/uploads\/2024\/04\/JS-\u6c14\u538b\u58f6-24-768x1152.jpg 768w, https:\/\/moyahousehold.com\/wp-content\/uploads\/2024\/04\/JS-\u6c14\u538b\u58f6-24-8x12.jpg 8w, https:\/\/moyahousehold.com\/wp-content\/uploads\/2024\/04\/JS-\u6c14\u538b\u58f6-24-285x428.jpg 285w, https:\/\/moyahousehold.com\/wp-content\/uploads\/2024\/04\/JS-\u6c14\u538b\u58f6-24-1600x2400.jpg 1600w, https:\/\/moyahousehold.com\/wp-content\/uploads\/2024\/04\/JS-\u6c14\u538b\u58f6-24-440x660.jpg 440w, https:\/\/moyahousehold.com\/wp-content\/uploads\/2024\/04\/JS-\u6c14\u538b\u58f6-24-100x150.jpg 100w\" sizes=\"(max-width: 3648px) 100vw, 3648px\" \/><\/figure>\n<\/div>\n\n\n\n<div class=\"wp-block-column is-layout-flow wp-block-column-is-layout-flow\">\n<figure class=\"wp-block-image size-full\"><img decoding=\"async\" width=\"3648\" height=\"5472\" src=\"https:\/\/moyahousehold.com\/wp-content\/uploads\/2024\/04\/JS-\u6c14\u538b\u58f6-33.jpg\" alt=\"2.5L Air Pressure Kettle in Black\/White, minimalist thermal insulated water dispenser with air-pressure spout and ergonomic handle, ideal for home\/office\" class=\"wp-image-12909\" srcset=\"https:\/\/moyahousehold.com\/wp-content\/uploads\/2024\/04\/JS-\u6c14\u538b\u58f6-33.jpg 3648w, https:\/\/moyahousehold.com\/wp-content\/uploads\/2024\/04\/JS-\u6c14\u538b\u58f6-33-200x300.jpg 200w, https:\/\/moyahousehold.com\/wp-content\/uploads\/2024\/04\/JS-\u6c14\u538b\u58f6-33-768x1152.jpg 768w, https:\/\/moyahousehold.com\/wp-content\/uploads\/2024\/04\/JS-\u6c14\u538b\u58f6-33-8x12.jpg 8w, https:\/\/moyahousehold.com\/wp-content\/uploads\/2024\/04\/JS-\u6c14\u538b\u58f6-33-285x428.jpg 285w, https:\/\/moyahousehold.com\/wp-content\/uploads\/2024\/04\/JS-\u6c14\u538b\u58f6-33-1600x2400.jpg 1600w, https:\/\/moyahousehold.com\/wp-content\/uploads\/2024\/04\/JS-\u6c14\u538b\u58f6-33-440x660.jpg 440w, https:\/\/moyahousehold.com\/wp-content\/uploads\/2024\/04\/JS-\u6c14\u538b\u58f6-33-100x150.jpg 100w\" sizes=\"(max-width: 3648px) 100vw, 3648px\" \/><\/figure>\n<\/div>\n<\/div>\n\n\n\n<div class=\"wp-block-columns is-layout-flex wp-container-core-columns-is-layout-9d6595d7 wp-block-columns-is-layout-flex\">\n<div class=\"wp-block-column is-layout-flow wp-block-column-is-layout-flow\">\n<figure class=\"wp-block-image size-full\"><img loading=\"lazy\" decoding=\"async\" width=\"3648\" height=\"5472\" src=\"https:\/\/moyahousehold.com\/wp-content\/uploads\/2024\/04\/JS-\u6c14\u538b\u58f6-90.jpg\" alt=\"2.5L Air Pressure Kettle in Black\/White, minimalist thermal insulated water dispenser with air-pressure spout and ergonomic handle, ideal for home\/office\" class=\"wp-image-12907\" srcset=\"https:\/\/moyahousehold.com\/wp-content\/uploads\/2024\/04\/JS-\u6c14\u538b\u58f6-90.jpg 3648w, https:\/\/moyahousehold.com\/wp-content\/uploads\/2024\/04\/JS-\u6c14\u538b\u58f6-90-200x300.jpg 200w, https:\/\/moyahousehold.com\/wp-content\/uploads\/2024\/04\/JS-\u6c14\u538b\u58f6-90-768x1152.jpg 768w, https:\/\/moyahousehold.com\/wp-content\/uploads\/2024\/04\/JS-\u6c14\u538b\u58f6-90-8x12.jpg 8w, https:\/\/moyahousehold.com\/wp-content\/uploads\/2024\/04\/JS-\u6c14\u538b\u58f6-90-285x428.jpg 285w, https:\/\/moyahousehold.com\/wp-content\/uploads\/2024\/04\/JS-\u6c14\u538b\u58f6-90-1600x2400.jpg 1600w, https:\/\/moyahousehold.com\/wp-content\/uploads\/2024\/04\/JS-\u6c14\u538b\u58f6-90-440x660.jpg 440w, https:\/\/moyahousehold.com\/wp-content\/uploads\/2024\/04\/JS-\u6c14\u538b\u58f6-90-100x150.jpg 100w\" sizes=\"(max-width: 3648px) 100vw, 3648px\" \/><\/figure>\n<\/div>\n\n\n\n<div class=\"wp-block-column is-layout-flow wp-block-column-is-layout-flow\">\n<figure class=\"wp-block-image size-full\"><img loading=\"lazy\" decoding=\"async\" width=\"3648\" height=\"5472\" src=\"https:\/\/moyahousehold.com\/wp-content\/uploads\/2024\/04\/JS-\u6c14\u538b\u58f6-1.jpg\" alt=\"2.5L Air Pressure Kettle in Black\/White, minimalist thermal insulated water dispenser with air-pressure spout and ergonomic handle, ideal for home\/office\" class=\"wp-image-12908\" srcset=\"https:\/\/moyahousehold.com\/wp-content\/uploads\/2024\/04\/JS-\u6c14\u538b\u58f6-1.jpg 3648w, https:\/\/moyahousehold.com\/wp-content\/uploads\/2024\/04\/JS-\u6c14\u538b\u58f6-1-200x300.jpg 200w, https:\/\/moyahousehold.com\/wp-content\/uploads\/2024\/04\/JS-\u6c14\u538b\u58f6-1-768x1152.jpg 768w, https:\/\/moyahousehold.com\/wp-content\/uploads\/2024\/04\/JS-\u6c14\u538b\u58f6-1-8x12.jpg 8w, https:\/\/moyahousehold.com\/wp-content\/uploads\/2024\/04\/JS-\u6c14\u538b\u58f6-1-285x428.jpg 285w, https:\/\/moyahousehold.com\/wp-content\/uploads\/2024\/04\/JS-\u6c14\u538b\u58f6-1-1600x2400.jpg 1600w, https:\/\/moyahousehold.com\/wp-content\/uploads\/2024\/04\/JS-\u6c14\u538b\u58f6-1-440x660.jpg 440w, https:\/\/moyahousehold.com\/wp-content\/uploads\/2024\/04\/JS-\u6c14\u538b\u58f6-1-100x150.jpg 100w\" sizes=\"(max-width: 3648px) 100vw, 3648px\" \/><\/figure>\n<\/div>\n<\/div>","protected":false},"excerpt":{"rendered":"<p>Le distributeur d'eau isotherme en gros 2500ml peut maintenir la temp\u00e9rature interne de la boisson pendant une longue p\u00e9riode. Ce distributeur d'eau isotherme est con\u00e7u pour \u00eatre l\u00e9ger et \u00e9quip\u00e9 d'une poign\u00e9e confortable, ce qui le rend tr\u00e8s pratique \u00e0 transporter. Il peut \u00eatre utilis\u00e9 par de nombreuses personnes lors de r\u00e9unions de famille, au bureau ou lors d'activit\u00e9s de plein air.<\/p>\n<h3>Caract\u00e9ristiques du distributeur d'eau isotherme 2500ML\u00a0<\/h3>\n<div>\n<p><strong>Easy to Use:<\/strong> Il suffit d'appuyer sur le bouton pour que l'eau ou les boissons s'\u00e9coulent automatiquement, ce qui rend le versement des boissons extr\u00eamement rapide et pratique.<\/p>\n<p><strong>Excellent Insulation Performance:<\/strong> Ce distributeur d'eau isotherme utilise une technologie d'isolation sous vide \u00e0 double couche pour maintenir efficacement la temp\u00e9rature appropri\u00e9e des boissons chaudes ou froides.<\/p>\n<p><strong>Large Capacity:<\/strong> Ce distributeur d'eau isotherme a une capacit\u00e9 de 2,5 litres, ce qui permet de r\u00e9pondre aux besoins r\u00e9guliers en boissons lors des f\u00eates et d'\u00e9viter les remplissages fr\u00e9quents.<\/p>\n<p><strong>Easy to Carry:<\/strong> Ce distributeur d'eau isotherme est con\u00e7u pour \u00eatre l\u00e9ger. Sa forme compacte et sa facilit\u00e9 de transport en font un choix id\u00e9al pour les activit\u00e9s de plein air, les voyages ou le camping.<\/p>\n<p><strong>Facile \u00e0 nettoyer :<\/strong> Le distributeur d'eau isotherme peut \u00eatre facilement d\u00e9mont\u00e9 et les utilisateurs peuvent facilement nettoyer tous les coins pendant l'utilisation.<\/p>\n<p><strong>Environmentally Friendly Design:<\/strong> Son concept est non seulement ax\u00e9 sur la praticit\u00e9, mais il adh\u00e8re \u00e9galement aux principes de protection de l'environnement. Il peut \u00eatre utilis\u00e9 plusieurs fois. Ce distributeur d'eau isotherme contribue \u00e0 r\u00e9duire l'utilisation de bouteilles en plastique jetables.<\/p>\n<p><\/p>\n<p>&nbsp;<\/p>\n<\/div>","protected":false},"featured_media":12916,"comment_status":"closed","ping_status":"closed","template":"","meta":[],"product_cat":[54],"product_tag":[85],"class_list":{"0":"post-3671","1":"product","2":"type-product","3":"status-publish","4":"has-post-thumbnail","6":"product_cat-thermal-carafe-wholesale","7":"product_tag-wholesale-stainless-steel-liner-thermos-carafe","9":"first","10":"instock","11":"shipping-taxable","12":"product-type-simple"},"_links":{"self":[{"href":"https:\/\/moyahousehold.com\/fr\/wp-json\/wp\/v2\/product\/3671","targetHints":{"allow":["GET"]}}],"collection":[{"href":"https:\/\/moyahousehold.com\/fr\/wp-json\/wp\/v2\/product"}],"about":[{"href":"https:\/\/moyahousehold.com\/fr\/wp-json\/wp\/v2\/types\/product"}],"replies":[{"embeddable":true,"href":"https:\/\/moyahousehold.com\/fr\/wp-json\/wp\/v2\/comments?post=3671"}],"version-history":[{"count":2,"href":"https:\/\/moyahousehold.com\/fr\/wp-json\/wp\/v2\/product\/3671\/revisions"}],"predecessor-version":[{"id":12913,"href":"https:\/\/moyahousehold.com\/fr\/wp-json\/wp\/v2\/product\/3671\/revisions\/12913"}],"wp:featuredmedia":[{"embeddable":true,"href":"https:\/\/moyahousehold.com\/fr\/wp-json\/wp\/v2\/media\/12916"}],"wp:attachment":[{"href":"https:\/\/moyahousehold.com\/fr\/wp-json\/wp\/v2\/media?parent=3671"}],"wp:term":[{"taxonomy":"product_cat","embeddable":true,"href":"https:\/\/moyahousehold.com\/fr\/wp-json\/wp\/v2\/product_cat?post=3671"},{"taxonomy":"product_tag","embeddable":true,"href":"https:\/\/moyahousehold.com\/fr\/wp-json\/wp\/v2\/product_tag?post=3671"}],"curies":[{"name":"wp","href":"https:\/\/api.w.org\/{rel}","templated":true}]}}