{"id":3702,"date":"2024-04-22T06:24:04","date_gmt":"2024-04-22T06:24:04","guid":{"rendered":"https:\/\/moyahousehold.com\/?post_type=product&#038;p=3702"},"modified":"2024-08-07T01:03:08","modified_gmt":"2024-08-07T01:03:08","slug":"wholesale-colorful-salad-bowl","status":"publish","type":"product","link":"https:\/\/moyahousehold.com\/fr\/produit\/wholesale-colorful-salad-bowl\/","title":{"rendered":"Saladier personnalis\u00e9 avec apparence color\u00e9e Ajouter du plaisir \u00e0 la cuisine"},"content":{"rendered":"<div class=\"wp-block-columns is-layout-flex wp-container-core-columns-is-layout-9d6595d7 wp-block-columns-is-layout-flex\">\n<div class=\"wp-block-column is-layout-flow wp-block-column-is-layout-flow\">\n<h3 class=\"wp-block-heading\">Param\u00e8tres du saladier<\/h3>\n\n\n\n<p>Mat\u00e9riau : acier inoxydable 201 <br>Couleur : acier<br><strong>Num\u00e9ro de mod\u00e8le:MYQH001<\/strong><br>Poids net : 0,24 kg<br>Poids brut par bo\u00eete : 14,4 kg<br>Capacit\u00e9 : 20 cm<br>Dimension du produit : 21x21x9.8cm<br>Dimension de la bo\u00eete : 43x22x39cm<br><strong>Num\u00e9ro de mod\u00e8le:MYQH002<\/strong><br>Poids net : 0,25 kg<br>Poids brut par bo\u00eete : 12 kg<br>Capacit\u00e9 : 24cm<br>Dimension du produit : 25.2\u00d725.2\u00d710.6cm<br>Dimension de la bo\u00eete : 51x26x50cm<br><strong>Num\u00e9ro de mod\u00e8le:MYQH003<\/strong><br>Poids net : 0,45 kg<br>Poids brut par bo\u00eete : 11,6 kg<br>Capacit\u00e9 : 28cm<br>Dimension du produit : 28.9\u00d728.9\u00d711.8cm<br>Dimension de la bo\u00eete : 59x30x55cm<br><\/p>\n<\/div>\n\n\n\n<div class=\"wp-block-column is-layout-flow wp-block-column-is-layout-flow\">\n<h3 class=\"wp-block-heading\">Saladier personnalis\u00e9<\/h3>\n\n\n\n<p>Logo : personnalisez le logo de votre marque sur le produit et l'emballage.<br>Options de logo : logo imprim\u00e9, logo grav\u00e9 au laser, etc.<br>Motif : Impression de motifs sur le saladier.<br>Technologie d'impression : transfert d'eau.<br>l'impression, la s\u00e9rigraphie, l'impression par transfert thermique, etc.<br>Emballage : bo\u00eete de couleur.<br><a href=\"https:\/\/moyahousehold.com\/fr\/solution-personnalisee\/\"><strong>Plus de personnalisation<\/strong><\/a><\/p>\n\n\n\n<p><br><\/p>\n<\/div>\n<\/div>\n\n\n\n<div class=\"wp-block-columns is-layout-flex wp-container-core-columns-is-layout-9d6595d7 wp-block-columns-is-layout-flex\">\n<div class=\"wp-block-column is-layout-flow wp-block-column-is-layout-flow\">\n<figure class=\"wp-block-image size-full\"><img fetchpriority=\"high\" decoding=\"async\" width=\"4160\" height=\"4160\" src=\"https:\/\/moyahousehold.com\/wp-content\/uploads\/2024\/04\/Wholesale-salad-bowl-real-picture-1.webp\" alt=\"Saladier en gros image r\u00e9elle (1)\" class=\"wp-image-7866\" srcset=\"https:\/\/moyahousehold.com\/wp-content\/uploads\/2024\/04\/Wholesale-salad-bowl-real-picture-1.webp 4160w, https:\/\/moyahousehold.com\/wp-content\/uploads\/2024\/04\/Wholesale-salad-bowl-real-picture-1-300x300.webp 300w, https:\/\/moyahousehold.com\/wp-content\/uploads\/2024\/04\/Wholesale-salad-bowl-real-picture-1-150x150.webp 150w, https:\/\/moyahousehold.com\/wp-content\/uploads\/2024\/04\/Wholesale-salad-bowl-real-picture-1-768x768.webp 768w, https:\/\/moyahousehold.com\/wp-content\/uploads\/2024\/04\/Wholesale-salad-bowl-real-picture-1-12x12.webp 12w, https:\/\/moyahousehold.com\/wp-content\/uploads\/2024\/04\/Wholesale-salad-bowl-real-picture-1-285x285.webp 285w, https:\/\/moyahousehold.com\/wp-content\/uploads\/2024\/04\/Wholesale-salad-bowl-real-picture-1-1600x1600.webp 1600w, https:\/\/moyahousehold.com\/wp-content\/uploads\/2024\/04\/Wholesale-salad-bowl-real-picture-1-270x270.webp 270w, https:\/\/moyahousehold.com\/wp-content\/uploads\/2024\/04\/Wholesale-salad-bowl-real-picture-1-540x540.webp 540w, https:\/\/moyahousehold.com\/wp-content\/uploads\/2024\/04\/Wholesale-salad-bowl-real-picture-1-660x660.webp 660w\" sizes=\"(max-width: 4160px) 100vw, 4160px\" \/><\/figure>\n<\/div>\n\n\n\n<div class=\"wp-block-column is-layout-flow wp-block-column-is-layout-flow\">\n<figure class=\"wp-block-image size-full\"><img decoding=\"async\" width=\"4160\" height=\"4160\" src=\"https:\/\/moyahousehold.com\/wp-content\/uploads\/2024\/04\/Wholesale-salad-bowl-real-picture-2.webp\" alt=\"Saladier en gros photo r\u00e9elle (2)\" class=\"wp-image-7867\" srcset=\"https:\/\/moyahousehold.com\/wp-content\/uploads\/2024\/04\/Wholesale-salad-bowl-real-picture-2.webp 4160w, https:\/\/moyahousehold.com\/wp-content\/uploads\/2024\/04\/Wholesale-salad-bowl-real-picture-2-300x300.webp 300w, https:\/\/moyahousehold.com\/wp-content\/uploads\/2024\/04\/Wholesale-salad-bowl-real-picture-2-150x150.webp 150w, https:\/\/moyahousehold.com\/wp-content\/uploads\/2024\/04\/Wholesale-salad-bowl-real-picture-2-768x768.webp 768w, https:\/\/moyahousehold.com\/wp-content\/uploads\/2024\/04\/Wholesale-salad-bowl-real-picture-2-12x12.webp 12w, https:\/\/moyahousehold.com\/wp-content\/uploads\/2024\/04\/Wholesale-salad-bowl-real-picture-2-285x285.webp 285w, https:\/\/moyahousehold.com\/wp-content\/uploads\/2024\/04\/Wholesale-salad-bowl-real-picture-2-1600x1600.webp 1600w, https:\/\/moyahousehold.com\/wp-content\/uploads\/2024\/04\/Wholesale-salad-bowl-real-picture-2-270x270.webp 270w, https:\/\/moyahousehold.com\/wp-content\/uploads\/2024\/04\/Wholesale-salad-bowl-real-picture-2-540x540.webp 540w, https:\/\/moyahousehold.com\/wp-content\/uploads\/2024\/04\/Wholesale-salad-bowl-real-picture-2-660x660.webp 660w\" sizes=\"(max-width: 4160px) 100vw, 4160px\" \/><\/figure>\n<\/div>\n<\/div>\n\n\n\n<div class=\"wp-block-columns is-layout-flex wp-container-core-columns-is-layout-9d6595d7 wp-block-columns-is-layout-flex\">\n<div class=\"wp-block-column is-layout-flow wp-block-column-is-layout-flow\"><\/div>\n\n\n\n<div class=\"wp-block-column is-layout-flow wp-block-column-is-layout-flow\"><\/div>\n<\/div>","protected":false},"excerpt":{"rendered":"<p>Nous vous invitons \u00e0 acheter des saladiers en gros. Vous pouvez choisir parmi de nombreuses sp\u00e9cifications pour r\u00e9pondre \u00e0 vos besoins. L'acier inoxydable de qualit\u00e9 alimentaire garantit la s\u00e9curit\u00e9 et la sant\u00e9.\u00a0 \u00a0<\/p>\n<h3>Caract\u00e9ristiques et avantages du saladier<\/h3>\n<div>1) Mat\u00e9riau en acier inoxydable de qualit\u00e9 alimentaire, pour profiter pleinement de la saveur saine ;<\/p>\n<p>&nbsp;<\/p>\n<p>2. proc\u00e9d\u00e9 d'emboutissage mat, polissage fin, texture visible ;<\/p>\n<p>&nbsp;<\/p>\n<p>3.Reconnaissance des marques, contr\u00f4le facile de l'utilisation des aliments ;<\/p>\n<p>&nbsp;<\/p>\n<p>4. la conception de l'orifice de d\u00e9rivation assure un basculement en douceur et emp\u00eache les fuites ;<\/p>\n<p>&nbsp;<\/p>\n<\/div>\n<p><strong><a href=\"https:\/\/moyahousehold.com\/fr\/solution-personnalisee\/\">support OEM&amp;ODM<\/a><\/strong><\/p>","protected":false},"featured_media":7856,"comment_status":"open","ping_status":"closed","template":"","meta":[],"product_cat":[55],"product_tag":[],"class_list":{"0":"post-3702","1":"product","2":"type-product","3":"status-publish","4":"has-post-thumbnail","6":"product_cat-salad-bowl-wholesale","8":"first","9":"instock","10":"shipping-taxable","11":"product-type-simple"},"_links":{"self":[{"href":"https:\/\/moyahousehold.com\/fr\/wp-json\/wp\/v2\/product\/3702","targetHints":{"allow":["GET"]}}],"collection":[{"href":"https:\/\/moyahousehold.com\/fr\/wp-json\/wp\/v2\/product"}],"about":[{"href":"https:\/\/moyahousehold.com\/fr\/wp-json\/wp\/v2\/types\/product"}],"replies":[{"embeddable":true,"href":"https:\/\/moyahousehold.com\/fr\/wp-json\/wp\/v2\/comments?post=3702"}],"version-history":[{"count":0,"href":"https:\/\/moyahousehold.com\/fr\/wp-json\/wp\/v2\/product\/3702\/revisions"}],"wp:featuredmedia":[{"embeddable":true,"href":"https:\/\/moyahousehold.com\/fr\/wp-json\/wp\/v2\/media\/7856"}],"wp:attachment":[{"href":"https:\/\/moyahousehold.com\/fr\/wp-json\/wp\/v2\/media?parent=3702"}],"wp:term":[{"taxonomy":"product_cat","embeddable":true,"href":"https:\/\/moyahousehold.com\/fr\/wp-json\/wp\/v2\/product_cat?post=3702"},{"taxonomy":"product_tag","embeddable":true,"href":"https:\/\/moyahousehold.com\/fr\/wp-json\/wp\/v2\/product_tag?post=3702"}],"curies":[{"name":"wp","href":"https:\/\/api.w.org\/{rel}","templated":true}]}}