{"id":3721,"date":"2024-04-22T07:22:40","date_gmt":"2024-04-22T07:22:40","guid":{"rendered":"https:\/\/moyahousehold.com\/?post_type=product&#038;p=3721"},"modified":"2025-01-09T02:49:16","modified_gmt":"2025-01-09T02:49:16","slug":"wholesale-high-quality-salad-bowls","status":"publish","type":"product","link":"https:\/\/moyahousehold.com\/fr\/produit\/wholesale-high-quality-salad-bowls\/","title":{"rendered":"Saladier en gros sur mesure avec panier-filtre, support OEM &amp; ODM"},"content":{"rendered":"<div class=\"wp-block-columns is-layout-flex wp-container-core-columns-is-layout-9d6595d7 wp-block-columns-is-layout-flex\">\n<div class=\"wp-block-column is-layout-flow wp-block-column-is-layout-flow\">\n<h3 class=\"wp-block-heading\">Param\u00e8tres du saladier personnalisable<\/h3>\n\n\n\n<figure class=\"wp-block-table\"><table class=\"has-fixed-layout\"><tbody><tr><td>Num\u00e9ro de mod\u00e8le<\/td><td>Mat\u00e9riau<\/td><td>Couleur<\/td><td>Capacit\u00e9<\/td><td>Taille du produit\/cm<\/td><td>Taille de la bo\u00eete ext\u00e9rieure\/cm<\/td><td>N.W.\/kg<\/td><td>Poids brut\/kg\/bo\u00eete<\/td><\/tr><tr><td>MYTY001<\/td><td rowspan=\"5\">304<\/td><td rowspan=\"5\">Acier<\/td><td>16cm<\/td><td>16*16*7<\/td><td>32*16*27<\/td><td>0.13<\/td><td>39.6<\/td><\/tr><tr><td>MYTY002<\/td><td>19cm<\/td><td>19*19*8<\/td><td>38*19*29<\/td><td>0.2<\/td><td>40<\/td><\/tr><tr><td>MYTY003<\/td><td>22cm<\/td><td>22*22*10<\/td><td>22*22*37<\/td><td>0.24<\/td><td>35.2<\/td><\/tr><tr><td>MYTY004<\/td><td>25cm<\/td><td>25*25*10.5<\/td><td>25*25*32<\/td><td>0.34<\/td><td>32.4<\/td><\/tr><tr><td>MYTY005<\/td><td>28cm<\/td><td>28*28*12<\/td><td>28*28*26<\/td><td>0.43<\/td><td>25.2<\/td><\/tr><\/tbody><\/table><\/figure>\n\n\n\n<h3 class=\"wp-block-heading\">Options de bols \u00e0 salade personnalis\u00e9s<\/h3>\n\n\n\n<p><strong>Logo<\/strong>: personnalisez le logo de votre marque sur les contenants et emballages alimentaires.<br><strong>Options du logo<\/strong>: Nous vous proposons des m\u00e9thodes de gravure au laser ou de transfert thermique pour ajouter votre logo au saladier.<br><strong>Mod\u00e8le<\/strong>: impression de motifs sur un saladier.<br><strong>Technologie d'impression<\/strong>: Nous proposons l'impression par transfert d'\u00e9cran, transfert de chaleur et transfert d'eau pour ajouter des motifs \u00e0 vos produits.<br><strong>Paquet<\/strong>:Vous pouvez nous envoyer le fichier et nous personnaliserons la bo\u00eete de couleur du saladier pour vous.<br><a href=\"https:\/\/moyahousehold.com\/fr\/solution-personnalisee\/\"><strong>Plus de personnalisation<\/strong><\/a><\/p>\n<\/div>\n<\/div>\n\n\n\n<div class=\"wp-block-columns is-layout-flex wp-container-core-columns-is-layout-9d6595d7 wp-block-columns-is-layout-flex\">\n<div class=\"wp-block-column is-layout-flow wp-block-column-is-layout-flow\">\n<figure class=\"wp-block-image size-full\"><img fetchpriority=\"high\" decoding=\"async\" width=\"3587\" height=\"3587\" src=\"https:\/\/moyahousehold.com\/wp-content\/uploads\/2024\/04\/custom-salad-bowl-detail-1.webp\" alt=\"d\u00e9tail saladier personnalis\u00e9 (1)\" class=\"wp-image-7923\" srcset=\"https:\/\/moyahousehold.com\/wp-content\/uploads\/2024\/04\/custom-salad-bowl-detail-1.webp 3587w, https:\/\/moyahousehold.com\/wp-content\/uploads\/2024\/04\/custom-salad-bowl-detail-1-300x300.webp 300w, https:\/\/moyahousehold.com\/wp-content\/uploads\/2024\/04\/custom-salad-bowl-detail-1-150x150.webp 150w, https:\/\/moyahousehold.com\/wp-content\/uploads\/2024\/04\/custom-salad-bowl-detail-1-768x768.webp 768w, https:\/\/moyahousehold.com\/wp-content\/uploads\/2024\/04\/custom-salad-bowl-detail-1-12x12.webp 12w, https:\/\/moyahousehold.com\/wp-content\/uploads\/2024\/04\/custom-salad-bowl-detail-1-285x285.webp 285w, https:\/\/moyahousehold.com\/wp-content\/uploads\/2024\/04\/custom-salad-bowl-detail-1-1600x1600.webp 1600w, https:\/\/moyahousehold.com\/wp-content\/uploads\/2024\/04\/custom-salad-bowl-detail-1-270x270.webp 270w, https:\/\/moyahousehold.com\/wp-content\/uploads\/2024\/04\/custom-salad-bowl-detail-1-540x540.webp 540w, https:\/\/moyahousehold.com\/wp-content\/uploads\/2024\/04\/custom-salad-bowl-detail-1-660x660.webp 660w\" sizes=\"(max-width: 3587px) 100vw, 3587px\" \/><\/figure>\n<\/div>\n\n\n\n<div class=\"wp-block-column is-layout-flow wp-block-column-is-layout-flow\">\n<figure class=\"wp-block-image size-full\"><img decoding=\"async\" width=\"3441\" height=\"3441\" src=\"https:\/\/moyahousehold.com\/wp-content\/uploads\/2024\/04\/custom-salad-bowl-detail.webp\" alt=\"saladier personnalis\u00e9 d\u00e9tail\" class=\"wp-image-7924\" srcset=\"https:\/\/moyahousehold.com\/wp-content\/uploads\/2024\/04\/custom-salad-bowl-detail.webp 3441w, https:\/\/moyahousehold.com\/wp-content\/uploads\/2024\/04\/custom-salad-bowl-detail-300x300.webp 300w, https:\/\/moyahousehold.com\/wp-content\/uploads\/2024\/04\/custom-salad-bowl-detail-150x150.webp 150w, https:\/\/moyahousehold.com\/wp-content\/uploads\/2024\/04\/custom-salad-bowl-detail-768x768.webp 768w, https:\/\/moyahousehold.com\/wp-content\/uploads\/2024\/04\/custom-salad-bowl-detail-12x12.webp 12w, https:\/\/moyahousehold.com\/wp-content\/uploads\/2024\/04\/custom-salad-bowl-detail-285x285.webp 285w, https:\/\/moyahousehold.com\/wp-content\/uploads\/2024\/04\/custom-salad-bowl-detail-1600x1600.webp 1600w, https:\/\/moyahousehold.com\/wp-content\/uploads\/2024\/04\/custom-salad-bowl-detail-270x270.webp 270w, https:\/\/moyahousehold.com\/wp-content\/uploads\/2024\/04\/custom-salad-bowl-detail-540x540.webp 540w, https:\/\/moyahousehold.com\/wp-content\/uploads\/2024\/04\/custom-salad-bowl-detail-660x660.webp 660w\" sizes=\"(max-width: 3441px) 100vw, 3441px\" \/><\/figure>\n<\/div>\n<\/div>\n\n\n\n<div class=\"wp-block-columns is-layout-flex wp-container-core-columns-is-layout-9d6595d7 wp-block-columns-is-layout-flex\">\n<div class=\"wp-block-column is-layout-flow wp-block-column-is-layout-flow\"><\/div>\n\n\n\n<div class=\"wp-block-column is-layout-flow wp-block-column-is-layout-flow\"><\/div>\n<\/div>","protected":false},"excerpt":{"rendered":"<p>Saladiers personnalis\u00e9s en gros avec panier \u00e0 tamis efficace, convenant pour m\u00e9langer la salade de l\u00e9gumes et laver le riz. Nous offrons une vari\u00e9t\u00e9 d'options de personnalisation, vous pouvez choisir votre motif et couleur pr\u00e9f\u00e9r\u00e9s pour personnaliser un saladier unique. Contactez nous d\u00e8s maintenant.<\/p>\n<h3>Caract\u00e9ristiques et avantages du saladier personnalisable<\/h3>\n<div>\n<p><strong>Mat\u00e9riau en acier inoxydable 304 :<\/strong> Ce saladier est fabriqu\u00e9 en acier inoxydable 304 de haute qualit\u00e9, et la paroi int\u00e9rieure est polie pour emp\u00eacher efficacement les aliments de coller et faciliter le nettoyage.<\/p>\n<p><strong>Marques d'\u00e9chelle int\u00e9gr\u00e9es :<\/strong> Ce saladier personnalisable int\u00e8gre des graduations claires et faciles \u00e0 lire pour vous aider \u00e0 contr\u00f4ler avec pr\u00e9cision la quantit\u00e9 d'ingr\u00e9dients, \u00e0 \u00e9viter le gaspillage et \u00e0 vous assurer que chaque plat a le bon go\u00fbt.<\/p>\n<p><strong>Polyvalence :<\/strong> Il peut \u00eatre utilis\u00e9 non seulement comme bol sala, mais aussi pour laver le riz, les l\u00e9gumes, les fruits ou d'autres ingr\u00e9dients \u00e0 petits grains, avec diverses fonctions.<\/p>\n<p><strong>Panier filtrant \u00e0 drainage efficace :<\/strong> \u00c9quip\u00e9 d'un panier-filtre en acier inoxydable, le filtre est dot\u00e9 de trous de filtration fins qui permettent d'\u00e9vacuer rapidement et efficacement l'eau et d'\u00e9viter la perte de grains de riz.<\/p>\n<p><strong>Service de saladier personnalis\u00e9 OEM et ODM :<\/strong> En tant que fabricant de saladiers, nous fournissons des solutions personnalis\u00e9es de qualit\u00e9 professionnelle pour vous aider \u00e0 cr\u00e9er le meilleur saladier de marque \u00e0 partir de plusieurs dimensions.<\/p>\n<p>7. En tant que fabricant de saladiers, nous pouvons personnaliser l'apparence, la taille et le logo du saladier pour vous. N'h\u00e9sitez pas \u00e0 nous contacter pour des solutions personnalis\u00e9es.<\/div>","protected":false},"featured_media":9832,"comment_status":"open","ping_status":"closed","template":"","meta":[],"product_cat":[55],"product_tag":[],"class_list":{"0":"post-3721","1":"product","2":"type-product","3":"status-publish","4":"has-post-thumbnail","6":"product_cat-salad-bowl-wholesale","8":"first","9":"instock","10":"shipping-taxable","11":"product-type-simple"},"_links":{"self":[{"href":"https:\/\/moyahousehold.com\/fr\/wp-json\/wp\/v2\/product\/3721","targetHints":{"allow":["GET"]}}],"collection":[{"href":"https:\/\/moyahousehold.com\/fr\/wp-json\/wp\/v2\/product"}],"about":[{"href":"https:\/\/moyahousehold.com\/fr\/wp-json\/wp\/v2\/types\/product"}],"replies":[{"embeddable":true,"href":"https:\/\/moyahousehold.com\/fr\/wp-json\/wp\/v2\/comments?post=3721"}],"version-history":[{"count":1,"href":"https:\/\/moyahousehold.com\/fr\/wp-json\/wp\/v2\/product\/3721\/revisions"}],"predecessor-version":[{"id":12941,"href":"https:\/\/moyahousehold.com\/fr\/wp-json\/wp\/v2\/product\/3721\/revisions\/12941"}],"wp:featuredmedia":[{"embeddable":true,"href":"https:\/\/moyahousehold.com\/fr\/wp-json\/wp\/v2\/media\/9832"}],"wp:attachment":[{"href":"https:\/\/moyahousehold.com\/fr\/wp-json\/wp\/v2\/media?parent=3721"}],"wp:term":[{"taxonomy":"product_cat","embeddable":true,"href":"https:\/\/moyahousehold.com\/fr\/wp-json\/wp\/v2\/product_cat?post=3721"},{"taxonomy":"product_tag","embeddable":true,"href":"https:\/\/moyahousehold.com\/fr\/wp-json\/wp\/v2\/product_tag?post=3721"}],"curies":[{"name":"wp","href":"https:\/\/api.w.org\/{rel}","templated":true}]}}