{"id":3772,"date":"2024-04-22T13:41:38","date_gmt":"2024-04-22T13:41:38","guid":{"rendered":"https:\/\/moyahousehold.com\/?post_type=product&#038;p=3772"},"modified":"2025-02-05T08:44:36","modified_gmt":"2025-02-05T08:44:36","slug":"custom-bento-box-wholesale","status":"publish","type":"product","link":"https:\/\/moyahousehold.com\/fr\/produit\/custom-bento-box-wholesale\/","title":{"rendered":"Bo\u00eete \u00e0 bento personnalis\u00e9e en gros avec poign\u00e9e portative et apparence mignonne"},"content":{"rendered":"<div class=\"wp-block-columns is-layout-flex wp-container-core-columns-is-layout-9d6595d7 wp-block-columns-is-layout-flex\">\n<div class=\"wp-block-column is-layout-flow wp-block-column-is-layout-flow\">\n<h3 class=\"wp-block-heading\">Param\u00e8tres de la bo\u00eete \u00e0 bento<\/h3>\n\n\n\n<p>Num\u00e9ro de mod\u00e8le : MYJD001<br>Mat\u00e9riau : Acier inoxydable 304 + PP  <br>Couleur : Beige\/Khaki<br>Capacit\u00e9 : 920 ml<br>Dimension du produit : 21.5x15x8cm<br>Dimensions de la bo\u00eete ext\u00e9rieure : 62x38x68cm<br>Quantit\u00e9 par bo\u00eete : 48<br>Poids net\uff1a0.43kg<br>Poids brut par bo\u00eete : 26kg<br><\/p>\n<\/div>\n\n\n\n<div class=\"wp-block-column is-layout-flow wp-block-column-is-layout-flow\">\n<h3 class=\"wp-block-heading\">Bo\u00eete \u00e0 bento personnalis\u00e9e<\/h3>\n\n\n\n<p>Logo : personnalisez le logo de votre marque sur le produit et l'emballage.<br>Options de logo : logo imprim\u00e9, logo grav\u00e9 au laser, etc.<br>Motif : Impression de motifs sur les bo\u00eetes \u00e0 bento<br>Technologie d'impression : impression par transfert d'eau, impression par s\u00e9rigraphie, impression par transfert de chaleur, transfert par sublimation, etc.<br>Emballage : bo\u00eete de couleur<br><a href=\"https:\/\/moyahousehold.com\/fr\/solution-personnalisee\/\"><strong>Plus de personnalisation<\/strong><\/a><\/p>\n\n\n\n<p><br><\/p>\n<\/div>\n<\/div>\n\n\n\n<div class=\"wp-block-columns is-layout-flex wp-container-core-columns-is-layout-9d6595d7 wp-block-columns-is-layout-flex\">\n<div class=\"wp-block-column is-layout-flow wp-block-column-is-layout-flow\">\n<figure class=\"wp-block-image size-full is-resized\"><img fetchpriority=\"high\" decoding=\"async\" width=\"800\" height=\"800\" src=\"https:\/\/moyahousehold.com\/wp-content\/uploads\/2024\/04\/wholesale-lunch-box-8-1.webp\" alt=\"Bo\u00eete \u00e0 lunch en gros (8)\" class=\"wp-image-4684\" style=\"width:344px;height:auto\" srcset=\"https:\/\/moyahousehold.com\/wp-content\/uploads\/2024\/04\/wholesale-lunch-box-8-1.webp 800w, https:\/\/moyahousehold.com\/wp-content\/uploads\/2024\/04\/wholesale-lunch-box-8-1-300x300.webp 300w, https:\/\/moyahousehold.com\/wp-content\/uploads\/2024\/04\/wholesale-lunch-box-8-1-150x150.webp 150w, https:\/\/moyahousehold.com\/wp-content\/uploads\/2024\/04\/wholesale-lunch-box-8-1-768x768.webp 768w, https:\/\/moyahousehold.com\/wp-content\/uploads\/2024\/04\/wholesale-lunch-box-8-1-285x285.webp 285w, https:\/\/moyahousehold.com\/wp-content\/uploads\/2024\/04\/wholesale-lunch-box-8-1-270x270.webp 270w, https:\/\/moyahousehold.com\/wp-content\/uploads\/2024\/04\/wholesale-lunch-box-8-1-540x540.webp 540w, https:\/\/moyahousehold.com\/wp-content\/uploads\/2024\/04\/wholesale-lunch-box-8-1-660x660.webp 660w\" sizes=\"(max-width: 800px) 100vw, 800px\" \/><\/figure>\n\n\n\n<figure class=\"wp-block-image size-full is-resized\"><img decoding=\"async\" width=\"800\" height=\"800\" src=\"https:\/\/moyahousehold.com\/wp-content\/uploads\/2024\/04\/wholesale-lunch-box-1.jpg\" alt=\"bo\u00eete \u00e0 lunch en gros (1)\" class=\"wp-image-4678\" style=\"width:356px;height:auto\" srcset=\"https:\/\/moyahousehold.com\/wp-content\/uploads\/2024\/04\/wholesale-lunch-box-1.jpg 800w, https:\/\/moyahousehold.com\/wp-content\/uploads\/2024\/04\/wholesale-lunch-box-1-300x300.jpg 300w, https:\/\/moyahousehold.com\/wp-content\/uploads\/2024\/04\/wholesale-lunch-box-1-150x150.jpg 150w, https:\/\/moyahousehold.com\/wp-content\/uploads\/2024\/04\/wholesale-lunch-box-1-768x768.jpg 768w, https:\/\/moyahousehold.com\/wp-content\/uploads\/2024\/04\/wholesale-lunch-box-1-285x285.jpg 285w, https:\/\/moyahousehold.com\/wp-content\/uploads\/2024\/04\/wholesale-lunch-box-1-270x270.jpg 270w, https:\/\/moyahousehold.com\/wp-content\/uploads\/2024\/04\/wholesale-lunch-box-1-540x540.jpg 540w, https:\/\/moyahousehold.com\/wp-content\/uploads\/2024\/04\/wholesale-lunch-box-1-660x660.jpg 660w\" sizes=\"(max-width: 800px) 100vw, 800px\" \/><\/figure>\n<\/div>\n\n\n\n<div class=\"wp-block-column is-layout-flow wp-block-column-is-layout-flow\">\n<figure class=\"wp-block-image size-full is-resized\"><img decoding=\"async\" width=\"1024\" height=\"1024\" src=\"https:\/\/moyahousehold.com\/wp-content\/uploads\/2024\/04\/wholesale-lunch-box-2-1.jpg\" alt=\"bo\u00eete \u00e0 lunch en gros\" class=\"wp-image-4687\" style=\"width:404px;height:auto\" srcset=\"https:\/\/moyahousehold.com\/wp-content\/uploads\/2024\/04\/wholesale-lunch-box-2-1.jpg 1024w, https:\/\/moyahousehold.com\/wp-content\/uploads\/2024\/04\/wholesale-lunch-box-2-1-300x300.jpg 300w, https:\/\/moyahousehold.com\/wp-content\/uploads\/2024\/04\/wholesale-lunch-box-2-1-150x150.jpg 150w, https:\/\/moyahousehold.com\/wp-content\/uploads\/2024\/04\/wholesale-lunch-box-2-1-768x768.jpg 768w, https:\/\/moyahousehold.com\/wp-content\/uploads\/2024\/04\/wholesale-lunch-box-2-1-285x285.jpg 285w, https:\/\/moyahousehold.com\/wp-content\/uploads\/2024\/04\/wholesale-lunch-box-2-1-270x270.jpg 270w, https:\/\/moyahousehold.com\/wp-content\/uploads\/2024\/04\/wholesale-lunch-box-2-1-540x540.jpg 540w, https:\/\/moyahousehold.com\/wp-content\/uploads\/2024\/04\/wholesale-lunch-box-2-1-660x660.jpg 660w\" sizes=\"(max-width: 1024px) 100vw, 1024px\" \/><\/figure>\n\n\n\n<figure class=\"wp-block-image size-full is-resized\"><img loading=\"lazy\" decoding=\"async\" width=\"1024\" height=\"1024\" src=\"https:\/\/moyahousehold.com\/wp-content\/uploads\/2024\/04\/wholesale-lunch-box-3-2.webp\" alt=\"bo\u00eete \u00e0 lunch en gros (3)\" class=\"wp-image-4683\" style=\"width:434px;height:auto\" srcset=\"https:\/\/moyahousehold.com\/wp-content\/uploads\/2024\/04\/wholesale-lunch-box-3-2.webp 1024w, https:\/\/moyahousehold.com\/wp-content\/uploads\/2024\/04\/wholesale-lunch-box-3-2-300x300.webp 300w, https:\/\/moyahousehold.com\/wp-content\/uploads\/2024\/04\/wholesale-lunch-box-3-2-150x150.webp 150w, https:\/\/moyahousehold.com\/wp-content\/uploads\/2024\/04\/wholesale-lunch-box-3-2-768x768.webp 768w, https:\/\/moyahousehold.com\/wp-content\/uploads\/2024\/04\/wholesale-lunch-box-3-2-285x285.webp 285w, https:\/\/moyahousehold.com\/wp-content\/uploads\/2024\/04\/wholesale-lunch-box-3-2-270x270.webp 270w, https:\/\/moyahousehold.com\/wp-content\/uploads\/2024\/04\/wholesale-lunch-box-3-2-540x540.webp 540w, https:\/\/moyahousehold.com\/wp-content\/uploads\/2024\/04\/wholesale-lunch-box-3-2-660x660.webp 660w\" sizes=\"(max-width: 1024px) 100vw, 1024px\" \/><\/figure>\n<\/div>\n<\/div>\n\n\n\n<div class=\"wp-block-columns is-layout-flex wp-container-core-columns-is-layout-9d6595d7 wp-block-columns-is-layout-flex\">\n<div class=\"wp-block-column is-layout-flow wp-block-column-is-layout-flow\"><\/div>\n\n\n\n<div class=\"wp-block-column is-layout-flow wp-block-column-is-layout-flow\"><\/div>\n<\/div>","protected":false},"excerpt":{"rendered":"<p>Les bo\u00eetes \u00e0 bento sont fabriqu\u00e9es en acier inoxydable de haute qualit\u00e9, l\u00e9g\u00e8res et faciles \u00e0 transporter, elles conviennent parfaitement aux pique-niques en plein air. Les bo\u00eetes \u00e0 bento sont fabriqu\u00e9es en acier inoxydable de haute qualit\u00e9, l\u00e9g\u00e8res et faciles \u00e0 transporter, elles conviennent parfaitement aux pique-niques en plein air.\u00a0\u00a0<\/p>\n<h3>Caract\u00e9ristiques et avantages de la bo\u00eete \u00e0 bento<\/h3>\n<div>1.Rev\u00eatement int\u00e9rieur en acier inoxydable 304, robuste et durable ; facile \u00e0 nettoyer ;<\/p>\n<p>&nbsp;<\/p>\n<p>2. anneau en silicone int\u00e9gr\u00e9 ; boucle \u00e0 quatre c\u00f4t\u00e9s ; fermeture herm\u00e9tique ;<\/p>\n<p>&nbsp;<\/p>\n<p>3. poign\u00e9e cach\u00e9e, facile \u00e0 d\u00e9placer et \u00e0 transporter pour un acc\u00e8s ais\u00e9 ;<\/p>\n<p>&nbsp;<\/p>\n<\/div>\n<p><strong><a href=\"https:\/\/moyahousehold.com\/fr\/solution-personnalisee\/\">support OEM&amp;ODM<\/a><\/strong><\/p>","protected":false},"featured_media":8885,"comment_status":"closed","ping_status":"closed","template":"","meta":[],"product_cat":[58],"product_tag":[87,92],"class_list":{"0":"post-3772","1":"product","2":"type-product","3":"status-publish","4":"has-post-thumbnail","6":"product_cat-lunch-box-wholesale","7":"product_tag-wholesale-multi-compartment-lunch-box","8":"product_tag-wholesale-rectangle-lunch-box","10":"first","11":"instock","12":"shipping-taxable","13":"product-type-simple"},"_links":{"self":[{"href":"https:\/\/moyahousehold.com\/fr\/wp-json\/wp\/v2\/product\/3772","targetHints":{"allow":["GET"]}}],"collection":[{"href":"https:\/\/moyahousehold.com\/fr\/wp-json\/wp\/v2\/product"}],"about":[{"href":"https:\/\/moyahousehold.com\/fr\/wp-json\/wp\/v2\/types\/product"}],"replies":[{"embeddable":true,"href":"https:\/\/moyahousehold.com\/fr\/wp-json\/wp\/v2\/comments?post=3772"}],"version-history":[{"count":0,"href":"https:\/\/moyahousehold.com\/fr\/wp-json\/wp\/v2\/product\/3772\/revisions"}],"wp:featuredmedia":[{"embeddable":true,"href":"https:\/\/moyahousehold.com\/fr\/wp-json\/wp\/v2\/media\/8885"}],"wp:attachment":[{"href":"https:\/\/moyahousehold.com\/fr\/wp-json\/wp\/v2\/media?parent=3772"}],"wp:term":[{"taxonomy":"product_cat","embeddable":true,"href":"https:\/\/moyahousehold.com\/fr\/wp-json\/wp\/v2\/product_cat?post=3772"},{"taxonomy":"product_tag","embeddable":true,"href":"https:\/\/moyahousehold.com\/fr\/wp-json\/wp\/v2\/product_tag?post=3772"}],"curies":[{"name":"wp","href":"https:\/\/api.w.org\/{rel}","templated":true}]}}