{"id":3794,"date":"2024-04-23T00:41:19","date_gmt":"2024-04-23T00:41:19","guid":{"rendered":"https:\/\/moyahousehold.com\/?post_type=product&#038;p=3794"},"modified":"2025-02-05T10:24:58","modified_gmt":"2025-02-05T10:24:58","slug":"wholesale-environmentally-friendly-food-storage-containers","status":"publish","type":"product","link":"https:\/\/moyahousehold.com\/fr\/produit\/recipient-de-stockage-alimentaire-en-gros\/","title":{"rendered":"Vente en gros de r\u00e9cipients de conservation des aliments respectueux de l'environnement : Les r\u00e9cipients alimentaires r\u00e9utilisables"},"content":{"rendered":"<div class=\"wp-block-columns is-layout-flex wp-container-core-columns-is-layout-9d6595d7 wp-block-columns-is-layout-flex\">\n<div class=\"wp-block-column is-layout-flow wp-block-column-is-layout-flow\">\n<h3 class=\"wp-block-heading\">Param\u00e8tres des r\u00e9cipients alimentaires r\u00e9utilisables en acier inoxydable<\/h3>\n\n\n\n<figure class=\"wp-block-table\"><table class=\"has-fixed-layout\"><tbody><tr><td>Num\u00e9ro de mod\u00e8le<\/td><td>Mat\u00e9riau<\/td><td>Couleur<\/td><td>Capacit\u00e9<\/td><td>Taille du produit<\/td><td>Dimensions de la bo\u00eete ext\u00e9rieure<\/td><td>QT\u00c9\/CTN<\/td><td>N.W.<\/td><td>G.W.<\/td><\/tr><tr><td>MYJD016<\/td><td rowspan=\"3\">304+PP<\/td><td rowspan=\"3\">Couvercle noir<br>corps en acier<\/td><td>350ml<\/td><td>14.5*11.5*5<\/td><td>58*45*56<\/td><td>160<\/td><td>0.13&nbsp;<\/td><td>23.8<\/td><\/tr><tr><td>MYJD017<\/td><td>550ml<\/td><td>16.5*12.5*5.5<\/td><td>64*50*50<\/td><td>120<\/td><td>0.16&nbsp;<\/td><td>22.2<\/td><\/tr><tr><td>MYJD018<\/td><td>850ml<\/td><td>19.5*14.5*6.5<\/td><td>76*54*43<\/td><td>96<\/td><td>0.23&nbsp;<\/td><td>25.08<\/td><\/tr><\/tbody><\/table><\/figure>\n<\/div>\n<\/div>\n\n\n\n<div class=\"wp-block-columns is-layout-flex wp-container-core-columns-is-layout-9d6595d7 wp-block-columns-is-layout-flex\">\n<div class=\"wp-block-column is-layout-flow wp-block-column-is-layout-flow\">\n<h3 class=\"wp-block-heading\">Options de conteneurs alimentaires personnalis\u00e9s<\/h3>\n\n\n\n<p><strong>Logo<\/strong>: personnalisez le logo de votre marque sur les contenants et emballages alimentaires.<br><strong>Couvercle<\/strong>Couvercles en verre \/ Couvercles en PP<br><strong>Options du logo<\/strong>: Nous vous proposons des m\u00e9thodes de gravure au laser ou de transfert thermique pour ajouter votre logo aux r\u00e9cipients alimentaires.<br><strong>Mod\u00e8le<\/strong>: motifs d'impression sur les contenants alimentaires.<br><strong>Technologie d'impression<\/strong>: Nous proposons l'impression par transfert d'\u00e9cran, transfert de chaleur et transfert d'eau pour ajouter des motifs \u00e0 vos produits.<br><strong>Paquet<\/strong>Bo\u00eete de couleur<br><a href=\"https:\/\/moyahousehold.com\/fr\/solution-personnalisee\/\"><strong>D\u00e9couvrez d'autres solutions de conteneurs alimentaires personnalis\u00e9s. <\/strong><\/a><\/p>\n<\/div>\n<\/div>\n\n\n\n<div class=\"wp-block-columns is-layout-flex wp-container-core-columns-is-layout-9d6595d7 wp-block-columns-is-layout-flex\">\n<div class=\"wp-block-column is-layout-flow wp-block-column-is-layout-flow\">\n<figure class=\"wp-block-image size-full\"><img fetchpriority=\"high\" decoding=\"async\" width=\"1500\" height=\"1500\" src=\"https:\/\/moyahousehold.com\/wp-content\/uploads\/2024\/04\/Wholesale-Environmentally-Friendly-Food-Storage-Containers-1.jpg\" alt=\"R\u00e9cipients de conservation des aliments respectueux de l&#039;environnement (1)\" class=\"wp-image-9277\" srcset=\"https:\/\/moyahousehold.com\/wp-content\/uploads\/2024\/04\/Wholesale-Environmentally-Friendly-Food-Storage-Containers-1.jpg 1500w, https:\/\/moyahousehold.com\/wp-content\/uploads\/2024\/04\/Wholesale-Environmentally-Friendly-Food-Storage-Containers-1-300x300.jpg 300w, https:\/\/moyahousehold.com\/wp-content\/uploads\/2024\/04\/Wholesale-Environmentally-Friendly-Food-Storage-Containers-1-150x150.jpg 150w, https:\/\/moyahousehold.com\/wp-content\/uploads\/2024\/04\/Wholesale-Environmentally-Friendly-Food-Storage-Containers-1-768x768.jpg 768w, https:\/\/moyahousehold.com\/wp-content\/uploads\/2024\/04\/Wholesale-Environmentally-Friendly-Food-Storage-Containers-1-12x12.jpg 12w, https:\/\/moyahousehold.com\/wp-content\/uploads\/2024\/04\/Wholesale-Environmentally-Friendly-Food-Storage-Containers-1-285x285.jpg 285w, https:\/\/moyahousehold.com\/wp-content\/uploads\/2024\/04\/Wholesale-Environmentally-Friendly-Food-Storage-Containers-1-270x270.jpg 270w, https:\/\/moyahousehold.com\/wp-content\/uploads\/2024\/04\/Wholesale-Environmentally-Friendly-Food-Storage-Containers-1-540x540.jpg 540w, https:\/\/moyahousehold.com\/wp-content\/uploads\/2024\/04\/Wholesale-Environmentally-Friendly-Food-Storage-Containers-1-660x660.jpg 660w\" sizes=\"(max-width: 1500px) 100vw, 1500px\" \/><\/figure>\n<\/div>\n\n\n\n<div class=\"wp-block-column is-layout-flow wp-block-column-is-layout-flow\">\n<figure class=\"wp-block-image size-full\"><img decoding=\"async\" width=\"1500\" height=\"1500\" src=\"https:\/\/moyahousehold.com\/wp-content\/uploads\/2024\/04\/Wholesale-Environmentally-Friendly-Food-Storage-Containers-2.jpg\" alt=\"R\u00e9cipients de conservation des aliments respectueux de l&#039;environnement (2)\" class=\"wp-image-9278\" srcset=\"https:\/\/moyahousehold.com\/wp-content\/uploads\/2024\/04\/Wholesale-Environmentally-Friendly-Food-Storage-Containers-2.jpg 1500w, https:\/\/moyahousehold.com\/wp-content\/uploads\/2024\/04\/Wholesale-Environmentally-Friendly-Food-Storage-Containers-2-300x300.jpg 300w, https:\/\/moyahousehold.com\/wp-content\/uploads\/2024\/04\/Wholesale-Environmentally-Friendly-Food-Storage-Containers-2-150x150.jpg 150w, https:\/\/moyahousehold.com\/wp-content\/uploads\/2024\/04\/Wholesale-Environmentally-Friendly-Food-Storage-Containers-2-768x768.jpg 768w, https:\/\/moyahousehold.com\/wp-content\/uploads\/2024\/04\/Wholesale-Environmentally-Friendly-Food-Storage-Containers-2-12x12.jpg 12w, https:\/\/moyahousehold.com\/wp-content\/uploads\/2024\/04\/Wholesale-Environmentally-Friendly-Food-Storage-Containers-2-285x285.jpg 285w, https:\/\/moyahousehold.com\/wp-content\/uploads\/2024\/04\/Wholesale-Environmentally-Friendly-Food-Storage-Containers-2-270x270.jpg 270w, https:\/\/moyahousehold.com\/wp-content\/uploads\/2024\/04\/Wholesale-Environmentally-Friendly-Food-Storage-Containers-2-540x540.jpg 540w, https:\/\/moyahousehold.com\/wp-content\/uploads\/2024\/04\/Wholesale-Environmentally-Friendly-Food-Storage-Containers-2-660x660.jpg 660w\" sizes=\"(max-width: 1500px) 100vw, 1500px\" \/><\/figure>\n<\/div>\n<\/div>","protected":false},"excerpt":{"rendered":"<p>Conteneurs de stockage alimentaire \u00e9cologiques en acier inoxydable Nos conteneurs de stockage alimentaire en acier inoxydable sont connus pour leur r\u00e9utilisation respectueuse de l'environnement et leur multifonctionnalit\u00e9. Les conteneurs ont une excellente \u00e9tanch\u00e9it\u00e9 et conviennent au stockage d'une grande vari\u00e9t\u00e9 d'aliments, y compris les aliments frais, les aliments cuits, les soupes, etc. Ils peuvent \u00eatre r\u00e9frig\u00e9r\u00e9s, congel\u00e9s et pass\u00e9s au four \u00e0 micro-ondes, rempla\u00e7ant ainsi efficacement les conteneurs en plastique jetables. Nous fournissons une vari\u00e9t\u00e9 de sp\u00e9cifications et d'options de vente en gros, et soutenons les services de personnalisation OEM et ODM, n'h\u00e9sitez pas \u00e0 nous contacter.<\/p>\n<h3>Caract\u00e9ristiques et avantages des conteneurs de stockage des aliments<\/h3>\n<p><strong>Respectueux de l'environnement et r\u00e9utilisable : <\/strong>Fabriqu\u00e9 en acier inoxydable \u00e9pais de qualit\u00e9 alimentaire, il est r\u00e9utilisable et a une longue dur\u00e9e de vie, ce qui permet de r\u00e9duire efficacement l'utilisation d'emballages alimentaires jetables chaque ann\u00e9e.<\/p>\n<p><strong>Conception \u00e9tanche :<\/strong> Ce couvercle de r\u00e9cipient alimentaire en acier inoxydable adopte un m\u00e9canisme de verrouillage sur quatre c\u00f4t\u00e9s et est \u00e9quip\u00e9 d'un anneau d'\u00e9tanch\u00e9it\u00e9 en silicone flexible \u00e0 l'int\u00e9rieur pour garantir que les aliments ne se r\u00e9pandent pas.<\/p>\n<p><strong>Facile \u00e0 nettoyer :<\/strong> La surface de l'acier inoxydable est trait\u00e9e par un processus \u00e9lectrolytique, ce qui ne facilite pas les taches d'huile, et l'anneau en silicone int\u00e9gr\u00e9 peut \u00eatre facilement retir\u00e9, ce qui rend ce r\u00e9cipient alimentaire facile \u00e0 nettoyer.<\/p>\n<p><strong>Polyvalent :<\/strong> Ce conteneur alimentaire peut \u00eatre utilis\u00e9 pour stocker des ingr\u00e9dients et des restes de repas. Il peut \u00e9galement \u00eatre r\u00e9frig\u00e9r\u00e9 et congel\u00e9 pour conserver la fra\u00eecheur des aliments.<\/p>\n<p><strong>Chauffage par micro-ondes :<\/strong> Sa conception sp\u00e9ciale permet de l'utiliser directement pour le chauffage au micro-ondes sans changer de r\u00e9cipient, ce qui en fait un partenaire id\u00e9al pour votre cuisine et votre vie quotidienne.<\/p>","protected":false},"featured_media":9274,"comment_status":"closed","ping_status":"closed","template":"","meta":[],"product_cat":[57],"product_tag":[99],"class_list":{"0":"post-3794","1":"product","2":"type-product","3":"status-publish","4":"has-post-thumbnail","6":"product_cat-food-storage-container-wholesale","7":"product_tag-wholesale-rectangle-food-storage-containers","9":"first","10":"instock","11":"shipping-taxable","12":"product-type-simple"},"_links":{"self":[{"href":"https:\/\/moyahousehold.com\/fr\/wp-json\/wp\/v2\/product\/3794","targetHints":{"allow":["GET"]}}],"collection":[{"href":"https:\/\/moyahousehold.com\/fr\/wp-json\/wp\/v2\/product"}],"about":[{"href":"https:\/\/moyahousehold.com\/fr\/wp-json\/wp\/v2\/types\/product"}],"replies":[{"embeddable":true,"href":"https:\/\/moyahousehold.com\/fr\/wp-json\/wp\/v2\/comments?post=3794"}],"version-history":[{"count":0,"href":"https:\/\/moyahousehold.com\/fr\/wp-json\/wp\/v2\/product\/3794\/revisions"}],"wp:featuredmedia":[{"embeddable":true,"href":"https:\/\/moyahousehold.com\/fr\/wp-json\/wp\/v2\/media\/9274"}],"wp:attachment":[{"href":"https:\/\/moyahousehold.com\/fr\/wp-json\/wp\/v2\/media?parent=3794"}],"wp:term":[{"taxonomy":"product_cat","embeddable":true,"href":"https:\/\/moyahousehold.com\/fr\/wp-json\/wp\/v2\/product_cat?post=3794"},{"taxonomy":"product_tag","embeddable":true,"href":"https:\/\/moyahousehold.com\/fr\/wp-json\/wp\/v2\/product_tag?post=3794"}],"curies":[{"name":"wp","href":"https:\/\/api.w.org\/{rel}","templated":true}]}}