{"id":3814,"date":"2024-04-23T03:07:09","date_gmt":"2024-04-23T03:07:09","guid":{"rendered":"https:\/\/moyahousehold.com\/?post_type=product&#038;p=3814"},"modified":"2024-12-04T04:31:41","modified_gmt":"2024-12-04T04:31:41","slug":"wholesale-milk-pot","status":"publish","type":"product","link":"https:\/\/moyahousehold.com\/fr\/produit\/wholesale-milk-pot\/","title":{"rendered":"Pot \u00e0 lait en acier inoxydable,Pot \u00e0 lait de haute qualit\u00e9 pour cuisini\u00e8re et four \u00e0 micro-ondes"},"content":{"rendered":"<div class=\"wp-block-columns is-layout-flex wp-container-core-columns-is-layout-9d6595d7 wp-block-columns-is-layout-flex\">\n<div class=\"wp-block-column is-layout-flow wp-block-column-is-layout-flow\">\n<h3 class=\"wp-block-heading\">Param\u00e8tres du pot \u00e0 lait en acier inoxydable<\/h3>\n\n\n\n<figure class=\"wp-block-table\"><table class=\"has-fixed-layout\"><tbody><tr><td>Num\u00e9ro de mod\u00e8le<\/td><td>Avec cuiseur \u00e0 vapeur<\/td><td>Capacit\u00e9<\/td><td>Dimension du produit (cm)<\/td><td>Taille de la bo\u00eete ext\u00e9rieure (cm)<\/td><td>Quantit\u00e9 par bo\u00eete<\/td><td>Poids net (kg)<\/td><td>Poids brut par bo\u00eete (kg)<\/td><\/tr><tr><td>MYHL001<\/td><td>Non<\/td><td>2L<\/td><td>18 x 18 x 10<\/td><td>79 x 41 x 43<\/td><td>12<\/td><td>1.28<\/td><td>17.36<\/td><\/tr><tr><td>MYHL002<\/td><td>Oui<\/td><td>2L<\/td><td>18 x 18 x 10<\/td><td>79 x 41 x 43<\/td><td>12<\/td><td>1.53<\/td><td>20.36<\/td><\/tr><\/tbody><\/table><\/figure>\n\n\n\n<h2 class=\"wp-block-heading\">Options d'ustensiles de cuisine personnalis\u00e9s<\/h2>\n\n\n\n<p><strong>Logo : <\/strong>personnaliser le logo de votre marque sur les ustensiles de cuisine et leur emballage.<br><strong>options de logo personnalis\u00e9 :<\/strong> logo imprim\u00e9, logo grav\u00e9 au laser, etc.<br><strong>Surface ext\u00e9rieure : <\/strong>personnaliser l'apparence de vos ustensiles de cuisine.<br><strong>Emballage : <\/strong>bo\u00eete \u00e0 couleurs<br><strong>Taille et capacit\u00e9<\/strong>: personnaliser la taille et la capacit\u00e9 de l'ustensile de cuisine<br><strong><a href=\"https:\/\/moyahousehold.com\/fr\/solution-personnalisee\/\" target=\"_blank\" rel=\"noreferrer noopener\">En savoir plus sur les solutions d'ustensiles de cuisine sur mesure<\/a><\/strong><\/p>\n<\/div>\n<\/div>\n\n\n\n<div class=\"wp-block-columns is-layout-flex wp-container-core-columns-is-layout-9d6595d7 wp-block-columns-is-layout-flex\">\n<div class=\"wp-block-column is-layout-flow wp-block-column-is-layout-flow\">\n<figure class=\"wp-block-image size-full\"><img fetchpriority=\"high\" decoding=\"async\" width=\"1024\" height=\"1024\" src=\"https:\/\/moyahousehold.com\/wp-content\/uploads\/2024\/04\/wholesale-stainless-steel-milk-pot-2.webp\" alt=\"pot \u00e0 lait en gros en acier inoxydable (2)\" class=\"wp-image-9689\" srcset=\"https:\/\/moyahousehold.com\/wp-content\/uploads\/2024\/04\/wholesale-stainless-steel-milk-pot-2.webp 1024w, https:\/\/moyahousehold.com\/wp-content\/uploads\/2024\/04\/wholesale-stainless-steel-milk-pot-2-300x300.webp 300w, https:\/\/moyahousehold.com\/wp-content\/uploads\/2024\/04\/wholesale-stainless-steel-milk-pot-2-150x150.webp 150w, https:\/\/moyahousehold.com\/wp-content\/uploads\/2024\/04\/wholesale-stainless-steel-milk-pot-2-768x768.webp 768w, https:\/\/moyahousehold.com\/wp-content\/uploads\/2024\/04\/wholesale-stainless-steel-milk-pot-2-12x12.webp 12w, https:\/\/moyahousehold.com\/wp-content\/uploads\/2024\/04\/wholesale-stainless-steel-milk-pot-2-285x285.webp 285w, https:\/\/moyahousehold.com\/wp-content\/uploads\/2024\/04\/wholesale-stainless-steel-milk-pot-2-270x270.webp 270w, https:\/\/moyahousehold.com\/wp-content\/uploads\/2024\/04\/wholesale-stainless-steel-milk-pot-2-540x540.webp 540w, https:\/\/moyahousehold.com\/wp-content\/uploads\/2024\/04\/wholesale-stainless-steel-milk-pot-2-660x660.webp 660w\" sizes=\"(max-width: 1024px) 100vw, 1024px\" \/><\/figure>\n<\/div>\n\n\n\n<div class=\"wp-block-column is-layout-flow wp-block-column-is-layout-flow\">\n<figure class=\"wp-block-image size-full\"><img decoding=\"async\" width=\"1024\" height=\"1024\" src=\"https:\/\/moyahousehold.com\/wp-content\/uploads\/2024\/04\/wholesale-stainless-steel-milk-pot-5.webp\" alt=\"pot \u00e0 lait en gros en acier inoxydable (5)\" class=\"wp-image-9692\" srcset=\"https:\/\/moyahousehold.com\/wp-content\/uploads\/2024\/04\/wholesale-stainless-steel-milk-pot-5.webp 1024w, https:\/\/moyahousehold.com\/wp-content\/uploads\/2024\/04\/wholesale-stainless-steel-milk-pot-5-300x300.webp 300w, https:\/\/moyahousehold.com\/wp-content\/uploads\/2024\/04\/wholesale-stainless-steel-milk-pot-5-150x150.webp 150w, https:\/\/moyahousehold.com\/wp-content\/uploads\/2024\/04\/wholesale-stainless-steel-milk-pot-5-768x768.webp 768w, https:\/\/moyahousehold.com\/wp-content\/uploads\/2024\/04\/wholesale-stainless-steel-milk-pot-5-12x12.webp 12w, https:\/\/moyahousehold.com\/wp-content\/uploads\/2024\/04\/wholesale-stainless-steel-milk-pot-5-285x285.webp 285w, https:\/\/moyahousehold.com\/wp-content\/uploads\/2024\/04\/wholesale-stainless-steel-milk-pot-5-270x270.webp 270w, https:\/\/moyahousehold.com\/wp-content\/uploads\/2024\/04\/wholesale-stainless-steel-milk-pot-5-540x540.webp 540w, https:\/\/moyahousehold.com\/wp-content\/uploads\/2024\/04\/wholesale-stainless-steel-milk-pot-5-660x660.webp 660w\" sizes=\"(max-width: 1024px) 100vw, 1024px\" \/><\/figure>\n<\/div>\n<\/div>","protected":false},"excerpt":{"rendered":"<p>Vente en gros d'un pot \u00e0 lait \u00e9l\u00e9gant en acier inoxydable. Fabriqu\u00e9 en acier inoxydable, ce pot \u00e0 lait a un bon effet de collecte de la chaleur et est utilis\u00e9 pour chauffer le lait, cuisiner des soupes et des sauces. C'est un choix id\u00e9al pour les cuisines domestiques et commerciales. N'h\u00e9sitez pas \u00e0 nous contacter pour obtenir un devis.<\/p>\n<h3>Caract\u00e9ristiques du pot \u00e0 lait<\/h3>\n<p><strong>Fond de pot en composite multicouche<\/strong>: Le fond de ce pot \u00e0 lait en acier inoxydable est con\u00e7u avec un mat\u00e9riau composite multicouche, de sorte que les aliments contenus dans le pot peuvent \u00eatre chauff\u00e9s rapidement et cuits uniform\u00e9ment.<\/p>\n<p><strong>Conception d'apparence \u00e0 la mode<\/strong>: Ce pot \u00e0 lait de couleur beige est tr\u00e8s d\u00e9coratif. L'apparence exquise du pot vous fait tomber amoureux de la cuisine et vous apporte plus de plaisir dans la cuisine.<\/p>\n<p><strong>Applicable \u00e0 une vari\u00e9t\u00e9 de po\u00eales :<\/strong> Ce pot \u00e0 lait peut \u00eatre utilis\u00e9 sur diff\u00e9rents types de cuisini\u00e8res, y compris les cuisini\u00e8res \u00e0 induction et les cuisini\u00e8res \u00e0 gaz, ce qui convient \u00e0 diff\u00e9rents types de cuisines.<\/p>\n<p><strong>\u00c9quip\u00e9 d'un pot \u00e0 vapeur :<\/strong> Ce pot \u00e0 lait est \u00e9quip\u00e9 d'un cuiseur \u00e0 vapeur qui permet de faire bouillir le lait et de cuire les brioches \u00e0 la vapeur. Il convient \u00e0 la cuisine familiale quotidienne ou \u00e0 l'utilisation polyvalente de la cuisine.<\/p>\n<p><strong>Prise en charge de la personnalisation OEM et ODM :<\/strong> Nous proposons des services de personnalisation OEM et ODM flexibles et pouvons personnaliser diff\u00e9rentes capacit\u00e9s, couleurs ou logos de marque en fonction des besoins des clients.<\/p>","protected":false},"featured_media":9693,"comment_status":"open","ping_status":"closed","template":"","meta":[],"product_cat":[56],"product_tag":[70],"class_list":{"0":"post-3814","1":"product","2":"type-product","3":"status-publish","4":"has-post-thumbnail","6":"product_cat-stainless-steel-cookware-wholesale","7":"product_tag-wholesale-2000ml-thermos-carafe","9":"first","10":"instock","11":"shipping-taxable","12":"product-type-simple"},"_links":{"self":[{"href":"https:\/\/moyahousehold.com\/fr\/wp-json\/wp\/v2\/product\/3814","targetHints":{"allow":["GET"]}}],"collection":[{"href":"https:\/\/moyahousehold.com\/fr\/wp-json\/wp\/v2\/product"}],"about":[{"href":"https:\/\/moyahousehold.com\/fr\/wp-json\/wp\/v2\/types\/product"}],"replies":[{"embeddable":true,"href":"https:\/\/moyahousehold.com\/fr\/wp-json\/wp\/v2\/comments?post=3814"}],"version-history":[{"count":0,"href":"https:\/\/moyahousehold.com\/fr\/wp-json\/wp\/v2\/product\/3814\/revisions"}],"wp:featuredmedia":[{"embeddable":true,"href":"https:\/\/moyahousehold.com\/fr\/wp-json\/wp\/v2\/media\/9693"}],"wp:attachment":[{"href":"https:\/\/moyahousehold.com\/fr\/wp-json\/wp\/v2\/media?parent=3814"}],"wp:term":[{"taxonomy":"product_cat","embeddable":true,"href":"https:\/\/moyahousehold.com\/fr\/wp-json\/wp\/v2\/product_cat?post=3814"},{"taxonomy":"product_tag","embeddable":true,"href":"https:\/\/moyahousehold.com\/fr\/wp-json\/wp\/v2\/product_tag?post=3814"}],"curies":[{"name":"wp","href":"https:\/\/api.w.org\/{rel}","templated":true}]}}