{"id":3908,"date":"2024-04-30T08:35:41","date_gmt":"2024-04-30T08:35:41","guid":{"rendered":"https:\/\/moyahousehold.com\/?post_type=product&#038;p=3908"},"modified":"2025-01-09T01:37:42","modified_gmt":"2025-01-09T01:37:42","slug":"wholesale-rice-washer-strainer-bowl","status":"publish","type":"product","link":"https:\/\/moyahousehold.com\/fr\/produit\/wholesale-rice-washer-strainer-bowl\/","title":{"rendered":"Vente en gros d'un bol \u00e0 riz color\u00e9\uff0cBol \u00e0 m\u00e9langer en vrac pour la vente"},"content":{"rendered":"<div class=\"wp-block-columns is-layout-flex wp-container-core-columns-is-layout-9d6595d7 wp-block-columns-is-layout-flex\">\n<div class=\"wp-block-column is-layout-flow wp-block-column-is-layout-flow\">\n<h2 class=\"wp-block-heading\">Param\u00e8tres du bol \u00e0 riz<\/h2>\n\n\n\n<figure class=\"wp-block-table\"><table class=\"has-fixed-layout\"><tbody><tr><td>Num\u00e9ro de mod\u00e8le<\/td><td>Mat\u00e9riau<\/td><td>Couleur<\/td><td>Capacit\u00e9<\/td><td>Taille du produit\/cm<\/td><td>Taille de la bo\u00eete ext\u00e9rieure\/cm<\/td><td>N.W.\/kg<\/td><td>Poids brut\/kg\/bo\u00eete<\/td><\/tr><tr><td>MYJD112<\/td><td rowspan=\"3\">304+PP<\/td><td rowspan=\"3\">Beige\/Kaki\/Jaune\/Blanc<\/td><td>19CM<\/td><td>19*19*8<\/td><td>38*19*29<\/td><td>0.2<\/td><td>40<\/td><\/tr><tr><td>MYJD113<\/td><td>21CM<\/td><td>21*21*9<\/td><td>24*23*33<\/td><td>0.23<\/td><td>43<\/td><\/tr><tr><td>MYJD114<\/td><td>24CM<\/td><td>24*24*10.5<\/td><td>31*31*17.5<\/td><td>0.4<\/td><td>60<\/td><\/tr><\/tbody><\/table><\/figure>\n\n\n\n<h2 class=\"wp-block-heading\" style=\"font-size:25px\">Options de bols de nettoyage de riz personnalis\u00e9s<\/h2>\n\n\n\n<p><strong>Logo<\/strong>: personnalisation du logo de votre marque sur le produit et l'emballage.<br><strong>Options du logo<\/strong>logo imprim\u00e9, logo grav\u00e9 au laser, etc.<br><strong>Mod\u00e8le<\/strong>: Mod\u00e8les d'impression.<br><strong>Technologie d'impression<\/strong>Les techniques d'impression sont les suivantes : impression par transfert d'eau, impression par s\u00e9rigraphie, impression par transfert de chaleur, etc.<br><strong>Paquet<\/strong>:color box.<br><a href=\"https:\/\/moyahousehold.com\/fr\/solution-personnalisee\/\" target=\"_blank\" rel=\"noreferrer noopener\"><strong>Plus de personnalisation<\/strong><\/a><\/p>\n<\/div>\n<\/div>\n\n\n\n<div class=\"wp-block-columns is-layout-flex wp-container-core-columns-is-layout-9d6595d7 wp-block-columns-is-layout-flex\">\n<div class=\"wp-block-column is-layout-flow wp-block-column-is-layout-flow\">\n<figure class=\"wp-block-image size-full\"><img fetchpriority=\"high\" decoding=\"async\" width=\"761\" height=\"761\" src=\"https:\/\/moyahousehold.com\/wp-content\/uploads\/2024\/05\/wholesale-rice-washer-strainer-bowl-14.webp\" alt=\"\" class=\"wp-image-4747\" srcset=\"https:\/\/moyahousehold.com\/wp-content\/uploads\/2024\/05\/wholesale-rice-washer-strainer-bowl-14.webp 761w, https:\/\/moyahousehold.com\/wp-content\/uploads\/2024\/05\/wholesale-rice-washer-strainer-bowl-14-300x300.webp 300w, https:\/\/moyahousehold.com\/wp-content\/uploads\/2024\/05\/wholesale-rice-washer-strainer-bowl-14-150x150.webp 150w, https:\/\/moyahousehold.com\/wp-content\/uploads\/2024\/05\/wholesale-rice-washer-strainer-bowl-14-285x285.webp 285w, https:\/\/moyahousehold.com\/wp-content\/uploads\/2024\/05\/wholesale-rice-washer-strainer-bowl-14-270x270.webp 270w, https:\/\/moyahousehold.com\/wp-content\/uploads\/2024\/05\/wholesale-rice-washer-strainer-bowl-14-540x540.webp 540w, https:\/\/moyahousehold.com\/wp-content\/uploads\/2024\/05\/wholesale-rice-washer-strainer-bowl-14-660x660.webp 660w\" sizes=\"(max-width: 761px) 100vw, 761px\" \/><\/figure>\n<\/div>\n\n\n\n<div class=\"wp-block-column is-layout-flow wp-block-column-is-layout-flow\">\n<figure class=\"wp-block-image size-full\"><img decoding=\"async\" width=\"703\" height=\"703\" src=\"https:\/\/moyahousehold.com\/wp-content\/uploads\/2024\/04\/wholesale-rice-washer-strainer-bowl-1.jpg\" alt=\"Bol \u00e0 tamis pour laveurs de riz en gros \" class=\"wp-image-4748\" srcset=\"https:\/\/moyahousehold.com\/wp-content\/uploads\/2024\/04\/wholesale-rice-washer-strainer-bowl-1.jpg 703w, https:\/\/moyahousehold.com\/wp-content\/uploads\/2024\/04\/wholesale-rice-washer-strainer-bowl-1-300x300.jpg 300w, https:\/\/moyahousehold.com\/wp-content\/uploads\/2024\/04\/wholesale-rice-washer-strainer-bowl-1-150x150.jpg 150w, https:\/\/moyahousehold.com\/wp-content\/uploads\/2024\/04\/wholesale-rice-washer-strainer-bowl-1-285x285.jpg 285w, https:\/\/moyahousehold.com\/wp-content\/uploads\/2024\/04\/wholesale-rice-washer-strainer-bowl-1-270x270.jpg 270w, https:\/\/moyahousehold.com\/wp-content\/uploads\/2024\/04\/wholesale-rice-washer-strainer-bowl-1-540x540.jpg 540w, https:\/\/moyahousehold.com\/wp-content\/uploads\/2024\/04\/wholesale-rice-washer-strainer-bowl-1-660x660.jpg 660w\" sizes=\"(max-width: 703px) 100vw, 703px\" \/><\/figure>\n<\/div>\n<\/div>","protected":false},"excerpt":{"rendered":"<p>Fabriqu\u00e9 en acier inoxydable de haute qualit\u00e9, avec une vari\u00e9t\u00e9 de couleurs et de sp\u00e9cifications \u00e0 choisir. C'est votre meilleur assistant pour laver le riz, laver les l\u00e9gumes et m\u00e9langer les salades. Il convient aux cuisines domestiques et commerciales.<\/p>\n<h3>Caract\u00e9ristiques et avantages du bol \u00e0 tamis de laveur de riz<\/h3>\n<p><strong>Mat\u00e9riau de qualit\u00e9 alimentaire :<\/strong> Ce bol \u00e0 riz est fabriqu\u00e9 en acier inoxydable 304 de haute qualit\u00e9 pour garantir la sant\u00e9 et la s\u00e9curit\u00e9 du nettoyage des aliments.<\/p>\n<p><strong>Marques d'\u00e9chelle claires<\/strong>: La paroi int\u00e9rieure de ce bol de nettoyage pour le riz est dot\u00e9e d'une \u00e9chelle gradu\u00e9e claire qui permet de saisir avec pr\u00e9cision la quantit\u00e9 d'ingr\u00e9dients, afin que chaque plat ait un go\u00fbt parfait.<\/p>\n<p><strong>Conception ouverte de grande capacit\u00e9 :<\/strong> Il peut \u00eatre utilis\u00e9 comme saladier. Sa grande capacit\u00e9 et son design ouvert offrent un espace suffisant pour remuer et m\u00e9langer facilement une vari\u00e9t\u00e9 d'ingr\u00e9dients, ce qui convient aux r\u00e9unions de famille et aux besoins de la cuisine de f\u00eate.<\/p>\n<p><strong>\u00c9quip\u00e9 d'un panier filtrant am\u00e9lior\u00e9 :<\/strong> Le panier-filtre est perfor\u00e9, ce qui rend l'\u00e9coulement plus rapide et plus efficace et facilite grandement les op\u00e9rations de cuisine.<\/p>\n<p><strong>Conception du p\u00e9dalier :<\/strong> Le support inf\u00e9rieur du bol \u00e0 riz sur\u00e9l\u00e8ve le bol \u00e0 laver pour \u00e9viter tout contact direct avec la table ou le comptoir, ce qui permet de conserver un fond hygi\u00e9nique et facile \u00e0 nettoyer.<\/p>\n<p><strong><a href=\"https:\/\/moyahousehold.com\/fr\/solution-personnalisee\/\" target=\"_blank\" rel=\"noopener\">Nous proposons des solutions personnalis\u00e9es OEM&amp;ODM.<\/a>\u00a0<\/strong><\/p>","protected":false},"featured_media":7905,"comment_status":"open","ping_status":"closed","template":"","meta":[],"product_cat":[55],"product_tag":[],"class_list":{"0":"post-3908","1":"product","2":"type-product","3":"status-publish","4":"has-post-thumbnail","6":"product_cat-salad-bowl-wholesale","8":"first","9":"instock","10":"shipping-taxable","11":"product-type-simple"},"_links":{"self":[{"href":"https:\/\/moyahousehold.com\/fr\/wp-json\/wp\/v2\/product\/3908","targetHints":{"allow":["GET"]}}],"collection":[{"href":"https:\/\/moyahousehold.com\/fr\/wp-json\/wp\/v2\/product"}],"about":[{"href":"https:\/\/moyahousehold.com\/fr\/wp-json\/wp\/v2\/types\/product"}],"replies":[{"embeddable":true,"href":"https:\/\/moyahousehold.com\/fr\/wp-json\/wp\/v2\/comments?post=3908"}],"version-history":[{"count":0,"href":"https:\/\/moyahousehold.com\/fr\/wp-json\/wp\/v2\/product\/3908\/revisions"}],"wp:featuredmedia":[{"embeddable":true,"href":"https:\/\/moyahousehold.com\/fr\/wp-json\/wp\/v2\/media\/7905"}],"wp:attachment":[{"href":"https:\/\/moyahousehold.com\/fr\/wp-json\/wp\/v2\/media?parent=3908"}],"wp:term":[{"taxonomy":"product_cat","embeddable":true,"href":"https:\/\/moyahousehold.com\/fr\/wp-json\/wp\/v2\/product_cat?post=3908"},{"taxonomy":"product_tag","embeddable":true,"href":"https:\/\/moyahousehold.com\/fr\/wp-json\/wp\/v2\/product_tag?post=3908"}],"curies":[{"name":"wp","href":"https:\/\/api.w.org\/{rel}","templated":true}]}}