{"id":4695,"date":"2024-05-14T14:29:08","date_gmt":"2024-05-14T14:29:08","guid":{"rendered":"https:\/\/moyahousehold.com\/?post_type=product&#038;p=4695"},"modified":"2026-04-13T09:03:34","modified_gmt":"2026-04-13T09:03:34","slug":"wholesale-thermos-jug-korean-style","status":"publish","type":"product","link":"https:\/\/moyahousehold.com\/fr\/produit\/wholesale-thermos-jug-korean-style\/","title":{"rendered":"Wholesale 800ML Thermos Jug Korean Style with Comfortable Handle Easy to Hold"},"content":{"rendered":"<figure class=\"wp-block-image size-full\"><img fetchpriority=\"high\" decoding=\"async\" width=\"5961\" height=\"3355\" src=\"https:\/\/moyahousehold.com\/wp-content\/uploads\/2024\/05\/JS-\u97e9\u5f0f\u58f6\u5927\u5408\u7167.jpg\" alt=\"Portable Stainless Steel Vacuum Insulated Thermos Pot with Cylindrical Wooden Handle\" class=\"wp-image-12465\" srcset=\"https:\/\/moyahousehold.com\/wp-content\/uploads\/2024\/05\/JS-\u97e9\u5f0f\u58f6\u5927\u5408\u7167.jpg 5961w, https:\/\/moyahousehold.com\/wp-content\/uploads\/2024\/05\/JS-\u97e9\u5f0f\u58f6\u5927\u5408\u7167-300x169.jpg 300w, https:\/\/moyahousehold.com\/wp-content\/uploads\/2024\/05\/JS-\u97e9\u5f0f\u58f6\u5927\u5408\u7167-768x432.jpg 768w, https:\/\/moyahousehold.com\/wp-content\/uploads\/2024\/05\/JS-\u97e9\u5f0f\u58f6\u5927\u5408\u7167-18x10.jpg 18w, https:\/\/moyahousehold.com\/wp-content\/uploads\/2024\/05\/JS-\u97e9\u5f0f\u58f6\u5927\u5408\u7167-285x160.jpg 285w, https:\/\/moyahousehold.com\/wp-content\/uploads\/2024\/05\/JS-\u97e9\u5f0f\u58f6\u5927\u5408\u7167-1600x901.jpg 1600w, https:\/\/moyahousehold.com\/wp-content\/uploads\/2024\/05\/JS-\u97e9\u5f0f\u58f6\u5927\u5408\u7167-660x371.jpg 660w, https:\/\/moyahousehold.com\/wp-content\/uploads\/2024\/05\/JS-\u97e9\u5f0f\u58f6\u5927\u5408\u7167-150x84.jpg 150w\" sizes=\"(max-width: 5961px) 100vw, 5961px\" \/><\/figure>\n\n\n\n<h3 class=\"wp-block-heading\">Param\u00e8tres du thermos<\/h3>\n\n\n\n<figure class=\"wp-block-table\"><table class=\"has-fixed-layout\"><tbody><tr><td><strong>Objet<\/strong><\/td><td><strong>Mat\u00e9riau<\/strong><\/td><td><strong>Couleur<\/strong><\/td><td><strong>Dimension<\/strong><\/td><td><strong>G.W.\/PCS<\/strong><\/td><\/tr><tr><td>MY0838<\/td><td>Borosilicate +PP + Silica Gel + Acrylic\/Beech<\/td><td>White\/Black\/Natural<\/td><td>19.1*10.3*18cm<\/td><td>0.6<\/td><\/tr><\/tbody><\/table><\/figure>\n\n\n\n<div class=\"wp-block-columns is-layout-flex wp-container-core-columns-is-layout-9d6595d7 wp-block-columns-is-layout-flex\">\n<div class=\"wp-block-column is-layout-flow wp-block-column-is-layout-flow\">\n<h2 class=\"wp-block-heading\">Custom Thermos Jug Options<\/h2>\n\n\n\n<p><strong>Couvercles<\/strong>: Stainless steel pressure lid.<br><strong>Logo<\/strong>: Custom your brand logo on product and package.<br><strong>Logo Options<\/strong>: Printed logo, laser engraved logo, etc.<br><strong>Mod\u00e8le<\/strong>: Impression de motifs sur la carafe du thermos.<br><strong>Technologie d'impression<\/strong>: Water transfer printing, silk screen printing, heat transfer printing, sublimation transfer, etc.<br><strong>Paquet<\/strong>: Bo\u00eete \u00e0 couleurs<br><a href=\"https:\/\/moyahousehold.com\/fr\/solution-personnalisee\/\"><strong>Plus de personnalisation<\/strong><\/a><\/p>\n<\/div>\n<\/div>\n\n\n\n<div class=\"wp-block-columns is-layout-flex wp-container-core-columns-is-layout-9d6595d7 wp-block-columns-is-layout-flex\">\n<div class=\"wp-block-column is-layout-flow wp-block-column-is-layout-flow\">\n<figure class=\"wp-block-image size-full\"><img decoding=\"async\" width=\"800\" height=\"800\" src=\"https:\/\/moyahousehold.com\/wp-content\/uploads\/2024\/05\/JS-\u97e9\u5f0f\u58f6-18.jpg\" alt=\"Portable Stainless Steel Vacuum Insulated Thermos Pot with Cylindrical Wooden Handle\" class=\"wp-image-12468\" srcset=\"https:\/\/moyahousehold.com\/wp-content\/uploads\/2024\/05\/JS-\u97e9\u5f0f\u58f6-18.jpg 800w, https:\/\/moyahousehold.com\/wp-content\/uploads\/2024\/05\/JS-\u97e9\u5f0f\u58f6-18-300x300.jpg 300w, https:\/\/moyahousehold.com\/wp-content\/uploads\/2024\/05\/JS-\u97e9\u5f0f\u58f6-18-150x150.jpg 150w, https:\/\/moyahousehold.com\/wp-content\/uploads\/2024\/05\/JS-\u97e9\u5f0f\u58f6-18-768x768.jpg 768w, https:\/\/moyahousehold.com\/wp-content\/uploads\/2024\/05\/JS-\u97e9\u5f0f\u58f6-18-12x12.jpg 12w, https:\/\/moyahousehold.com\/wp-content\/uploads\/2024\/05\/JS-\u97e9\u5f0f\u58f6-18-285x285.jpg 285w, https:\/\/moyahousehold.com\/wp-content\/uploads\/2024\/05\/JS-\u97e9\u5f0f\u58f6-18-270x270.jpg 270w, https:\/\/moyahousehold.com\/wp-content\/uploads\/2024\/05\/JS-\u97e9\u5f0f\u58f6-18-540x540.jpg 540w, https:\/\/moyahousehold.com\/wp-content\/uploads\/2024\/05\/JS-\u97e9\u5f0f\u58f6-18-660x660.jpg 660w\" sizes=\"(max-width: 800px) 100vw, 800px\" \/><\/figure>\n<\/div>\n\n\n\n<div class=\"wp-block-column is-layout-flow wp-block-column-is-layout-flow\">\n<figure class=\"wp-block-image size-full\"><img decoding=\"async\" width=\"3776\" height=\"3776\" src=\"https:\/\/moyahousehold.com\/wp-content\/uploads\/2024\/05\/0.8L-black-thermos-jug-detail-2.jpg\" alt=\"Thermos noir 0,8L d\u00e9tail (2)\" class=\"wp-image-7461\" srcset=\"https:\/\/moyahousehold.com\/wp-content\/uploads\/2024\/05\/0.8L-black-thermos-jug-detail-2.jpg 3776w, https:\/\/moyahousehold.com\/wp-content\/uploads\/2024\/05\/0.8L-black-thermos-jug-detail-2-300x300.jpg 300w, https:\/\/moyahousehold.com\/wp-content\/uploads\/2024\/05\/0.8L-black-thermos-jug-detail-2-150x150.jpg 150w, https:\/\/moyahousehold.com\/wp-content\/uploads\/2024\/05\/0.8L-black-thermos-jug-detail-2-768x768.jpg 768w, https:\/\/moyahousehold.com\/wp-content\/uploads\/2024\/05\/0.8L-black-thermos-jug-detail-2-12x12.jpg 12w, https:\/\/moyahousehold.com\/wp-content\/uploads\/2024\/05\/0.8L-black-thermos-jug-detail-2-285x285.jpg 285w, https:\/\/moyahousehold.com\/wp-content\/uploads\/2024\/05\/0.8L-black-thermos-jug-detail-2-1600x1600.jpg 1600w, https:\/\/moyahousehold.com\/wp-content\/uploads\/2024\/05\/0.8L-black-thermos-jug-detail-2-270x270.jpg 270w, https:\/\/moyahousehold.com\/wp-content\/uploads\/2024\/05\/0.8L-black-thermos-jug-detail-2-540x540.jpg 540w, https:\/\/moyahousehold.com\/wp-content\/uploads\/2024\/05\/0.8L-black-thermos-jug-detail-2-660x660.jpg 660w\" sizes=\"(max-width: 3776px) 100vw, 3776px\" \/><\/figure>\n<\/div>\n<\/div>\n\n\n\n<div class=\"wp-block-columns is-layout-flex wp-container-core-columns-is-layout-9d6595d7 wp-block-columns-is-layout-flex\">\n<div class=\"wp-block-column is-layout-flow wp-block-column-is-layout-flow\">\n<figure class=\"wp-block-image size-full\"><img loading=\"lazy\" decoding=\"async\" width=\"800\" height=\"800\" src=\"https:\/\/moyahousehold.com\/wp-content\/uploads\/2024\/05\/7-1.jpg\" alt=\"Portable Stainless Steel Vacuum Insulated Thermos Pot with Cylindrical Wooden Handle\" class=\"wp-image-12463\" srcset=\"https:\/\/moyahousehold.com\/wp-content\/uploads\/2024\/05\/7-1.jpg 800w, https:\/\/moyahousehold.com\/wp-content\/uploads\/2024\/05\/7-1-300x300.jpg 300w, https:\/\/moyahousehold.com\/wp-content\/uploads\/2024\/05\/7-1-150x150.jpg 150w, https:\/\/moyahousehold.com\/wp-content\/uploads\/2024\/05\/7-1-768x768.jpg 768w, https:\/\/moyahousehold.com\/wp-content\/uploads\/2024\/05\/7-1-12x12.jpg 12w, https:\/\/moyahousehold.com\/wp-content\/uploads\/2024\/05\/7-1-285x285.jpg 285w, https:\/\/moyahousehold.com\/wp-content\/uploads\/2024\/05\/7-1-270x270.jpg 270w, https:\/\/moyahousehold.com\/wp-content\/uploads\/2024\/05\/7-1-540x540.jpg 540w, https:\/\/moyahousehold.com\/wp-content\/uploads\/2024\/05\/7-1-660x660.jpg 660w\" sizes=\"(max-width: 800px) 100vw, 800px\" \/><\/figure>\n<\/div>\n\n\n\n<div class=\"wp-block-column is-layout-flow wp-block-column-is-layout-flow\">\n<figure class=\"wp-block-image size-full\"><img loading=\"lazy\" decoding=\"async\" width=\"800\" height=\"800\" src=\"https:\/\/moyahousehold.com\/wp-content\/uploads\/2024\/05\/6-1.jpg\" alt=\"Portable Stainless Steel Vacuum Insulated Thermos Pot with Cylindrical Wooden Handle\" class=\"wp-image-12464\" srcset=\"https:\/\/moyahousehold.com\/wp-content\/uploads\/2024\/05\/6-1.jpg 800w, https:\/\/moyahousehold.com\/wp-content\/uploads\/2024\/05\/6-1-300x300.jpg 300w, https:\/\/moyahousehold.com\/wp-content\/uploads\/2024\/05\/6-1-150x150.jpg 150w, https:\/\/moyahousehold.com\/wp-content\/uploads\/2024\/05\/6-1-768x768.jpg 768w, https:\/\/moyahousehold.com\/wp-content\/uploads\/2024\/05\/6-1-12x12.jpg 12w, https:\/\/moyahousehold.com\/wp-content\/uploads\/2024\/05\/6-1-285x285.jpg 285w, https:\/\/moyahousehold.com\/wp-content\/uploads\/2024\/05\/6-1-270x270.jpg 270w, https:\/\/moyahousehold.com\/wp-content\/uploads\/2024\/05\/6-1-540x540.jpg 540w, https:\/\/moyahousehold.com\/wp-content\/uploads\/2024\/05\/6-1-660x660.jpg 660w\" sizes=\"(max-width: 800px) 100vw, 800px\" \/><\/figure>\n<\/div>\n<\/div>\n\n\n\n<p><\/p>","protected":false},"excerpt":{"rendered":"<p>Cet \u00e9l\u00e9gant thermos de couleur pr\u00e9sente non seulement un design minimaliste et moderne de style cor\u00e9en, mais il attirera aussi l'attention partout o\u00f9 vous irez. La poign\u00e9e en bois confortable offre aux utilisateurs une meilleure exp\u00e9rience, une sensation de chaleur et de naturel, et est facile \u00e0 utiliser. Le thermos est \u00e9quip\u00e9 d'un rev\u00eatement isolant efficace qui garantit une excellente isolation et permet de conserver la temp\u00e9rature de la boisson pendant longtemps. Que ce soit au bureau, \u00e0 la maison ou \u00e0 l'ext\u00e9rieur, ce thermos est un choix id\u00e9al qui allie beaut\u00e9 et praticit\u00e9, vous permettant de profiter de la chaleur et de la d\u00e9licatesse des boissons chaudes \u00e0 tout moment et en tout lieu.<\/p>\n<h3>Features and Benefits of Thermos Jug<\/h3>\n<div><strong>Conservation \u00e0 long terme de la chaleur et du froid<\/strong>: Gr\u00e2ce au rev\u00eatement en verre le plus performant et \u00e0 la technologie d'isolation sous vide \u00e0 double couche, la dur\u00e9e de conservation de la chaleur peut atteindre 24 heures, ce qui garantit toujours l'approvisionnement en eau chaude.<\/div>\n<div><strong>Deux sp\u00e9cifications<\/strong>: Nous fournissons des thermos de 0,8L et 1,2L pour r\u00e9pondre \u00e0 vos besoins en termes de capacit\u00e9. <\/div>\n<div><strong>Wooden Handle:<\/strong> La poign\u00e9e du thermos est en bois de haute qualit\u00e9, ce qui permet une bonne prise en main et \u00e9vite les br\u00fblures lors de l'utilisation. <\/div>\n<div><strong>Minimalist Design<\/strong>: La forme g\u00e9n\u00e9rale adopte un design minimaliste, qui convient parfaitement au bureau, \u00e0 la maison ou au restaurant, ajoutant de la beaut\u00e9 \u00e0 l'environnement. <\/div>\n<div><strong>Anti-slip Design<\/strong>: Le fond est antid\u00e9rapant et le thermos peut \u00eatre pos\u00e9 de mani\u00e8re stable sur la table, ce qui permet une utilisation s\u00fbre et fiable. <\/div>\n<div><strong>Exemple de disposition<\/strong>: Nous fournissons des \u00e9chantillons pour vous permettre de mieux comprendre nos produits et de prendre des d\u00e9cisions raisonnables. <\/div>\n<div><strong>Customization Plan<\/strong>: Nous pouvons personnaliser le logo et l'emballage du produit pour vous aider \u00e0 am\u00e9liorer votre image de marque. <\/div>\n<p>&nbsp;<\/p>","protected":false},"featured_media":7458,"comment_status":"open","ping_status":"closed","template":"","meta":[],"product_cat":[54],"product_tag":[83,73,85],"class_list":{"0":"post-4695","1":"product","2":"type-product","3":"status-publish","4":"has-post-thumbnail","6":"product_cat-thermal-carafe-wholesale","7":"product_tag-wholesale-800ml-thermos-carafe","8":"product_tag-wholesale-1200ml-thermos-carafe","9":"product_tag-wholesale-stainless-steel-liner-thermos-carafe","11":"first","12":"instock","13":"shipping-taxable","14":"product-type-simple"},"_links":{"self":[{"href":"https:\/\/moyahousehold.com\/fr\/wp-json\/wp\/v2\/product\/4695","targetHints":{"allow":["GET"]}}],"collection":[{"href":"https:\/\/moyahousehold.com\/fr\/wp-json\/wp\/v2\/product"}],"about":[{"href":"https:\/\/moyahousehold.com\/fr\/wp-json\/wp\/v2\/types\/product"}],"replies":[{"embeddable":true,"href":"https:\/\/moyahousehold.com\/fr\/wp-json\/wp\/v2\/comments?post=4695"}],"version-history":[{"count":2,"href":"https:\/\/moyahousehold.com\/fr\/wp-json\/wp\/v2\/product\/4695\/revisions"}],"predecessor-version":[{"id":13013,"href":"https:\/\/moyahousehold.com\/fr\/wp-json\/wp\/v2\/product\/4695\/revisions\/13013"}],"wp:featuredmedia":[{"embeddable":true,"href":"https:\/\/moyahousehold.com\/fr\/wp-json\/wp\/v2\/media\/7458"}],"wp:attachment":[{"href":"https:\/\/moyahousehold.com\/fr\/wp-json\/wp\/v2\/media?parent=4695"}],"wp:term":[{"taxonomy":"product_cat","embeddable":true,"href":"https:\/\/moyahousehold.com\/fr\/wp-json\/wp\/v2\/product_cat?post=4695"},{"taxonomy":"product_tag","embeddable":true,"href":"https:\/\/moyahousehold.com\/fr\/wp-json\/wp\/v2\/product_tag?post=4695"}],"curies":[{"name":"wp","href":"https:\/\/api.w.org\/{rel}","templated":true}]}}