{"id":4696,"date":"2024-05-14T14:29:10","date_gmt":"2024-05-14T14:29:10","guid":{"rendered":"https:\/\/moyahousehold.com\/?post_type=product&#038;p=4696"},"modified":"2025-04-19T09:52:58","modified_gmt":"2025-04-19T09:52:58","slug":"wholesale-japanese-style-thermos-carafe","status":"publish","type":"product","link":"https:\/\/moyahousehold.com\/fr\/produit\/wholesale-japanese-style-thermos-carafe\/","title":{"rendered":"Wholesale 1.2L Japanese Style Thermos Carafe, Bulk Thermal Coffee Carafe for Sale"},"content":{"rendered":"<div class=\"wp-block-columns is-layout-flex wp-container-core-columns-is-layout-9d6595d7 wp-block-columns-is-layout-flex\">\n<div class=\"wp-block-column is-layout-flow wp-block-column-is-layout-flow\">\n<h3 class=\"wp-block-heading\">Param\u00e8tres de la carafe Thermos avec poign\u00e9e en bois <\/h3>\n\n\n\n<p><strong>Num\u00e9ro de mod\u00e8le :<\/strong> MY0880<br><strong>Mat\u00e9riau :<\/strong> borosilicate +PP + gel de silice + plage<br><strong>Poids brut :<\/strong> 1kg<br><strong>Dimension :<\/strong> 204x130x212mm<br><strong>Couleur : <\/strong>beige\/khaki\/blanc\/noir\/gris clair<br><strong>Sans BPA<\/strong><\/p>\n<\/div>\n\n\n\n<div class=\"wp-block-column is-layout-flow wp-block-column-is-layout-flow\">\n<h3 class=\"wp-block-heading\">Options de carafe thermos personnalis\u00e9e<\/h3>\n\n\n\n<p><strong>Couvercles :<\/strong> couvercle \u00e0 pression en acier inoxydable.<br><strong>Logo : <\/strong>personnaliser le logo de votre marque sur le produit et l'emballage.<br><strong>Options de logo :<\/strong> logo imprim\u00e9, logo grav\u00e9 au laser, etc.<br><strong>Mod\u00e8le :<\/strong> motifs d'impression sur la carafe thermos.<br><strong>Technologie d'impression :<\/strong> impression par transfert d'eau, impression par s\u00e9rigraphie, impression par transfert thermique, transfert par sublimation, etc.<br><strong>Emballage :<\/strong> bo\u00eete \u00e0 couleurs<br><a href=\"https:\/\/moyahousehold.com\/fr\/solution-personnalisee\/\" target=\"_blank\" rel=\"noreferrer noopener\"><strong>En savoir plus sur les solutions de carafes thermos personnalis\u00e9es<\/strong><\/a><\/p>\n\n\n\n<p><br><\/p>\n<\/div>\n<\/div>\n\n\n\n<div class=\"wp-block-columns is-layout-flex wp-container-core-columns-is-layout-9d6595d7 wp-block-columns-is-layout-flex\">\n<div class=\"wp-block-column is-layout-flow wp-block-column-is-layout-flow\">\n<figure class=\"wp-block-image size-full\"><img fetchpriority=\"high\" decoding=\"async\" width=\"523\" height=\"523\" src=\"https:\/\/moyahousehold.com\/wp-content\/uploads\/2024\/05\/Exquisite-Thermos-Carafe-Display-3.webp\" alt=\"Pr\u00e9sentoir de carafe thermos exquise (3)\" class=\"wp-image-9934\" srcset=\"https:\/\/moyahousehold.com\/wp-content\/uploads\/2024\/05\/Exquisite-Thermos-Carafe-Display-3.webp 523w, https:\/\/moyahousehold.com\/wp-content\/uploads\/2024\/05\/Exquisite-Thermos-Carafe-Display-3-300x300.webp 300w, https:\/\/moyahousehold.com\/wp-content\/uploads\/2024\/05\/Exquisite-Thermos-Carafe-Display-3-150x150.webp 150w, https:\/\/moyahousehold.com\/wp-content\/uploads\/2024\/05\/Exquisite-Thermos-Carafe-Display-3-12x12.webp 12w, https:\/\/moyahousehold.com\/wp-content\/uploads\/2024\/05\/Exquisite-Thermos-Carafe-Display-3-285x285.webp 285w, https:\/\/moyahousehold.com\/wp-content\/uploads\/2024\/05\/Exquisite-Thermos-Carafe-Display-3-270x270.webp 270w\" sizes=\"(max-width: 523px) 100vw, 523px\" \/><\/figure>\n<\/div>\n\n\n\n<div class=\"wp-block-column is-layout-flow wp-block-column-is-layout-flow\">\n<figure class=\"wp-block-image size-full\"><img decoding=\"async\" width=\"488\" height=\"488\" src=\"https:\/\/moyahousehold.com\/wp-content\/uploads\/2024\/05\/Exquisite-Thermos-Carafe-Display-4.webp\" alt=\"Pr\u00e9sentoir de carafe thermos exquise (4)\" class=\"wp-image-9935\" srcset=\"https:\/\/moyahousehold.com\/wp-content\/uploads\/2024\/05\/Exquisite-Thermos-Carafe-Display-4.webp 488w, https:\/\/moyahousehold.com\/wp-content\/uploads\/2024\/05\/Exquisite-Thermos-Carafe-Display-4-300x300.webp 300w, https:\/\/moyahousehold.com\/wp-content\/uploads\/2024\/05\/Exquisite-Thermos-Carafe-Display-4-150x150.webp 150w, https:\/\/moyahousehold.com\/wp-content\/uploads\/2024\/05\/Exquisite-Thermos-Carafe-Display-4-12x12.webp 12w, https:\/\/moyahousehold.com\/wp-content\/uploads\/2024\/05\/Exquisite-Thermos-Carafe-Display-4-285x285.webp 285w, https:\/\/moyahousehold.com\/wp-content\/uploads\/2024\/05\/Exquisite-Thermos-Carafe-Display-4-270x270.webp 270w\" sizes=\"(max-width: 488px) 100vw, 488px\" \/><\/figure>\n<\/div>\n<\/div>","protected":false},"excerpt":{"rendered":"<p>Thermos Carafe en gros de style japonais, avec une apparence simple et belle, associ\u00e9e \u00e0 une \u00e9l\u00e9gante poign\u00e9e en bois isol\u00e9e, convenant \u00e0 tous les types de styles d'int\u00e9rieur. Les mat\u00e9riaux de rev\u00eatement de haute qualit\u00e9 permettent de conserver les aliments chauds et froids pendant longtemps. Convient aux restaurants, aux h\u00f4tels et \u00e0 l'usage domestique. Nous acceptons les demandes OEM et ODM. N'h\u00e9sitez pas \u00e0 nous contacter pour obtenir un devis.<\/p>\n<h3>Caract\u00e9ristiques et avantages des thermos \u00e0 caf\u00e9 personnalis\u00e9s<\/h3>\n<div>\n<p><strong>Conception unique :<\/strong> Cette carafe thermos allie un style minimaliste moderne \u00e0 des \u00e9l\u00e9ments naturels, et la poign\u00e9e en bois ajoute une touche de chaleur, ce qui est \u00e0 la fois pratique et beau.<\/p>\n<p><strong>Conception pratique de la sortie d'eau :<\/strong> La carafe thermos est dot\u00e9e d'un interrupteur \u00e0 touche unique, qui permet de verser l'eau rapidement et de mani\u00e8re pratique, d'\u00e9viter les d\u00e9bordements et de rendre l'exp\u00e9rience d'utilisation plus confortable.<\/p>\n<p><strong>Poign\u00e9e humanis\u00e9e :<\/strong> Le manche en bois n'est pas seulement beau, il offre \u00e9galement une bonne prise en main, ce qui est plus confortable lors de l'utilisation et \u00e9vite de glisser.<\/p>\n<p><strong>Polyvalent :<\/strong> Cette carafe thermos convient pour contenir une vari\u00e9t\u00e9 de boissons telles que l'eau, le th\u00e9, le jus de fruit, etc. Le fond peut \u00eatre enlev\u00e9 pour retirer le r\u00e9servoir int\u00e9rieur et faciliter le nettoyage.<\/p>\n<p><strong>Conception amovible :<\/strong> Le couvercle peut \u00eatre d\u00e9mont\u00e9 en trois parties pour le nettoyage et ne cache pas la salet\u00e9.<\/p>\n<\/div>\n<p><a href=\"https:\/\/moyahousehold.com\/fr\/wholesale-japanese-style-thermos-coffee-carafe-series\/\" target=\"_blank\" rel=\"noopener\"><strong>En savoir plus sur la carafe \u00e0 caf\u00e9 thermique de style japonais.<\/strong><\/a><\/p>","protected":false},"featured_media":9943,"comment_status":"closed","ping_status":"closed","template":"","meta":[],"product_cat":[54],"product_tag":[73,85],"class_list":{"0":"post-4696","1":"product","2":"type-product","3":"status-publish","4":"has-post-thumbnail","6":"product_cat-thermal-carafe-wholesale","7":"product_tag-wholesale-1200ml-thermos-carafe","8":"product_tag-wholesale-stainless-steel-liner-thermos-carafe","10":"first","11":"instock","12":"shipping-taxable","13":"product-type-simple"},"_links":{"self":[{"href":"https:\/\/moyahousehold.com\/fr\/wp-json\/wp\/v2\/product\/4696","targetHints":{"allow":["GET"]}}],"collection":[{"href":"https:\/\/moyahousehold.com\/fr\/wp-json\/wp\/v2\/product"}],"about":[{"href":"https:\/\/moyahousehold.com\/fr\/wp-json\/wp\/v2\/types\/product"}],"replies":[{"embeddable":true,"href":"https:\/\/moyahousehold.com\/fr\/wp-json\/wp\/v2\/comments?post=4696"}],"version-history":[{"count":0,"href":"https:\/\/moyahousehold.com\/fr\/wp-json\/wp\/v2\/product\/4696\/revisions"}],"wp:featuredmedia":[{"embeddable":true,"href":"https:\/\/moyahousehold.com\/fr\/wp-json\/wp\/v2\/media\/9943"}],"wp:attachment":[{"href":"https:\/\/moyahousehold.com\/fr\/wp-json\/wp\/v2\/media?parent=4696"}],"wp:term":[{"taxonomy":"product_cat","embeddable":true,"href":"https:\/\/moyahousehold.com\/fr\/wp-json\/wp\/v2\/product_cat?post=4696"},{"taxonomy":"product_tag","embeddable":true,"href":"https:\/\/moyahousehold.com\/fr\/wp-json\/wp\/v2\/product_tag?post=4696"}],"curies":[{"name":"wp","href":"https:\/\/api.w.org\/{rel}","templated":true}]}}