{"id":4720,"date":"2024-05-14T15:52:22","date_gmt":"2024-05-14T15:52:22","guid":{"rendered":"https:\/\/moyahousehold.com\/?post_type=product&#038;p=4720"},"modified":"2026-04-13T10:07:05","modified_gmt":"2026-04-13T10:07:05","slug":"wholesale-minimalist-style-insulated-kettle","status":"publish","type":"product","link":"https:\/\/moyahousehold.com\/fr\/produit\/wholesale-minimalist-style-insulated-kettle\/","title":{"rendered":"Wholesale Korean Style Insulated Kettle 1.2L, Bulk Stylish Thermal Carafe, Support OEM &amp; ODM"},"content":{"rendered":"<figure class=\"wp-block-image size-full\"><img fetchpriority=\"high\" decoding=\"async\" width=\"5961\" height=\"3355\" src=\"https:\/\/moyahousehold.com\/wp-content\/uploads\/2024\/05\/JS-\u97e9\u5f0f\u58f6\u5927\u5408\u7167-1.jpg\" alt=\"MOYA Korean Thermal Carafe with Wooden Handle \u2013 Double Wall Stainless Steel, Ideal for Hot Beverages\" class=\"wp-image-13014\" srcset=\"https:\/\/moyahousehold.com\/wp-content\/uploads\/2024\/05\/JS-\u97e9\u5f0f\u58f6\u5927\u5408\u7167-1.jpg 5961w, https:\/\/moyahousehold.com\/wp-content\/uploads\/2024\/05\/JS-\u97e9\u5f0f\u58f6\u5927\u5408\u7167-1-300x169.jpg 300w, https:\/\/moyahousehold.com\/wp-content\/uploads\/2024\/05\/JS-\u97e9\u5f0f\u58f6\u5927\u5408\u7167-1-768x432.jpg 768w, https:\/\/moyahousehold.com\/wp-content\/uploads\/2024\/05\/JS-\u97e9\u5f0f\u58f6\u5927\u5408\u7167-1-18x10.jpg 18w, https:\/\/moyahousehold.com\/wp-content\/uploads\/2024\/05\/JS-\u97e9\u5f0f\u58f6\u5927\u5408\u7167-1-285x160.jpg 285w, https:\/\/moyahousehold.com\/wp-content\/uploads\/2024\/05\/JS-\u97e9\u5f0f\u58f6\u5927\u5408\u7167-1-1600x901.jpg 1600w, https:\/\/moyahousehold.com\/wp-content\/uploads\/2024\/05\/JS-\u97e9\u5f0f\u58f6\u5927\u5408\u7167-1-660x371.jpg 660w, https:\/\/moyahousehold.com\/wp-content\/uploads\/2024\/05\/JS-\u97e9\u5f0f\u58f6\u5927\u5408\u7167-1-150x84.jpg 150w\" sizes=\"(max-width: 5961px) 100vw, 5961px\" \/><\/figure>\n\n\n\n<h3 class=\"wp-block-heading\">Param\u00e8tres de la bouilloire isol\u00e9e en gros<\/h3>\n\n\n\n<figure class=\"wp-block-table\"><table class=\"has-fixed-layout\"><tbody><tr><td><strong>Objet<\/strong><\/td><td><strong>Mat\u00e9riau<\/strong><\/td><td><strong>Couleur<\/strong><\/td><td><strong>Capacit\u00e9<\/strong><\/td><td><strong>Dimension<\/strong><\/td><td><strong>G.W.\/PCS<\/strong><\/td><\/tr><tr><td>MY0897<\/td><td>Borosilicate +PP + Silica Gel + Beech<\/td><td>Black\/Dark Gery\/Pink\/White\/Mint Green\/Chinese Red<\/td><td>1.2L<\/td><td>19.1*10.3*24cm<\/td><td>0.8<\/td><\/tr><\/tbody><\/table><\/figure>\n\n\n\n<div class=\"wp-block-columns is-layout-flex wp-container-core-columns-is-layout-9d6595d7 wp-block-columns-is-layout-flex\">\n<div class=\"wp-block-column is-layout-flow wp-block-column-is-layout-flow\">\n<h3 class=\"wp-block-heading\">Options de bouilloires isol\u00e9es personnalis\u00e9es<\/h3>\n\n\n\n<p><strong>Couvercles :<\/strong> Stainless steel pressure lid.<br><strong>Logo :<\/strong> Personnalisez le logo de votre marque sur le produit et l'emballage.<br><strong>Logo Options:<\/strong> Printed logo, laser engraved logo, etc.<br><strong>Mod\u00e8le :<\/strong> Printing patterns on thermos carafe.<br><strong>Printing Technology:<\/strong> Water transfer printing, silk screen printing, heat transfer printing, sublimation transfer, etc.<br><strong>Emballage : <\/strong>Color box<br><a href=\"https:\/\/moyahousehold.com\/fr\/solution-personnalisee\/\"><strong>En savoir plus sur le service de bouilloires isol\u00e9es sur mesure<\/strong><\/a><\/p>\n<\/div>\n<\/div>\n\n\n\n<div class=\"wp-block-columns is-layout-flex wp-container-core-columns-is-layout-9d6595d7 wp-block-columns-is-layout-flex\">\n<div class=\"wp-block-column is-layout-flow wp-block-column-is-layout-flow\">\n<figure class=\"wp-block-image size-full\"><img decoding=\"async\" width=\"4022\" height=\"4022\" src=\"https:\/\/moyahousehold.com\/wp-content\/uploads\/2024\/05\/wholesale-insulated-kettle-2.webp\" alt=\"bouilloire isol\u00e9e en gros (2)\" class=\"wp-image-10018\" srcset=\"https:\/\/moyahousehold.com\/wp-content\/uploads\/2024\/05\/wholesale-insulated-kettle-2.webp 4022w, https:\/\/moyahousehold.com\/wp-content\/uploads\/2024\/05\/wholesale-insulated-kettle-2-300x300.webp 300w, https:\/\/moyahousehold.com\/wp-content\/uploads\/2024\/05\/wholesale-insulated-kettle-2-150x150.webp 150w, https:\/\/moyahousehold.com\/wp-content\/uploads\/2024\/05\/wholesale-insulated-kettle-2-768x768.webp 768w, https:\/\/moyahousehold.com\/wp-content\/uploads\/2024\/05\/wholesale-insulated-kettle-2-12x12.webp 12w, https:\/\/moyahousehold.com\/wp-content\/uploads\/2024\/05\/wholesale-insulated-kettle-2-285x285.webp 285w, https:\/\/moyahousehold.com\/wp-content\/uploads\/2024\/05\/wholesale-insulated-kettle-2-1600x1600.webp 1600w, https:\/\/moyahousehold.com\/wp-content\/uploads\/2024\/05\/wholesale-insulated-kettle-2-270x270.webp 270w, https:\/\/moyahousehold.com\/wp-content\/uploads\/2024\/05\/wholesale-insulated-kettle-2-540x540.webp 540w, https:\/\/moyahousehold.com\/wp-content\/uploads\/2024\/05\/wholesale-insulated-kettle-2-660x660.webp 660w\" sizes=\"(max-width: 4022px) 100vw, 4022px\" \/><\/figure>\n<\/div>\n\n\n\n<div class=\"wp-block-column is-layout-flow wp-block-column-is-layout-flow\">\n<figure class=\"wp-block-image size-full\"><img decoding=\"async\" width=\"4074\" height=\"4074\" src=\"https:\/\/moyahousehold.com\/wp-content\/uploads\/2024\/05\/JS-\u97e9\u5f0f\u58f6-15.jpg\" alt=\"MOYA Korean Thermal Carafe with Wooden Handle \u2013 Double Wall Stainless Steel, Ideal for Hot Beverages\" class=\"wp-image-13015\" srcset=\"https:\/\/moyahousehold.com\/wp-content\/uploads\/2024\/05\/JS-\u97e9\u5f0f\u58f6-15.jpg 4074w, https:\/\/moyahousehold.com\/wp-content\/uploads\/2024\/05\/JS-\u97e9\u5f0f\u58f6-15-300x300.jpg 300w, https:\/\/moyahousehold.com\/wp-content\/uploads\/2024\/05\/JS-\u97e9\u5f0f\u58f6-15-150x150.jpg 150w, https:\/\/moyahousehold.com\/wp-content\/uploads\/2024\/05\/JS-\u97e9\u5f0f\u58f6-15-768x768.jpg 768w, https:\/\/moyahousehold.com\/wp-content\/uploads\/2024\/05\/JS-\u97e9\u5f0f\u58f6-15-12x12.jpg 12w, https:\/\/moyahousehold.com\/wp-content\/uploads\/2024\/05\/JS-\u97e9\u5f0f\u58f6-15-285x285.jpg 285w, https:\/\/moyahousehold.com\/wp-content\/uploads\/2024\/05\/JS-\u97e9\u5f0f\u58f6-15-1600x1600.jpg 1600w, https:\/\/moyahousehold.com\/wp-content\/uploads\/2024\/05\/JS-\u97e9\u5f0f\u58f6-15-270x270.jpg 270w, https:\/\/moyahousehold.com\/wp-content\/uploads\/2024\/05\/JS-\u97e9\u5f0f\u58f6-15-540x540.jpg 540w, https:\/\/moyahousehold.com\/wp-content\/uploads\/2024\/05\/JS-\u97e9\u5f0f\u58f6-15-660x660.jpg 660w\" sizes=\"(max-width: 4074px) 100vw, 4074px\" \/><\/figure>\n<\/div>\n<\/div>\n\n\n\n<div class=\"wp-block-columns is-layout-flex wp-container-core-columns-is-layout-9d6595d7 wp-block-columns-is-layout-flex\">\n<div class=\"wp-block-column is-layout-flow wp-block-column-is-layout-flow\">\n<figure class=\"wp-block-image size-full\"><img loading=\"lazy\" decoding=\"async\" width=\"2240\" height=\"2240\" src=\"https:\/\/moyahousehold.com\/wp-content\/uploads\/2024\/05\/\u97e9\u5f0f\u4fdd\u6e29\u58f6-6-2.jpg\" alt=\"MOYA Korean Thermal Carafe with Wooden Handle \u2013 Double Wall Stainless Steel, Ideal for Hot Beverages\" class=\"wp-image-13016\" srcset=\"https:\/\/moyahousehold.com\/wp-content\/uploads\/2024\/05\/\u97e9\u5f0f\u4fdd\u6e29\u58f6-6-2.jpg 2240w, https:\/\/moyahousehold.com\/wp-content\/uploads\/2024\/05\/\u97e9\u5f0f\u4fdd\u6e29\u58f6-6-2-300x300.jpg 300w, https:\/\/moyahousehold.com\/wp-content\/uploads\/2024\/05\/\u97e9\u5f0f\u4fdd\u6e29\u58f6-6-2-150x150.jpg 150w, https:\/\/moyahousehold.com\/wp-content\/uploads\/2024\/05\/\u97e9\u5f0f\u4fdd\u6e29\u58f6-6-2-768x768.jpg 768w, https:\/\/moyahousehold.com\/wp-content\/uploads\/2024\/05\/\u97e9\u5f0f\u4fdd\u6e29\u58f6-6-2-12x12.jpg 12w, https:\/\/moyahousehold.com\/wp-content\/uploads\/2024\/05\/\u97e9\u5f0f\u4fdd\u6e29\u58f6-6-2-285x285.jpg 285w, https:\/\/moyahousehold.com\/wp-content\/uploads\/2024\/05\/\u97e9\u5f0f\u4fdd\u6e29\u58f6-6-2-1600x1600.jpg 1600w, https:\/\/moyahousehold.com\/wp-content\/uploads\/2024\/05\/\u97e9\u5f0f\u4fdd\u6e29\u58f6-6-2-270x270.jpg 270w, https:\/\/moyahousehold.com\/wp-content\/uploads\/2024\/05\/\u97e9\u5f0f\u4fdd\u6e29\u58f6-6-2-540x540.jpg 540w, https:\/\/moyahousehold.com\/wp-content\/uploads\/2024\/05\/\u97e9\u5f0f\u4fdd\u6e29\u58f6-6-2-660x660.jpg 660w\" sizes=\"(max-width: 2240px) 100vw, 2240px\" \/><\/figure>\n<\/div>\n\n\n\n<div class=\"wp-block-column is-layout-flow wp-block-column-is-layout-flow\">\n<figure class=\"wp-block-image size-full\"><img loading=\"lazy\" decoding=\"async\" width=\"3716\" height=\"3716\" src=\"https:\/\/moyahousehold.com\/wp-content\/uploads\/2024\/05\/JS-\u97e9\u5f0f\u58f6-8.jpg\" alt=\"MOYA Korean Thermal Carafe with Wooden Handle \u2013 Double Wall Stainless Steel, Ideal for Hot Beverages\" class=\"wp-image-13017\" srcset=\"https:\/\/moyahousehold.com\/wp-content\/uploads\/2024\/05\/JS-\u97e9\u5f0f\u58f6-8.jpg 3716w, https:\/\/moyahousehold.com\/wp-content\/uploads\/2024\/05\/JS-\u97e9\u5f0f\u58f6-8-300x300.jpg 300w, https:\/\/moyahousehold.com\/wp-content\/uploads\/2024\/05\/JS-\u97e9\u5f0f\u58f6-8-150x150.jpg 150w, https:\/\/moyahousehold.com\/wp-content\/uploads\/2024\/05\/JS-\u97e9\u5f0f\u58f6-8-768x768.jpg 768w, https:\/\/moyahousehold.com\/wp-content\/uploads\/2024\/05\/JS-\u97e9\u5f0f\u58f6-8-12x12.jpg 12w, https:\/\/moyahousehold.com\/wp-content\/uploads\/2024\/05\/JS-\u97e9\u5f0f\u58f6-8-285x285.jpg 285w, https:\/\/moyahousehold.com\/wp-content\/uploads\/2024\/05\/JS-\u97e9\u5f0f\u58f6-8-1600x1600.jpg 1600w, https:\/\/moyahousehold.com\/wp-content\/uploads\/2024\/05\/JS-\u97e9\u5f0f\u58f6-8-270x270.jpg 270w, https:\/\/moyahousehold.com\/wp-content\/uploads\/2024\/05\/JS-\u97e9\u5f0f\u58f6-8-540x540.jpg 540w, https:\/\/moyahousehold.com\/wp-content\/uploads\/2024\/05\/JS-\u97e9\u5f0f\u58f6-8-660x660.jpg 660w\" sizes=\"(max-width: 3716px) 100vw, 3716px\" \/><\/figure>\n<\/div>\n<\/div>","protected":false},"excerpt":{"rendered":"<p>Bouilloire isotherme minimaliste en gros. Notre bouilloire isotherme est dot\u00e9e d'un int\u00e9rieur en acier inoxydable qui garde vos boissons chaudes au chaud pendant 24 heures. Elle est \u00e9galement dot\u00e9e d'une poign\u00e9e en bois pour une utilisation facile. C'est un choix id\u00e9al pour vos besoins en boissons chaudes \u00e0 la maison ou en d\u00e9placement. Contactez-nous pour un devis.<\/p>\n<h3>Caract\u00e9ristiques et avantages de la bouilloire isol\u00e9e de style minimaliste<\/h3>\n<div>\n<p><strong>Capacity Options:<\/strong> Cette bouilloire isol\u00e9e de style minimaliste est disponible dans les capacit\u00e9s 0,8L et 1,2L pour r\u00e9pondre \u00e0 diff\u00e9rents besoins.<\/p>\n<p><strong>Wooden Handle:<\/strong> Cette bouilloire isotherme est \u00e9quip\u00e9e d'une poign\u00e9e en bois, confortable \u00e0 tenir et facile \u00e0 utiliser d'une seule main.<\/p>\n<p><strong>Easy Water f<\/strong>Illing: This insulated kettle is equipped with a well-designed lid, which can be filled with water with a simple twist and is also very easy to clean.<\/p>\n<p><strong>Press Design:<\/strong> Le couvercle de cette bouilloire isotherme est dot\u00e9 d'un bouton unique, ce qui permet de verser l'eau en douceur et facilite l'utilisation. <\/p>\n<p><strong>Service de vente en gros :<\/strong> Nous fournissons des bouilloires isol\u00e9es en gros \u00e0 des prix d'usine et fournissons des \u00e9chantillons. <\/p>\n<p><strong>Customized Solutions:<\/strong> Nous proposons des solutions personnalis\u00e9es OEM et ODM pour cr\u00e9er votre propre marque de bouilloire isol\u00e9e. <\/p>\n<\/div>","protected":false},"featured_media":10020,"comment_status":"closed","ping_status":"closed","template":"","meta":[],"product_cat":[54],"product_tag":[83,73,85],"class_list":{"0":"post-4720","1":"product","2":"type-product","3":"status-publish","4":"has-post-thumbnail","6":"product_cat-thermal-carafe-wholesale","7":"product_tag-wholesale-800ml-thermos-carafe","8":"product_tag-wholesale-1200ml-thermos-carafe","9":"product_tag-wholesale-stainless-steel-liner-thermos-carafe","11":"first","12":"instock","13":"shipping-taxable","14":"product-type-simple"},"_links":{"self":[{"href":"https:\/\/moyahousehold.com\/fr\/wp-json\/wp\/v2\/product\/4720","targetHints":{"allow":["GET"]}}],"collection":[{"href":"https:\/\/moyahousehold.com\/fr\/wp-json\/wp\/v2\/product"}],"about":[{"href":"https:\/\/moyahousehold.com\/fr\/wp-json\/wp\/v2\/types\/product"}],"replies":[{"embeddable":true,"href":"https:\/\/moyahousehold.com\/fr\/wp-json\/wp\/v2\/comments?post=4720"}],"version-history":[{"count":2,"href":"https:\/\/moyahousehold.com\/fr\/wp-json\/wp\/v2\/product\/4720\/revisions"}],"predecessor-version":[{"id":13019,"href":"https:\/\/moyahousehold.com\/fr\/wp-json\/wp\/v2\/product\/4720\/revisions\/13019"}],"wp:featuredmedia":[{"embeddable":true,"href":"https:\/\/moyahousehold.com\/fr\/wp-json\/wp\/v2\/media\/10020"}],"wp:attachment":[{"href":"https:\/\/moyahousehold.com\/fr\/wp-json\/wp\/v2\/media?parent=4720"}],"wp:term":[{"taxonomy":"product_cat","embeddable":true,"href":"https:\/\/moyahousehold.com\/fr\/wp-json\/wp\/v2\/product_cat?post=4720"},{"taxonomy":"product_tag","embeddable":true,"href":"https:\/\/moyahousehold.com\/fr\/wp-json\/wp\/v2\/product_tag?post=4720"}],"curies":[{"name":"wp","href":"https:\/\/api.w.org\/{rel}","templated":true}]}}